{"id":8886,"date":"2023-04-27T14:39:29","date_gmt":"2023-04-27T14:39:29","guid":{"rendered":"https:\/\/moverdb.com\/?page_id=8886"},"modified":"2026-01-08T15:30:11","modified_gmt":"2026-01-08T15:30:11","slug":"moving-companies-nepal","status":"publish","type":"page","link":"https:\/\/moverdb.com\/pl\/moving-companies\/moving-companies-nepal\/","title":{"rendered":"Najlepsze firmy zajmuj\u0105ce si\u0119 przeprowadzkami mi\u0119dzynarodowymi w Nepalu"},"content":{"rendered":"<p>&nbsp;<\/p>\n<p>Je\u015bli planujesz przeprowadzk\u0119 w obr\u0119bie, do lub z Nepalu to mo\u017cesz skorzysta\u0107 z us\u0142ug <a href=\"https:\/\/moverdb.com\/pl\/moving-companies\/\" data-internallinksmanager029f6b8e52c=\"79\" title=\"25 najlepszych firm przeprowadzek mi\u0119dzynarodowych online\">przedsi\u0119biorstwo przeprowadzkowe<\/a> poniewa\u017c mog\u0105 one zmniejszy\u0107 obci\u0105\u017cenie prac\u0105 i stres zwi\u0105zany z przeprowadzk\u0105. Poni\u017cej przedstawiamy list\u0119 firm z siedzib\u0105 w Nepalu <a href=\"https:\/\/moverdb.com\/pl\/international-removals\/\" data-internallinksmanager029f6b8e52c=\"27\" title=\"36 najlepszych firm zajmuj\u0105cych si\u0119 przeprowadzkami mi\u0119dzynarodowymi w Wielkiej Brytanii\">przedsi\u0119biorstwa przeprowadzkowe<\/a> kt\u00f3re s\u0105 cz\u0142onkami <a href=\"https:\/\/moverdb.com\/pl\/iam\/\" data-internallinksmanager029f6b8e52c=\"23\" title=\"Mi\u0119dzynarodowe Stowarzyszenie Przewo\u017anik\u00f3w (IAM) - obja\u015bnienia\">Mi\u0119dzynarodowe Stowarzyszenie Przewo\u017anik\u00f3w<\/a> (IAM) i\/lub <a href=\"https:\/\/moverdb.com\/pl\/fidi-faim\/\" data-internallinksmanager029f6b8e52c=\"16\" title=\"FIDI i FAIM (FIDI Accredited International Mover) - obja\u015bnienia\">FIDI<\/a> Accredited International Mover (FAIM), kt\u00f3ry mo\u017ce pom\u00f3c w przeprowadzce.<\/p>\n<h2><strong>Atlas International Relocations<\/strong><\/h2>\n<p><img loading=\"lazy\" decoding=\"async\" class=\"alignnone size-full wp-image-8764\" src=\"https:\/\/moverdb.com\/wp-content\/uploads\/Atlas-International-Relocation-international-moving-company.png\" alt=\"Atlas International Relocation firma zajmuj\u0105ca si\u0119 przeprowadzkami mi\u0119dzynarodowymi\" width=\"1440\" height=\"679\" data-wp-pid=\"8764\" srcset=\"https:\/\/moverdb.com\/wp-content\/uploads\/Atlas-International-Relocation-international-moving-company.png 1440w, https:\/\/moverdb.com\/wp-content\/uploads\/Atlas-International-Relocation-international-moving-company-300x141.png 300w, https:\/\/moverdb.com\/wp-content\/uploads\/Atlas-International-Relocation-international-moving-company-1024x483.png 1024w, https:\/\/moverdb.com\/wp-content\/uploads\/Atlas-International-Relocation-international-moving-company-18x8.png 18w, https:\/\/moverdb.com\/wp-content\/uploads\/Atlas-International-Relocation-international-moving-company-600x283.png 600w\" sizes=\"auto, (max-width: 1440px) 100vw, 1440px\" \/><\/p>\n<ul>\n<li>Ruchy krajowe<\/li>\n<li>Przeniesienia mi\u0119dzynarodowe<\/li>\n<li>Przeprowadzki gospodarstw domowych<\/li>\n<li>Przeprowadzki biurowe<\/li>\n<li>Logistyka projektu<\/li>\n<li>Us\u0142ugi pakowania<\/li>\n<li>Organizacja transportu<\/li>\n<li>Maklerstwo celne<\/li>\n<li>Transport zwierz\u0105t domowych i pojazd\u00f3w<\/li>\n<li>Obiekty magazynowe<\/li>\n<\/ul>\n<p>Atlas International Relocations to firma przeprowadzkowa z siedzib\u0105 w Katmandu, kt\u00f3ra oferuje krajowe i mi\u0119dzynarodowe przeprowadzki dla gospodarstw domowych i biur. Jest cz\u0142onkiem IAM z 40-letnim sta\u017cem, co daje jej dost\u0119p do mi\u0119dzynarodowej sieci agent\u00f3w przeprowadzkowych, kt\u00f3rzy j\u0105 wspieraj\u0105.<\/p>\n<p>Atlas International Relocations oferuje bezp\u0142atn\u0105 wizyt\u0119 na miejscu, aby oceni\u0107 Twoje potrzeby i zapewnia konsultanta, kt\u00f3ry udzieli Ci wsparcia. Zapewniaj\u0105 profesjonaln\u0105 us\u0142ug\u0119 pakowania przy u\u017cyciu wysokiej jako\u015bci materia\u0142\u00f3w pakowych i zaawansowanych system\u00f3w pakowania, aby zapewni\u0107 bezpieczny transport. Organizuj\u0105 transport Twoich rzeczy w jednej ze swoich ci\u0119\u017car\u00f3wek lub w kontenerze oraz pomagaj\u0105 w rozpakowaniu i rozmieszczeniu rzeczy w miejscu przeznaczenia.<\/p>\n<p>Strona internetowa: <a href=\"http:\/\/www.atlaspackersnepal.com\" target=\"_blank\" rel=\"noopener\">http:\/\/www.atlaspackersnepal.com<\/a><\/p>","protected":false},"excerpt":{"rendered":"<p>&nbsp; If you are planning on moving within, to or from Nepal then you may benefit from the services of a moving company as they can reduce the workload and stress of your move. Below we have compiled a list of Nepal based removal companies that are members of the International Association of Movers (IAM) [&hellip;]<\/p>\n","protected":false},"author":4,"featured_media":0,"parent":190,"menu_order":0,"comment_status":"closed","ping_status":"closed","template":"","meta":{"_genesis_hide_title":false,"_genesis_hide_breadcrumbs":false,"_genesis_hide_singular_image":false,"_genesis_hide_footer_widgets":false,"_genesis_custom_body_class":"","_genesis_custom_post_class":"","_genesis_layout":"","footnotes":""},"class_list":{"0":"post-8886","1":"page","2":"type-page","3":"status-publish","5":"entry","6":"has-post-thumbnail"},"_links":{"self":[{"href":"https:\/\/moverdb.com\/pl\/wp-json\/wp\/v2\/pages\/8886","targetHints":{"allow":["GET"]}}],"collection":[{"href":"https:\/\/moverdb.com\/pl\/wp-json\/wp\/v2\/pages"}],"about":[{"href":"https:\/\/moverdb.com\/pl\/wp-json\/wp\/v2\/types\/page"}],"author":[{"embeddable":true,"href":"https:\/\/moverdb.com\/pl\/wp-json\/wp\/v2\/users\/4"}],"replies":[{"embeddable":true,"href":"https:\/\/moverdb.com\/pl\/wp-json\/wp\/v2\/comments?post=8886"}],"version-history":[{"count":1,"href":"https:\/\/moverdb.com\/pl\/wp-json\/wp\/v2\/pages\/8886\/revisions"}],"predecessor-version":[{"id":8887,"href":"https:\/\/moverdb.com\/pl\/wp-json\/wp\/v2\/pages\/8886\/revisions\/8887"}],"up":[{"embeddable":true,"href":"https:\/\/moverdb.com\/pl\/wp-json\/wp\/v2\/pages\/190"}],"wp:attachment":[{"href":"https:\/\/moverdb.com\/pl\/wp-json\/wp\/v2\/media?parent=8886"}],"curies":[{"name":"wp","href":"https:\/\/api.w.org\/{rel}","templated":true}]}}