{"id":888,"date":"2016-08-31T21:15:38","date_gmt":"2016-08-31T21:15:38","guid":{"rendered":"http:\/\/moverdb.com\/?page_id=888"},"modified":"2026-01-08T14:47:24","modified_gmt":"2026-01-08T14:47:24","slug":"abels-removals","status":"publish","type":"page","link":"https:\/\/moverdb.com\/pl\/abels-removals\/","title":{"rendered":"Abels Moving Services: Przeprowadzki mi\u0119dzynarodowe - opinie"},"content":{"rendered":"<p>Firma Abels Moving Services ma siedzib\u0119 w Brandon, Suffolk, ale posiada r\u00f3wnie\u017c oddzia\u0142y w <a href=\"https:\/\/moverdb.com\/pl\/moving-to-london\/\">Londyn<\/a>, <a href=\"\" data-internallinksmanager029f6b8e52c=\"37\" title=\"Cambridge\">Cambridge<\/a> i Lutterworth, ale obs\u0142uguje ca\u0142y <a href=\"https:\/\/moverdb.com\/pl\/moving-to-the-uk\/\" data-internallinksmanager029f6b8e52c=\"93\" title=\"Przeprowadzasz si\u0119 do Wielkiej Brytanii? 2026 Koszty \u017cycia i wskaz\u00f3wki dotycz\u0105ce przeprowadzki\">UK<\/a>. <\/p>\n<p>Firma oferuje swoim klientom wiele us\u0142ug w zakresie przeprowadzek celowych, kt\u00f3re wymieniono poni\u017cej. Znajduje si\u0119 tam r\u00f3wnie\u017c profil firmy oraz jej opinie.<\/p>\n<p><strong>Przeprowadzki mi\u0119dzynarodowe<\/strong><\/p>\n<ul>\n<li> Fracht lotniczy dla ma\u0142ych ilo\u015bci<\/li>\n<li> Fracht morski dla du\u017cych ilo\u015bci towar\u00f3w<\/li>\n<li> Mo\u017cliwo\u015b\u0107 kompleksowego zarz\u0105dzania przeprowadzk\u0105<\/li>\n<li> Usuwanie zwierz\u0105t domowych<\/li>\n<li> Usuwanie samochod\u00f3w<\/li>\n<li> Us\u0142uga \"od drzwi do drzwi\".<\/li>\n<li> Wysoko wykwalifikowani pakowacze<\/li>\n<li> Wysokiej jako\u015bci materia\u0142y opakowaniowe<\/li>\n<li> Pomoc celna<\/li>\n<li> Us\u0142uga dostawy i rozpakowania<\/li>\n<li> Informacje o przeniesieniu<\/li>\n<li> Ustalone ubezpieczenie<\/li>\n<li> Serwis pokoj\u00f3wek<\/li>\n<li> Serwis ogrodniczy<\/li>\n<\/ul>\n<p><strong>Us\u0142ugi relokacyjne<\/strong><\/p>\n<ul>\n<li> Przewodniki po krajach dost\u0119pne dla 60 kraj\u00f3w<\/li>\n<li> Wst\u0119pna ocena potrzeb<\/li>\n<li> Orientacja - zakupy, rozrywka, bankowo\u015b\u0107, obiekty rekreacyjne<\/li>\n<li> Przegl\u0105d edukacji<\/li>\n<li> Przegl\u0105d nieruchomo\u015bci<\/li>\n<li> Wynajem mebli<\/li>\n<li> Pod\u0142\u0105czenie medi\u00f3w<\/li>\n<li> Serwis pokoj\u00f3wek<\/li>\n<li> Serwis ogrodniczy<\/li>\n<\/ul>\n<p><strong>Europejskie ruchy<\/strong><\/p>\n<ul>\n<li> Us\u0142uga \"od drzwi do drzwi\".<\/li>\n<li> Wszystkie formalno\u015bci zosta\u0142y wype\u0142nione przez Abels<\/li>\n<li> Pakowanie i rozpakowywanie<\/li>\n<li> Specjalistyczne materia\u0142y do pakowania<\/li>\n<li> Przechowywanie kr\u00f3tko- i d\u0142ugoterminowe<\/li>\n<li> Us\u0142ugi osobistego asystenta - wszystko i wsz\u0119dzie<\/li>\n<li> Przewodniki dotycz\u0105ce relokacji<\/li>\n<li> Serwis pokoj\u00f3wek<\/li>\n<li> Serwis ogrodniczy<\/li>\n<\/ul>\n<p><strong>Us\u0142ugi pakowania<\/strong><\/p>\n<ul>\n<li> Kruchych przedmiot\u00f3w, w tym kryszta\u0142u, <a href=\"https:\/\/moverdb.com\/pl\/moving-to-china\/\" data-internallinksmanager029f6b8e52c=\"357\" title=\"Przeprowadzka do Chin? Koszty \u017cycia i wskaz\u00f3wki dotycz\u0105ce relokacji w 2023 r.\">chiny<\/a>, szk\u0142o itp.<\/li>\n<li> Obrazy, zdj\u0119cia<\/li>\n<li> Odzie\u017c<\/li>\n<li> Meble antyczne, przedmioty o du\u017cej warto\u015bci<\/li>\n<li> Og\u00f3lna zawarto\u015b\u0107 szafek<\/li>\n<\/ul>\n<p><strong>Przechowywanie<\/strong><\/p>\n<ul>\n<li> D\u0142ugo- i kr\u00f3tkoterminowe<\/li>\n<li> Magazynowanie w Wielkiej Brytanii, Europie i za granic\u0105<\/li>\n<li> Budowa celowa<\/li>\n<li> Optymalne \u015brodowisko<\/li>\n<li> Rygorystyczne kontrole przeciwpo\u017carowe<\/li>\n<li> Zasi\u0119g telewizji przemys\u0142owej<\/li>\n<li> Sta\u0142a obecno\u015b\u0107 ochrony<\/li>\n<li> Pojemniki zaplombowane przy odbiorze<\/li>\n<li> Mi\u0119kkie meble przechowywane w idealnych warunkach temperaturowych<\/li>\n<li> Przechowywanie plik\u00f3w i archiw\u00f3w<\/li>\n<li> Przechowywanie uczni\u00f3w<\/li>\n<\/ul>\n<p><strong>Us\u0142ugi specjalistyczne<\/strong><\/p>\n<ul>\n<li> Przeprowadzki biznesowe i handlowe<\/li>\n<li> Us\u0142ugi zwi\u0105zane z dokumentami<\/li>\n<li> Us\u0142ugi w zakresie wyposa\u017cenia i sprz\u0119tu meblowego<\/li>\n<li> Sprzeda\u017c detaliczna i dostawy do domu<\/li>\n<li> Us\u0142ugi instalowania mebli<\/li>\n<li> Rozwi\u0105zania instalacyjne dla projektant\u00f3w wn\u0119trz i deweloper\u00f3w<\/li>\n<\/ul>\n<h2>Profil firmy Abels Moving Services<\/h2>\n<p>Firma Abels Moving Services rozpocz\u0119\u0142a swoj\u0105 dzia\u0142alno\u015b\u0107 jako przedsi\u0119biorstwo rodzinne w 1958 r., dostarczaj\u0105c towary do sklep\u00f3w. Od tego czasu firma rozros\u0142a si\u0119 i obecnie posiada 1 500 centr\u00f3w serwisowych w 56 krajach na ca\u0142ym \u015bwiecie. <\/p>\n<p>W 1989 r. firma otrzyma\u0142a od Jej Kr\u00f3lewskiej Mo\u015bci Kr\u00f3lewsk\u0105 Gwarancj\u0119 w uznaniu za zas\u0142ugi dla korony, w tym za przewiezienie wszystkich prezent\u00f3w \u015blubnych ksi\u0119cia Karola i ksi\u0119\u017cnej Diany w 1981 r. <\/p>\n<p>Firma Abels Moving Services szczyci si\u0119 specjalnie skonstruowanymi, przyjaznymi dla \u015brodowiska samochodami ci\u0119\u017carowymi. Wierz\u0105, \u017ce warto anga\u017cowa\u0107 si\u0119 w \u017cycie spo\u0142eczne i wspieraj\u0105 r\u00f3\u017cne organizacje charytatywne na ca\u0142ym \u015bwiecie. <\/p>\n<p>Mocno wierz\u0105 w podej\u015bcie \"bezproblemowe\" do klient\u00f3w i wierz\u0105, \u017ce u\u015bmiech przechodzi d\u0142ug\u0105 drog\u0119.<\/p>\n<p>Firma Abels Moving Services posiada nast\u0119puj\u0105ce przynale\u017cno\u015bci i akredytacje:<\/p>\n<ul>\n<li> Warrant kr\u00f3lewski dla Jej Kr\u00f3lewskiej Mo\u015bci<\/li>\n<li> <a href=\"https:\/\/moverdb.com\/pl\/fidi-faim\/\">FIDI<\/a><\/li>\n<li> <a href=\"https:\/\/moverdb.com\/pl\/fidi-faim\/\" data-internallinksmanager029f6b8e52c=\"16\" title=\"FIDI i FAIM (FIDI Accredited International Mover) - obja\u015bnienia\">FAIM<\/a><\/li>\n<li> Investors in People<\/li>\n<li> <a href=\"https:\/\/moverdb.com\/pl\/british-association-of-removers\/\">Brytyjskie Stowarzyszenie Przedsi\u0119biorc\u00f3w Przeprowadzkowych<\/a> (<a href=\"https:\/\/moverdb.com\/pl\/british-association-of-removers\/\" data-internallinksmanager029f6b8e52c=\"9\" title=\"Brytyjskie Stowarzyszenie Przeprowadzek (BAR) - obja\u015bnienia\">BAR<\/a>)<\/li>\n<li> <a href=\"https:\/\/moverdb.com\/pl\/bar-overseas\/\">BAR Overseas Group<\/a><\/li>\n<li> Urz\u0105d Nadzoru Us\u0142ug Finansowych<\/li>\n<li> <a href=\"https:\/\/moverdb.com\/pl\/fedemac\/\">Federacja Europejskiego Stowarzyszenia Przewo\u017anik\u00f3w<\/a> (<a href=\"https:\/\/moverdb.com\/pl\/fedemac\/\" data-internallinksmanager029f6b8e52c=\"15\" title=\"Federacja Europejskiego Stowarzyszenia Przewo\u017anik\u00f3w (FEDEMAC) - wyja\u015bnienie\">FEDEMAC<\/a>)<\/li>\n<li> Ubezpieczenie Wzajemne Mi\u0119dzynarodowych Przewo\u017anik\u00f3w (IMMI)<\/li>\n<li> BS EN ISO 9001<\/li>\n<\/ul>\n<h2>Abels Moving Services<\/h2>\n<p><strong>Pozytywne:<\/strong><\/p>\n<ul>\n<li> <em>\"Ekipy przeprowadzkowe po obu stronach by\u0142y \u015bwietne - kompetentne, pracowa\u0142y stabilnie i po prostu mi\u0142e w kontaktach, naprawd\u0119 pomocne poza tym, co by\u0142o \u015bci\u015ble konieczne\".<\/em> - Pani Jenson przez <a href=\"http:\/\/www.abels.co.uk\/reviews\/\" target=\"_blank\" rel=\"noopener\">Strona z opiniami klient\u00f3w Abels<\/a>.<\/li>\n<li> <em>\"Ka\u017cdy, z kim mia\u0142em do czynienia w Abels, czy to przez telefon, e-mail, czy osobi\u015bcie, by\u0142 bardzo pomocny, przyjazny i skuteczny. Zdecydowanie skorzysta\u0142bym z ich us\u0142ug ponownie i bez wahania poleci\u0142bym ich innym\".<\/em> Pani Pledge przez <a href=\"http:\/\/moveaide.com\/movers\/abels-moving-cambrige-uk-mover-reviews\" target=\"_blank\" rel=\"noopener\">MoveAide<\/a><\/li>\n<li> <em>\"Chcieli\u015bmy tylko u\u015bwiadomi\u0107, \u017ce jeste\u015bmy zadowoleni, \u017ce nasza przeprowadzka zosta\u0142a pomy\u015blnie zako\u0144czona\".<\/em> - przez <a href=\"http:\/\/removal-company-reviews.com\/view-removal-company-review.php?c=Abels%20Moving%20Services%20Ltd&#038;id=384\" target=\"_blank\" rel=\"noopener\">Opinie o firmach przeprowadzkowych<\/a><\/li>\n<\/ul>\n<p><strong>Negatywny:<\/strong><\/p>\n<ul>\n<li> <em>\"Fatalna komunikacja o niepotrzebnych op\u00f3\u017anieniach. B\u0119dziesz si\u0119 obawia\u0107, \u017ce zagin\u0105\u0142 ca\u0142y tw\u00f3j dobytek \u017cycia\".<\/em> - Jeanie C. via <a href=\"https:\/\/www.yelp.co.uk\/biz\/abels-moving-services-ltd-brandon-2?hrid=qZqRG6iZsRo2GEP-XgQefQ&#038;utm_campaign=www_review_share_popup&#038;utm_medium=copy_link&#038;utm_source=(direct)\" target=\"_blank\" rel=\"noopener\">Yelp<\/a><\/li>\n<li> <em>\"Je\u015bli nie jeste\u015b kr\u00f3low\u0105, nie b\u0119d\u0105 si\u0119 o ciebie troszczy\u0107\".<\/em> - Szymon przez <a href=\"http:\/\/www.removalreviews.co.uk\/movingreviews\/far-from-their-advertising-image-7304\" target=\"_blank\" rel=\"noopener\">Recenzje przeprowadzek<\/a><\/li>\n<li> <em>\"S\u0142aba obs\u0142uga i s\u0142aba komunikacja mi\u0119dzy pracownikami. <a href=\"https:\/\/moverdb.com\/pl\/przeprowadzka-do-singapuru\/\">Singapur<\/a> zesp\u00f3\u0142 i zesp\u00f3\u0142 uk\".<\/em> - Pan Crapper przez <a href=\"http:\/\/moveaide.com\/movers\/abels-moving-cambrige-uk-mover-reviews\" target=\"_blank\" rel=\"noopener\">MoveAide<\/a><\/li>\n<\/li>\n<\/ul>\n<div itemprop=\"review\" itemscope itemtype=\"http:\/\/schema.org\/Review\">\n<span itemprop=\"author\" itemscope=\"\" itemtype=\"http:\/\/schema.org\/Organization\"><span itemprop=\"name\">MoverDB.com<\/span><\/span> Przegl\u0105d stron internetowych dla <span itemprop=\"itemreviewed\" itemscope=\"\" itemtype=\"http:\/\/schema.org\/Brand\"><span itemprop=\"name\">Abels Moving Services<\/span><\/span>:<\/p>\n<ol>\n<li> Przejrzyste dane kontaktowe na stronie internetowej (w tym numer telefonu): <strong>Tak<\/strong><\/li>\n<li> \u0141atwe do uzyskania <a href=\"https:\/\/moverdb.com\/pl\/cytaty\/\">oferty na przeprowadzki mi\u0119dzynarodowe<\/a>? (formularz wniosku o wycen\u0119 online): <strong>Tak<\/strong><\/li>\n<li> Przejrzyste informacje na stronie internetowej: <strong>Tak,<\/strong> na stronie internetowej mo\u017cna znale\u017a\u0107 przyzwoit\u0105 ilo\u015b\u0107 informacji o ich us\u0142ugach, chocia\u017c niekt\u00f3re <\/li>\n<li> Cz\u0142onkostwo w uznanych mi\u0119dzynarodowych organizacjach zajmuj\u0105cych si\u0119 przemieszczaniem: <strong>Tak<\/strong>patrz wy\u017cej.<\/li>\n<li> Lista klient\u00f3w i\/lub referencje poprzednich klient\u00f3w: <strong>Tak<\/strong> Na stronie internetowej znajduj\u0105 si\u0119 pozytywne referencje klient\u00f3w.<\/li>\n<\/ol>\n<div itemprop=\"reviewRating\" itemscope itemtype=\"http:\/\/schema.org\/Rating\"><meta itemprop=\"worstRating\" content = \"0\" \/><meta itemprop=\"bestRating\" content=\"5\" \/><meta itemprop=\"ratingValue\" content=\"4.5\"><\/div>\n<p><strong>Ocena og\u00f3lna: 4,5\/5<\/strong><br \/>\n<strong>Data przegl\u0105du:<\/strong> <span itemprop=\"datePublished\" content=\"2016-08-31\">31\/08\/2016<\/span>\n<\/div>\n<p>Wi\u0119cej na temat <a href=\"https:\/\/moverdb.com\/pl\/przeprowadzki-miedzynarodowe\/\">przeprowadzki mi\u0119dzynarodowe<\/a> i nasze <a href=\"https:\/\/moverdb.com\/pl\/recenzje\/\">proces przegl\u0105du<\/a>.<\/p>\n<p><strong>Strona internetowa:<\/strong> <a href=\"http:\/\/www.abels.co.uk\" target=\"_blank\" rel=\"noopener\">http:\/\/www.abels.co.uk<\/a><\/p>","protected":false},"excerpt":{"rendered":"<p>Abels Moving Services is based in Brandon, Suffolk but has facilities in London, Cambridge and Lutterworth but serves the whole of the UK. It offers its clients many intentional moving services which are listed below. There also follows a company profile and company reviews. International Moves Airfreight for small volumes Sea freight for large volumes [&hellip;]<\/p>\n","protected":false},"author":1,"featured_media":0,"parent":0,"menu_order":0,"comment_status":"closed","ping_status":"closed","template":"","meta":{"_genesis_hide_title":false,"_genesis_hide_breadcrumbs":false,"_genesis_hide_singular_image":false,"_genesis_hide_footer_widgets":false,"_genesis_custom_body_class":"","_genesis_custom_post_class":"","_genesis_layout":"","footnotes":""},"class_list":{"0":"post-888","1":"page","2":"type-page","3":"status-publish","5":"entry"},"_links":{"self":[{"href":"https:\/\/moverdb.com\/pl\/wp-json\/wp\/v2\/pages\/888","targetHints":{"allow":["GET"]}}],"collection":[{"href":"https:\/\/moverdb.com\/pl\/wp-json\/wp\/v2\/pages"}],"about":[{"href":"https:\/\/moverdb.com\/pl\/wp-json\/wp\/v2\/types\/page"}],"author":[{"embeddable":true,"href":"https:\/\/moverdb.com\/pl\/wp-json\/wp\/v2\/users\/1"}],"replies":[{"embeddable":true,"href":"https:\/\/moverdb.com\/pl\/wp-json\/wp\/v2\/comments?post=888"}],"version-history":[{"count":8,"href":"https:\/\/moverdb.com\/pl\/wp-json\/wp\/v2\/pages\/888\/revisions"}],"predecessor-version":[{"id":6166,"href":"https:\/\/moverdb.com\/pl\/wp-json\/wp\/v2\/pages\/888\/revisions\/6166"}],"wp:attachment":[{"href":"https:\/\/moverdb.com\/pl\/wp-json\/wp\/v2\/media?parent=888"}],"curies":[{"name":"wp","href":"https:\/\/api.w.org\/{rel}","templated":true}]}}