{"id":8879,"date":"2023-04-27T14:40:42","date_gmt":"2023-04-27T14:40:42","guid":{"rendered":"https:\/\/moverdb.com\/?page_id=8879"},"modified":"2026-01-08T15:29:24","modified_gmt":"2026-01-08T15:29:24","slug":"moving-companies-myanmar","status":"publish","type":"page","link":"https:\/\/moverdb.com\/pl\/moving-companies\/moving-companies-myanmar\/","title":{"rendered":"6 Najlepszych firm zajmuj\u0105cych si\u0119 przeprowadzkami mi\u0119dzynarodowymi w Myanmar"},"content":{"rendered":"<p>Kiedy przenosisz si\u0119 do domu lub firmy mo\u017ce to by\u0107 taki stresuj\u0105cy czas, poniewa\u017c jest tak wiele do zaplanowania i zrobienia, zw\u0142aszcza je\u015bli przenosisz si\u0119 do innego kraju. Zaanga\u017cowanie us\u0142ug <a href=\"https:\/\/moverdb.com\/pl\/moving-companies\/\" data-internallinksmanager029f6b8e52c=\"79\" title=\"25 najlepszych firm przeprowadzek mi\u0119dzynarodowych online\">przedsi\u0119biorstwo przeprowadzkowe<\/a> mo\u017ce pom\u00f3c zmniejszy\u0107 tw\u00f3j stres i zabra\u0107 wiele z tych zada\u0144. Poni\u017cej zebrali\u015bmy list\u0119 Myanmar (Birma) oparte <a href=\"https:\/\/moverdb.com\/pl\/international-removals\/\" data-internallinksmanager029f6b8e52c=\"27\" title=\"36 najlepszych firm zajmuj\u0105cych si\u0119 przeprowadzkami mi\u0119dzynarodowymi w Wielkiej Brytanii\">przedsi\u0119biorstwa przeprowadzkowe<\/a> kt\u00f3re s\u0105 cz\u0142onkami <a href=\"https:\/\/moverdb.com\/pl\/iam\/\" data-internallinksmanager029f6b8e52c=\"23\" title=\"Mi\u0119dzynarodowe Stowarzyszenie Przewo\u017anik\u00f3w (IAM) - obja\u015bnienia\">Mi\u0119dzynarodowe Stowarzyszenie Przewo\u017anik\u00f3w<\/a> (IAM) i\/lub <a href=\"https:\/\/moverdb.com\/pl\/fidi-faim\/\" data-internallinksmanager029f6b8e52c=\"16\" title=\"FIDI i FAIM (FIDI Accredited International Mover) - obja\u015bnienia\">FIDI<\/a> Accredited International Mover (FAIM), kt\u00f3ra mo\u017ce pom\u00f3c Ci w przeprowadzce.<\/p>\n<div id=\"ez-toc-container\" class=\"ez-toc-v2_0_82_2 ez-toc-wrap-left counter-hierarchy ez-toc-counter ez-toc-transparent ez-toc-container-direction\">\n<div class=\"ez-toc-title-container\">\n<p class=\"ez-toc-title\" style=\"cursor:inherit\">Sekcje<\/p>\n<span class=\"ez-toc-title-toggle\"><a href=\"#\" class=\"ez-toc-pull-right ez-toc-btn ez-toc-btn-xs ez-toc-btn-default ez-toc-toggle\" aria-label=\"Prze\u0142\u0105cznik Spisu Tre\u015bci\"><span class=\"ez-toc-js-icon-con\"><span class=\"\"><span class=\"eztoc-hide\" style=\"display:none;\">Toggle<\/span><span class=\"ez-toc-icon-toggle-span\"><svg style=\"fill: #999;color:#999\" xmlns=\"http:\/\/www.w3.org\/2000\/svg\" class=\"list-377408\" width=\"20px\" height=\"20px\" viewbox=\"0 0 24 24\" fill=\"none\"><path d=\"M6 6H4v2h2V6zm14 0H8v2h12V6zM4 11h2v2H4v-2zm16 0H8v2h12v-2zM4 16h2v2H4v-2zm16 0H8v2h12v-2z\" fill=\"currentColor\"><\/path><\/svg><svg style=\"fill: #999;color:#999\" class=\"arrow-unsorted-368013\" xmlns=\"http:\/\/www.w3.org\/2000\/svg\" width=\"10px\" height=\"10px\" viewbox=\"0 0 24 24\" version=\"1.2\" baseprofile=\"tiny\"><path d=\"M18.2 9.3l-6.2-6.3-6.2 6.3c-.2.2-.3.4-.3.7s.1.5.3.7c.2.2.4.3.7.3h11c.3 0 .5-.1.7-.3.2-.2.3-.5.3-.7s-.1-.5-.3-.7zM5.8 14.7l6.2 6.3 6.2-6.3c.2-.2.3-.5.3-.7s-.1-.5-.3-.7c-.2-.2-.4-.3-.7-.3h-11c-.3 0-.5.1-.7.3-.2.2-.3.5-.3.7s.1.5.3.7z\"\/><\/svg><\/span><\/span><\/span><\/a><\/span><\/div>\n<nav><ul class='ez-toc-list ez-toc-list-level-1 eztoc-toggle-hide-by-default' ><li class='ez-toc-page-1 ez-toc-heading-level-2'><a class=\"ez-toc-link ez-toc-heading-1\" href=\"https:\/\/moverdb.com\/pl\/moving-companies\/moving-companies-myanmar\/#1_Dawood_Worldwide_Movers\" >1. Dawood Worldwide Movers<\/a><\/li><li class='ez-toc-page-1 ez-toc-heading-level-2'><a class=\"ez-toc-link ez-toc-heading-2\" href=\"https:\/\/moverdb.com\/pl\/moving-companies\/moving-companies-myanmar\/#2_DNS_Mobility_Ltd\" >2. DNS Mobility Ltd.<\/a><\/li><li class='ez-toc-page-1 ez-toc-heading-level-2'><a class=\"ez-toc-link ez-toc-heading-3\" href=\"https:\/\/moverdb.com\/pl\/moving-companies\/moving-companies-myanmar\/#3_Global_Moving_Storage_Ltd\" >3. Global Moving &amp; Storage Ltd.<\/a><\/li><li class='ez-toc-page-1 ez-toc-heading-level-2'><a class=\"ez-toc-link ez-toc-heading-4\" href=\"https:\/\/moverdb.com\/pl\/moving-companies\/moving-companies-myanmar\/#4_Legendary_Myanmar_International_Moving_Logistics_Co_Ltd\" >4. Legendary Myanmar International Moving &amp; Logistics Co Ltd.<\/a><\/li><li class='ez-toc-page-1 ez-toc-heading-level-2'><a class=\"ez-toc-link ez-toc-heading-5\" href=\"https:\/\/moverdb.com\/pl\/moving-companies\/moving-companies-myanmar\/#5_Myanmar_Express_Moving\" >5. Myanmar Express Moving<\/a><\/li><li class='ez-toc-page-1 ez-toc-heading-level-2'><a class=\"ez-toc-link ez-toc-heading-6\" href=\"https:\/\/moverdb.com\/pl\/moving-companies\/moving-companies-myanmar\/#6_NMT_Ltd\" >6. NMT Ltd.<\/a><\/li><\/ul><\/nav><\/div>\n<h2><span class=\"ez-toc-section\" id=\"1_Dawood_Worldwide_Movers\"><\/span><strong>1. Dawood Worldwide Movers<\/strong><span class=\"ez-toc-section-end\"><\/span><\/h2>\n<p><img loading=\"lazy\" decoding=\"async\" class=\"alignnone size-full wp-image-8783\" src=\"https:\/\/moverdb.com\/wp-content\/uploads\/Dawood-Worldwide-Moving-international-moving-company.png\" alt=\"Dawood Worldwide Moving mi\u0119dzynarodowa firma przeprowadzkowa\" width=\"1440\" height=\"682\" data-wp-pid=\"8783\" srcset=\"https:\/\/moverdb.com\/wp-content\/uploads\/Dawood-Worldwide-Moving-international-moving-company.png 1440w, https:\/\/moverdb.com\/wp-content\/uploads\/Dawood-Worldwide-Moving-international-moving-company-300x142.png 300w, https:\/\/moverdb.com\/wp-content\/uploads\/Dawood-Worldwide-Moving-international-moving-company-1024x485.png 1024w, https:\/\/moverdb.com\/wp-content\/uploads\/Dawood-Worldwide-Moving-international-moving-company-18x9.png 18w, https:\/\/moverdb.com\/wp-content\/uploads\/Dawood-Worldwide-Moving-international-moving-company-600x284.png 600w\" sizes=\"auto, (max-width: 1440px) 100vw, 1440px\" \/><\/p>\n<ul>\n<li>Przeprowadzki krajowe<\/li>\n<li>Przeprowadzki mi\u0119dzynarodowe<\/li>\n<li>Przeprowadzki gospodarstw domowych<\/li>\n<li>Przeprowadzki biur<\/li>\n<li>Us\u0142uga pakowania<\/li>\n<li>Organizacja transportu<\/li>\n<li>Odprawa celna<\/li>\n<li>Us\u0142ugi w zakresie miejsca pochodzenia i przeznaczenia<\/li>\n<li>Przenoszenie zwierz\u0105t domowych<\/li>\n<li>Bezpieczne przechowywanie<\/li>\n<\/ul>\n<p>Dawood Worldwide Movers to mi\u0119dzynarodowa firma przeprowadzkowa, kt\u00f3ra zosta\u0142a za\u0142o\u017cona w 1963 roku i ma siedzib\u0119 w Yangon. Wsp\u00f3\u0142pracuje z mi\u0119dzynarodowymi firmami przeprowadzkowymi i spedytorami, aby \u015bwiadczy\u0107 swoje us\u0142ugi na ca\u0142ym \u015bwiecie. Jest cz\u0142onkiem IAM z 47-letnim sta\u017cem.<\/p>\n<p>Dawood Worldwide Movers oferuje kompletne us\u0142ugi przeprowadzkowe, kt\u00f3re obejmuj\u0105 wsparcie przed przeprowadzk\u0105 z us\u0142ugami w miejscu pochodzenia i us\u0142ugami w miejscu przeznaczenia po przyje\u017adzie, a tak\u017ce mo\u017ce przenie\u015b\u0107 Twoje zwierz\u0119ta domowe. Zapewniaj\u0105 pe\u0142n\u0105 us\u0142ug\u0119 pakowania, kt\u00f3ra obejmuje materia\u0142y do pakowania, aby chroni\u0107 Twoje rzeczy w transporcie. Dokonaj\u0105 oni uzgodnie\u0144 dotycz\u0105cych transportu Twoich rzeczy do miejsca przeznaczenia z odpraw\u0105 celn\u0105.<\/p>\n<p>Strona internetowa: <a href=\"http:\/\/www.dawoodmovers.com\" target=\"_blank\" rel=\"noopener\">http:\/\/www.dawoodmovers.com<\/a><\/p>\n<h2><span class=\"ez-toc-section\" id=\"2_DNS_Mobility_Ltd\"><\/span><strong>2. DNS Mobility Ltd.<\/strong><span class=\"ez-toc-section-end\"><\/span><\/h2>\n<p><img loading=\"lazy\" decoding=\"async\" class=\"alignnone size-full wp-image-8789\" src=\"https:\/\/moverdb.com\/wp-content\/uploads\/DNS-Mobility-Ltd-international-moving-company.png\" alt=\"DNS Mobility Ltd firma zajmuj\u0105ca si\u0119 przeprowadzkami mi\u0119dzynarodowymi\" width=\"1440\" height=\"680\" data-wp-pid=\"8789\" srcset=\"https:\/\/moverdb.com\/wp-content\/uploads\/DNS-Mobility-Ltd-international-moving-company.png 1440w, https:\/\/moverdb.com\/wp-content\/uploads\/DNS-Mobility-Ltd-international-moving-company-300x142.png 300w, https:\/\/moverdb.com\/wp-content\/uploads\/DNS-Mobility-Ltd-international-moving-company-1024x484.png 1024w, https:\/\/moverdb.com\/wp-content\/uploads\/DNS-Mobility-Ltd-international-moving-company-18x9.png 18w, https:\/\/moverdb.com\/wp-content\/uploads\/DNS-Mobility-Ltd-international-moving-company-600x283.png 600w\" sizes=\"auto, (max-width: 1440px) 100vw, 1440px\" \/><\/p>\n<ul>\n<li>Przeprowadzki krajowe<\/li>\n<li>Przeniesienia mi\u0119dzynarodowe<\/li>\n<li>Przeprowadzki gospodarstw domowych<\/li>\n<li>Pe\u0142ny zakres us\u0142ug pakowania<\/li>\n<li>Urz\u0105dzenia pakuj\u0105ce dostosowane do potrzeb klienta<\/li>\n<li>Organizacja transportu<\/li>\n<li><a href=\"https:\/\/moverdb.com\/pl\/car-transport-shipping\/\" data-internallinksmanager029f6b8e52c=\"2\" title=\"2026 Mi\u0119dzynarodowy transport samochodowy i wyceny wysy\u0142ki pojazd\u00f3w\">Spedycja pojazd\u00f3w<\/a><\/li>\n<li>Obr\u00f3bka dzie\u0142 sztuki<\/li>\n<li>Przenoszenie zwierz\u0105t domowych<\/li>\n<li>Bezpieczne magazyny<\/li>\n<\/ul>\n<p>DNS Mobility Ltd to mi\u0119dzynarodowa firma zajmuj\u0105ca si\u0119 logistyk\u0105 i relokacj\u0105 zwierz\u0105t, kt\u00f3ra zosta\u0142a za\u0142o\u017cona w 2013 roku i ma siedzib\u0119 w Yangon. Wsp\u00f3\u0142pracuj\u0105 z ponad 100 biurami stowarzyszonymi i afiliowanymi na ca\u0142ym \u015bwiecie, aby \u015bwiadczy\u0107 swoje us\u0142ugi na skal\u0119 mi\u0119dzynarodow\u0105. S\u0105 cz\u0142onkiem IAM z 11-letnim sta\u017cem.<\/p>\n<p>DNS Mobility Ltd oferuje kompleksowe us\u0142ugi przeprowadzkowe dla gospodarstw domowych, kt\u00f3re mog\u0105 zapewni\u0107 pe\u0142n\u0105 us\u0142ug\u0119 pakowania, aby chroni\u0107 swoje rzeczy w transporcie, kt\u00f3ra obejmuje dostosowany sprz\u0119t do pakowania i skrzynie. Zorganizuj\u0105 oni transport Twoich rzeczy i b\u0119d\u0105 \u015bledzi\u0107 Twoj\u0105 przesy\u0142k\u0119 online. Po przyje\u017adzie rozpakuj\u0105 i usun\u0105 gruz.<\/p>\n<p>Strona internetowa: <a href=\"http:\/\/www.dnsmyanmar.com\" target=\"_blank\" rel=\"noopener\">http:\/\/www.dnsmyanmar.com<\/a><\/p>\n<h2><span class=\"ez-toc-section\" id=\"3_Global_Moving_Storage_Ltd\"><\/span><strong>3. Global Moving &amp; Storage Ltd.<\/strong><span class=\"ez-toc-section-end\"><\/span><\/h2>\n<p><img loading=\"lazy\" decoding=\"async\" class=\"alignnone size-full wp-image-8806\" src=\"https:\/\/moverdb.com\/wp-content\/uploads\/Global-Moving-Storage-Ltd-international-moving-company.png\" alt=\"Global Moving &amp; Storage Ltd firma zajmuj\u0105ca si\u0119 przeprowadzkami mi\u0119dzynarodowymi\" width=\"1440\" height=\"675\" data-wp-pid=\"8806\" srcset=\"https:\/\/moverdb.com\/wp-content\/uploads\/Global-Moving-Storage-Ltd-international-moving-company.png 1440w, https:\/\/moverdb.com\/wp-content\/uploads\/Global-Moving-Storage-Ltd-international-moving-company-300x141.png 300w, https:\/\/moverdb.com\/wp-content\/uploads\/Global-Moving-Storage-Ltd-international-moving-company-1024x480.png 1024w, https:\/\/moverdb.com\/wp-content\/uploads\/Global-Moving-Storage-Ltd-international-moving-company-18x8.png 18w, https:\/\/moverdb.com\/wp-content\/uploads\/Global-Moving-Storage-Ltd-international-moving-company-600x281.png 600w\" sizes=\"auto, (max-width: 1440px) 100vw, 1440px\" \/><\/p>\n<ul>\n<li>Ruchy krajowe<\/li>\n<li>Przeprowadzki mi\u0119dzynarodowe<\/li>\n<li>Przeprowadzki gospodarstw domowych<\/li>\n<li>Przeprowadzki biurowe<\/li>\n<li>Us\u0142ugi pakowania<\/li>\n<li>Organizacja transportu<\/li>\n<li>Odprawa celna<\/li>\n<li>Pakowanie sztuk pi\u0119knych<\/li>\n<li>Us\u0142ugi w zakresie przeprowadzek zwierz\u0105t domowych<\/li>\n<li>Obiekty magazynowe<\/li>\n<\/ul>\n<p>Global Moving &amp; Storage Ltd jest \u015bwiatow\u0105 firm\u0105 przeprowadzkow\u0105 i logistyczn\u0105, kt\u00f3ra ma ponad dwie dekady do\u015bwiadczenia. S\u0105 cz\u0142onkiem IAM z 12-letnim sta\u017cem, co zapewnia im mi\u0119dzynarodow\u0105 sie\u0107 agent\u00f3w przeprowadzkowych, kt\u00f3rzy mog\u0105 pom\u00f3c w \u015bwiadczeniu us\u0142ug na ca\u0142ym \u015bwiecie.<\/p>\n<p>Global Moving &amp; Storage Ltd. oferuje us\u0142ugi od drzwi do drzwi, od drzwi do drzwi.<a href=\"https:\/\/moverdb.com\/pl\/top-49-container-ports\/\" data-internallinksmanager029f6b8e52c=\"80\" title=\"49 najwi\u0119kszych i najbardziej ruchliwych port\u00f3w kontenerowych w 2025 r.\">port<\/a> lub us\u0142ugi port-to-door, kt\u00f3re obejmuj\u0105 odpraw\u0119 celn\u0105 i organizacj\u0119 transportu. Zapewniaj\u0105 us\u0142ugi pakowania w celu ochrony przedmiot\u00f3w w transporcie, kt\u00f3re spe\u0142niaj\u0105 mi\u0119dzynarodowe standardy. \u015awiadcz\u0105 specjalistyczne us\u0142ugi dla dyplomat\u00f3w, sztuk pi\u0119knych oraz us\u0142ugi przeprowadzek zwierz\u0105t domowych.<\/p>\n<p>Strona internetowa: <a href=\"http:\/\/www.globalmovingstorage.com\" target=\"_blank\" rel=\"noopener\">http:\/\/www.globalmovingstorage.com<\/a><\/p>\n<h2><span class=\"ez-toc-section\" id=\"4_Legendary_Myanmar_International_Moving_Logistics_Co_Ltd\"><\/span><strong>4. Legendary Myanmar International Moving &amp; Logistics Co Ltd.<\/strong><span class=\"ez-toc-section-end\"><\/span><\/h2>\n<p><img loading=\"lazy\" decoding=\"async\" class=\"alignnone size-full wp-image-8821\" src=\"https:\/\/moverdb.com\/wp-content\/uploads\/Legendary-Myanmar-International-Moving-Logistics-Co-Ltd.png\" alt=\"Legendary Myanmar International Moving &amp; Logistics Co Ltd.\" width=\"1440\" height=\"682\" data-wp-pid=\"8821\" srcset=\"https:\/\/moverdb.com\/wp-content\/uploads\/Legendary-Myanmar-International-Moving-Logistics-Co-Ltd.png 1440w, https:\/\/moverdb.com\/wp-content\/uploads\/Legendary-Myanmar-International-Moving-Logistics-Co-Ltd-300x142.png 300w, https:\/\/moverdb.com\/wp-content\/uploads\/Legendary-Myanmar-International-Moving-Logistics-Co-Ltd-1024x485.png 1024w, https:\/\/moverdb.com\/wp-content\/uploads\/Legendary-Myanmar-International-Moving-Logistics-Co-Ltd-18x9.png 18w, https:\/\/moverdb.com\/wp-content\/uploads\/Legendary-Myanmar-International-Moving-Logistics-Co-Ltd-600x284.png 600w\" sizes=\"auto, (max-width: 1440px) 100vw, 1440px\" \/><\/p>\n<ul>\n<li>Ruchy krajowe<\/li>\n<li>Przeprowadzki mi\u0119dzynarodowe<\/li>\n<li>Przeprowadzki gospodarstw domowych<\/li>\n<li>Przeprowadzki firm<\/li>\n<li>Us\u0142uga pakowania<\/li>\n<li>Fracht drogowy, morski i lotniczy<\/li>\n<li>Wsparcie dokumentacyjne<\/li>\n<li>Wysy\u0142ka samochod\u00f3w<\/li>\n<li>Przenoszenie zwierz\u0105t domowych<\/li>\n<li>Obiekty magazynowe<\/li>\n<\/ul>\n<p>Legendary Myanmar International Moving &amp; Logistics Co Ltd (LMSL) to firma zajmuj\u0105ca si\u0119 spedycj\u0105, przeprowadzkami i <a href=\"https:\/\/moverdb.com\/pl\/relocation-agents\/\" data-internallinksmanager029f6b8e52c=\"1\" title=\"7 powod\u00f3w, dla kt\u00f3rych warto skorzysta\u0107 z us\u0142ug agenta ds. przeprowadzek?\">agent ds. przeprowadzek<\/a> za\u0142o\u017cona w 2010 roku z biurami w Yangon, Mandalay i Bagan. Firma nawi\u0105za\u0142a og\u00f3lno\u015bwiatowe relacje z agentami transportu i przeprowadzek w celu \u015bwiadczenia us\u0142ug mi\u0119dzynarodowych i jest cz\u0142onkiem IAM z 13-letnim sta\u017cem.<\/p>\n<p>LMSL oferuje kompleksowe us\u0142ugi przeprowadzkowe dla przeprowadzek lokalnych i mi\u0119dzynarodowych, kt\u00f3re obejmuj\u0105 pomoc w dokumentacji. Zapewniaj\u0105 us\u0142ug\u0119 pakowania w celu ochrony rzeczy i organizuj\u0105 transport drogowy, lotniczy i morski, kt\u00f3ry obejmuje dokumentacj\u0119 pomocnicz\u0105, tak\u0105 jak odprawa celna. Oferuj\u0105 us\u0142ugi relokacyjne obejmuj\u0105ce orientacj\u0119, poszukiwanie domu i szko\u0142y oraz negocjacje dotycz\u0105ce najmu.<\/p>\n<p>Strona internetowa: <a href=\"http:\/\/www.lmsl-shipping.com\" target=\"_blank\" rel=\"noopener\">http:\/\/www.lmsl-shipping.com<\/a><\/p>\n<h2><span class=\"ez-toc-section\" id=\"5_Myanmar_Express_Moving\"><\/span><strong>5. Myanmar Express Moving<\/strong><span class=\"ez-toc-section-end\"><\/span><\/h2>\n<p><img loading=\"lazy\" decoding=\"async\" class=\"alignnone size-full wp-image-8835\" src=\"https:\/\/moverdb.com\/wp-content\/uploads\/Myanmar-Express-Moving-international-moving-company.png\" alt=\"Myanmar Express Moving firma zajmuj\u0105ca si\u0119 przeprowadzkami mi\u0119dzynarodowymi\" width=\"1440\" height=\"677\" data-wp-pid=\"8835\" srcset=\"https:\/\/moverdb.com\/wp-content\/uploads\/Myanmar-Express-Moving-international-moving-company.png 1440w, https:\/\/moverdb.com\/wp-content\/uploads\/Myanmar-Express-Moving-international-moving-company-300x141.png 300w, https:\/\/moverdb.com\/wp-content\/uploads\/Myanmar-Express-Moving-international-moving-company-1024x481.png 1024w, https:\/\/moverdb.com\/wp-content\/uploads\/Myanmar-Express-Moving-international-moving-company-18x8.png 18w, https:\/\/moverdb.com\/wp-content\/uploads\/Myanmar-Express-Moving-international-moving-company-600x282.png 600w\" sizes=\"auto, (max-width: 1440px) 100vw, 1440px\" \/><\/p>\n<ul>\n<li>Przeprowadzki lokalne<\/li>\n<li>Przeprowadzki mi\u0119dzynarodowe<\/li>\n<li>Przeprowadzki gospodarstw domowych<\/li>\n<li>\u0141adunek handlowy<\/li>\n<li>Us\u0142uga pakowania<\/li>\n<li>Transport drogowy, lotniczy i morski<\/li>\n<li>Odprawa celna<\/li>\n<li>Przenoszenie zwierz\u0105t domowych<\/li>\n<li>Ubezpieczenia<\/li>\n<li>Obiekty magazynowe<\/li>\n<\/ul>\n<p>Myanmar Express Moving to firma zajmuj\u0105ca si\u0119 przeprowadzkami i pakowaniem z ponad 57-letnim do\u015bwiadczeniem, z siedzib\u0105 w Yangon. Firma posiada mi\u0119dzynarodowe partnerstwo strategiczne i sojusze na ca\u0142ym \u015bwiecie w celu \u015bwiadczenia us\u0142ug mi\u0119dzynarodowych. Jest cz\u0142onkiem IAM z 29-letnim sta\u017cem.<\/p>\n<p>Myanmar Express Moving oferuje bezp\u0142atny przegl\u0105d, aby oceni\u0107 Twoje wymagania dotycz\u0105ce przeprowadzki i przedstawi\u0107 ofert\u0119. Zapewniaj\u0105 us\u0142ug\u0119 pakowania, kt\u00f3ra ochroni Twoje meble przy u\u017cyciu nowoczesnych materia\u0142\u00f3w opakowaniowych o wysokim standardzie, rozpakuj\u0105 je po przyje\u017adzie i usun\u0105 wszelkie pozosta\u0142o\u015bci. Organizuj\u0105 transport drogowy, lotniczy i morski z odpraw\u0105 celn\u0105 i ubezpieczeniem.<\/p>\n<p>Strona internetowa: <a href=\"http:\/\/www.myanmarexpressmoving.com\" target=\"_blank\" rel=\"noopener\">http:\/\/www.myanmarexpressmoving.com<\/a><\/p>\n<h2><span class=\"ez-toc-section\" id=\"6_NMT_Ltd\"><\/span><strong>6. NMT Ltd.<\/strong><span class=\"ez-toc-section-end\"><\/span><\/h2>\n<p><img loading=\"lazy\" decoding=\"async\" class=\"alignnone size-full wp-image-8838\" src=\"https:\/\/moverdb.com\/wp-content\/uploads\/NMT-Ltd-international-moving-company.png\" alt=\"NMT Ltd - mi\u0119dzynarodowa firma przeprowadzkowa\" width=\"1440\" height=\"683\" data-wp-pid=\"8838\" srcset=\"https:\/\/moverdb.com\/wp-content\/uploads\/NMT-Ltd-international-moving-company.png 1440w, https:\/\/moverdb.com\/wp-content\/uploads\/NMT-Ltd-international-moving-company-300x142.png 300w, https:\/\/moverdb.com\/wp-content\/uploads\/NMT-Ltd-international-moving-company-1024x486.png 1024w, https:\/\/moverdb.com\/wp-content\/uploads\/NMT-Ltd-international-moving-company-18x9.png 18w, https:\/\/moverdb.com\/wp-content\/uploads\/NMT-Ltd-international-moving-company-600x285.png 600w\" sizes=\"auto, (max-width: 1440px) 100vw, 1440px\" \/><\/p>\n<ul>\n<li>Przeprowadzki krajowe<\/li>\n<li>Przeprowadzki mi\u0119dzynarodowe<\/li>\n<li>Przeprowadzki gospodarstw domowych<\/li>\n<li>Przeprowadzki biur<\/li>\n<li>Ruch dyplomatyczny<\/li>\n<li>Us\u0142uga pakowania<\/li>\n<li>Fracht morski i lotniczy<\/li>\n<li>Maklerstwo celne<\/li>\n<li>Spedycja pojazd\u00f3w<\/li>\n<li>Obiekty magazynowe<\/li>\n<\/ul>\n<p>NMT Ltd to mi\u0119dzynarodowa firma zajmuj\u0105ca si\u0119 pakowaniem, wysy\u0142k\u0105, relokacj\u0105, logistyk\u0105 i transportem, za\u0142o\u017cona w 1993 roku i maj\u0105ca siedzib\u0119 w North Dagon i Yangon. Firma oferuje r\u00f3wnie\u017c us\u0142ugi zwi\u0105zane z targami i wydarzeniami, obs\u0142uguj\u0105c wysy\u0142ki i konfiguracje. Firma jest cz\u0142onkiem IAM z 30-letnim sta\u017cem, co daje jej dost\u0119p do mi\u0119dzynarodowej sieci agent\u00f3w przeprowadzkowych oferuj\u0105cych swoje us\u0142ugi na ca\u0142ym \u015bwiecie.<\/p>\n<p>NMT Ltd zajmuje si\u0119 przeprowadzkami biur i dom\u00f3w na terenie, do i z Myanmaru, w tym ambasad i dyplomat\u00f3w. Posiadaj\u0105 do\u015bwiadczony personel, kt\u00f3ry wspiera Ci\u0119 podczas ca\u0142ej przeprowadzki, w tym do\u015bwiadczonych pakowaczy, kt\u00f3rzy bezpiecznie zapakuj\u0105 Twoje rzeczy i zorganizuj\u0105 wysy\u0142k\u0119 drog\u0105 morsk\u0105 lub powietrzn\u0105 z po\u015brednictwem celnym.<\/p>\n<p>Strona internetowa: <a href=\"http:\/\/www.ntmyanmar.com\" target=\"_blank\" rel=\"noopener\">http:\/\/www.ntmyanmar.com<\/a><\/p>","protected":false},"excerpt":{"rendered":"<p>When you are moving home or business it can be such a stressful time as there is so much to plan and do especially if you are moving to another country. Engaging the services of a moving company can help reduce your stress and take away a lot of those tasks. Below we have compiled [&hellip;]<\/p>\n","protected":false},"author":4,"featured_media":0,"parent":190,"menu_order":0,"comment_status":"closed","ping_status":"closed","template":"","meta":{"_genesis_hide_title":false,"_genesis_hide_breadcrumbs":false,"_genesis_hide_singular_image":false,"_genesis_hide_footer_widgets":false,"_genesis_custom_body_class":"","_genesis_custom_post_class":"","_genesis_layout":"","footnotes":""},"class_list":{"0":"post-8879","1":"page","2":"type-page","3":"status-publish","5":"entry","6":"has-post-thumbnail"},"_links":{"self":[{"href":"https:\/\/moverdb.com\/pl\/wp-json\/wp\/v2\/pages\/8879","targetHints":{"allow":["GET"]}}],"collection":[{"href":"https:\/\/moverdb.com\/pl\/wp-json\/wp\/v2\/pages"}],"about":[{"href":"https:\/\/moverdb.com\/pl\/wp-json\/wp\/v2\/types\/page"}],"author":[{"embeddable":true,"href":"https:\/\/moverdb.com\/pl\/wp-json\/wp\/v2\/users\/4"}],"replies":[{"embeddable":true,"href":"https:\/\/moverdb.com\/pl\/wp-json\/wp\/v2\/comments?post=8879"}],"version-history":[{"count":1,"href":"https:\/\/moverdb.com\/pl\/wp-json\/wp\/v2\/pages\/8879\/revisions"}],"predecessor-version":[{"id":8881,"href":"https:\/\/moverdb.com\/pl\/wp-json\/wp\/v2\/pages\/8879\/revisions\/8881"}],"up":[{"embeddable":true,"href":"https:\/\/moverdb.com\/pl\/wp-json\/wp\/v2\/pages\/190"}],"wp:attachment":[{"href":"https:\/\/moverdb.com\/pl\/wp-json\/wp\/v2\/media?parent=8879"}],"curies":[{"name":"wp","href":"https:\/\/api.w.org\/{rel}","templated":true}]}}