{"id":8434,"date":"2023-04-27T14:43:29","date_gmt":"2023-04-27T14:43:29","guid":{"rendered":"https:\/\/moverdb.com\/?page_id=8434"},"modified":"2026-01-08T15:23:49","modified_gmt":"2026-01-08T15:23:49","slug":"moving-companies-mongolia","status":"publish","type":"page","link":"https:\/\/moverdb.com\/pl\/moving-companies\/moving-companies-mongolia\/","title":{"rendered":"2 Najlepsze firmy przeprowadzkowe w Mongolii"},"content":{"rendered":"<p>Przeprowadzka mo\u017ce by\u0107 stresuj\u0105cym czasem, zw\u0142aszcza je\u015bli przenosisz si\u0119 do innych kraj\u00f3w. Je\u015bli przeprowadzasz si\u0119 w obr\u0119bie, do lub z Mongolii, mo\u017cesz chcie\u0107 skorzysta\u0107 z us\u0142ug <a href=\"https:\/\/moverdb.com\/pl\/moving-companies\/\" data-internallinksmanager029f6b8e52c=\"79\" title=\"25 najlepszych firm przeprowadzek mi\u0119dzynarodowych online\">przedsi\u0119biorstwo przeprowadzkowe<\/a> aby u\u0142atwi\u0107 sobie \u017cycie. Poni\u017cej zebrali\u015bmy list\u0119 mongolskich <a href=\"https:\/\/moverdb.com\/pl\/international-removals\/\" data-internallinksmanager029f6b8e52c=\"27\" title=\"36 najlepszych firm zajmuj\u0105cych si\u0119 przeprowadzkami mi\u0119dzynarodowymi w Wielkiej Brytanii\">przedsi\u0119biorstwa przeprowadzkowe<\/a> kt\u00f3re s\u0105 cz\u0142onkami <a href=\"https:\/\/moverdb.com\/pl\/iam\/\" data-internallinksmanager029f6b8e52c=\"23\" title=\"Mi\u0119dzynarodowe Stowarzyszenie Przewo\u017anik\u00f3w (IAM) - obja\u015bnienia\">Mi\u0119dzynarodowe Stowarzyszenie Przewo\u017anik\u00f3w<\/a> (IAM) i\/lub <a href=\"https:\/\/moverdb.com\/pl\/fidi-faim\/\" data-internallinksmanager029f6b8e52c=\"16\" title=\"FIDI i FAIM (FIDI Accredited International Mover) - obja\u015bnienia\">FIDI<\/a> Accredited International Mover (FAIM), kt\u00f3ry mo\u017ce pom\u00f3c w przeprowadzce.<\/p>\n<h2><strong>1. Nice Move Logistics<\/strong><\/h2>\n<p><img loading=\"lazy\" decoding=\"async\" class=\"alignnone size-full wp-image-8349\" src=\"https:\/\/moverdb.com\/wp-content\/uploads\/Nice-Move-Logistics-international-moving-company.png\" alt=\"Nice Move Logistics firma zajmuj\u0105ca si\u0119 przeprowadzkami mi\u0119dzynarodowymi\" width=\"1440\" height=\"670\" data-wp-pid=\"8349\" srcset=\"https:\/\/moverdb.com\/wp-content\/uploads\/Nice-Move-Logistics-international-moving-company.png 1440w, https:\/\/moverdb.com\/wp-content\/uploads\/Nice-Move-Logistics-international-moving-company-300x140.png 300w, https:\/\/moverdb.com\/wp-content\/uploads\/Nice-Move-Logistics-international-moving-company-1024x476.png 1024w, https:\/\/moverdb.com\/wp-content\/uploads\/Nice-Move-Logistics-international-moving-company-18x8.png 18w, https:\/\/moverdb.com\/wp-content\/uploads\/Nice-Move-Logistics-international-moving-company-600x279.png 600w\" sizes=\"auto, (max-width: 1440px) 100vw, 1440px\" \/><\/p>\n<ul>\n<li>Przeprowadzki lokalne i krajowe<\/li>\n<li>Przeprowadzki mi\u0119dzynarodowe<\/li>\n<li>Przeprowadzki gospodarstw domowych<\/li>\n<li>Przeprowadzki biurowe<\/li>\n<li>Profesjonalna us\u0142uga pakowania<\/li>\n<li>Przesy\u0142ki morskie i lotnicze<\/li>\n<li>Odprawa celna<\/li>\n<li>Przenoszenie zwierz\u0105t domowych<\/li>\n<li>Transport samochodowy<\/li>\n<li>Obiekty magazynowe<\/li>\n<\/ul>\n<p>Nice Move Logistics to firma przeprowadzkowa i relokacyjna, kt\u00f3ra zosta\u0142a za\u0142o\u017cona w 2021 roku i ma siedzib\u0119 w Ulaanbaatar. S\u0105 cz\u0142onkiem IAM z 2-letnim sta\u017cem, co daje im dost\u0119p do mi\u0119dzynarodowej sieci agent\u00f3w przeprowadzkowych, kt\u00f3ra pomaga im \u015bwiadczy\u0107 us\u0142ugi na ca\u0142ym \u015bwiecie.<\/p>\n<p>Nice Move Logistics oferuje us\u0142ugi przeprowadzkowe w obr\u0119bie, do i z Mongolii dla gospodarstw domowych i biur. Oferuj\u0105 profesjonalne us\u0142ugi pakowania, aby pom\u00f3c chroni\u0107 Twoje rzeczy w transporcie i zorganizuj\u0105 wysy\u0142k\u0119 drog\u0105 morsk\u0105 lub powietrzn\u0105 z odpraw\u0105 celn\u0105. Oferuj\u0105 r\u00f3wnie\u017c dodatkowe us\u0142ugi, w tym przeprowadzki zwierz\u0105t domowych, obs\u0142ug\u0119 samochod\u00f3w i przechowywanie obiekt\u00f3w.<\/p>\n<p>Strona internetowa: <a href=\"http:\/\/www.nicelogistics.mn\" target=\"_blank\" rel=\"noopener\">http:\/\/www.nicelogistics.mn<\/a><\/p>\n<h2><strong>2. Monex Mongolian Express<\/strong><\/h2>\n<p><img loading=\"lazy\" decoding=\"async\" class=\"alignnone size-full wp-image-8342\" src=\"https:\/\/moverdb.com\/wp-content\/uploads\/Monex-Mongolian-Express-international-moving-company.png\" alt=\"Monex Mongolian Express firma zajmuj\u0105ca si\u0119 przeprowadzkami mi\u0119dzynarodowymi\" width=\"1440\" height=\"637\" data-wp-pid=\"8342\" srcset=\"https:\/\/moverdb.com\/wp-content\/uploads\/Monex-Mongolian-Express-international-moving-company.png 1440w, https:\/\/moverdb.com\/wp-content\/uploads\/Monex-Mongolian-Express-international-moving-company-300x133.png 300w, https:\/\/moverdb.com\/wp-content\/uploads\/Monex-Mongolian-Express-international-moving-company-1024x453.png 1024w, https:\/\/moverdb.com\/wp-content\/uploads\/Monex-Mongolian-Express-international-moving-company-18x8.png 18w, https:\/\/moverdb.com\/wp-content\/uploads\/Monex-Mongolian-Express-international-moving-company-600x265.png 600w\" sizes=\"auto, (max-width: 1440px) 100vw, 1440px\" \/><\/p>\n<ul>\n<li>Ruchy krajowe<\/li>\n<li>Przeprowadzki mi\u0119dzynarodowe<\/li>\n<li>Przeprowadzki gospodarstw domowych<\/li>\n<li>Przesy\u0142ki handlowe<\/li>\n<li>Organizacja wysy\u0142ek<\/li>\n<li><a href=\"https:\/\/moverdb.com\/pl\/container-shipping\/\" data-internallinksmanager029f6b8e52c=\"3\" title=\"Wykres stawek mi\u0119dzynarodowego transportu kontenerowego: Kwiecie\u0144 2026 r.\">Spedycja kontenerowa<\/a><\/li>\n<li>Us\u0142ugi pakowania<\/li>\n<li>Transport drogowy, kolejowy, morski i lotniczy<\/li>\n<li>Odprawa celna<\/li>\n<li>Obiekty magazynowe<\/li>\n<\/ul>\n<p>Monex Mongolian Express to firma transportowo-logistyczna, kt\u00f3ra zosta\u0142a za\u0142o\u017cona w 1999 roku i ma siedzib\u0119 w Ulaanbaatar. Jest cz\u0142onkiem IAM z 24-letnim sta\u017cem, co zapewnia im mi\u0119dzynarodow\u0105 sie\u0107 agent\u00f3w przeprowadzkowych, kt\u00f3rzy mog\u0105 pom\u00f3c w \u015bwiadczeniu us\u0142ug na ca\u0142ym \u015bwiecie.<\/p>\n<p>Monex Mongolian Express \u015bwiadczy us\u0142ugi spedycyjne, kt\u00f3re obejmuj\u0105 przeprowadzki mi\u0119dzynarodowe i dostawy. Zorganizuj\u0105 oni wysy\u0142k\u0119 Twoich rzeczy drog\u0105 l\u0105dow\u0105, kolejow\u0105, morsk\u0105 lub powietrzn\u0105 i pomog\u0105 w odprawie celnej. Firma oferuje kontenery 20 i 40 stopowe do przewozu towar\u00f3w, jak r\u00f3wnie\u017c szereg pojazd\u00f3w o r\u00f3\u017cnych rozmiarach.<\/p>\n<p>Strona internetowa: <a href=\"http:\/\/www.monex.mn\" target=\"_blank\" rel=\"noopener\">http:\/\/www.monex.mn<\/a><\/p>","protected":false},"excerpt":{"rendered":"<p>Moving can be a stressful time especially if you are moving countries. If you are moving within, to or from Mongolia you may want to engage the services of a moving company to make your life easier. Below we have compiled a list of Mongolian removal companies that are members of the International Association of [&hellip;]<\/p>\n","protected":false},"author":4,"featured_media":0,"parent":190,"menu_order":0,"comment_status":"closed","ping_status":"closed","template":"","meta":{"_genesis_hide_title":false,"_genesis_hide_breadcrumbs":false,"_genesis_hide_singular_image":false,"_genesis_hide_footer_widgets":false,"_genesis_custom_body_class":"","_genesis_custom_post_class":"","_genesis_layout":"","footnotes":""},"class_list":{"0":"post-8434","1":"page","2":"type-page","3":"status-publish","5":"entry","6":"has-post-thumbnail"},"_links":{"self":[{"href":"https:\/\/moverdb.com\/pl\/wp-json\/wp\/v2\/pages\/8434","targetHints":{"allow":["GET"]}}],"collection":[{"href":"https:\/\/moverdb.com\/pl\/wp-json\/wp\/v2\/pages"}],"about":[{"href":"https:\/\/moverdb.com\/pl\/wp-json\/wp\/v2\/types\/page"}],"author":[{"embeddable":true,"href":"https:\/\/moverdb.com\/pl\/wp-json\/wp\/v2\/users\/4"}],"replies":[{"embeddable":true,"href":"https:\/\/moverdb.com\/pl\/wp-json\/wp\/v2\/comments?post=8434"}],"version-history":[{"count":1,"href":"https:\/\/moverdb.com\/pl\/wp-json\/wp\/v2\/pages\/8434\/revisions"}],"predecessor-version":[{"id":8435,"href":"https:\/\/moverdb.com\/pl\/wp-json\/wp\/v2\/pages\/8434\/revisions\/8435"}],"up":[{"embeddable":true,"href":"https:\/\/moverdb.com\/pl\/wp-json\/wp\/v2\/pages\/190"}],"wp:attachment":[{"href":"https:\/\/moverdb.com\/pl\/wp-json\/wp\/v2\/media?parent=8434"}],"curies":[{"name":"wp","href":"https:\/\/api.w.org\/{rel}","templated":true}]}}