{"id":8429,"date":"2023-04-27T14:44:53","date_gmt":"2023-04-27T14:44:53","guid":{"rendered":"https:\/\/moverdb.com\/?page_id=8429"},"modified":"2026-01-08T15:29:22","modified_gmt":"2026-01-08T15:29:22","slug":"moving-companies-mauritius","status":"publish","type":"page","link":"https:\/\/moverdb.com\/pl\/moving-companies\/moving-companies-mauritius\/","title":{"rendered":"6 Najlepsze firmy zajmuj\u0105ce si\u0119 przeprowadzkami mi\u0119dzynarodowymi na Mauritiusie"},"content":{"rendered":"<p>Przeprowadzka do domu lub firmy w obr\u0119bie, do lub z Mauritiusa mo\u017ce by\u0107 stresuj\u0105cym czasem, poniewa\u017c jest tak wiele do zorganizowania i papierkowej roboty do wype\u0142nienia, je\u015bli przenosisz si\u0119 za granic\u0119. Dlatego te\u017c wiele os\u00f3b korzysta z us\u0142ug <a href=\"https:\/\/moverdb.com\/pl\/moving-companies\/\" data-internallinksmanager029f6b8e52c=\"79\" title=\"25 najlepszych firm przeprowadzek mi\u0119dzynarodowych online\">przedsi\u0119biorstwo przeprowadzkowe<\/a> aby u\u0142atwi\u0107 im \u017cycie. Poni\u017cej przygotowali\u015bmy list\u0119 firm z siedzib\u0105 na Mauritiusie <a href=\"https:\/\/moverdb.com\/pl\/international-removals\/\" data-internallinksmanager029f6b8e52c=\"27\" title=\"36 najlepszych firm zajmuj\u0105cych si\u0119 przeprowadzkami mi\u0119dzynarodowymi w Wielkiej Brytanii\">przedsi\u0119biorstwa przeprowadzkowe<\/a> kt\u00f3re s\u0105 cz\u0142onkami <a href=\"https:\/\/moverdb.com\/pl\/iam\/\" data-internallinksmanager029f6b8e52c=\"23\" title=\"Mi\u0119dzynarodowe Stowarzyszenie Przewo\u017anik\u00f3w (IAM) - obja\u015bnienia\">Mi\u0119dzynarodowe Stowarzyszenie Przewo\u017anik\u00f3w<\/a> (IAM) i\/lub <a href=\"https:\/\/moverdb.com\/pl\/fidi-faim\/\" data-internallinksmanager029f6b8e52c=\"16\" title=\"FIDI i FAIM (FIDI Accredited International Mover) - obja\u015bnienia\">FIDI<\/a> Accredited International Mover (FAIM), kt\u00f3ry mo\u017ce pom\u00f3c w przeprowadzce.<\/p>\n<div id=\"ez-toc-container\" class=\"ez-toc-v2_0_82_2 ez-toc-wrap-left counter-hierarchy ez-toc-counter ez-toc-transparent ez-toc-container-direction\">\n<div class=\"ez-toc-title-container\">\n<p class=\"ez-toc-title\" style=\"cursor:inherit\">Sekcje<\/p>\n<span class=\"ez-toc-title-toggle\"><a href=\"#\" class=\"ez-toc-pull-right ez-toc-btn ez-toc-btn-xs ez-toc-btn-default ez-toc-toggle\" aria-label=\"Prze\u0142\u0105cznik Spisu Tre\u015bci\"><span class=\"ez-toc-js-icon-con\"><span class=\"\"><span class=\"eztoc-hide\" style=\"display:none;\">Toggle<\/span><span class=\"ez-toc-icon-toggle-span\"><svg style=\"fill: #999;color:#999\" xmlns=\"http:\/\/www.w3.org\/2000\/svg\" class=\"list-377408\" width=\"20px\" height=\"20px\" viewbox=\"0 0 24 24\" fill=\"none\"><path d=\"M6 6H4v2h2V6zm14 0H8v2h12V6zM4 11h2v2H4v-2zm16 0H8v2h12v-2zM4 16h2v2H4v-2zm16 0H8v2h12v-2z\" fill=\"currentColor\"><\/path><\/svg><svg style=\"fill: #999;color:#999\" class=\"arrow-unsorted-368013\" xmlns=\"http:\/\/www.w3.org\/2000\/svg\" width=\"10px\" height=\"10px\" viewbox=\"0 0 24 24\" version=\"1.2\" baseprofile=\"tiny\"><path d=\"M18.2 9.3l-6.2-6.3-6.2 6.3c-.2.2-.3.4-.3.7s.1.5.3.7c.2.2.4.3.7.3h11c.3 0 .5-.1.7-.3.2-.2.3-.5.3-.7s-.1-.5-.3-.7zM5.8 14.7l6.2 6.3 6.2-6.3c.2-.2.3-.5.3-.7s-.1-.5-.3-.7c-.2-.2-.4-.3-.7-.3h-11c-.3 0-.5.1-.7.3-.2.2-.3.5-.3.7s.1.5.3.7z\"\/><\/svg><\/span><\/span><\/span><\/a><\/span><\/div>\n<nav><ul class='ez-toc-list ez-toc-list-level-1 eztoc-toggle-hide-by-default' ><li class='ez-toc-page-1 ez-toc-heading-level-2'><a class=\"ez-toc-link ez-toc-heading-1\" href=\"https:\/\/moverdb.com\/pl\/moving-companies\/moving-companies-mauritius\/#1_Celero\" >1. Celero<\/a><\/li><li class='ez-toc-page-1 ez-toc-heading-level-2'><a class=\"ez-toc-link ez-toc-heading-2\" href=\"https:\/\/moverdb.com\/pl\/moving-companies\/moving-companies-mauritius\/#2_Freight_and_Transit_Co_Ltd\" >2. Freight and Transit Co Ltd<\/a><\/li><li class='ez-toc-page-1 ez-toc-heading-level-2'><a class=\"ez-toc-link ez-toc-heading-3\" href=\"https:\/\/moverdb.com\/pl\/moving-companies\/moving-companies-mauritius\/#3_Relocation_and_Moving_Solutions_Ltd\" >3. Relocation and Moving Solutions Ltd<\/a><\/li><li class='ez-toc-page-1 ez-toc-heading-level-2'><a class=\"ez-toc-link ez-toc-heading-4\" href=\"https:\/\/moverdb.com\/pl\/moving-companies\/moving-companies-mauritius\/#4_Somatrans\" >4. Somatrans<\/a><\/li><li class='ez-toc-page-1 ez-toc-heading-level-2'><a class=\"ez-toc-link ez-toc-heading-5\" href=\"https:\/\/moverdb.com\/pl\/moving-companies\/moving-companies-mauritius\/#5_Velogic\" >5. Velogic<\/a><\/li><li class='ez-toc-page-1 ez-toc-heading-level-2'><a class=\"ez-toc-link ez-toc-heading-6\" href=\"https:\/\/moverdb.com\/pl\/moving-companies\/moving-companies-mauritius\/#6_Worldwide_Relocation_Services\" >6. Us\u0142ugi relokacyjne na ca\u0142ym \u015bwiecie<\/a><\/li><\/ul><\/nav><\/div>\n<h2><span class=\"ez-toc-section\" id=\"1_Celero\"><\/span><strong>1. Celero<\/strong><span class=\"ez-toc-section-end\"><\/span><\/h2>\n<p><img loading=\"lazy\" decoding=\"async\" class=\"alignnone size-full wp-image-8296\" src=\"https:\/\/moverdb.com\/wp-content\/uploads\/Celero-international-moving-company.png\" alt=\"Firma Celero zajmuj\u0105ca si\u0119 przeprowadzkami mi\u0119dzynarodowymi\" width=\"1440\" height=\"671\" data-wp-pid=\"8296\" srcset=\"https:\/\/moverdb.com\/wp-content\/uploads\/Celero-international-moving-company.png 1440w, https:\/\/moverdb.com\/wp-content\/uploads\/Celero-international-moving-company-300x140.png 300w, https:\/\/moverdb.com\/wp-content\/uploads\/Celero-international-moving-company-1024x477.png 1024w, https:\/\/moverdb.com\/wp-content\/uploads\/Celero-international-moving-company-18x8.png 18w, https:\/\/moverdb.com\/wp-content\/uploads\/Celero-international-moving-company-600x280.png 600w\" sizes=\"auto, (max-width: 1440px) 100vw, 1440px\" \/><\/p>\n<ul>\n<li>Przeprowadzki mi\u0119dzynarodowe<\/li>\n<li>Przeprowadzki mieszkaniowe<\/li>\n<li>Przeprowadzki biurowe<\/li>\n<li>Profesjonalna us\u0142uga pakowania<\/li>\n<li>Fracht morski i lotniczy<\/li>\n<li>Us\u0142uga konsolidacji<\/li>\n<li>Odprawa celna<\/li>\n<li>Transport zwierz\u0105t<\/li>\n<li>Ubezpieczenia<\/li>\n<li>Bezpieczne przechowywanie<\/li>\n<\/ul>\n<p>Celero to niezale\u017cna firma logistyczna za\u0142o\u017cona w 2009 roku z siedzib\u0105 na Mauritiusie i biurem w <a href=\"https:\/\/moverdb.com\/pl\/moving-companies\/moving-companies-madagascar\/\" data-internallinksmanager029f6b8e52c=\"297\" title=\"Najlepsze firmy zajmuj\u0105ce si\u0119 przeprowadzkami mi\u0119dzynarodowymi na Madagaskarze\">Madagaskar<\/a> zbyt. S\u0105 cz\u0142onkiem IAM z 14-letnim sta\u017cem, co daje im dost\u0119p do mi\u0119dzynarodowej sieci agent\u00f3w przeprowadzkowych, kt\u00f3rzy pomagaj\u0105 w przeprowadzkach mi\u0119dzynarodowych.<\/p>\n<p>Celero oferuje us\u0142ugi przeprowadzkowe w zakresie przeprowadzek mieszkaniowych i biurowych. Zapewniaj\u0105 profesjonaln\u0105 us\u0142ug\u0119 pakowania i owijania, aby chroni\u0107 Twoje rzeczy w transporcie, a tak\u017ce rozpakuj\u0105 i usun\u0105 gruz. Zorganizuj\u0105 bezpieczny transport Twoich rzeczy drog\u0105 morsk\u0105 lub powietrzn\u0105 i pomog\u0105 w odprawie celnej. Oferuj\u0105 r\u00f3wnie\u017c transport zwierz\u0105t, ubezpieczenie i bezpieczne przechowywanie.<\/p>\n<p>Strona internetowa: <a href=\"http:\/\/www.celerogroup.com\" target=\"_blank\" rel=\"noopener\">http:\/\/www.celerogroup.com<\/a><\/p>\n<h2><span class=\"ez-toc-section\" id=\"2_Freight_and_Transit_Co_Ltd\"><\/span><strong>2. Freight and Transit Co Ltd<\/strong><span class=\"ez-toc-section-end\"><\/span><\/h2>\n<p><img loading=\"lazy\" decoding=\"async\" class=\"alignnone size-full wp-image-8315\" src=\"https:\/\/moverdb.com\/wp-content\/uploads\/Freight-and-Transit-Co-Ltd-international-moving-company.png\" alt=\"Freight and Transit Co Ltd przedsi\u0119biorstwo przeprowadzek mi\u0119dzynarodowych\" width=\"1440\" height=\"655\" data-wp-pid=\"8315\" srcset=\"https:\/\/moverdb.com\/wp-content\/uploads\/Freight-and-Transit-Co-Ltd-international-moving-company.png 1440w, https:\/\/moverdb.com\/wp-content\/uploads\/Freight-and-Transit-Co-Ltd-international-moving-company-300x136.png 300w, https:\/\/moverdb.com\/wp-content\/uploads\/Freight-and-Transit-Co-Ltd-international-moving-company-1024x466.png 1024w, https:\/\/moverdb.com\/wp-content\/uploads\/Freight-and-Transit-Co-Ltd-international-moving-company-18x8.png 18w, https:\/\/moverdb.com\/wp-content\/uploads\/Freight-and-Transit-Co-Ltd-international-moving-company-600x273.png 600w\" sizes=\"auto, (max-width: 1440px) 100vw, 1440px\" \/><\/p>\n<ul>\n<li>Przeprowadzki lokalne<\/li>\n<li>Przeprowadzki mi\u0119dzynarodowe<\/li>\n<li>Przeprowadzki gospodarstw domowych<\/li>\n<li>Rozwi\u0105zania typu \"od drzwi do drzwi<\/li>\n<li>Profesjonalne pakowanie<\/li>\n<li>Fracht morski i lotniczy<\/li>\n<li>Odprawa celna<\/li>\n<li>Transport zwierz\u0105t<\/li>\n<li>Ubezpieczenia<\/li>\n<li>Bezpieczne przechowywanie<\/li>\n<\/ul>\n<p>Freight and Transit Co Ltd jest firm\u0105 transportow\u0105 i spedycyjn\u0105 za\u0142o\u017con\u0105 w 1994 roku. S\u0105 cz\u0142onkiem IAM z 29-letnim sta\u017cem, co daje im dost\u0119p do mi\u0119dzynarodowej sieci agent\u00f3w przeprowadzkowych.<\/p>\n<p>Freight and Transit Co Ltd oferuje us\u0142ug\u0119 przeprowadzki od drzwi do drzwi w kraju i za granic\u0105. Zapewniaj\u0105 profesjonaln\u0105 us\u0142ug\u0119 pakowania, kt\u00f3ra obejmuje pakowanie i owijanie rzeczy, demonta\u017c i monta\u017c mebli, rozpakowanie i usuni\u0119cie wszelkich pozosta\u0142o\u015bci. Pomog\u0105 Ci wybra\u0107 najbardziej optymaln\u0105 opcj\u0119 przeprowadzki, w tym fracht lotniczy i morski. Pomog\u0105 w odprawie celnej i dokumentacji, a tak\u017ce zaoferuj\u0105 ubezpieczenie i bezpieczne przechowywanie w razie potrzeby.<\/p>\n<p>Strona internetowa: <a href=\"http:\/\/www.ftl.mu\" target=\"_blank\" rel=\"noopener\">http:\/\/www.ftl.mu<\/a><\/p>\n<h2><span class=\"ez-toc-section\" id=\"3_Relocation_and_Moving_Solutions_Ltd\"><\/span><strong>3. Relocation and Moving Solutions Ltd<\/strong><span class=\"ez-toc-section-end\"><\/span><\/h2>\n<p><img loading=\"lazy\" decoding=\"async\" class=\"alignnone size-full wp-image-8359\" src=\"https:\/\/moverdb.com\/wp-content\/uploads\/Relocation-and-Moving-Solutions-Ltd-international-moving-company.png\" alt=\"Relocation and Moving Solutions Ltd firma zajmuj\u0105ca si\u0119 przeprowadzkami mi\u0119dzynarodowymi\" width=\"1440\" height=\"679\" data-wp-pid=\"8359\" srcset=\"https:\/\/moverdb.com\/wp-content\/uploads\/Relocation-and-Moving-Solutions-Ltd-international-moving-company.png 1440w, https:\/\/moverdb.com\/wp-content\/uploads\/Relocation-and-Moving-Solutions-Ltd-international-moving-company-300x141.png 300w, https:\/\/moverdb.com\/wp-content\/uploads\/Relocation-and-Moving-Solutions-Ltd-international-moving-company-1024x483.png 1024w, https:\/\/moverdb.com\/wp-content\/uploads\/Relocation-and-Moving-Solutions-Ltd-international-moving-company-18x8.png 18w, https:\/\/moverdb.com\/wp-content\/uploads\/Relocation-and-Moving-Solutions-Ltd-international-moving-company-600x283.png 600w\" sizes=\"auto, (max-width: 1440px) 100vw, 1440px\" \/><\/p>\n<ul>\n<li>Ruchy krajowe<\/li>\n<li>Przeprowadzki mi\u0119dzynarodowe<\/li>\n<li>Przeprowadzki gospodarstw domowych<\/li>\n<li>Przeprowadzka z biura<\/li>\n<li>Rozwi\u0105zania dostosowane do potrzeb klienta<\/li>\n<li>Us\u0142ugi \"od drzwi do drzwi<\/li>\n<li>Us\u0142uga pakowania<\/li>\n<li>Transport drogowy, morski lub lotniczy<\/li>\n<li>Odprawa celna<\/li>\n<li>Przechowywanie kr\u00f3tko i d\u0142ugoterminowe<\/li>\n<\/ul>\n<p>Relocation and Moving Solutions Ltd jest firm\u0105 \u015bwiadcz\u0105c\u0105 us\u0142ugi przeprowadzkowe w systemie \"od drzwi do drzwi\", kt\u00f3ra oferuje us\u0142ugi przeprowadzkowe w obr\u0119bie, do i z Mauritiusa. Wsp\u00f3\u0142pracuje z akredytowanymi partnerami, aby \u015bwiadczy\u0107 swoje us\u0142ugi na skal\u0119 mi\u0119dzynarodow\u0105 i jest cz\u0142onkiem IAM.<\/p>\n<p>Relocation and Moving Solutions Ltd oferuje dostosowane do potrzeb klienta us\u0142ugi przeprowadzkowe, kt\u00f3re obejmuj\u0105 us\u0142ug\u0119 \"od drzwi do drzwi\" dla przeprowadzek krajowych i mi\u0119dzynarodowych. Zapewniaj\u0105 us\u0142ug\u0119 pakowania, kt\u00f3ra wykorzystuje najwy\u017cszej jako\u015bci materia\u0142y, aby zapewni\u0107 ochron\u0119 przedmiot\u00f3w, w tym wykorzystanie skrzy\u0144 i mocowa\u0144. Zorganizuj\u0105 transport drogowy, lotniczy i morski Twoich rzeczy oraz pomog\u0105 w odprawie celnej.<\/p>\n<p>Strona internetowa: <a href=\"http:\/\/mauritius-relocation.com\/\" target=\"_blank\" rel=\"noopener\">http:\/\/mauritius-relocation.com\/<\/a><\/p>\n<h2><span class=\"ez-toc-section\" id=\"4_Somatrans\"><\/span><strong>4. Somatrans<\/strong><span class=\"ez-toc-section-end\"><\/span><\/h2>\n<p><img loading=\"lazy\" decoding=\"async\" class=\"alignnone size-full wp-image-8366\" src=\"https:\/\/moverdb.com\/wp-content\/uploads\/Somatrans-international-moving-company.png\" alt=\"Mi\u0119dzynarodowa firma przeprowadzkowa Somatrans\" width=\"1440\" height=\"632\" data-wp-pid=\"8366\" srcset=\"https:\/\/moverdb.com\/wp-content\/uploads\/Somatrans-international-moving-company.png 1440w, https:\/\/moverdb.com\/wp-content\/uploads\/Somatrans-international-moving-company-300x132.png 300w, https:\/\/moverdb.com\/wp-content\/uploads\/Somatrans-international-moving-company-1024x449.png 1024w, https:\/\/moverdb.com\/wp-content\/uploads\/Somatrans-international-moving-company-18x8.png 18w, https:\/\/moverdb.com\/wp-content\/uploads\/Somatrans-international-moving-company-600x263.png 600w\" sizes=\"auto, (max-width: 1440px) 100vw, 1440px\" \/><\/p>\n<ul>\n<li>Ruchy krajowe<\/li>\n<li>Przeprowadzki mi\u0119dzynarodowe<\/li>\n<li>Przeprowadzki gospodarstw domowych<\/li>\n<li>Us\u0142uga \"od drzwi do drzwi\".<\/li>\n<li>Us\u0142uga pakowania<\/li>\n<li>Fracht morski i lotniczy<\/li>\n<li>Wyb\u00f3r <a href=\"https:\/\/moverdb.com\/pl\/shipping-container-sizes-and-dimensions\/\" data-internallinksmanager029f6b8e52c=\"247\" title=\"Ostateczny przewodnik po rozmiarach i wymiarach kontener\u00f3w transportowych\">wielko\u015bci pojemnik\u00f3w<\/a><\/li>\n<li>Maklerstwo celne<\/li>\n<li>Ubezpieczenia<\/li>\n<li>Obiekty magazynowe<\/li>\n<\/ul>\n<p>Somatrans jest mi\u0119dzynarodowym <a href=\"https:\/\/moverdb.com\/pl\/freight-forwarder\/\" data-internallinksmanager029f6b8e52c=\"17\" title=\"Spedytor i NVOCC Mi\u0119dzynarodowy Przewodnik po Kosztach i Firmach\">spedytor<\/a> z siedzib\u0105 w Ruche Terre z biurami na mi\u0119dzynarodowym lotnisku SSR. Maj\u0105 powi\u0105zania z renomowanych i wykwalifikowanych mi\u0119dzynarodowych przewo\u017anik\u00f3w, aby pom\u00f3c im \u015bwiadczy\u0107 us\u0142ugi na ca\u0142ym \u015bwiecie. S\u0105 one r\u00f3wnie\u017c cz\u0142onkiem IAM z 50 lat s\u0142u\u017cby.<\/p>\n<p>Somatrans oferuje us\u0142ugi przeprowadzkowe \"od drzwi do drzwi\" z profesjonalnymi pracownikami, kt\u00f3rzy maj\u0105 do\u015bwiadczenie w przeprowadzkach mi\u0119dzynarodowych. Daj\u0105 Ci mo\u017cliwo\u015b\u0107 spakowania swoich rzeczy lub pozwoli\u0107 im spakowa\u0107 si\u0119 za Ciebie, a tak\u017ce zapewniaj\u0105 palety i opcje kraterowania. Oferuj\u0105 fracht lotniczy i morski, kt\u00f3ry obejmuje \u0142adunki pe\u0142nokontenerowe i mniej ni\u017c kontenerowe, a tak\u017ce opcje konsolidacji.<\/p>\n<p>Strona internetowa: <a href=\"http:\/\/www.somatrans.mu\" target=\"_blank\" rel=\"noopener\">http:\/\/www.somatrans.mu<\/a><\/p>\n<h2><span class=\"ez-toc-section\" id=\"5_Velogic\"><\/span><strong>5. Velogic<\/strong><span class=\"ez-toc-section-end\"><\/span><\/h2>\n<p><img loading=\"lazy\" decoding=\"async\" class=\"alignnone size-full wp-image-8380\" src=\"https:\/\/moverdb.com\/wp-content\/uploads\/Velogic-international-moving-company.png\" alt=\"Firma Velogic zajmuj\u0105ca si\u0119 przeprowadzkami mi\u0119dzynarodowymi\" width=\"1440\" height=\"678\" data-wp-pid=\"8380\" srcset=\"https:\/\/moverdb.com\/wp-content\/uploads\/Velogic-international-moving-company.png 1440w, https:\/\/moverdb.com\/wp-content\/uploads\/Velogic-international-moving-company-300x141.png 300w, https:\/\/moverdb.com\/wp-content\/uploads\/Velogic-international-moving-company-1024x482.png 1024w, https:\/\/moverdb.com\/wp-content\/uploads\/Velogic-international-moving-company-18x8.png 18w, https:\/\/moverdb.com\/wp-content\/uploads\/Velogic-international-moving-company-600x283.png 600w\" sizes=\"auto, (max-width: 1440px) 100vw, 1440px\" \/><\/p>\n<ul>\n<li>Ruchy krajowe<\/li>\n<li>Przeprowadzki mi\u0119dzynarodowe<\/li>\n<li>Przeprowadzki gospodarstw domowych<\/li>\n<li>Us\u0142ugi korporacyjne<\/li>\n<li>Rozwi\u0105zania szyte na miar\u0119<\/li>\n<li>Transport l\u0105dowy, morski i lotniczy<\/li>\n<li>Zakres opcji obci\u0105\u017cenia<\/li>\n<li>Odprawa celna<\/li>\n<li>Platforma \u015bledzenia<\/li>\n<li>Obiekty magazynowe<\/li>\n<\/ul>\n<p>Velogic to firma logistyczna, kt\u00f3ra prowadzi dzia\u0142alno\u015b\u0107 na ca\u0142ym \u015bwiecie w 38 lokalizacjach, w tym na Mauritiusie, <a href=\"https:\/\/moverdb.com\/pl\/moving-to-france\/\" data-internallinksmanager029f6b8e52c=\"315\" title=\"Przeprowadzka do Francji? Koszty \u017cycia i wskaz\u00f3wki dotycz\u0105ce przeprowadzki w 2023 r.\">Francja<\/a>, <a href=\"https:\/\/moverdb.com\/pl\/moving-to-india\/\" data-internallinksmanager029f6b8e52c=\"356\" title=\"Przeprowadzka do Indii? Koszty utrzymania i wskaz\u00f3wki dotycz\u0105ce relokacji w 2023 r.\">Indie<\/a>, Madagaskar, <a href=\"https:\/\/moverdb.com\/pl\/moving-companies\/moving-companies-kenya\/\" data-internallinksmanager029f6b8e52c=\"305\" title=\"4 Najlepsze firmy zajmuj\u0105ce si\u0119 przeprowadzkami mi\u0119dzynarodowymi w Kenii\">Kenia<\/a> i Wyspa Reunion. Wsp\u00f3\u0142pracuj\u0105 z sieci\u0105 agent\u00f3w przeprowadzek mi\u0119dzynarodowych, aby rozszerzy\u0107 swoje zasoby i mo\u017cliwo\u015bci \u015bwiadczenia us\u0142ug na skal\u0119 mi\u0119dzynarodow\u0105. S\u0105 cz\u0142onkiem IAM z 30-letnim sta\u017cem.<\/p>\n<p>Velogic oferuje dostosowane do potrzeb rozwi\u0105zania dla importu i eksportu, kt\u00f3re obejmuj\u0105 us\u0142ugi przeprowadzkowe. Oferuje szereg opcji transportowych, kt\u00f3re obejmuj\u0105 fracht lotniczy, morski i drogowy wraz z odpraw\u0105 celn\u0105. Ich fracht morski obejmuje \u0142adunek mniejszy ni\u017c kontenerowy oraz \u0142adunek pe\u0142nokontenerowy.<\/p>\n<p>Strona internetowa: <a href=\"http:\/\/www.velogic.net\" target=\"_blank\" rel=\"noopener\">http:\/\/www.velogic.net<\/a><\/p>\n<h2><span class=\"ez-toc-section\" id=\"6_Worldwide_Relocation_Services\"><\/span><strong>6. Us\u0142ugi relokacyjne na ca\u0142ym \u015bwiecie<\/strong><span class=\"ez-toc-section-end\"><\/span><\/h2>\n<p>&nbsp;<img loading=\"lazy\" decoding=\"async\" class=\"alignnone size-full wp-image-8430\" src=\"https:\/\/moverdb.com\/wp-content\/uploads\/Worldwide-Relocation-Services-international-moving-company.png\" alt=\"Worldwide Relocation Services firma zajmuj\u0105ca si\u0119 przeprowadzkami mi\u0119dzynarodowymi\" width=\"1440\" height=\"683\" data-wp-pid=\"8430\" srcset=\"https:\/\/moverdb.com\/wp-content\/uploads\/Worldwide-Relocation-Services-international-moving-company.png 1440w, https:\/\/moverdb.com\/wp-content\/uploads\/Worldwide-Relocation-Services-international-moving-company-300x142.png 300w, https:\/\/moverdb.com\/wp-content\/uploads\/Worldwide-Relocation-Services-international-moving-company-1024x486.png 1024w, https:\/\/moverdb.com\/wp-content\/uploads\/Worldwide-Relocation-Services-international-moving-company-18x9.png 18w, https:\/\/moverdb.com\/wp-content\/uploads\/Worldwide-Relocation-Services-international-moving-company-600x285.png 600w\" sizes=\"auto, (max-width: 1440px) 100vw, 1440px\" \/><\/p>\n<ul>\n<li>Ruchy krajowe<\/li>\n<li>Przeprowadzki mi\u0119dzynarodowe<\/li>\n<li>Przeprowadzki i przeniesienia gospodarstw domowych<\/li>\n<li>Przeprowadzki biurowe<\/li>\n<li>Osobisty mened\u017cer ds. przeprowadzek<\/li>\n<li>Us\u0142uga \"od drzwi do drzwi\".<\/li>\n<li>Us\u0142uga pakowania<\/li>\n<li>Transport z doradztwem celnym<\/li>\n<li>Us\u0142ugi przewozu zwierz\u0105t domowych<\/li>\n<li>Obiekty magazynowe<\/li>\n<\/ul>\n<p>Worldwide Relocation Services to firma zajmuj\u0105ca si\u0119 przeprowadzkami i relokacjami, kt\u00f3ra zapewnia globalny zasi\u0119g dla przeprowadzek gospodarstw domowych. Wsp\u00f3\u0142pracuje ona z wieloma agentami przeprowadzkowymi na ca\u0142ym \u015bwiecie, aby zapewni\u0107 przeprowadzki mi\u0119dzynarodowe, a tak\u017ce jest cz\u0142onkiem IAM.<\/p>\n<p>Worldwide Relocation Services oferuje zwinne podej\u015bcie do transportu i przydziela osobistego mened\u017cera przeprowadzki i do\u015bwiadczonego konsultanta przeprowadzki mi\u0119dzynarodowej, aby pom\u00f3c. Oferuj\u0105 us\u0142ug\u0119 \"od drzwi do drzwi\", w tym profesjonalne pakowanie, pakowanie mebli i antyk\u00f3w, przeprowadzki dzie\u0142 sztuki oraz us\u0142ugi przewozu zwierz\u0105t domowych. Zorganizuj\u0105 oni transport Twoich przedmiot\u00f3w, kt\u00f3ry obejmuje doradztwo celne i ubezpieczenie.<\/p>\n<p>Strona internetowa: <a href=\"http:\/\/www.relocation.mu\" target=\"_blank\" rel=\"noopener\">http:\/\/www.relocation.mu<\/a><\/p>","protected":false},"excerpt":{"rendered":"<p>Moving home or business within, to or from Mauritius can be a stressful time as there is so much to organise and paperwork to complete if you are moving abroad. This is why many people engage the services of a moving company to make their life easier. Below we have compiled a list of Mauritius [&hellip;]<\/p>\n","protected":false},"author":4,"featured_media":0,"parent":190,"menu_order":0,"comment_status":"closed","ping_status":"closed","template":"","meta":{"_genesis_hide_title":false,"_genesis_hide_breadcrumbs":false,"_genesis_hide_singular_image":false,"_genesis_hide_footer_widgets":false,"_genesis_custom_body_class":"","_genesis_custom_post_class":"","_genesis_layout":"","footnotes":""},"class_list":{"0":"post-8429","1":"page","2":"type-page","3":"status-publish","5":"entry","6":"has-post-thumbnail"},"_links":{"self":[{"href":"https:\/\/moverdb.com\/pl\/wp-json\/wp\/v2\/pages\/8429","targetHints":{"allow":["GET"]}}],"collection":[{"href":"https:\/\/moverdb.com\/pl\/wp-json\/wp\/v2\/pages"}],"about":[{"href":"https:\/\/moverdb.com\/pl\/wp-json\/wp\/v2\/types\/page"}],"author":[{"embeddable":true,"href":"https:\/\/moverdb.com\/pl\/wp-json\/wp\/v2\/users\/4"}],"replies":[{"embeddable":true,"href":"https:\/\/moverdb.com\/pl\/wp-json\/wp\/v2\/comments?post=8429"}],"version-history":[{"count":1,"href":"https:\/\/moverdb.com\/pl\/wp-json\/wp\/v2\/pages\/8429\/revisions"}],"predecessor-version":[{"id":8431,"href":"https:\/\/moverdb.com\/pl\/wp-json\/wp\/v2\/pages\/8429\/revisions\/8431"}],"up":[{"embeddable":true,"href":"https:\/\/moverdb.com\/pl\/wp-json\/wp\/v2\/pages\/190"}],"wp:attachment":[{"href":"https:\/\/moverdb.com\/pl\/wp-json\/wp\/v2\/media?parent=8429"}],"curies":[{"name":"wp","href":"https:\/\/api.w.org\/{rel}","templated":true}]}}