{"id":8424,"date":"2023-04-27T14:46:03","date_gmt":"2023-04-27T14:46:03","guid":{"rendered":"https:\/\/moverdb.com\/?page_id=8424"},"modified":"2026-01-08T15:24:47","modified_gmt":"2026-01-08T15:24:47","slug":"moving-companies-malta","status":"publish","type":"page","link":"https:\/\/moverdb.com\/pl\/moving-companies\/moving-companies-malta\/","title":{"rendered":"4 Najlepsze firmy zajmuj\u0105ce si\u0119 przeprowadzkami mi\u0119dzynarodowymi na Malcie"},"content":{"rendered":"<p>Kiedy planujesz przeprowadzk\u0119, czy nape\u0142nia ci\u0119 zgroza my\u015bl\u0105c o liczbie zada\u0144, kt\u00f3re b\u0119dziesz musia\u0142 wykona\u0107 i o pakowaniu? Mo\u017cesz u\u0142atwi\u0107 sobie \u017cycie zatrudniaj\u0105c <a href=\"https:\/\/moverdb.com\/pl\/moving-companies\/\" data-internallinksmanager029f6b8e52c=\"79\" title=\"25 najlepszych firm przeprowadzek mi\u0119dzynarodowych online\">przedsi\u0119biorstwo przeprowadzkowe<\/a> zorganizowa\u0107 transport, za\u0142atwi\u0107 formalno\u015bci i spakowa\u0107 swoje rzeczy. Poni\u017cej przygotowali\u015bmy list\u0119 malta\u0144skich <a href=\"https:\/\/moverdb.com\/pl\/international-removals\/\" data-internallinksmanager029f6b8e52c=\"27\" title=\"36 najlepszych firm zajmuj\u0105cych si\u0119 przeprowadzkami mi\u0119dzynarodowymi w Wielkiej Brytanii\">przedsi\u0119biorstwa przeprowadzkowe<\/a> kt\u00f3re s\u0105 cz\u0142onkami <a href=\"https:\/\/moverdb.com\/pl\/iam\/\" data-internallinksmanager029f6b8e52c=\"23\" title=\"Mi\u0119dzynarodowe Stowarzyszenie Przewo\u017anik\u00f3w (IAM) - obja\u015bnienia\">Mi\u0119dzynarodowe Stowarzyszenie Przewo\u017anik\u00f3w<\/a> (IAM) i\/lub <a href=\"https:\/\/moverdb.com\/pl\/fidi-faim\/\" data-internallinksmanager029f6b8e52c=\"16\" title=\"FIDI i FAIM (FIDI Accredited International Mover) - obja\u015bnienia\">FIDI<\/a> Accredited International Mover (FAIM), kt\u00f3ra mo\u017ce pom\u00f3c Ci w przeprowadzce.<\/p>\n<div id=\"ez-toc-container\" class=\"ez-toc-v2_0_82_2 ez-toc-wrap-left counter-hierarchy ez-toc-counter ez-toc-transparent ez-toc-container-direction\">\n<div class=\"ez-toc-title-container\">\n<p class=\"ez-toc-title\" style=\"cursor:inherit\">Sekcje<\/p>\n<span class=\"ez-toc-title-toggle\"><a href=\"#\" class=\"ez-toc-pull-right ez-toc-btn ez-toc-btn-xs ez-toc-btn-default ez-toc-toggle\" aria-label=\"Prze\u0142\u0105cznik Spisu Tre\u015bci\"><span class=\"ez-toc-js-icon-con\"><span class=\"\"><span class=\"eztoc-hide\" style=\"display:none;\">Toggle<\/span><span class=\"ez-toc-icon-toggle-span\"><svg style=\"fill: #999;color:#999\" xmlns=\"http:\/\/www.w3.org\/2000\/svg\" class=\"list-377408\" width=\"20px\" height=\"20px\" viewbox=\"0 0 24 24\" fill=\"none\"><path d=\"M6 6H4v2h2V6zm14 0H8v2h12V6zM4 11h2v2H4v-2zm16 0H8v2h12v-2zM4 16h2v2H4v-2zm16 0H8v2h12v-2z\" fill=\"currentColor\"><\/path><\/svg><svg style=\"fill: #999;color:#999\" class=\"arrow-unsorted-368013\" xmlns=\"http:\/\/www.w3.org\/2000\/svg\" width=\"10px\" height=\"10px\" viewbox=\"0 0 24 24\" version=\"1.2\" baseprofile=\"tiny\"><path d=\"M18.2 9.3l-6.2-6.3-6.2 6.3c-.2.2-.3.4-.3.7s.1.5.3.7c.2.2.4.3.7.3h11c.3 0 .5-.1.7-.3.2-.2.3-.5.3-.7s-.1-.5-.3-.7zM5.8 14.7l6.2 6.3 6.2-6.3c.2-.2.3-.5.3-.7s-.1-.5-.3-.7c-.2-.2-.4-.3-.7-.3h-11c-.3 0-.5.1-.7.3-.2.2-.3.5-.3.7s.1.5.3.7z\"\/><\/svg><\/span><\/span><\/span><\/a><\/span><\/div>\n<nav><ul class='ez-toc-list ez-toc-list-level-1 eztoc-toggle-hide-by-default' ><li class='ez-toc-page-1 ez-toc-heading-level-2'><a class=\"ez-toc-link ez-toc-heading-1\" href=\"https:\/\/moverdb.com\/pl\/moving-companies\/moving-companies-malta\/#1_Cube_Relocations\" >1. Relokacje kostek<\/a><\/li><li class='ez-toc-page-1 ez-toc-heading-level-2'><a class=\"ez-toc-link ez-toc-heading-2\" href=\"https:\/\/moverdb.com\/pl\/moving-companies\/moving-companies-malta\/#2_DOM_Transport\" >2. Transport DOM<\/a><\/li><li class='ez-toc-page-1 ez-toc-heading-level-2'><a class=\"ez-toc-link ez-toc-heading-3\" href=\"https:\/\/moverdb.com\/pl\/moving-companies\/moving-companies-malta\/#3_Express_Trailers\" >3. Przyczepy ekspresowe<\/a><\/li><li class='ez-toc-page-1 ez-toc-heading-level-2'><a class=\"ez-toc-link ez-toc-heading-4\" href=\"https:\/\/moverdb.com\/pl\/moving-companies\/moving-companies-malta\/#4_Transpak\" >4. Transpak<\/a><\/li><li class='ez-toc-page-1 ez-toc-heading-level-2'><a class=\"ez-toc-link ez-toc-heading-5\" href=\"https:\/\/moverdb.com\/pl\/moving-companies\/moving-companies-malta\/#Other_Useful_Guides_to_Malta\" >Inne przydatne przewodniki po Malcie<\/a><\/li><\/ul><\/nav><\/div>\n<h2><span class=\"ez-toc-section\" id=\"1_Cube_Relocations\"><\/span><strong>1. Relokacje kostek<\/strong><span class=\"ez-toc-section-end\"><\/span><\/h2>\n<p><img loading=\"lazy\" decoding=\"async\" class=\"alignnone size-full wp-image-8301\" src=\"https:\/\/moverdb.com\/wp-content\/uploads\/Cube-Relocations-international-moving-company.png\" alt=\"Cube Relocations firma zajmuj\u0105ca si\u0119 przeprowadzkami mi\u0119dzynarodowymi\" width=\"1440\" height=\"680\" data-wp-pid=\"8301\" srcset=\"https:\/\/moverdb.com\/wp-content\/uploads\/Cube-Relocations-international-moving-company.png 1440w, https:\/\/moverdb.com\/wp-content\/uploads\/Cube-Relocations-international-moving-company-300x142.png 300w, https:\/\/moverdb.com\/wp-content\/uploads\/Cube-Relocations-international-moving-company-1024x484.png 1024w, https:\/\/moverdb.com\/wp-content\/uploads\/Cube-Relocations-international-moving-company-18x9.png 18w, https:\/\/moverdb.com\/wp-content\/uploads\/Cube-Relocations-international-moving-company-600x283.png 600w\" sizes=\"auto, (max-width: 1440px) 100vw, 1440px\" \/><\/p>\n<ul>\n<li>Ruchy krajowe<\/li>\n<li>Przeprowadzki mi\u0119dzynarodowe<\/li>\n<li>Przeprowadzki mieszkaniowe<\/li>\n<li>Przeprowadzki firm<\/li>\n<li>Dostosowana do potrzeb us\u0142uga \"od drzwi do drzwi<\/li>\n<li>Us\u0142uga pakowania<\/li>\n<li>Spedycja drogowa, lotnicza i morska<\/li>\n<li>Transport pojazd\u00f3w<\/li>\n<li>Ubezpieczenia<\/li>\n<li>Przechowywanie<\/li>\n<\/ul>\n<p>Cube Relocations to mi\u0119dzynarodowa firma przeprowadzkowa za\u0142o\u017cona w 2007 roku z siedzib\u0105 w Ghaxaq. Oferuj\u0105 krajowe i mi\u0119dzynarodowe przeprowadzki dla klient\u00f3w mieszkaniowych i korporacyjnych, kt\u00f3re s\u0105 wspierane przez ich mi\u0119dzynarodowe stowarzyszenia. S\u0105 cz\u0142onkiem IAM z 15-letnim sta\u017cem.<\/p>\n<p>Cube Relocations oferuje us\u0142ug\u0119 przeprowadzki dostosowan\u0105 do Twoich potrzeb i mo\u017ce dostarczy\u0107 us\u0142ug\u0119 od drzwi do drzwi. Zapewniaj\u0105 us\u0142ug\u0119 pakowania z w pe\u0142ni wyszkolonym zespo\u0142em, kt\u00f3ry u\u017cywa najwy\u017cszej jako\u015bci materia\u0142\u00f3w i pude\u0142ek. Zorganizuj\u0105 transport morski, drogowy lub lotniczy wraz z odpraw\u0105 celn\u0105. Po przyje\u017adzie rozpakuj\u0105, ustawi\u0105 Twoje meble i usun\u0105 wszelkie pozosta\u0142o\u015bci.<\/p>\n<p>Strona internetowa: <a href=\"http:\/\/www.cuberelocations.com\" target=\"_blank\" rel=\"noopener\">http:\/\/www.cuberelocations.com<\/a><\/p>\n<h2><span class=\"ez-toc-section\" id=\"2_DOM_Transport\"><\/span><strong>2. Transport DOM<\/strong><span class=\"ez-toc-section-end\"><\/span><\/h2>\n<p><img loading=\"lazy\" decoding=\"async\" class=\"alignnone size-full wp-image-8305\" src=\"https:\/\/moverdb.com\/wp-content\/uploads\/DOM-Transport-international-moving-company.png\" alt=\"DOM Transport firma zajmuj\u0105ca si\u0119 przeprowadzkami mi\u0119dzynarodowymi\" width=\"1440\" height=\"680\" data-wp-pid=\"8305\" srcset=\"https:\/\/moverdb.com\/wp-content\/uploads\/DOM-Transport-international-moving-company.png 1440w, https:\/\/moverdb.com\/wp-content\/uploads\/DOM-Transport-international-moving-company-300x142.png 300w, https:\/\/moverdb.com\/wp-content\/uploads\/DOM-Transport-international-moving-company-1024x484.png 1024w, https:\/\/moverdb.com\/wp-content\/uploads\/DOM-Transport-international-moving-company-18x9.png 18w, https:\/\/moverdb.com\/wp-content\/uploads\/DOM-Transport-international-moving-company-600x283.png 600w\" sizes=\"auto, (max-width: 1440px) 100vw, 1440px\" \/><\/p>\n<ul>\n<li>Przeprowadzki lokalne i krajowe<\/li>\n<li>Przeprowadzki mi\u0119dzynarodowe<\/li>\n<li>Przeprowadzki gospodarstw domowych<\/li>\n<li>Przeprowadzki biur i firm<\/li>\n<li>Us\u0142uga \"od drzwi do drzwi\".<\/li>\n<li>Us\u0142uga pakowania<\/li>\n<li>Fracht drogowy, morski i lotniczy<\/li>\n<li>Wsparcie celne<\/li>\n<li>Ubezpieczenia<\/li>\n<li>Obiekty magazynowe<\/li>\n<\/ul>\n<p>DOM Transport jest firm\u0105 przeprowadzkow\u0105 za\u0142o\u017con\u0105 na pocz\u0105tku lat 30-tych XX wieku z siedzib\u0105 w Qormi i oferuje us\u0142ugi przeprowadzek krajowych i mi\u0119dzynarodowych. Posiadaj\u0105 niezawodn\u0105 sie\u0107 partner\u00f3w na ca\u0142ym \u015bwiecie, kt\u00f3rzy pomagaj\u0105 im w przeprowadzkach mi\u0119dzynarodowych. Jest cz\u0142onkiem IAM z 91-letnim sta\u017cem.<\/p>\n<p>DOM Transport oferuje wizyt\u0119 geodety, aby oceni\u0107 Twoje potrzeby zwi\u0105zane z przeprowadzk\u0105 i przedstawi\u0107 wycen\u0119. Oferuj\u0105 us\u0142ug\u0119 door-to-door, kt\u00f3ra obejmuje ubezpieczenie i wszystkie us\u0142ugi. Zapewniaj\u0105 us\u0142ug\u0119 pakowania z do\u015bwiadczon\u0105 za\u0142og\u0105, kt\u00f3ra bezpiecznie zapakuje Twoje rzeczy i sporz\u0105dzi list\u0119 pakowania. Korzystaj\u0105 z us\u0142ug sprawdzonych spedytor\u00f3w, kt\u00f3rzy oferuj\u0105 \u0142adunki pe\u0142ne lub cz\u0119\u015bciowe oraz opcje \u0142adunk\u00f3w zbiorowych.<\/p>\n<p>Strona internetowa: <a href=\"http:\/\/www.domtransportmalta.com\" target=\"_blank\" rel=\"noopener\">http:\/\/www.domtransportmalta.com<\/a><\/p>\n<h2><span class=\"ez-toc-section\" id=\"3_Express_Trailers\"><\/span><strong>3. Przyczepy ekspresowe<\/strong><span class=\"ez-toc-section-end\"><\/span><\/h2>\n<p><img loading=\"lazy\" decoding=\"async\" class=\"alignnone size-full wp-image-8312\" src=\"https:\/\/moverdb.com\/wp-content\/uploads\/Express-Trailers-international-moving-company.png\" alt=\"Firma Express Trailers zajmuj\u0105ca si\u0119 przeprowadzkami mi\u0119dzynarodowymi\" width=\"1440\" height=\"680\" data-wp-pid=\"8312\" srcset=\"https:\/\/moverdb.com\/wp-content\/uploads\/Express-Trailers-international-moving-company.png 1440w, https:\/\/moverdb.com\/wp-content\/uploads\/Express-Trailers-international-moving-company-300x142.png 300w, https:\/\/moverdb.com\/wp-content\/uploads\/Express-Trailers-international-moving-company-1024x484.png 1024w, https:\/\/moverdb.com\/wp-content\/uploads\/Express-Trailers-international-moving-company-18x9.png 18w, https:\/\/moverdb.com\/wp-content\/uploads\/Express-Trailers-international-moving-company-600x283.png 600w\" sizes=\"auto, (max-width: 1440px) 100vw, 1440px\" \/><\/p>\n<ul>\n<li>Transport krajowy<\/li>\n<li>Transport mi\u0119dzynarodowy<\/li>\n<li>Us\u0142ugi biznesowe<\/li>\n<li>Wysy\u0142ka rzeczy osobistych<\/li>\n<li>Flota samochod\u00f3w ci\u0119\u017carowych z mo\u017cliwo\u015bci\u0105 \u015bledzenia pojazd\u00f3w<\/li>\n<li>Us\u0142uga \"od drzwi do drzwi\".<\/li>\n<li>Transport drogowy, morski i lotniczy<\/li>\n<li>Odprawa celna<\/li>\n<li>Transport samochodowy<\/li>\n<li>Bezpieczne przechowywanie<\/li>\n<\/ul>\n<p>Express Trailers to firma transportowa i logistyczna z siedzib\u0105 w Luqa. Oferuje ona dystrybucj\u0119 i transport w <a href=\"https:\/\/moverdb.com\/pl\/moving-to-malta\/\" data-internallinksmanager029f6b8e52c=\"433\" title=\"Przeprowadzka na Malt\u0119? Koszty \u017cycia i wskaz\u00f3wki dotycz\u0105ce przeprowadzki w 2023 r.\">Malta<\/a> i us\u0142ugi spedycyjne na skal\u0119 mi\u0119dzynarodow\u0105. Posiada mi\u0119dzynarodowe sojusze z zagranicznymi sieciami dystrybucji, aby \u015bwiadczy\u0107 swoje us\u0142ugi na ca\u0142ym \u015bwiecie. Firma jest cz\u0142onkiem IAM z 45-letnim sta\u017cem.<\/p>\n<p>Express Trailers oferuje us\u0142ug\u0119 \"od drzwi do drzwi\" w zakresie transportu towar\u00f3w na Malcie, do i z Malty, kt\u00f3ra obejmuje odpraw\u0119 celn\u0105 i deklaracje NSO dla importu i eksportu. Oferuje \u0142adunki pe\u0142ne i cz\u0119\u015bciowe, a tak\u017ce \u0142adunki zbiorowe w transporcie drogowym. Opcje frachtu morskiego obejmuj\u0105 \u0142adunki mniejsze ni\u017c kontenerowe i pe\u0142ne. We frachcie lotniczym oferuj\u0105 przesy\u0142ki bezpo\u015brednie.<\/p>\n<p>Strona internetowa: <a href=\"http:\/\/www.expressgroup.com\" target=\"_blank\" rel=\"noopener\">http:\/\/www.expressgroup.com<\/a><\/p>\n<h2><span class=\"ez-toc-section\" id=\"4_Transpak\"><\/span><strong>4. Transpak<\/strong><span class=\"ez-toc-section-end\"><\/span><\/h2>\n<p><img loading=\"lazy\" decoding=\"async\" class=\"alignnone size-full wp-image-8377\" src=\"https:\/\/moverdb.com\/wp-content\/uploads\/Transpak-international-moving-company.png\" alt=\"Transpak firma zajmuj\u0105ca si\u0119 przeprowadzkami mi\u0119dzynarodowymi\" width=\"1440\" height=\"673\" data-wp-pid=\"8377\" srcset=\"https:\/\/moverdb.com\/wp-content\/uploads\/Transpak-international-moving-company.png 1440w, https:\/\/moverdb.com\/wp-content\/uploads\/Transpak-international-moving-company-300x140.png 300w, https:\/\/moverdb.com\/wp-content\/uploads\/Transpak-international-moving-company-1024x479.png 1024w, https:\/\/moverdb.com\/wp-content\/uploads\/Transpak-international-moving-company-18x8.png 18w, https:\/\/moverdb.com\/wp-content\/uploads\/Transpak-international-moving-company-600x280.png 600w\" sizes=\"auto, (max-width: 1440px) 100vw, 1440px\" \/><\/p>\n<ul>\n<li>Ruchy krajowe<\/li>\n<li>Przeprowadzki mi\u0119dzynarodowe<\/li>\n<li>Przeprowadzki gospodarstw domowych<\/li>\n<li>Ruchy biznesowe<\/li>\n<li>Us\u0142ugi pakowania<\/li>\n<li>Wysokiej jako\u015bci opakowanie<\/li>\n<li>Organizacja transportu<\/li>\n<li>Obs\u0142uga dzie\u0142 sztuki<\/li>\n<li>Transport pojazd\u00f3w<\/li>\n<li>Ubezpieczenia<\/li>\n<\/ul>\n<p>Transpak to firma przeprowadzkowa za\u0142o\u017cona w 1976 roku, kt\u00f3ra oferuje mi\u0119dzynarodowe rozwi\u0105zania w zakresie pakowania i wysy\u0142ki. Posiadaj\u0105 sie\u0107 agent\u00f3w na ca\u0142ym \u015bwiecie, kt\u00f3rzy pomagaj\u0105 im w obs\u0142udze klient\u00f3w, kt\u00f3rzy przeprowadzaj\u0105 si\u0119 na lub z Malty. S\u0105 cz\u0142onkiem IAM z 47-letnim sta\u017cem.<\/p>\n<p>Firma Transpak oferuje zaawansowane produkty i technologie umo\u017cliwiaj\u0105ce bezpieczny transport Twoich przedmiot\u00f3w. Mog\u0105 produkowa\u0107 wysokiej jako\u015bci materia\u0142y opakowaniowe, kt\u00f3re obejmuj\u0105 kartony do pakowania i drewniane skrzynie, a tak\u017ce materia\u0142y ochronne. Mog\u0105 przenosi\u0107 r\u00f3\u017cnego rodzaju towary, w tym przedmioty gospodarstwa domowego, antyki, dzie\u0142a sztuki i pojazdy.<\/p>\n<p>Strona internetowa: <a href=\"http:\/\/www.transpakmalta.com\" target=\"_blank\" rel=\"noopener\">http:\/\/www.transpakmalta.com<\/a><\/p>\n<h2><span class=\"ez-toc-section\" id=\"Other_Useful_Guides_to_Malta\"><\/span>Inne przydatne przewodniki po Malcie <span class=\"ez-toc-section-end\"><\/span><\/h2>\n<ul>\n<li> <a href=\"https:\/\/moverdb.com\/pl\/przeladunek-w-kontenerach\/malta\/\">2024 Stawki za transport kontener\u00f3w morskich z i na Malt\u0119<\/a><\/li>\n<li> <a href=\"https:\/\/moverdb.com\/pl\/moving-to-malta\/\">Przeprowadzka na Malt\u0119? Koszty \u017cycia i wskaz\u00f3wki dotycz\u0105ce przeprowadzki w 2023 r.<\/a><\/li>\n<li> <a href=\"https:\/\/moverdb.com\/pl\/moving-to-malta\/living-in-malta\/\">21 sekret\u00f3w dotycz\u0105cych \u017cycia na Malcie, kt\u00f3re warto pozna\u0107 przed przeprowadzk\u0105<\/a><\/li>\n<\/ul>","protected":false},"excerpt":{"rendered":"<p>When you are planning a move does it fill you with dread thinking about the number of tasks you will need to do and the packing? You can make your life easier by employing a moving company to organise your transport, paperwork and pack your belongings. Below we have compiled a list of Maltese removal [&hellip;]<\/p>\n","protected":false},"author":4,"featured_media":0,"parent":190,"menu_order":0,"comment_status":"closed","ping_status":"closed","template":"","meta":{"_genesis_hide_title":false,"_genesis_hide_breadcrumbs":false,"_genesis_hide_singular_image":false,"_genesis_hide_footer_widgets":false,"_genesis_custom_body_class":"","_genesis_custom_post_class":"","_genesis_layout":"","footnotes":""},"class_list":{"0":"post-8424","1":"page","2":"type-page","3":"status-publish","5":"entry","6":"has-post-thumbnail"},"_links":{"self":[{"href":"https:\/\/moverdb.com\/pl\/wp-json\/wp\/v2\/pages\/8424","targetHints":{"allow":["GET"]}}],"collection":[{"href":"https:\/\/moverdb.com\/pl\/wp-json\/wp\/v2\/pages"}],"about":[{"href":"https:\/\/moverdb.com\/pl\/wp-json\/wp\/v2\/types\/page"}],"author":[{"embeddable":true,"href":"https:\/\/moverdb.com\/pl\/wp-json\/wp\/v2\/users\/4"}],"replies":[{"embeddable":true,"href":"https:\/\/moverdb.com\/pl\/wp-json\/wp\/v2\/comments?post=8424"}],"version-history":[{"count":3,"href":"https:\/\/moverdb.com\/pl\/wp-json\/wp\/v2\/pages\/8424\/revisions"}],"predecessor-version":[{"id":18368,"href":"https:\/\/moverdb.com\/pl\/wp-json\/wp\/v2\/pages\/8424\/revisions\/18368"}],"up":[{"embeddable":true,"href":"https:\/\/moverdb.com\/pl\/wp-json\/wp\/v2\/pages\/190"}],"wp:attachment":[{"href":"https:\/\/moverdb.com\/pl\/wp-json\/wp\/v2\/media?parent=8424"}],"curies":[{"name":"wp","href":"https:\/\/api.w.org\/{rel}","templated":true}]}}