{"id":8412,"date":"2023-04-27T14:49:22","date_gmt":"2023-04-27T14:49:22","guid":{"rendered":"https:\/\/moverdb.com\/?page_id=8412"},"modified":"2026-01-08T15:23:48","modified_gmt":"2026-01-08T15:23:48","slug":"moving-companies-macedonia","status":"publish","type":"page","link":"https:\/\/moverdb.com\/pl\/moving-companies\/moving-companies-macedonia\/","title":{"rendered":"2 Najlepsze mi\u0119dzynarodowe firmy przeprowadzkowe w Macedonii"},"content":{"rendered":"<p>Przeprowadzka mo\u017ce by\u0107 gor\u0105czkowym czasem z wieloma zadaniami do zrobienia i papierkow\u0105 robot\u0105 do wype\u0142nienia, zw\u0142aszcza je\u015bli przeprowadzasz si\u0119 za granic\u0119. To jest, gdzie <a href=\"https:\/\/moverdb.com\/pl\/moving-companies\/\" data-internallinksmanager029f6b8e52c=\"79\" title=\"25 najlepszych firm przeprowadzek mi\u0119dzynarodowych online\">przedsi\u0119biorstwo przeprowadzkowe<\/a> mo\u017ce pom\u00f3c w zmniejszeniu obci\u0105\u017cenia i zarz\u0105dzaniu przeprowadzk\u0105 dla Ciebie. Poni\u017cej przedstawiamy list\u0119 firm z siedzib\u0105 w Macedonii <a href=\"https:\/\/moverdb.com\/pl\/international-removals\/\" data-internallinksmanager029f6b8e52c=\"27\" title=\"36 najlepszych firm zajmuj\u0105cych si\u0119 przeprowadzkami mi\u0119dzynarodowymi w Wielkiej Brytanii\">przedsi\u0119biorstwa przeprowadzkowe<\/a> kt\u00f3re s\u0105 cz\u0142onkami <a href=\"https:\/\/moverdb.com\/pl\/iam\/\" data-internallinksmanager029f6b8e52c=\"23\" title=\"Mi\u0119dzynarodowe Stowarzyszenie Przewo\u017anik\u00f3w (IAM) - obja\u015bnienia\">Mi\u0119dzynarodowe Stowarzyszenie Przewo\u017anik\u00f3w<\/a> (IAM) i\/lub <a href=\"https:\/\/moverdb.com\/pl\/fidi-faim\/\" data-internallinksmanager029f6b8e52c=\"16\" title=\"FIDI i FAIM (FIDI Accredited International Mover) - obja\u015bnienia\">FIDI<\/a> Accredited International Mover (FAIM), kt\u00f3ra mo\u017ce pom\u00f3c Ci w przeprowadzce.<\/p>\n<h2><strong>1. Orbit Ltd International<\/strong><\/h2>\n<p><img loading=\"lazy\" decoding=\"async\" class=\"alignnone size-full wp-image-8352\" src=\"https:\/\/moverdb.com\/wp-content\/uploads\/Orbit-Macedonia-international-moving-company.png\" alt=\"Orbit Macedonia firma zajmuj\u0105ca si\u0119 przeprowadzkami mi\u0119dzynarodowymi\" width=\"1440\" height=\"681\" data-wp-pid=\"8352\" srcset=\"https:\/\/moverdb.com\/wp-content\/uploads\/Orbit-Macedonia-international-moving-company.png 1440w, https:\/\/moverdb.com\/wp-content\/uploads\/Orbit-Macedonia-international-moving-company-300x142.png 300w, https:\/\/moverdb.com\/wp-content\/uploads\/Orbit-Macedonia-international-moving-company-1024x484.png 1024w, https:\/\/moverdb.com\/wp-content\/uploads\/Orbit-Macedonia-international-moving-company-18x9.png 18w, https:\/\/moverdb.com\/wp-content\/uploads\/Orbit-Macedonia-international-moving-company-600x284.png 600w\" sizes=\"auto, (max-width: 1440px) 100vw, 1440px\" \/><\/p>\n<ul>\n<li>Ruchy krajowe<\/li>\n<li>Przeprowadzki mi\u0119dzynarodowe<\/li>\n<li>Przeprowadzki gospodarstw domowych<\/li>\n<li>Targi i wystawy<\/li>\n<li>Us\u0142uga \"od drzwi do drzwi\".<\/li>\n<li>Fracht drogowy, morski i lotniczy<\/li>\n<li>Wyb\u00f3r <a href=\"https:\/\/moverdb.com\/pl\/shipping-container-sizes-and-dimensions\/\" data-internallinksmanager029f6b8e52c=\"247\" title=\"Ostateczny przewodnik po rozmiarach i wymiarach kontener\u00f3w transportowych\">wielko\u015bci pojemnik\u00f3w<\/a><\/li>\n<li>Odprawa celna<\/li>\n<li>Ubezpieczenia<\/li>\n<li>Obiekty magazynowe<\/li>\n<\/ul>\n<p>Orbit Ltd International jest firm\u0105 spedycyjn\u0105 i przeprowadzkow\u0105 za\u0142o\u017con\u0105 w 2000 roku w Skopje w Macedonii i jest cz\u0119\u015bci\u0105 Orphee Beinoglou Group. Orbit specjalizuje si\u0119 w Macedonii P\u00f3\u0142nocnej i Kosowie, a Orphee Beinoglou w <a href=\"https:\/\/moverdb.com\/pl\/moving-to-greece\/\" data-internallinksmanager029f6b8e52c=\"353\" title=\"Przeprowadzka do Grecji? Koszty \u017cycia i wskaz\u00f3wki dotycz\u0105ce relokacji w 2023 r.\">Grecja<\/a> i Europy Wschodniej. S\u0105 cz\u0142onkiem IAM z 23-letnim sta\u017cem.<\/p>\n<p>Orbit Ltd International oferuje us\u0142ugi frachtu morskiego, kt\u00f3re obejmuj\u0105 szereg opcji, takich jak drobnica, pe\u0142ne kontenery i \u0142adunki masowe. Zapewniaj\u0105 fracht lotniczy z wyborem us\u0142ug premium, odroczonych, skonsolidowanych i czarterowych. Us\u0142uga frachtu samochodowego oferuje \u0142adunki pe\u0142ne lub cz\u0119\u015bciowe. Ich us\u0142ugi obejmuj\u0105 \u015bledzenie przesy\u0142ek, formalno\u015bci celne i ubezpieczenie.<\/p>\n<p>Strona internetowa: <a href=\"http:\/\/www.orbit.mk\" target=\"_blank\" rel=\"noopener\">http:\/\/www.orbit.mk<\/a><\/p>\n<h2><strong>2. DoraMoving<\/strong><\/h2>\n<p><img loading=\"lazy\" decoding=\"async\" class=\"alignnone size-full wp-image-8307\" src=\"https:\/\/moverdb.com\/wp-content\/uploads\/DoraMoving-international-moving-company.png\" alt=\"DoraMoving mi\u0119dzynarodowa firma przeprowadzkowa\" width=\"1440\" height=\"682\" data-wp-pid=\"8307\" srcset=\"https:\/\/moverdb.com\/wp-content\/uploads\/DoraMoving-international-moving-company.png 1440w, https:\/\/moverdb.com\/wp-content\/uploads\/DoraMoving-international-moving-company-300x142.png 300w, https:\/\/moverdb.com\/wp-content\/uploads\/DoraMoving-international-moving-company-1024x485.png 1024w, https:\/\/moverdb.com\/wp-content\/uploads\/DoraMoving-international-moving-company-18x9.png 18w, https:\/\/moverdb.com\/wp-content\/uploads\/DoraMoving-international-moving-company-600x284.png 600w\" sizes=\"auto, (max-width: 1440px) 100vw, 1440px\" \/><\/p>\n<ul>\n<li>Przeprowadzki lokalne<\/li>\n<li>Przeprowadzki mi\u0119dzynarodowe<\/li>\n<li>Przeprowadzki mieszkaniowe<\/li>\n<li>Przeprowadzki firm<\/li>\n<li>Us\u0142ugi dostosowane do potrzeb<\/li>\n<li>Cytat indywidualny<\/li>\n<li>Pe\u0142na lub cz\u0119\u015bciowa obs\u0142uga<\/li>\n<li>Us\u0142uga pakowania<\/li>\n<li>Organizacja transportu<\/li>\n<li>Bezpieczne przechowywanie<\/li>\n<\/ul>\n<p>DoraMoving to firma przeprowadzkowa, kt\u00f3ra zosta\u0142a za\u0142o\u017cona w 2019 roku w Skopje w Macedonii, kt\u00f3ra oferuje lokalne i mi\u0119dzynarodowe us\u0142ugi przeprowadzkowe dla klient\u00f3w mieszkaniowych i firmowych. S\u0105 cz\u0142onkiem IAM z czteroletnim sta\u017cem, kt\u00f3ry daje im dost\u0119p do mi\u0119dzynarodowej sieci agent\u00f3w przeprowadzkowych, aby je wspiera\u0107.<\/p>\n<p>DoraMoving oferuje us\u0142ugi przeprowadzkowe dopasowane do potrzeb klienta i zapewni Ci wycen\u0119 przeprowadzki na podstawie Twoich potrzeb i obj\u0119to\u015bci. Oferuj\u0105 wyb\u00f3r us\u0142ugi pakowania lub samodzielnego pakowania z dostarczonych materia\u0142\u00f3w. Ich us\u0142uga pakowania obejmuje pakowanie i rozpakowywanie, jak r\u00f3wnie\u017c demonta\u017c i monta\u017c mebli.<\/p>\n<p>Strona internetowa: <a href=\"https:\/\/doramoving.com\/en\/international-moving\/\" target=\"_blank\" rel=\"noopener\">https:\/\/doramoving.com\/en\/international-moving\/<\/a><\/p>","protected":false},"excerpt":{"rendered":"<p>Moving can be a hectic time with a lot of tasks to do and paperwork to complete, especially if you are moving abroad. This is where a moving company can assist in lightening your load and managing the move for you. Below we have compiled a list of Macedonia based removal companies that are members [&hellip;]<\/p>\n","protected":false},"author":4,"featured_media":0,"parent":190,"menu_order":0,"comment_status":"closed","ping_status":"closed","template":"","meta":{"_genesis_hide_title":false,"_genesis_hide_breadcrumbs":false,"_genesis_hide_singular_image":false,"_genesis_hide_footer_widgets":false,"_genesis_custom_body_class":"","_genesis_custom_post_class":"","_genesis_layout":"","footnotes":""},"class_list":{"0":"post-8412","1":"page","2":"type-page","3":"status-publish","5":"entry","6":"has-post-thumbnail"},"_links":{"self":[{"href":"https:\/\/moverdb.com\/pl\/wp-json\/wp\/v2\/pages\/8412","targetHints":{"allow":["GET"]}}],"collection":[{"href":"https:\/\/moverdb.com\/pl\/wp-json\/wp\/v2\/pages"}],"about":[{"href":"https:\/\/moverdb.com\/pl\/wp-json\/wp\/v2\/types\/page"}],"author":[{"embeddable":true,"href":"https:\/\/moverdb.com\/pl\/wp-json\/wp\/v2\/users\/4"}],"replies":[{"embeddable":true,"href":"https:\/\/moverdb.com\/pl\/wp-json\/wp\/v2\/comments?post=8412"}],"version-history":[{"count":1,"href":"https:\/\/moverdb.com\/pl\/wp-json\/wp\/v2\/pages\/8412\/revisions"}],"predecessor-version":[{"id":8413,"href":"https:\/\/moverdb.com\/pl\/wp-json\/wp\/v2\/pages\/8412\/revisions\/8413"}],"up":[{"embeddable":true,"href":"https:\/\/moverdb.com\/pl\/wp-json\/wp\/v2\/pages\/190"}],"wp:attachment":[{"href":"https:\/\/moverdb.com\/pl\/wp-json\/wp\/v2\/media?parent=8412"}],"curies":[{"name":"wp","href":"https:\/\/api.w.org\/{rel}","templated":true}]}}