{"id":8410,"date":"2023-04-27T14:49:53","date_gmt":"2023-04-27T14:49:53","guid":{"rendered":"https:\/\/moverdb.com\/?page_id=8410"},"modified":"2026-01-08T15:24:22","modified_gmt":"2026-01-08T15:24:22","slug":"moving-companies-luxembourg","status":"publish","type":"page","link":"https:\/\/moverdb.com\/pl\/moving-companies\/moving-companies-luxembourg\/","title":{"rendered":"3 Najlepsze firmy zajmuj\u0105ce si\u0119 przeprowadzkami mi\u0119dzynarodowymi w Luksemburgu"},"content":{"rendered":"<p>W przypadku przeprowadzki, czy to lokalnej, krajowej czy mi\u0119dzynarodowej, jest wiele do przemy\u015blenia i mo\u017ce sprawi\u0107, \u017ce nie b\u0119dziesz m\u00f3g\u0142 spa\u0107 w nocy. Zatrudnienie <a href=\"https:\/\/moverdb.com\/pl\/moving-companies\/\" data-internallinksmanager029f6b8e52c=\"79\" title=\"25 najlepszych firm przeprowadzek mi\u0119dzynarodowych online\">przedsi\u0119biorstwo przeprowadzkowe<\/a> do zarz\u0105dzania swoj\u0105 przeprowadzk\u0105 mo\u017ce j\u0105 upro\u015bci\u0107 i pom\u00f3c Ci lepiej spa\u0107. Poni\u017cej przygotowali\u015bmy list\u0119 <a href=\"https:\/\/moverdb.com\/pl\/moving-to-luxembourg\/\" data-internallinksmanager029f6b8e52c=\"349\" title=\"Przeprowadzka do Luksemburga? 2026 Koszty \u017cycia i wskaz\u00f3wki dotycz\u0105ce przeprowadzki\">Luksemburg<\/a> na stronie <a href=\"https:\/\/moverdb.com\/pl\/international-removals\/\" data-internallinksmanager029f6b8e52c=\"27\" title=\"36 najlepszych firm zajmuj\u0105cych si\u0119 przeprowadzkami mi\u0119dzynarodowymi w Wielkiej Brytanii\">przedsi\u0119biorstwa przeprowadzkowe<\/a> kt\u00f3re s\u0105 cz\u0142onkami <a href=\"https:\/\/moverdb.com\/pl\/iam\/\" data-internallinksmanager029f6b8e52c=\"23\" title=\"Mi\u0119dzynarodowe Stowarzyszenie Przewo\u017anik\u00f3w (IAM) - obja\u015bnienia\">Mi\u0119dzynarodowe Stowarzyszenie Przewo\u017anik\u00f3w<\/a> (IAM) i\/lub <a href=\"https:\/\/moverdb.com\/pl\/fidi-faim\/\" data-internallinksmanager029f6b8e52c=\"16\" title=\"FIDI i FAIM (FIDI Accredited International Mover) - obja\u015bnienia\">FIDI<\/a> Accredited International Mover (FAIM), kt\u00f3ra mo\u017ce pom\u00f3c Ci w przeprowadzce.<\/p>\n<div id=\"ez-toc-container\" class=\"ez-toc-v2_0_83 ez-toc-wrap-left counter-hierarchy ez-toc-counter ez-toc-transparent ez-toc-container-direction\">\n<div class=\"ez-toc-title-container\">\n<p class=\"ez-toc-title\" style=\"cursor:inherit\">Sekcje<\/p>\n<span class=\"ez-toc-title-toggle\"><a href=\"#\" class=\"ez-toc-pull-right ez-toc-btn ez-toc-btn-xs ez-toc-btn-default ez-toc-toggle\" aria-label=\"Prze\u0142\u0105cznik Spisu Tre\u015bci\"><span class=\"ez-toc-js-icon-con\"><span class=\"\"><span class=\"eztoc-hide\" style=\"display:none;\">Toggle<\/span><span class=\"ez-toc-icon-toggle-span\"><svg style=\"fill: #999;color:#999\" xmlns=\"http:\/\/www.w3.org\/2000\/svg\" class=\"list-377408\" width=\"20px\" height=\"20px\" viewbox=\"0 0 24 24\" fill=\"none\"><path d=\"M6 6H4v2h2V6zm14 0H8v2h12V6zM4 11h2v2H4v-2zm16 0H8v2h12v-2zM4 16h2v2H4v-2zm16 0H8v2h12v-2z\" fill=\"currentColor\"><\/path><\/svg><svg style=\"fill: #999;color:#999\" class=\"arrow-unsorted-368013\" xmlns=\"http:\/\/www.w3.org\/2000\/svg\" width=\"10px\" height=\"10px\" viewbox=\"0 0 24 24\" version=\"1.2\" baseprofile=\"tiny\"><path d=\"M18.2 9.3l-6.2-6.3-6.2 6.3c-.2.2-.3.4-.3.7s.1.5.3.7c.2.2.4.3.7.3h11c.3 0 .5-.1.7-.3.2-.2.3-.5.3-.7s-.1-.5-.3-.7zM5.8 14.7l6.2 6.3 6.2-6.3c.2-.2.3-.5.3-.7s-.1-.5-.3-.7c-.2-.2-.4-.3-.7-.3h-11c-.3 0-.5.1-.7.3-.2.2-.3.5-.3.7s.1.5.3.7z\"\/><\/svg><\/span><\/span><\/span><\/a><\/span><\/div>\n<nav><ul class='ez-toc-list ez-toc-list-level-1 eztoc-toggle-hide-by-default' ><li class='ez-toc-page-1 ez-toc-heading-level-2'><a class=\"ez-toc-link ez-toc-heading-1\" href=\"https:\/\/moverdb.com\/pl\/moving-companies\/moving-companies-luxembourg\/#1_Streff\" >1. Streff<\/a><\/li><li class='ez-toc-page-1 ez-toc-heading-level-2'><a class=\"ez-toc-link ez-toc-heading-2\" href=\"https:\/\/moverdb.com\/pl\/moving-companies\/moving-companies-luxembourg\/#2_MoverManiac\" >2. MoverManiac<\/a><\/li><li class='ez-toc-page-1 ez-toc-heading-level-2'><a class=\"ez-toc-link ez-toc-heading-3\" href=\"https:\/\/moverdb.com\/pl\/moving-companies\/moving-companies-luxembourg\/#3_Tranelux\" >3. Tranelux<\/a><\/li><li class='ez-toc-page-1 ez-toc-heading-level-2'><a class=\"ez-toc-link ez-toc-heading-4\" href=\"https:\/\/moverdb.com\/pl\/moving-companies\/moving-companies-luxembourg\/#Other_Useful_Guides_to_Luxembourg\" >Inne przydatne przewodniki po Luksemburgu<\/a><\/li><\/ul><\/nav><\/div>\n<h2><span class=\"ez-toc-section\" id=\"1_Streff\"><\/span><strong>1. Streff<\/strong><span class=\"ez-toc-section-end\"><\/span><\/h2>\n<p><img loading=\"lazy\" decoding=\"async\" class=\"alignnone size-full wp-image-8367\" src=\"https:\/\/moverdb.com\/wp-content\/uploads\/Streff-international-moving-company.png\" alt=\"Firma Streff zajmuj\u0105ca si\u0119 przeprowadzkami mi\u0119dzynarodowymi\" width=\"1440\" height=\"683\" data-wp-pid=\"8367\" srcset=\"https:\/\/moverdb.com\/wp-content\/uploads\/Streff-international-moving-company.png 1440w, https:\/\/moverdb.com\/wp-content\/uploads\/Streff-international-moving-company-300x142.png 300w, https:\/\/moverdb.com\/wp-content\/uploads\/Streff-international-moving-company-1024x486.png 1024w, https:\/\/moverdb.com\/wp-content\/uploads\/Streff-international-moving-company-18x9.png 18w, https:\/\/moverdb.com\/wp-content\/uploads\/Streff-international-moving-company-600x285.png 600w\" sizes=\"auto, (max-width: 1440px) 100vw, 1440px\" \/><\/p>\n<ul>\n<li>Ruchy krajowe<\/li>\n<li>Przeprowadzki mi\u0119dzynarodowe<\/li>\n<li>Przeprowadzki mieszkaniowe<\/li>\n<li>Ruchy biznesowe<\/li>\n<li>Wyb\u00f3r pakiet\u00f3w dostosowanych do potrzeb klienta<\/li>\n<li>Us\u0142uga pakowania<\/li>\n<li>Organizacja transportu<\/li>\n<li>Transport zwierz\u0105t<\/li>\n<li>Ubezpieczenia<\/li>\n<li>Bezpieczne magazyny<\/li>\n<\/ul>\n<p>Streff to firma transportowo-magazynowa dzia\u0142aj\u0105ca od 1928 roku z siedzib\u0105 w Strassen. S\u0105 cz\u0142onkiem IAM z wieloletnim sta\u017cem i posiadaj\u0105 akredytacj\u0119 FIDI.<\/p>\n<p>Streff oferuje wyb\u00f3r pakiet\u00f3w dostosowanych do Ciebie, kt\u00f3re obejmuj\u0105 pe\u0142n\u0105, standardow\u0105 i podstawow\u0105 us\u0142ug\u0119. Us\u0142uga pe\u0142na obejmuje staranne pakowanie Twoich rzeczy, demonta\u017c mebli, organizacj\u0119 transportu, rozpakowanie i monta\u017c mebli. Us\u0142uga standardowa pozwala na samodzielne pakowanie i rozpakowywanie. Us\u0142uga podstawowa to us\u0142uga wy\u0142\u0105cznie transportowa. Dodatkowe us\u0142ugi obejmuj\u0105 poszukiwanie domu, us\u0142ugi zwi\u0105zane z osiedleniem si\u0119, handlowc\u00f3w, sprz\u0105tanie, transport zwierz\u0105t, ubezpieczenie i przechowywanie.<\/p>\n<p>Strona internetowa: <a href=\"http:\/\/www.streff.lu\/en\" target=\"_blank\" rel=\"noopener\">http:\/\/www.streff.lu\/en<\/a><\/p>\n<h2><span class=\"ez-toc-section\" id=\"2_MoverManiac\"><\/span><strong>2. MoverManiac<\/strong><span class=\"ez-toc-section-end\"><\/span><\/h2>\n<p><img loading=\"lazy\" decoding=\"async\" class=\"alignnone size-full wp-image-8344\" src=\"https:\/\/moverdb.com\/wp-content\/uploads\/Mover-Maniac-international-moving-company.png\" alt=\"Mover Maniac mi\u0119dzynarodowa firma przeprowadzkowa\" width=\"1440\" height=\"678\" data-wp-pid=\"8344\" srcset=\"https:\/\/moverdb.com\/wp-content\/uploads\/Mover-Maniac-international-moving-company.png 1440w, https:\/\/moverdb.com\/wp-content\/uploads\/Mover-Maniac-international-moving-company-300x141.png 300w, https:\/\/moverdb.com\/wp-content\/uploads\/Mover-Maniac-international-moving-company-1024x482.png 1024w, https:\/\/moverdb.com\/wp-content\/uploads\/Mover-Maniac-international-moving-company-18x8.png 18w, https:\/\/moverdb.com\/wp-content\/uploads\/Mover-Maniac-international-moving-company-600x283.png 600w\" sizes=\"auto, (max-width: 1440px) 100vw, 1440px\" \/><\/p>\n<ul>\n<li>Przeprowadzki lokalne i krajowe<\/li>\n<li>Przeprowadzki mi\u0119dzynarodowe<\/li>\n<li>Przeprowadzki gospodarstw domowych<\/li>\n<li>Przeprowadzki biur<\/li>\n<li>Us\u0142ugi dostosowane do potrzeb<\/li>\n<li>Badanie przed przeprowadzk\u0105<\/li>\n<li>Us\u0142uga pakowania<\/li>\n<li>Transport towar\u00f3w<\/li>\n<li>Czyszczenie i malowanie domu<\/li>\n<li>Obiekty magazynowe<\/li>\n<\/ul>\n<p>MoverManiac to profesjonalna firma przeprowadzkowa, kt\u00f3ra ma swoj\u0105 siedzib\u0119 w Trintange. Zapewniaj\u0105 pe\u0142ne lub cz\u0119\u015bciowe us\u0142ugi przeprowadzkowe oraz us\u0142ug\u0119 man with a van. S\u0105 cz\u0142onkiem IAM, co daje im dost\u0119p do sieci mi\u0119dzynarodowych agent\u00f3w przeprowadzkowych.<\/p>\n<p>MoverManiac oferuje badanie przed przeprowadzk\u0105, aby oceni\u0107 swoje wymagania dotycz\u0105ce przeprowadzki i zapewni\u0107 wycen\u0119. Oferuje dostosowane do potrzeb us\u0142ugi przeprowadzkowe \"od drzwi do drzwi\", kt\u00f3re mog\u0105 obejmowa\u0107 pakowanie rzeczy, demonta\u017c i monta\u017c mebli lub tylko dostarczenie materia\u0142\u00f3w do pakowania. Zorganizuj\u0105 transport Twoich rzeczy na terenie Europy. Zapewniaj\u0105 dodatkowe us\u0142ugi, w tym sprz\u0105tanie domu, malowanie, przechowywanie i usuwanie niechcianych przedmiot\u00f3w.<\/p>\n<p>Strona internetowa: <a href=\"http:\/\/www.movermaniac.lu\" target=\"_blank\" rel=\"noopener\">http:\/\/www.movermaniac.lu<\/a><\/p>\n<h2><span class=\"ez-toc-section\" id=\"3_Tranelux\"><\/span><strong>3. Tranelux<\/strong><span class=\"ez-toc-section-end\"><\/span><\/h2>\n<p><img loading=\"lazy\" decoding=\"async\" class=\"alignnone size-full wp-image-8374\" src=\"https:\/\/moverdb.com\/wp-content\/uploads\/Tranelux-international-moving-company.png\" alt=\"Tranelux - mi\u0119dzynarodowa firma przeprowadzkowa\" width=\"1440\" height=\"682\" data-wp-pid=\"8374\" srcset=\"https:\/\/moverdb.com\/wp-content\/uploads\/Tranelux-international-moving-company.png 1440w, https:\/\/moverdb.com\/wp-content\/uploads\/Tranelux-international-moving-company-300x142.png 300w, https:\/\/moverdb.com\/wp-content\/uploads\/Tranelux-international-moving-company-1024x485.png 1024w, https:\/\/moverdb.com\/wp-content\/uploads\/Tranelux-international-moving-company-18x9.png 18w, https:\/\/moverdb.com\/wp-content\/uploads\/Tranelux-international-moving-company-600x284.png 600w\" sizes=\"auto, (max-width: 1440px) 100vw, 1440px\" \/><\/p>\n<ul>\n<li>Przeniesienia mi\u0119dzynarodowe<\/li>\n<li>Przemieszczenia gospodarstw domowych<\/li>\n<li>Relokacje pracownik\u00f3w<\/li>\n<li>Us\u0142uga \"od drzwi do drzwi\".<\/li>\n<li>Wyb\u00f3r pakiet\u00f3w przeprowadzkowych<\/li>\n<li>Us\u0142uga pakowania<\/li>\n<li>Organizacja transportu<\/li>\n<li>Us\u0142ugi profesjonalne<\/li>\n<li>Transport sztuk pi\u0119knych<\/li>\n<li>Bezpieczne magazyny<\/li>\n<\/ul>\n<p>Tranelux to firma przeprowadzkowa i magazynowa za\u0142o\u017cona w 1957 roku, kt\u00f3ra ma swoj\u0105 siedzib\u0119 w Contern. S\u0105 to. <a href=\"https:\/\/moverdb.com\/pl\/euromovers\/\" data-internallinksmanager029f6b8e52c=\"12\" title=\"Europejskie partnerstwo przewo\u017anik\u00f3w (EUROMOVERS International) - obja\u015bnienia\">Euromovers<\/a> Przedstawiciel sieci w Luksemburgu i s\u0105 cz\u0142onkiem IAM z 66-letnim sta\u017cem.<\/p>\n<p>Tranelux oferuje trzy pakiety - pe\u0142ny, klasyczny i ekonomiczny. Pakiet pe\u0142ny zapewnia us\u0142ug\u0119 door-to-door obejmuj\u0105c\u0105 pakowanie, demonta\u017c i monta\u017c mebli oraz pomoc rzemie\u015blnik\u00f3w takich jak malarze, hydraulicy i elektrycy. Pakiet klasyczny pozwala na bardziej elastyczny pakiet z wi\u0119kszym zaanga\u017cowaniem w czynno\u015bci zwi\u0105zane z przeprowadzk\u0105. Pakiet ekonomiczny pozwala na samodzielne wykonanie wi\u0119kszo\u015bci zada\u0144 i zapewniaj\u0105 us\u0142ugi transportowe.<\/p>\n<p>Strona internetowa: <a href=\"http:\/\/www.tranelux.lu\" target=\"_blank\" rel=\"noopener\">http:\/\/www.tranelux.lu<\/a><\/p>\n<h2><span class=\"ez-toc-section\" id=\"Other_Useful_Guides_to_Luxembourg\"><\/span>Inne przydatne przewodniki po Luksemburgu<span class=\"ez-toc-section-end\"><\/span><\/h2>\n<ul>\n<li> <a href=\"https:\/\/moverdb.com\/pl\/przeladunek-w-kontenerach\/luksemburg\/\">2024 Stawki frachtu morskiego kontenerowego do i z Luksemburga<\/a><\/li>\n<li> <a href=\"https:\/\/moverdb.com\/pl\/moving-to-luxembourg\/\">Przeprowadzka do Luksemburga? 2026 Koszty \u017cycia i wskaz\u00f3wki dotycz\u0105ce przeprowadzki<\/a><\/li>\n<li> <a href=\"https:\/\/moverdb.com\/pl\/moving-to-luxembourg\/living-in-luxembourg\/\">21 sekret\u00f3w dotycz\u0105cych \u017cycia w Luksemburgu, kt\u00f3re warto pozna\u0107 przed przeprowadzk\u0105<\/a><\/li>\n<\/ul>","protected":false},"excerpt":{"rendered":"<p>When you are moving whether that is locally, nationally or internationally, there is a lot to think about and can keep you awake at night. Employing a moving company to manage your move can simplify it and help you sleep better. Below we have compiled a list of Luxembourg based removal companies that are members [&hellip;]<\/p>\n","protected":false},"author":4,"featured_media":0,"parent":190,"menu_order":0,"comment_status":"closed","ping_status":"closed","template":"","meta":{"_genesis_hide_title":false,"_genesis_hide_breadcrumbs":false,"_genesis_hide_singular_image":false,"_genesis_hide_footer_widgets":false,"_genesis_custom_body_class":"","_genesis_custom_post_class":"","_genesis_layout":"","footnotes":""},"class_list":{"0":"post-8410","1":"page","2":"type-page","3":"status-publish","5":"entry","6":"has-post-thumbnail"},"_links":{"self":[{"href":"https:\/\/moverdb.com\/pl\/wp-json\/wp\/v2\/pages\/8410","targetHints":{"allow":["GET"]}}],"collection":[{"href":"https:\/\/moverdb.com\/pl\/wp-json\/wp\/v2\/pages"}],"about":[{"href":"https:\/\/moverdb.com\/pl\/wp-json\/wp\/v2\/types\/page"}],"author":[{"embeddable":true,"href":"https:\/\/moverdb.com\/pl\/wp-json\/wp\/v2\/users\/4"}],"replies":[{"embeddable":true,"href":"https:\/\/moverdb.com\/pl\/wp-json\/wp\/v2\/comments?post=8410"}],"version-history":[{"count":2,"href":"https:\/\/moverdb.com\/pl\/wp-json\/wp\/v2\/pages\/8410\/revisions"}],"predecessor-version":[{"id":18372,"href":"https:\/\/moverdb.com\/pl\/wp-json\/wp\/v2\/pages\/8410\/revisions\/18372"}],"up":[{"embeddable":true,"href":"https:\/\/moverdb.com\/pl\/wp-json\/wp\/v2\/pages\/190"}],"wp:attachment":[{"href":"https:\/\/moverdb.com\/pl\/wp-json\/wp\/v2\/media?parent=8410"}],"curies":[{"name":"wp","href":"https:\/\/api.w.org\/{rel}","templated":true}]}}