{"id":8404,"date":"2023-04-27T14:48:01","date_gmt":"2023-04-27T14:48:01","guid":{"rendered":"https:\/\/moverdb.com\/?page_id=8404"},"modified":"2026-01-08T15:23:47","modified_gmt":"2026-01-08T15:23:47","slug":"moving-companies-lesotho","status":"publish","type":"page","link":"https:\/\/moverdb.com\/pl\/moving-companies\/moving-companies-lesotho\/","title":{"rendered":"2 Najlepsze firmy zajmuj\u0105ce si\u0119 przeprowadzkami mi\u0119dzynarodowymi w Lesotho"},"content":{"rendered":"<p>Przeprowadzka mo\u017ce by\u0107 stresuj\u0105cym czasem, czy przenosisz sw\u00f3j dom czy firm\u0119, a poziom stresu wzrasta, gdy przenosisz kraje. To dlatego tak wiele os\u00f3b korzysta z us\u0142ug <a href=\"https:\/\/moverdb.com\/pl\/moving-companies\/\" data-internallinksmanager029f6b8e52c=\"79\" title=\"25 najlepszych firm przeprowadzek mi\u0119dzynarodowych online\">przedsi\u0119biorstwo przeprowadzkowe<\/a>. Poni\u017cej zebrali\u015bmy list\u0119 firm z siedzib\u0105 w Lesotho <a href=\"https:\/\/moverdb.com\/pl\/international-removals\/\" data-internallinksmanager029f6b8e52c=\"27\" title=\"36 najlepszych firm zajmuj\u0105cych si\u0119 przeprowadzkami mi\u0119dzynarodowymi w Wielkiej Brytanii\">przedsi\u0119biorstwa przeprowadzkowe<\/a> kt\u00f3re s\u0105 cz\u0142onkami <a href=\"https:\/\/moverdb.com\/pl\/iam\/\" data-internallinksmanager029f6b8e52c=\"23\" title=\"Mi\u0119dzynarodowe Stowarzyszenie Przewo\u017anik\u00f3w (IAM) - obja\u015bnienia\">Mi\u0119dzynarodowe Stowarzyszenie Przewo\u017anik\u00f3w<\/a> (IAM) i\/lub <a href=\"https:\/\/moverdb.com\/pl\/fidi-faim\/\" data-internallinksmanager029f6b8e52c=\"16\" title=\"FIDI i FAIM (FIDI Accredited International Mover) - obja\u015bnienia\">FIDI<\/a> Accredited International Mover (FAIM), kt\u00f3ra mo\u017ce pom\u00f3c Ci w przeprowadzce.<\/p>\n<h2><strong>1. Stuttaford Van Lines<\/strong><\/h2>\n<p><img loading=\"lazy\" decoding=\"async\" class=\"alignnone size-full wp-image-8368\" src=\"https:\/\/moverdb.com\/wp-content\/uploads\/Stuttaford-Van-Lines-international-moving-company.png\" alt=\"Stuttaford Van Lines - mi\u0119dzynarodowa firma przeprowadzkowa\" width=\"1440\" height=\"680\" data-wp-pid=\"8368\" srcset=\"https:\/\/moverdb.com\/wp-content\/uploads\/Stuttaford-Van-Lines-international-moving-company.png 1440w, https:\/\/moverdb.com\/wp-content\/uploads\/Stuttaford-Van-Lines-international-moving-company-300x142.png 300w, https:\/\/moverdb.com\/wp-content\/uploads\/Stuttaford-Van-Lines-international-moving-company-1024x484.png 1024w, https:\/\/moverdb.com\/wp-content\/uploads\/Stuttaford-Van-Lines-international-moving-company-18x9.png 18w, https:\/\/moverdb.com\/wp-content\/uploads\/Stuttaford-Van-Lines-international-moving-company-600x283.png 600w\" sizes=\"auto, (max-width: 1440px) 100vw, 1440px\" \/><\/p>\n<ul>\n<li>Ruchy krajowe<\/li>\n<li>Przeprowadzki mi\u0119dzynarodowe<\/li>\n<li>Przeprowadzki mieszkaniowe<\/li>\n<li>Ruchy biznesowe<\/li>\n<li>Us\u0142ugi dostosowane do potrzeb<\/li>\n<li>Us\u0142uga pakowania<\/li>\n<li>Przenoszenie pojazd\u00f3w i zwierz\u0105t domowych<\/li>\n<li>Obr\u00f3bka dzie\u0142 sztuki<\/li>\n<li>Ubezpieczenia<\/li>\n<li>Przechowywanie kr\u00f3tko i d\u0142ugoterminowe<\/li>\n<\/ul>\n<p>Stuttaford Van Lines to firma przeprowadzkowa obs\u0142uguj\u0105ca rodziny i firmy od po\u0142owy XIX wieku, posiadaj\u0105ca oddzia\u0142y w ca\u0142ym kraju. <a href=\"https:\/\/moverdb.com\/pl\/moving-to-south-africa\/\" data-internallinksmanager029f6b8e52c=\"347\" title=\"Przeprowadzka do Republiki Po\u0142udniowej Afryki? Koszty \u017cycia i wskaz\u00f3wki dotycz\u0105ce relokacji w 2023 r.\">Republika Po\u0142udniowej Afryki<\/a> w tym Masero, Lesotho. Firma jest cz\u0142onkiem IAM z 47-letnim sta\u017cem, co daje jej dost\u0119p do mi\u0119dzynarodowej sieci agent\u00f3w przeprowadzkowych,<\/p>\n<p>Stuffaford Van Lines pomo\u017ce Ci dok\u0142adnie zaplanowa\u0107 i przygotowa\u0107 si\u0119 do przeprowadzki. Przydziel\u0105 Ci jeden punkt kontaktowy, kt\u00f3ry b\u0119dzie Ci\u0119 wspiera\u0142 na ka\u017cdym kroku. Zapewniaj\u0105 us\u0142ug\u0119 pakowania, kt\u00f3ra obejmuje u\u017cycie wysokiej jako\u015bci opakowa\u0144 i pokry\u0107 ochronnych, oznakuj\u0105 wszystkie kartony i sporz\u0105dz\u0105 inwentaryzacj\u0119.<\/p>\n<p>Strona internetowa: <a href=\"http:\/\/www.stuttafordvanlines.co.za\" target=\"_blank\" rel=\"noopener\">http:\/\/www.stuttafordvanlines.co.za<\/a><\/p>\n<h2><strong>2. Sure Logistics<\/strong><\/h2>\n<p><img loading=\"lazy\" decoding=\"async\" class=\"alignnone size-full wp-image-8371\" src=\"https:\/\/moverdb.com\/wp-content\/uploads\/Sure-Logistics-international-moving-company.png\" alt=\"Sure Logistics firma zajmuj\u0105ca si\u0119 przeprowadzkami mi\u0119dzynarodowymi\" width=\"1440\" height=\"678\" data-wp-pid=\"8371\" srcset=\"https:\/\/moverdb.com\/wp-content\/uploads\/Sure-Logistics-international-moving-company.png 1440w, https:\/\/moverdb.com\/wp-content\/uploads\/Sure-Logistics-international-moving-company-300x141.png 300w, https:\/\/moverdb.com\/wp-content\/uploads\/Sure-Logistics-international-moving-company-1024x482.png 1024w, https:\/\/moverdb.com\/wp-content\/uploads\/Sure-Logistics-international-moving-company-18x8.png 18w, https:\/\/moverdb.com\/wp-content\/uploads\/Sure-Logistics-international-moving-company-600x283.png 600w\" sizes=\"auto, (max-width: 1440px) 100vw, 1440px\" \/><\/p>\n<ul>\n<li>Przeprowadzki lokalne<\/li>\n<li>Przeprowadzki zagraniczne<\/li>\n<li>Ruchy domowe<\/li>\n<li>Przeprowadzki biurowe<\/li>\n<li>Us\u0142ugi relokacyjne<\/li>\n<li>Us\u0142uga przeprowadzki dostosowana do potrzeb<\/li>\n<li>Organizacja transportu<\/li>\n<li>Opcje kontener\u00f3w<\/li>\n<li><a href=\"https:\/\/moverdb.com\/pl\/car-transport-shipping\/\" data-internallinksmanager029f6b8e52c=\"2\" title=\"2026 Mi\u0119dzynarodowy transport samochodowy i wyceny wysy\u0142ki pojazd\u00f3w\">Spedycja pojazd\u00f3w<\/a><\/li>\n<li>Bezpieczne przechowywanie kr\u00f3tko- i d\u0142ugoterminowe<\/li>\n<\/ul>\n<p>Sure Logistics jest wyspecjalizowan\u0105 firm\u0105 zarz\u0105dzaj\u0105c\u0105 logistyk\u0105, kt\u00f3ra oferuje szereg us\u0142ug transportowych i rozwi\u0105za\u0144 w zakresie \u0142a\u0144cucha dostaw i ma siedzib\u0119 w Masero. Wsp\u00f3\u0142pracuj\u0105 z mi\u0119dzynarodowymi partnerami przeprowadzkowymi, aby dostarczy\u0107 swoje us\u0142ugi do innych kraj\u00f3w. S\u0105 cz\u0142onkiem IAM z dziewi\u0119cioletnim sta\u017cem.<\/p>\n<p>Sure Logistics oferuje us\u0142ugi przeprowadzkowe w obr\u0119bie, do i z Lesotho dla dom\u00f3w i firm, kt\u00f3re s\u0105 dostosowane do Twoich potrzeb. Oferuje r\u00f3wnie\u017c us\u0142ugi relokacyjne, kt\u00f3re zapewniaj\u0105 wsparcie HR dla pracownik\u00f3w oraz specjalistyczne pakiety globalnej mobilno\u015bci w ponad 150 krajach. Sure Logistics bezpiecznie przewiezie Twoje rzeczy i mo\u017ce zaoferowa\u0107 \u0142adunki pe\u0142ne lub mniejsze ni\u017c kontenerowe.<\/p>\n<p>Strona internetowa: <a href=\"http:\/\/www.surelogistics.co.ls\" target=\"_blank\" rel=\"noopener\">http:\/\/www.surelogistics.co.ls<\/a><\/p>","protected":false},"excerpt":{"rendered":"<p>Moving can be a stressful time whether you are moving your home or your business, and the stress level increases when you are moving countries. This is why so many people employ the services of a moving company. Below we have compiled a list of Lesotho based removal companies that are members of the International [&hellip;]<\/p>\n","protected":false},"author":4,"featured_media":0,"parent":190,"menu_order":0,"comment_status":"closed","ping_status":"closed","template":"","meta":{"_genesis_hide_title":false,"_genesis_hide_breadcrumbs":false,"_genesis_hide_singular_image":false,"_genesis_hide_footer_widgets":false,"_genesis_custom_body_class":"","_genesis_custom_post_class":"","_genesis_layout":"","footnotes":""},"class_list":{"0":"post-8404","1":"page","2":"type-page","3":"status-publish","5":"entry","6":"has-post-thumbnail"},"_links":{"self":[{"href":"https:\/\/moverdb.com\/pl\/wp-json\/wp\/v2\/pages\/8404","targetHints":{"allow":["GET"]}}],"collection":[{"href":"https:\/\/moverdb.com\/pl\/wp-json\/wp\/v2\/pages"}],"about":[{"href":"https:\/\/moverdb.com\/pl\/wp-json\/wp\/v2\/types\/page"}],"author":[{"embeddable":true,"href":"https:\/\/moverdb.com\/pl\/wp-json\/wp\/v2\/users\/4"}],"replies":[{"embeddable":true,"href":"https:\/\/moverdb.com\/pl\/wp-json\/wp\/v2\/comments?post=8404"}],"version-history":[{"count":2,"href":"https:\/\/moverdb.com\/pl\/wp-json\/wp\/v2\/pages\/8404\/revisions"}],"predecessor-version":[{"id":8418,"href":"https:\/\/moverdb.com\/pl\/wp-json\/wp\/v2\/pages\/8404\/revisions\/8418"}],"up":[{"embeddable":true,"href":"https:\/\/moverdb.com\/pl\/wp-json\/wp\/v2\/pages\/190"}],"wp:attachment":[{"href":"https:\/\/moverdb.com\/pl\/wp-json\/wp\/v2\/media?parent=8404"}],"curies":[{"name":"wp","href":"https:\/\/api.w.org\/{rel}","templated":true}]}}