{"id":8402,"date":"2023-04-27T14:51:30","date_gmt":"2023-04-27T14:51:30","guid":{"rendered":"https:\/\/moverdb.com\/?page_id=8402"},"modified":"2026-01-08T15:29:28","modified_gmt":"2026-01-08T15:29:28","slug":"moving-companies-lebanon","status":"publish","type":"page","link":"https:\/\/moverdb.com\/pl\/moving-companies\/moving-companies-lebanon\/","title":{"rendered":"7 Najlepsze firmy zajmuj\u0105ce si\u0119 przeprowadzkami mi\u0119dzynarodowymi w Libanie"},"content":{"rendered":"<p>Samo my\u015blenie o przeprowadzce domu lub firmy mo\u017ce by\u0107 stresuj\u0105ce i wydawa\u0107 si\u0119 skomplikowane, je\u015bli planujesz przeprowadzk\u0119 za granic\u0119, czyli tam, gdzie <a href=\"https:\/\/moverdb.com\/pl\/moving-companies\/\" data-internallinksmanager029f6b8e52c=\"79\" title=\"25 najlepszych firm przeprowadzek mi\u0119dzynarodowych online\">przedsi\u0119biorstwo przeprowadzkowe<\/a> mo\u017ce pom\u00f3c, zmniejszaj\u0105c obci\u0105\u017cenie. Poni\u017cej przedstawiamy list\u0119 firm z siedzib\u0105 w Libanie. <a href=\"https:\/\/moverdb.com\/pl\/international-removals\/\" data-internallinksmanager029f6b8e52c=\"27\" title=\"36 najlepszych firm zajmuj\u0105cych si\u0119 przeprowadzkami mi\u0119dzynarodowymi w Wielkiej Brytanii\">przedsi\u0119biorstwa przeprowadzkowe<\/a> kt\u00f3re s\u0105 cz\u0142onkami <a href=\"https:\/\/moverdb.com\/pl\/iam\/\" data-internallinksmanager029f6b8e52c=\"23\" title=\"Mi\u0119dzynarodowe Stowarzyszenie Przewo\u017anik\u00f3w (IAM) - obja\u015bnienia\">Mi\u0119dzynarodowe Stowarzyszenie Przewo\u017anik\u00f3w<\/a> (IAM) i\/lub <a href=\"https:\/\/moverdb.com\/pl\/fidi-faim\/\" data-internallinksmanager029f6b8e52c=\"16\" title=\"FIDI i FAIM (FIDI Accredited International Mover) - obja\u015bnienia\">FIDI<\/a> Accredited International Mover (FAIM), kt\u00f3ra mo\u017ce pom\u00f3c Ci w przeprowadzce.<\/p>\n<div id=\"ez-toc-container\" class=\"ez-toc-v2_0_82_2 ez-toc-wrap-left counter-hierarchy ez-toc-counter ez-toc-transparent ez-toc-container-direction\">\n<div class=\"ez-toc-title-container\">\n<p class=\"ez-toc-title\" style=\"cursor:inherit\">Sekcje<\/p>\n<span class=\"ez-toc-title-toggle\"><a href=\"#\" class=\"ez-toc-pull-right ez-toc-btn ez-toc-btn-xs ez-toc-btn-default ez-toc-toggle\" aria-label=\"Prze\u0142\u0105cznik Spisu Tre\u015bci\"><span class=\"ez-toc-js-icon-con\"><span class=\"\"><span class=\"eztoc-hide\" style=\"display:none;\">Toggle<\/span><span class=\"ez-toc-icon-toggle-span\"><svg style=\"fill: #999;color:#999\" xmlns=\"http:\/\/www.w3.org\/2000\/svg\" class=\"list-377408\" width=\"20px\" height=\"20px\" viewbox=\"0 0 24 24\" fill=\"none\"><path d=\"M6 6H4v2h2V6zm14 0H8v2h12V6zM4 11h2v2H4v-2zm16 0H8v2h12v-2zM4 16h2v2H4v-2zm16 0H8v2h12v-2z\" fill=\"currentColor\"><\/path><\/svg><svg style=\"fill: #999;color:#999\" class=\"arrow-unsorted-368013\" xmlns=\"http:\/\/www.w3.org\/2000\/svg\" width=\"10px\" height=\"10px\" viewbox=\"0 0 24 24\" version=\"1.2\" baseprofile=\"tiny\"><path d=\"M18.2 9.3l-6.2-6.3-6.2 6.3c-.2.2-.3.4-.3.7s.1.5.3.7c.2.2.4.3.7.3h11c.3 0 .5-.1.7-.3.2-.2.3-.5.3-.7s-.1-.5-.3-.7zM5.8 14.7l6.2 6.3 6.2-6.3c.2-.2.3-.5.3-.7s-.1-.5-.3-.7c-.2-.2-.4-.3-.7-.3h-11c-.3 0-.5.1-.7.3-.2.2-.3.5-.3.7s.1.5.3.7z\"\/><\/svg><\/span><\/span><\/span><\/a><\/span><\/div>\n<nav><ul class='ez-toc-list ez-toc-list-level-1 eztoc-toggle-hide-by-default' ><li class='ez-toc-page-1 ez-toc-heading-level-2'><a class=\"ez-toc-link ez-toc-heading-1\" href=\"https:\/\/moverdb.com\/pl\/moving-companies\/moving-companies-lebanon\/#1_I-Movers\" >1. I-Movers<\/a><\/li><li class='ez-toc-page-1 ez-toc-heading-level-2'><a class=\"ez-toc-link ez-toc-heading-2\" href=\"https:\/\/moverdb.com\/pl\/moving-companies\/moving-companies-lebanon\/#2_Adam_International_Movers\" >2. Adam International Movers<\/a><\/li><li class='ez-toc-page-1 ez-toc-heading-level-2'><a class=\"ez-toc-link ez-toc-heading-3\" href=\"https:\/\/moverdb.com\/pl\/moving-companies\/moving-companies-lebanon\/#3_Orbit_International_Forwarders\" >3. Orbit International Forwarders<\/a><\/li><li class='ez-toc-page-1 ez-toc-heading-level-2'><a class=\"ez-toc-link ez-toc-heading-4\" href=\"https:\/\/moverdb.com\/pl\/moving-companies\/moving-companies-lebanon\/#4_All_Transportation_Agency\" >4. Wszystkie agencje transportowe<\/a><\/li><li class='ez-toc-page-1 ez-toc-heading-level-2'><a class=\"ez-toc-link ez-toc-heading-5\" href=\"https:\/\/moverdb.com\/pl\/moving-companies\/moving-companies-lebanon\/#5_Beirut_Express\" >5. Beirut Express<\/a><\/li><li class='ez-toc-page-1 ez-toc-heading-level-2'><a class=\"ez-toc-link ez-toc-heading-6\" href=\"https:\/\/moverdb.com\/pl\/moving-companies\/moving-companies-lebanon\/#6_Domex\" >6. Domex<\/a><\/li><li class='ez-toc-page-1 ez-toc-heading-level-2'><a class=\"ez-toc-link ez-toc-heading-7\" href=\"https:\/\/moverdb.com\/pl\/moving-companies\/moving-companies-lebanon\/#7_BCC_Logistics\" >7. BCC Logistics<\/a><\/li><\/ul><\/nav><\/div>\n<h2><span class=\"ez-toc-section\" id=\"1_I-Movers\"><\/span><strong>1. I-Movers<\/strong><span class=\"ez-toc-section-end\"><\/span><\/h2>\n<p><img loading=\"lazy\" decoding=\"async\" class=\"alignnone size-full wp-image-8327\" src=\"https:\/\/moverdb.com\/wp-content\/uploads\/I-Movers-international-moving-company.png\" alt=\"I-Movers firma zajmuj\u0105ca si\u0119 przeprowadzkami mi\u0119dzynarodowymi\" width=\"1440\" height=\"680\" data-wp-pid=\"8327\" srcset=\"https:\/\/moverdb.com\/wp-content\/uploads\/I-Movers-international-moving-company.png 1440w, https:\/\/moverdb.com\/wp-content\/uploads\/I-Movers-international-moving-company-300x142.png 300w, https:\/\/moverdb.com\/wp-content\/uploads\/I-Movers-international-moving-company-1024x484.png 1024w, https:\/\/moverdb.com\/wp-content\/uploads\/I-Movers-international-moving-company-18x9.png 18w, https:\/\/moverdb.com\/wp-content\/uploads\/I-Movers-international-moving-company-600x283.png 600w\" sizes=\"auto, (max-width: 1440px) 100vw, 1440px\" \/><\/p>\n<ul>\n<li>Przeprowadzki lokalne<\/li>\n<li>Przeprowadzki mi\u0119dzynarodowe<\/li>\n<li>Przeprowadzki gospodarstw domowych<\/li>\n<li>Przeprowadzki firm<\/li>\n<li>Us\u0142uga dostosowana do potrzeb<\/li>\n<li>Profesjonalna us\u0142uga pakowania<\/li>\n<li>Transport lotniczy i morski<\/li>\n<li>Formalno\u015bci celne<\/li>\n<li><a href=\"https:\/\/moverdb.com\/pl\/car-transport-shipping\/\" data-internallinksmanager029f6b8e52c=\"2\" title=\"2026 Mi\u0119dzynarodowy transport samochodowy i wyceny wysy\u0142ki pojazd\u00f3w\">Spedycja pojazd\u00f3w<\/a><\/li>\n<li>Opcje przechowywania<\/li>\n<\/ul>\n<p>I-Movers to mi\u0119dzynarodowa firma przeprowadzkowa, kt\u00f3ra obs\u0142uguje gospodarstwa domowe i firmy, z siedzib\u0105 w Bejrucie. Jest cz\u0142onkiem IAM z o\u015bmioletnim sta\u017cem, cz\u0142onkostwo to daje im dost\u0119p do mi\u0119dzynarodowej sieci agent\u00f3w przeprowadzkowych.<\/p>\n<p>I-Movers oferuje wirtualne badanie dla szybko\u015bci i efektywno\u015bci. Zapewniaj\u0105 dostosowan\u0105 do potrzeb us\u0142ug\u0119 przeprowadzki z dedykowanym kierownikiem przeprowadzki, kt\u00f3ry b\u0119dzie zarz\u0105dza\u0142 Twoj\u0105 przeprowadzk\u0105. Zapewniaj\u0105 us\u0142ug\u0119 pakowania, kt\u00f3ra wykorzystuje najwy\u017cszej jako\u015bci materia\u0142y opakowaniowe i dobrze wyszkolone zespo\u0142y pakowaczy, kt\u00f3re s\u0105 r\u00f3wnie\u017c ubezpieczone od wszelkiego ryzyka. Zapewniaj\u0105 system \u015bledzenia przesy\u0142ek lotniczych i morskich oraz pomoc w za\u0142atwianiu formalno\u015bci, w tym odprawy celnej.<\/p>\n<p>Strona internetowa: <a href=\"http:\/\/www.i-movers.com\" target=\"_blank\" rel=\"noopener\">http:\/\/www.i-movers.com<\/a><\/p>\n<h2><span class=\"ez-toc-section\" id=\"2_Adam_International_Movers\"><\/span><strong>2. Adam International Movers<\/strong><span class=\"ez-toc-section-end\"><\/span><\/h2>\n<p><img loading=\"lazy\" decoding=\"async\" class=\"alignnone size-full wp-image-8279\" src=\"https:\/\/moverdb.com\/wp-content\/uploads\/Adam-International-Movers-company.png\" alt=\"Firma Adam International Movers\" width=\"1440\" height=\"679\" data-wp-pid=\"8279\" srcset=\"https:\/\/moverdb.com\/wp-content\/uploads\/Adam-International-Movers-company.png 1440w, https:\/\/moverdb.com\/wp-content\/uploads\/Adam-International-Movers-company-300x141.png 300w, https:\/\/moverdb.com\/wp-content\/uploads\/Adam-International-Movers-company-1024x483.png 1024w, https:\/\/moverdb.com\/wp-content\/uploads\/Adam-International-Movers-company-18x8.png 18w, https:\/\/moverdb.com\/wp-content\/uploads\/Adam-International-Movers-company-600x283.png 600w\" sizes=\"auto, (max-width: 1440px) 100vw, 1440px\" \/><\/p>\n<ul>\n<li>Ruchy krajowe<\/li>\n<li>Przeprowadzki mi\u0119dzynarodowe<\/li>\n<li>Przeprowadzki gospodarstw domowych<\/li>\n<li>Przeprowadzki biurowe<\/li>\n<li>Dostosowywalne wyceny, kt\u00f3re s\u0105 przyjazne dla bud\u017cetu<\/li>\n<li>Profesjonalna us\u0142uga pakowania<\/li>\n<li>Transport drogowy, lotniczy lub morski<\/li>\n<li>Odprawa celna<\/li>\n<li>Ubezpieczenia<\/li>\n<li>Obiekty magazynowe<\/li>\n<\/ul>\n<p>Adam International Movers jest firm\u0105 \u015bwiadcz\u0105c\u0105 us\u0142ugi pakowania i przeprowadzek dla os\u00f3b prywatnych, dom\u00f3w i biur z lokalizacjami w Bejrucie, Libanie i Armenii. Maj\u0105 sie\u0107 agent\u00f3w i spedytor\u00f3w na ca\u0142ym \u015bwiecie, aby wspiera\u0107 ich w dostarczaniu us\u0142ug mi\u0119dzynarodowych. S\u0105 cz\u0142onkiem IAM z sze\u015bcioletnim sta\u017cem.<\/p>\n<p>Adam International Movers oferuje badanie przed przeprowadzk\u0105, aby zrozumie\u0107 Twoje wymagania dotycz\u0105ce przeprowadzki i poda\u0107 wycen\u0119. Zapewniaj\u0105 profesjonaln\u0105 us\u0142ug\u0119 pakowania, kt\u00f3ra jest \u015bwiadczona przez wyszkolony personel, wykorzystuj\u0105cy najnowsze techniki i wysokiej jako\u015bci materia\u0142y opakowaniowe. Adam International Movers zajmie si\u0119 transportem Twoich rzeczy drog\u0105 l\u0105dow\u0105, powietrzn\u0105 lub morsk\u0105 wraz z odpraw\u0105 celn\u0105, je\u015bli b\u0119dzie to wymagane.<\/p>\n<p>Strona internetowa: <a href=\"http:\/\/www.adam-movers.com\" target=\"_blank\" rel=\"noopener\">http:\/\/www.adam-movers.com<\/a><\/p>\n<h2><span class=\"ez-toc-section\" id=\"3_Orbit_International_Forwarders\"><\/span><strong>3. Orbit International Forwarders<\/strong><span class=\"ez-toc-section-end\"><\/span><\/h2>\n<p><img loading=\"lazy\" decoding=\"async\" class=\"alignnone size-full wp-image-8351\" src=\"https:\/\/moverdb.com\/wp-content\/uploads\/Orbit-International-Forwarders-Lebanon-moving-company.png\" alt=\"Orbit International Forwarders Lebanon firma przeprowadzkowa\" width=\"1440\" height=\"679\" data-wp-pid=\"8351\" srcset=\"https:\/\/moverdb.com\/wp-content\/uploads\/Orbit-International-Forwarders-Lebanon-moving-company.png 1440w, https:\/\/moverdb.com\/wp-content\/uploads\/Orbit-International-Forwarders-Lebanon-moving-company-300x141.png 300w, https:\/\/moverdb.com\/wp-content\/uploads\/Orbit-International-Forwarders-Lebanon-moving-company-1024x483.png 1024w, https:\/\/moverdb.com\/wp-content\/uploads\/Orbit-International-Forwarders-Lebanon-moving-company-18x8.png 18w, https:\/\/moverdb.com\/wp-content\/uploads\/Orbit-International-Forwarders-Lebanon-moving-company-600x283.png 600w\" sizes=\"auto, (max-width: 1440px) 100vw, 1440px\" \/><\/p>\n<ul>\n<li>Przeprowadzki lokalne i krajowe<\/li>\n<li>Przeprowadzki na ca\u0142ym \u015bwiecie<\/li>\n<li>Przeprowadzki gospodarstw domowych<\/li>\n<li>Relokacje przedsi\u0119biorstw<\/li>\n<li>Us\u0142uga \"od drzwi do drzwi\".<\/li>\n<li>Us\u0142uga pakowania<\/li>\n<li>Fracht l\u0105dowy, morski lub lotniczy<\/li>\n<li>Obs\u0142uga sztuk pi\u0119knych<\/li>\n<li>Spedycja pojazd\u00f3w mechanicznych<\/li>\n<li>Obiekty magazynowe<\/li>\n<\/ul>\n<p>Orbit International Forwarders to firma zajmuj\u0105ca si\u0119 pakowaniem i przeprowadzkami, kt\u00f3ra zosta\u0142a za\u0142o\u017cona w 1983 roku. Maj\u0105 dziewi\u0119\u0107 lokalizacji w Europie i Azji, w tym Bejrut w Libanie. Wsp\u00f3\u0142pracuj\u0105 z ponad tysi\u0105cem wybranych agent\u00f3w w prawie ka\u017cdym kraju na \u015bwiecie, aby dostarczy\u0107 swoje us\u0142ugi na skal\u0119 mi\u0119dzynarodow\u0105. S\u0105 cz\u0142onkiem IAM z 26-letnim sta\u017cem.<\/p>\n<p>Firma Orbit International Forwarders oferuje spersonalizowan\u0105 us\u0142ug\u0119 przeprowadzki od drzwi do drzwi, zaczynaj\u0105c od wst\u0119pnego badania. Oferuje wysokiej jako\u015bci us\u0142ugi pakowania, aby chroni\u0107 Twoje rzeczy i zapewnia skrzynie dla delikatnych przedmiot\u00f3w. Oferuje r\u00f3wnie\u017c us\u0142ugi dodatkowe, takie jak transport pojazd\u00f3w, transport dzie\u0142 sztuki, logistyk\u0119 wystaw, logistyk\u0119 medi\u00f3w i rozrywki oraz us\u0142ugi magazynowe.<\/p>\n<p>Strona internetowa: <a href=\"http:\/\/www.orbitlb.com\" target=\"_blank\" rel=\"noopener\">http:\/\/www.orbitlb.com<\/a><\/p>\n<h2><span class=\"ez-toc-section\" id=\"4_All_Transportation_Agency\"><\/span><strong>4. Wszystkie agencje transportowe<\/strong><span class=\"ez-toc-section-end\"><\/span><\/h2>\n<p><img loading=\"lazy\" decoding=\"async\" class=\"alignnone size-full wp-image-8285\" src=\"https:\/\/moverdb.com\/wp-content\/uploads\/All-Transportation-Agency-international-moving-company.png\" alt=\"All Transportation Agency firma zajmuj\u0105ca si\u0119 przeprowadzkami mi\u0119dzynarodowymi\" width=\"1440\" height=\"680\" data-wp-pid=\"8285\" srcset=\"https:\/\/moverdb.com\/wp-content\/uploads\/All-Transportation-Agency-international-moving-company.png 1440w, https:\/\/moverdb.com\/wp-content\/uploads\/All-Transportation-Agency-international-moving-company-300x142.png 300w, https:\/\/moverdb.com\/wp-content\/uploads\/All-Transportation-Agency-international-moving-company-1024x484.png 1024w, https:\/\/moverdb.com\/wp-content\/uploads\/All-Transportation-Agency-international-moving-company-18x9.png 18w, https:\/\/moverdb.com\/wp-content\/uploads\/All-Transportation-Agency-international-moving-company-600x283.png 600w\" sizes=\"auto, (max-width: 1440px) 100vw, 1440px\" \/><\/p>\n<ul>\n<li>Ruchy krajowe<\/li>\n<li>Przeprowadzki mi\u0119dzynarodowe<\/li>\n<li>Przeprowadzki gospodarstw domowych<\/li>\n<li>Projekty komercyjne<\/li>\n<li>Us\u0142uga \"od drzwi do drzwi\".<\/li>\n<li>Profesjonalna us\u0142uga pakowania<\/li>\n<li>Transport l\u0105dowy, morski i lotniczy<\/li>\n<li>Odprawa celna<\/li>\n<li>Obs\u0142uga sztuk pi\u0119knych<\/li>\n<li>Bezpieczne przechowywanie<\/li>\n<\/ul>\n<p>All Transportation Agency jest agencj\u0105 rozliczeniow\u0105 i spedycyjn\u0105 za\u0142o\u017con\u0105 w 1985 roku, z siedzib\u0105 w Bejrucie. Posiada r\u00f3wnie\u017c lokalizacje w Tripoli, Saidzie i Tyrze. Jest cz\u0142onkiem IAM, co daje jej dost\u0119p do mi\u0119dzynarodowej sieci agent\u00f3w przeprowadzkowych, kt\u00f3rzy mog\u0105 pom\u00f3c w \u015bwiadczeniu us\u0142ug na skal\u0119 mi\u0119dzynarodow\u0105.<\/p>\n<p>All Transportation Agency \u015bwiadczy us\u0142ugi \"od drzwi do drzwi\" dla gospodarstw domowych przeprowadzaj\u0105cych si\u0119 w obr\u0119bie, do lub z Libanu. Zapewniaj\u0105 profesjonaln\u0105 us\u0142ug\u0119 pakowania w celu ochrony Twoich rzeczy, kt\u00f3ra obejmuje specjalistyczn\u0105 us\u0142ug\u0119 dla sztuk pi\u0119knych. Ich us\u0142ugi pakowania obejmuj\u0105 r\u00f3wnie\u017c demonta\u017c i monta\u017c mebli oraz etykietowanie pude\u0142.<\/p>\n<p>Strona internetowa: <a href=\"http:\/\/www.ata-lebanon.com\" target=\"_blank\" rel=\"noopener\">http:\/\/www.ata-lebanon.com<\/a><\/p>\n<h2><span class=\"ez-toc-section\" id=\"5_Beirut_Express\"><\/span><strong>5. Beirut Express<\/strong><span class=\"ez-toc-section-end\"><\/span><\/h2>\n<p><img loading=\"lazy\" decoding=\"async\" class=\"alignnone size-full wp-image-8293\" src=\"https:\/\/moverdb.com\/wp-content\/uploads\/Beirut-Express-international-moving-company.png\" alt=\"Firma Beirut Express zajmuj\u0105ca si\u0119 przeprowadzkami mi\u0119dzynarodowymi\" width=\"1440\" height=\"681\" data-wp-pid=\"8293\" srcset=\"https:\/\/moverdb.com\/wp-content\/uploads\/Beirut-Express-international-moving-company.png 1440w, https:\/\/moverdb.com\/wp-content\/uploads\/Beirut-Express-international-moving-company-300x142.png 300w, https:\/\/moverdb.com\/wp-content\/uploads\/Beirut-Express-international-moving-company-1024x484.png 1024w, https:\/\/moverdb.com\/wp-content\/uploads\/Beirut-Express-international-moving-company-18x9.png 18w, https:\/\/moverdb.com\/wp-content\/uploads\/Beirut-Express-international-moving-company-600x284.png 600w\" sizes=\"auto, (max-width: 1440px) 100vw, 1440px\" \/><\/p>\n<ul>\n<li>Przeprowadzki lokalne<\/li>\n<li>Przeniesienia mi\u0119dzynarodowe<\/li>\n<li>Przeprowadzki gospodarstw domowych<\/li>\n<li>Przeprowadzki biurowe<\/li>\n<li>Profesjonalna us\u0142uga pakowania<\/li>\n<li>Materia\u0142y opakowaniowe wysokiej jako\u015bci<\/li>\n<li>Fracht lotniczy i morski<\/li>\n<li>Odprawa celna<\/li>\n<li>Transport pojazd\u00f3w<\/li>\n<li>Podr\u00f3\u017ce i bilety<\/li>\n<\/ul>\n<p>Beirut Express to lokalna i mi\u0119dzynarodowa us\u0142uga przeprowadzki i relokacji, kt\u00f3ra dzia\u0142a od 56 lat i ma siedzib\u0119 w Bejrucie. Posiadaj\u0105 \u015bwiatow\u0105 sie\u0107 firm stowarzyszonych i akredytowanych agent\u00f3w oraz s\u0105 cz\u0142onkiem IAM.<\/p>\n<p>Beirut Express \u015bwiadczy us\u0142ugi przeprowadzkowe dla gospodarstw domowych, firm i korporacji czyni\u0105c przeprowadzk\u0119 tak bezproblemow\u0105 jak to tylko mo\u017cliwe. Zapewniaj\u0105 profesjonaln\u0105 us\u0142ug\u0119 pakowania z wyszkolon\u0105 za\u0142og\u0105, kt\u00f3ra u\u017cywa technik wysokiej ochrony, aby zabezpieczy\u0107 Twoje rzeczy w transporcie. Zorganizuj\u0105 transport Twoich rzeczy drog\u0105 powietrzn\u0105 i morsk\u0105 oraz pomog\u0105 w odprawie celnej.<\/p>\n<p>Strona internetowa: <a href=\"http:\/\/www.beirutexpress.com\" target=\"_blank\" rel=\"noopener\">http:\/\/www.beirutexpress.com<\/a><\/p>\n<h2><span class=\"ez-toc-section\" id=\"6_Domex\"><\/span><strong>6. Domex<\/strong><span class=\"ez-toc-section-end\"><\/span><\/h2>\n<p><img loading=\"lazy\" decoding=\"async\" class=\"alignnone size-full wp-image-8306\" src=\"https:\/\/moverdb.com\/wp-content\/uploads\/Domex-international-moving-company.png\" alt=\"Firma Domex zajmuj\u0105ca si\u0119 przeprowadzkami mi\u0119dzynarodowymi\" width=\"1440\" height=\"681\" data-wp-pid=\"8306\" srcset=\"https:\/\/moverdb.com\/wp-content\/uploads\/Domex-international-moving-company.png 1440w, https:\/\/moverdb.com\/wp-content\/uploads\/Domex-international-moving-company-300x142.png 300w, https:\/\/moverdb.com\/wp-content\/uploads\/Domex-international-moving-company-1024x484.png 1024w, https:\/\/moverdb.com\/wp-content\/uploads\/Domex-international-moving-company-18x9.png 18w, https:\/\/moverdb.com\/wp-content\/uploads\/Domex-international-moving-company-600x284.png 600w\" sizes=\"auto, (max-width: 1440px) 100vw, 1440px\" \/><\/p>\n<ul>\n<li>Przeprowadzki mi\u0119dzynarodowe<\/li>\n<li>Przeprowadzki gospodarstw domowych<\/li>\n<li>Przeprowadzki biurowe<\/li>\n<li>Us\u0142uga \"od drzwi do drzwi\".<\/li>\n<li>Us\u0142uga pakowania<\/li>\n<li>Wysokiej jako\u015bci materia\u0142y do pakowania<\/li>\n<li>Odprawa celna<\/li>\n<li>Obr\u00f3bka dzie\u0142 sztuki<\/li>\n<li>Ubezpieczenia<\/li>\n<li>Obiekty magazynowe<\/li>\n<\/ul>\n<p>Domex to firma zajmuj\u0105ca si\u0119 przeprowadzkami i magazynowaniem, kt\u00f3ra \u015bwiadczy us\u0142ugi mi\u0119dzynarodowe do i z Libanu i ma siedzib\u0119 w Bejrucie. Wsp\u00f3\u0142pracuje z wybranymi firmami przeprowadzkowymi na ca\u0142ym \u015bwiecie w celu \u015bwiadczenia us\u0142ug poza Libanem i jest cz\u0142onkiem IAM.<\/p>\n<p>Firma Domex oferuje us\u0142ug\u0119 \"od drzwi do drzwi\" dla gospodarstw domowych i biur. Zapewnia us\u0142ug\u0119 pakowania, kt\u00f3ra wykorzystuje wysokiej jako\u015bci materia\u0142y do pakowania w celu ochrony przedmiot\u00f3w oraz wyszkolony personel. Zapewniaj\u0105 r\u00f3wnie\u017c specjaln\u0105 us\u0142ug\u0119 dla delikatnych przedmiot\u00f3w i dzie\u0142 sztuki. Zorganizuje najbardziej odpowiedni\u0105 tras\u0119 i transport z wykorzystaniem frachtu morskiego i lotniczego oraz pomo\u017ce w odprawie celnej.<\/p>\n<p>Strona internetowa: <a href=\"http:\/\/www.domexco.net\" target=\"_blank\" rel=\"noopener\">http:\/\/www.domexco.net<\/a><\/p>\n<h2><span class=\"ez-toc-section\" id=\"7_BCC_Logistics\"><\/span><strong>7. BCC Logistics<\/strong><span class=\"ez-toc-section-end\"><\/span><\/h2>\n<p><img loading=\"lazy\" decoding=\"async\" class=\"alignnone size-full wp-image-7673\" src=\"https:\/\/moverdb.com\/wp-content\/uploads\/BCC-Logistics-international-moving-company.png\" alt=\"BCC Logistics firma zajmuj\u0105ca si\u0119 przeprowadzkami mi\u0119dzynarodowymi\" width=\"1440\" height=\"634\" data-wp-pid=\"7673\" srcset=\"https:\/\/moverdb.com\/wp-content\/uploads\/BCC-Logistics-international-moving-company.png 1440w, https:\/\/moverdb.com\/wp-content\/uploads\/BCC-Logistics-international-moving-company-300x132.png 300w, https:\/\/moverdb.com\/wp-content\/uploads\/BCC-Logistics-international-moving-company-1024x451.png 1024w, https:\/\/moverdb.com\/wp-content\/uploads\/BCC-Logistics-international-moving-company-18x8.png 18w, https:\/\/moverdb.com\/wp-content\/uploads\/BCC-Logistics-international-moving-company-600x264.png 600w\" sizes=\"auto, (max-width: 1440px) 100vw, 1440px\" \/><\/p>\n<ul>\n<li>Ruchy krajowe<\/li>\n<li>Przeprowadzki mi\u0119dzynarodowe<\/li>\n<li>Przeprowadzki mieszkaniowe<\/li>\n<li>Przeprowadzki firm<\/li>\n<li>Us\u0142uga \"od drzwi do drzwi\".<\/li>\n<li>Us\u0142uga pakowania<\/li>\n<li>Fracht l\u0105dowy, morski i lotniczy<\/li>\n<li>Odprawa celna<\/li>\n<li>Obs\u0142uga sztuk pi\u0119knych<\/li>\n<li>Obiekty magazynowe<\/li>\n<\/ul>\n<p>BCC Logistics jest globaln\u0105 firm\u0105 spedycyjn\u0105 z siedzib\u0105 w Bejrucie, za\u0142o\u017con\u0105 w 1993 roku, z lokalizacjami w <a href=\"https:\/\/moverdb.com\/pl\/moving-to-qatar\/\" data-internallinksmanager029f6b8e52c=\"334\" title=\"Przeprowadzka do Kataru? Koszty \u017cycia i wskaz\u00f3wki dotycz\u0105ce relokacji w 2023 r.\">Katar<\/a>, <a href=\"https:\/\/moverdb.com\/pl\/moving-companies\/moving-companies-iraq\/\" data-internallinksmanager029f6b8e52c=\"314\" title=\"2 Najlepsze mi\u0119dzynarodowe firmy przeprowadzkowe w Iraku\">Irak<\/a> oraz <a href=\"https:\/\/moverdb.com\/pl\/moving-to-saudi-arabia\/\" data-internallinksmanager029f6b8e52c=\"319\" title=\"Przeprowadzka do Arabii Saudyjskiej? Koszty \u017cycia i wskaz\u00f3wki dotycz\u0105ce relokacji w 2023 r.\">Arabia Saudyjska<\/a>. S\u0105 dobrze po\u0142\u0105czeni z mi\u0119dzynarodowymi agentami przeprowadzkowymi, co pozwala im \u015bwiadczy\u0107 us\u0142ugi na ca\u0142ym \u015bwiecie. Firma jest cz\u0142onkiem IAM i posiada akredytacj\u0119 FIDI.<\/p>\n<p>BCC Logistics oferuje us\u0142ug\u0119 przeprowadzki od drzwi do drzwi z jednym punktem kontaktowym. Zapewniaj\u0105 us\u0142ug\u0119 pakowania przy u\u017cyciu wysokiej jako\u015bci materia\u0142\u00f3w opakowaniowych, a tak\u017ce oferuj\u0105 kontenerowe przesy\u0142ki morskie oraz pakowanie tr\u00f3j\u015bcienne dla przesy\u0142ek lotniczych z formalno\u015bciami celnymi. Pomog\u0105 w pakowaniu, rozpakowaniu i ustawieniu mebli. Oferuj\u0105 r\u00f3wnie\u017c obs\u0142ug\u0119 ci\u0119\u017ckich przedmiot\u00f3w, transport pojazd\u00f3w i ubezpieczenie.<\/p>\n<p>Strona internetowa: <a href=\"http:\/\/www.bcclogistics.com\/\" target=\"_blank\" rel=\"noopener\">http:\/\/www.bcclogistics.com\/<\/a><\/p>","protected":false},"excerpt":{"rendered":"<p>Just thinking about moving your home or business can be stressful and seem complicated if you are planning on moving abroad, which is where a moving company can assist by lightening the load. Below we have compiled a list of Lebanon based removal companies that are members of the International Association of Movers (IAM) and\/or [&hellip;]<\/p>\n","protected":false},"author":4,"featured_media":0,"parent":190,"menu_order":0,"comment_status":"closed","ping_status":"closed","template":"","meta":{"_genesis_hide_title":false,"_genesis_hide_breadcrumbs":false,"_genesis_hide_singular_image":false,"_genesis_hide_footer_widgets":false,"_genesis_custom_body_class":"","_genesis_custom_post_class":"","_genesis_layout":"","footnotes":""},"class_list":{"0":"post-8402","1":"page","2":"type-page","3":"status-publish","5":"entry","6":"has-post-thumbnail"},"_links":{"self":[{"href":"https:\/\/moverdb.com\/pl\/wp-json\/wp\/v2\/pages\/8402","targetHints":{"allow":["GET"]}}],"collection":[{"href":"https:\/\/moverdb.com\/pl\/wp-json\/wp\/v2\/pages"}],"about":[{"href":"https:\/\/moverdb.com\/pl\/wp-json\/wp\/v2\/types\/page"}],"author":[{"embeddable":true,"href":"https:\/\/moverdb.com\/pl\/wp-json\/wp\/v2\/users\/4"}],"replies":[{"embeddable":true,"href":"https:\/\/moverdb.com\/pl\/wp-json\/wp\/v2\/comments?post=8402"}],"version-history":[{"count":1,"href":"https:\/\/moverdb.com\/pl\/wp-json\/wp\/v2\/pages\/8402\/revisions"}],"predecessor-version":[{"id":8403,"href":"https:\/\/moverdb.com\/pl\/wp-json\/wp\/v2\/pages\/8402\/revisions\/8403"}],"up":[{"embeddable":true,"href":"https:\/\/moverdb.com\/pl\/wp-json\/wp\/v2\/pages\/190"}],"wp:attachment":[{"href":"https:\/\/moverdb.com\/pl\/wp-json\/wp\/v2\/media?parent=8402"}],"curies":[{"name":"wp","href":"https:\/\/api.w.org\/{rel}","templated":true}]}}