{"id":8396,"date":"2023-04-27T14:53:30","date_gmt":"2023-04-27T14:53:30","guid":{"rendered":"https:\/\/moverdb.com\/?page_id=8396"},"modified":"2026-01-08T15:24:46","modified_gmt":"2026-01-08T15:24:46","slug":"moving-companies-kenya","status":"publish","type":"page","link":"https:\/\/moverdb.com\/pl\/moving-companies\/moving-companies-kenya\/","title":{"rendered":"4 Najlepsze firmy zajmuj\u0105ce si\u0119 przeprowadzkami mi\u0119dzynarodowymi w Kenii"},"content":{"rendered":"<p>Je\u015bli przenosisz dom lub firm\u0119, mo\u017ce to wydawa\u0107 si\u0119 nieco zniech\u0119caj\u0105ce, zw\u0142aszcza je\u015bli przenosisz kraje z dodatkow\u0105 papierkow\u0105 robot\u0105 i ustaleniami do wykonania. To jest, gdzie <a href=\"https:\/\/moverdb.com\/pl\/moving-companies\/\" data-internallinksmanager029f6b8e52c=\"79\" title=\"25 najlepszych firm przeprowadzek mi\u0119dzynarodowych online\">przedsi\u0119biorstwo przeprowadzkowe<\/a> mo\u017ce naprawd\u0119 zmniejszy\u0107 twoje obci\u0105\u017cenie. Wi\u0119c poni\u017cej wymienili\u015bmy kenijskie siedziby <a href=\"https:\/\/moverdb.com\/pl\/international-removals\/\" data-internallinksmanager029f6b8e52c=\"27\" title=\"36 najlepszych firm zajmuj\u0105cych si\u0119 przeprowadzkami mi\u0119dzynarodowymi w Wielkiej Brytanii\">przedsi\u0119biorstwa przeprowadzkowe<\/a> kt\u00f3re s\u0105 cz\u0142onkami <a href=\"https:\/\/moverdb.com\/pl\/iam\/\" data-internallinksmanager029f6b8e52c=\"23\" title=\"Mi\u0119dzynarodowe Stowarzyszenie Przewo\u017anik\u00f3w (IAM) - obja\u015bnienia\">Mi\u0119dzynarodowe Stowarzyszenie Przewo\u017anik\u00f3w<\/a> (IAM) i\/lub <a href=\"https:\/\/moverdb.com\/pl\/fidi-faim\/\" data-internallinksmanager029f6b8e52c=\"16\" title=\"FIDI i FAIM (FIDI Accredited International Mover) - obja\u015bnienia\">FIDI<\/a> Accredited International Mover (FAIM), kt\u00f3ry mo\u017ce pom\u00f3c w przeprowadzce.<\/p>\n<div id=\"ez-toc-container\" class=\"ez-toc-v2_0_83 ez-toc-wrap-left counter-hierarchy ez-toc-counter ez-toc-transparent ez-toc-container-direction\">\n<div class=\"ez-toc-title-container\">\n<p class=\"ez-toc-title\" style=\"cursor:inherit\">Sekcje<\/p>\n<span class=\"ez-toc-title-toggle\"><a href=\"#\" class=\"ez-toc-pull-right ez-toc-btn ez-toc-btn-xs ez-toc-btn-default ez-toc-toggle\" aria-label=\"Prze\u0142\u0105cznik Spisu Tre\u015bci\"><span class=\"ez-toc-js-icon-con\"><span class=\"\"><span class=\"eztoc-hide\" style=\"display:none;\">Toggle<\/span><span class=\"ez-toc-icon-toggle-span\"><svg style=\"fill: #999;color:#999\" xmlns=\"http:\/\/www.w3.org\/2000\/svg\" class=\"list-377408\" width=\"20px\" height=\"20px\" viewbox=\"0 0 24 24\" fill=\"none\"><path d=\"M6 6H4v2h2V6zm14 0H8v2h12V6zM4 11h2v2H4v-2zm16 0H8v2h12v-2zM4 16h2v2H4v-2zm16 0H8v2h12v-2z\" fill=\"currentColor\"><\/path><\/svg><svg style=\"fill: #999;color:#999\" class=\"arrow-unsorted-368013\" xmlns=\"http:\/\/www.w3.org\/2000\/svg\" width=\"10px\" height=\"10px\" viewbox=\"0 0 24 24\" version=\"1.2\" baseprofile=\"tiny\"><path d=\"M18.2 9.3l-6.2-6.3-6.2 6.3c-.2.2-.3.4-.3.7s.1.5.3.7c.2.2.4.3.7.3h11c.3 0 .5-.1.7-.3.2-.2.3-.5.3-.7s-.1-.5-.3-.7zM5.8 14.7l6.2 6.3 6.2-6.3c.2-.2.3-.5.3-.7s-.1-.5-.3-.7c-.2-.2-.4-.3-.7-.3h-11c-.3 0-.5.1-.7.3-.2.2-.3.5-.3.7s.1.5.3.7z\"\/><\/svg><\/span><\/span><\/span><\/a><\/span><\/div>\n<nav><ul class='ez-toc-list ez-toc-list-level-1 eztoc-toggle-hide-by-default' ><li class='ez-toc-page-1 ez-toc-heading-level-2'><a class=\"ez-toc-link ez-toc-heading-1\" href=\"https:\/\/moverdb.com\/pl\/moving-companies\/moving-companies-kenya\/#1_Quick_Task_Freight_Limited\" >1. Quick Task Freight Limited<\/a><\/li><li class='ez-toc-page-1 ez-toc-heading-level-2'><a class=\"ez-toc-link ez-toc-heading-2\" href=\"https:\/\/moverdb.com\/pl\/moving-companies\/moving-companies-kenya\/#2_Nellions_Moving_Relocations\" >2. Nellions Moving &amp; Relocations<\/a><\/li><li class='ez-toc-page-1 ez-toc-heading-level-2'><a class=\"ez-toc-link ez-toc-heading-3\" href=\"https:\/\/moverdb.com\/pl\/moving-companies\/moving-companies-kenya\/#3_Benfi_Global_Logistics\" >3. Benfi Global Logistics<\/a><\/li><li class='ez-toc-page-1 ez-toc-heading-level-2'><a class=\"ez-toc-link ez-toc-heading-4\" href=\"https:\/\/moverdb.com\/pl\/moving-companies\/moving-companies-kenya\/#4_DB_Schenker\" >4. DB Schenker<\/a><\/li><\/ul><\/nav><\/div>\n<h2><span class=\"ez-toc-section\" id=\"1_Quick_Task_Freight_Limited\"><\/span><strong>1. Quick Task Freight Limited<\/strong><span class=\"ez-toc-section-end\"><\/span><\/h2>\n<p><img loading=\"lazy\" decoding=\"async\" class=\"alignnone size-full wp-image-8356\" src=\"https:\/\/moverdb.com\/wp-content\/uploads\/Quick-Task-Freight-international-moving-company.png\" alt=\"Quick Task Freight firma zajmuj\u0105ca si\u0119 przeprowadzkami mi\u0119dzynarodowymi\" width=\"1440\" height=\"682\" data-wp-pid=\"8356\" srcset=\"https:\/\/moverdb.com\/wp-content\/uploads\/Quick-Task-Freight-international-moving-company.png 1440w, https:\/\/moverdb.com\/wp-content\/uploads\/Quick-Task-Freight-international-moving-company-300x142.png 300w, https:\/\/moverdb.com\/wp-content\/uploads\/Quick-Task-Freight-international-moving-company-1024x485.png 1024w, https:\/\/moverdb.com\/wp-content\/uploads\/Quick-Task-Freight-international-moving-company-18x9.png 18w, https:\/\/moverdb.com\/wp-content\/uploads\/Quick-Task-Freight-international-moving-company-600x284.png 600w\" sizes=\"auto, (max-width: 1440px) 100vw, 1440px\" \/><\/p>\n<ul>\n<li>Przeprowadzki lokalne<\/li>\n<li>Przeprowadzki mi\u0119dzynarodowe<\/li>\n<li>Przeprowadzka gospodarstwa domowego<\/li>\n<li>Przeprowadzki firm<\/li>\n<li>Dostosowana do potrzeb us\u0142uga \"od drzwi do drzwi<\/li>\n<li>Us\u0142uga pakowania<\/li>\n<li>Transport drogowy, morski i lotniczy<\/li>\n<li>Maklerstwo celne<\/li>\n<li>Doradztwo ubezpieczeniowe<\/li>\n<li>Obiekty magazynowe<\/li>\n<\/ul>\n<p>Quick Task Freight Limited to firma spedycyjna i logistyczna za\u0142o\u017cona w 2013 roku z siedzib\u0105 w Kenii z lokalizacjami w Nairobi i Mombasie oraz dalszymi biurami w Afryce Wschodniej. Wsp\u00f3\u0142pracuj\u0105 z mi\u0119dzynarodowymi partnerami, aby przenie\u015b\u0107 ludzi na ca\u0142ym \u015bwiecie. S\u0105 cz\u0142onkiem IAM z o\u015bmioletnim sta\u017cem.<\/p>\n<p>Quick Task Freight Limited \u015bwiadczy dostosowane do potrzeb us\u0142ugi przeprowadzki od drzwi do drzwi dla w\u0142a\u015bcicieli dom\u00f3w i firm. Oferuje us\u0142ug\u0119 pakowania, kt\u00f3ra ochroni Twoje rzeczy podczas transportu, niezale\u017cnie od tego, czy jest to transport drogowy, morski czy lotniczy. Zapewniaj\u0105 pomoc w zakresie po\u015brednictwa celnego i ubezpieczenia.<\/p>\n<p>Strona internetowa: <a href=\"http:\/\/www.quicktaskfreight.com\" target=\"_blank\" rel=\"noopener\">http:\/\/www.quicktaskfreight.com<\/a><\/p>\n<h2><span class=\"ez-toc-section\" id=\"2_Nellions_Moving_Relocations\"><\/span><strong>2. Nellions Moving &amp; Relocations<\/strong><span class=\"ez-toc-section-end\"><\/span><\/h2>\n<p><img loading=\"lazy\" decoding=\"async\" class=\"alignnone size-full wp-image-8348\" src=\"https:\/\/moverdb.com\/wp-content\/uploads\/Nellions-international-moving-company.png\" alt=\"Mi\u0119dzynarodowa firma przeprowadzkowa Nellions\" width=\"1440\" height=\"680\" data-wp-pid=\"8348\" srcset=\"https:\/\/moverdb.com\/wp-content\/uploads\/Nellions-international-moving-company.png 1440w, https:\/\/moverdb.com\/wp-content\/uploads\/Nellions-international-moving-company-300x142.png 300w, https:\/\/moverdb.com\/wp-content\/uploads\/Nellions-international-moving-company-1024x484.png 1024w, https:\/\/moverdb.com\/wp-content\/uploads\/Nellions-international-moving-company-18x9.png 18w, https:\/\/moverdb.com\/wp-content\/uploads\/Nellions-international-moving-company-600x283.png 600w\" sizes=\"auto, (max-width: 1440px) 100vw, 1440px\" \/><\/p>\n<ul>\n<li>Ruchy krajowe<\/li>\n<li>Przeprowadzki mi\u0119dzynarodowe<\/li>\n<li>Przeprowadzki mieszkaniowe<\/li>\n<li>Przeprowadzki firm i biur<\/li>\n<li>Us\u0142uga \"od drzwi do drzwi\".<\/li>\n<li>Fracht lotniczy, morski lub drogowy<\/li>\n<li>Opcje wysy\u0142ki z uwzgl\u0119dnieniem \u0142adunk\u00f3w zbiorowych<\/li>\n<li>Odprawa celna<\/li>\n<li>Ubezpieczenia<\/li>\n<li>Obiekty magazynowe<\/li>\n<\/ul>\n<p>Nellions Moving &amp; Relocations jest mi\u0119dzynarodow\u0105 firm\u0105 przeprowadzkow\u0105 z siedzib\u0105 w Nairobi. Jest cz\u0142onkiem IAM z dziewi\u0119cioletnim sta\u017cem, co daje jej dost\u0119p do mi\u0119dzynarodowej sieci agent\u00f3w przeprowadzkowych, kt\u00f3rzy j\u0105 wspieraj\u0105.<\/p>\n<p>Nellions Moving &amp; Relocations oferuje badanie przed przeprowadzk\u0105 oraz doradc\u00f3w, kt\u00f3rzy pomog\u0105 Ci w planowaniu przeprowadzki. Oferuj\u0105 oni us\u0142ug\u0119 \"od drzwi do drzwi\", \"od drzwi do drzwi\".<a href=\"https:\/\/moverdb.com\/pl\/top-49-container-ports\/\" data-internallinksmanager029f6b8e52c=\"80\" title=\"49 najwi\u0119kszych i najbardziej ruchliwych port\u00f3w kontenerowych w 2025 r.\">port<\/a> lub rozwi\u0105zania typu port-to-door. Bezpiecznie zapakuj\u0105 Twoje rzeczy, co obejmuje instalacj\u0119 i monta\u017c mebli oraz stworzenie listy pakowania bez u\u017cycia papieru. Zorganizuj\u0105 transport lotniczy, morski lub drogowy oraz zajm\u0105 si\u0119 obs\u0142ug\u0105 celn\u0105 importu i eksportu. Wysy\u0142ka obejmuje \u0142adunek pe\u0142ny lub mniejszy od kontenera oraz opcje \u0142adunk\u00f3w zbiorczych.<\/p>\n<p>Strona internetowa: <a href=\"http:\/\/www.nellions.co.ke\" target=\"_blank\" rel=\"noopener\">http:\/\/www.nellions.co.ke<\/a><\/p>\n<h2><span class=\"ez-toc-section\" id=\"3_Benfi_Global_Logistics\"><\/span><strong>3. <\/strong><strong>Benfi Global Logistics<\/strong><span class=\"ez-toc-section-end\"><\/span><\/h2>\n<p><img loading=\"lazy\" decoding=\"async\" class=\"alignnone size-full wp-image-8294\" src=\"https:\/\/moverdb.com\/wp-content\/uploads\/Benfi-Global-Logistics-international-moving-company.png\" alt=\"Benfi Global Logistics firma zajmuj\u0105ca si\u0119 przeprowadzkami mi\u0119dzynarodowymi\" width=\"1440\" height=\"683\" data-wp-pid=\"8294\" srcset=\"https:\/\/moverdb.com\/wp-content\/uploads\/Benfi-Global-Logistics-international-moving-company.png 1440w, https:\/\/moverdb.com\/wp-content\/uploads\/Benfi-Global-Logistics-international-moving-company-300x142.png 300w, https:\/\/moverdb.com\/wp-content\/uploads\/Benfi-Global-Logistics-international-moving-company-1024x486.png 1024w, https:\/\/moverdb.com\/wp-content\/uploads\/Benfi-Global-Logistics-international-moving-company-18x9.png 18w, https:\/\/moverdb.com\/wp-content\/uploads\/Benfi-Global-Logistics-international-moving-company-600x285.png 600w\" sizes=\"auto, (max-width: 1440px) 100vw, 1440px\" \/><\/p>\n<ul>\n<li>Logistyka lokalna i krajowa<\/li>\n<li><a href=\"https:\/\/moverdb.com\/pl\/container-shipping\/\" data-internallinksmanager029f6b8e52c=\"3\" title=\"Wykres stawek mi\u0119dzynarodowego transportu kontenerowego: Maj 2026\">Wysy\u0142ka mi\u0119dzynarodowa<\/a><\/li>\n<li>Przesy\u0142ki indywidualne<\/li>\n<li>Przesy\u0142ki firmowe<\/li>\n<li>Indywidualne podej\u015bcie<\/li>\n<li>\u0141adunki drogowe z wykorzystaniem ich floty<\/li>\n<li>Opcje frachtu lotniczego<\/li>\n<li>Opcje frachtu morskiego<\/li>\n<li>Maklerstwo celne<\/li>\n<li>Obiekty magazynowe<\/li>\n<\/ul>\n<p>Benfi Global Logistics jest jednym dostawc\u0105 rozwi\u0105za\u0144 logistycznych, kt\u00f3re mog\u0105 dostarczy\u0107 do ka\u017cdego zak\u0105tka \u015bwiata i ma siedzib\u0119 w Nairobi. Maj\u0105 stowarzyszenia na ca\u0142ym \u015bwiecie, aby rozszerzy\u0107 sw\u00f3j zasi\u0119g i dostawy \u015bwiadcz\u0105ce us\u0142ugi na ca\u0142ym \u015bwiecie. S\u0105 cz\u0142onkiem IAM z 10-letnim sta\u017cem.<\/p>\n<p>Benfi Global Logistics oferuje wy\u0142\u0105cznie spedycj\u0119 i magazynowanie, ale mo\u017ce zaspokoi\u0107 potrzeby os\u00f3b prywatnych i firm. Oferuje szereg opcji transportowych, kt\u00f3re obejmuj\u0105 transport \u0142adunk\u00f3w przy u\u017cyciu ich floty ci\u0119\u017car\u00f3wek, fracht lotniczy od ma\u0142ych przesy\u0142ek do czarter\u00f3w oraz fracht morski w pe\u0142nym lub mniejszym \u0142adunku kontenerowym.<\/p>\n<p>Strona internetowa: <a href=\"http:\/\/www.benfifreightkenya.co.ke\" target=\"_blank\" rel=\"noopener\">http:\/\/www.benfifreightkenya.co.ke<\/a><\/p>\n<h2><span class=\"ez-toc-section\" id=\"4_DB_Schenker\"><\/span><strong>4. DB Schenker<\/strong><span class=\"ez-toc-section-end\"><\/span><\/h2>\n<p><img loading=\"lazy\" decoding=\"async\" class=\"alignnone size-full wp-image-8303\" src=\"https:\/\/moverdb.com\/wp-content\/uploads\/DB-Schenker-Kenya-international-moving-company.png\" alt=\"DB Schenker Kenia firma zajmuj\u0105ca si\u0119 przeprowadzkami mi\u0119dzynarodowymi\" width=\"1440\" height=\"677\" data-wp-pid=\"8303\" srcset=\"https:\/\/moverdb.com\/wp-content\/uploads\/DB-Schenker-Kenya-international-moving-company.png 1440w, https:\/\/moverdb.com\/wp-content\/uploads\/DB-Schenker-Kenya-international-moving-company-300x141.png 300w, https:\/\/moverdb.com\/wp-content\/uploads\/DB-Schenker-Kenya-international-moving-company-1024x481.png 1024w, https:\/\/moverdb.com\/wp-content\/uploads\/DB-Schenker-Kenya-international-moving-company-18x8.png 18w, https:\/\/moverdb.com\/wp-content\/uploads\/DB-Schenker-Kenya-international-moving-company-600x282.png 600w\" sizes=\"auto, (max-width: 1440px) 100vw, 1440px\" \/><\/p>\n<ul>\n<li>Ruchy krajowe<\/li>\n<li>Przeprowadzki mi\u0119dzynarodowe<\/li>\n<li>Przeprowadzki mieszkaniowe<\/li>\n<li>Przeprowadzki firm<\/li>\n<li>Us\u0142uga pakowania<\/li>\n<li>Profesjonalne firmy pakuj\u0105ce<\/li>\n<li>Fracht l\u0105dowy, kolejowy, lotniczy i morski<\/li>\n<li>Odprawa celna<\/li>\n<li>Us\u0142uga \u015bledzenia<\/li>\n<li>Obiekty magazynowe<\/li>\n<\/ul>\n<p>DB Schenker to globalny dostawca us\u0142ug logistycznych, obecny w prawie 725 lokalizacjach i ponad 60 krajach, dzia\u0142aj\u0105cy od ponad 150 lat. Ich kenijska baza znajduje si\u0119 w Nairobi, gdzie oferuj\u0105 us\u0142ugi krajowe i mi\u0119dzynarodowe. Posiadaj\u0105 mi\u0119dzynarodow\u0105 sie\u0107, dzi\u0119ki kt\u00f3rej \u015bwiadcz\u0105 us\u0142ugi na ca\u0142ym \u015bwiecie i s\u0105 cz\u0142onkiem IAM.<\/p>\n<p>DB Schenker oferuje us\u0142ug\u0119 pakowania, kt\u00f3ra zabezpieczy Twoje rzeczy przy u\u017cyciu przyjaznych dla \u015brodowiska materia\u0142\u00f3w opakowaniowych i obejmuje demonta\u017c i monta\u017c mebli. DB Schenker zorganizuje transport l\u0105dowy, kolejowy, lotniczy lub morski z odpraw\u0105 celn\u0105 i us\u0142ug\u0105 \u015bledzenia przesy\u0142ki, dzi\u0119ki kt\u00f3rej mo\u017cna monitorowa\u0107 jej przebieg.<\/p>\n<p>Strona internetowa: <a href=\"http:\/\/www.dbschenker.com\" target=\"_blank\" rel=\"noopener\">http:\/\/www.dbschenker.com<\/a><\/p>","protected":false},"excerpt":{"rendered":"<p>If you are moving home or your business, it might seem a bit daunting especially if you are moving countries with the additional paperwork and arrangements to make. This is where a moving company can really lighten your load. So below we\u2019ve listed Kenyan based removal companies that are members of the International Association of [&hellip;]<\/p>\n","protected":false},"author":4,"featured_media":0,"parent":190,"menu_order":0,"comment_status":"closed","ping_status":"closed","template":"","meta":{"_genesis_hide_title":false,"_genesis_hide_breadcrumbs":false,"_genesis_hide_singular_image":false,"_genesis_hide_footer_widgets":false,"_genesis_custom_body_class":"","_genesis_custom_post_class":"","_genesis_layout":"","footnotes":""},"class_list":{"0":"post-8396","1":"page","2":"type-page","3":"status-publish","5":"entry","6":"has-post-thumbnail"},"_links":{"self":[{"href":"https:\/\/moverdb.com\/pl\/wp-json\/wp\/v2\/pages\/8396","targetHints":{"allow":["GET"]}}],"collection":[{"href":"https:\/\/moverdb.com\/pl\/wp-json\/wp\/v2\/pages"}],"about":[{"href":"https:\/\/moverdb.com\/pl\/wp-json\/wp\/v2\/types\/page"}],"author":[{"embeddable":true,"href":"https:\/\/moverdb.com\/pl\/wp-json\/wp\/v2\/users\/4"}],"replies":[{"embeddable":true,"href":"https:\/\/moverdb.com\/pl\/wp-json\/wp\/v2\/comments?post=8396"}],"version-history":[{"count":1,"href":"https:\/\/moverdb.com\/pl\/wp-json\/wp\/v2\/pages\/8396\/revisions"}],"predecessor-version":[{"id":8397,"href":"https:\/\/moverdb.com\/pl\/wp-json\/wp\/v2\/pages\/8396\/revisions\/8397"}],"up":[{"embeddable":true,"href":"https:\/\/moverdb.com\/pl\/wp-json\/wp\/v2\/pages\/190"}],"wp:attachment":[{"href":"https:\/\/moverdb.com\/pl\/wp-json\/wp\/v2\/media?parent=8396"}],"curies":[{"name":"wp","href":"https:\/\/api.w.org\/{rel}","templated":true}]}}