{"id":8394,"date":"2023-04-27T14:54:05","date_gmt":"2023-04-27T14:54:05","guid":{"rendered":"https:\/\/moverdb.com\/?page_id=8394"},"modified":"2026-01-08T15:24:20","modified_gmt":"2026-01-08T15:24:20","slug":"moving-companies-kazakhstan","status":"publish","type":"page","link":"https:\/\/moverdb.com\/pl\/moving-companies\/moving-companies-kazakhstan\/","title":{"rendered":"3 Najlepsze firmy zajmuj\u0105ce si\u0119 przeprowadzkami mi\u0119dzynarodowymi w Kazachstanie"},"content":{"rendered":"<p>Przeprowadzka mo\u017ce by\u0107 stresuj\u0105cym czasem, ale je\u015bli chcesz go zmniejszy\u0107, mo\u017cesz zatrudni\u0107 us\u0142ugi <a href=\"https:\/\/moverdb.com\/pl\/moving-companies\/\" data-internallinksmanager029f6b8e52c=\"79\" title=\"25 najlepszych firm przeprowadzek mi\u0119dzynarodowych online\">przedsi\u0119biorstwo przeprowadzkowe<\/a>. Mog\u0105 one przej\u0105\u0107 organizacj\u0119, pakowanie i administracj\u0119 Twojej przeprowadzki. Poni\u017cej przygotowali\u015bmy list\u0119 firm z siedzib\u0105 w Kazachstanie <a href=\"https:\/\/moverdb.com\/pl\/international-removals\/\" data-internallinksmanager029f6b8e52c=\"27\" title=\"36 najlepszych firm zajmuj\u0105cych si\u0119 przeprowadzkami mi\u0119dzynarodowymi w Wielkiej Brytanii\">przedsi\u0119biorstwa przeprowadzkowe<\/a> kt\u00f3re s\u0105 cz\u0142onkami <a href=\"https:\/\/moverdb.com\/pl\/iam\/\" data-internallinksmanager029f6b8e52c=\"23\" title=\"Mi\u0119dzynarodowe Stowarzyszenie Przewo\u017anik\u00f3w (IAM) - obja\u015bnienia\">Mi\u0119dzynarodowe Stowarzyszenie Przewo\u017anik\u00f3w<\/a> (IAM) i\/lub <a href=\"https:\/\/moverdb.com\/pl\/fidi-faim\/\" data-internallinksmanager029f6b8e52c=\"16\" title=\"FIDI i FAIM (FIDI Accredited International Mover) - obja\u015bnienia\">FIDI<\/a> Accredited International Mover (FAIM), kt\u00f3ra mo\u017ce pom\u00f3c Ci w przeprowadzce.<\/p>\n<h2><strong>1. Intermovex<\/strong><\/h2>\n<p><img loading=\"lazy\" decoding=\"async\" class=\"alignnone size-full wp-image-8330\" src=\"https:\/\/moverdb.com\/wp-content\/uploads\/Intermovex-international-moving-company.png\" alt=\"Firma Intermovex zajmuj\u0105ca si\u0119 przeprowadzkami mi\u0119dzynarodowymi\" width=\"1440\" height=\"680\" data-wp-pid=\"8330\" srcset=\"https:\/\/moverdb.com\/wp-content\/uploads\/Intermovex-international-moving-company.png 1440w, https:\/\/moverdb.com\/wp-content\/uploads\/Intermovex-international-moving-company-300x142.png 300w, https:\/\/moverdb.com\/wp-content\/uploads\/Intermovex-international-moving-company-1024x484.png 1024w, https:\/\/moverdb.com\/wp-content\/uploads\/Intermovex-international-moving-company-18x9.png 18w, https:\/\/moverdb.com\/wp-content\/uploads\/Intermovex-international-moving-company-600x283.png 600w\" sizes=\"auto, (max-width: 1440px) 100vw, 1440px\" \/><\/p>\n<ul>\n<li>Ruchy krajowe<\/li>\n<li>Przeprowadzki mi\u0119dzynarodowe<\/li>\n<li>Przeprowadzki gospodarstw domowych<\/li>\n<li>Przeniesienie biura<\/li>\n<li>Us\u0142uga \"od drzwi do drzwi\".<\/li>\n<li>Us\u0142uga pakowania<\/li>\n<li>Odprawa celna<\/li>\n<li>Obr\u00f3bka dzie\u0142 sztuki<\/li>\n<li>Transport zwierz\u0105t i samochod\u00f3w<\/li>\n<li>Przechowywanie kr\u00f3tko- i d\u0142ugoterminowe<\/li>\n<\/ul>\n<p>Intermovex to mi\u0119dzynarodowa firma przeprowadzkowa za\u0142o\u017cona w 2009 roku z biurami w A\u0142maty i Astanie. Wsp\u00f3\u0142pracuj\u0105 z zagranicznymi partnerami, kt\u00f3rzy pomagaj\u0105 im w \u015bwiadczeniu us\u0142ug na skal\u0119 mi\u0119dzynarodow\u0105. S\u0105 cz\u0142onkiem IAM z 14-letnim sta\u017cem.<\/p>\n<p>Intermovex oferuje us\u0142ug\u0119 door-to-door z osobistym mened\u017cerem, kt\u00f3ry wspiera Ci\u0119 na wszystkich etapach przeprowadzki. Ich us\u0142ugi pakowania wykorzystuj\u0105 wysokiej jako\u015bci materia\u0142y opakowaniowe, pomagaj\u0105 w wyborze najbardziej odpowiedniego transportu i pomagaj\u0105 w odprawie celnej. Oferuj\u0105 szereg us\u0142ug dodatkowych, kt\u00f3re obejmuj\u0105 transport samochod\u00f3w, wystaw, zwierz\u0105t, d\u00f3br kultury i sztuki pi\u0119knej, a tak\u017ce ubezpieczenie \u0142adunku i przechowywanie.<\/p>\n<p>Strona internetowa: <a href=\"http:\/\/www.intermovex.kz\" target=\"_blank\" rel=\"noopener\">http:\/\/www.intermovex.kz<\/a><\/p>\n<h2><strong>2. Gosselin<\/strong><\/h2>\n<p><img loading=\"lazy\" decoding=\"async\" class=\"alignnone size-full wp-image-8321\" src=\"https:\/\/moverdb.com\/wp-content\/uploads\/Gosselin-Kazakhstan-international-moving-company.png\" alt=\"Gosselin Kazachsta\u0144ska firma przeprowadzkowa\" width=\"1440\" height=\"680\" data-wp-pid=\"8321\" srcset=\"https:\/\/moverdb.com\/wp-content\/uploads\/Gosselin-Kazakhstan-international-moving-company.png 1440w, https:\/\/moverdb.com\/wp-content\/uploads\/Gosselin-Kazakhstan-international-moving-company-300x142.png 300w, https:\/\/moverdb.com\/wp-content\/uploads\/Gosselin-Kazakhstan-international-moving-company-1024x484.png 1024w, https:\/\/moverdb.com\/wp-content\/uploads\/Gosselin-Kazakhstan-international-moving-company-18x9.png 18w, https:\/\/moverdb.com\/wp-content\/uploads\/Gosselin-Kazakhstan-international-moving-company-600x283.png 600w\" sizes=\"auto, (max-width: 1440px) 100vw, 1440px\" \/><\/p>\n<ul>\n<li>Ruchy krajowe<\/li>\n<li>Przeprowadzki mi\u0119dzynarodowe<\/li>\n<li>Przeprowadzki mieszkaniowe<\/li>\n<li>Przeprowadzki biurowe<\/li>\n<li>Dostosowana do potrzeb us\u0142uga \"od drzwi do drzwi<\/li>\n<li>Us\u0142uga pakowania<\/li>\n<li>Organizacja transportu<\/li>\n<li>Transport zwierz\u0105t domowych i pojazd\u00f3w<\/li>\n<li>Ubezpieczenia<\/li>\n<li>Elastyczne przechowywanie kr\u00f3tko- i d\u0142ugoterminowe<\/li>\n<\/ul>\n<p>Gosselin jest mi\u0119dzynarodow\u0105 firm\u0105 przeprowadzkow\u0105 posiadaj\u0105c\u0105 34 biura w ca\u0142ej Europie i Rosji, w tym w Kazachstanie. Posiada w\u0142asn\u0105 sie\u0107 oddzia\u0142\u00f3w i partner\u00f3w pomagaj\u0105cych w przeprowadzkach mi\u0119dzynarodowych i jest cz\u0142onkiem IAM.<\/p>\n<p>Gosselin oferuje us\u0142ug\u0119 przeprowadzki od drzwi do drzwi z narz\u0119dziem ankiety online, aby zapewni\u0107 szybk\u0105 wycen\u0119, a nast\u0119pnie rzeteln\u0105 wycen\u0119. Zapewniaj\u0105 one us\u0142ug\u0119 pakowania z profesjonalnymi przewo\u017anikami, kt\u00f3rzy u\u017cywaj\u0105 ekologicznych materia\u0142\u00f3w do pakowania, aby chroni\u0107 swoje rzeczy, a tak\u017ce oferuj\u0105 demonta\u017c i ponowny monta\u017c mebli oraz us\u0142ug\u0119 rozpakowywania. Oferuj\u0105 r\u00f3wnie\u017c dodatkowe us\u0142ugi, w tym przenoszenie zwierz\u0105t domowych, obs\u0142ug\u0119 sztuk pi\u0119knych, wysy\u0142k\u0119 samochod\u00f3w i rozwi\u0105zania magazynowe.<\/p>\n<p>Strona internetowa: <a href=\"http:\/\/www.moving.gosselingroup.eu\" target=\"_blank\" rel=\"noopener\">http:\/\/www.moving.gosselingroup.eu<\/a><\/p>\n<h2><strong>3. Globalink Logistics<\/strong><\/h2>\n<p><img loading=\"lazy\" decoding=\"async\" class=\"alignnone size-full wp-image-8320\" src=\"https:\/\/moverdb.com\/wp-content\/uploads\/Globalink-Logistics-international-moving-company.png\" alt=\"Globalink Logistics firma zajmuj\u0105ca si\u0119 przeprowadzkami mi\u0119dzynarodowymi\" width=\"1440\" height=\"680\" data-wp-pid=\"8320\" srcset=\"https:\/\/moverdb.com\/wp-content\/uploads\/Globalink-Logistics-international-moving-company.png 1440w, https:\/\/moverdb.com\/wp-content\/uploads\/Globalink-Logistics-international-moving-company-300x142.png 300w, https:\/\/moverdb.com\/wp-content\/uploads\/Globalink-Logistics-international-moving-company-1024x484.png 1024w, https:\/\/moverdb.com\/wp-content\/uploads\/Globalink-Logistics-international-moving-company-18x9.png 18w, https:\/\/moverdb.com\/wp-content\/uploads\/Globalink-Logistics-international-moving-company-600x283.png 600w\" sizes=\"auto, (max-width: 1440px) 100vw, 1440px\" \/><\/p>\n<ul>\n<li>Ruchy krajowe<\/li>\n<li>Przeprowadzki mi\u0119dzynarodowe<\/li>\n<li>Przeprowadzki mieszkaniowe<\/li>\n<li>Relokacje przedsi\u0119biorstw<\/li>\n<li>Us\u0142uga \"od drzwi do drzwi\".<\/li>\n<li>Us\u0142uga pakowania<\/li>\n<li>Fracht drogowy, kolejowy, morski i lotniczy<\/li>\n<li>Maklerstwo celne<\/li>\n<li>Przeprowadzka zwierz\u0105t<\/li>\n<li>Obiekty magazynowe<\/li>\n<\/ul>\n<p>Globalink Logistics to wyspecjalizowana w Europie i Azji firma logistyczna oferuj\u0105ca us\u0142ugi przeprowadzkowe. Maj\u0105 lokalizacje w A\u0142maty, Astanie, Atyrau, Aktobe, Oskemenie, Uralsku i Shymkencie. Posiadaj\u0105 globaln\u0105 sie\u0107 w 55 krajach, aby \u015bwiadczy\u0107 us\u0142ugi na skal\u0119 mi\u0119dzynarodow\u0105. S\u0105 cz\u0142onkiem IAM z 24-letnim sta\u017cem i posiadaj\u0105 akredytacj\u0119 FIDI.<\/p>\n<p>Globalink Logistics oferuje badanie przed przeprowadzk\u0105 i proces planowania przeprowadzki z oszacowaniem ceny. Oferuje us\u0142ug\u0119 przeprowadzki od drzwi do drzwi, w tym transport zwierz\u0105t i pojazd\u00f3w, ubezpieczenie i \u015bledzenie przeprowadzki. Oferuj\u0105 us\u0142ug\u0119 pakowania przy u\u017cyciu wysokiej jako\u015bci materia\u0142\u00f3w z tranzytem drogowym, kolejowym, morskim lub lotniczym oraz pomagaj\u0105 w po\u015brednictwie celnym.<\/p>\n<p>Strona internetowa: <a href=\"https:\/\/globalinklogistics.com\/\" target=\"_blank\" rel=\"noopener\">https:\/\/globalinklogistics.com\/<\/a><\/p>","protected":false},"excerpt":{"rendered":"<p>Moving can be a stressful time but if you want to reduce it, you can employ the services of a moving company. They can take over the organisation, packing and administration of your move. Below we have compiled a list of Kazakhstan based removal companies that are members of the International Association of Movers (IAM) [&hellip;]<\/p>\n","protected":false},"author":4,"featured_media":0,"parent":190,"menu_order":0,"comment_status":"closed","ping_status":"closed","template":"","meta":{"_genesis_hide_title":false,"_genesis_hide_breadcrumbs":false,"_genesis_hide_singular_image":false,"_genesis_hide_footer_widgets":false,"_genesis_custom_body_class":"","_genesis_custom_post_class":"","_genesis_layout":"","footnotes":""},"class_list":{"0":"post-8394","1":"page","2":"type-page","3":"status-publish","5":"entry","6":"has-post-thumbnail"},"_links":{"self":[{"href":"https:\/\/moverdb.com\/pl\/wp-json\/wp\/v2\/pages\/8394","targetHints":{"allow":["GET"]}}],"collection":[{"href":"https:\/\/moverdb.com\/pl\/wp-json\/wp\/v2\/pages"}],"about":[{"href":"https:\/\/moverdb.com\/pl\/wp-json\/wp\/v2\/types\/page"}],"author":[{"embeddable":true,"href":"https:\/\/moverdb.com\/pl\/wp-json\/wp\/v2\/users\/4"}],"replies":[{"embeddable":true,"href":"https:\/\/moverdb.com\/pl\/wp-json\/wp\/v2\/comments?post=8394"}],"version-history":[{"count":1,"href":"https:\/\/moverdb.com\/pl\/wp-json\/wp\/v2\/pages\/8394\/revisions"}],"predecessor-version":[{"id":8395,"href":"https:\/\/moverdb.com\/pl\/wp-json\/wp\/v2\/pages\/8394\/revisions\/8395"}],"up":[{"embeddable":true,"href":"https:\/\/moverdb.com\/pl\/wp-json\/wp\/v2\/pages\/190"}],"wp:attachment":[{"href":"https:\/\/moverdb.com\/pl\/wp-json\/wp\/v2\/media?parent=8394"}],"curies":[{"name":"wp","href":"https:\/\/api.w.org\/{rel}","templated":true}]}}