{"id":7781,"date":"2023-04-27T14:57:02","date_gmt":"2023-04-27T14:57:02","guid":{"rendered":"https:\/\/moverdb.com\/?page_id=7781"},"modified":"2026-01-08T15:23:46","modified_gmt":"2026-01-08T15:23:46","slug":"moving-companies-jamaica","status":"publish","type":"page","link":"https:\/\/moverdb.com\/pl\/moving-companies\/moving-companies-jamaica\/","title":{"rendered":"2 Najlepsze firmy zajmuj\u0105ce si\u0119 przeprowadzkami mi\u0119dzynarodowymi na Jamajce"},"content":{"rendered":"<p>Przeniesienie domu lub firmy mo\u017ce by\u0107 trudne i doda\u0107 wiele presji, zw\u0142aszcza je\u015bli planujesz przenie\u015b\u0107 si\u0119 za granic\u0119, wi\u0119c zatrudnianie <a href=\"https:\/\/moverdb.com\/pl\/moving-companies\/\" data-internallinksmanager029f6b8e52c=\"79\" title=\"25 najlepszych firm przeprowadzek mi\u0119dzynarodowych online\">przedsi\u0119biorstwo przeprowadzkowe<\/a> mo\u017ce ci naprawd\u0119 pom\u00f3c. Poni\u017cej przygotowali\u015bmy list\u0119 jamajskich <a href=\"https:\/\/moverdb.com\/pl\/international-removals\/\" data-internallinksmanager029f6b8e52c=\"27\" title=\"36 najlepszych firm zajmuj\u0105cych si\u0119 przeprowadzkami mi\u0119dzynarodowymi w Wielkiej Brytanii\">przedsi\u0119biorstwa przeprowadzkowe<\/a> kt\u00f3re s\u0105 cz\u0142onkami <a href=\"https:\/\/moverdb.com\/pl\/iam\/\" data-internallinksmanager029f6b8e52c=\"23\" title=\"Mi\u0119dzynarodowe Stowarzyszenie Przewo\u017anik\u00f3w (IAM) - obja\u015bnienia\">Mi\u0119dzynarodowe Stowarzyszenie Przewo\u017anik\u00f3w<\/a> (IAM) i\/lub <a href=\"https:\/\/moverdb.com\/pl\/fidi-faim\/\" data-internallinksmanager029f6b8e52c=\"16\" title=\"FIDI i FAIM (FIDI Accredited International Mover) - obja\u015bnienia\">FIDI<\/a> Accredited International Mover (FAIM), kt\u00f3ra mo\u017ce pom\u00f3c Ci w przeprowadzce.<\/p>\n<h2><strong>1. Aero International Shipping<\/strong><\/h2>\n<p><img loading=\"lazy\" decoding=\"async\" class=\"alignnone size-full wp-image-7656\" src=\"https:\/\/moverdb.com\/wp-content\/uploads\/Aero-International-Shipping-moving-company.png\" alt=\"Firma przeprowadzkowa Aero International Shipping\" width=\"1440\" height=\"686\" data-wp-pid=\"7656\" srcset=\"https:\/\/moverdb.com\/wp-content\/uploads\/Aero-International-Shipping-moving-company.png 1440w, https:\/\/moverdb.com\/wp-content\/uploads\/Aero-International-Shipping-moving-company-300x143.png 300w, https:\/\/moverdb.com\/wp-content\/uploads\/Aero-International-Shipping-moving-company-1024x488.png 1024w, https:\/\/moverdb.com\/wp-content\/uploads\/Aero-International-Shipping-moving-company-18x9.png 18w, https:\/\/moverdb.com\/wp-content\/uploads\/Aero-International-Shipping-moving-company-600x286.png 600w\" sizes=\"auto, (max-width: 1440px) 100vw, 1440px\" \/><\/p>\n<ul>\n<li><a href=\"https:\/\/moverdb.com\/pl\/container-shipping\/\" data-internallinksmanager029f6b8e52c=\"3\" title=\"Wykres stawek mi\u0119dzynarodowego transportu kontenerowego: Kwiecie\u0144 2026 r.\">Wysy\u0142ka mi\u0119dzynarodowa<\/a><\/li>\n<li>Wysy\u0142ka do gospodarstw domowych<\/li>\n<li>\u017begluga handlowa<\/li>\n<li>Projekty specjalne<\/li>\n<li>Opakowanie eksportowe<\/li>\n<li>Fracht l\u0105dowy, lotniczy i morski<\/li>\n<li>Opcje konsolidacji<\/li>\n<li>Odprawa celna<\/li>\n<li>Ochrona ubezpieczeniowa<\/li>\n<li>Obiekty magazynowe<\/li>\n<\/ul>\n<p>Aero International Shipping jest mi\u0119dzynarodow\u0105 firm\u0105 transportow\u0105 i logistyczn\u0105, kt\u00f3ra obejmuje transport artyku\u0142\u00f3w gospodarstwa domowego. Zostali za\u0142o\u017ceni w 1974 roku i maj\u0105 siedzib\u0119 w Kingston. Wsp\u00f3\u0142pracuj\u0105 z mi\u0119dzynarodow\u0105 sieci\u0105 agencji, aby \u015bwiadczy\u0107 us\u0142ugi na ca\u0142ym \u015bwiecie. S\u0105 cz\u0142onkiem IAM z 49-letnim sta\u017cem.<\/p>\n<p>Aero International Shipping oferuje us\u0142ugi transportowe od ma\u0142ych do du\u017cych. Zapewniaj\u0105 wsparcie w zakresie pakowania eksportowego, aby zapewni\u0107, \u017ce Pa\u0144stwa rzeczy s\u0105 bezpiecznie zapakowane na czas transportu. Organizuj\u0105 transport l\u0105dowy, lotniczy i morski ze starannie dobran\u0105 tras\u0105, odpraw\u0105 celn\u0105 i ubezpieczeniem. Zapewniaj\u0105 opcje konsolidacji dla transportu lotniczego i morskiego w celu zmniejszenia koszt\u00f3w.<\/p>\n<p>Strona internetowa: <a href=\"http:\/\/www.aerointel.com\/\" target=\"_blank\" rel=\"noopener\">http:\/\/www.aerointel.com\/<\/a><\/p>\n<h2><strong>2. B.L. Williams<\/strong><\/h2>\n<p><img loading=\"lazy\" decoding=\"async\" class=\"alignnone size-full wp-image-7675\" src=\"https:\/\/moverdb.com\/wp-content\/uploads\/Bliss-Moving-international-moving-company.png\" alt=\"Firma BL Williams zajmuj\u0105ca si\u0119 przeprowadzkami mi\u0119dzynarodowymi\" width=\"1440\" height=\"684\" data-wp-pid=\"7675\" srcset=\"https:\/\/moverdb.com\/wp-content\/uploads\/Bliss-Moving-international-moving-company.png 1440w, https:\/\/moverdb.com\/wp-content\/uploads\/Bliss-Moving-international-moving-company-300x143.png 300w, https:\/\/moverdb.com\/wp-content\/uploads\/Bliss-Moving-international-moving-company-1024x486.png 1024w, https:\/\/moverdb.com\/wp-content\/uploads\/Bliss-Moving-international-moving-company-18x9.png 18w, https:\/\/moverdb.com\/wp-content\/uploads\/Bliss-Moving-international-moving-company-600x285.png 600w\" sizes=\"auto, (max-width: 1440px) 100vw, 1440px\" \/><\/p>\n<ul>\n<li>Ruchy krajowe<\/li>\n<li>Przeprowadzki mi\u0119dzynarodowe<\/li>\n<li>Przeniesienie gospodarstwa domowego<\/li>\n<li>Us\u0142uga \"od drzwi do drzwi\".<\/li>\n<li>Us\u0142uga pakowania<\/li>\n<li>Fracht morski i lotniczy<\/li>\n<li>Us\u0142ugi eksportowe i importowe<\/li>\n<li>Us\u0142ugi w zakresie miejsca pochodzenia i przeznaczenia<\/li>\n<li>Ubezpieczenie tranzytowe<\/li>\n<li>Obiekty magazynowe<\/li>\n<\/ul>\n<p>B.L. Williams to. <a href=\"https:\/\/moverdb.com\/pl\/freight-forwarder\/\" data-internallinksmanager029f6b8e52c=\"17\" title=\"Spedytor i NVOCC Mi\u0119dzynarodowy Przewodnik po Kosztach i Firmach\">spedytor<\/a> i spedytor mi\u0119dzynarodowy, kt\u00f3ry zosta\u0142 za\u0142o\u017cony w 1924 roku i ma siedzib\u0119 w Kingston. S\u0105 wspierani przez sie\u0107 lokalnych agent\u00f3w, kt\u00f3rzy s\u0105 rozmieszczeni na ca\u0142ym \u015bwiecie. Jest cz\u0142onkiem IAM z 34-letnim sta\u017cem.<\/p>\n<p>B.L. Williams zapewnia wst\u0119pne badanie, aby okre\u015bli\u0107 Twoje potrzeby i poda\u0107 wycen\u0119. Zapewniaj\u0105 dedykowany personel, kt\u00f3ry b\u0119dzie wspiera\u0142 Ci\u0119 podczas ca\u0142ej przeprowadzki z us\u0142ug\u0105 \"od drzwi do drzwi\". Zapewniaj\u0105 us\u0142ug\u0119 pakowania, kt\u00f3ra wykorzystuje r\u00f3\u017cnorodne materia\u0142y do ochrony Twoich rzeczy i pakowania ich w skrzynie. Organizuj\u0105 transport morski i lotniczy, kt\u00f3ry obejmuje wszystkie us\u0142ugi eksportowe i importowe.<\/p>\n<p>Strona internetowa: <a href=\"http:\/\/www.blwilliams.com\/\" target=\"_blank\" rel=\"noopener\">http:\/\/www.blwilliams.com\/<\/a><\/p>","protected":false},"excerpt":{"rendered":"<p>Moving your home or business can be difficult and add a lot of pressure especially if you are planning a move abroad, so employing a moving company can really assist you. Below we have compiled a list of Jamaican removal companies that are members of the International Association of Movers (IAM) and\/or FIDI Accredited International [&hellip;]<\/p>\n","protected":false},"author":4,"featured_media":0,"parent":190,"menu_order":0,"comment_status":"closed","ping_status":"closed","template":"","meta":{"_genesis_hide_title":false,"_genesis_hide_breadcrumbs":false,"_genesis_hide_singular_image":false,"_genesis_hide_footer_widgets":false,"_genesis_custom_body_class":"","_genesis_custom_post_class":"","_genesis_layout":"","footnotes":""},"class_list":{"0":"post-7781","1":"page","2":"type-page","3":"status-publish","5":"entry","6":"has-post-thumbnail"},"_links":{"self":[{"href":"https:\/\/moverdb.com\/pl\/wp-json\/wp\/v2\/pages\/7781","targetHints":{"allow":["GET"]}}],"collection":[{"href":"https:\/\/moverdb.com\/pl\/wp-json\/wp\/v2\/pages"}],"about":[{"href":"https:\/\/moverdb.com\/pl\/wp-json\/wp\/v2\/types\/page"}],"author":[{"embeddable":true,"href":"https:\/\/moverdb.com\/pl\/wp-json\/wp\/v2\/users\/4"}],"replies":[{"embeddable":true,"href":"https:\/\/moverdb.com\/pl\/wp-json\/wp\/v2\/comments?post=7781"}],"version-history":[{"count":1,"href":"https:\/\/moverdb.com\/pl\/wp-json\/wp\/v2\/pages\/7781\/revisions"}],"predecessor-version":[{"id":7782,"href":"https:\/\/moverdb.com\/pl\/wp-json\/wp\/v2\/pages\/7781\/revisions\/7782"}],"up":[{"embeddable":true,"href":"https:\/\/moverdb.com\/pl\/wp-json\/wp\/v2\/pages\/190"}],"wp:attachment":[{"href":"https:\/\/moverdb.com\/pl\/wp-json\/wp\/v2\/media?parent=7781"}],"curies":[{"name":"wp","href":"https:\/\/api.w.org\/{rel}","templated":true}]}}