{"id":7779,"date":"2023-04-27T14:57:32","date_gmt":"2023-04-27T14:57:32","guid":{"rendered":"https:\/\/moverdb.com\/?page_id=7779"},"modified":"2026-01-08T15:29:20","modified_gmt":"2026-01-08T15:29:20","slug":"moving-companies-israel","status":"publish","type":"page","link":"https:\/\/moverdb.com\/pl\/moving-companies\/moving-companies-israel\/","title":{"rendered":"6 Najlepszych firm zajmuj\u0105cych si\u0119 przeprowadzkami mi\u0119dzynarodowymi w Izraelu"},"content":{"rendered":"<p>Przeprowadzka domu lub firmy mo\u017ce by\u0107 stresuj\u0105ca, wi\u0119c zatrudnienie us\u0142ug <a href=\"https:\/\/moverdb.com\/pl\/moving-companies\/\" data-internallinksmanager029f6b8e52c=\"79\" title=\"25 najlepszych firm przeprowadzek mi\u0119dzynarodowych online\">przedsi\u0119biorstwo przeprowadzkowe<\/a> mo\u017ce zmniejszy\u0107 obci\u0105\u017cenie prac\u0105 i u\u0142atwi\u0107 przeprowadzk\u0119. Poni\u017cej przedstawiamy list\u0119 <a href=\"https:\/\/moverdb.com\/pl\/moving-to-israel\/\" data-internallinksmanager029f6b8e52c=\"333\" title=\"Przeprowadzka do Izraela? Koszty \u017cycia i wskaz\u00f3wki dotycz\u0105ce relokacji w 2023 r.\">Izrael<\/a> na stronie <a href=\"https:\/\/moverdb.com\/pl\/international-removals\/\" data-internallinksmanager029f6b8e52c=\"27\" title=\"36 najlepszych firm zajmuj\u0105cych si\u0119 przeprowadzkami mi\u0119dzynarodowymi w Wielkiej Brytanii\">przedsi\u0119biorstwa przeprowadzkowe<\/a> kt\u00f3re s\u0105 cz\u0142onkami <a href=\"https:\/\/moverdb.com\/pl\/iam\/\" data-internallinksmanager029f6b8e52c=\"23\" title=\"Mi\u0119dzynarodowe Stowarzyszenie Przewo\u017anik\u00f3w (IAM) - obja\u015bnienia\">Mi\u0119dzynarodowe Stowarzyszenie Przewo\u017anik\u00f3w<\/a> (IAM) i\/lub <a href=\"https:\/\/moverdb.com\/pl\/fidi-faim\/\" data-internallinksmanager029f6b8e52c=\"16\" title=\"FIDI i FAIM (FIDI Accredited International Mover) - obja\u015bnienia\">FIDI<\/a> Accredited International Mover (FAIM), kt\u00f3ra mo\u017ce pom\u00f3c Ci w przeprowadzce do, z lub na terenie Izraela.<\/p>\n<div id=\"ez-toc-container\" class=\"ez-toc-v2_0_83 ez-toc-wrap-left counter-hierarchy ez-toc-counter ez-toc-transparent ez-toc-container-direction\">\n<div class=\"ez-toc-title-container\">\n<p class=\"ez-toc-title\" style=\"cursor:inherit\">Sekcje<\/p>\n<span class=\"ez-toc-title-toggle\"><a href=\"#\" class=\"ez-toc-pull-right ez-toc-btn ez-toc-btn-xs ez-toc-btn-default ez-toc-toggle\" aria-label=\"Prze\u0142\u0105cznik Spisu Tre\u015bci\"><span class=\"ez-toc-js-icon-con\"><span class=\"\"><span class=\"eztoc-hide\" style=\"display:none;\">Toggle<\/span><span class=\"ez-toc-icon-toggle-span\"><svg style=\"fill: #999;color:#999\" xmlns=\"http:\/\/www.w3.org\/2000\/svg\" class=\"list-377408\" width=\"20px\" height=\"20px\" viewbox=\"0 0 24 24\" fill=\"none\"><path d=\"M6 6H4v2h2V6zm14 0H8v2h12V6zM4 11h2v2H4v-2zm16 0H8v2h12v-2zM4 16h2v2H4v-2zm16 0H8v2h12v-2z\" fill=\"currentColor\"><\/path><\/svg><svg style=\"fill: #999;color:#999\" class=\"arrow-unsorted-368013\" xmlns=\"http:\/\/www.w3.org\/2000\/svg\" width=\"10px\" height=\"10px\" viewbox=\"0 0 24 24\" version=\"1.2\" baseprofile=\"tiny\"><path d=\"M18.2 9.3l-6.2-6.3-6.2 6.3c-.2.2-.3.4-.3.7s.1.5.3.7c.2.2.4.3.7.3h11c.3 0 .5-.1.7-.3.2-.2.3-.5.3-.7s-.1-.5-.3-.7zM5.8 14.7l6.2 6.3 6.2-6.3c.2-.2.3-.5.3-.7s-.1-.5-.3-.7c-.2-.2-.4-.3-.7-.3h-11c-.3 0-.5.1-.7.3-.2.2-.3.5-.3.7s.1.5.3.7z\"\/><\/svg><\/span><\/span><\/span><\/a><\/span><\/div>\n<nav><ul class='ez-toc-list ez-toc-list-level-1 eztoc-toggle-hide-by-default' ><li class='ez-toc-page-1 ez-toc-heading-level-2'><a class=\"ez-toc-link ez-toc-heading-1\" href=\"https:\/\/moverdb.com\/pl\/moving-companies\/moving-companies-israel\/#1_Globus_Relocation\" >1. Przeniesienie Globus<\/a><\/li><li class='ez-toc-page-1 ez-toc-heading-level-2'><a class=\"ez-toc-link ez-toc-heading-2\" href=\"https:\/\/moverdb.com\/pl\/moving-companies\/moving-companies-israel\/#2_Infinity_Pack_Ship\" >2. Infinity Pack &amp; Ship<\/a><\/li><li class='ez-toc-page-1 ez-toc-heading-level-2'><a class=\"ez-toc-link ez-toc-heading-3\" href=\"https:\/\/moverdb.com\/pl\/moving-companies\/moving-companies-israel\/#3_Ocean\" >3. Ocean<\/a><\/li><li class='ez-toc-page-1 ez-toc-heading-level-2'><a class=\"ez-toc-link ez-toc-heading-4\" href=\"https:\/\/moverdb.com\/pl\/moving-companies\/moving-companies-israel\/#4_Sonigo\" >4. Sonigo<\/a><\/li><li class='ez-toc-page-1 ez-toc-heading-level-2'><a class=\"ez-toc-link ez-toc-heading-5\" href=\"https:\/\/moverdb.com\/pl\/moving-companies\/moving-companies-israel\/#5_A_Univers_Transit\" >5. A. Univers Transit<\/a><\/li><li class='ez-toc-page-1 ez-toc-heading-level-2'><a class=\"ez-toc-link ez-toc-heading-6\" href=\"https:\/\/moverdb.com\/pl\/moving-companies\/moving-companies-israel\/#6_Teamnet\" >6. Teamnet<\/a><\/li><li class='ez-toc-page-1 ez-toc-heading-level-2'><a class=\"ez-toc-link ez-toc-heading-7\" href=\"https:\/\/moverdb.com\/pl\/moving-companies\/moving-companies-israel\/#Other_Useful_Guides_to_Israel\" >Inne przydatne przewodniki po Izraelu<\/a><\/li><\/ul><\/nav><\/div>\n<h2><span class=\"ez-toc-section\" id=\"1_Globus_Relocation\"><\/span><strong>1. Przeniesienie Globus<\/strong><span class=\"ez-toc-section-end\"><\/span><\/h2>\n<p><img loading=\"lazy\" decoding=\"async\" class=\"alignnone size-full wp-image-7699\" src=\"https:\/\/moverdb.com\/wp-content\/uploads\/Globus-Relocation-international-moving-company.png\" alt=\"Globus Relocation - mi\u0119dzynarodowa firma przeprowadzkowa\" width=\"1440\" height=\"681\" data-wp-pid=\"7699\" srcset=\"https:\/\/moverdb.com\/wp-content\/uploads\/Globus-Relocation-international-moving-company.png 1440w, https:\/\/moverdb.com\/wp-content\/uploads\/Globus-Relocation-international-moving-company-300x142.png 300w, https:\/\/moverdb.com\/wp-content\/uploads\/Globus-Relocation-international-moving-company-1024x484.png 1024w, https:\/\/moverdb.com\/wp-content\/uploads\/Globus-Relocation-international-moving-company-18x9.png 18w, https:\/\/moverdb.com\/wp-content\/uploads\/Globus-Relocation-international-moving-company-600x284.png 600w\" sizes=\"auto, (max-width: 1440px) 100vw, 1440px\" \/><\/p>\n<ul>\n<li>Przeprowadzki mi\u0119dzynarodowe<\/li>\n<li>Osobiste przeprowadzki<\/li>\n<li>Przeprowadzki handlowe<\/li>\n<li>Us\u0142ugi relokacyjne<\/li>\n<li>Us\u0142uga \"od drzwi do drzwi\".<\/li>\n<li>Pomoc w pakowaniu<\/li>\n<li>Zaawansowane i niestandardowe materia\u0142y do pakowania<\/li>\n<li>Transport l\u0105dowy, morski i lotniczy<\/li>\n<li>Ubezpieczenia<\/li>\n<li>Bezpieczne przechowywanie<\/li>\n<\/ul>\n<p>Globus Relocation to mi\u0119dzynarodowa firma zajmuj\u0105ca si\u0119 pakowaniem i <a href=\"https:\/\/moverdb.com\/pl\/shipping-companies\/\" data-internallinksmanager029f6b8e52c=\"4\" title=\"10 najlepszych firm zajmuj\u0105cych si\u0119 mi\u0119dzynarodow\u0105 \u017ceglug\u0105 kontenerow\u0105\">przedsi\u0119biorstwo spedycyjne<\/a> kt\u00f3ra zosta\u0142a za\u0142o\u017cona w 2014 roku i ma siedzib\u0119 w Ashdod. S\u0105 cz\u0142onkiem IAM i s\u0105 akredytowani przez FIDI. Te cz\u0142onkostwa lub akredytowane daj\u0105 im dost\u0119p do mi\u0119dzynarodowej sieci agent\u00f3w.<\/p>\n<p>Globus Relocation przydziela jednego ze swoich specjalist\u00f3w, kt\u00f3ry b\u0119dzie wspiera\u0142 Ci\u0119 podczas ca\u0142ej przeprowadzki. Zapewniaj\u0105 oni us\u0142ug\u0119 \"od drzwi do drzwi\", oferuj\u0105c zaawansowane materia\u0142y do pakowania i niestandardowe rozwi\u0105zania w zakresie pakowania, dostosowane do wszystkich przedmiot\u00f3w. Organizuj\u0105 transport rzeczy drog\u0105 l\u0105dow\u0105, morsk\u0105 lub powietrzn\u0105. Zapewniaj\u0105 dodatkowe us\u0142ugi relokacyjne, kt\u00f3re obejmuj\u0105 wizy robocze, wyszukiwanie dom\u00f3w i szk\u00f3\u0142, wynajem mebli, us\u0142ugi przyjazdu i us\u0142ugi pokoj\u00f3wki.<\/p>\n<p>Strona internetowa: <a href=\"http:\/\/www.globus-relocation.com\" target=\"_blank\" rel=\"noopener\">http:\/\/www.globus-relocation.com<\/a><\/p>\n<h2><span class=\"ez-toc-section\" id=\"2_Infinity_Pack_Ship\"><\/span><strong>2. Infinity Pack &amp; Ship<\/strong><span class=\"ez-toc-section-end\"><\/span><\/h2>\n<p><img loading=\"lazy\" decoding=\"async\" class=\"alignnone size-full wp-image-7707\" src=\"https:\/\/moverdb.com\/wp-content\/uploads\/Infinity-Pack-Ship-international-moving-company.png\" alt=\"Infinity Pack &amp; Ship firma zajmuj\u0105ca si\u0119 przeprowadzkami mi\u0119dzynarodowymi\" width=\"1440\" height=\"680\" data-wp-pid=\"7707\" srcset=\"https:\/\/moverdb.com\/wp-content\/uploads\/Infinity-Pack-Ship-international-moving-company.png 1440w, https:\/\/moverdb.com\/wp-content\/uploads\/Infinity-Pack-Ship-international-moving-company-300x142.png 300w, https:\/\/moverdb.com\/wp-content\/uploads\/Infinity-Pack-Ship-international-moving-company-1024x484.png 1024w, https:\/\/moverdb.com\/wp-content\/uploads\/Infinity-Pack-Ship-international-moving-company-18x9.png 18w, https:\/\/moverdb.com\/wp-content\/uploads\/Infinity-Pack-Ship-international-moving-company-600x283.png 600w\" sizes=\"auto, (max-width: 1440px) 100vw, 1440px\" \/><\/p>\n<ul>\n<li>Ruchy krajowe<\/li>\n<li>Przeprowadzki mi\u0119dzynarodowe<\/li>\n<li>Przeprowadzki mieszkaniowe<\/li>\n<li>Przesy\u0142ki handlowe<\/li>\n<li>Od drzwi do drzwi lub od drzwi do drzwi<a href=\"https:\/\/moverdb.com\/pl\/top-49-container-ports\/\" data-internallinksmanager029f6b8e52c=\"80\" title=\"49 najwi\u0119kszych i najbardziej ruchliwych port\u00f3w kontenerowych w 2025 r.\">port<\/a> serwis<\/li>\n<li>Pomoc w pakowaniu<\/li>\n<li>Us\u0142ugi drogowe, morskie i lotnicze<\/li>\n<li>Odprawa celna<\/li>\n<li>Ubezpieczenia<\/li>\n<li>Przechowywanie kr\u00f3tko- i d\u0142ugoterminowe<\/li>\n<\/ul>\n<p>Infinity Pack &amp; Ship jest firm\u0105 relokacyjn\u0105 i logistyczn\u0105, kt\u00f3ra zosta\u0142a za\u0142o\u017cona w 2005 roku w Jerozolimie. Wsp\u00f3\u0142pracuj\u0105 z mi\u0119dzynarodow\u0105 sieci\u0105 firm przeprowadzkowych i logistycznych, aby \u015bwiadczy\u0107 swoje us\u0142ugi. Jest cz\u0142onkiem IAM z 16-letnim sta\u017cem.<\/p>\n<p>Infinity Pack &amp; Ship oferuje bezp\u0142atny przegl\u0105d w domu i zajmuje si\u0119 wszystkimi formalno\u015bciami zwi\u0105zanymi z przeprowadzk\u0105, w tym odpraw\u0105 celn\u0105. Zapewniaj\u0105 profesjonaln\u0105 ekip\u0119 pakuj\u0105c\u0105, kt\u00f3ra bezpiecznie zapakuje Twoje rzeczy. Oferuj\u0105 r\u00f3\u017cne opcje transportu, w tym transport drogowy, taki jak zamkni\u0119te torby powietrzne, przyczepy i ch\u0142odnie, fracht lotniczy i morski, taki jak \u0142adunki pe\u0142ne lub mniejsze ni\u017c kontenerowe.<\/p>\n<p>Strona internetowa: <a href=\"http:\/\/infinitypack.co.il\" target=\"_blank\" rel=\"noopener\">http:\/\/infinitypack.co.il<\/a><\/p>\n<h2><span class=\"ez-toc-section\" id=\"3_Ocean\"><\/span><strong>3. <\/strong><strong>Ocean<\/strong><span class=\"ez-toc-section-end\"><\/span><\/h2>\n<p><img loading=\"lazy\" decoding=\"async\" class=\"alignnone size-full wp-image-7731\" src=\"https:\/\/moverdb.com\/wp-content\/uploads\/Ocean-international-moving-company.png\" alt=\"Mi\u0119dzynarodowa firma przeprowadzkowa Ocean\" width=\"1440\" height=\"682\" data-wp-pid=\"7731\" srcset=\"https:\/\/moverdb.com\/wp-content\/uploads\/Ocean-international-moving-company.png 1440w, https:\/\/moverdb.com\/wp-content\/uploads\/Ocean-international-moving-company-300x142.png 300w, https:\/\/moverdb.com\/wp-content\/uploads\/Ocean-international-moving-company-1024x485.png 1024w, https:\/\/moverdb.com\/wp-content\/uploads\/Ocean-international-moving-company-18x9.png 18w, https:\/\/moverdb.com\/wp-content\/uploads\/Ocean-international-moving-company-600x284.png 600w\" sizes=\"auto, (max-width: 1440px) 100vw, 1440px\" \/><\/p>\n<ul>\n<li>Przeprowadzki mi\u0119dzynarodowe<\/li>\n<li>Przeprowadzki gospodarstw domowych<\/li>\n<li>Us\u0142ugi relokacyjne<\/li>\n<li>Mened\u017cer klienta, kt\u00f3ry b\u0119dzie Ci\u0119 wspiera\u0142<\/li>\n<li>Us\u0142uga pakowania<\/li>\n<li>Transport drogowy, morski i lotniczy<\/li>\n<li>Odprawa celna<\/li>\n<li>\u015aledzenie przesy\u0142ki<\/li>\n<li>Akredytacja FIDI<\/li>\n<li>Globalne us\u0142ugi magazynowe<\/li>\n<\/ul>\n<p>Ocean to firma przeprowadzkowa i relokacyjna, kt\u00f3ra ma siedzib\u0119 w Kibucu Yakum. Wsp\u00f3\u0142pracuj\u0105 z mi\u0119dzynarodowymi partnerami, aby zapewni\u0107 us\u0142ugi przeprowadzkowe i relokacyjne na ca\u0142ym \u015bwiecie. S\u0105 cz\u0142onkiem IAM z 79-letnim sta\u017cem i posiadaj\u0105 akredytacj\u0119 FIDI.<\/p>\n<p>Firma Ocean zapewnia mened\u017cera ds. relokacji, kt\u00f3ry wspiera Ci\u0119 podczas ca\u0142ej przeprowadzki i tworzy plan wysy\u0142ki. Zapewniaj\u0105 rzeczoznawc\u0119, kt\u00f3ry oceni Pa\u0144stwa potrzeby i zbuduje plan tego, co powinno by\u0107 transportowane drog\u0105 powietrzn\u0105, morsk\u0105 lub w baga\u017cu. Ich us\u0142ugi relokacyjne obejmuj\u0105 znalezienie domu i szk\u00f3\u0142, us\u0142ugi aklimatyzacyjne, tymczasowe zakwaterowanie, wynajem mebli, wizy pracownicze, nauk\u0119 j\u0119zyka i rozwi\u0105zania w zakresie przechowywania.<\/p>\n<p>Strona internetowa: <a href=\"http:\/\/www.ocean-il.co.il\" target=\"_blank\" rel=\"noopener\">http:\/\/www.ocean-il.co.il<\/a><\/p>\n<h2><span class=\"ez-toc-section\" id=\"4_Sonigo\"><\/span><strong>4. Sonigo<\/strong><span class=\"ez-toc-section-end\"><\/span><\/h2>\n<p><img loading=\"lazy\" decoding=\"async\" class=\"alignnone size-full wp-image-7750\" src=\"https:\/\/moverdb.com\/wp-content\/uploads\/Sonigo-international-moving-company.png\" alt=\"Mi\u0119dzynarodowa firma przeprowadzkowa Sonigo\" width=\"1440\" height=\"679\" data-wp-pid=\"7750\" srcset=\"https:\/\/moverdb.com\/wp-content\/uploads\/Sonigo-international-moving-company.png 1440w, https:\/\/moverdb.com\/wp-content\/uploads\/Sonigo-international-moving-company-300x141.png 300w, https:\/\/moverdb.com\/wp-content\/uploads\/Sonigo-international-moving-company-1024x483.png 1024w, https:\/\/moverdb.com\/wp-content\/uploads\/Sonigo-international-moving-company-18x8.png 18w, https:\/\/moverdb.com\/wp-content\/uploads\/Sonigo-international-moving-company-600x283.png 600w\" sizes=\"auto, (max-width: 1440px) 100vw, 1440px\" \/><\/p>\n<ul>\n<li>Przeprowadzki lokalne i krajowe<\/li>\n<li>Przeprowadzki mi\u0119dzynarodowe i relokacje<\/li>\n<li>Przeprowadzki gospodarstw domowych<\/li>\n<li>Przeprowadzki handlowe<\/li>\n<li>Us\u0142uga \"od drzwi do drzwi\".<\/li>\n<li>Us\u0142uga pakowania<\/li>\n<li>Odprawa celna<\/li>\n<li>Obr\u00f3bka dzie\u0142 sztuki<\/li>\n<li>Ubezpieczenia<\/li>\n<li>Przechowywanie kr\u00f3tko i d\u0142ugoterminowe<\/li>\n<\/ul>\n<p>Sonigo to <a href=\"https:\/\/moverdb.com\/pl\/container-shipping\/\" data-internallinksmanager029f6b8e52c=\"3\" title=\"Wykres stawek mi\u0119dzynarodowego transportu kontenerowego: Maj 2026\">wysy\u0142ka mi\u0119dzynarodowa<\/a> firma z siedzib\u0105 w Gan Yavne, kt\u00f3ra dzia\u0142a od 1986 roku oferuj\u0105c us\u0142ugi pakowania i wysy\u0142ania przesy\u0142ek domowych i komercyjnych. Maj\u0105 globaln\u0105 sie\u0107 r\u0119cznie wybranych mi\u0119dzynarodowych agent\u00f3w spedycyjnych, kt\u00f3rzy ich wspieraj\u0105. S\u0105 cz\u0142onkiem IAM z 36-letnim sta\u017cem i posiadaj\u0105 akredytacj\u0119 FIDI.<\/p>\n<p>Sonigo oferuje us\u0142ugi w zakresie przeprowadzek i relokacji od drzwi do drzwi, kt\u00f3re rozpoczynaj\u0105 si\u0119 od badania w domu, aby oceni\u0107 wymagania i przedstawi\u0107 wycen\u0119. Oferuje profesjonaln\u0105 us\u0142ug\u0119 pakowania, wype\u0142niania dokumentacji i organizacji transportu. Ich us\u0142ugi relokacyjne obejmuj\u0105 wizy, doradztwo podatkowe, wyszukiwanie dom\u00f3w i szk\u00f3\u0142, wynajem mebli, us\u0142ugi zwi\u0105zane z przyjazdem, us\u0142ugi orientacyjne i pomoc w zakresie medi\u00f3w.<\/p>\n<p>Strona internetowa: <a href=\"http:\/\/www.sonigo.com\" target=\"_blank\" rel=\"noopener\">http:\/\/www.sonigo.com<\/a><\/p>\n<h2><span class=\"ez-toc-section\" id=\"5_A_Univers_Transit\"><\/span><strong>5. A. Univers Transit<\/strong><span class=\"ez-toc-section-end\"><\/span><\/h2>\n<p><img loading=\"lazy\" decoding=\"async\" class=\"alignnone size-full wp-image-7654\" src=\"https:\/\/moverdb.com\/wp-content\/uploads\/A-Univers-Transit-international-moving-company.png\" alt=\"Firma zajmuj\u0105ca si\u0119 przeprowadzkami mi\u0119dzynarodowymi Univers Transit\" width=\"1440\" height=\"691\" data-wp-pid=\"7654\" srcset=\"https:\/\/moverdb.com\/wp-content\/uploads\/A-Univers-Transit-international-moving-company.png 1440w, https:\/\/moverdb.com\/wp-content\/uploads\/A-Univers-Transit-international-moving-company-300x144.png 300w, https:\/\/moverdb.com\/wp-content\/uploads\/A-Univers-Transit-international-moving-company-1024x491.png 1024w, https:\/\/moverdb.com\/wp-content\/uploads\/A-Univers-Transit-international-moving-company-18x9.png 18w, https:\/\/moverdb.com\/wp-content\/uploads\/A-Univers-Transit-international-moving-company-600x288.png 600w\" sizes=\"auto, (max-width: 1440px) 100vw, 1440px\" \/><\/p>\n<ul>\n<li>Przeprowadzki mi\u0119dzynarodowe<\/li>\n<li>Przeprowadzki gospodarstw domowych<\/li>\n<li>Przeprowadzki handlowe<\/li>\n<li>Us\u0142ugi relokacyjne<\/li>\n<li>Us\u0142uga \"od drzwi do drzwi\".<\/li>\n<li>Profesjonalne pakowanie<\/li>\n<li>Transport lotniczy i morski<\/li>\n<li>Wype\u0142nienie formalno\u015bci<\/li>\n<li>Wyszukiwanie w domu i szkole<\/li>\n<li>Bezpieczne przechowywanie<\/li>\n<\/ul>\n<p>Univers Transit to firma spedycyjna, transportowa i relokacyjna, kt\u00f3ra oferuje r\u00f3wnie\u017c rozwi\u0105zania w zakresie pakowania i przechowywania, za\u0142o\u017cona pod koniec lat 80. Maj\u0105 lokalizacje w Tel Awiwie, Ashdod i Hajfie. Jest cz\u0142onkiem IAM z 28-letnim sta\u017cem i posiada akredytacj\u0119 FIDI.<\/p>\n<p>Univers Transit oferuje us\u0142ugi przeprowadzki od drzwi do drzwi i relokacji, kt\u00f3re rozpoczynaj\u0105 si\u0119 od spotkania konsultacyjnego w celu oceny Twoich potrzeb i stworzenia planu przeprowadzki. Dostarczaj\u0105 profesjonalne us\u0142ugi pakowania i odpowiednie pude\u0142ka na Twoje rzeczy. Za\u0142aduj\u0105 kontenery i pud\u0142a do transportu i zabior\u0105 je na lotnisko lub do portu w celu dostarczenia.<\/p>\n<p>Strona internetowa: <a href=\"http:\/\/www.univers-transit.co.il\" target=\"_blank\" rel=\"noopener\">http:\/\/www.univers-transit.co.il<\/a><\/p>\n<h2><span class=\"ez-toc-section\" id=\"6_Teamnet\"><\/span><strong>6. Teamnet<\/strong><span class=\"ez-toc-section-end\"><\/span><\/h2>\n<p><img loading=\"lazy\" decoding=\"async\" class=\"alignnone size-full wp-image-7752\" src=\"https:\/\/moverdb.com\/wp-content\/uploads\/Teamnet-international-moving-company.png\" alt=\"Teamnet mi\u0119dzynarodowa firma przeprowadzkowa\" width=\"1440\" height=\"685\" data-wp-pid=\"7752\" srcset=\"https:\/\/moverdb.com\/wp-content\/uploads\/Teamnet-international-moving-company.png 1440w, https:\/\/moverdb.com\/wp-content\/uploads\/Teamnet-international-moving-company-300x143.png 300w, https:\/\/moverdb.com\/wp-content\/uploads\/Teamnet-international-moving-company-1024x487.png 1024w, https:\/\/moverdb.com\/wp-content\/uploads\/Teamnet-international-moving-company-18x9.png 18w, https:\/\/moverdb.com\/wp-content\/uploads\/Teamnet-international-moving-company-600x285.png 600w\" sizes=\"auto, (max-width: 1440px) 100vw, 1440px\" \/><\/p>\n<ul>\n<li>Przeprowadzki mi\u0119dzynarodowe<\/li>\n<li>Osobiste przeprowadzki<\/li>\n<li>Przesy\u0142ki handlowe<\/li>\n<li>Us\u0142ugi relokacyjne<\/li>\n<li>Us\u0142uga \"od drzwi do drzwi\".<\/li>\n<li>Us\u0142ugi pakowania<\/li>\n<li>Organizacja wysy\u0142ki lub frachtu lotniczego<\/li>\n<li>Formalno\u015bci celne<\/li>\n<li>Ubezpieczenia<\/li>\n<li>Obiekty magazynowe<\/li>\n<\/ul>\n<p>Teamnet to firma zajmuj\u0105ca si\u0119 przeprowadzkami i relokacjami z siedzib\u0105 w Hajfie. Oferuje szereg us\u0142ug dla os\u00f3b prywatnych i firm transportuj\u0105cych towary do lub z Izraela. Wsp\u00f3\u0142pracuje z sieci\u0105 mi\u0119dzynarodowych agent\u00f3w, aby \u015bwiadczy\u0107 us\u0142ugi poza granicami Izraela i jest cz\u0142onkiem IAM.<\/p>\n<p>Teamnet oferuje us\u0142ug\u0119 przeprowadzki od drzwi do drzwi dla klient\u00f3w wyje\u017cd\u017caj\u0105cych i przyje\u017cd\u017caj\u0105cych do Izraela. Zapewniaj\u0105 konsultacje w domu, aby oceni\u0107 Twoje potrzeby w zakresie przeprowadzki. Stworz\u0105 szczeg\u00f3\u0142owy plan i zapewni\u0105 us\u0142ug\u0119 pakowania przy u\u017cyciu zaawansowanych materia\u0142\u00f3w pakowych odpowiednich do transportu morskiego lub lotniczego. Zajm\u0105 si\u0119 w\u0142adzami i formalno\u015bciami celnymi.<\/p>\n<p>Strona internetowa: <a href=\"http:\/\/www.en.team-net.co.il\" target=\"_blank\" rel=\"noopener\">http:\/\/www.en.team-net.co.il<\/a><\/p>\n<h2><span class=\"ez-toc-section\" id=\"Other_Useful_Guides_to_Israel\"><\/span>Inne przydatne przewodniki po Izraelu<span class=\"ez-toc-section-end\"><\/span><\/h2>\n<ul>\n<li> <a href=\"https:\/\/moverdb.com\/pl\/przeladunek-w-kontenerach\/izrael\/\">2024 Stawki za transport kontener\u00f3w morskich do izraela i z izraela<\/a><\/li>\n<li> <a href=\"https:\/\/moverdb.com\/pl\/moving-to-israel\/\">Przeprowadzka do Izraela? Koszty \u017cycia i wskaz\u00f3wki dotycz\u0105ce relokacji w 2023 r.<\/a><\/li>\n<li> <a href=\"https:\/\/moverdb.com\/pl\/moving-to-israel\/best-places-to-live-israel\/\">13 najlepszych miejsc do \u017cycia w Izraelu<\/a><\/li>\n<li> <a href=\"https:\/\/moverdb.com\/pl\/moving-to-israel\/living-in-israel\/\">21 sekret\u00f3w dotycz\u0105cych \u017cycia w Izraelu, kt\u00f3re warto pozna\u0107 przed przeprowadzk\u0105<\/a><\/li>\n<\/ul>","protected":false},"excerpt":{"rendered":"<p>Moving your home or business can be stressful so employing the services of a moving company could reduce the workload and ease the move. So below we have compiled a list of Israel based removal companies that are members of the International Association of Movers (IAM) and\/or FIDI Accredited International Mover (FAIM) who could assist [&hellip;]<\/p>\n","protected":false},"author":4,"featured_media":0,"parent":190,"menu_order":0,"comment_status":"closed","ping_status":"closed","template":"","meta":{"_genesis_hide_title":false,"_genesis_hide_breadcrumbs":false,"_genesis_hide_singular_image":false,"_genesis_hide_footer_widgets":false,"_genesis_custom_body_class":"","_genesis_custom_post_class":"","_genesis_layout":"","footnotes":""},"class_list":{"0":"post-7779","1":"page","2":"type-page","3":"status-publish","5":"entry","6":"has-post-thumbnail"},"_links":{"self":[{"href":"https:\/\/moverdb.com\/pl\/wp-json\/wp\/v2\/pages\/7779","targetHints":{"allow":["GET"]}}],"collection":[{"href":"https:\/\/moverdb.com\/pl\/wp-json\/wp\/v2\/pages"}],"about":[{"href":"https:\/\/moverdb.com\/pl\/wp-json\/wp\/v2\/types\/page"}],"author":[{"embeddable":true,"href":"https:\/\/moverdb.com\/pl\/wp-json\/wp\/v2\/users\/4"}],"replies":[{"embeddable":true,"href":"https:\/\/moverdb.com\/pl\/wp-json\/wp\/v2\/comments?post=7779"}],"version-history":[{"count":4,"href":"https:\/\/moverdb.com\/pl\/wp-json\/wp\/v2\/pages\/7779\/revisions"}],"predecessor-version":[{"id":17076,"href":"https:\/\/moverdb.com\/pl\/wp-json\/wp\/v2\/pages\/7779\/revisions\/17076"}],"up":[{"embeddable":true,"href":"https:\/\/moverdb.com\/pl\/wp-json\/wp\/v2\/pages\/190"}],"wp:attachment":[{"href":"https:\/\/moverdb.com\/pl\/wp-json\/wp\/v2\/media?parent=7779"}],"curies":[{"name":"wp","href":"https:\/\/api.w.org\/{rel}","templated":true}]}}