{"id":7764,"date":"2023-04-27T14:59:23","date_gmt":"2023-04-27T14:59:23","guid":{"rendered":"https:\/\/moverdb.com\/?page_id=7764"},"modified":"2026-01-08T15:23:45","modified_gmt":"2026-01-08T15:23:45","slug":"moving-companies-iraq","status":"publish","type":"page","link":"https:\/\/moverdb.com\/pl\/moving-companies\/moving-companies-iraq\/","title":{"rendered":"2 Najlepsze mi\u0119dzynarodowe firmy przeprowadzkowe w Iraku"},"content":{"rendered":"<p>Przeprowadzka do domu lub firmy nigdy nie jest prosta, wi\u0119c uzyskanie pomocy mo\u017ce by\u0107 naprawd\u0119 pomocne, zw\u0142aszcza je\u015bli przenosisz si\u0119 mi\u0119dzy krajami. Je\u015bli przeprowadzasz si\u0119 w obr\u0119bie, do lub z Iraku, zebrali\u015bmy list\u0119 <a href=\"https:\/\/moverdb.com\/pl\/international-removals\/\" data-internallinksmanager029f6b8e52c=\"27\" title=\"36 najlepszych firm zajmuj\u0105cych si\u0119 przeprowadzkami mi\u0119dzynarodowymi w Wielkiej Brytanii\">przedsi\u0119biorstwa przeprowadzkowe<\/a> kt\u00f3re s\u0105 cz\u0142onkami <a href=\"https:\/\/moverdb.com\/pl\/iam\/\" data-internallinksmanager029f6b8e52c=\"23\" title=\"Mi\u0119dzynarodowe Stowarzyszenie Przewo\u017anik\u00f3w (IAM) - obja\u015bnienia\">Mi\u0119dzynarodowe Stowarzyszenie Przewo\u017anik\u00f3w<\/a> (IAM) i\/lub <a href=\"https:\/\/moverdb.com\/pl\/fidi-faim\/\" data-internallinksmanager029f6b8e52c=\"16\" title=\"FIDI i FAIM (FIDI Accredited International Mover) - obja\u015bnienia\">FIDI<\/a> Accredited International Mover (FAIM), kt\u00f3ra mo\u017ce pom\u00f3c Ci w przeprowadzce.<\/p>\n<h2><strong>1. BCC Logistics<\/strong><\/h2>\n<p><img loading=\"lazy\" decoding=\"async\" class=\"alignnone size-full wp-image-7673\" src=\"https:\/\/moverdb.com\/wp-content\/uploads\/BCC-Logistics-international-moving-company.png\" alt=\"BCC Logistics firma zajmuj\u0105ca si\u0119 przeprowadzkami mi\u0119dzynarodowymi\" width=\"1440\" height=\"634\" data-wp-pid=\"7673\" srcset=\"https:\/\/moverdb.com\/wp-content\/uploads\/BCC-Logistics-international-moving-company.png 1440w, https:\/\/moverdb.com\/wp-content\/uploads\/BCC-Logistics-international-moving-company-300x132.png 300w, https:\/\/moverdb.com\/wp-content\/uploads\/BCC-Logistics-international-moving-company-1024x451.png 1024w, https:\/\/moverdb.com\/wp-content\/uploads\/BCC-Logistics-international-moving-company-18x8.png 18w, https:\/\/moverdb.com\/wp-content\/uploads\/BCC-Logistics-international-moving-company-600x264.png 600w\" sizes=\"auto, (max-width: 1440px) 100vw, 1440px\" \/><\/p>\n<ul>\n<li>Ruchy krajowe<\/li>\n<li>Przeprowadzki mi\u0119dzynarodowe<\/li>\n<li>Przeprowadzki gospodarstw domowych<\/li>\n<li>Przeprowadzki korporacyjne, dyplomatyczne i wojskowe<\/li>\n<li>Us\u0142uga przeprowadzki od drzwi do drzwi<\/li>\n<li>Us\u0142uga pakowania<\/li>\n<li>Fracht drogowy, morski i lotniczy<\/li>\n<li>Odprawa celna<\/li>\n<li>Obs\u0142uga sztuk pi\u0119knych<\/li>\n<li>Obiekty magazynowe<\/li>\n<\/ul>\n<p>BCC Logistics to globalny dostawca us\u0142ug spedycyjnych, kt\u00f3ry zosta\u0142 za\u0142o\u017cony w 1993 roku w <a href=\"https:\/\/moverdb.com\/pl\/moving-companies\/moving-companies-lebanon\/\" data-internallinksmanager029f6b8e52c=\"302\" title=\"7 Najlepsze firmy zajmuj\u0105ce si\u0119 przeprowadzkami mi\u0119dzynarodowymi w Libanie\">Liban<\/a> z biurami w <a href=\"https:\/\/moverdb.com\/pl\/moving-to-qatar\/\" data-internallinksmanager029f6b8e52c=\"334\" title=\"Przeprowadzka do Kataru? Koszty \u017cycia i wskaz\u00f3wki dotycz\u0105ce relokacji w 2023 r.\">Katar<\/a>Irak i <a href=\"https:\/\/moverdb.com\/pl\/moving-to-saudi-arabia\/\" data-internallinksmanager029f6b8e52c=\"319\" title=\"Przeprowadzka do Arabii Saudyjskiej? Koszty \u017cycia i wskaz\u00f3wki dotycz\u0105ce relokacji w 2023 r.\">Arabia Saudyjska<\/a>. Irackie biuro w Erbil zosta\u0142o otwarte w 2008 roku. Firma posiada mi\u0119dzynarodow\u0105 sie\u0107 agent\u00f3w wspieraj\u0105cych jej globalne dzia\u0142ania. Firma jest cz\u0142onkiem IAM z 15-letnim sta\u017cem.<\/p>\n<p>BCC Logistics oferuje us\u0142ug\u0119 przeprowadzki od drzwi do drzwi dla krajowych i mi\u0119dzynarodowych przeprowadzek. Oferuj\u0105 us\u0142ug\u0119 pakowania, kt\u00f3ra zapewnia kontenerowe przesy\u0142ki morskie, tri-wall dla przesy\u0142ek lotniczych i drewniane furgonetki z wind\u0105. Rozpakuj\u0105 i ustawi\u0105 meble oraz usun\u0105 wszelkie pozosta\u0142o\u015bci po pakowaniu. Organizuj\u0105 wysy\u0142k\u0119 drog\u0105 l\u0105dow\u0105, lotnicz\u0105 lub morsk\u0105 wraz z formalno\u015bciami celnymi.<\/p>\n<p>Strona internetowa: <a href=\"http:\/\/www.bcclogistics.com\" target=\"_blank\" rel=\"noopener\">http:\/\/www.bcclogistics.com<\/a><\/p>\n<h2><strong>2. Paxton<\/strong><\/h2>\n<p><img loading=\"lazy\" decoding=\"async\" class=\"alignnone size-full wp-image-7736\" src=\"https:\/\/moverdb.com\/wp-content\/uploads\/Paxton-international-moving-company.png\" alt=\"Mi\u0119dzynarodowa firma przeprowadzkowa Paxton\" width=\"1440\" height=\"682\" data-wp-pid=\"7736\" srcset=\"https:\/\/moverdb.com\/wp-content\/uploads\/Paxton-international-moving-company.png 1440w, https:\/\/moverdb.com\/wp-content\/uploads\/Paxton-international-moving-company-300x142.png 300w, https:\/\/moverdb.com\/wp-content\/uploads\/Paxton-international-moving-company-1024x485.png 1024w, https:\/\/moverdb.com\/wp-content\/uploads\/Paxton-international-moving-company-18x9.png 18w, https:\/\/moverdb.com\/wp-content\/uploads\/Paxton-international-moving-company-600x284.png 600w\" sizes=\"auto, (max-width: 1440px) 100vw, 1440px\" \/><\/p>\n<ul>\n<li>Ruchy krajowe<\/li>\n<li>Przeprowadzki mi\u0119dzynarodowe<\/li>\n<li>Przemieszczenia gospodarstw domowych<\/li>\n<li>Przeprowadzki biurowe i przemys\u0142owe<\/li>\n<li>Us\u0142uga \"od drzwi do drzwi\".<\/li>\n<li>Us\u0142uga pakowania<\/li>\n<li>Organizacja transportu<\/li>\n<li>Odprawa celna<\/li>\n<li>Transport pojazd\u00f3w<\/li>\n<li>Bezpieczne magazyny<\/li>\n<\/ul>\n<p>Paxton to firma \u015bwiadcz\u0105ca us\u0142ugi w zakresie relokacji, zarz\u0105dzania informacj\u0105 i logistyk\u0105, kt\u00f3ra dzia\u0142a lokalnie i globalnie. Dzia\u0142aj\u0105 od ponad 60 lat i maj\u0105 biura w Ameryce, Pakistanie, Sudanie Po\u0142udniowym, <a href=\"https:\/\/moverdb.com\/pl\/moving-to-singapore\/\" data-internallinksmanager029f6b8e52c=\"68\" title=\"Przeprowadzasz si\u0119 do Singapuru? 2026 Koszty utrzymania i wskaz\u00f3wki dotycz\u0105ce przeprowadzki\">Singapur<\/a>, Afganistanu i Iraku w Bagdadzie i Erbilu. Posiada sie\u0107 wybranych partner\u00f3w do \u015bwiadczenia us\u0142ug na ca\u0142ym \u015bwiecie i jest cz\u0142onkiem IAM.<\/p>\n<p>Paxton oferuje us\u0142ugi przeprowadzkowe od drzwi do drzwi na terenie kraju, w kraju i za granic\u0105. Zapewniaj\u0105 us\u0142ug\u0119 pakowania, aby chroni\u0107 swoje rzeczy w transporcie lub opcj\u0119 \"zr\u00f3b to sam\". Zapewniaj\u0105 opcje transportowe, aby jak najlepiej dopasowa\u0107 si\u0119 do Twoich potrzeb i bud\u017cetu, a tak\u017ce zapewniaj\u0105 pomoc w odprawie celnej.<\/p>\n<p>Strona internetowa: <a href=\"http:\/\/www.paxton.com\" target=\"_blank\" rel=\"noopener\">http:\/\/www.paxton.com<\/a><\/p>","protected":false},"excerpt":{"rendered":"<p>Moving home or your business is never straightforward so getting assistance can really help especially if you are moving between countries. If you moving within, to or from Iraq, we have compiled a list of removal companies that are members of the International Association of Movers (IAM) and\/or FIDI Accredited International Mover (FAIM) who could [&hellip;]<\/p>\n","protected":false},"author":4,"featured_media":0,"parent":190,"menu_order":0,"comment_status":"closed","ping_status":"closed","template":"","meta":{"_genesis_hide_title":false,"_genesis_hide_breadcrumbs":false,"_genesis_hide_singular_image":false,"_genesis_hide_footer_widgets":false,"_genesis_custom_body_class":"","_genesis_custom_post_class":"","_genesis_layout":"","footnotes":""},"class_list":{"0":"post-7764","1":"page","2":"type-page","3":"status-publish","5":"entry","6":"has-post-thumbnail"},"_links":{"self":[{"href":"https:\/\/moverdb.com\/pl\/wp-json\/wp\/v2\/pages\/7764","targetHints":{"allow":["GET"]}}],"collection":[{"href":"https:\/\/moverdb.com\/pl\/wp-json\/wp\/v2\/pages"}],"about":[{"href":"https:\/\/moverdb.com\/pl\/wp-json\/wp\/v2\/types\/page"}],"author":[{"embeddable":true,"href":"https:\/\/moverdb.com\/pl\/wp-json\/wp\/v2\/users\/4"}],"replies":[{"embeddable":true,"href":"https:\/\/moverdb.com\/pl\/wp-json\/wp\/v2\/comments?post=7764"}],"version-history":[{"count":1,"href":"https:\/\/moverdb.com\/pl\/wp-json\/wp\/v2\/pages\/7764\/revisions"}],"predecessor-version":[{"id":7765,"href":"https:\/\/moverdb.com\/pl\/wp-json\/wp\/v2\/pages\/7764\/revisions\/7765"}],"up":[{"embeddable":true,"href":"https:\/\/moverdb.com\/pl\/wp-json\/wp\/v2\/pages\/190"}],"wp:attachment":[{"href":"https:\/\/moverdb.com\/pl\/wp-json\/wp\/v2\/media?parent=7764"}],"curies":[{"name":"wp","href":"https:\/\/api.w.org\/{rel}","templated":true}]}}