{"id":7525,"date":"2023-02-01T14:03:46","date_gmt":"2023-02-01T14:03:46","guid":{"rendered":"https:\/\/moverdb.com\/?page_id=7525"},"modified":"2026-01-08T15:25:10","modified_gmt":"2026-01-08T15:25:10","slug":"firmy-przeprowadzkowe-iran","status":"publish","type":"page","link":"https:\/\/moverdb.com\/pl\/moving-companies\/moving-companies-iran\/","title":{"rendered":"5 Najlepszych firm zajmuj\u0105cych si\u0119 przeprowadzkami mi\u0119dzynarodowymi w Iranie"},"content":{"rendered":"<p>Planujesz przeprowadzk\u0119? Niezale\u017cnie od tego, czy przeprowadzasz si\u0119 do domu, czy do firmy, mo\u017cesz potrzebowa\u0107 pomocy, aby zmniejszy\u0107 presj\u0119, kt\u00f3ra jest gdzie <a href=\"https:\/\/moverdb.com\/pl\/moving-companies\/\" data-internallinksmanager029f6b8e52c=\"79\" title=\"25 najlepszych firm przeprowadzek mi\u0119dzynarodowych online\">przedsi\u0119biorstwo przeprowadzkowe<\/a> mo\u017ce pom\u00f3c. Poni\u017cej przygotowali\u015bmy list\u0119 ira\u0144skich plac\u00f3wek <a href=\"https:\/\/moverdb.com\/pl\/international-removals\/\" data-internallinksmanager029f6b8e52c=\"27\" title=\"36 najlepszych firm zajmuj\u0105cych si\u0119 przeprowadzkami mi\u0119dzynarodowymi w Wielkiej Brytanii\">przedsi\u0119biorstwa przeprowadzkowe<\/a> kt\u00f3re s\u0105 cz\u0142onkami <a href=\"https:\/\/moverdb.com\/pl\/iam\/\" data-internallinksmanager029f6b8e52c=\"23\" title=\"Mi\u0119dzynarodowe Stowarzyszenie Przewo\u017anik\u00f3w (IAM) - obja\u015bnienia\">Mi\u0119dzynarodowe Stowarzyszenie Przewo\u017anik\u00f3w<\/a> (IAM) i\/lub <a href=\"https:\/\/moverdb.com\/pl\/fidi-faim\/\" data-internallinksmanager029f6b8e52c=\"16\" title=\"FIDI i FAIM (FIDI Accredited International Mover) - obja\u015bnienia\">FIDI<\/a> Accredited International Mover (FAIM), kt\u00f3ry mo\u017ce pom\u00f3c w przeprowadzce.<\/p>\n<div id=\"ez-toc-container\" class=\"ez-toc-v2_0_82_2 ez-toc-wrap-left counter-hierarchy ez-toc-counter ez-toc-transparent ez-toc-container-direction\">\n<div class=\"ez-toc-title-container\">\n<p class=\"ez-toc-title\" style=\"cursor:inherit\">Sekcje<\/p>\n<span class=\"ez-toc-title-toggle\"><a href=\"#\" class=\"ez-toc-pull-right ez-toc-btn ez-toc-btn-xs ez-toc-btn-default ez-toc-toggle\" aria-label=\"Prze\u0142\u0105cznik Spisu Tre\u015bci\"><span class=\"ez-toc-js-icon-con\"><span class=\"\"><span class=\"eztoc-hide\" style=\"display:none;\">Toggle<\/span><span class=\"ez-toc-icon-toggle-span\"><svg style=\"fill: #999;color:#999\" xmlns=\"http:\/\/www.w3.org\/2000\/svg\" class=\"list-377408\" width=\"20px\" height=\"20px\" viewbox=\"0 0 24 24\" fill=\"none\"><path d=\"M6 6H4v2h2V6zm14 0H8v2h12V6zM4 11h2v2H4v-2zm16 0H8v2h12v-2zM4 16h2v2H4v-2zm16 0H8v2h12v-2z\" fill=\"currentColor\"><\/path><\/svg><svg style=\"fill: #999;color:#999\" class=\"arrow-unsorted-368013\" xmlns=\"http:\/\/www.w3.org\/2000\/svg\" width=\"10px\" height=\"10px\" viewbox=\"0 0 24 24\" version=\"1.2\" baseprofile=\"tiny\"><path d=\"M18.2 9.3l-6.2-6.3-6.2 6.3c-.2.2-.3.4-.3.7s.1.5.3.7c.2.2.4.3.7.3h11c.3 0 .5-.1.7-.3.2-.2.3-.5.3-.7s-.1-.5-.3-.7zM5.8 14.7l6.2 6.3 6.2-6.3c.2-.2.3-.5.3-.7s-.1-.5-.3-.7c-.2-.2-.4-.3-.7-.3h-11c-.3 0-.5.1-.7.3-.2.2-.3.5-.3.7s.1.5.3.7z\"\/><\/svg><\/span><\/span><\/span><\/a><\/span><\/div>\n<nav><ul class='ez-toc-list ez-toc-list-level-1 eztoc-toggle-hide-by-default' ><li class='ez-toc-page-1 ez-toc-heading-level-2'><a class=\"ez-toc-link ez-toc-heading-1\" href=\"https:\/\/moverdb.com\/pl\/moving-companies\/moving-companies-iran\/#1_Barad_Air_Sea_Co\" >1. Barad Air &amp; Sea Co<\/a><\/li><li class='ez-toc-page-1 ez-toc-heading-level-2'><a class=\"ez-toc-link ez-toc-heading-2\" href=\"https:\/\/moverdb.com\/pl\/moving-companies\/moving-companies-iran\/#2_Kar_Kia_Co_Ltd\" >2. Kar Kia Co Ltd<\/a><\/li><li class='ez-toc-page-1 ez-toc-heading-level-2'><a class=\"ez-toc-link ez-toc-heading-3\" href=\"https:\/\/moverdb.com\/pl\/moving-companies\/moving-companies-iran\/#3_Simorgh_Pack_Express\" >3. Simorgh Pack Express<\/a><\/li><li class='ez-toc-page-1 ez-toc-heading-level-2'><a class=\"ez-toc-link ez-toc-heading-4\" href=\"https:\/\/moverdb.com\/pl\/moving-companies\/moving-companies-iran\/#4_Simorgh_Pack\" >4. Simorgh Pack<\/a><\/li><li class='ez-toc-page-1 ez-toc-heading-level-2'><a class=\"ez-toc-link ez-toc-heading-5\" href=\"https:\/\/moverdb.com\/pl\/moving-companies\/moving-companies-iran\/#5_Unipack\" >5. Unipack<\/a><\/li><\/ul><\/nav><\/div>\n<h2><span class=\"ez-toc-section\" id=\"1_Barad_Air_Sea_Co\"><\/span><strong>1. Barad Air &amp; Sea Co<\/strong><span class=\"ez-toc-section-end\"><\/span><\/h2>\n<p><img loading=\"lazy\" decoding=\"async\" class=\"alignnone size-full wp-image-7418\" src=\"https:\/\/moverdb.com\/wp-content\/uploads\/Barad-international-moving-company.png\" alt=\"Barad firma zajmuj\u0105ca si\u0119 przeprowadzkami mi\u0119dzynarodowymi\" width=\"1440\" height=\"687\" data-wp-pid=\"7418\" srcset=\"https:\/\/moverdb.com\/wp-content\/uploads\/Barad-international-moving-company.png 1440w, https:\/\/moverdb.com\/wp-content\/uploads\/Barad-international-moving-company-300x143.png 300w, https:\/\/moverdb.com\/wp-content\/uploads\/Barad-international-moving-company-1024x489.png 1024w, https:\/\/moverdb.com\/wp-content\/uploads\/Barad-international-moving-company-18x9.png 18w, https:\/\/moverdb.com\/wp-content\/uploads\/Barad-international-moving-company-600x286.png 600w\" sizes=\"auto, (max-width: 1440px) 100vw, 1440px\" \/><\/p>\n<ul>\n<li>Ruchy krajowe<\/li>\n<li>Przeprowadzki mi\u0119dzynarodowe<\/li>\n<li>Przeprowadzki gospodarstw domowych<\/li>\n<li>Przeprowadzki biurowe<\/li>\n<li>Dedykowani opiekunowie klienta<\/li>\n<li>Profesjonalna us\u0142uga pakowania<\/li>\n<li>Transport drogowy, morski i lotniczy<\/li>\n<li>Odprawa celna<\/li>\n<li>Transport dzie\u0142 sztuki<\/li>\n<li>Przechowywanie kr\u00f3tko- i d\u0142ugoterminowe<\/li>\n<\/ul>\n<p>Barad to firma transportowa i logistyczna, kt\u00f3ra oferuje rozwi\u0105zania w zakresie przeprowadzek w Iranie i ponad 150 krajach na ca\u0142ym \u015bwiecie poprzez sie\u0107 partner\u00f3w przeprowadzkowych. Oferuje r\u00f3wnie\u017c spedycj\u0119, us\u0142ugi magazynowe i us\u0142ugi odprawy celnej. Jest r\u00f3wnie\u017c cz\u0142onkiem IAM.<\/p>\n<p>Firma Barad zapewnia dedykowanych mened\u017cer\u00f3w ds. obs\u0142ugi klienta, kt\u00f3rzy pomagaj\u0105 w realizacji potrzeb transportowych. Oferuj\u0105 oni us\u0142ug\u0119 przeprowadzki od drzwi do drzwi, kt\u00f3ra mo\u017ce by\u0107 przeprowadzona drog\u0105 l\u0105dow\u0105, morsk\u0105 lub powietrzn\u0105 i obejmuje odpraw\u0119 celn\u0105. Zapewniaj\u0105 profesjonaln\u0105 us\u0142ug\u0119 pakowania, kt\u00f3ra obejmuje pakowanie, rozpakowywanie i usuwanie gruzu. Obs\u0142uguj\u0105 rzeczy osobiste, nadbaga\u017c, dzie\u0142a sztuki, sprz\u0119t biurowy i ambasady.<\/p>\n<p>Strona internetowa: <a href=\"http:\/\/baradairsea.com\" target=\"_blank\" rel=\"noopener\">http:\/\/baradairsea.com<\/a><\/p>\n<h2><span class=\"ez-toc-section\" id=\"2_Kar_Kia_Co_Ltd\"><\/span><strong>2. Kar Kia Co Ltd<\/strong><span class=\"ez-toc-section-end\"><\/span><\/h2>\n<p><img loading=\"lazy\" decoding=\"async\" class=\"alignnone size-full wp-image-7526\" src=\"https:\/\/moverdb.com\/wp-content\/uploads\/Kat-Kia-international-moving-company.png\" alt=\"Kat Kia firma zajmuj\u0105ca si\u0119 przeprowadzkami mi\u0119dzynarodowymi\" width=\"1440\" height=\"680\" data-wp-pid=\"7526\" srcset=\"https:\/\/moverdb.com\/wp-content\/uploads\/Kat-Kia-international-moving-company.png 1440w, https:\/\/moverdb.com\/wp-content\/uploads\/Kat-Kia-international-moving-company-300x142.png 300w, https:\/\/moverdb.com\/wp-content\/uploads\/Kat-Kia-international-moving-company-1024x484.png 1024w, https:\/\/moverdb.com\/wp-content\/uploads\/Kat-Kia-international-moving-company-18x9.png 18w, https:\/\/moverdb.com\/wp-content\/uploads\/Kat-Kia-international-moving-company-600x283.png 600w\" sizes=\"auto, (max-width: 1440px) 100vw, 1440px\" \/><\/p>\n<ul>\n<li>Ruchy krajowe<\/li>\n<li>Przeprowadzki mi\u0119dzynarodowe<\/li>\n<li>Przeprowadzki gospodarstw domowych<\/li>\n<li>Us\u0142uga \"od drzwi do drzwi\".<\/li>\n<li>Us\u0142uga pakowania<\/li>\n<li>Transport drog\u0105 l\u0105dow\u0105, morsk\u0105 lub powietrzn\u0105<\/li>\n<li>Odprawa celna<\/li>\n<li>Transport sztuk pi\u0119knych<\/li>\n<li>Ubezpieczenia<\/li>\n<li>Przechowywanie<\/li>\n<\/ul>\n<p>Kar Kia to firma przeprowadzkowa i magazynowa z siedzib\u0105 w Teheranie, kt\u00f3ra oferuje rozwi\u0105zania w zakresie przeprowadzek lokalnych w Teheranie, na terenie ca\u0142ego Iranu oraz przeprowadzek mi\u0119dzynarodowych do i z Iranu. Firma jest wspierana przez sie\u0107 agent\u00f3w przeprowadzkowych na ca\u0142ym \u015bwiecie i jest cz\u0142onkiem IAM z 39-letnim sta\u017cem.<\/p>\n<p>Kar Kia oferuje us\u0142ug\u0119 \"od drzwi do drzwi\" dla przeprowadzek domowych, kt\u00f3ra obejmuje bezpieczne pakowanie wszystkich Twoich rzeczy do transportu. Zorganizuj\u0105 transport Twoich rzeczy do miejsca przeznaczenia drog\u0105 l\u0105dow\u0105, morsk\u0105 lub powietrzn\u0105 oraz pomog\u0105 w odprawie celnej importowej i eksportowej. Oferujemy r\u00f3wnie\u017c dodatkowe us\u0142ugi, takie jak transport dzie\u0142 sztuki, ubezpieczenie i przechowywanie.<\/p>\n<p>Strona internetowa: <a href=\"http:\/\/www.karkiamovers.com\" target=\"_blank\" rel=\"noopener\">http:\/\/www.karkiamovers.com<\/a><\/p>\n<h2><span class=\"ez-toc-section\" id=\"3_Simorgh_Pack_Express\"><\/span><strong>3. <\/strong><strong>Simorgh Pack Express<\/strong><span class=\"ez-toc-section-end\"><\/span><\/h2>\n<p><img loading=\"lazy\" decoding=\"async\" class=\"alignnone size-full wp-image-7486\" src=\"https:\/\/moverdb.com\/wp-content\/uploads\/Simorgh-Pack-Express-international-moving-company.png\" alt=\"Simorgh Pack Express firma zajmuj\u0105ca si\u0119 przeprowadzkami mi\u0119dzynarodowymi\" width=\"1440\" height=\"678\" data-wp-pid=\"7486\" srcset=\"https:\/\/moverdb.com\/wp-content\/uploads\/Simorgh-Pack-Express-international-moving-company.png 1440w, https:\/\/moverdb.com\/wp-content\/uploads\/Simorgh-Pack-Express-international-moving-company-300x141.png 300w, https:\/\/moverdb.com\/wp-content\/uploads\/Simorgh-Pack-Express-international-moving-company-1024x482.png 1024w, https:\/\/moverdb.com\/wp-content\/uploads\/Simorgh-Pack-Express-international-moving-company-18x8.png 18w, https:\/\/moverdb.com\/wp-content\/uploads\/Simorgh-Pack-Express-international-moving-company-600x283.png 600w\" sizes=\"auto, (max-width: 1440px) 100vw, 1440px\" \/><\/p>\n<ul>\n<li>Ruchy krajowe<\/li>\n<li>Przeprowadzki mi\u0119dzynarodowe<\/li>\n<li>Przeprowadzki gospodarstw domowych<\/li>\n<li>Badanie w domu<\/li>\n<li>Us\u0142uga pakowania<\/li>\n<li>Transport morski, lotniczy i l\u0105dowy<\/li>\n<li>Pomoc celna<\/li>\n<li>Transport pojazd\u00f3w<\/li>\n<li>Ubezpieczenia<\/li>\n<li>Obiekty magazynowe<\/li>\n<\/ul>\n<p>Simorgh Pack Express to firma przeprowadzkowa, kt\u00f3ra ma siedzib\u0119 w Teheranie. Maj\u0105 \u015bwiatow\u0105 sie\u0107 wsp\u00f3\u0142pracownik\u00f3w, aby pom\u00f3c w mi\u0119dzynarodowych przeprowadzkach w dowolnym miejscu na \u015bwiecie. S\u0105 cz\u0142onkiem IAM z 31-letnim sta\u017cem.<\/p>\n<p>Simorgh Pack Express skoordynuje ca\u0142\u0105 Twoj\u0105 przeprowadzk\u0119 i zapewni jej sprawny przebieg, niezale\u017cnie od tego, czy przeprowadzasz si\u0119 lokalnie, czy na ca\u0142ym \u015bwiecie. Zapewniaj\u0105 wyszkolony personel, kt\u00f3ry bezpiecznie zapakuje Twoje rzeczy, aby chroni\u0107 je w transporcie, u\u017cywaj\u0105c wysokiej jako\u015bci materia\u0142\u00f3w. Zajm\u0105 si\u0119 Twoj\u0105 przesy\u0142k\u0105 drog\u0105 l\u0105dow\u0105, powietrzn\u0105 lub morsk\u0105 i zapewni\u0105, \u017ce znajd\u0105 najlepsze rozwi\u0105zanie dla Twoich potrzeb i najni\u017csze op\u0142aty.<\/p>\n<p>Strona internetowa: <a href=\"http:\/\/www.simorghpackexpress.com\" target=\"_blank\" rel=\"noopener\">http:\/\/www.simorghpackexpress.com<\/a><\/p>\n<h2><span class=\"ez-toc-section\" id=\"4_Simorgh_Pack\"><\/span><strong>4. Simorgh Pack<\/strong><span class=\"ez-toc-section-end\"><\/span><\/h2>\n<p><img loading=\"lazy\" decoding=\"async\" class=\"alignnone size-full wp-image-7487\" src=\"https:\/\/moverdb.com\/wp-content\/uploads\/Simorgh-Pack-international-moving-company.png\" alt=\"Simorgh Pack firma zajmuj\u0105ca si\u0119 przeprowadzkami mi\u0119dzynarodowymi\" width=\"1440\" height=\"680\" data-wp-pid=\"7487\" srcset=\"https:\/\/moverdb.com\/wp-content\/uploads\/Simorgh-Pack-international-moving-company.png 1440w, https:\/\/moverdb.com\/wp-content\/uploads\/Simorgh-Pack-international-moving-company-300x142.png 300w, https:\/\/moverdb.com\/wp-content\/uploads\/Simorgh-Pack-international-moving-company-1024x484.png 1024w, https:\/\/moverdb.com\/wp-content\/uploads\/Simorgh-Pack-international-moving-company-18x9.png 18w, https:\/\/moverdb.com\/wp-content\/uploads\/Simorgh-Pack-international-moving-company-600x283.png 600w\" sizes=\"auto, (max-width: 1440px) 100vw, 1440px\" \/><\/p>\n<ul>\n<li>Przeprowadzki lokalne i krajowe<\/li>\n<li>Przeprowadzki mi\u0119dzynarodowe<\/li>\n<li>Przeprowadzki gospodarstw domowych<\/li>\n<li>Przeprowadzki handlowe<\/li>\n<li>Us\u0142uga \"od drzwi do drzwi\".<\/li>\n<li>Profesjonalne pakowanie<\/li>\n<li>Transport l\u0105dowy, lotniczy lub morski<\/li>\n<li>Transport pojazd\u00f3w<\/li>\n<li>Ubezpieczenia<\/li>\n<li>Bezpieczne magazyny<\/li>\n<\/ul>\n<p>Simorgh Pack to globalna firma relokacyjna, kt\u00f3ra pomaga ludziom w przeprowadzkach od 1992 roku i ma siedzib\u0119 w Teheranie. Maj\u0105 \u015bwiatow\u0105 sie\u0107 agent\u00f3w transportowych i przeprowadzkowych oraz specjalist\u00f3w, kt\u00f3rzy ich wspieraj\u0105. S\u0105 cz\u0142onkiem IAM z 31-letnim sta\u017cem.<\/p>\n<p>Simorgh Pack zapewnia dedykowanego koordynatora przeprowadzki, kt\u00f3ry b\u0119dzie wspiera\u0142 Ci\u0119 na ka\u017cdym kroku. Zaczyna si\u0119 od wst\u0119pnego badania, aby oceni\u0107 twoje potrzeby, a nast\u0119pnie znajd\u0105 najlepsze trasy w odpowiednich cenach. Ich profesjonalni pakowacze spakuj\u0105 Twoje rzeczy do transportu l\u0105dowego, lotniczego lub morskiego wraz ze szczeg\u00f3\u0142owym spisem.<\/p>\n<p>Strona internetowa: <a href=\"http:\/\/www.simorghpack.com\" target=\"_blank\" rel=\"noopener\">http:\/\/www.simorghpack.com<\/a><\/p>\n<h2><span class=\"ez-toc-section\" id=\"5_Unipack\"><\/span><strong>5. Unipack<\/strong><span class=\"ez-toc-section-end\"><\/span><\/h2>\n<p><img loading=\"lazy\" decoding=\"async\" class=\"alignnone size-full wp-image-7494\" src=\"https:\/\/moverdb.com\/wp-content\/uploads\/Unipack-international-moving-company-1.png\" alt=\"Firma Unipack zajmuj\u0105ca si\u0119 przeprowadzkami mi\u0119dzynarodowymi\" width=\"1440\" height=\"681\" data-wp-pid=\"7494\" srcset=\"https:\/\/moverdb.com\/wp-content\/uploads\/Unipack-international-moving-company-1.png 1440w, https:\/\/moverdb.com\/wp-content\/uploads\/Unipack-international-moving-company-1-300x142.png 300w, https:\/\/moverdb.com\/wp-content\/uploads\/Unipack-international-moving-company-1-1024x484.png 1024w, https:\/\/moverdb.com\/wp-content\/uploads\/Unipack-international-moving-company-1-18x9.png 18w, https:\/\/moverdb.com\/wp-content\/uploads\/Unipack-international-moving-company-1-600x284.png 600w\" sizes=\"auto, (max-width: 1440px) 100vw, 1440px\" \/><\/p>\n<ul>\n<li>Przeprowadzki mi\u0119dzynarodowe<\/li>\n<li>Przeprowadzki gospodarstw domowych<\/li>\n<li>Przeprowadzki handlowe i biurowe<\/li>\n<li>Us\u0142uga \"od drzwi do drzwi\".<\/li>\n<li>Us\u0142ugi pakowania<\/li>\n<li>Formalno\u015bci celne<\/li>\n<li>Transport l\u0105dowy, morski i lotniczy<\/li>\n<li>Transport zwierz\u0105t<\/li>\n<li>Transport pojazd\u00f3w<\/li>\n<li>Obiekty magazynowe<\/li>\n<\/ul>\n<p>Unipack to mi\u0119dzynarodowa firma pakuj\u0105ca i spedycyjna z siedzib\u0105 w Iranie, kt\u00f3ra zosta\u0142a za\u0142o\u017cona w 1975 roku. Wsp\u00f3\u0142pracuj\u0105 z sieci\u0105 wybranych mi\u0119dzynarodowych partner\u00f3w przeprowadzkowych i relokacyjnych na ca\u0142ym \u015bwiecie, aby dostarczy\u0107 przeprowadzki w dowolnym miejscu. Jest cz\u0142onkiem IAM z 49-letnim sta\u017cem.<\/p>\n<p>Firma Unipack oferuje szeroki zakres us\u0142ug transportowych, w tym przew\u00f3z artyku\u0142\u00f3w gospodarstwa domowego, towar\u00f3w wystawowych, dzie\u0142 sztuki, pojazd\u00f3w, zwierz\u0105t domowych, zw\u0142ok i przeprowadzek biurowych. Zapewniaj\u0105 us\u0142ug\u0119 \"od drzwi do drzwi\", kt\u00f3ra obejmuje bezpieczne pakowanie rzeczy i u\u017cywanie drewnianych skrzy\u0144 dla delikatnych przedmiot\u00f3w. Organizuj\u0105 transport drog\u0105 l\u0105dow\u0105, powietrzn\u0105 i morsk\u0105 oraz zajmuj\u0105 si\u0119 formalno\u015bciami celnymi.<\/p>\n<p>Strona internetowa: <a href=\"http:\/\/www.unipack.ir\" target=\"_blank\" rel=\"noopener\">http:\/\/www.unipack.ir<\/a><\/p>","protected":false},"excerpt":{"rendered":"<p>Are you planning on moving? Whether you are moving home and\/or business, you might want some help to reduce the pressure which is where a moving company can help. Below we have compiled a list of Iran based removal companies that are members of the International Association of Movers (IAM) and\/or FIDI Accredited International Mover [&hellip;]<\/p>\n","protected":false},"author":4,"featured_media":0,"parent":190,"menu_order":0,"comment_status":"closed","ping_status":"closed","template":"","meta":{"_genesis_hide_title":false,"_genesis_hide_breadcrumbs":false,"_genesis_hide_singular_image":false,"_genesis_hide_footer_widgets":false,"_genesis_custom_body_class":"","_genesis_custom_post_class":"","_genesis_layout":"","footnotes":""},"class_list":{"0":"post-7525","1":"page","2":"type-page","3":"status-publish","5":"entry","6":"has-post-thumbnail"},"_links":{"self":[{"href":"https:\/\/moverdb.com\/pl\/wp-json\/wp\/v2\/pages\/7525","targetHints":{"allow":["GET"]}}],"collection":[{"href":"https:\/\/moverdb.com\/pl\/wp-json\/wp\/v2\/pages"}],"about":[{"href":"https:\/\/moverdb.com\/pl\/wp-json\/wp\/v2\/types\/page"}],"author":[{"embeddable":true,"href":"https:\/\/moverdb.com\/pl\/wp-json\/wp\/v2\/users\/4"}],"replies":[{"embeddable":true,"href":"https:\/\/moverdb.com\/pl\/wp-json\/wp\/v2\/comments?post=7525"}],"version-history":[{"count":1,"href":"https:\/\/moverdb.com\/pl\/wp-json\/wp\/v2\/pages\/7525\/revisions"}],"predecessor-version":[{"id":7527,"href":"https:\/\/moverdb.com\/pl\/wp-json\/wp\/v2\/pages\/7525\/revisions\/7527"}],"up":[{"embeddable":true,"href":"https:\/\/moverdb.com\/pl\/wp-json\/wp\/v2\/pages\/190"}],"wp:attachment":[{"href":"https:\/\/moverdb.com\/pl\/wp-json\/wp\/v2\/media?parent=7525"}],"curies":[{"name":"wp","href":"https:\/\/api.w.org\/{rel}","templated":true}]}}