{"id":7518,"date":"2023-02-01T14:01:41","date_gmt":"2023-02-01T14:01:41","guid":{"rendered":"https:\/\/moverdb.com\/?page_id=7518"},"modified":"2026-01-08T15:23:44","modified_gmt":"2026-01-08T15:23:44","slug":"moving-companies-honduras","status":"publish","type":"page","link":"https:\/\/moverdb.com\/pl\/moving-companies\/moving-companies-honduras\/","title":{"rendered":"2 Najlepsze mi\u0119dzynarodowe firmy przeprowadzkowe w Hondurasie"},"content":{"rendered":"<p>Przeprowadzka mo\u017ce by\u0107 skomplikowanym i stresuj\u0105cym czasem, wi\u0119c je\u015bli planujesz przeprowadzk\u0119 do, z lub w obr\u0119bie Hondurasu, mo\u017cesz potrzebowa\u0107 pomocy <a href=\"https:\/\/moverdb.com\/pl\/moving-companies\/\" data-internallinksmanager029f6b8e52c=\"79\" title=\"25 najlepszych firm przeprowadzek mi\u0119dzynarodowych online\">przedsi\u0119biorstwo przeprowadzkowe<\/a>. Poni\u017cej zebrali\u015bmy list\u0119 Hondurasu z siedzib\u0105 <a href=\"https:\/\/moverdb.com\/pl\/international-removals\/\" data-internallinksmanager029f6b8e52c=\"27\" title=\"36 najlepszych firm zajmuj\u0105cych si\u0119 przeprowadzkami mi\u0119dzynarodowymi w Wielkiej Brytanii\">przedsi\u0119biorstwa przeprowadzkowe<\/a> kt\u00f3re s\u0105 cz\u0142onkami <a href=\"https:\/\/moverdb.com\/pl\/iam\/\" data-internallinksmanager029f6b8e52c=\"23\" title=\"Mi\u0119dzynarodowe Stowarzyszenie Przewo\u017anik\u00f3w (IAM) - obja\u015bnienia\">Mi\u0119dzynarodowe Stowarzyszenie Przewo\u017anik\u00f3w<\/a> (IAM) i\/lub <a href=\"https:\/\/moverdb.com\/pl\/fidi-faim\/\" data-internallinksmanager029f6b8e52c=\"16\" title=\"FIDI i FAIM (FIDI Accredited International Mover) - obja\u015bnienia\">FIDI<\/a> Accredited International Mover (FAIM), kt\u00f3ry m\u00f3g\u0142by pom\u00f3c w Twojej przeprowadzce.<\/p>\n<h2><strong>1. Mudanzas International<\/strong><\/h2>\n<p><img loading=\"lazy\" decoding=\"async\" class=\"alignnone size-full wp-image-7471\" src=\"https:\/\/moverdb.com\/wp-content\/uploads\/Mudanzas-International-moving-company.png\" alt=\"Mudanzas Mi\u0119dzynarodowa firma przeprowadzkowa\" width=\"1440\" height=\"681\" data-wp-pid=\"7471\" srcset=\"https:\/\/moverdb.com\/wp-content\/uploads\/Mudanzas-International-moving-company.png 1440w, https:\/\/moverdb.com\/wp-content\/uploads\/Mudanzas-International-moving-company-300x142.png 300w, https:\/\/moverdb.com\/wp-content\/uploads\/Mudanzas-International-moving-company-1024x484.png 1024w, https:\/\/moverdb.com\/wp-content\/uploads\/Mudanzas-International-moving-company-18x9.png 18w, https:\/\/moverdb.com\/wp-content\/uploads\/Mudanzas-International-moving-company-600x284.png 600w\" sizes=\"auto, (max-width: 1440px) 100vw, 1440px\" \/><\/p>\n<ul>\n<li>Ruchy krajowe<\/li>\n<li>Przeprowadzki mi\u0119dzynarodowe<\/li>\n<li>Przeprowadzki gospodarstw domowych<\/li>\n<li>Us\u0142uga \"od drzwi do drzwi\".<\/li>\n<li>Profesjonalna us\u0142uga pakowania<\/li>\n<li>W\u0142asna flota pojazd\u00f3w<\/li>\n<li>Fracht drogowy, morski i lotniczy<\/li>\n<li>Wsparcie celne<\/li>\n<li>Transport pojazd\u00f3w<\/li>\n<li>Wyb\u00f3r opcji przechowywania<\/li>\n<\/ul>\n<p>Mudanzas International jest mi\u0119dzynarodow\u0105 firm\u0105 zajmuj\u0105c\u0105 si\u0119 przeprowadzkami, pakowaniem i magazynowaniem z ponad 25-letnim do\u015bwiadczeniem. Jest cz\u0142onkiem IAM z 32-letnim sta\u017cem, co daje jej dost\u0119p do mi\u0119dzynarodowej sieci agent\u00f3w przeprowadzkowych, kt\u00f3rzy pomagaj\u0105 w przeprowadzkach za granic\u0119.<\/p>\n<p>Mudanzas International oferuje spersonalizowan\u0105 us\u0142ug\u0119 przeprowadzki krajowej i mi\u0119dzynarodowej z us\u0142ug\u0105 door-to-door. Zapewniaj\u0105 profesjonaln\u0105 us\u0142ug\u0119 pakowania, aby chroni\u0107 Twoje rzeczy podczas transportu. Mog\u0105 zorganizowa\u0107 transport drogowy przy u\u017cyciu w\u0142asnej floty, transport lotniczy i morski oraz zapewni\u0107 wsparcie w zakresie us\u0142ug celnych. Mog\u0105 r\u00f3wnie\u017c zapewni\u0107 transport pojazd\u00f3w i motocykli.<\/p>\n<p>Strona internetowa: <a href=\"http:\/\/www.mudanzasinternational.net\" target=\"_blank\" rel=\"noopener\">http:\/\/www.mudanzasinternational.net<\/a><\/p>\n<h2><strong>2. Mudanzas Airlift<\/strong><\/h2>\n<p><img loading=\"lazy\" decoding=\"async\" class=\"alignnone size-full wp-image-7470\" src=\"https:\/\/moverdb.com\/wp-content\/uploads\/Mudanzas-Airlift-international-moving-company.png\" alt=\"Firma przeprowadzkowa Mudanzas Airlift\" width=\"1440\" height=\"678\" data-wp-pid=\"7470\" srcset=\"https:\/\/moverdb.com\/wp-content\/uploads\/Mudanzas-Airlift-international-moving-company.png 1440w, https:\/\/moverdb.com\/wp-content\/uploads\/Mudanzas-Airlift-international-moving-company-300x141.png 300w, https:\/\/moverdb.com\/wp-content\/uploads\/Mudanzas-Airlift-international-moving-company-1024x482.png 1024w, https:\/\/moverdb.com\/wp-content\/uploads\/Mudanzas-Airlift-international-moving-company-18x8.png 18w, https:\/\/moverdb.com\/wp-content\/uploads\/Mudanzas-Airlift-international-moving-company-600x283.png 600w\" sizes=\"auto, (max-width: 1440px) 100vw, 1440px\" \/><\/p>\n<ul>\n<li>Ruchy krajowe<\/li>\n<li>Przeprowadzki mi\u0119dzynarodowe<\/li>\n<li>Przeprowadzki gospodarstw domowych<\/li>\n<li>Us\u0142uga \"od drzwi do drzwi\".<\/li>\n<li>Us\u0142uga pakowania<\/li>\n<li>Organizacja transportu<\/li>\n<li>Odprawa celna<\/li>\n<li>Transport pojazd\u00f3w<\/li>\n<li>Ubezpieczenia<\/li>\n<li>Us\u0142uga przechowywania<\/li>\n<\/ul>\n<p>Mudanzas Airlift to mi\u0119dzynarodowa firma relokacyjna, transportowa i logistyczna, kt\u00f3ra zosta\u0142a za\u0142o\u017cona w 1963 roku. Ich g\u0142\u00f3wna siedziba znajduje si\u0119 w Tegucigalpa, a oddzia\u0142 w San Pedro Sula. Jest cz\u0142onkiem IAM, co zapewnia jej mi\u0119dzynarodow\u0105 sie\u0107 agent\u00f3w przeprowadzkowych.<\/p>\n<p>Mudanzas Airlift oferuje badanie przed przeprowadzk\u0105, aby pom\u00f3c oceni\u0107 Twoje wymagania. Zapewniaj\u0105 oni transport od drzwi do drzwi lub od drzwi do drzwi<a href=\"https:\/\/moverdb.com\/pl\/top-49-container-ports\/\" data-internallinksmanager029f6b8e52c=\"80\" title=\"49 najwi\u0119kszych i najbardziej ruchliwych port\u00f3w kontenerowych w 2025 r.\">port<\/a> us\u0142uga, kt\u00f3ra obejmuje us\u0142ug\u0119 pakowania i kraterowania, aby chroni\u0107 Twoje rzeczy podczas przeprowadzki. Zorganizuj\u0105 oni transport Twoich rzeczy i pomog\u0105 w odprawie celnej i ubezpieczeniu. W razie potrzeby oferuj\u0105 r\u00f3wnie\u017c transport pojazd\u00f3w i rozwi\u0105zania w zakresie przechowywania.<\/p>\n<p>Strona internetowa: <a href=\"http:\/\/www.mudanzasairlift.com\" target=\"_blank\" rel=\"noopener\">http:\/\/www.mudanzasairlift.com<\/a><\/p>","protected":false},"excerpt":{"rendered":"<p>Moving can be a complicated and stressful time so if you are planning a move to, from or within Honduras, you may want the help of a moving company. Below we have compiled a list of Honduras based removal companies that are members of the International Association of Movers (IAM) and\/or FIDI Accredited International Mover [&hellip;]<\/p>\n","protected":false},"author":4,"featured_media":0,"parent":190,"menu_order":0,"comment_status":"closed","ping_status":"closed","template":"","meta":{"_genesis_hide_title":false,"_genesis_hide_breadcrumbs":false,"_genesis_hide_singular_image":false,"_genesis_hide_footer_widgets":false,"_genesis_custom_body_class":"","_genesis_custom_post_class":"","_genesis_layout":"","footnotes":""},"class_list":{"0":"post-7518","1":"page","2":"type-page","3":"status-publish","5":"entry","6":"has-post-thumbnail"},"_links":{"self":[{"href":"https:\/\/moverdb.com\/pl\/wp-json\/wp\/v2\/pages\/7518","targetHints":{"allow":["GET"]}}],"collection":[{"href":"https:\/\/moverdb.com\/pl\/wp-json\/wp\/v2\/pages"}],"about":[{"href":"https:\/\/moverdb.com\/pl\/wp-json\/wp\/v2\/types\/page"}],"author":[{"embeddable":true,"href":"https:\/\/moverdb.com\/pl\/wp-json\/wp\/v2\/users\/4"}],"replies":[{"embeddable":true,"href":"https:\/\/moverdb.com\/pl\/wp-json\/wp\/v2\/comments?post=7518"}],"version-history":[{"count":1,"href":"https:\/\/moverdb.com\/pl\/wp-json\/wp\/v2\/pages\/7518\/revisions"}],"predecessor-version":[{"id":7519,"href":"https:\/\/moverdb.com\/pl\/wp-json\/wp\/v2\/pages\/7518\/revisions\/7519"}],"up":[{"embeddable":true,"href":"https:\/\/moverdb.com\/pl\/wp-json\/wp\/v2\/pages\/190"}],"wp:attachment":[{"href":"https:\/\/moverdb.com\/pl\/wp-json\/wp\/v2\/media?parent=7518"}],"curies":[{"name":"wp","href":"https:\/\/api.w.org\/{rel}","templated":true}]}}