{"id":7516,"date":"2023-02-01T14:01:04","date_gmt":"2023-02-01T14:01:04","guid":{"rendered":"https:\/\/moverdb.com\/?page_id=7516"},"modified":"2026-01-08T15:29:56","modified_gmt":"2026-01-08T15:29:56","slug":"moving-companies-guyana","status":"publish","type":"page","link":"https:\/\/moverdb.com\/pl\/moving-companies\/moving-companies-guyana\/","title":{"rendered":"Najlepsze mi\u0119dzynarodowe firmy przeprowadzkowe w Gujanie"},"content":{"rendered":"<p>Je\u015bli planujesz przeprowadzk\u0119 do lub z Gujany, lub w obr\u0119bie Gujany, mo\u017cesz potrzebowa\u0107 pomocy w przeprowadzce. Profesjonalne <a href=\"https:\/\/moverdb.com\/pl\/moving-companies\/\" data-internallinksmanager029f6b8e52c=\"79\" title=\"25 najlepszych firm przeprowadzek mi\u0119dzynarodowych online\">firmy przeprowadzkowe<\/a> mo\u017ce zmniejszy\u0107 ilo\u015b\u0107 pracy potrzebnej do pakowania, planowania i organizowania przeprowadzki. Poni\u017cej przygotowali\u015bmy list\u0119 firm z siedzib\u0105 w Gujanie <a href=\"https:\/\/moverdb.com\/pl\/international-removals\/\" data-internallinksmanager029f6b8e52c=\"27\" title=\"36 najlepszych firm zajmuj\u0105cych si\u0119 przeprowadzkami mi\u0119dzynarodowymi w Wielkiej Brytanii\">przedsi\u0119biorstwa przeprowadzkowe<\/a> kt\u00f3re s\u0105 cz\u0142onkami <a href=\"https:\/\/moverdb.com\/pl\/iam\/\" data-internallinksmanager029f6b8e52c=\"23\" title=\"Mi\u0119dzynarodowe Stowarzyszenie Przewo\u017anik\u00f3w (IAM) - obja\u015bnienia\">Mi\u0119dzynarodowe Stowarzyszenie Przewo\u017anik\u00f3w<\/a> (IAM) i\/lub <a href=\"https:\/\/moverdb.com\/pl\/fidi-faim\/\" data-internallinksmanager029f6b8e52c=\"16\" title=\"FIDI i FAIM (FIDI Accredited International Mover) - obja\u015bnienia\">FIDI<\/a> Accredited International Mover (FAIM), kt\u00f3ry mo\u017ce pom\u00f3c w przeprowadzce.<\/p>\n<p><strong>Guywillship<\/strong><\/p>\n<p><img loading=\"lazy\" decoding=\"async\" class=\"alignnone size-full wp-image-7448\" src=\"https:\/\/moverdb.com\/wp-content\/uploads\/Guywillship-international-moving-company.png\" alt=\"Mi\u0119dzynarodowa firma przeprowadzkowa Guywillship\" width=\"1440\" height=\"679\" data-wp-pid=\"7448\" srcset=\"https:\/\/moverdb.com\/wp-content\/uploads\/Guywillship-international-moving-company.png 1440w, https:\/\/moverdb.com\/wp-content\/uploads\/Guywillship-international-moving-company-300x141.png 300w, https:\/\/moverdb.com\/wp-content\/uploads\/Guywillship-international-moving-company-1024x483.png 1024w, https:\/\/moverdb.com\/wp-content\/uploads\/Guywillship-international-moving-company-18x8.png 18w, https:\/\/moverdb.com\/wp-content\/uploads\/Guywillship-international-moving-company-600x283.png 600w\" sizes=\"auto, (max-width: 1440px) 100vw, 1440px\" \/><\/p>\n<ul>\n<li>Oferuje wy\u0142\u0105cznie us\u0142ugi odbioru i dostawy<\/li>\n<li>Specjalizuje si\u0119 w <a href=\"https:\/\/moverdb.com\/pl\/moving-to-the-united-states\/\" data-internallinksmanager029f6b8e52c=\"94\" title=\"Przeprowadzasz si\u0119 do Stan\u00f3w Zjednoczonych? 2026 Koszty \u017cycia i wskaz\u00f3wki dotycz\u0105ce przeprowadzki\">USA<\/a> do przesy\u0142ek z Karaib\u00f3w<\/li>\n<li>Przeprowadzki zagraniczne<\/li>\n<li>Przeprowadzki gospodarstw domowych<\/li>\n<li>Fracht handlowy<\/li>\n<li>Us\u0142uga \"od drzwi do drzwi\".<\/li>\n<li>Transport drogowy, morski i lotniczy<\/li>\n<li>Inteligentne \u015bledzenie<\/li>\n<li>Konsolidacja przesy\u0142ek<\/li>\n<li>Cz\u0142onek IAM<\/li>\n<\/ul>\n<p>Guywillship to agent spedycyjny i logistyczny, kt\u00f3ry specjalizuje si\u0119 w przemieszczaniu towar\u00f3w mi\u0119dzy USA a Karaibami. Maj\u0105 ponad 30 lat do\u015bwiadczenia w przeprowadzkach. S\u0105 cz\u0142onkiem IAM, co zapewnia im dost\u0119p do sieci mi\u0119dzynarodowych agent\u00f3w przeprowadzkowych w celu \u015bwiadczenia swoich us\u0142ug.<\/p>\n<p>Guywillship oferuje us\u0142ugi odbioru i dostawy od drzwi do drzwi, kt\u00f3re s\u0105 odpowiednie dla tych, kt\u00f3rzy si\u0119 przeprowadzaj\u0105. Oferuj\u0105 lotnicz\u0105 i morsk\u0105 wysy\u0142k\u0119 towar\u00f3w, kt\u00f3rych przeprowadzili ponad 200 000. Oferuj\u0105 precyzyjne udogodnienia w zakresie \u015bledzenia z dedykowan\u0105 infrastruktur\u0105 w chmurze, dzi\u0119ki kt\u00f3rej jeste\u015b na bie\u017c\u0105co z przesy\u0142k\u0105.<\/p>\n<p>Strona internetowa: <a href=\"http:\/\/www.guywillship.com\" target=\"_blank\" rel=\"noopener\">http:\/\/www.guywillship.com<\/a><\/p>","protected":false},"excerpt":{"rendered":"<p>If you are planning a move to or from Guyana, or within Guyana, you may want some help with your move. Professional moving companies can reduce the work needed by packing, planning and organising your move. Below we have compiled a list of Guyana based removal companies that are members of the International Association of [&hellip;]<\/p>\n","protected":false},"author":4,"featured_media":0,"parent":190,"menu_order":0,"comment_status":"closed","ping_status":"closed","template":"","meta":{"_genesis_hide_title":false,"_genesis_hide_breadcrumbs":false,"_genesis_hide_singular_image":false,"_genesis_hide_footer_widgets":false,"_genesis_custom_body_class":"","_genesis_custom_post_class":"","_genesis_layout":"","footnotes":""},"class_list":{"0":"post-7516","1":"page","2":"type-page","3":"status-publish","5":"entry","6":"has-post-thumbnail"},"_links":{"self":[{"href":"https:\/\/moverdb.com\/pl\/wp-json\/wp\/v2\/pages\/7516","targetHints":{"allow":["GET"]}}],"collection":[{"href":"https:\/\/moverdb.com\/pl\/wp-json\/wp\/v2\/pages"}],"about":[{"href":"https:\/\/moverdb.com\/pl\/wp-json\/wp\/v2\/types\/page"}],"author":[{"embeddable":true,"href":"https:\/\/moverdb.com\/pl\/wp-json\/wp\/v2\/users\/4"}],"replies":[{"embeddable":true,"href":"https:\/\/moverdb.com\/pl\/wp-json\/wp\/v2\/comments?post=7516"}],"version-history":[{"count":1,"href":"https:\/\/moverdb.com\/pl\/wp-json\/wp\/v2\/pages\/7516\/revisions"}],"predecessor-version":[{"id":7517,"href":"https:\/\/moverdb.com\/pl\/wp-json\/wp\/v2\/pages\/7516\/revisions\/7517"}],"up":[{"embeddable":true,"href":"https:\/\/moverdb.com\/pl\/wp-json\/wp\/v2\/pages\/190"}],"wp:attachment":[{"href":"https:\/\/moverdb.com\/pl\/wp-json\/wp\/v2\/media?parent=7516"}],"curies":[{"name":"wp","href":"https:\/\/api.w.org\/{rel}","templated":true}]}}