{"id":7514,"date":"2023-02-01T14:00:27","date_gmt":"2023-02-01T14:00:27","guid":{"rendered":"https:\/\/moverdb.com\/?page_id=7514"},"modified":"2026-01-08T15:23:43","modified_gmt":"2026-01-08T15:23:43","slug":"firmy-przeprowadzkowe-gwinea","status":"publish","type":"page","link":"https:\/\/moverdb.com\/pl\/moving-companies\/moving-companies-guinea\/","title":{"rendered":"2 Najlepsze mi\u0119dzynarodowe firmy przeprowadzkowe w Gwinei"},"content":{"rendered":"<p>Kiedy planujesz przeprowadzk\u0119, czy to domu czy biura, mo\u017ce to by\u0107 stresuj\u0105cy czas z du\u017c\u0105 ilo\u015bci\u0105 logistyki do zarz\u0105dzania i papierkowej roboty. To jest, gdzie zatrudnienie <a href=\"https:\/\/moverdb.com\/pl\/moving-companies\/\" data-internallinksmanager029f6b8e52c=\"79\" title=\"25 najlepszych firm przeprowadzek mi\u0119dzynarodowych online\">przedsi\u0119biorstwo przeprowadzkowe<\/a> mo\u017ce pom\u00f3c w odci\u0105\u017ceniu. Poni\u017cej zebrali\u015bmy list\u0119 opartych na Gwincie <a href=\"https:\/\/moverdb.com\/pl\/international-removals\/\" data-internallinksmanager029f6b8e52c=\"27\" title=\"36 najlepszych firm zajmuj\u0105cych si\u0119 przeprowadzkami mi\u0119dzynarodowymi w Wielkiej Brytanii\">przedsi\u0119biorstwa przeprowadzkowe<\/a> kt\u00f3re s\u0105 cz\u0142onkami <a href=\"https:\/\/moverdb.com\/pl\/iam\/\" data-internallinksmanager029f6b8e52c=\"23\" title=\"Mi\u0119dzynarodowe Stowarzyszenie Przewo\u017anik\u00f3w (IAM) - obja\u015bnienia\">Mi\u0119dzynarodowe Stowarzyszenie Przewo\u017anik\u00f3w<\/a> (IAM) i\/lub <a href=\"https:\/\/moverdb.com\/pl\/fidi-faim\/\" data-internallinksmanager029f6b8e52c=\"16\" title=\"FIDI i FAIM (FIDI Accredited International Mover) - obja\u015bnienia\">FIDI<\/a> Accredited International Mover (FAIM), kt\u00f3ry m\u00f3g\u0142by pom\u00f3c w Twojej przeprowadzce.<\/p>\n<h2><strong>1. Soguifret<\/strong><\/h2>\n<p><img loading=\"lazy\" decoding=\"async\" class=\"alignnone size-full wp-image-7489\" src=\"https:\/\/moverdb.com\/wp-content\/uploads\/Soguifret-international-moving-company.png\" alt=\"Mi\u0119dzynarodowa firma przeprowadzkowa Soguifret\" width=\"1440\" height=\"679\" data-wp-pid=\"7489\" srcset=\"https:\/\/moverdb.com\/wp-content\/uploads\/Soguifret-international-moving-company.png 1440w, https:\/\/moverdb.com\/wp-content\/uploads\/Soguifret-international-moving-company-300x141.png 300w, https:\/\/moverdb.com\/wp-content\/uploads\/Soguifret-international-moving-company-1024x483.png 1024w, https:\/\/moverdb.com\/wp-content\/uploads\/Soguifret-international-moving-company-18x8.png 18w, https:\/\/moverdb.com\/wp-content\/uploads\/Soguifret-international-moving-company-600x283.png 600w\" sizes=\"auto, (max-width: 1440px) 100vw, 1440px\" \/><\/p>\n<ul>\n<li>Ruchy krajowe<\/li>\n<li>Przeprowadzki mi\u0119dzynarodowe<\/li>\n<li>Przeprowadzki gospodarstw domowych<\/li>\n<li>Przeprowadzki biurowe<\/li>\n<li>Us\u0142uga \"od drzwi do drzwi\".<\/li>\n<li>Us\u0142uga pakowania<\/li>\n<li>Mo\u017cliwo\u015b\u0107 wyboru wariant\u00f3w pojemnik\u00f3w<\/li>\n<li>Organizacja transportu<\/li>\n<li>Odprawa celna<\/li>\n<li>Sieci mi\u0119dzynarodowe<\/li>\n<\/ul>\n<p>Soguifret jest firm\u0105 przeprowadzkow\u0105 i spedycyjn\u0105 za\u0142o\u017con\u0105 w 1989 roku w Gwinei. Jest cz\u0119\u015bci\u0105 Universal Freight Organisation obejmuj\u0105cej 120 kraj\u00f3w i cz\u0142onkiem IAM z 34-letnim sta\u017cem i zasi\u0119giem w 170 krajach. Poprzez swoje sieci wsp\u00f3\u0142pracuj\u0105 z klientami zajmuj\u0105cymi si\u0119 przeprowadzkami mi\u0119dzynarodowymi.<\/p>\n<p>Soguifret \u015bwiadczy us\u0142ugi w zakresie przeprowadzek krajowych i mi\u0119dzynarodowych \"od drzwi do drzwi\" dla gospodarstw domowych i biur. Obs\u0142uguj\u0105 r\u00f3\u017cne osoby, w tym ambasady i Korpus Pokoju. Oferuje wyb\u00f3r opcji kontenerowych, kt\u00f3re obejmuj\u0105 \u0142adunki mniejsze ni\u017c kontenerowe i pe\u0142ne. Zorganizuj\u0105 transport Twoich rzeczy i przeprowadz\u0105 odpraw\u0119 celn\u0105.<\/p>\n<p>Strona internetowa: <a href=\"http:\/\/www.soguifret.com\" target=\"_blank\" rel=\"noopener\">http:\/\/www.soguifret.com<\/a><\/p>\n<h2><strong>2. JVK<\/strong><\/h2>\n<p><img loading=\"lazy\" decoding=\"async\" class=\"alignnone size-full wp-image-7459\" src=\"https:\/\/moverdb.com\/wp-content\/uploads\/JVK-Guinea-international-moving-company.png\" alt=\"Firma JVK Guinea zajmuj\u0105ca si\u0119 przeprowadzkami mi\u0119dzynarodowymi\" width=\"1440\" height=\"680\" data-wp-pid=\"7459\" srcset=\"https:\/\/moverdb.com\/wp-content\/uploads\/JVK-Guinea-international-moving-company.png 1440w, https:\/\/moverdb.com\/wp-content\/uploads\/JVK-Guinea-international-moving-company-300x142.png 300w, https:\/\/moverdb.com\/wp-content\/uploads\/JVK-Guinea-international-moving-company-1024x484.png 1024w, https:\/\/moverdb.com\/wp-content\/uploads\/JVK-Guinea-international-moving-company-18x9.png 18w, https:\/\/moverdb.com\/wp-content\/uploads\/JVK-Guinea-international-moving-company-600x283.png 600w\" sizes=\"auto, (max-width: 1440px) 100vw, 1440px\" \/><\/p>\n<ul>\n<li>Ruchy krajowe<\/li>\n<li>Przeprowadzki mi\u0119dzynarodowe<\/li>\n<li>Us\u0142uga relokacji<\/li>\n<li>Przeprowadzki gospodarstw domowych<\/li>\n<li>Przeprowadzki biurowe<\/li>\n<li>Us\u0142uga pakowania<\/li>\n<li>Wysokiej jako\u015bci materia\u0142y opakowaniowe<\/li>\n<li>Transport drogowy, morski i lotniczy<\/li>\n<li>Formalno\u015bci celne<\/li>\n<li>Magazyny kr\u00f3tko- i d\u0142ugoterminowe<\/li>\n<\/ul>\n<p>JVK to mi\u0119dzynarodowa firma zajmuj\u0105ca si\u0119 przeprowadzkami i relokacj\u0105, kt\u00f3ra posiada sie\u0107 biur w Afryce, Azji i na Pacyfiku. Firma posiada biuro w Konakry w Gwinei, ale zosta\u0142a za\u0142o\u017cona w <a href=\"https:\/\/moverdb.com\/pl\/moving-to-thailand\/\" data-internallinksmanager029f6b8e52c=\"318\" title=\"Przeprowadzka do Tajlandii? 2026 Koszty \u017cycia i wskaz\u00f3wki dotycz\u0105ce relokacji\">Tajlandia<\/a> w 1979 roku. Jest cz\u0142onkiem IAM z sieci\u0105 mi\u0119dzynarodowych agent\u00f3w przeprowadzkowych, kt\u00f3rzy pomagaj\u0105 tam, gdzie nie maj\u0105 zasi\u0119gu.<\/p>\n<p>JVK oferuje badanie przed przeprowadzk\u0105, aby oceni\u0107 Twoje potrzeby, przygotowa\u0107 propozycj\u0119 przeprowadzki i zaplanowa\u0107 j\u0105. Oferuje us\u0142ug\u0119 \"od drzwi do drzwi\", kt\u00f3ra obejmuje bezpieczne pakowanie rzeczy przy u\u017cyciu wysokiej jako\u015bci materia\u0142\u00f3w i specjalnych skrzy\u0144 na delikatne przedmioty. Zorganizuje transport drogowy, morski lub lotniczy i skoordynuje formalno\u015bci celne.<\/p>\n<p>Strona internetowa: <a href=\"http:\/\/www.jvkpacific.com\" target=\"_blank\" rel=\"noopener\">http:\/\/www.jvkpacific.com<\/a><\/p>","protected":false},"excerpt":{"rendered":"<p>When you are planning a move whether that is your home or office, it can be stressful time with a lot of logistics to manage and paperwork. This is where employing a moving company can help to ease the burden. Below we have compiled a list of Guinea based removal companies that are members of [&hellip;]<\/p>\n","protected":false},"author":4,"featured_media":0,"parent":190,"menu_order":0,"comment_status":"closed","ping_status":"closed","template":"","meta":{"_genesis_hide_title":false,"_genesis_hide_breadcrumbs":false,"_genesis_hide_singular_image":false,"_genesis_hide_footer_widgets":false,"_genesis_custom_body_class":"","_genesis_custom_post_class":"","_genesis_layout":"","footnotes":""},"class_list":{"0":"post-7514","1":"page","2":"type-page","3":"status-publish","5":"entry","6":"has-post-thumbnail"},"_links":{"self":[{"href":"https:\/\/moverdb.com\/pl\/wp-json\/wp\/v2\/pages\/7514","targetHints":{"allow":["GET"]}}],"collection":[{"href":"https:\/\/moverdb.com\/pl\/wp-json\/wp\/v2\/pages"}],"about":[{"href":"https:\/\/moverdb.com\/pl\/wp-json\/wp\/v2\/types\/page"}],"author":[{"embeddable":true,"href":"https:\/\/moverdb.com\/pl\/wp-json\/wp\/v2\/users\/4"}],"replies":[{"embeddable":true,"href":"https:\/\/moverdb.com\/pl\/wp-json\/wp\/v2\/comments?post=7514"}],"version-history":[{"count":1,"href":"https:\/\/moverdb.com\/pl\/wp-json\/wp\/v2\/pages\/7514\/revisions"}],"predecessor-version":[{"id":7515,"href":"https:\/\/moverdb.com\/pl\/wp-json\/wp\/v2\/pages\/7514\/revisions\/7515"}],"up":[{"embeddable":true,"href":"https:\/\/moverdb.com\/pl\/wp-json\/wp\/v2\/pages\/190"}],"wp:attachment":[{"href":"https:\/\/moverdb.com\/pl\/wp-json\/wp\/v2\/media?parent=7514"}],"curies":[{"name":"wp","href":"https:\/\/api.w.org\/{rel}","templated":true}]}}