{"id":6051,"date":"2023-02-01T12:39:56","date_gmt":"2023-02-01T12:39:56","guid":{"rendered":"https:\/\/moverdb.com\/?page_id=6051"},"modified":"2026-01-08T15:24:43","modified_gmt":"2026-01-08T15:24:43","slug":"moving-companies-finland","status":"publish","type":"page","link":"https:\/\/moverdb.com\/pl\/moving-companies\/moving-companies-finland\/","title":{"rendered":"4 Najlepsze firmy zajmuj\u0105ce si\u0119 przeprowadzkami mi\u0119dzynarodowymi w Finlandii"},"content":{"rendered":"<p>Przeprowadzka do domu lub siedziby firmy mo\u017ce by\u0107 stresuj\u0105cym momentem, poniewa\u017c jest tak wiele do zorganizowania, zw\u0142aszcza je\u015bli przenosisz si\u0119 do innego kraju. Tak wi\u0119c, anga\u017cuj\u0105c us\u0142ugi <a href=\"https:\/\/moverdb.com\/pl\/moving-companies\/\" data-internallinksmanager029f6b8e52c=\"79\" title=\"25 najlepszych firm przeprowadzek mi\u0119dzynarodowych online\">przedsi\u0119biorstwo przeprowadzkowe<\/a> mo\u017ce pom\u00f3c zmniejszy\u0107 obci\u0105\u017cenie, poniewa\u017c mog\u0105 one dokona\u0107 wszystkich ustale\u0144 dla Ciebie i pom\u00f3c w poruszaniu si\u0119 przez formalno\u015bci. Poni\u017cej zebrali\u015bmy list\u0119 <a href=\"https:\/\/moverdb.com\/pl\/international-removals\/\" data-internallinksmanager029f6b8e52c=\"27\" title=\"36 najlepszych firm zajmuj\u0105cych si\u0119 przeprowadzkami mi\u0119dzynarodowymi w Wielkiej Brytanii\">przedsi\u0119biorstwa przeprowadzkowe<\/a> z siedzib\u0105 w <a href=\"https:\/\/moverdb.com\/pl\/moving-to-finland\/\" data-internallinksmanager029f6b8e52c=\"345\" title=\"Przeprowadzka do Finlandii? Koszty \u017cycia i wskaz\u00f3wki dotycz\u0105ce przeprowadzki w 2023 r.\">Finlandia<\/a> kt\u00f3re s\u0105 cz\u0142onkami <a href=\"https:\/\/moverdb.com\/pl\/iam\/\" data-internallinksmanager029f6b8e52c=\"23\" title=\"Mi\u0119dzynarodowe Stowarzyszenie Przewo\u017anik\u00f3w (IAM) - obja\u015bnienia\">Mi\u0119dzynarodowe Stowarzyszenie Przewo\u017anik\u00f3w<\/a> (IAM) i\/lub <a href=\"https:\/\/moverdb.com\/pl\/fidi-faim\/\" data-internallinksmanager029f6b8e52c=\"16\" title=\"FIDI i FAIM (FIDI Accredited International Mover) - obja\u015bnienia\">FIDI<\/a> Accredited International Mover (FAIM), kt\u00f3ra mo\u017ce pom\u00f3c Ci w przeprowadzce.<\/p>\n<div id=\"ez-toc-container\" class=\"ez-toc-v2_0_82_2 ez-toc-wrap-left counter-hierarchy ez-toc-counter ez-toc-transparent ez-toc-container-direction\">\n<div class=\"ez-toc-title-container\">\n<p class=\"ez-toc-title\" style=\"cursor:inherit\">Sekcje<\/p>\n<span class=\"ez-toc-title-toggle\"><a href=\"#\" class=\"ez-toc-pull-right ez-toc-btn ez-toc-btn-xs ez-toc-btn-default ez-toc-toggle\" aria-label=\"Prze\u0142\u0105cznik Spisu Tre\u015bci\"><span class=\"ez-toc-js-icon-con\"><span class=\"\"><span class=\"eztoc-hide\" style=\"display:none;\">Toggle<\/span><span class=\"ez-toc-icon-toggle-span\"><svg style=\"fill: #999;color:#999\" xmlns=\"http:\/\/www.w3.org\/2000\/svg\" class=\"list-377408\" width=\"20px\" height=\"20px\" viewbox=\"0 0 24 24\" fill=\"none\"><path d=\"M6 6H4v2h2V6zm14 0H8v2h12V6zM4 11h2v2H4v-2zm16 0H8v2h12v-2zM4 16h2v2H4v-2zm16 0H8v2h12v-2z\" fill=\"currentColor\"><\/path><\/svg><svg style=\"fill: #999;color:#999\" class=\"arrow-unsorted-368013\" xmlns=\"http:\/\/www.w3.org\/2000\/svg\" width=\"10px\" height=\"10px\" viewbox=\"0 0 24 24\" version=\"1.2\" baseprofile=\"tiny\"><path d=\"M18.2 9.3l-6.2-6.3-6.2 6.3c-.2.2-.3.4-.3.7s.1.5.3.7c.2.2.4.3.7.3h11c.3 0 .5-.1.7-.3.2-.2.3-.5.3-.7s-.1-.5-.3-.7zM5.8 14.7l6.2 6.3 6.2-6.3c.2-.2.3-.5.3-.7s-.1-.5-.3-.7c-.2-.2-.4-.3-.7-.3h-11c-.3 0-.5.1-.7.3-.2.2-.3.5-.3.7s.1.5.3.7z\"\/><\/svg><\/span><\/span><\/span><\/a><\/span><\/div>\n<nav><ul class='ez-toc-list ez-toc-list-level-1 eztoc-toggle-hide-by-default' ><li class='ez-toc-page-1 ez-toc-heading-level-2'><a class=\"ez-toc-link ez-toc-heading-1\" href=\"https:\/\/moverdb.com\/pl\/moving-companies\/moving-companies-finland\/#1_Travelcargo_International_Removals\" >1. Travelcargo Przeprowadzki Mi\u0119dzynarodowe<\/a><\/li><li class='ez-toc-page-1 ez-toc-heading-level-2'><a class=\"ez-toc-link ez-toc-heading-2\" href=\"https:\/\/moverdb.com\/pl\/moving-companies\/moving-companies-finland\/#2_Niemi_Services\" >2. Us\u0142ugi Niemi<\/a><\/li><li class='ez-toc-page-1 ez-toc-heading-level-2'><a class=\"ez-toc-link ez-toc-heading-3\" href=\"https:\/\/moverdb.com\/pl\/moving-companies\/moving-companies-finland\/#3_Pegasus_Moving\" >3. Pegaz Ruchomy (Pegasus Moving)<\/a><\/li><li class='ez-toc-page-1 ez-toc-heading-level-2'><a class=\"ez-toc-link ez-toc-heading-4\" href=\"https:\/\/moverdb.com\/pl\/moving-companies\/moving-companies-finland\/#4_Victor_EK\" >4. Victor EK<\/a><\/li><li class='ez-toc-page-1 ez-toc-heading-level-2'><a class=\"ez-toc-link ez-toc-heading-5\" href=\"https:\/\/moverdb.com\/pl\/moving-companies\/moving-companies-finland\/#Other_Useful_Guides_to_Finland\" >Inne przydatne przewodniki po Finlandii<\/a><\/li><\/ul><\/nav><\/div>\n<h2><span class=\"ez-toc-section\" id=\"1_Travelcargo_International_Removals\"><\/span><strong>1. Travelcargo Przeprowadzki Mi\u0119dzynarodowe<\/strong><span class=\"ez-toc-section-end\"><\/span><\/h2>\n<p><img loading=\"lazy\" decoding=\"async\" class=\"alignnone size-full wp-image-6052\" src=\"https:\/\/moverdb.com\/wp-content\/uploads\/Travel-Cargo-international-moving-company.png\" alt=\"Travel Cargo - mi\u0119dzynarodowa firma przeprowadzkowa\" width=\"1440\" height=\"672\" data-wp-pid=\"6052\" srcset=\"https:\/\/moverdb.com\/wp-content\/uploads\/Travel-Cargo-international-moving-company.png 1440w, https:\/\/moverdb.com\/wp-content\/uploads\/Travel-Cargo-international-moving-company-300x140.png 300w, https:\/\/moverdb.com\/wp-content\/uploads\/Travel-Cargo-international-moving-company-1024x478.png 1024w, https:\/\/moverdb.com\/wp-content\/uploads\/Travel-Cargo-international-moving-company-18x8.png 18w, https:\/\/moverdb.com\/wp-content\/uploads\/Travel-Cargo-international-moving-company-600x280.png 600w\" sizes=\"auto, (max-width: 1440px) 100vw, 1440px\" \/><\/p>\n<ul>\n<li>Przeprowadzki mi\u0119dzynarodowe<\/li>\n<li>Przeprowadzki gospodarstw domowych<\/li>\n<li>Przeprowadzki firm<\/li>\n<li>Us\u0142uga \"od drzwi do drzwi\".<\/li>\n<li>Profesjonalna us\u0142uga pakowania<\/li>\n<li>Transport drogowy, lotniczy i morski<\/li>\n<li>Odprawa celna<\/li>\n<li>Transport zwierz\u0105t<\/li>\n<li>Us\u0142uga nadbaga\u017cu<\/li>\n<li>Targi i imprezy<\/li>\n<\/ul>\n<p>Travelcargo International Removals to firma przeprowadzkowa i logistyczna z siedzib\u0105 w Helsinkach za\u0142o\u017cona w 2005 roku. Jest ona oddzia\u0142em ATC Global Solutions. Oferuje us\u0142ugi przeprowadzkowe do ponad 180 kraj\u00f3w na ca\u0142ym \u015bwiecie poprzez partnerstwo z innymi mi\u0119dzynarodowymi firmami przeprowadzkowymi. Jest cz\u0142onkiem IAM z 17-letnim sta\u017cem i posiada akredytacj\u0119 FIDI.<\/p>\n<p>Travelcargo oferuje ankiet\u0119 przed przeprowadzk\u0105, aby oceni\u0107 Twoje potrzeby i dokona\u0107 ustale\u0144 dotycz\u0105cych przeprowadzki z us\u0142ug\u0105 \"od drzwi do drzwi\". Zapewniaj\u0105 profesjonalnych pakowaczy, kt\u00f3rzy bezpiecznie zapakuj\u0105 Twoje rzeczy u\u017cywaj\u0105c wysokiej jako\u015bci materia\u0142\u00f3w do pakowania. Organizuj\u0105 transport drogowy, lotniczy i morski z odpraw\u0105 celn\u0105.<\/p>\n<p>Strona internetowa: <a href=\"http:\/\/www.travelcargo.fi\" target=\"_blank\" rel=\"noopener\">http:\/\/www.travelcargo.fi<\/a><\/p>\n<h2><span class=\"ez-toc-section\" id=\"2_Niemi_Services\"><\/span><strong>2. Us\u0142ugi Niemi<\/strong><span class=\"ez-toc-section-end\"><\/span><\/h2>\n<p><img loading=\"lazy\" decoding=\"async\" class=\"alignnone size-full wp-image-5986\" src=\"https:\/\/moverdb.com\/wp-content\/uploads\/Niemi-Services-international-moving-company.png\" alt=\"Niemi Services firma zajmuj\u0105ca si\u0119 przeprowadzkami mi\u0119dzynarodowymi\" width=\"1440\" height=\"683\" data-wp-pid=\"5986\" srcset=\"https:\/\/moverdb.com\/wp-content\/uploads\/Niemi-Services-international-moving-company.png 1440w, https:\/\/moverdb.com\/wp-content\/uploads\/Niemi-Services-international-moving-company-300x142.png 300w, https:\/\/moverdb.com\/wp-content\/uploads\/Niemi-Services-international-moving-company-1024x486.png 1024w, https:\/\/moverdb.com\/wp-content\/uploads\/Niemi-Services-international-moving-company-18x9.png 18w, https:\/\/moverdb.com\/wp-content\/uploads\/Niemi-Services-international-moving-company-600x285.png 600w\" sizes=\"auto, (max-width: 1440px) 100vw, 1440px\" \/><\/p>\n<ul>\n<li>Ruchy krajowe<\/li>\n<li>Przeprowadzki mi\u0119dzynarodowe<\/li>\n<li>Przeprowadzki mieszkaniowe<\/li>\n<li>Przeprowadzki firm<\/li>\n<li>Wyb\u00f3r poziomu pakietu ruchomego<\/li>\n<li>Us\u0142ugi pakowania<\/li>\n<li>Fracht drogowy, morski i lotniczy<\/li>\n<li>Odprawa celna<\/li>\n<li>Ubezpieczenia<\/li>\n<li>Magazyny kr\u00f3tko- i d\u0142ugoterminowe<\/li>\n<\/ul>\n<p>Niemi Services to firma zajmuj\u0105ca si\u0119 przeprowadzkami i logistyk\u0105, kt\u00f3ra posiada centra operacyjne w Helsinkach, Jyvaskyla, Kuopio, <a href=\"https:\/\/www.niemi.fi\/en\/about_us\/offices\/niemi_lahti\" target=\"_blank\" rel=\"noopener\">Lahti<\/a>,&nbsp;<a href=\"https:\/\/www.niemi.fi\/en\/about_us\/offices\/niemi_oulu\" target=\"_blank\" rel=\"noopener\">Oulu<\/a>,&nbsp;<a href=\"https:\/\/www.niemi.fi\/en\/about_us\/offices\/niemi_tampere\" target=\"_blank\" rel=\"noopener\">Tampere<\/a>,&nbsp;<a href=\"https:\/\/www.niemi.fi\/en\/about_us\/offices\/niemi_turku\" target=\"_blank\" rel=\"noopener\">Turku<\/a>oraz&nbsp;<a href=\"https:\/\/www.niemi.fi\/en\/about_us\/offices\/niemi_vaasa\" target=\"_blank\" rel=\"noopener\">Vaasa<\/a>. Oferuj\u0105 przeprowadzki na ca\u0142ym \u015bwiecie we wsp\u00f3\u0142pracy z mi\u0119dzynarodowymi agentami przeprowadzkowymi. S\u0105 cz\u0142onkiem IAM z 41-letnim sta\u017cem i posiadaj\u0105 akredytacj\u0119 FIDI.<\/p>\n<p>Firma Niemi Services oferuje wyb\u00f3r us\u0142ug zwi\u0105zanych z przeprowadzkami, od wynajmu pude\u0142ek do pe\u0142nej obs\u0142ugi przeprowadzki. Oferuj\u0105 bezp\u0142atn\u0105 ocen\u0119 i wizyt\u0119 planistyczn\u0105 w celu dokonania ustale\u0144 dotycz\u0105cych przeprowadzki. Korzystaj\u0105 z w\u0142asnej floty pojazd\u00f3w, a tak\u017ce oferuj\u0105 fracht lotniczy i morski dla pojedynczych przedmiot\u00f3w do pe\u0142nych kontener\u00f3w.<\/p>\n<p>Strona internetowa: <a href=\"http:\/\/www.niemi.fi\/en\" target=\"_blank\" rel=\"noopener\">http:\/\/www.niemi.fi\/en<\/a><\/p>\n<h2><span class=\"ez-toc-section\" id=\"3_Pegasus_Moving\"><\/span><strong>3. Pegaz Ruchomy (Pegasus Moving)<\/strong><span class=\"ez-toc-section-end\"><\/span><\/h2>\n<p><img loading=\"lazy\" decoding=\"async\" class=\"alignnone size-full wp-image-5991\" src=\"https:\/\/moverdb.com\/wp-content\/uploads\/Pegasus-Moving-international-moving-company.png\" alt=\"Pegasus Moving firma zajmuj\u0105ca si\u0119 przeprowadzkami mi\u0119dzynarodowymi\" width=\"1440\" height=\"682\" data-wp-pid=\"5991\" srcset=\"https:\/\/moverdb.com\/wp-content\/uploads\/Pegasus-Moving-international-moving-company.png 1440w, https:\/\/moverdb.com\/wp-content\/uploads\/Pegasus-Moving-international-moving-company-300x142.png 300w, https:\/\/moverdb.com\/wp-content\/uploads\/Pegasus-Moving-international-moving-company-1024x485.png 1024w, https:\/\/moverdb.com\/wp-content\/uploads\/Pegasus-Moving-international-moving-company-18x9.png 18w, https:\/\/moverdb.com\/wp-content\/uploads\/Pegasus-Moving-international-moving-company-600x284.png 600w\" sizes=\"auto, (max-width: 1440px) 100vw, 1440px\" \/><\/p>\n<ul>\n<li>Ruchy krajowe<\/li>\n<li>Przeprowadzki mi\u0119dzynarodowe<\/li>\n<li>Przeprowadzki gospodarstw domowych<\/li>\n<li>Us\u0142ugi relokacyjne<\/li>\n<li>Us\u0142ugi dostosowane do potrzeb<\/li>\n<li>Us\u0142ugi pakowania<\/li>\n<li>Skrzynki wysy\u0142kowe wykonane na zam\u00f3wienie<\/li>\n<li>Wsparcie celne<\/li>\n<li>Transport samochodowy<\/li>\n<li>Przechowywanie kr\u00f3tko- i d\u0142ugoterminowe<\/li>\n<\/ul>\n<p>Pegasus Moving to firma przeprowadzkowa i logistyczna z ponad 20-letnim do\u015bwiadczeniem, z siedzib\u0105 w Helsinkach. Wsp\u00f3\u0142pracuje z innymi firmami przeprowadzkowymi w celu realizacji przeprowadzek mi\u0119dzynarodowych. S\u0105 cz\u0142onkiem IAM z 11-letnim sta\u017cem.<\/p>\n<p>Pegasus Moving oferuje inspekcje przeprowadzki, aby ustali\u0107, jakie s\u0105 Twoje wymagania, a tak\u017ce mo\u017ce zapewni\u0107 us\u0142ugi pakowania, aby chroni\u0107 Twoje rzeczy. Zorganizuj\u0105 wszystkie aspekty przeprowadzki dostosowane do Twoich potrzeb i pomog\u0105 Ci z wymogami celnymi. Oferuje r\u00f3wnie\u017c dodatkowe us\u0142ugi, takie jak sprz\u0105tanie ko\u0144cowe, usuwanie odpad\u00f3w, recykling starych mebli, instalacj\u0119 urz\u0105dze\u0144 elektrycznych i przechowywanie.<\/p>\n<p>Strona internetowa: <a href=\"http:\/\/www.pegasusmoving.fi\" target=\"_blank\" rel=\"noopener\">http:\/\/www.pegasusmoving.fi<\/a><\/p>\n<h2><span class=\"ez-toc-section\" id=\"4_Victor_EK\"><\/span><strong>4. Victor EK<\/strong><span class=\"ez-toc-section-end\"><\/span><\/h2>\n<p><img loading=\"lazy\" decoding=\"async\" class=\"alignnone size-full wp-image-6010\" src=\"https:\/\/moverdb.com\/wp-content\/uploads\/Victor-EK-international-moving-company.png\" alt=\"Victor EK firma zajmuj\u0105ca si\u0119 przeprowadzkami mi\u0119dzynarodowymi\" width=\"1440\" height=\"682\" data-wp-pid=\"6010\" srcset=\"https:\/\/moverdb.com\/wp-content\/uploads\/Victor-EK-international-moving-company.png 1440w, https:\/\/moverdb.com\/wp-content\/uploads\/Victor-EK-international-moving-company-300x142.png 300w, https:\/\/moverdb.com\/wp-content\/uploads\/Victor-EK-international-moving-company-1024x485.png 1024w, https:\/\/moverdb.com\/wp-content\/uploads\/Victor-EK-international-moving-company-18x9.png 18w, https:\/\/moverdb.com\/wp-content\/uploads\/Victor-EK-international-moving-company-600x284.png 600w\" sizes=\"auto, (max-width: 1440px) 100vw, 1440px\" \/><\/p>\n<ul>\n<li>Ruchy krajowe<\/li>\n<li>Przeprowadzki mi\u0119dzynarodowe<\/li>\n<li>Przeprowadzki gospodarstw domowych<\/li>\n<li>Relokacje firm<\/li>\n<li>Us\u0142uga pakowania<\/li>\n<li>Transport l\u0105dowy, morski i lotniczy<\/li>\n<li>Odprawa celna<\/li>\n<li>Ubezpieczenia<\/li>\n<li>Transport samochodowy<\/li>\n<li>Obiekty magazynowe<\/li>\n<\/ul>\n<p>Victor EK jest rodzinn\u0105 firm\u0105 spedycyjn\u0105 i logistyczn\u0105 za\u0142o\u017con\u0105 w 1885 roku z biurami w Helsinkach, Tampere i Hanko. Posiada d\u0142ugoterminowe relacje z firmami spedycyjnymi i organizacjami mi\u0119dzynarodowymi, dzi\u0119ki czemu \u015bwiadczy swoje us\u0142ugi na ca\u0142ym \u015bwiecie. Jest cz\u0142onkiem <a href=\"https:\/\/moverdb.com\/pl\/harmony-relocation-network\/\" data-internallinksmanager029f6b8e52c=\"20\" title=\"Sie\u0107 Harmony Relocation (HRN) - obja\u015bnienia\">Sie\u0107 Harmony Relocation<\/a> ad IAM z 129-letnim sta\u017cem i s\u0105 akredytowane przez FIDI.<\/p>\n<p>Victor EK oferuje bezp\u0142atn\u0105 inspekcj\u0119 przeprowadzki, aby odkry\u0107 Twoje wymagania. W razie potrzeby \u015bwiadcz\u0105 us\u0142ugi pakowania. Zorganizuj\u0105 transport Twoich rzeczy drog\u0105 l\u0105dow\u0105, powietrzn\u0105 lub morsk\u0105 oraz pomog\u0105 w odprawie celnej i ubezpieczeniu. Oferuj\u0105 r\u00f3wnie\u017c us\u0142ugi sprz\u0105tania po opuszczeniu domu.<\/p>\n<p>Strona internetowa: <a href=\"http:\/\/www.victorek.fi\" target=\"_blank\" rel=\"noopener\">http:\/\/www.victorek.fi<\/a><\/p>\n<h2><span class=\"ez-toc-section\" id=\"Other_Useful_Guides_to_Finland\"><\/span>Inne przydatne przewodniki po Finlandii<span class=\"ez-toc-section-end\"><\/span><\/h2>\n<ul>\n<li> <a href=\"https:\/\/moverdb.com\/pl\/moving-to-finland\/\">Przeprowadzka do Finlandii? Koszty utrzymania i wskaz\u00f3wki dotycz\u0105ce przeprowadzki w 2023 r.<\/a><\/li>\n<li> <a href=\"https:\/\/moverdb.com\/pl\/moving-to-finland\/best-places-to-live-finland\/\">12 najlepszych miejsc do \u017cycia w Finlandii<\/a><\/li>\n<li> <a href=\"https:\/\/moverdb.com\/pl\/moving-to-finland\/living-in-finland\/\">21 sekret\u00f3w dotycz\u0105cych \u017cycia w Finlandii, kt\u00f3re warto pozna\u0107 przed przeprowadzk\u0105<\/a><\/li>\n<li> <a href=\"https:\/\/moverdb.com\/pl\/przeladunek-w-kontenerach\/finlandia\/\">2024 Stawki frachtu morskiego kontenerowego do iz Finlandii<\/a><\/li>\n<\/ul>","protected":false},"excerpt":{"rendered":"<p>Moving home or business premises can be a stressful time as there is so much to arrange, especially if you are moving to another country. So, engaging the services of a moving company can help lighten the load as they can make all the arrangements for you and assist you in navigating through the paperwork. [&hellip;]<\/p>\n","protected":false},"author":4,"featured_media":0,"parent":190,"menu_order":0,"comment_status":"closed","ping_status":"closed","template":"","meta":{"_genesis_hide_title":false,"_genesis_hide_breadcrumbs":false,"_genesis_hide_singular_image":false,"_genesis_hide_footer_widgets":false,"_genesis_custom_body_class":"","_genesis_custom_post_class":"","_genesis_layout":"","footnotes":""},"class_list":{"0":"post-6051","1":"page","2":"type-page","3":"status-publish","5":"entry","6":"has-post-thumbnail"},"_links":{"self":[{"href":"https:\/\/moverdb.com\/pl\/wp-json\/wp\/v2\/pages\/6051","targetHints":{"allow":["GET"]}}],"collection":[{"href":"https:\/\/moverdb.com\/pl\/wp-json\/wp\/v2\/pages"}],"about":[{"href":"https:\/\/moverdb.com\/pl\/wp-json\/wp\/v2\/types\/page"}],"author":[{"embeddable":true,"href":"https:\/\/moverdb.com\/pl\/wp-json\/wp\/v2\/users\/4"}],"replies":[{"embeddable":true,"href":"https:\/\/moverdb.com\/pl\/wp-json\/wp\/v2\/comments?post=6051"}],"version-history":[{"count":3,"href":"https:\/\/moverdb.com\/pl\/wp-json\/wp\/v2\/pages\/6051\/revisions"}],"predecessor-version":[{"id":16285,"href":"https:\/\/moverdb.com\/pl\/wp-json\/wp\/v2\/pages\/6051\/revisions\/16285"}],"up":[{"embeddable":true,"href":"https:\/\/moverdb.com\/pl\/wp-json\/wp\/v2\/pages\/190"}],"wp:attachment":[{"href":"https:\/\/moverdb.com\/pl\/wp-json\/wp\/v2\/media?parent=6051"}],"curies":[{"name":"wp","href":"https:\/\/api.w.org\/{rel}","templated":true}]}}