{"id":6049,"date":"2023-02-01T13:40:08","date_gmt":"2023-02-01T13:40:08","guid":{"rendered":"https:\/\/moverdb.com\/?page_id=6049"},"modified":"2026-01-08T15:24:41","modified_gmt":"2026-01-08T15:24:41","slug":"moving-companies-fiji","status":"publish","type":"page","link":"https:\/\/moverdb.com\/pl\/moving-companies\/moving-companies-fiji\/","title":{"rendered":"4 Najlepsze firmy zajmuj\u0105ce si\u0119 przeprowadzkami mi\u0119dzynarodowymi na Fid\u017ci"},"content":{"rendered":"<p>Je\u015bli planujesz przenie\u015b\u0107 si\u0119 do, z lub w obr\u0119bie Fid\u017ci, to mo\u017cesz chcie\u0107 zatrudni\u0107 us\u0142ugi renomowanego <a href=\"https:\/\/moverdb.com\/pl\/moving-companies\/\" data-internallinksmanager029f6b8e52c=\"79\" title=\"25 najlepszych firm przeprowadzek mi\u0119dzynarodowych online\">przedsi\u0119biorstwo przeprowadzkowe<\/a> aby Ci pom\u00f3c. Poni\u017cej przygotowali\u015bmy list\u0119 Fid\u017cyjczyk\u00f3w <a href=\"https:\/\/moverdb.com\/pl\/international-removals\/\" data-internallinksmanager029f6b8e52c=\"27\" title=\"36 najlepszych firm zajmuj\u0105cych si\u0119 przeprowadzkami mi\u0119dzynarodowymi w Wielkiej Brytanii\">przedsi\u0119biorstwa przeprowadzkowe<\/a> kt\u00f3re s\u0105 cz\u0142onkami <a href=\"https:\/\/moverdb.com\/pl\/iam\/\" data-internallinksmanager029f6b8e52c=\"23\" title=\"Mi\u0119dzynarodowe Stowarzyszenie Przewo\u017anik\u00f3w (IAM) - obja\u015bnienia\">Mi\u0119dzynarodowe Stowarzyszenie Przewo\u017anik\u00f3w<\/a> (IAM) i\/lub <a href=\"https:\/\/moverdb.com\/pl\/fidi-faim\/\" data-internallinksmanager029f6b8e52c=\"16\" title=\"FIDI i FAIM (FIDI Accredited International Mover) - obja\u015bnienia\">FIDI<\/a> Accredited International Mover (FAIM), kt\u00f3ry mo\u017ce pom\u00f3c w przeprowadzce.<\/p>\n<div id=\"ez-toc-container\" class=\"ez-toc-v2_0_82_2 ez-toc-wrap-left counter-hierarchy ez-toc-counter ez-toc-transparent ez-toc-container-direction\">\n<div class=\"ez-toc-title-container\">\n<p class=\"ez-toc-title\" style=\"cursor:inherit\">Sekcje<\/p>\n<span class=\"ez-toc-title-toggle\"><a href=\"#\" class=\"ez-toc-pull-right ez-toc-btn ez-toc-btn-xs ez-toc-btn-default ez-toc-toggle\" aria-label=\"Prze\u0142\u0105cznik Spisu Tre\u015bci\"><span class=\"ez-toc-js-icon-con\"><span class=\"\"><span class=\"eztoc-hide\" style=\"display:none;\">Toggle<\/span><span class=\"ez-toc-icon-toggle-span\"><svg style=\"fill: #999;color:#999\" xmlns=\"http:\/\/www.w3.org\/2000\/svg\" class=\"list-377408\" width=\"20px\" height=\"20px\" viewbox=\"0 0 24 24\" fill=\"none\"><path d=\"M6 6H4v2h2V6zm14 0H8v2h12V6zM4 11h2v2H4v-2zm16 0H8v2h12v-2zM4 16h2v2H4v-2zm16 0H8v2h12v-2z\" fill=\"currentColor\"><\/path><\/svg><svg style=\"fill: #999;color:#999\" class=\"arrow-unsorted-368013\" xmlns=\"http:\/\/www.w3.org\/2000\/svg\" width=\"10px\" height=\"10px\" viewbox=\"0 0 24 24\" version=\"1.2\" baseprofile=\"tiny\"><path d=\"M18.2 9.3l-6.2-6.3-6.2 6.3c-.2.2-.3.4-.3.7s.1.5.3.7c.2.2.4.3.7.3h11c.3 0 .5-.1.7-.3.2-.2.3-.5.3-.7s-.1-.5-.3-.7zM5.8 14.7l6.2 6.3 6.2-6.3c.2-.2.3-.5.3-.7s-.1-.5-.3-.7c-.2-.2-.4-.3-.7-.3h-11c-.3 0-.5.1-.7.3-.2.2-.3.5-.3.7s.1.5.3.7z\"\/><\/svg><\/span><\/span><\/span><\/a><\/span><\/div>\n<nav><ul class='ez-toc-list ez-toc-list-level-1 eztoc-toggle-hide-by-default' ><li class='ez-toc-page-1 ez-toc-heading-level-2'><a class=\"ez-toc-link ez-toc-heading-1\" href=\"https:\/\/moverdb.com\/pl\/moving-companies\/moving-companies-fiji\/#1_All_Freight_Logistics\" >1. All Freight Logistics<\/a><\/li><li class='ez-toc-page-1 ez-toc-heading-level-2'><a class=\"ez-toc-link ez-toc-heading-2\" href=\"https:\/\/moverdb.com\/pl\/moving-companies\/moving-companies-fiji\/#2_Freight_Services\" >2. Us\u0142ugi frachtowe<\/a><\/li><li class='ez-toc-page-1 ez-toc-heading-level-2'><a class=\"ez-toc-link ez-toc-heading-3\" href=\"https:\/\/moverdb.com\/pl\/moving-companies\/moving-companies-fiji\/#3_Movements_International\" >3. Ruchy mi\u0119dzynarodowe<\/a><\/li><li class='ez-toc-page-1 ez-toc-heading-level-2'><a class=\"ez-toc-link ez-toc-heading-4\" href=\"https:\/\/moverdb.com\/pl\/moving-companies\/moving-companies-fiji\/#4_JVK_Magellan_International\" >4. JVK Magellan International<\/a><\/li><\/ul><\/nav><\/div>\n<h2><span class=\"ez-toc-section\" id=\"1_All_Freight_Logistics\"><\/span><strong>1. All Freight Logistics<\/strong><span class=\"ez-toc-section-end\"><\/span><\/h2>\n<p><img loading=\"lazy\" decoding=\"async\" class=\"alignnone size-full wp-image-5923\" src=\"https:\/\/moverdb.com\/wp-content\/uploads\/All-Freight-Logistics-international-moving-company.png\" alt=\"All Freight Logistics firma zajmuj\u0105ca si\u0119 przeprowadzkami mi\u0119dzynarodowymi\" width=\"1440\" height=\"680\" data-wp-pid=\"5923\" srcset=\"https:\/\/moverdb.com\/wp-content\/uploads\/All-Freight-Logistics-international-moving-company.png 1440w, https:\/\/moverdb.com\/wp-content\/uploads\/All-Freight-Logistics-international-moving-company-300x142.png 300w, https:\/\/moverdb.com\/wp-content\/uploads\/All-Freight-Logistics-international-moving-company-1024x484.png 1024w, https:\/\/moverdb.com\/wp-content\/uploads\/All-Freight-Logistics-international-moving-company-18x9.png 18w, https:\/\/moverdb.com\/wp-content\/uploads\/All-Freight-Logistics-international-moving-company-600x283.png 600w\" sizes=\"auto, (max-width: 1440px) 100vw, 1440px\" \/><\/p>\n<ul>\n<li>Przeprowadzki lokalne i krajowe<\/li>\n<li>Przeprowadzki mi\u0119dzynarodowe<\/li>\n<li>Przeprowadzki gospodarstw domowych<\/li>\n<li>Przeprowadzki biurowe<\/li>\n<li>Us\u0142uga \"od drzwi do drzwi\".<\/li>\n<li>Nowoczesna technologia i zasoby<\/li>\n<li>Fracht l\u0105dowy, morski i lotniczy<\/li>\n<li>Dokumentacja \u0142adunkowa i odprawa celna<\/li>\n<li>Morskie ubezpieczenie od wszelkiego ryzyka<\/li>\n<li>Obiekty magazynowe<\/li>\n<\/ul>\n<p>All Freight Logistics to transport przeprowadzkowy i spedycja z siedzib\u0105 na Fid\u017ci za\u0142o\u017cona w 2010 roku. Maj\u0105 oddzia\u0142y w Suva, Lautoka, Nadi i Auckland. Wsp\u00f3\u0142pracuj\u0105 z agentami przeprowadzek mi\u0119dzynarodowych na ca\u0142ym \u015bwiecie, aby dostarczy\u0107 mi\u0119dzynarodowe przeprowadzki. Jest cz\u0142onkiem IAM z 12-letnim sta\u017cem.<\/p>\n<p>All Freight Logistics oferuje us\u0142ug\u0119 \"od drzwi do drzwi\" dla przeprowadzek domowych i biurowych. Oferuje szereg opcji frachtowych, w tym fracht lotniczy i morski, dostosowanych do potrzeb klienta, takich jak \u0142adunek w pe\u0142nym kontenerze lub \u0142adunek mniejszy ni\u017c kontener. Zapewniaj\u0105 r\u00f3wnie\u017c pomoc w zakresie dokumentacji \u0142adunku i odprawy celnej.<\/p>\n<p>Strona internetowa: <a href=\"http:\/\/www.allfreightfiji.com.fj\" target=\"_blank\" rel=\"noopener\">http:\/\/www.allfreightfiji.com.fj<\/a><\/p>\n<h2><span class=\"ez-toc-section\" id=\"2_Freight_Services\"><\/span><strong>2. Us\u0142ugi frachtowe<\/strong><span class=\"ez-toc-section-end\"><\/span><\/h2>\n<p><img loading=\"lazy\" decoding=\"async\" class=\"alignnone size-full wp-image-5947\" src=\"https:\/\/moverdb.com\/wp-content\/uploads\/Freight-Services-international-moving-company.png\" alt=\"Us\u0142ugi frachtowe Firma zajmuj\u0105ca si\u0119 przeprowadzkami mi\u0119dzynarodowymi\" width=\"1440\" height=\"682\" data-wp-pid=\"5947\" srcset=\"https:\/\/moverdb.com\/wp-content\/uploads\/Freight-Services-international-moving-company.png 1440w, https:\/\/moverdb.com\/wp-content\/uploads\/Freight-Services-international-moving-company-300x142.png 300w, https:\/\/moverdb.com\/wp-content\/uploads\/Freight-Services-international-moving-company-1024x485.png 1024w, https:\/\/moverdb.com\/wp-content\/uploads\/Freight-Services-international-moving-company-18x9.png 18w, https:\/\/moverdb.com\/wp-content\/uploads\/Freight-Services-international-moving-company-600x284.png 600w\" sizes=\"auto, (max-width: 1440px) 100vw, 1440px\" \/><\/p>\n<ul>\n<li>Ruchy krajowe<\/li>\n<li>Przeprowadzki mi\u0119dzynarodowe<\/li>\n<li>Przeprowadzki gospodarstw domowych<\/li>\n<li>Przeprowadzki biurowe<\/li>\n<li>Us\u0142ugi pakowania<\/li>\n<li>Transport drogowy, morski i lotniczy<\/li>\n<li>Maklerstwo celne<\/li>\n<li>Ubezpieczenia<\/li>\n<li><a href=\"https:\/\/moverdb.com\/pl\/car-transport-shipping\/\" data-internallinksmanager029f6b8e52c=\"2\" title=\"2026 Mi\u0119dzynarodowy transport samochodowy i wyceny wysy\u0142ki pojazd\u00f3w\">Spedycja pojazd\u00f3w<\/a><\/li>\n<li>Przechowywanie kr\u00f3tko- i d\u0142ugoterminowe<\/li>\n<\/ul>\n<p>Freight Services jest dostawc\u0105 rozwi\u0105za\u0144 transportowych i logistycznych, kt\u00f3ry posiada trzy biura na Fid\u017ci w Suva, Nadi i Lautoka oraz oddzia\u0142 w Papui Nowej. <a href=\"https:\/\/moverdb.com\/pl\/moving-companies\/moving-companies-guinea\/\" data-internallinksmanager029f6b8e52c=\"231\" title=\"2 Najlepsze mi\u0119dzynarodowe firmy przeprowadzkowe w Gwinei\">Gwinea<\/a>. Wsp\u00f3\u0142pracuj\u0105 z zaufanymi partnerami, aby dostarczy\u0107 us\u0142ugi przeprowadzek mi\u0119dzynarodowych. S\u0105 cz\u0142onkiem IAM z 26-letnim sta\u017cem.<\/p>\n<p>Freight Services oferuje us\u0142ugi przeprowadzek krajowych i mi\u0119dzynarodowych w systemie \"od drzwi do drzwi\", kt\u00f3re obejmuj\u0105 badanie przed przeprowadzk\u0105 oraz us\u0142ugi pakowania przez profesjonalnie wyszkolone zespo\u0142y, kt\u00f3re bezpiecznie zapakuj\u0105 Twoje rzeczy przy u\u017cyciu r\u00f3\u017cnych materia\u0142\u00f3w. Zorganizuj\u0105 oni transport Twoich rzeczy drog\u0105 l\u0105dow\u0105, powietrzn\u0105 lub morsk\u0105 i mog\u0105 pom\u00f3c w odprawie celnej dzi\u0119ki swojej us\u0142udze po\u015brednictwa.<\/p>\n<p>Strona internetowa: <a href=\"http:\/\/www.fsf.com.fj\" target=\"_blank\" rel=\"noopener\">http:\/\/www.fsf.com.fj<\/a><\/p>\n<h2><span class=\"ez-toc-section\" id=\"3_Movements_International\"><\/span><strong>3. Ruchy mi\u0119dzynarodowe<\/strong><span class=\"ez-toc-section-end\"><\/span><\/h2>\n<p><img loading=\"lazy\" decoding=\"async\" class=\"alignnone size-full wp-image-5977\" src=\"https:\/\/moverdb.com\/wp-content\/uploads\/Movements-International-moving-company.png\" alt=\"Movements Mi\u0119dzynarodowa firma przeprowadzkowa\" width=\"1440\" height=\"679\" data-wp-pid=\"5977\" srcset=\"https:\/\/moverdb.com\/wp-content\/uploads\/Movements-International-moving-company.png 1440w, https:\/\/moverdb.com\/wp-content\/uploads\/Movements-International-moving-company-300x141.png 300w, https:\/\/moverdb.com\/wp-content\/uploads\/Movements-International-moving-company-1024x483.png 1024w, https:\/\/moverdb.com\/wp-content\/uploads\/Movements-International-moving-company-18x8.png 18w, https:\/\/moverdb.com\/wp-content\/uploads\/Movements-International-moving-company-600x283.png 600w\" sizes=\"auto, (max-width: 1440px) 100vw, 1440px\" \/><\/p>\n<ul>\n<li>Przeprowadzki mi\u0119dzynarodowe<\/li>\n<li>Przeprowadzki gospodarstw domowych<\/li>\n<li>Projekty komercyjne<\/li>\n<li>Us\u0142uga \"od drzwi do drzwi\".<\/li>\n<li>Us\u0142uga pakowania i inwentaryzacja<\/li>\n<li>Wysokiej jako\u015bci materia\u0142 do pakowania<\/li>\n<li>Transport drogowy, morski i lotniczy<\/li>\n<li>Wsparcie przy eksportowaniu dokument\u00f3w<\/li>\n<li>Morskie ubezpieczenie od wszelkiego ryzyka<\/li>\n<li>Obiekty magazynowe<\/li>\n<\/ul>\n<p>Movements International jest firm\u0105 \u015bwiadcz\u0105c\u0105 us\u0142ugi logistyczne i przeprowadzkowe, za\u0142o\u017con\u0105 w 2005 roku z siedzib\u0105 w Suva, z biurem r\u00f3wnie\u017c w <a href=\"https:\/\/moverdb.com\/pl\/moving-to-new-zealand\/\" data-internallinksmanager029f6b8e52c=\"324\" title=\"Przeprowadzka do Nowej Zelandii? 2026 Koszty \u017cycia i wskaz\u00f3wki dotycz\u0105ce relokacji\">Nowa Zelandia<\/a>. Oferuj\u0105 przeprowadzki mi\u0119dzynarodowe we wsp\u00f3\u0142pracy z mi\u0119dzynarodow\u0105 sieci\u0105 agent\u00f3w przeprowadzkowych. S\u0105 cz\u0142onkiem IAM z 14-letnim sta\u017cem.<\/p>\n<p>Movements International oferuje us\u0142ug\u0119 \"od drzwi do drzwi\", kt\u00f3ra obejmuje profesjonalnie wyszkolony personel oraz specjalistyczne us\u0142ugi pakowania i relokacji. Zapewniaj\u0105 r\u00f3\u017cnorodne materia\u0142y do pakowania, w tym skrzynie, pude\u0142ka i materia\u0142y do pakowania, a tak\u017ce etykietuj\u0105 przedmioty i tworz\u0105 inwentarz. Zapewniaj\u0105 opcje transportu, w tym \u0142adunki pe\u0142nokontenerowe i mniej ni\u017c kontenerowe, a tak\u017ce pomoc w przygotowaniu dokument\u00f3w eksportowych.<\/p>\n<p>Strona internetowa: <a href=\"http:\/\/www.mifiji.com\" target=\"_blank\" rel=\"noopener\">http:\/\/www.mifiji.com<\/a><\/p>\n<h2><span class=\"ez-toc-section\" id=\"4_JVK_Magellan_International\"><\/span><strong>4. JVK Magellan International<\/strong><span class=\"ez-toc-section-end\"><\/span><\/h2>\n<p><img loading=\"lazy\" decoding=\"async\" class=\"alignnone size-full wp-image-5532\" src=\"https:\/\/moverdb.com\/wp-content\/uploads\/JVK-Asia-international-moving-company.png\" alt=\"JVK Asia mi\u0119dzynarodowa firma przeprowadzkowa\" width=\"1440\" height=\"681\" data-wp-pid=\"5532\" srcset=\"https:\/\/moverdb.com\/wp-content\/uploads\/JVK-Asia-international-moving-company.png 1440w, https:\/\/moverdb.com\/wp-content\/uploads\/JVK-Asia-international-moving-company-300x142.png 300w, https:\/\/moverdb.com\/wp-content\/uploads\/JVK-Asia-international-moving-company-1024x484.png 1024w, https:\/\/moverdb.com\/wp-content\/uploads\/JVK-Asia-international-moving-company-18x9.png 18w, https:\/\/moverdb.com\/wp-content\/uploads\/JVK-Asia-international-moving-company-600x284.png 600w\" sizes=\"auto, (max-width: 1440px) 100vw, 1440px\" \/><\/p>\n<ul>\n<li>Ruchy krajowe<\/li>\n<li>Przeprowadzki mi\u0119dzynarodowe<\/li>\n<li>Us\u0142ugi relokacyjne<\/li>\n<li>Przeprowadzki gospodarstw domowych<\/li>\n<li>Przeprowadzki biurowe<\/li>\n<li>Us\u0142uga \"od drzwi do drzwi\".<\/li>\n<li>Us\u0142ugi pakowania<\/li>\n<li>Fracht drogowy, morski i lotniczy<\/li>\n<li>Wsparcie w zakresie wymog\u00f3w celnych<\/li>\n<li>Przechowywanie kr\u00f3tko- i d\u0142ugoterminowe<\/li>\n<\/ul>\n<p>JVK Magellan International to mi\u0119dzynarodowa firma zajmuj\u0105ca si\u0119 przeprowadzkami, logistyk\u0105, magazynowaniem i dystrybucj\u0105 z oddzia\u0142ami na ca\u0142ym \u015bwiecie, za\u0142o\u017cona w 1979 r. w Warszawie. <a href=\"https:\/\/moverdb.com\/pl\/moving-to-thailand\/\" data-internallinksmanager029f6b8e52c=\"318\" title=\"Przeprowadzka do Tajlandii? 2026 Koszty \u017cycia i wskaz\u00f3wki dotycz\u0105ce relokacji\">Tajlandia<\/a>. Ma biuro w Suva na Fid\u017ci i jest cz\u0142onkiem IAM.<\/p>\n<p>JVK Magellan International oferuje badanie przed przeprowadzk\u0105, aby oceni\u0107 Twoje potrzeby i przedstawi\u0107 propozycj\u0119 przeprowadzki w systemie \"od drzwi do drzwi\". Zapewniaj\u0105 profesjonaln\u0105 pakowni\u0119, kt\u00f3ra zabezpieczy Twoje rzeczy przy u\u017cyciu wysokiej jako\u015bci materia\u0142\u00f3w, sporz\u0105dzi spis przedmiot\u00f3w i zaoferuje ubezpieczenie od wszelkiego ryzyka. Zorganizuj\u0105 transport drogowy, morski i lotniczy oraz doradz\u0105 w sprawie wymog\u00f3w celnych.<\/p>\n<p>Strona internetowa: <a href=\"http:\/\/jvkasia.com\" target=\"_blank\" rel=\"noopener\">http:\/\/jvkasia.com<\/a><\/p>","protected":false},"excerpt":{"rendered":"<p>If you are planning on moving to, from or within Fiji then you may want to employ the services of a reputable moving company to assist you. Below we have compiled a list of Fijian removal companies that are members of the International Association of Movers (IAM) and\/or FIDI Accredited International Mover (FAIM) who could [&hellip;]<\/p>\n","protected":false},"author":4,"featured_media":0,"parent":190,"menu_order":0,"comment_status":"closed","ping_status":"closed","template":"","meta":{"_genesis_hide_title":false,"_genesis_hide_breadcrumbs":false,"_genesis_hide_singular_image":false,"_genesis_hide_footer_widgets":false,"_genesis_custom_body_class":"","_genesis_custom_post_class":"","_genesis_layout":"","footnotes":""},"class_list":{"0":"post-6049","1":"page","2":"type-page","3":"status-publish","5":"entry","6":"has-post-thumbnail"},"_links":{"self":[{"href":"https:\/\/moverdb.com\/pl\/wp-json\/wp\/v2\/pages\/6049","targetHints":{"allow":["GET"]}}],"collection":[{"href":"https:\/\/moverdb.com\/pl\/wp-json\/wp\/v2\/pages"}],"about":[{"href":"https:\/\/moverdb.com\/pl\/wp-json\/wp\/v2\/types\/page"}],"author":[{"embeddable":true,"href":"https:\/\/moverdb.com\/pl\/wp-json\/wp\/v2\/users\/4"}],"replies":[{"embeddable":true,"href":"https:\/\/moverdb.com\/pl\/wp-json\/wp\/v2\/comments?post=6049"}],"version-history":[{"count":1,"href":"https:\/\/moverdb.com\/pl\/wp-json\/wp\/v2\/pages\/6049\/revisions"}],"predecessor-version":[{"id":6050,"href":"https:\/\/moverdb.com\/pl\/wp-json\/wp\/v2\/pages\/6049\/revisions\/6050"}],"up":[{"embeddable":true,"href":"https:\/\/moverdb.com\/pl\/wp-json\/wp\/v2\/pages\/190"}],"wp:attachment":[{"href":"https:\/\/moverdb.com\/pl\/wp-json\/wp\/v2\/media?parent=6049"}],"curies":[{"name":"wp","href":"https:\/\/api.w.org\/{rel}","templated":true}]}}