{"id":6046,"date":"2023-02-01T13:44:41","date_gmt":"2023-02-01T13:44:41","guid":{"rendered":"https:\/\/moverdb.com\/?page_id=6046"},"modified":"2026-01-08T15:25:06","modified_gmt":"2026-01-08T15:25:06","slug":"firmy-przeprowadzkowe-etiopia","status":"publish","type":"page","link":"https:\/\/moverdb.com\/pl\/moving-companies\/moving-companies-ethiopia\/","title":{"rendered":"5 Najlepszych firm zajmuj\u0105cych si\u0119 przeprowadzkami mi\u0119dzynarodowymi w Etiopii"},"content":{"rendered":"<p>Przeprowadzka to pracowity i stresuj\u0105cy czas, zw\u0142aszcza je\u015bli przenosisz si\u0119 mi\u0119dzy krajami, wi\u0119c uzyskanie wsparcia od firmy przeprowadzkowej mo\u017ce pom\u00f3c. <a href=\"https:\/\/moverdb.com\/pl\/moving-companies\/\" data-internallinksmanager029f6b8e52c=\"79\" title=\"25 najlepszych firm przeprowadzek mi\u0119dzynarodowych online\">Firmy przeprowadzkowe<\/a> mo\u017ce pom\u00f3c w za\u0142atwieniu formalno\u015bci i zorganizowaniu transportu. Poni\u017cej przygotowali\u015bmy list\u0119 etiopskich <a href=\"https:\/\/moverdb.com\/pl\/international-removals\/\" data-internallinksmanager029f6b8e52c=\"27\" title=\"36 najlepszych firm zajmuj\u0105cych si\u0119 przeprowadzkami mi\u0119dzynarodowymi w Wielkiej Brytanii\">przedsi\u0119biorstwa przeprowadzkowe<\/a> kt\u00f3re s\u0105 cz\u0142onkami <a href=\"https:\/\/moverdb.com\/pl\/iam\/\" data-internallinksmanager029f6b8e52c=\"23\" title=\"Mi\u0119dzynarodowe Stowarzyszenie Przewo\u017anik\u00f3w (IAM) - obja\u015bnienia\">Mi\u0119dzynarodowe Stowarzyszenie Przewo\u017anik\u00f3w<\/a> (IAM) i\/lub <a href=\"https:\/\/moverdb.com\/pl\/fidi-faim\/\" data-internallinksmanager029f6b8e52c=\"16\" title=\"FIDI i FAIM (FIDI Accredited International Mover) - obja\u015bnienia\">FIDI<\/a> Accredited International Mover (FAIM), kt\u00f3ry mo\u017ce pom\u00f3c w przeprowadzce.<\/p>\n<div id=\"ez-toc-container\" class=\"ez-toc-v2_0_82_2 ez-toc-wrap-left counter-hierarchy ez-toc-counter ez-toc-transparent ez-toc-container-direction\">\n<div class=\"ez-toc-title-container\">\n<p class=\"ez-toc-title\" style=\"cursor:inherit\">Sekcje<\/p>\n<span class=\"ez-toc-title-toggle\"><a href=\"#\" class=\"ez-toc-pull-right ez-toc-btn ez-toc-btn-xs ez-toc-btn-default ez-toc-toggle\" aria-label=\"Prze\u0142\u0105cznik Spisu Tre\u015bci\"><span class=\"ez-toc-js-icon-con\"><span class=\"\"><span class=\"eztoc-hide\" style=\"display:none;\">Toggle<\/span><span class=\"ez-toc-icon-toggle-span\"><svg style=\"fill: #999;color:#999\" xmlns=\"http:\/\/www.w3.org\/2000\/svg\" class=\"list-377408\" width=\"20px\" height=\"20px\" viewbox=\"0 0 24 24\" fill=\"none\"><path d=\"M6 6H4v2h2V6zm14 0H8v2h12V6zM4 11h2v2H4v-2zm16 0H8v2h12v-2zM4 16h2v2H4v-2zm16 0H8v2h12v-2z\" fill=\"currentColor\"><\/path><\/svg><svg style=\"fill: #999;color:#999\" class=\"arrow-unsorted-368013\" xmlns=\"http:\/\/www.w3.org\/2000\/svg\" width=\"10px\" height=\"10px\" viewbox=\"0 0 24 24\" version=\"1.2\" baseprofile=\"tiny\"><path d=\"M18.2 9.3l-6.2-6.3-6.2 6.3c-.2.2-.3.4-.3.7s.1.5.3.7c.2.2.4.3.7.3h11c.3 0 .5-.1.7-.3.2-.2.3-.5.3-.7s-.1-.5-.3-.7zM5.8 14.7l6.2 6.3 6.2-6.3c.2-.2.3-.5.3-.7s-.1-.5-.3-.7c-.2-.2-.4-.3-.7-.3h-11c-.3 0-.5.1-.7.3-.2.2-.3.5-.3.7s.1.5.3.7z\"\/><\/svg><\/span><\/span><\/span><\/a><\/span><\/div>\n<nav><ul class='ez-toc-list ez-toc-list-level-1 eztoc-toggle-hide-by-default' ><li class='ez-toc-page-1 ez-toc-heading-level-2'><a class=\"ez-toc-link ez-toc-heading-1\" href=\"https:\/\/moverdb.com\/pl\/moving-companies\/moving-companies-ethiopia\/#1_Melehk_Logistics\" >1. Melehk Logistics<\/a><\/li><li class='ez-toc-page-1 ez-toc-heading-level-2'><a class=\"ez-toc-link ez-toc-heading-2\" href=\"https:\/\/moverdb.com\/pl\/moving-companies\/moving-companies-ethiopia\/#2_Move_One\" >2. Move One<\/a><\/li><li class='ez-toc-page-1 ez-toc-heading-level-2'><a class=\"ez-toc-link ez-toc-heading-3\" href=\"https:\/\/moverdb.com\/pl\/moving-companies\/moving-companies-ethiopia\/#3_Panafric_Global\" >3. Panafric Global<\/a><\/li><li class='ez-toc-page-1 ez-toc-heading-level-2'><a class=\"ez-toc-link ez-toc-heading-4\" href=\"https:\/\/moverdb.com\/pl\/moving-companies\/moving-companies-ethiopia\/#4_Segon_Marill_Movers\" >4. Segon Marill Movers<\/a><\/li><li class='ez-toc-page-1 ez-toc-heading-level-2'><a class=\"ez-toc-link ez-toc-heading-5\" href=\"https:\/\/moverdb.com\/pl\/moving-companies\/moving-companies-ethiopia\/#5_Solomon_Zewdu_Shipping_and_Freight_Forwarding\" >5. Solomon Zewdu Shipping and Freight Forwarding<\/a><\/li><\/ul><\/nav><\/div>\n<h2><span class=\"ez-toc-section\" id=\"1_Melehk_Logistics\"><\/span><strong>1. Melehk Logistics<\/strong><span class=\"ez-toc-section-end\"><\/span><\/h2>\n<p><img loading=\"lazy\" decoding=\"async\" class=\"alignnone size-full wp-image-5971\" src=\"https:\/\/moverdb.com\/wp-content\/uploads\/Melehk-Logistics-international-moving-company.png\" alt=\"Melehk Logistics firma zajmuj\u0105ca si\u0119 przeprowadzkami mi\u0119dzynarodowymi\" width=\"1440\" height=\"674\" data-wp-pid=\"5971\" srcset=\"https:\/\/moverdb.com\/wp-content\/uploads\/Melehk-Logistics-international-moving-company.png 1440w, https:\/\/moverdb.com\/wp-content\/uploads\/Melehk-Logistics-international-moving-company-300x140.png 300w, https:\/\/moverdb.com\/wp-content\/uploads\/Melehk-Logistics-international-moving-company-1024x479.png 1024w, https:\/\/moverdb.com\/wp-content\/uploads\/Melehk-Logistics-international-moving-company-18x8.png 18w, https:\/\/moverdb.com\/wp-content\/uploads\/Melehk-Logistics-international-moving-company-600x281.png 600w\" sizes=\"auto, (max-width: 1440px) 100vw, 1440px\" \/><\/p>\n<ul>\n<li>Przeprowadzki lokalne i krajowe<\/li>\n<li>Przeprowadzki mi\u0119dzynarodowe<\/li>\n<li>Przemieszczenia gospodarstw domowych<\/li>\n<li>Spersonalizowana i dostosowana do potrzeb obs\u0142uga<\/li>\n<li>Dedykowany koordynator przeprowadzki<\/li>\n<li>Zorganizuj i zarz\u0105dzaj wszystkimi aspektami swojej przeprowadzki<\/li>\n<li>Fracht drogowy, morski i lotniczy<\/li>\n<li>Maklerstwo celne<\/li>\n<li>Partnerstwa mi\u0119dzynarodowe<\/li>\n<li>Obiekty magazynowe<\/li>\n<\/ul>\n<p>Melehk Logistics to firma spedycyjno-logistyczna za\u0142o\u017cona w 2011 roku jako Ginchi Trading, kt\u00f3ra oferuje us\u0142ugi przeprowadzkowe na terenie, do i z Etiopii. Wsp\u00f3\u0142pracuje z mi\u0119dzynarodow\u0105 sieci\u0105 przeprowadzek, aby \u015bwiadczy\u0107 us\u0142ugi przeprowadzkowe na ca\u0142ym \u015bwiecie. Jest cz\u0142onkiem IAM z 9-letnim sta\u017cem.<\/p>\n<p>Melehk Logistics oferuje relokacje gospodarstw domowych w skali mi\u0119dzynarodowej na ca\u0142ym \u015bwiecie i zapewnia dedykowanego koordynatora przeprowadzki. Oferuje spersonalizowane i dopasowane do potrzeb us\u0142ugi, kt\u00f3re organizuj\u0105 ka\u017cdy aspekt przeprowadzki, zarz\u0105dzaj\u0105c ni\u0105 w spos\u00f3b efektywny. Zapewniaj\u0105 opcje frachtu, kt\u00f3re obejmuj\u0105 transport drogowy, lotniczy i morski z obs\u0142ug\u0105 celn\u0105.<\/p>\n<p>Strona internetowa: <a href=\"http:\/\/www.melehk.com\" target=\"_blank\" rel=\"noopener\">http:\/\/www.melehk.com<\/a><\/p>\n<h2><span class=\"ez-toc-section\" id=\"2_Move_One\"><\/span><strong>2. Move One<\/strong><span class=\"ez-toc-section-end\"><\/span><\/h2>\n<p><img loading=\"lazy\" decoding=\"async\" class=\"alignnone size-full wp-image-5974\" src=\"https:\/\/moverdb.com\/wp-content\/uploads\/Move-One-Ethiopia-international-moving-company.png\" alt=\"Move One Ethiopia firma zajmuj\u0105ca si\u0119 przeprowadzkami mi\u0119dzynarodowymi\" width=\"1440\" height=\"667\" data-wp-pid=\"5974\" srcset=\"https:\/\/moverdb.com\/wp-content\/uploads\/Move-One-Ethiopia-international-moving-company.png 1440w, https:\/\/moverdb.com\/wp-content\/uploads\/Move-One-Ethiopia-international-moving-company-300x139.png 300w, https:\/\/moverdb.com\/wp-content\/uploads\/Move-One-Ethiopia-international-moving-company-1024x474.png 1024w, https:\/\/moverdb.com\/wp-content\/uploads\/Move-One-Ethiopia-international-moving-company-18x8.png 18w, https:\/\/moverdb.com\/wp-content\/uploads\/Move-One-Ethiopia-international-moving-company-600x278.png 600w\" sizes=\"auto, (max-width: 1440px) 100vw, 1440px\" \/><\/p>\n<ul>\n<li>Ruchy krajowe<\/li>\n<li>Przeprowadzki mi\u0119dzynarodowe<\/li>\n<li>Przeprowadzki gospodarstw domowych<\/li>\n<li>Przeprowadzki handlowe<\/li>\n<li>Us\u0142uga pakowania<\/li>\n<li>Fracht l\u0105dowy, morski i lotniczy<\/li>\n<li>Maklerstwo celne<\/li>\n<li>Us\u0142ugi wizowe i imigracyjne<\/li>\n<li>Wysy\u0142ka zwierz\u0105t domowych<\/li>\n<li>Bezpieczne przechowywanie<\/li>\n<\/ul>\n<p>Move One jest mi\u0119dzynarodow\u0105 firm\u0105 przeprowadzkow\u0105 za\u0142o\u017con\u0105 w 1992 roku, posiadaj\u0105c\u0105 biura w Europie, Afryce i Azji, w tym biuro w Etiopii w Addis Abebie. Wsp\u00f3\u0142pracuje z mi\u0119dzynarodowymi partnerami w celu realizacji przeprowadzek poza ich obszarami operacyjnymi. Jest cz\u0142onkiem IAM z 8-letnim sta\u017cem w Etiopii.<\/p>\n<p>Move One obs\u0142uguje wiele sektor\u00f3w, w tym komercyjny sektor detaliczny, spo\u0142eczno\u015b\u0107 dyplomatyczn\u0105, lokalne instytucje rz\u0105dowe i zagranicznych kontrahent\u00f3w. Zapewniaj\u0105 pakowanie eksportowe w celu ochrony Twoich rzeczy i organizuj\u0105 wysy\u0142k\u0119 drog\u0105 l\u0105dow\u0105, powietrzn\u0105 i morsk\u0105 z po\u015brednictwem celnym. Oferuj\u0105 r\u00f3wnie\u017c dodatkowe us\u0142ugi, w tym pomoc w uzyskaniu wizy i imigracji oraz transport zwierz\u0105t domowych.<\/p>\n<p>Strona internetowa: <a href=\"http:\/\/www.moveoneinc.com\/ethiopia\" target=\"_blank\" rel=\"noopener\">http:\/\/www.moveoneinc.com\/ethiopia<\/a><\/p>\n<h2><span class=\"ez-toc-section\" id=\"3_Panafric_Global\"><\/span><strong>3. Panafric Global<\/strong><span class=\"ez-toc-section-end\"><\/span><\/h2>\n<p><img loading=\"lazy\" decoding=\"async\" class=\"alignnone size-full wp-image-5990\" src=\"https:\/\/moverdb.com\/wp-content\/uploads\/Panafric-Global-international-moving-company.png\" alt=\"Panafric Global - mi\u0119dzynarodowa firma przeprowadzkowa\" width=\"1440\" height=\"674\" data-wp-pid=\"5990\" srcset=\"https:\/\/moverdb.com\/wp-content\/uploads\/Panafric-Global-international-moving-company.png 1440w, https:\/\/moverdb.com\/wp-content\/uploads\/Panafric-Global-international-moving-company-300x140.png 300w, https:\/\/moverdb.com\/wp-content\/uploads\/Panafric-Global-international-moving-company-1024x479.png 1024w, https:\/\/moverdb.com\/wp-content\/uploads\/Panafric-Global-international-moving-company-18x8.png 18w, https:\/\/moverdb.com\/wp-content\/uploads\/Panafric-Global-international-moving-company-600x281.png 600w\" sizes=\"auto, (max-width: 1440px) 100vw, 1440px\" \/><\/p>\n<ul>\n<li>Przeprowadzki mi\u0119dzynarodowe<\/li>\n<li>Przeprowadzki gospodarstw domowych<\/li>\n<li>Projekty komercyjne<\/li>\n<li>Us\u0142uga relokacji<\/li>\n<li>Rozwi\u0105zanie kompleksowe<\/li>\n<li>Fracht l\u0105dowy, morski i lotniczy<\/li>\n<li>Wsparcie w zakresie ce\u0142 i dokumentacji<\/li>\n<li>Pomoc w osiedleniu si\u0119<\/li>\n<li>Ubezpieczenie \u0142adunk\u00f3w<\/li>\n<li>Rozwi\u0105zania w zakresie przechowywania<\/li>\n<\/ul>\n<p>Panafric Global jest multimodaln\u0105 firm\u0105 transportowo-logistyczn\u0105 za\u0142o\u017con\u0105 w 1993 roku w Addis i posiadaj\u0105c\u0105 pi\u0119\u0107 oddzia\u0142\u00f3w na lotnisku, w Kality, Adama, Hawassa i <a href=\"https:\/\/moverdb.com\/pl\/moving-companies\/moving-companies-djibouti\/\" data-internallinksmanager029f6b8e52c=\"220\" title=\"Najlepsze firmy przeprowadzkowe w D\u017cibuti\">D\u017cibuti<\/a>. \u015awiadcz\u0105 us\u0142ugi w zakresie przeprowadzek i relokacji w, do i z Etiopii. S\u0105 cz\u0142onkiem IAM z 29-letnim sta\u017cem pracy.<\/p>\n<p>Panafric Global oferuje us\u0142ug\u0119 \"od drzwi do drzwi\" do i z ka\u017cdego miejsca na \u015bwiecie. Zapewniaj\u0105 transport l\u0105dowy, lotniczy i morski z us\u0142ugami wsparcia w zakresie c\u0142a i dokumentacji. Oferuje us\u0142ugi relokacyjne, kt\u00f3re pomagaj\u0105 w osiedleniu si\u0119, w tym w znalezieniu szk\u00f3\u0142, znalezieniu pojazd\u00f3w oraz w ustaleniu medi\u00f3w i ubezpieczenia.<\/p>\n<p>Strona internetowa: <a href=\"http:\/\/www.panafricglobal.com\" target=\"_blank\" rel=\"noopener\">http:\/\/www.panafricglobal.com<\/a><\/p>\n<h2><span class=\"ez-toc-section\" id=\"4_Segon_Marill_Movers\"><\/span><strong>4. Segon Marill Movers<\/strong><span class=\"ez-toc-section-end\"><\/span><\/h2>\n<p><img loading=\"lazy\" decoding=\"async\" class=\"alignnone size-full wp-image-6002\" src=\"https:\/\/moverdb.com\/wp-content\/uploads\/Segon-Marill-Movers-international-moving-company.png\" alt=\"Segon Marill Movers firma zajmuj\u0105ca si\u0119 przeprowadzkami mi\u0119dzynarodowymi\" width=\"1440\" height=\"681\" data-wp-pid=\"6002\" srcset=\"https:\/\/moverdb.com\/wp-content\/uploads\/Segon-Marill-Movers-international-moving-company.png 1440w, https:\/\/moverdb.com\/wp-content\/uploads\/Segon-Marill-Movers-international-moving-company-300x142.png 300w, https:\/\/moverdb.com\/wp-content\/uploads\/Segon-Marill-Movers-international-moving-company-1024x484.png 1024w, https:\/\/moverdb.com\/wp-content\/uploads\/Segon-Marill-Movers-international-moving-company-18x9.png 18w, https:\/\/moverdb.com\/wp-content\/uploads\/Segon-Marill-Movers-international-moving-company-600x284.png 600w\" sizes=\"auto, (max-width: 1440px) 100vw, 1440px\" \/><\/p>\n<ul>\n<li>Ruchy krajowe<\/li>\n<li>Przeprowadzki mi\u0119dzynarodowe<\/li>\n<li>Przeprowadzki gospodarstw domowych<\/li>\n<li>Przeprowadzki firm<\/li>\n<li>Us\u0142uga relokacji<\/li>\n<li>Us\u0142uga pakowania<\/li>\n<li>Transport l\u0105dowy, morski i lotniczy<\/li>\n<li>Us\u0142ugi w zakresie osiedlania si\u0119<\/li>\n<li>Poszukiwania dom\u00f3w i szk\u00f3\u0142<\/li>\n<li>Bezpieczne przechowywanie<\/li>\n<\/ul>\n<p>Segon Marill Movers to mi\u0119dzynarodowa firma zajmuj\u0105ca si\u0119 przeprowadzkami i magazynowaniem, za\u0142o\u017cona 21 lat temu. Wsp\u00f3\u0142pracuj\u0105 z 50 agentami partnerskimi, aby \u015bwiadczy\u0107 swoje us\u0142ugi na ca\u0142ym \u015bwiecie. Jest cz\u0142onkiem IAM z 31-letnim sta\u017cem.<\/p>\n<p>Segon Marill Movers oferuje spersonalizowan\u0105 us\u0142ug\u0119 przeprowadzki z us\u0142ug\u0105 pakowania, kt\u00f3ra wykorzystuje wysokiej jako\u015bci techniki i materia\u0142y, aby chroni\u0107 Twoje rzeczy. Organizuj\u0105 transport drog\u0105 l\u0105dow\u0105, morsk\u0105 lub powietrzn\u0105 i w razie potrzeby korzystaj\u0105 z pomocy partner\u00f3w. Ich us\u0142ugi relokacyjne pomagaj\u0105 w zaaklimatyzowaniu si\u0119 w nowym kraju, co obejmuje wycieczk\u0119 orientacyjn\u0105, pomoc w poszukiwaniu domu i szko\u0142y, a tak\u017ce pomoc w obs\u0142udze wyjazdu.<\/p>\n<p>Strona internetowa: <a href=\"http:\/\/www.segon-marill.com\" target=\"_blank\" rel=\"noopener\">http:\/\/www.segon-marill.com<\/a><\/p>\n<h2><span class=\"ez-toc-section\" id=\"5_Solomon_Zewdu_Shipping_and_Freight_Forwarding\"><\/span><strong>5. Solomon Zewdu Shipping and Freight Forwarding<\/strong><span class=\"ez-toc-section-end\"><\/span><\/h2>\n<p><img loading=\"lazy\" decoding=\"async\" class=\"alignnone size-full wp-image-6047\" src=\"https:\/\/moverdb.com\/wp-content\/uploads\/Solomon-Zewdu-international-moving-company.png\" alt=\"Solomon Zewdu mi\u0119dzynarodowa firma przeprowadzkowa\" width=\"1440\" height=\"682\" data-wp-pid=\"6047\" srcset=\"https:\/\/moverdb.com\/wp-content\/uploads\/Solomon-Zewdu-international-moving-company.png 1440w, https:\/\/moverdb.com\/wp-content\/uploads\/Solomon-Zewdu-international-moving-company-300x142.png 300w, https:\/\/moverdb.com\/wp-content\/uploads\/Solomon-Zewdu-international-moving-company-1024x485.png 1024w, https:\/\/moverdb.com\/wp-content\/uploads\/Solomon-Zewdu-international-moving-company-18x9.png 18w, https:\/\/moverdb.com\/wp-content\/uploads\/Solomon-Zewdu-international-moving-company-600x284.png 600w\" sizes=\"auto, (max-width: 1440px) 100vw, 1440px\" \/><\/p>\n<ul>\n<li>Przeprowadzki lokalne i krajowe<\/li>\n<li>Przeprowadzki mi\u0119dzynarodowe<\/li>\n<li>Przeprowadzki gospodarstw domowych<\/li>\n<li>Przeniesienie biura<\/li>\n<li>Us\u0142uga \"od drzwi do drzwi\".<\/li>\n<li>Us\u0142uga pakowania<\/li>\n<li>Transport l\u0105dowy, morski i lotniczy<\/li>\n<li>Odprawa celna<\/li>\n<li>Transport pojazd\u00f3w<\/li>\n<li>Obiekty magazynowe<\/li>\n<\/ul>\n<p>Solomon Zewdu Shipping and Freight Forwarding jest firm\u0105 przeprowadzkow\u0105, towarow\u0105 i spedycyjn\u0105 z ponad 20-letnim do\u015bwiadczeniem w \u015bwiadczeniu us\u0142ug przeprowadzkowych. Wsp\u00f3\u0142pracuj\u0105 z zagranicznymi partnerami, aby dostarczy\u0107 przeprowadzki na skal\u0119 mi\u0119dzynarodow\u0105. S\u0105 cz\u0142onkiem IAM z 22-letnim sta\u017cem.<\/p>\n<p>Solomon Zewdu Shipping and Freight Forwarding oferuje us\u0142ugi przeprowadzki od drzwi do drzwi dla gospodarstw domowych i biur. Zapewniaj\u0105 us\u0142ug\u0119 pakowania i rozpakowywania w celu ochrony rzeczy oraz organizuj\u0105 transport l\u0105dowy z wykorzystaniem swojej floty, morski lub lotniczy z odpraw\u0105 celn\u0105. Mog\u0105 r\u00f3wnie\u017c pom\u00f3c w transporcie i przechowywaniu pojazd\u00f3w.<\/p>\n<p>Strona internetowa: <a href=\"http:\/\/www.solomontransit.com\" target=\"_blank\" rel=\"noopener\">http:\/\/www.solomontransit.com<\/a><\/p>","protected":false},"excerpt":{"rendered":"<p>Moving is a busy and stressful time especially if you are moving between countries so getting some support from a moving company can help. Moving companies can assist with navigating the paperwork and arranging transportation. Below we have compiled a list of Ethiopian removal companies that are members of the International Association of Movers (IAM) [&hellip;]<\/p>\n","protected":false},"author":4,"featured_media":0,"parent":190,"menu_order":0,"comment_status":"closed","ping_status":"closed","template":"","meta":{"_genesis_hide_title":false,"_genesis_hide_breadcrumbs":false,"_genesis_hide_singular_image":false,"_genesis_hide_footer_widgets":false,"_genesis_custom_body_class":"","_genesis_custom_post_class":"","_genesis_layout":"","footnotes":""},"class_list":{"0":"post-6046","1":"page","2":"type-page","3":"status-publish","5":"entry","6":"has-post-thumbnail"},"_links":{"self":[{"href":"https:\/\/moverdb.com\/pl\/wp-json\/wp\/v2\/pages\/6046","targetHints":{"allow":["GET"]}}],"collection":[{"href":"https:\/\/moverdb.com\/pl\/wp-json\/wp\/v2\/pages"}],"about":[{"href":"https:\/\/moverdb.com\/pl\/wp-json\/wp\/v2\/types\/page"}],"author":[{"embeddable":true,"href":"https:\/\/moverdb.com\/pl\/wp-json\/wp\/v2\/users\/4"}],"replies":[{"embeddable":true,"href":"https:\/\/moverdb.com\/pl\/wp-json\/wp\/v2\/comments?post=6046"}],"version-history":[{"count":1,"href":"https:\/\/moverdb.com\/pl\/wp-json\/wp\/v2\/pages\/6046\/revisions"}],"predecessor-version":[{"id":6048,"href":"https:\/\/moverdb.com\/pl\/wp-json\/wp\/v2\/pages\/6046\/revisions\/6048"}],"up":[{"embeddable":true,"href":"https:\/\/moverdb.com\/pl\/wp-json\/wp\/v2\/pages\/190"}],"wp:attachment":[{"href":"https:\/\/moverdb.com\/pl\/wp-json\/wp\/v2\/media?parent=6046"}],"curies":[{"name":"wp","href":"https:\/\/api.w.org\/{rel}","templated":true}]}}