{"id":6040,"date":"2023-02-01T12:37:34","date_gmt":"2023-02-01T12:37:34","guid":{"rendered":"https:\/\/moverdb.com\/?page_id=6040"},"modified":"2026-01-08T15:24:14","modified_gmt":"2026-01-08T15:24:14","slug":"moving-companies-el-salvador","status":"publish","type":"page","link":"https:\/\/moverdb.com\/pl\/moving-companies\/moving-companies-el-salvador\/","title":{"rendered":"3 Najlepsze firmy zajmuj\u0105ce si\u0119 przeprowadzkami mi\u0119dzynarodowymi w Salwadorze"},"content":{"rendered":"<p>Czy planujesz przeprowadzk\u0119 w Salwadorze lub do lub z Salwadoru? W takim razie mo\u017ce zechcesz skorzysta\u0107 z us\u0142ug <a href=\"https:\/\/moverdb.com\/pl\/moving-companies\/\" data-internallinksmanager029f6b8e52c=\"79\" title=\"25 najlepszych firm przeprowadzek mi\u0119dzynarodowych online\">przedsi\u0119biorstwo przeprowadzkowe<\/a> aby pom\u00f3c Ci i zdj\u0105\u0107 z Ciebie cz\u0119\u015b\u0107 presji. Poni\u017cej przygotowali\u015bmy list\u0119 Salwadoru <a href=\"https:\/\/moverdb.com\/pl\/international-removals\/\" data-internallinksmanager029f6b8e52c=\"27\" title=\"36 najlepszych firm zajmuj\u0105cych si\u0119 przeprowadzkami mi\u0119dzynarodowymi w Wielkiej Brytanii\">przedsi\u0119biorstwa przeprowadzkowe<\/a> kt\u00f3re s\u0105 cz\u0142onkami <a href=\"https:\/\/moverdb.com\/pl\/iam\/\" data-internallinksmanager029f6b8e52c=\"23\" title=\"Mi\u0119dzynarodowe Stowarzyszenie Przewo\u017anik\u00f3w (IAM) - obja\u015bnienia\">Mi\u0119dzynarodowe Stowarzyszenie Przewo\u017anik\u00f3w<\/a> (IAM) i\/lub <a href=\"https:\/\/moverdb.com\/pl\/fidi-faim\/\" data-internallinksmanager029f6b8e52c=\"16\" title=\"FIDI i FAIM (FIDI Accredited International Mover) - obja\u015bnienia\">FIDI<\/a> Accredited International Mover (FAIM), kt\u00f3ry mo\u017ce by\u0107 w stanie pom\u00f3c Ci w przeprowadzce.<\/p>\n<h2><strong>1. Comca International<\/strong><\/h2>\n<ul>\n<li>Ruchy krajowe<\/li>\n<li>Przeprowadzki mi\u0119dzynarodowe<\/li>\n<li>Przeprowadzki gospodarstw domowych<\/li>\n<li>Kontrola w domu<\/li>\n<li>Profesjonalna us\u0142uga pakowania<\/li>\n<li>Transport drogowy, morski i lotniczy<\/li>\n<li>Wsparcie celne<\/li>\n<li>Opakowania na dzie\u0142a sztuki<\/li>\n<li>Ubezpieczenia<\/li>\n<li>Bezpieczne przechowywanie<\/li>\n<\/ul>\n<p>Comca International to za\u0142o\u017cona w 1967 roku firma zajmuj\u0105ca si\u0119 transportem i dystrybucj\u0105 rozwi\u0105za\u0144 logistycznych, oferuj\u0105ca us\u0142ugi w zakresie przeprowadzek krajowych i mi\u0119dzynarodowych. Posiada strategiczne sojusze z mi\u0119dzynarodowymi agencjami, co umo\u017cliwia im realizacj\u0119 przeprowadzek mi\u0119dzynarodowych. Jest cz\u0142onkiem IAM z 55-letnim sta\u017cem.<\/p>\n<p>Comca International zapewnia inspekcj\u0119 i wycen\u0119 Twojej przeprowadzki, a tak\u017ce doradztwo w zakresie najlepszej metody transportu. Oferuje profesjonalne us\u0142ugi pakowania przy u\u017cyciu najlepszych materia\u0142\u00f3w i pude\u0142 lub drewnianych skrzy\u0144 z plastikiem samoprzylepnym i ta\u015bmami dla wi\u0119kszej ochrony w transporcie. Zorganizuj\u0105 transport drogowy, morski lub lotniczy oraz pomog\u0105 w odprawie celnej.<\/p>\n<p>Strona internetowa: <a href=\"http:\/\/www.comca.com.sv\" target=\"_blank\" rel=\"noopener\">http:\/\/www.comca.com.sv<\/a><\/p>\n<h2><strong>2. Mudanzas Suarez<\/strong><\/h2>\n<p><img loading=\"lazy\" decoding=\"async\" class=\"alignnone size-full wp-image-5982\" src=\"https:\/\/moverdb.com\/wp-content\/uploads\/Mudanzas-Suarez-international-moving-company.png\" alt=\"Mudanzas Suarez firma zajmuj\u0105ca si\u0119 przeprowadzkami mi\u0119dzynarodowymi\" width=\"1440\" height=\"712\" data-wp-pid=\"5982\" srcset=\"https:\/\/moverdb.com\/wp-content\/uploads\/Mudanzas-Suarez-international-moving-company.png 1440w, https:\/\/moverdb.com\/wp-content\/uploads\/Mudanzas-Suarez-international-moving-company-300x148.png 300w, https:\/\/moverdb.com\/wp-content\/uploads\/Mudanzas-Suarez-international-moving-company-1024x506.png 1024w, https:\/\/moverdb.com\/wp-content\/uploads\/Mudanzas-Suarez-international-moving-company-18x9.png 18w, https:\/\/moverdb.com\/wp-content\/uploads\/Mudanzas-Suarez-international-moving-company-600x297.png 600w\" sizes=\"auto, (max-width: 1440px) 100vw, 1440px\" \/><\/p>\n<ul>\n<li>Przeprowadzki krajowe<\/li>\n<li>Przeprowadzki mi\u0119dzynarodowe<\/li>\n<li>Przeprowadzki mieszkaniowe<\/li>\n<li>Ruchy biznesowe<\/li>\n<li>Zindywidualizowana obs\u0142uga<\/li>\n<li>Us\u0142uga \"od drzwi do drzwi\".<\/li>\n<li>Us\u0142uga pakowania<\/li>\n<li>Skrzynki drewniane na zam\u00f3wienie<\/li>\n<li>Wyb\u00f3r opcji transportu<\/li>\n<li>Kondycjonowana przestrze\u0144 magazynowa<\/li>\n<\/ul>\n<p>Mudanzas Suarez to firma logistyczna i przeprowadzkowa za\u0142o\u017cona w 1958 roku z siedzib\u0105 w Antiguo Cuscatlan. Posiada szerok\u0105 sie\u0107 agent\u00f3w mi\u0119dzynarodowych, kt\u00f3rzy pomagaj\u0105 im w realizacji przeprowadzek na ca\u0142ym \u015bwiecie. Jest cz\u0142onkiem IAM z 54-letnim sta\u017cem.<\/p>\n<p>Firma Mudanzas Suarez oferuje spersonalizowane us\u0142ugi i zapewnia niestandardowe rozwi\u0105zania w zakresie opakowa\u0144 dzi\u0119ki swojemu wewn\u0119trznemu zespo\u0142owi stolarzy, kt\u00f3ry buduje drewniane skrzynie na zam\u00f3wienie. Zapewniaj\u0105 oni us\u0142ug\u0119 pakowania, kt\u00f3ra b\u0119dzie chroni\u0107 Twoje rzeczy w transporcie. Oferuje wyb\u00f3r opcji \u0142adunk\u00f3w, w tym \u0142adunk\u00f3w lotniczych i morskich, takich jak \u0142adunki skonsolidowane.<\/p>\n<p>Strona internetowa: <a href=\"http:\/\/suarez.com.sv\" target=\"_blank\" rel=\"noopener\">http:\/\/suarez.com.sv<\/a><\/p>\n<h2><strong>3. Mudisa Salwador<\/strong><\/h2>\n<p><img loading=\"lazy\" decoding=\"async\" class=\"alignnone size-full wp-image-5983\" src=\"https:\/\/moverdb.com\/wp-content\/uploads\/Mudisa-international-moving-company.png\" alt=\"Mi\u0119dzynarodowa firma przeprowadzkowa Mudisa\" width=\"1440\" height=\"712\" data-wp-pid=\"5983\" srcset=\"https:\/\/moverdb.com\/wp-content\/uploads\/Mudisa-international-moving-company.png 1440w, https:\/\/moverdb.com\/wp-content\/uploads\/Mudisa-international-moving-company-300x148.png 300w, https:\/\/moverdb.com\/wp-content\/uploads\/Mudisa-international-moving-company-1024x506.png 1024w, https:\/\/moverdb.com\/wp-content\/uploads\/Mudisa-international-moving-company-18x9.png 18w, https:\/\/moverdb.com\/wp-content\/uploads\/Mudisa-international-moving-company-600x297.png 600w\" sizes=\"auto, (max-width: 1440px) 100vw, 1440px\" \/><\/p>\n<ul>\n<li>Przeprowadzki krajowe<\/li>\n<li>Przeprowadzki mi\u0119dzynarodowe<\/li>\n<li>Przeprowadzki gospodarstw domowych<\/li>\n<li>Przeprowadzki firm<\/li>\n<li>Us\u0142ugi relokacyjne<\/li>\n<li>Us\u0142ugi \"od drzwi do drzwi<\/li>\n<li>Pakowanie, w tym niestandardowe pude\u0142ka i skrzynki<\/li>\n<li>Transport dzie\u0142 sztuki<\/li>\n<li>Transport pojazd\u00f3w<\/li>\n<li>Bezpieczne magazyny<\/li>\n<\/ul>\n<p>Mudisa to firma zajmuj\u0105ca si\u0119 przeprowadzkami, logistyk\u0105 i drobnic\u0105, za\u0142o\u017cona w 1963 roku w San Salvador. \u015awiadczy us\u0142ugi mi\u0119dzynarodowe \"od drzwi do drzwi\" we wsp\u00f3\u0142pracy z innymi mi\u0119dzynarodowymi agentami przeprowadzek, a tak\u017ce posiada w\u0142asn\u0105 flot\u0119 pojazd\u00f3w do przeprowadzek krajowych. Jest cz\u0142onkiem IAM z 45-letnim sta\u017cem.<\/p>\n<p>Mudisa oferuje us\u0142ugi przeprowadzki i relokacji dla gospodarstw domowych i firm. \u015awiadcz\u0105 us\u0142ugi w istniej\u0105cych i nowych pomieszczeniach, takie jak pakowanie i rozpakowywanie, kt\u00f3re obejmuje niestandardowe pude\u0142ka i skrzynki. Ich us\u0142ugi relokacyjne obejmuj\u0105 wsparcie imigracyjne, us\u0142ugi przyjazdu, wskaz\u00f3wki dotycz\u0105ce szk\u00f3\u0142, poszukiwanie dom\u00f3w i us\u0142ugi osiedlania si\u0119.<\/p>\n<p>Strona internetowa: <a href=\"http:\/\/www.mudisa.com.sv\" target=\"_blank\" rel=\"noopener\">http:\/\/www.mudisa.com.sv<\/a><\/p>","protected":false},"excerpt":{"rendered":"<p>Are you planning on moving in El Salvador or to or from El Salvador? Then you may want to employ the services of a moving company to assist you and take some of the pressure off. Below we have compiled a list of El Salvador removal companies that are members of the International Association of [&hellip;]<\/p>\n","protected":false},"author":4,"featured_media":0,"parent":190,"menu_order":0,"comment_status":"closed","ping_status":"closed","template":"","meta":{"_genesis_hide_title":false,"_genesis_hide_breadcrumbs":false,"_genesis_hide_singular_image":false,"_genesis_hide_footer_widgets":false,"_genesis_custom_body_class":"","_genesis_custom_post_class":"","_genesis_layout":"","footnotes":""},"class_list":{"0":"post-6040","1":"page","2":"type-page","3":"status-publish","5":"entry","6":"has-post-thumbnail"},"_links":{"self":[{"href":"https:\/\/moverdb.com\/pl\/wp-json\/wp\/v2\/pages\/6040","targetHints":{"allow":["GET"]}}],"collection":[{"href":"https:\/\/moverdb.com\/pl\/wp-json\/wp\/v2\/pages"}],"about":[{"href":"https:\/\/moverdb.com\/pl\/wp-json\/wp\/v2\/types\/page"}],"author":[{"embeddable":true,"href":"https:\/\/moverdb.com\/pl\/wp-json\/wp\/v2\/users\/4"}],"replies":[{"embeddable":true,"href":"https:\/\/moverdb.com\/pl\/wp-json\/wp\/v2\/comments?post=6040"}],"version-history":[{"count":3,"href":"https:\/\/moverdb.com\/pl\/wp-json\/wp\/v2\/pages\/6040\/revisions"}],"predecessor-version":[{"id":6056,"href":"https:\/\/moverdb.com\/pl\/wp-json\/wp\/v2\/pages\/6040\/revisions\/6056"}],"up":[{"embeddable":true,"href":"https:\/\/moverdb.com\/pl\/wp-json\/wp\/v2\/pages\/190"}],"wp:attachment":[{"href":"https:\/\/moverdb.com\/pl\/wp-json\/wp\/v2\/media?parent=6040"}],"curies":[{"name":"wp","href":"https:\/\/api.w.org\/{rel}","templated":true}]}}