{"id":6038,"date":"2023-02-01T13:41:44","date_gmt":"2023-02-01T13:41:44","guid":{"rendered":"https:\/\/moverdb.com\/?page_id=6038"},"modified":"2026-01-08T15:24:39","modified_gmt":"2026-01-08T15:24:39","slug":"firmy-przeprowadzkowe-ecuador","status":"publish","type":"page","link":"https:\/\/moverdb.com\/pl\/moving-companies\/moving-companies-ecuador\/","title":{"rendered":"4 Najlepsze firmy zajmuj\u0105ce si\u0119 przeprowadzkami mi\u0119dzynarodowymi w Ekwadorze"},"content":{"rendered":"<p>Przeprowadzka do domu mo\u017ce by\u0107 stresuj\u0105cym momentem, podobnie jak przenoszenie firmy, wi\u0119c szukanie wsparcia ze strony <a href=\"https:\/\/moverdb.com\/pl\/moving-companies\/\" data-internallinksmanager029f6b8e52c=\"79\" title=\"25 najlepszych firm przeprowadzek mi\u0119dzynarodowych online\">przedsi\u0119biorstwo przeprowadzkowe<\/a> mo\u017ce pom\u00f3c z\u0142agodzi\u0107 ci\u0119\u017car i zmniejszy\u0107 obci\u0105\u017cenie zwi\u0105zane z przeprowadzk\u0105. Poni\u017cej przygotowali\u015bmy list\u0119 Ekwadoru <a href=\"https:\/\/moverdb.com\/pl\/international-removals\/\" data-internallinksmanager029f6b8e52c=\"27\" title=\"36 najlepszych firm zajmuj\u0105cych si\u0119 przeprowadzkami mi\u0119dzynarodowymi w Wielkiej Brytanii\">przedsi\u0119biorstwa przeprowadzkowe<\/a> kt\u00f3re s\u0105 cz\u0142onkami <a href=\"https:\/\/moverdb.com\/pl\/iam\/\" data-internallinksmanager029f6b8e52c=\"23\" title=\"Mi\u0119dzynarodowe Stowarzyszenie Przewo\u017anik\u00f3w (IAM) - obja\u015bnienia\">Mi\u0119dzynarodowe Stowarzyszenie Przewo\u017anik\u00f3w<\/a> (IAM) i\/lub <a href=\"https:\/\/moverdb.com\/pl\/fidi-faim\/\" data-internallinksmanager029f6b8e52c=\"16\" title=\"FIDI i FAIM (FIDI Accredited International Mover) - obja\u015bnienia\">FIDI<\/a> Accredited International Mover (FAIM), kt\u00f3ry m\u00f3g\u0142by udzieli\u0107 Pa\u0144stwu wsparcia.<\/p>\n<div id=\"ez-toc-container\" class=\"ez-toc-v2_0_82_2 ez-toc-wrap-left counter-hierarchy ez-toc-counter ez-toc-transparent ez-toc-container-direction\">\n<div class=\"ez-toc-title-container\">\n<p class=\"ez-toc-title\" style=\"cursor:inherit\">Sekcje<\/p>\n<span class=\"ez-toc-title-toggle\"><a href=\"#\" class=\"ez-toc-pull-right ez-toc-btn ez-toc-btn-xs ez-toc-btn-default ez-toc-toggle\" aria-label=\"Prze\u0142\u0105cznik Spisu Tre\u015bci\"><span class=\"ez-toc-js-icon-con\"><span class=\"\"><span class=\"eztoc-hide\" style=\"display:none;\">Toggle<\/span><span class=\"ez-toc-icon-toggle-span\"><svg style=\"fill: #999;color:#999\" xmlns=\"http:\/\/www.w3.org\/2000\/svg\" class=\"list-377408\" width=\"20px\" height=\"20px\" viewbox=\"0 0 24 24\" fill=\"none\"><path d=\"M6 6H4v2h2V6zm14 0H8v2h12V6zM4 11h2v2H4v-2zm16 0H8v2h12v-2zM4 16h2v2H4v-2zm16 0H8v2h12v-2z\" fill=\"currentColor\"><\/path><\/svg><svg style=\"fill: #999;color:#999\" class=\"arrow-unsorted-368013\" xmlns=\"http:\/\/www.w3.org\/2000\/svg\" width=\"10px\" height=\"10px\" viewbox=\"0 0 24 24\" version=\"1.2\" baseprofile=\"tiny\"><path d=\"M18.2 9.3l-6.2-6.3-6.2 6.3c-.2.2-.3.4-.3.7s.1.5.3.7c.2.2.4.3.7.3h11c.3 0 .5-.1.7-.3.2-.2.3-.5.3-.7s-.1-.5-.3-.7zM5.8 14.7l6.2 6.3 6.2-6.3c.2-.2.3-.5.3-.7s-.1-.5-.3-.7c-.2-.2-.4-.3-.7-.3h-11c-.3 0-.5.1-.7.3-.2.2-.3.5-.3.7s.1.5.3.7z\"\/><\/svg><\/span><\/span><\/span><\/a><\/span><\/div>\n<nav><ul class='ez-toc-list ez-toc-list-level-1 eztoc-toggle-hide-by-default' ><li class='ez-toc-page-1 ez-toc-heading-level-2'><a class=\"ez-toc-link ez-toc-heading-1\" href=\"https:\/\/moverdb.com\/pl\/moving-companies\/moving-companies-ecuador\/#1_Sandhill_Ecuador\" >1. Sandhill Ekwador<\/a><\/li><li class='ez-toc-page-1 ez-toc-heading-level-2'><a class=\"ez-toc-link ez-toc-heading-2\" href=\"https:\/\/moverdb.com\/pl\/moving-companies\/moving-companies-ecuador\/#2_INSA_Moving\" >2. INSA Moving<\/a><\/li><li class='ez-toc-page-1 ez-toc-heading-level-2'><a class=\"ez-toc-link ez-toc-heading-3\" href=\"https:\/\/moverdb.com\/pl\/moving-companies\/moving-companies-ecuador\/#3_Premium_Logistics\" >3. Logistyka Premium<\/a><\/li><li class='ez-toc-page-1 ez-toc-heading-level-2'><a class=\"ez-toc-link ez-toc-heading-4\" href=\"https:\/\/moverdb.com\/pl\/moving-companies\/moving-companies-ecuador\/#4_Global_Transport\" >4. Transport globalny<\/a><\/li><\/ul><\/nav><\/div>\n<h2><span class=\"ez-toc-section\" id=\"1_Sandhill_Ecuador\"><\/span><strong>1. Sandhill Ekwador<\/strong><span class=\"ez-toc-section-end\"><\/span><\/h2>\n<p><img loading=\"lazy\" decoding=\"async\" class=\"alignnone size-full wp-image-5998\" src=\"https:\/\/moverdb.com\/wp-content\/uploads\/Sandhill-Ecuador-international-moving-company.png\" alt=\"Firma przeprowadzkowa Sandhill Ecuador\" width=\"1440\" height=\"680\" data-wp-pid=\"5998\" srcset=\"https:\/\/moverdb.com\/wp-content\/uploads\/Sandhill-Ecuador-international-moving-company.png 1440w, https:\/\/moverdb.com\/wp-content\/uploads\/Sandhill-Ecuador-international-moving-company-300x142.png 300w, https:\/\/moverdb.com\/wp-content\/uploads\/Sandhill-Ecuador-international-moving-company-1024x484.png 1024w, https:\/\/moverdb.com\/wp-content\/uploads\/Sandhill-Ecuador-international-moving-company-18x9.png 18w, https:\/\/moverdb.com\/wp-content\/uploads\/Sandhill-Ecuador-international-moving-company-600x283.png 600w\" sizes=\"auto, (max-width: 1440px) 100vw, 1440px\" \/><\/p>\n<ul>\n<li>Ruchy krajowe<\/li>\n<li>Przeprowadzki mi\u0119dzynarodowe<\/li>\n<li>Przeprowadzki mieszkaniowe<\/li>\n<li>Relokacje przedsi\u0119biorstw<\/li>\n<li>Zindywidualizowana obs\u0142uga<\/li>\n<li>Opakowanie klasy mi\u0119dzynarodowej<\/li>\n<li>Ustalenia dotycz\u0105ce \u0142adunk\u00f3w<\/li>\n<li>Odprawa celna<\/li>\n<li>Ubezpieczenia<\/li>\n<li>Obiekty magazynowe<\/li>\n<\/ul>\n<p>Sandhill Ecuador jest firm\u0105 logistyczn\u0105 i przeprowadzkow\u0105 z siedzib\u0105 w Quito i ma ponad 60 lat do\u015bwiadczenia w przeprowadzkach. Maj\u0105 globaln\u0105 sie\u0107 partner\u00f3w przeprowadzkowych, kt\u00f3rzy pomog\u0105 Ci przenie\u015b\u0107 si\u0119 w dowolne miejsce na \u015bwiecie. S\u0105 cz\u0142onkiem IAM z 2-letnim sta\u017cem.<\/p>\n<p>Sandhill Ecuador zapewnia spersonalizowan\u0105 us\u0142ug\u0119 przeprowadzki w jednym miejscu. Zapewniaj\u0105 wirtualn\u0105 lub osobist\u0105 ankiet\u0119, aby oceni\u0107 Twoje wymagania dotycz\u0105ce przeprowadzki i przedstawi\u0107 wycen\u0119. Zostanie ci przydzielony lider przeprowadzki, kt\u00f3ry b\u0119dzie ci pomaga\u0142 przez ca\u0142\u0105 podr\u00f3\u017c, zarz\u0105dzaj\u0105c twoim pakowaniem, organizuj\u0105c transport, odpraw\u0119 celn\u0105, oferuj\u0105c ubezpieczenie i zapewniaj\u0105c wsparcie w zakresie miejsca docelowego, w tym przewodniki i znalezienie szk\u00f3\u0142.<\/p>\n<p>Strona internetowa: <a href=\"http:\/\/www.sandhillrelo.com\" target=\"_blank\" rel=\"noopener\">http:\/\/www.sandhillrelo.com<\/a><\/p>\n<h2><span class=\"ez-toc-section\" id=\"2_INSA_Moving\"><\/span><strong>2. INSA Moving<\/strong><span class=\"ez-toc-section-end\"><\/span><\/h2>\n<p><img loading=\"lazy\" decoding=\"async\" class=\"alignnone size-full wp-image-5957\" src=\"https:\/\/moverdb.com\/wp-content\/uploads\/INSA-Moving-international-moving-company.png\" alt=\"INSA Moving firma zajmuj\u0105ca si\u0119 przeprowadzkami mi\u0119dzynarodowymi\" width=\"1440\" height=\"664\" data-wp-pid=\"5957\" srcset=\"https:\/\/moverdb.com\/wp-content\/uploads\/INSA-Moving-international-moving-company.png 1440w, https:\/\/moverdb.com\/wp-content\/uploads\/INSA-Moving-international-moving-company-300x138.png 300w, https:\/\/moverdb.com\/wp-content\/uploads\/INSA-Moving-international-moving-company-1024x472.png 1024w, https:\/\/moverdb.com\/wp-content\/uploads\/INSA-Moving-international-moving-company-18x8.png 18w, https:\/\/moverdb.com\/wp-content\/uploads\/INSA-Moving-international-moving-company-600x277.png 600w\" sizes=\"auto, (max-width: 1440px) 100vw, 1440px\" \/><\/p>\n<ul>\n<li>Przeprowadzki lokalne i krajowe<\/li>\n<li>Przeprowadzki mi\u0119dzynarodowe<\/li>\n<li>Us\u0142ugi relokacyjne<\/li>\n<li>Przeprowadzki gospodarstw domowych<\/li>\n<li>Przeprowadzki firm<\/li>\n<li>Us\u0142uga \"od drzwi do drzwi\".<\/li>\n<li>Us\u0142ugi pakowania<\/li>\n<li>Us\u0142ugi imigracyjne<\/li>\n<li>Transport zwierz\u0105t<\/li>\n<li>Rozwi\u0105zania w zakresie przechowywania<\/li>\n<\/ul>\n<p>INSA Moving jest firm\u0105 o ugruntowanej pozycji na rynku, kt\u00f3ra oferuje us\u0142ugi przeprowadzek i relokacji. Oferuj\u0105 lokalne, krajowe i mi\u0119dzynarodowe przeprowadzki dla w\u0142a\u015bcicieli dom\u00f3w i korporacji. Jest cz\u0142onkiem IAM z 65-letnim sta\u017cem i posiada akredytacj\u0119 FIDI.<\/p>\n<p>INSA Moving oferuje us\u0142ugi przeprowadzki od drzwi do drzwi, kt\u00f3re obejmuj\u0105 bezpieczne pakowanie rzeczy, transport do miejsca przeznaczenia oraz us\u0142ugi rozpakowywania. Ich us\u0142ugi relokacyjne obejmuj\u0105 r\u00f3wnie\u017c pomoc w znalezieniu nieruchomo\u015bci i szk\u00f3\u0142, przewodniki informacyjne o miejscu docelowym, pomoc w utrzymaniu domu, transport zwierz\u0105t, us\u0142ugi imigracyjne i ubezpieczenia.<\/p>\n<p>Strona internetowa: <a href=\"http:\/\/www.insa.com.ec\" target=\"_blank\" rel=\"noopener\">http:\/\/www.insa.com.ec<\/a><\/p>\n<h2><span class=\"ez-toc-section\" id=\"3_Premium_Logistics\"><\/span><strong>3. Logistyka Premium<\/strong><span class=\"ez-toc-section-end\"><\/span><\/h2>\n<p><img loading=\"lazy\" decoding=\"async\" class=\"alignnone size-full wp-image-5994\" src=\"https:\/\/moverdb.com\/wp-content\/uploads\/Premium-Logistics-international-moving-company.png\" alt=\"Premium Logistics firma zajmuj\u0105ca si\u0119 przeprowadzkami mi\u0119dzynarodowymi\" width=\"1440\" height=\"679\" data-wp-pid=\"5994\" srcset=\"https:\/\/moverdb.com\/wp-content\/uploads\/Premium-Logistics-international-moving-company.png 1440w, https:\/\/moverdb.com\/wp-content\/uploads\/Premium-Logistics-international-moving-company-300x141.png 300w, https:\/\/moverdb.com\/wp-content\/uploads\/Premium-Logistics-international-moving-company-1024x483.png 1024w, https:\/\/moverdb.com\/wp-content\/uploads\/Premium-Logistics-international-moving-company-18x8.png 18w, https:\/\/moverdb.com\/wp-content\/uploads\/Premium-Logistics-international-moving-company-600x283.png 600w\" sizes=\"auto, (max-width: 1440px) 100vw, 1440px\" \/><\/p>\n<ul>\n<li>Przeprowadzki lokalne i krajowe<\/li>\n<li>Przeprowadzki mi\u0119dzynarodowe<\/li>\n<li>Przeprowadzki mieszkaniowe<\/li>\n<li>Przeprowadzki korporacyjne<\/li>\n<li>Us\u0142uga \"od drzwi do drzwi\".<\/li>\n<li>Us\u0142uga pakowania<\/li>\n<li>Profesjonalnie wyszkolony personel<\/li>\n<li>Porady celne<\/li>\n<li>Ubezpieczenie od wszystkich ryzyk<\/li>\n<li>Bezpieczne magazyny<\/li>\n<\/ul>\n<p>Premium Logistics to specjalistyczna firma zajmuj\u0105ca si\u0119 przeprowadzkami i magazynowaniem, kt\u00f3ra zosta\u0142a za\u0142o\u017cona w 1998 roku w Quito i ma zasi\u0119g lokalny, krajowy i mi\u0119dzynarodowy. Zapewniaj\u0105 przeprowadzki mieszkaniowe i korporacyjne do i z Ekwadoru. Jest cz\u0142onkiem IAM z 23-letnim sta\u017cem.<\/p>\n<p>Premium Logistics oferuje us\u0142ug\u0119 przeprowadzki od drzwi do drzwi, kt\u00f3ra mo\u017ce obejmowa\u0107 badanie w celu oceny Twoich wymaga\u0144. Zapewniaj\u0105 wyszkolony personel, kt\u00f3ry z nale\u017cyt\u0105 staranno\u015bci\u0105 zapakuje i obs\u0142u\u017cy Twoje rzeczy i meble. Zapewniaj\u0105 doradztwo w zakresie procedur celnych i oferuj\u0105 opcje ubezpieczenia. Zapewniaj\u0105 r\u00f3wnie\u017c bezpieczne przechowywanie w swoim magazynie w Quito.<\/p>\n<p>Strona internetowa: <a href=\"http:\/\/www.premiumlogistics.com.ec\" target=\"_blank\" rel=\"noopener\">http:\/\/www.premiumlogistics.com.ec<\/a><\/p>\n<h2><span class=\"ez-toc-section\" id=\"4_Global_Transport\"><\/span><strong>4. Transport globalny<\/strong><span class=\"ez-toc-section-end\"><\/span><\/h2>\n<p><img loading=\"lazy\" decoding=\"async\" class=\"alignnone size-full wp-image-5951\" src=\"https:\/\/moverdb.com\/wp-content\/uploads\/Global-Transport-international-moving-company.png\" alt=\"Global Transport firma zajmuj\u0105ca si\u0119 przeprowadzkami mi\u0119dzynarodowymi\" width=\"1440\" height=\"665\" data-wp-pid=\"5951\" srcset=\"https:\/\/moverdb.com\/wp-content\/uploads\/Global-Transport-international-moving-company.png 1440w, https:\/\/moverdb.com\/wp-content\/uploads\/Global-Transport-international-moving-company-300x139.png 300w, https:\/\/moverdb.com\/wp-content\/uploads\/Global-Transport-international-moving-company-1024x473.png 1024w, https:\/\/moverdb.com\/wp-content\/uploads\/Global-Transport-international-moving-company-18x8.png 18w, https:\/\/moverdb.com\/wp-content\/uploads\/Global-Transport-international-moving-company-600x277.png 600w\" sizes=\"auto, (max-width: 1440px) 100vw, 1440px\" \/><\/p>\n<ul>\n<li>Ruchy krajowe<\/li>\n<li>Przeprowadzki mi\u0119dzynarodowe<\/li>\n<li>Przeprowadzki gospodarstw domowych<\/li>\n<li>Przeprowadzki biurowe<\/li>\n<li>Od drzwi do drzwi lub od drzwi do drzwi<a href=\"https:\/\/moverdb.com\/pl\/top-49-container-ports\/\" data-internallinksmanager029f6b8e52c=\"80\" title=\"49 najwi\u0119kszych i najbardziej ruchliwych port\u00f3w kontenerowych w 2025 r.\">port<\/a> serwis<\/li>\n<li>Us\u0142ugi pakowania<\/li>\n<li>Organizacja transportu<\/li>\n<li>Procedury celne<\/li>\n<li>Rozpakowywanie i usuwanie odpad\u00f3w<\/li>\n<li>Bezpieczne magazyny<\/li>\n<\/ul>\n<p>Global Transport to mi\u0119dzynarodowa firma przeprowadzkowa za\u0142o\u017cona w 1971 roku z siedzib\u0105 w Quito. Oferuje us\u0142ugi przeprowadzek krajowych i mi\u0119dzynarodowych, a tak\u017ce specjalistyczne us\u0142ugi przeprowadzkowe dla dzie\u0142 sztuki. Jest cz\u0142onkiem IAM z 51-letnim sta\u017cem i posiada sie\u0107 mi\u0119dzynarodowych agent\u00f3w, kt\u00f3rzy wspieraj\u0105 przeprowadzki w dowolnym miejscu.<\/p>\n<p>Global Transport zapewnia osobist\u0105 wizyt\u0119, aby oceni\u0107 potrzeby zwi\u0105zane z przeprowadzk\u0105, dzi\u0119ki czemu mo\u017cna dokona\u0107 ustale\u0144 dotycz\u0105cych pakowania i transportu rzeczy do miejsca przeznaczenia. Zapakuj\u0105 Twoje rzeczy w bezpieczny spos\u00f3b, u\u017cywaj\u0105c materia\u0142\u00f3w i pude\u0142ek do ich ochrony. W miejscu docelowym rozpakujemy je i zabierzemy odpady opakowaniowe.<\/p>\n<p>Strona internetowa: <a href=\"http:\/\/www.globaltransportecuador.com\" target=\"_blank\" rel=\"noopener\">http:\/\/www.globaltransportecuador.com<\/a><\/p>","protected":false},"excerpt":{"rendered":"<p>Moving home can be a stressful time, as can moving your business, so seeking out the support of a moving company could help ease the burden and lighten the load of moving. Below we have compiled a list of Ecuador removal companies that are members of the International Association of Movers (IAM) and\/or FIDI Accredited [&hellip;]<\/p>\n","protected":false},"author":4,"featured_media":0,"parent":190,"menu_order":0,"comment_status":"closed","ping_status":"closed","template":"","meta":{"_genesis_hide_title":false,"_genesis_hide_breadcrumbs":false,"_genesis_hide_singular_image":false,"_genesis_hide_footer_widgets":false,"_genesis_custom_body_class":"","_genesis_custom_post_class":"","_genesis_layout":"","footnotes":""},"class_list":{"0":"post-6038","1":"page","2":"type-page","3":"status-publish","5":"entry","6":"has-post-thumbnail"},"_links":{"self":[{"href":"https:\/\/moverdb.com\/pl\/wp-json\/wp\/v2\/pages\/6038","targetHints":{"allow":["GET"]}}],"collection":[{"href":"https:\/\/moverdb.com\/pl\/wp-json\/wp\/v2\/pages"}],"about":[{"href":"https:\/\/moverdb.com\/pl\/wp-json\/wp\/v2\/types\/page"}],"author":[{"embeddable":true,"href":"https:\/\/moverdb.com\/pl\/wp-json\/wp\/v2\/users\/4"}],"replies":[{"embeddable":true,"href":"https:\/\/moverdb.com\/pl\/wp-json\/wp\/v2\/comments?post=6038"}],"version-history":[{"count":1,"href":"https:\/\/moverdb.com\/pl\/wp-json\/wp\/v2\/pages\/6038\/revisions"}],"predecessor-version":[{"id":6039,"href":"https:\/\/moverdb.com\/pl\/wp-json\/wp\/v2\/pages\/6038\/revisions\/6039"}],"up":[{"embeddable":true,"href":"https:\/\/moverdb.com\/pl\/wp-json\/wp\/v2\/pages\/190"}],"wp:attachment":[{"href":"https:\/\/moverdb.com\/pl\/wp-json\/wp\/v2\/media?parent=6038"}],"curies":[{"name":"wp","href":"https:\/\/api.w.org\/{rel}","templated":true}]}}