{"id":6036,"date":"2023-02-01T13:45:53","date_gmt":"2023-02-01T13:45:53","guid":{"rendered":"https:\/\/moverdb.com\/?page_id=6036"},"modified":"2026-01-08T15:29:19","modified_gmt":"2026-01-08T15:29:19","slug":"firmy-przeprowadzkowe-dominikana-republika","status":"publish","type":"page","link":"https:\/\/moverdb.com\/pl\/moving-companies\/moving-companies-dominican-republic\/","title":{"rendered":"6 Najlepsze firmy zajmuj\u0105ce si\u0119 przeprowadzkami mi\u0119dzynarodowymi w Republice Dominika\u0144skiej"},"content":{"rendered":"<p>Je\u015bli przeprowadzasz si\u0119 do domu lub przenosisz swoj\u0105 firm\u0119 na Dominikanie, albo do lub z Dominikany, mo\u017cesz szuka\u0107 pomocy. Firma przeprowadzkowa lub relokacyjna mo\u017ce pom\u00f3c u\u0142atwi\u0107 Ci przeprowadzk\u0119 i zabra\u0107 cz\u0119\u015b\u0107 stresu. Poni\u017cej przygotowali\u015bmy list\u0119 firm z Republiki Dominika\u0144skiej <a href=\"https:\/\/moverdb.com\/pl\/international-removals\/\" data-internallinksmanager029f6b8e52c=\"27\" title=\"36 najlepszych firm zajmuj\u0105cych si\u0119 przeprowadzkami mi\u0119dzynarodowymi w Wielkiej Brytanii\">przedsi\u0119biorstwa przeprowadzkowe<\/a> kt\u00f3re s\u0105 cz\u0142onkami <a href=\"https:\/\/moverdb.com\/pl\/iam\/\" data-internallinksmanager029f6b8e52c=\"23\" title=\"Mi\u0119dzynarodowe Stowarzyszenie Przewo\u017anik\u00f3w (IAM) - obja\u015bnienia\">Mi\u0119dzynarodowe Stowarzyszenie Przewo\u017anik\u00f3w<\/a> (IAM) i\/lub <a href=\"https:\/\/moverdb.com\/pl\/fidi-faim\/\" data-internallinksmanager029f6b8e52c=\"16\" title=\"FIDI i FAIM (FIDI Accredited International Mover) - obja\u015bnienia\">FIDI<\/a> Accredited International Mover (FAIM), kt\u00f3ry mo\u017ce by\u0107 w stanie Ci pom\u00f3c.<\/p>\n<div id=\"ez-toc-container\" class=\"ez-toc-v2_0_82_2 ez-toc-wrap-left counter-hierarchy ez-toc-counter ez-toc-transparent ez-toc-container-direction\">\n<div class=\"ez-toc-title-container\">\n<p class=\"ez-toc-title\" style=\"cursor:inherit\">Sekcje<\/p>\n<span class=\"ez-toc-title-toggle\"><a href=\"#\" class=\"ez-toc-pull-right ez-toc-btn ez-toc-btn-xs ez-toc-btn-default ez-toc-toggle\" aria-label=\"Prze\u0142\u0105cznik Spisu Tre\u015bci\"><span class=\"ez-toc-js-icon-con\"><span class=\"\"><span class=\"eztoc-hide\" style=\"display:none;\">Toggle<\/span><span class=\"ez-toc-icon-toggle-span\"><svg style=\"fill: #999;color:#999\" xmlns=\"http:\/\/www.w3.org\/2000\/svg\" class=\"list-377408\" width=\"20px\" height=\"20px\" viewbox=\"0 0 24 24\" fill=\"none\"><path d=\"M6 6H4v2h2V6zm14 0H8v2h12V6zM4 11h2v2H4v-2zm16 0H8v2h12v-2zM4 16h2v2H4v-2zm16 0H8v2h12v-2z\" fill=\"currentColor\"><\/path><\/svg><svg style=\"fill: #999;color:#999\" class=\"arrow-unsorted-368013\" xmlns=\"http:\/\/www.w3.org\/2000\/svg\" width=\"10px\" height=\"10px\" viewbox=\"0 0 24 24\" version=\"1.2\" baseprofile=\"tiny\"><path d=\"M18.2 9.3l-6.2-6.3-6.2 6.3c-.2.2-.3.4-.3.7s.1.5.3.7c.2.2.4.3.7.3h11c.3 0 .5-.1.7-.3.2-.2.3-.5.3-.7s-.1-.5-.3-.7zM5.8 14.7l6.2 6.3 6.2-6.3c.2-.2.3-.5.3-.7s-.1-.5-.3-.7c-.2-.2-.4-.3-.7-.3h-11c-.3 0-.5.1-.7.3-.2.2-.3.5-.3.7s.1.5.3.7z\"\/><\/svg><\/span><\/span><\/span><\/a><\/span><\/div>\n<nav><ul class='ez-toc-list ez-toc-list-level-1 eztoc-toggle-hide-by-default' ><li class='ez-toc-page-1 ez-toc-heading-level-2'><a class=\"ez-toc-link ez-toc-heading-1\" href=\"https:\/\/moverdb.com\/pl\/moving-companies\/moving-companies-dominican-republic\/#1_International_Packers\" >1. International Packers<\/a><\/li><li class='ez-toc-page-1 ez-toc-heading-level-2'><a class=\"ez-toc-link ez-toc-heading-2\" href=\"https:\/\/moverdb.com\/pl\/moving-companies\/moving-companies-dominican-republic\/#2_Mega_Movers\" >2. Mega Movers<\/a><\/li><li class='ez-toc-page-1 ez-toc-heading-level-2'><a class=\"ez-toc-link ez-toc-heading-3\" href=\"https:\/\/moverdb.com\/pl\/moving-companies\/moving-companies-dominican-republic\/#3_Dominican_International_Moving\" >3. Dominikana International Moving<\/a><\/li><li class='ez-toc-page-1 ez-toc-heading-level-2'><a class=\"ez-toc-link ez-toc-heading-4\" href=\"https:\/\/moverdb.com\/pl\/moving-companies\/moving-companies-dominican-republic\/#4_Frank_Leo\" >4. Frank Leo<\/a><\/li><li class='ez-toc-page-1 ez-toc-heading-level-2'><a class=\"ez-toc-link ez-toc-heading-5\" href=\"https:\/\/moverdb.com\/pl\/moving-companies\/moving-companies-dominican-republic\/#5_L_G_International_Movers\" >5. L&amp;G International Movers<\/a><\/li><li class='ez-toc-page-1 ez-toc-heading-level-2'><a class=\"ez-toc-link ez-toc-heading-6\" href=\"https:\/\/moverdb.com\/pl\/moving-companies\/moving-companies-dominican-republic\/#6_Latino_Express\" >6. Latino Express<\/a><\/li><\/ul><\/nav><\/div>\n<h2><span class=\"ez-toc-section\" id=\"1_International_Packers\"><\/span><strong>1. International Packers<\/strong><span class=\"ez-toc-section-end\"><\/span><\/h2>\n<p><img loading=\"lazy\" decoding=\"async\" class=\"alignnone size-full wp-image-5961\" src=\"https:\/\/moverdb.com\/wp-content\/uploads\/International-Packers-international-moving-company.png\" alt=\"International Packers firma zajmuj\u0105ca si\u0119 przeprowadzkami mi\u0119dzynarodowymi\" width=\"1440\" height=\"683\" data-wp-pid=\"5961\" srcset=\"https:\/\/moverdb.com\/wp-content\/uploads\/International-Packers-international-moving-company.png 1440w, https:\/\/moverdb.com\/wp-content\/uploads\/International-Packers-international-moving-company-300x142.png 300w, https:\/\/moverdb.com\/wp-content\/uploads\/International-Packers-international-moving-company-1024x486.png 1024w, https:\/\/moverdb.com\/wp-content\/uploads\/International-Packers-international-moving-company-18x9.png 18w, https:\/\/moverdb.com\/wp-content\/uploads\/International-Packers-international-moving-company-600x285.png 600w\" sizes=\"auto, (max-width: 1440px) 100vw, 1440px\" \/><\/p>\n<ul>\n<li>Ruchy krajowe<\/li>\n<li>Przeprowadzki mi\u0119dzynarodowe<\/li>\n<li>Przeprowadzki gospodarstw domowych<\/li>\n<li>Przeprowadzki firm<\/li>\n<li>Profesjonalna us\u0142uga pakowania<\/li>\n<li>Wsparcie celne<\/li>\n<li>Transport dzie\u0142 sztuki<\/li>\n<li>Wysy\u0142ka zwierz\u0105t domowych<\/li>\n<li>Ubezpieczenia<\/li>\n<li>Obiekty magazynowe<\/li>\n<\/ul>\n<p>International Packers to firma przeprowadzkowa i magazynowa z siedzib\u0105 w Santo Domingo, kt\u00f3ra zosta\u0142a za\u0142o\u017cona w 1989 roku. Oferuj\u0105 us\u0142ugi przeprowadzkowe i relokacyjne, w tym specjalistyczne us\u0142ugi w zakresie przemieszczania dzie\u0142 sztuki, wysy\u0142ki zwierz\u0105t domowych i wynajmu mebli. S\u0105 cz\u0142onkiem IAM z 33-letnim sta\u017cem i posiadaj\u0105 akredytacj\u0119 FIDI.<\/p>\n<p>Firma International Packers oferuje osobiste us\u0142ugi w zakresie przeprowadzek krajowych i mi\u0119dzynarodowych, kt\u00f3re s\u0105 \u015bwiadczone przez agent\u00f3w przeprowadzek mi\u0119dzynarodowych na ca\u0142ym \u015bwiecie. Zapewniaj\u0105 us\u0142ug\u0119 \"od drzwi do drzwi\", kt\u00f3ra obejmuje profesjonaln\u0105 us\u0142ug\u0119 pakowania, aby chroni\u0107 Twoje rzeczy i oferuj\u0105 ochron\u0119 ubezpieczeniow\u0105. W razie potrzeby zapewniaj\u0105 r\u00f3wnie\u017c mo\u017cliwo\u015b\u0107 magazynowania.<\/p>\n<p>Strona internetowa: <a href=\"http:\/\/www.internt-packers.com.do\" target=\"_blank\" rel=\"noopener\">http:\/\/www.internt-packers.com.do<\/a><\/p>\n<h2><span class=\"ez-toc-section\" id=\"2_Mega_Movers\"><\/span><strong>2. Mega Movers<\/strong><span class=\"ez-toc-section-end\"><\/span><\/h2>\n<p><img loading=\"lazy\" decoding=\"async\" class=\"alignnone size-full wp-image-5970\" src=\"https:\/\/moverdb.com\/wp-content\/uploads\/Mega-Movers-international-moving-company.png\" alt=\"Mega Movers firma zajmuj\u0105ca si\u0119 przeprowadzkami mi\u0119dzynarodowymi\" width=\"1440\" height=\"677\" data-wp-pid=\"5970\" srcset=\"https:\/\/moverdb.com\/wp-content\/uploads\/Mega-Movers-international-moving-company.png 1440w, https:\/\/moverdb.com\/wp-content\/uploads\/Mega-Movers-international-moving-company-300x141.png 300w, https:\/\/moverdb.com\/wp-content\/uploads\/Mega-Movers-international-moving-company-1024x481.png 1024w, https:\/\/moverdb.com\/wp-content\/uploads\/Mega-Movers-international-moving-company-18x8.png 18w, https:\/\/moverdb.com\/wp-content\/uploads\/Mega-Movers-international-moving-company-600x282.png 600w\" sizes=\"auto, (max-width: 1440px) 100vw, 1440px\" \/><\/p>\n<ul>\n<li>Ruchy krajowe<\/li>\n<li>Przeprowadzki mi\u0119dzynarodowe<\/li>\n<li>Przeprowadzki gospodarstw domowych<\/li>\n<li>Przeprowadzki biurowe<\/li>\n<li>Specjalizuje si\u0119 w przenoszeniu sprz\u0119tu medycznego<\/li>\n<li>Us\u0142ugi pakowania<\/li>\n<li>Skrzynie na zam\u00f3wienie<\/li>\n<li>Sprz\u0119t specjalistyczny<\/li>\n<li>Obs\u0142uga towar\u00f3w ponadgabarytowych i\/lub o du\u017cej masie<\/li>\n<li>Ubezpieczenia<\/li>\n<\/ul>\n<p>Mega Movers to rodzinna firma logistyczna, kt\u00f3ra dzia\u0142a na Dominikanie, Puerto Rico i Karaibach. Oferuj\u0105 rigging maszyn, projekty pod klucz, towary ponadgabarytowe\/nadwagowe oraz mi\u0119dzynarodowe przeprowadzki domowe. \u015awiadcz\u0105 r\u00f3wnie\u017c specjalistyczne us\u0142ugi w zakresie przemieszczania sprz\u0119tu medycznego na terenie Dominikany. S\u0105 cz\u0142onkiem IAM z 3-letnim sta\u017cem.<\/p>\n<p>Mega Movers zapewnia spersonalizowane us\u0142ugi, kt\u00f3re obejmuj\u0105 konsultacje i porady na miejscu. Zapewniaj\u0105 do\u015bwiadczonych pakowaczy i nowe materia\u0142y do pakowania, w tym skrzynie na zam\u00f3wienie, kt\u00f3re sami wykonuj\u0105. Wsp\u00f3\u0142pracuj\u0105 r\u00f3wnie\u017c z ponad 1,000 agent\u00f3w przeprowadzek mi\u0119dzynarodowych na ca\u0142ym \u015bwiecie, aby wsp\u00f3lnie \u015bwiadczy\u0107 us\u0142ugi.<\/p>\n<p>Strona internetowa: <a href=\"http:\/\/www.megamovers.co\" target=\"_blank\" rel=\"noopener\">http:\/\/www.megamovers.co<\/a><\/p>\n<h2><span class=\"ez-toc-section\" id=\"3_Dominican_International_Moving\"><\/span><strong>3. Dominikana International Moving<\/strong><span class=\"ez-toc-section-end\"><\/span><\/h2>\n<p><img loading=\"lazy\" decoding=\"async\" class=\"alignnone size-full wp-image-5939\" src=\"https:\/\/moverdb.com\/wp-content\/uploads\/Domincan-International-Moving-company.png\" alt=\"Firma Domincan International Moving\" width=\"1440\" height=\"672\" data-wp-pid=\"5939\" srcset=\"https:\/\/moverdb.com\/wp-content\/uploads\/Domincan-International-Moving-company.png 1440w, https:\/\/moverdb.com\/wp-content\/uploads\/Domincan-International-Moving-company-300x140.png 300w, https:\/\/moverdb.com\/wp-content\/uploads\/Domincan-International-Moving-company-1024x478.png 1024w, https:\/\/moverdb.com\/wp-content\/uploads\/Domincan-International-Moving-company-18x8.png 18w, https:\/\/moverdb.com\/wp-content\/uploads\/Domincan-International-Moving-company-600x280.png 600w\" sizes=\"auto, (max-width: 1440px) 100vw, 1440px\" \/><\/p>\n<ul>\n<li>Ruchy krajowe<\/li>\n<li>Przeprowadzki mi\u0119dzynarodowe<\/li>\n<li>Przeprowadzki mieszkaniowe<\/li>\n<li>Ruchy biznesowe<\/li>\n<li>Do\u015bwiadczenie w obs\u0142udze wra\u017cliwych i delikatnych przedmiot\u00f3w<\/li>\n<li>Us\u0142ugi pakowania<\/li>\n<li>Wsparcie celne<\/li>\n<li>Transport pojazd\u00f3w<\/li>\n<li>Przenoszenie zwierz\u0105t domowych<\/li>\n<li>Obiekty magazynowe<\/li>\n<\/ul>\n<p>Dominican International Moving to. <a href=\"https:\/\/moverdb.com\/pl\/moving-companies\/\" data-internallinksmanager029f6b8e52c=\"79\" title=\"25 najlepszych firm przeprowadzek mi\u0119dzynarodowych online\">przedsi\u0119biorstwo przeprowadzkowe<\/a> z siedzib\u0105 w Santo Domingo, kt\u00f3ra oferuje krajowe i mi\u0119dzynarodowe przeprowadzki i relokacje. Oferuj\u0105 r\u00f3wnie\u017c transport pojazd\u00f3w i przeprowadzki zwierz\u0105t domowych. S\u0105 cz\u0142onkiem IAM i posiadaj\u0105 sie\u0107 wykwalifikowanych agent\u00f3w na ca\u0142ym \u015bwiecie, kt\u00f3rzy pomagaj\u0105 w przeprowadzkach mi\u0119dzynarodowych.<\/p>\n<p>Dominican International Moving zapewnia kompleksowe rozwi\u0105zania w zakresie przeprowadzek, kt\u00f3re obejmuj\u0105 bezpieczne zapakowanie wszystkich rzeczy za pomoc\u0105 specjalistycznych opakowa\u0144, roz\u0142o\u017cenie mebli i sporz\u0105dzenie inwentarza. Zorganizuj\u0105 oni transport Twoich rzeczy, zajm\u0105 si\u0119 wymogami celnymi, roz\u0142aduj\u0105 je i z\u0142o\u017c\u0105 meble.<\/p>\n<p>Strona internetowa: <a href=\"http:\/\/www.dim.do\/\" target=\"_blank\" rel=\"noopener\">http:\/\/www.dim.do\/<\/a><\/p>\n<h2><span class=\"ez-toc-section\" id=\"4_Frank_Leo\"><\/span><strong>4. Frank Leo<\/strong><span class=\"ez-toc-section-end\"><\/span><\/h2>\n<p><img loading=\"lazy\" decoding=\"async\" class=\"alignnone size-full wp-image-5946\" src=\"https:\/\/moverdb.com\/wp-content\/uploads\/Frank-Leo-international-moving-company.png\" alt=\"Frank Leo firma zajmuj\u0105ca si\u0119 przeprowadzkami mi\u0119dzynarodowymi\" width=\"1440\" height=\"680\" data-wp-pid=\"5946\" srcset=\"https:\/\/moverdb.com\/wp-content\/uploads\/Frank-Leo-international-moving-company.png 1440w, https:\/\/moverdb.com\/wp-content\/uploads\/Frank-Leo-international-moving-company-300x142.png 300w, https:\/\/moverdb.com\/wp-content\/uploads\/Frank-Leo-international-moving-company-1024x484.png 1024w, https:\/\/moverdb.com\/wp-content\/uploads\/Frank-Leo-international-moving-company-18x9.png 18w, https:\/\/moverdb.com\/wp-content\/uploads\/Frank-Leo-international-moving-company-600x283.png 600w\" sizes=\"auto, (max-width: 1440px) 100vw, 1440px\" \/><\/p>\n<ul>\n<li>Ruchy krajowe<\/li>\n<li>Przeprowadzki mi\u0119dzynarodowe<\/li>\n<li>Us\u0142ugi relokacyjne<\/li>\n<li>Przeprowadzki gospodarstw domowych<\/li>\n<li>Przeprowadzki handlowe<\/li>\n<li>Transport l\u0105dowy, morski i lotniczy<\/li>\n<li>Maklerstwo celne<\/li>\n<li>Dodatkowe us\u0142ugi transportowe dla pojazd\u00f3w i zwierz\u0105t domowych<\/li>\n<li>Ubezpieczenia<\/li>\n<li>Obiekty magazynowe<\/li>\n<\/ul>\n<p>Frank Leo to firma logistyczna i przeprowadzkowa za\u0142o\u017cona na Dominikanie w 1990 roku. Oferuj\u0105 us\u0142ugi przeprowadzek krajowych i mi\u0119dzynarodowych, a tak\u017ce us\u0142ugi relokacyjne, kt\u00f3re wspieraj\u0105 Ci\u0119 w zakresie doradztwa lokalnego i zadomowienia si\u0119 w nowym kraju. S\u0105 cz\u0142onkiem IAM z 32-letnim sta\u017cem.<\/p>\n<p>Frank Leo oferuje rozwi\u0105zania dostosowane do potrzeb os\u00f3b prywatnych, rodzin, firm i dyplomat\u00f3w. Ich us\u0142ugi obejmuj\u0105 pakowanie wszystkich rzeczy, ze specjalnymi us\u0142ugami pakowania dla antyk\u00f3w, dzie\u0142 sztuki i maszyn. Organizuj\u0105 transport drog\u0105 l\u0105dow\u0105, morsk\u0105 lub powietrzn\u0105 i pomagaj\u0105 w za\u0142atwianiu spraw celnych. \u015awiadcz\u0105 r\u00f3wnie\u017c us\u0142ugi w zakresie pomocy w przenoszeniu pojazd\u00f3w, \u0142odzi, lekkich samolot\u00f3w, ro\u015blin i zwierz\u0105t domowych.<\/p>\n<p>Strona internetowa: <a href=\"http:\/\/www.frankleo.com\" target=\"_blank\" rel=\"noopener\">http:\/\/www.frankleo.com<\/a><\/p>\n<h2><span class=\"ez-toc-section\" id=\"5_L_G_International_Movers\"><\/span><strong>5. L&amp;G International Movers<\/strong><span class=\"ez-toc-section-end\"><\/span><\/h2>\n<p><img loading=\"lazy\" decoding=\"async\" class=\"alignnone size-full wp-image-5965\" src=\"https:\/\/moverdb.com\/wp-content\/uploads\/LG-International-Movers-company.png\" alt=\"Firma L&amp;G International Movers\" width=\"1440\" height=\"676\" data-wp-pid=\"5965\" srcset=\"https:\/\/moverdb.com\/wp-content\/uploads\/LG-International-Movers-company.png 1440w, https:\/\/moverdb.com\/wp-content\/uploads\/LG-International-Movers-company-300x141.png 300w, https:\/\/moverdb.com\/wp-content\/uploads\/LG-International-Movers-company-1024x481.png 1024w, https:\/\/moverdb.com\/wp-content\/uploads\/LG-International-Movers-company-18x8.png 18w, https:\/\/moverdb.com\/wp-content\/uploads\/LG-International-Movers-company-600x282.png 600w\" sizes=\"auto, (max-width: 1440px) 100vw, 1440px\" \/><\/p>\n<ul>\n<li>Ruchy krajowe<\/li>\n<li>Przeprowadzki mi\u0119dzynarodowe<\/li>\n<li>Przeprowadzki mieszkaniowe<\/li>\n<li>Ruchy biznesowe<\/li>\n<li>Opcja samodzielnego pakowania<\/li>\n<li>Us\u0142ugi pakowania<\/li>\n<li>Wyb\u00f3r opcji transportu<\/li>\n<li>Odprawa celna<\/li>\n<li>Transport samochodowy<\/li>\n<li>Obiekty magazynowe<\/li>\n<\/ul>\n<p>L&amp;G International Movers to firma \u015bwiadcz\u0105ca us\u0142ugi logistyczne i przeprowadzki mi\u0119dzynarodowe, kt\u00f3ra ma siedzib\u0119 w Santo Domingo. Firma \u015bwiadczy us\u0142ugi przeprowadzek mi\u0119dzynarodowych korzystaj\u0105c z us\u0142ug swoich partner\u00f3w, innych firm przeprowadzkowych i spedytor\u00f3w na ca\u0142ym \u015bwiecie. Jest cz\u0142onkiem IAM i posiada akredytacj\u0119 FIDI.<\/p>\n<p>L&amp;G International Movers spakuje Twoje rzeczy u\u017cywaj\u0105c najnowszych technik i materia\u0142\u00f3w lub mo\u017cesz wybra\u0107 pakowanie we w\u0142asnym zakresie. Oferuje wyb\u00f3r us\u0142ug transportowych, w tym fracht lotniczy i morski, w tym bardziej ekonomiczne metody, takie jak \u0142adunek zbiorowy, w kt\u00f3rym mo\u017cesz po\u0142\u0105czy\u0107 swoj\u0105 przesy\u0142k\u0119 z innymi. Pomog\u0105 Ci r\u00f3wnie\u017c w odprawie celnej.<\/p>\n<p>Strona internetowa: <a href=\"http:\/\/www.lginternationalmovers.com\" target=\"_blank\" rel=\"noopener\">http:\/\/www.lginternationalmovers.com<\/a><\/p>\n<h2><span class=\"ez-toc-section\" id=\"6_Latino_Express\"><\/span><strong>6. Latino Express<\/strong><span class=\"ez-toc-section-end\"><\/span><\/h2>\n<p><img loading=\"lazy\" decoding=\"async\" class=\"alignnone size-full wp-image-5967\" src=\"https:\/\/moverdb.com\/wp-content\/uploads\/Latino-Express-international-moving-company.png\" alt=\"Latino Express - mi\u0119dzynarodowa firma przeprowadzkowa\" width=\"1440\" height=\"665\" data-wp-pid=\"5967\" srcset=\"https:\/\/moverdb.com\/wp-content\/uploads\/Latino-Express-international-moving-company.png 1440w, https:\/\/moverdb.com\/wp-content\/uploads\/Latino-Express-international-moving-company-300x139.png 300w, https:\/\/moverdb.com\/wp-content\/uploads\/Latino-Express-international-moving-company-1024x473.png 1024w, https:\/\/moverdb.com\/wp-content\/uploads\/Latino-Express-international-moving-company-18x8.png 18w, https:\/\/moverdb.com\/wp-content\/uploads\/Latino-Express-international-moving-company-600x277.png 600w\" sizes=\"auto, (max-width: 1440px) 100vw, 1440px\" \/><\/p>\n<ul>\n<li>Przeprowadzki krajowe<\/li>\n<li>Przeprowadzki mi\u0119dzynarodowe<\/li>\n<li>Przeniesienia<\/li>\n<li>Przeprowadzki gospodarstw domowych<\/li>\n<li>Przeprowadzki korporacyjne<\/li>\n<li>Us\u0142ugi pakowania<\/li>\n<li>Profesjonalnie wyszkolony personel<\/li>\n<li>Maklerzy celni<\/li>\n<li>Fracht l\u0105dowy, morski i lotniczy<\/li>\n<li>Bezpieczne rozwi\u0105zania w zakresie przechowywania<\/li>\n<\/ul>\n<p>Latino Express to firma zajmuj\u0105ca si\u0119 przewozem \u0142adunk\u00f3w i przeprowadzkami, kt\u00f3ra zosta\u0142a za\u0142o\u017cona w 1979 roku i oferuje krajowe i mi\u0119dzynarodowe przeprowadzki, a tak\u017ce us\u0142ugi relokacyjne. Wsp\u00f3\u0142pracuj\u0105 z sieci\u0105 mi\u0119dzynarodowych firm przeprowadzkowych, aby pom\u00f3c w dostarczaniu us\u0142ug relokacyjnych na ca\u0142ym \u015bwiecie. S\u0105 cz\u0142onkiem IAM z 43-letnim sta\u017cem.<\/p>\n<p>Latino Express \u015bwiadczy profesjonalne us\u0142ugi przeprowadzkowe, kt\u00f3re obejmuj\u0105 przeprowadzki domowe i firmowe. Zapewniaj\u0105 us\u0142ug\u0119 pakowania dostarczan\u0105 przez wyszkolony personel, kt\u00f3ry ochroni Twoje rzeczy i zorganizuje transport drog\u0105 l\u0105dow\u0105, morsk\u0105 lub powietrzn\u0105 oraz zapewni pomoc w odprawie celnej. W razie potrzeby oferuj\u0105 r\u00f3wnie\u017c bezpieczne rozwi\u0105zania w zakresie przechowywania.<\/p>\n<p>Strona internetowa: <a href=\"http:\/\/www.latinoexpress.com.do\" target=\"_blank\" rel=\"noopener\">http:\/\/www.latinoexpress.com.do<\/a><\/p>","protected":false},"excerpt":{"rendered":"<p>If you are moving home or relocating your business in the Dominican Republic, or to or from the Dominican Republic, you might be looking for some assistance. A moving or relocation company could help ease your move and take away some of the stress. Below we have compiled a list of Dominican Republic removal companies [&hellip;]<\/p>\n","protected":false},"author":4,"featured_media":0,"parent":190,"menu_order":0,"comment_status":"closed","ping_status":"closed","template":"","meta":{"_genesis_hide_title":false,"_genesis_hide_breadcrumbs":false,"_genesis_hide_singular_image":false,"_genesis_hide_footer_widgets":false,"_genesis_custom_body_class":"","_genesis_custom_post_class":"","_genesis_layout":"","footnotes":""},"class_list":{"0":"post-6036","1":"page","2":"type-page","3":"status-publish","5":"entry","6":"has-post-thumbnail"},"_links":{"self":[{"href":"https:\/\/moverdb.com\/pl\/wp-json\/wp\/v2\/pages\/6036","targetHints":{"allow":["GET"]}}],"collection":[{"href":"https:\/\/moverdb.com\/pl\/wp-json\/wp\/v2\/pages"}],"about":[{"href":"https:\/\/moverdb.com\/pl\/wp-json\/wp\/v2\/types\/page"}],"author":[{"embeddable":true,"href":"https:\/\/moverdb.com\/pl\/wp-json\/wp\/v2\/users\/4"}],"replies":[{"embeddable":true,"href":"https:\/\/moverdb.com\/pl\/wp-json\/wp\/v2\/comments?post=6036"}],"version-history":[{"count":1,"href":"https:\/\/moverdb.com\/pl\/wp-json\/wp\/v2\/pages\/6036\/revisions"}],"predecessor-version":[{"id":6037,"href":"https:\/\/moverdb.com\/pl\/wp-json\/wp\/v2\/pages\/6036\/revisions\/6037"}],"up":[{"embeddable":true,"href":"https:\/\/moverdb.com\/pl\/wp-json\/wp\/v2\/pages\/190"}],"wp:attachment":[{"href":"https:\/\/moverdb.com\/pl\/wp-json\/wp\/v2\/media?parent=6036"}],"curies":[{"name":"wp","href":"https:\/\/api.w.org\/{rel}","templated":true}]}}