{"id":6026,"date":"2023-02-01T13:47:16","date_gmt":"2023-02-01T13:47:16","guid":{"rendered":"https:\/\/moverdb.com\/?page_id=6026"},"modified":"2026-01-08T15:29:04","modified_gmt":"2026-01-08T15:29:04","slug":"firmy-przeprowadzkowe-czeska-republika","status":"publish","type":"page","link":"https:\/\/moverdb.com\/pl\/moving-companies\/moving-companies-czech-republic\/","title":{"rendered":"5 Najlepszych firm zajmuj\u0105cych si\u0119 przeprowadzkami mi\u0119dzynarodowymi w Czechach"},"content":{"rendered":"<p>Przeprowadzka mo\u017ce by\u0107 stresuj\u0105cym momentem, dlatego wiele os\u00f3b korzysta z pomocy <a href=\"https:\/\/moverdb.com\/pl\/moving-companies\/\" data-internallinksmanager029f6b8e52c=\"79\" title=\"25 najlepszych firm przeprowadzek mi\u0119dzynarodowych online\">przedsi\u0119biorstwo przeprowadzkowe<\/a> aby pom\u00f3c zmniejszy\u0107 obci\u0105\u017cenie. Niezale\u017cnie od tego, czy przeprowadzasz si\u0119 sam, czy przeprowadzasz swoj\u0105 firm\u0119 lokalnie lub mi\u0119dzynarodowo, istnieje firma, kt\u00f3ra mo\u017ce Ci pom\u00f3c. Poni\u017cej zebrali\u015bmy list\u0119 <a href=\"https:\/\/moverdb.com\/pl\/moving-to-the-czech-republic\/\" data-internallinksmanager029f6b8e52c=\"391\" title=\"Przeprowadzka do Czech? 2024 Koszty \u017cycia i wskaz\u00f3wki dotycz\u0105ce przeprowadzki\">Republika Czeska<\/a> <a href=\"https:\/\/moverdb.com\/pl\/international-removals\/\" data-internallinksmanager029f6b8e52c=\"27\" title=\"36 najlepszych firm zajmuj\u0105cych si\u0119 przeprowadzkami mi\u0119dzynarodowymi w Wielkiej Brytanii\">przedsi\u0119biorstwa przeprowadzkowe<\/a> kt\u00f3re s\u0105 cz\u0142onkami <a href=\"https:\/\/moverdb.com\/pl\/iam\/\" data-internallinksmanager029f6b8e52c=\"23\" title=\"Mi\u0119dzynarodowe Stowarzyszenie Przewo\u017anik\u00f3w (IAM) - obja\u015bnienia\">Mi\u0119dzynarodowe Stowarzyszenie Przewo\u017anik\u00f3w<\/a> (IAM) i\/lub <a href=\"https:\/\/moverdb.com\/pl\/fidi-faim\/\" data-internallinksmanager029f6b8e52c=\"16\" title=\"FIDI i FAIM (FIDI Accredited International Mover) - obja\u015bnienia\">FIDI<\/a> Accredited International Mover (FAIM), kt\u00f3ry m\u00f3g\u0142by pom\u00f3c.<\/p>\n<div id=\"ez-toc-container\" class=\"ez-toc-v2_0_82_2 ez-toc-wrap-left counter-hierarchy ez-toc-counter ez-toc-transparent ez-toc-container-direction\">\n<div class=\"ez-toc-title-container\">\n<p class=\"ez-toc-title\" style=\"cursor:inherit\">Sekcje<\/p>\n<span class=\"ez-toc-title-toggle\"><a href=\"#\" class=\"ez-toc-pull-right ez-toc-btn ez-toc-btn-xs ez-toc-btn-default ez-toc-toggle\" aria-label=\"Prze\u0142\u0105cznik Spisu Tre\u015bci\"><span class=\"ez-toc-js-icon-con\"><span class=\"\"><span class=\"eztoc-hide\" style=\"display:none;\">Toggle<\/span><span class=\"ez-toc-icon-toggle-span\"><svg style=\"fill: #999;color:#999\" xmlns=\"http:\/\/www.w3.org\/2000\/svg\" class=\"list-377408\" width=\"20px\" height=\"20px\" viewbox=\"0 0 24 24\" fill=\"none\"><path d=\"M6 6H4v2h2V6zm14 0H8v2h12V6zM4 11h2v2H4v-2zm16 0H8v2h12v-2zM4 16h2v2H4v-2zm16 0H8v2h12v-2z\" fill=\"currentColor\"><\/path><\/svg><svg style=\"fill: #999;color:#999\" class=\"arrow-unsorted-368013\" xmlns=\"http:\/\/www.w3.org\/2000\/svg\" width=\"10px\" height=\"10px\" viewbox=\"0 0 24 24\" version=\"1.2\" baseprofile=\"tiny\"><path d=\"M18.2 9.3l-6.2-6.3-6.2 6.3c-.2.2-.3.4-.3.7s.1.5.3.7c.2.2.4.3.7.3h11c.3 0 .5-.1.7-.3.2-.2.3-.5.3-.7s-.1-.5-.3-.7zM5.8 14.7l6.2 6.3 6.2-6.3c.2-.2.3-.5.3-.7s-.1-.5-.3-.7c-.2-.2-.4-.3-.7-.3h-11c-.3 0-.5.1-.7.3-.2.2-.3.5-.3.7s.1.5.3.7z\"\/><\/svg><\/span><\/span><\/span><\/a><\/span><\/div>\n<nav><ul class='ez-toc-list ez-toc-list-level-1 eztoc-toggle-hide-by-default' ><li class='ez-toc-page-1 ez-toc-heading-level-2'><a class=\"ez-toc-link ez-toc-heading-1\" href=\"https:\/\/moverdb.com\/pl\/moving-companies\/moving-companies-czech-republic\/#1_Santa_Fe_Relocation\" >1. Santa Fe Relocation<\/a><\/li><li class='ez-toc-page-1 ez-toc-heading-level-2'><a class=\"ez-toc-link ez-toc-heading-2\" href=\"https:\/\/moverdb.com\/pl\/moving-companies\/moving-companies-czech-republic\/#2_Voerman_International\" >2. Voerman International<\/a><\/li><li class='ez-toc-page-1 ez-toc-heading-level-2'><a class=\"ez-toc-link ez-toc-heading-3\" href=\"https:\/\/moverdb.com\/pl\/moving-companies\/moving-companies-czech-republic\/#3_Gosselin\" >3. Gosselin<\/a><\/li><li class='ez-toc-page-1 ez-toc-heading-level-2'><a class=\"ez-toc-link ez-toc-heading-4\" href=\"https:\/\/moverdb.com\/pl\/moving-companies\/moving-companies-czech-republic\/#4_KAE_International_Movers\" >4. KAE International Movers<\/a><\/li><li class='ez-toc-page-1 ez-toc-heading-level-2'><a class=\"ez-toc-link ez-toc-heading-5\" href=\"https:\/\/moverdb.com\/pl\/moving-companies\/moving-companies-czech-republic\/#5_Fenix_Shipping\" >5. Fenix Wysy\u0142ka<\/a><\/li><li class='ez-toc-page-1 ez-toc-heading-level-2'><a class=\"ez-toc-link ez-toc-heading-6\" href=\"https:\/\/moverdb.com\/pl\/moving-companies\/moving-companies-czech-republic\/#Other_Useful_Guides_to_the_Czech_Republic\" >Inne przydatne przewodniki po Republice Czeskiej<\/a><\/li><\/ul><\/nav><\/div>\n<h2><span class=\"ez-toc-section\" id=\"1_Santa_Fe_Relocation\"><\/span><strong>1. Santa Fe Relocation<\/strong><span class=\"ez-toc-section-end\"><\/span><\/h2>\n<p><img loading=\"lazy\" decoding=\"async\" class=\"alignnone size-full wp-image-6030\" src=\"https:\/\/moverdb.com\/wp-content\/uploads\/Santa-Fe-Relocation-Prague-international-moving-company.png\" alt=\"Santa Fe Relocation Prague firma zajmuj\u0105ca si\u0119 przeprowadzkami mi\u0119dzynarodowymi\" width=\"1440\" height=\"683\" data-wp-pid=\"6030\" srcset=\"https:\/\/moverdb.com\/wp-content\/uploads\/Santa-Fe-Relocation-Prague-international-moving-company.png 1440w, https:\/\/moverdb.com\/wp-content\/uploads\/Santa-Fe-Relocation-Prague-international-moving-company-300x142.png 300w, https:\/\/moverdb.com\/wp-content\/uploads\/Santa-Fe-Relocation-Prague-international-moving-company-1024x486.png 1024w, https:\/\/moverdb.com\/wp-content\/uploads\/Santa-Fe-Relocation-Prague-international-moving-company-18x9.png 18w, https:\/\/moverdb.com\/wp-content\/uploads\/Santa-Fe-Relocation-Prague-international-moving-company-600x285.png 600w\" sizes=\"auto, (max-width: 1440px) 100vw, 1440px\" \/><\/p>\n<ul>\n<li>Przeprowadzki lokalne<\/li>\n<li>Przeprowadzki mi\u0119dzynarodowe<\/li>\n<li>Przeprowadzki gospodarstw domowych<\/li>\n<li>Relokacje przedsi\u0119biorstw<\/li>\n<li>Us\u0142uga pakowania przy u\u017cyciu wysokiej jako\u015bci materia\u0142\u00f3w<\/li>\n<li>Transport l\u0105dowy, lotniczy lub morski<\/li>\n<li>Odprawa celna<\/li>\n<li>Wsparcie wizowe i imigracyjne<\/li>\n<li>Transport zwierz\u0105t domowych i pojazd\u00f3w<\/li>\n<li>Magazyny kr\u00f3tko- i d\u0142ugoterminowe<\/li>\n<\/ul>\n<p>Santa Fe Relocation jest firm\u0105 zajmuj\u0105c\u0105 si\u0119 przeprowadzkami mi\u0119dzynarodowymi i posiadaj\u0105c\u0105 biura w kluczowych krajach. Firma otworzy\u0142a swoje biuro w Pradze w 1992 roku oferuj\u0105c zar\u00f3wno przeprowadzki mieszkaniowe jak i korporacyjne. Jest cz\u0142onkiem IAM z 30-letnim sta\u017cem i posiada akredytacj\u0119 FIDI.<\/p>\n<p>Santa Fe Relocation oferuje konsultacje przed przeprowadzk\u0105 na miejscu, aby oceni\u0107 Twoje potrzeby. Zapewniaj\u0105 profesjonaln\u0105 us\u0142ug\u0119 pakowania, w tym skatalogowanie wszystkiego i u\u017cycie najlepszych materia\u0142\u00f3w i technik pakowania. Zorganizuj\u0105 transport l\u0105dowy, lotniczy lub morski z odpraw\u0105 celn\u0105. Oferuj\u0105 dodatkowe us\u0142ugi, w tym ubezpieczenie, przechowywanie, wyszukiwanie dom\u00f3w i szk\u00f3\u0142, us\u0142ugi zwi\u0105zane z osiedlaniem si\u0119, transport zwierz\u0105t i pojazd\u00f3w.<\/p>\n<p>Strona internetowa: <a href=\"https:\/\/www.santaferelo.com\/en\/contact\/our-offices\/czech-republic-prague\/\" target=\"_blank\" rel=\"noopener\">https:\/\/www.santaferelo.com\/en\/contact\/our-offices\/czech-republic-prague\/<\/a><\/p>\n<h2><span class=\"ez-toc-section\" id=\"2_Voerman_International\"><\/span><strong>2. Voerman International<\/strong><span class=\"ez-toc-section-end\"><\/span><\/h2>\n<p><img loading=\"lazy\" decoding=\"async\" class=\"alignnone size-full wp-image-6011\" src=\"https:\/\/moverdb.com\/wp-content\/uploads\/Voerman-international-moving-company.png\" alt=\"Voerman firma zajmuj\u0105ca si\u0119 przeprowadzkami mi\u0119dzynarodowymi\" width=\"1440\" height=\"683\" data-wp-pid=\"6011\" srcset=\"https:\/\/moverdb.com\/wp-content\/uploads\/Voerman-international-moving-company.png 1440w, https:\/\/moverdb.com\/wp-content\/uploads\/Voerman-international-moving-company-300x142.png 300w, https:\/\/moverdb.com\/wp-content\/uploads\/Voerman-international-moving-company-1024x486.png 1024w, https:\/\/moverdb.com\/wp-content\/uploads\/Voerman-international-moving-company-18x9.png 18w, https:\/\/moverdb.com\/wp-content\/uploads\/Voerman-international-moving-company-600x285.png 600w\" sizes=\"auto, (max-width: 1440px) 100vw, 1440px\" \/><\/p>\n<ul>\n<li>Ruchy krajowe<\/li>\n<li>Przeprowadzki mi\u0119dzynarodowe<\/li>\n<li>Us\u0142ugi relokacyjne<\/li>\n<li>Pomoc w zakresie imigracji i wiz<\/li>\n<li>Pomoc w znalezieniu domu i szko\u0142y<\/li>\n<li>Transport pojazd\u00f3w<\/li>\n<li>Przenoszenie zwierz\u0105t domowych<\/li>\n<li>Ubezpieczenia<\/li>\n<li>Przechowywanie kr\u00f3tko- i d\u0142ugoterminowe<\/li>\n<li>Zr\u00f3wnowa\u017cone ruchy od lutego 2023 r.<\/li>\n<\/ul>\n<p>Voerman International to firma zajmuj\u0105ca si\u0119 przeprowadzkami i relokacjami, kt\u00f3ra dzia\u0142a od 1986 roku z biurami w <a href=\"https:\/\/moverdb.com\/pl\/moving-to-the-netherlands\/\" data-internallinksmanager029f6b8e52c=\"328\" title=\"Przeprowadzka do Holandii? Koszty \u017cycia i wskaz\u00f3wki dotycz\u0105ce relokacji w 2023 r.\">Holandia<\/a>, Rosja, Czechy i <a href=\"https:\/\/moverdb.com\/pl\/moving-to-poland\/\" data-internallinksmanager029f6b8e52c=\"378\" title=\"Przeprowadzka do Polski? Koszty \u017cycia i porady dotycz\u0105ce przeprowadzki w 2023 roku\">Polska<\/a>. Wsp\u00f3\u0142pracuj\u0105 z innymi mi\u0119dzynarodowymi agencjami przeprowadzkowymi w celu \u015bwiadczenia us\u0142ug na ca\u0142ym \u015bwiecie. S\u0105 cz\u0142onkiem IAM z 26-letnim sta\u017cem, cz\u0142onkiem <a href=\"https:\/\/moverdb.com\/pl\/harmony-relocation-network\/\" data-internallinksmanager029f6b8e52c=\"20\" title=\"Sie\u0107 Harmony Relocation (HRN) - obja\u015bnienia\">Sie\u0107 Harmony Relocation<\/a> i s\u0105 akredytowane przez FIDI.<\/p>\n<p>Voerman International oferuje kompleksow\u0105 obs\u0142ug\u0119, kt\u00f3ra obejmuje us\u0142ugi przed i po wyje\u017adzie, takie jak: us\u0142ugi wyjazdowe za\u0142atwianie formalno\u015bci, pomoc imigracyjn\u0105 i wizow\u0105. Oferuj\u0105 r\u00f3wnie\u017c us\u0142ugi zwi\u0105zane z osiedleniem si\u0119, pomoc w znalezieniu domu i szko\u0142y, us\u0142ugi r\u0119czne, szkolenia kulturowe i j\u0119zykowe.<\/p>\n<p>Strona internetowa: <a href=\"https:\/\/www.voerman.com\/\" target=\"_blank\" rel=\"noopener\">https:\/\/www.voerman.com\/<\/a><\/p>\n<h2><span class=\"ez-toc-section\" id=\"3_Gosselin\"><\/span><strong>3. Gosselin<\/strong><span class=\"ez-toc-section-end\"><\/span><\/h2>\n<p><img loading=\"lazy\" decoding=\"async\" class=\"alignnone size-full wp-image-5954\" src=\"https:\/\/moverdb.com\/wp-content\/uploads\/Gosselin-Czech-Republic-international-moving-company.png\" alt=\"Firma przeprowadzkowa Gosselin Czechy\" width=\"1440\" height=\"682\" data-wp-pid=\"5954\" srcset=\"https:\/\/moverdb.com\/wp-content\/uploads\/Gosselin-Czech-Republic-international-moving-company.png 1440w, https:\/\/moverdb.com\/wp-content\/uploads\/Gosselin-Czech-Republic-international-moving-company-300x142.png 300w, https:\/\/moverdb.com\/wp-content\/uploads\/Gosselin-Czech-Republic-international-moving-company-1024x485.png 1024w, https:\/\/moverdb.com\/wp-content\/uploads\/Gosselin-Czech-Republic-international-moving-company-18x9.png 18w, https:\/\/moverdb.com\/wp-content\/uploads\/Gosselin-Czech-Republic-international-moving-company-600x284.png 600w\" sizes=\"auto, (max-width: 1440px) 100vw, 1440px\" \/><\/p>\n<ul>\n<li>Przeprowadzki mi\u0119dzynarodowe<\/li>\n<li>Us\u0142ugi relokacyjne<\/li>\n<li>Przeprowadzki gospodarstw domowych<\/li>\n<li>Przeprowadzki biurowe<\/li>\n<li>Us\u0142uga pakowania z wykorzystaniem materia\u0142\u00f3w premium<\/li>\n<li>Transport l\u0105dowy lub morski<\/li>\n<li>Transport sztuk pi\u0119knych<\/li>\n<li>Przenoszenie zwierz\u0105t domowych<\/li>\n<li>Transport pojazd\u00f3w<\/li>\n<li>Obiekty magazynowe<\/li>\n<\/ul>\n<p>Gosselin jest firm\u0105 \u015bwiadcz\u0105c\u0105 us\u0142ugi w zakresie przeprowadzek mi\u0119dzynarodowych z biurami w ca\u0142ej Europie, w tym w Pradze, kt\u00f3ra zosta\u0142a za\u0142o\u017cona w 1992 roku. Firma posiada r\u00f3wnie\u017c sie\u0107 partnersk\u0105 na ca\u0142ym \u015bwiecie w celu realizacji przeprowadzek mi\u0119dzynarodowych. Firma jest cz\u0142onkiem IAM z 30-letnim sta\u017cem.<\/p>\n<p>Gosselin oferuje do\u015bwiadczon\u0105 us\u0142ug\u0119 przeprowadzkow\u0105, kt\u00f3ra mo\u017ce przenie\u015b\u0107 przedmioty gospodarstwa domowego, biura, pojazdy mechaniczne, zwierz\u0119ta domowe i dzie\u0142a sztuki do i z Republiki Czeskiej. Zapakujemy Twoje rzeczy w wysokim standardzie, u\u017cywaj\u0105c najwy\u017cszej jako\u015bci materia\u0142\u00f3w opakowaniowych. Zorganizuj\u0105 transport l\u0105dowy lub morski do miejsca przeznaczenia. \u015awiadcz\u0105 us\u0142ugi dla os\u00f3b prywatnych, firm, dyplomat\u00f3w i ambasad.<\/p>\n<p>Strona internetowa: <a href=\"https:\/\/gosselin-moving.com\/en\/czech-republic\" target=\"_blank\" rel=\"noopener\">https:\/\/gosselin-moving.com\/en\/czech-republic<\/a><\/p>\n<h2><span class=\"ez-toc-section\" id=\"4_KAE_International_Movers\"><\/span><strong>4. KAE International Movers<\/strong><span class=\"ez-toc-section-end\"><\/span><\/h2>\n<p><img loading=\"lazy\" decoding=\"async\" class=\"alignnone size-full wp-image-6028\" src=\"https:\/\/moverdb.com\/wp-content\/uploads\/KAE-International-Movers-international-moving-company.png\" alt=\"KAE International Movers firma zajmuj\u0105ca si\u0119 przeprowadzkami mi\u0119dzynarodowymi\" width=\"1440\" height=\"681\" data-wp-pid=\"6028\" srcset=\"https:\/\/moverdb.com\/wp-content\/uploads\/KAE-International-Movers-international-moving-company.png 1440w, https:\/\/moverdb.com\/wp-content\/uploads\/KAE-International-Movers-international-moving-company-300x142.png 300w, https:\/\/moverdb.com\/wp-content\/uploads\/KAE-International-Movers-international-moving-company-1024x484.png 1024w, https:\/\/moverdb.com\/wp-content\/uploads\/KAE-International-Movers-international-moving-company-18x9.png 18w, https:\/\/moverdb.com\/wp-content\/uploads\/KAE-International-Movers-international-moving-company-600x284.png 600w\" sizes=\"auto, (max-width: 1440px) 100vw, 1440px\" \/><\/p>\n<ul>\n<li>Ruchy krajowe<\/li>\n<li>Przeprowadzki mi\u0119dzynarodowe<\/li>\n<li>Przeprowadzki gospodarstw domowych<\/li>\n<li>Przeprowadzki biurowe<\/li>\n<li>Us\u0142ugi pakowania<\/li>\n<li>Wsparcie celne<\/li>\n<li>Ubezpieczenia<\/li>\n<li>Transport sztuk pi\u0119knych<\/li>\n<li>Transport pojazd\u00f3w<\/li>\n<li>Rozwi\u0105zania w zakresie przechowywania<\/li>\n<\/ul>\n<p>KAE International Movers jest firm\u0105 \u015bwiadcz\u0105c\u0105 us\u0142ugi w zakresie przeprowadzek i relokacji, kt\u00f3ra posiada biura w Republice Czeskiej i <a href=\"https:\/\/moverdb.com\/pl\/moving-to-greece\/\" data-internallinksmanager029f6b8e52c=\"353\" title=\"Przeprowadzka do Grecji? Koszty \u017cycia i wskaz\u00f3wki dotycz\u0105ce relokacji w 2023 r.\">Grecja<\/a>. Wsp\u00f3\u0142pracuj\u0105 z mi\u0119dzynarodowymi agentami przeprowadzkowymi, aby dostarczy\u0107 swoje us\u0142ugi na ca\u0142ym \u015bwiecie. S\u0105 cz\u0142onkiem IAM z 8-letnim sta\u017cem.<\/p>\n<p>KAE International Movers oferuje wst\u0119pne badanie, aby oceni\u0107 potrzeby zwi\u0105zane z przeprowadzk\u0105 i stworzy\u0107 wycen\u0119. Zapewniaj\u0105 profesjonaln\u0105 us\u0142ug\u0119 pakowania dom\u00f3w i biur, kt\u00f3ra zabezpieczy je i oznakuje do transportu l\u0105dowego, lotniczego lub morskiego. Pomog\u0105 Ci w odprawie celnej i za\u0142atwieniu dokument\u00f3w. \u015awiadcz\u0105 r\u00f3wnie\u017c specjalistyczne us\u0142ugi transportowe dla dzie\u0142 sztuki i pojazd\u00f3w.<\/p>\n<p>Strona internetowa: <a href=\"http:\/\/www.kaeintlmovers.com\" target=\"_blank\" rel=\"noopener\">http:\/\/www.kaeintlmovers.com<\/a><\/p>\n<h2><span class=\"ez-toc-section\" id=\"5_Fenix_Shipping\"><\/span><strong>5. Fenix Wysy\u0142ka<\/strong><span class=\"ez-toc-section-end\"><\/span><\/h2>\n<p><img loading=\"lazy\" decoding=\"async\" class=\"alignnone size-full wp-image-6027\" src=\"https:\/\/moverdb.com\/wp-content\/uploads\/Fenix-Shipping-international-moving-company.png\" alt=\"Firma Fenix Shipping zajmuj\u0105ca si\u0119 przeprowadzkami mi\u0119dzynarodowymi\" width=\"1440\" height=\"683\" data-wp-pid=\"6027\" srcset=\"https:\/\/moverdb.com\/wp-content\/uploads\/Fenix-Shipping-international-moving-company.png 1440w, https:\/\/moverdb.com\/wp-content\/uploads\/Fenix-Shipping-international-moving-company-300x142.png 300w, https:\/\/moverdb.com\/wp-content\/uploads\/Fenix-Shipping-international-moving-company-1024x486.png 1024w, https:\/\/moverdb.com\/wp-content\/uploads\/Fenix-Shipping-international-moving-company-18x9.png 18w, https:\/\/moverdb.com\/wp-content\/uploads\/Fenix-Shipping-international-moving-company-600x285.png 600w\" sizes=\"auto, (max-width: 1440px) 100vw, 1440px\" \/><\/p>\n<ul>\n<li>Ruchy krajowe<\/li>\n<li>Przeprowadzki mi\u0119dzynarodowe<\/li>\n<li>Us\u0142ugi relokacyjne<\/li>\n<li>Przeprowadzki gospodarstw domowych<\/li>\n<li>Us\u0142uga pakowania<\/li>\n<li>Drogowe, morskie i lotnicze<\/li>\n<li>Wsparcie celne<\/li>\n<li>Us\u0142ugi sprz\u0105tania<\/li>\n<li>Transport zwierz\u0105t<\/li>\n<li>Magazyny kr\u00f3tko- i d\u0142ugoterminowe<\/li>\n<\/ul>\n<p>Fenix Shipping to mi\u0119dzynarodowy dostawca us\u0142ug przeprowadzkowych z siedzib\u0105 w Pradze, kt\u00f3ry oferuje us\u0142ugi przeprowadzkowe na terenie Republiki Czeskiej oraz do i z Republiki Czeskiej. Wsp\u00f3\u0142pracuj\u0105 z partnerami z ca\u0142ego \u015bwiata, aby oferowa\u0107 swoje us\u0142ugi mi\u0119dzynarodowe. Jest cz\u0142onkiem IAM z 7-letnim sta\u017cem.<\/p>\n<p>Firma Fenix Shipping oferuje kompleksow\u0105 us\u0142ug\u0119 przeprowadzki, kt\u00f3ra obejmuje us\u0142ugi pakowania w celu ochrony Twoich rzeczy, za\u0142adunek rzeczy i zorganizowanie transportu l\u0105dowego, morskiego lub powietrznego. Za\u0142atwiaj\u0105 r\u00f3wnie\u017c us\u0142ugi celne i dokumenty wspieraj\u0105ce Twoj\u0105 przeprowadzk\u0119. Ich us\u0142ugi relokacyjne pomagaj\u0105 r\u00f3wnie\u017c w sprz\u0105taniu i wynajmie samochodu.<\/p>\n<p>Strona internetowa: <a href=\"http:\/\/www.fenixshipping.cz\" target=\"_blank\" rel=\"noopener\">http:\/\/www.fenixshipping.cz<\/a><\/p>\n<h2><span class=\"ez-toc-section\" id=\"Other_Useful_Guides_to_the_Czech_Republic\"><\/span>Inne przydatne przewodniki po Republice Czeskiej<span class=\"ez-toc-section-end\"><\/span><\/h2>\n<ul>\n<li> <a href=\"https:\/\/moverdb.com\/pl\/moving-to-the-czech-republic\/\">Przeprowadzka do Czech? 2024 Koszty \u017cycia i wskaz\u00f3wki dotycz\u0105ce przeprowadzki<\/a><\/li>\n<li> <a href=\"https:\/\/moverdb.com\/pl\/moving-to-the-czech-republic\/best-places-to-live-in-czech-republic\/\">12 najlepszych miejsc do \u017cycia w Czechach<\/a><\/li>\n<li> <a href=\"https:\/\/moverdb.com\/pl\/?page_id=9648&#038;preview=true\">21 sekret\u00f3w dotycz\u0105cych \u017cycia w Czechach, kt\u00f3re warto pozna\u0107 przed przeprowadzk\u0105<\/a><\/li>\n<li> <a href=\"https:\/\/moverdb.com\/pl\/przeladunek-w-kontenerach\/republika-czeska\/\">2024 Stawki frachtu morskiego kontenerowego do i z Czech<\/a><\/li>\n<\/ul>","protected":false},"excerpt":{"rendered":"<p>Moving can be a stressful time which is why many people seek the assistance of a moving company to help ease the burden. Whether you are moving yourself or your business locally or internationally, there is a company that can help. Below we have compiled a list of Czech Republic removal companies that are members [&hellip;]<\/p>\n","protected":false},"author":4,"featured_media":0,"parent":190,"menu_order":0,"comment_status":"closed","ping_status":"closed","template":"","meta":{"_genesis_hide_title":false,"_genesis_hide_breadcrumbs":false,"_genesis_hide_singular_image":false,"_genesis_hide_footer_widgets":false,"_genesis_custom_body_class":"","_genesis_custom_post_class":"","_genesis_layout":"","footnotes":""},"class_list":{"0":"post-6026","1":"page","2":"type-page","3":"status-publish","5":"entry","6":"has-post-thumbnail"},"_links":{"self":[{"href":"https:\/\/moverdb.com\/pl\/wp-json\/wp\/v2\/pages\/6026","targetHints":{"allow":["GET"]}}],"collection":[{"href":"https:\/\/moverdb.com\/pl\/wp-json\/wp\/v2\/pages"}],"about":[{"href":"https:\/\/moverdb.com\/pl\/wp-json\/wp\/v2\/types\/page"}],"author":[{"embeddable":true,"href":"https:\/\/moverdb.com\/pl\/wp-json\/wp\/v2\/users\/4"}],"replies":[{"embeddable":true,"href":"https:\/\/moverdb.com\/pl\/wp-json\/wp\/v2\/comments?post=6026"}],"version-history":[{"count":4,"href":"https:\/\/moverdb.com\/pl\/wp-json\/wp\/v2\/pages\/6026\/revisions"}],"predecessor-version":[{"id":16359,"href":"https:\/\/moverdb.com\/pl\/wp-json\/wp\/v2\/pages\/6026\/revisions\/16359"}],"up":[{"embeddable":true,"href":"https:\/\/moverdb.com\/pl\/wp-json\/wp\/v2\/pages\/190"}],"wp:attachment":[{"href":"https:\/\/moverdb.com\/pl\/wp-json\/wp\/v2\/media?parent=6026"}],"curies":[{"name":"wp","href":"https:\/\/api.w.org\/{rel}","templated":true}]}}