{"id":6024,"date":"2023-02-01T12:30:48","date_gmt":"2023-02-01T12:30:48","guid":{"rendered":"https:\/\/moverdb.com\/?page_id=6024"},"modified":"2026-01-08T15:23:41","modified_gmt":"2026-01-08T15:23:41","slug":"moving-companies-in-cyprus","status":"publish","type":"page","link":"https:\/\/moverdb.com\/pl\/moving-companies\/moving-companies-in-cyprus\/","title":{"rendered":"2 Najlepsze firmy zajmuj\u0105ce si\u0119 przeprowadzkami mi\u0119dzynarodowymi na Cyprze"},"content":{"rendered":"<p>Je\u015bli przeprowadzasz si\u0119 do domu w <a href=\"https:\/\/moverdb.com\/pl\/moving-to-cyprus\/\" data-internallinksmanager029f6b8e52c=\"377\" title=\"Przeprowadzka na Cypr? 2026 Koszty utrzymania i porady dotycz\u0105ce przeprowadzki\">Cypr<\/a>lub przeprowadzaj\u0105c si\u0119 na Cypr lub z Cypru, mo\u017cesz potrzebowa\u0107 pomocy w przeprowadzce od firmy przeprowadzkowej lub <a href=\"https:\/\/moverdb.com\/pl\/relocation-agents\/\" data-internallinksmanager029f6b8e52c=\"1\" title=\"7 powod\u00f3w, dla kt\u00f3rych warto skorzysta\u0107 z us\u0142ug agenta ds. przeprowadzek?\">agent ds. przeprowadzek<\/a> kt\u00f3re mog\u0105 zdj\u0105\u0107 z nas cz\u0119\u015b\u0107 stresu. Poni\u017cej przedstawiamy list\u0119 Cypru <a href=\"https:\/\/moverdb.com\/pl\/international-removals\/\" data-internallinksmanager029f6b8e52c=\"27\" title=\"36 najlepszych firm zajmuj\u0105cych si\u0119 przeprowadzkami mi\u0119dzynarodowymi w Wielkiej Brytanii\">przedsi\u0119biorstwa przeprowadzkowe<\/a> kt\u00f3re s\u0105 cz\u0142onkami <a href=\"https:\/\/moverdb.com\/pl\/iam\/\" data-internallinksmanager029f6b8e52c=\"23\" title=\"Mi\u0119dzynarodowe Stowarzyszenie Przewo\u017anik\u00f3w (IAM) - obja\u015bnienia\">Mi\u0119dzynarodowe Stowarzyszenie Przewo\u017anik\u00f3w<\/a> (IAM) i\/lub <a href=\"https:\/\/moverdb.com\/pl\/fidi-faim\/\" data-internallinksmanager029f6b8e52c=\"16\" title=\"FIDI i FAIM (FIDI Accredited International Mover) - obja\u015bnienia\">FIDI<\/a> Accredited International Mover (FAIM), kt\u00f3ry mo\u017ce Ci pom\u00f3c.<\/p>\n<h2><strong>1. Columbia Worldwide Movers<\/strong><\/h2>\n<p><img loading=\"lazy\" decoding=\"async\" class=\"alignnone size-full wp-image-5936\" src=\"https:\/\/moverdb.com\/wp-content\/uploads\/Columbia-Worldwide-Movers-international-moving-company.png\" alt=\"Columbia Worldwide Movers firma zajmuj\u0105ca si\u0119 przeprowadzkami mi\u0119dzynarodowymi\" width=\"1440\" height=\"682\" data-wp-pid=\"5936\" srcset=\"https:\/\/moverdb.com\/wp-content\/uploads\/Columbia-Worldwide-Movers-international-moving-company.png 1440w, https:\/\/moverdb.com\/wp-content\/uploads\/Columbia-Worldwide-Movers-international-moving-company-300x142.png 300w, https:\/\/moverdb.com\/wp-content\/uploads\/Columbia-Worldwide-Movers-international-moving-company-1024x485.png 1024w, https:\/\/moverdb.com\/wp-content\/uploads\/Columbia-Worldwide-Movers-international-moving-company-18x9.png 18w, https:\/\/moverdb.com\/wp-content\/uploads\/Columbia-Worldwide-Movers-international-moving-company-600x284.png 600w\" sizes=\"auto, (max-width: 1440px) 100vw, 1440px\" \/><\/p>\n<ul>\n<li>Ruchy krajowe<\/li>\n<li>Przeprowadzki mi\u0119dzynarodowe<\/li>\n<li>Us\u0142ugi relokacyjne<\/li>\n<li>Przeprowadzki gospodarstw domowych<\/li>\n<li>Ruchy biznesowe<\/li>\n<li>Us\u0142ugi pakowania<\/li>\n<li>L\u0105d, morze i powietrze<\/li>\n<li>Transport zwierz\u0105t<\/li>\n<li><a href=\"https:\/\/moverdb.com\/pl\/car-transport-shipping\/\" data-internallinksmanager029f6b8e52c=\"2\" title=\"2026 Mi\u0119dzynarodowy transport samochodowy i wyceny wysy\u0142ki pojazd\u00f3w\">Spedycja pojazd\u00f3w<\/a><\/li>\n<li>Obiekty magazynowe<\/li>\n<\/ul>\n<p>Firma Columbia Worldwide Movers zosta\u0142a za\u0142o\u017cona w 1994 roku jako dostawca us\u0142ug przeprowadzkowych i magazynowych. Oferuje ona krajowe i mi\u0119dzynarodowe us\u0142ugi przeprowadzkowe dla gospodarstw domowych i firm. Przeprowadzki mi\u0119dzynarodowe realizowane s\u0105 we wsp\u00f3\u0142pracy z zaufanymi agentami przeprowadzkowymi w innych krajach. Firma jest cz\u0142onkiem IAM z 28-letnim sta\u017cem i posiada akredytacj\u0119 FIDI.<\/p>\n<p>Firma Columbia Worldwide Movers oferuje rozwi\u0105zania w zakresie przeprowadzek dostosowane do indywidualnych potrzeb klienta, oferuj\u0105c us\u0142ug\u0119 \"od drzwi do drzwi\", kt\u00f3ra obejmuje organizacj\u0119 pakowania rzeczy i organizacj\u0119 wysy\u0142ki drog\u0105 l\u0105dow\u0105, morsk\u0105 lub powietrzn\u0105 wraz z odpraw\u0105 celn\u0105. Oferuje r\u00f3wnie\u017c specjalistyczne us\u0142ugi transportowe dla zwierz\u0105t domowych i pojazd\u00f3w.<\/p>\n<p>Strona internetowa: <a href=\"http:\/\/www.columbiamovers.com\" target=\"_blank\" rel=\"noopener\">http:\/\/www.columbiamovers.com<\/a><\/p>\n<h2><strong>2. Orbit Moving and Storage<\/strong><\/h2>\n<p><img loading=\"lazy\" decoding=\"async\" class=\"alignnone size-full wp-image-5988\" src=\"https:\/\/moverdb.com\/wp-content\/uploads\/Orbit-Moving-and-Storage-international-moving-company.png\" alt=\"Orbit Moving and Storage firma zajmuj\u0105ca si\u0119 przeprowadzkami mi\u0119dzynarodowymi\" width=\"1440\" height=\"679\" data-wp-pid=\"5988\" srcset=\"https:\/\/moverdb.com\/wp-content\/uploads\/Orbit-Moving-and-Storage-international-moving-company.png 1440w, https:\/\/moverdb.com\/wp-content\/uploads\/Orbit-Moving-and-Storage-international-moving-company-300x141.png 300w, https:\/\/moverdb.com\/wp-content\/uploads\/Orbit-Moving-and-Storage-international-moving-company-1024x483.png 1024w, https:\/\/moverdb.com\/wp-content\/uploads\/Orbit-Moving-and-Storage-international-moving-company-18x8.png 18w, https:\/\/moverdb.com\/wp-content\/uploads\/Orbit-Moving-and-Storage-international-moving-company-600x283.png 600w\" sizes=\"auto, (max-width: 1440px) 100vw, 1440px\" \/><\/p>\n<ul>\n<li>Przeprowadzki lokalne<\/li>\n<li>Przeprowadzki mi\u0119dzynarodowe<\/li>\n<li>Us\u0142ugi relokacyjne<\/li>\n<li>Przeprowadzki mieszkaniowe<\/li>\n<li>Przeniesienie biura<\/li>\n<li>Us\u0142ugi pakowania<\/li>\n<li>Transport sztuk pi\u0119knych<\/li>\n<li>Wysy\u0142ka zwierz\u0105t domowych<\/li>\n<li>Spedycja pojazd\u00f3w<\/li>\n<li>Us\u0142ugi magazynowania<\/li>\n<\/ul>\n<p>Orbit Moving and Storage to mi\u0119dzynarodowa firma zajmuj\u0105ca si\u0119 przeprowadzkami i magazynowaniem, kt\u00f3ra dzia\u0142a od 1982 roku. Jest cz\u0119\u015bci\u0105 grupy firm Orphee Beingoglou, kt\u00f3ra jest dostawc\u0105 us\u0142ug transportowych i logistycznych. Posiada og\u00f3lno\u015bwiatow\u0105 sie\u0107 agent\u00f3w przeprowadzkowych, kt\u00f3rzy pomagaj\u0105 w przeprowadzkach mi\u0119dzynarodowych. S\u0105 cz\u0142onkiem IAM z 40-letnim sta\u017cem i posiadaj\u0105 akredytacj\u0119 FIDI.<\/p>\n<p>Orbit Moving and Storage oferuje us\u0142ugi przeprowadzek osobistych i biznesowych, kt\u00f3re s\u0105 realizowane przy u\u017cyciu najnowszych technologii i materia\u0142\u00f3w do pakowania. Zapewniaj\u0105 profesjonaln\u0105 us\u0142ug\u0119 pakowania i zorganizuj\u0105 transport Twoich rzeczy, w tym specjalistyczn\u0105 us\u0142ug\u0119 dla dzie\u0142 sztuki, zwierz\u0105t domowych i pojazd\u00f3w.<\/p>\n<p>Strona internetowa: <a href=\"http:\/\/www.orbitcy.com\/\" target=\"_blank\" rel=\"noopener\">http:\/\/www.orbitcy.com\/<\/a><\/p>\n<p>Zobacz tak\u017ce:<\/p>\n<ul>\n<li> <a href=\"https:\/\/moverdb.com\/pl\/moving-to-cyprus\/living-in-cyprus\/\">20 sekret\u00f3w \u017cycia na Cyprze, kt\u00f3re warto pozna\u0107 przed przeprowadzk\u0105<\/a><\/li>\n<li> <a href=\"https:\/\/moverdb.com\/pl\/moving-to-cyprus\/\">Przeprowadzka na Cypr? Koszty \u017cycia i wskaz\u00f3wki dotycz\u0105ce przeprowadzki<\/a><\/li>\n<li> <a href=\"https:\/\/moverdb.com\/pl\/przeladunek-w-kontenerach\/cypr\/\">Stawki transportu kontenerowego z i na Cypr<\/a><\/li>\n<\/ul>","protected":false},"excerpt":{"rendered":"<p>If you are moving home in Cyprus, or moving to or from Cyprus you might want some help with your move from a moving or relocation agent that can take away some of the stress. Below we have compiled a list of Cyprus removal companies that are members of the International Association of Movers (IAM) [&hellip;]<\/p>\n","protected":false},"author":4,"featured_media":0,"parent":190,"menu_order":0,"comment_status":"closed","ping_status":"closed","template":"","meta":{"_genesis_hide_title":false,"_genesis_hide_breadcrumbs":false,"_genesis_hide_singular_image":false,"_genesis_hide_footer_widgets":false,"_genesis_custom_body_class":"","_genesis_custom_post_class":"","_genesis_layout":"","footnotes":""},"class_list":{"0":"post-6024","1":"page","2":"type-page","3":"status-publish","5":"entry","6":"has-post-thumbnail"},"_links":{"self":[{"href":"https:\/\/moverdb.com\/pl\/wp-json\/wp\/v2\/pages\/6024","targetHints":{"allow":["GET"]}}],"collection":[{"href":"https:\/\/moverdb.com\/pl\/wp-json\/wp\/v2\/pages"}],"about":[{"href":"https:\/\/moverdb.com\/pl\/wp-json\/wp\/v2\/types\/page"}],"author":[{"embeddable":true,"href":"https:\/\/moverdb.com\/pl\/wp-json\/wp\/v2\/users\/4"}],"replies":[{"embeddable":true,"href":"https:\/\/moverdb.com\/pl\/wp-json\/wp\/v2\/comments?post=6024"}],"version-history":[{"count":4,"href":"https:\/\/moverdb.com\/pl\/wp-json\/wp\/v2\/pages\/6024\/revisions"}],"predecessor-version":[{"id":15035,"href":"https:\/\/moverdb.com\/pl\/wp-json\/wp\/v2\/pages\/6024\/revisions\/15035"}],"up":[{"embeddable":true,"href":"https:\/\/moverdb.com\/pl\/wp-json\/wp\/v2\/pages\/190"}],"wp:attachment":[{"href":"https:\/\/moverdb.com\/pl\/wp-json\/wp\/v2\/media?parent=6024"}],"curies":[{"name":"wp","href":"https:\/\/api.w.org\/{rel}","templated":true}]}}