{"id":6020,"date":"2023-02-01T13:55:01","date_gmt":"2023-02-01T13:55:01","guid":{"rendered":"https:\/\/moverdb.com\/?page_id=6020"},"modified":"2026-01-08T15:29:53","modified_gmt":"2026-01-08T15:29:53","slug":"moving-companies-croatia","status":"publish","type":"page","link":"https:\/\/moverdb.com\/pl\/moving-companies\/moving-companies-croatia\/","title":{"rendered":"Najlepsze firmy zajmuj\u0105ce si\u0119 przeprowadzkami mi\u0119dzynarodowymi w Chorwacji"},"content":{"rendered":"<p>Je\u015bli przeprowadzasz si\u0119 do domu lub firmy w <a href=\"https:\/\/moverdb.com\/pl\/moving-to-croatia\/\" data-internallinksmanager029f6b8e52c=\"428\" title=\"Przeprowadzka do Chorwacji? Koszty \u017cycia i wskaz\u00f3wki dotycz\u0105ce relokacji w 2023 r.\">Chorwacja<\/a>do lub z Chorwacji, mo\u017cesz potrzebowa\u0107 pomocy w przeprowadzce. Aby pom\u00f3c tym, kt\u00f3rzy si\u0119 przeprowadzaj\u0105, przygotowali\u015bmy list\u0119 chorwackich <a href=\"https:\/\/moverdb.com\/pl\/international-removals\/\" data-internallinksmanager029f6b8e52c=\"27\" title=\"36 najlepszych firm zajmuj\u0105cych si\u0119 przeprowadzkami mi\u0119dzynarodowymi w Wielkiej Brytanii\">przedsi\u0119biorstwa przeprowadzkowe<\/a> poni\u017cej, kt\u00f3re s\u0105 cz\u0142onkami <a href=\"https:\/\/moverdb.com\/pl\/iam\/\" data-internallinksmanager029f6b8e52c=\"23\" title=\"Mi\u0119dzynarodowe Stowarzyszenie Przewo\u017anik\u00f3w (IAM) - obja\u015bnienia\">Mi\u0119dzynarodowe Stowarzyszenie Przewo\u017anik\u00f3w<\/a> (IAM) i\/lub <a href=\"https:\/\/moverdb.com\/pl\/fidi-faim\/\" data-internallinksmanager029f6b8e52c=\"16\" title=\"FIDI i FAIM (FIDI Accredited International Mover) - obja\u015bnienia\">FIDI<\/a> Accredited International Mover (FAIM).<\/p>\n<h2><strong>Gosselin<\/strong><\/h2>\n<p><img loading=\"lazy\" decoding=\"async\" class=\"alignnone size-full wp-image-5953\" src=\"https:\/\/moverdb.com\/wp-content\/uploads\/Gosselin-Croatia-international-moving-company.png\" alt=\"Gosselin Chorwacja firma zajmuj\u0105ca si\u0119 przeprowadzkami mi\u0119dzynarodowymi\" width=\"1440\" height=\"680\" data-wp-pid=\"5953\" srcset=\"https:\/\/moverdb.com\/wp-content\/uploads\/Gosselin-Croatia-international-moving-company.png 1440w, https:\/\/moverdb.com\/wp-content\/uploads\/Gosselin-Croatia-international-moving-company-300x142.png 300w, https:\/\/moverdb.com\/wp-content\/uploads\/Gosselin-Croatia-international-moving-company-1024x484.png 1024w, https:\/\/moverdb.com\/wp-content\/uploads\/Gosselin-Croatia-international-moving-company-18x9.png 18w, https:\/\/moverdb.com\/wp-content\/uploads\/Gosselin-Croatia-international-moving-company-600x283.png 600w\" sizes=\"auto, (max-width: 1440px) 100vw, 1440px\" \/><\/p>\n<ul>\n<li>Ruchy krajowe<\/li>\n<li>Przeprowadzki mi\u0119dzynarodowe<\/li>\n<li>Przeprowadzki gospodarstw domowych<\/li>\n<li>Przeprowadzki biur i ambasad<\/li>\n<li>Przeszkoleni pracownicy zapewniaj\u0105 wysok\u0105 jako\u015b\u0107<\/li>\n<li>Us\u0142uga pakowania i rozpakowywania<\/li>\n<li>Sztuki pi\u0119kne ruchome<\/li>\n<li>Transport zwierz\u0105t<\/li>\n<li>Wysy\u0142ka pojazd\u00f3w<\/li>\n<li>Przechowywanie kr\u00f3tko- i d\u0142ugoterminowe<\/li>\n<\/ul>\n<p>Gosselin jest <a href=\"https:\/\/moverdb.com\/pl\/moving-companies\/\" data-internallinksmanager029f6b8e52c=\"79\" title=\"25 najlepszych firm przeprowadzek mi\u0119dzynarodowych online\">firma zajmuj\u0105ca si\u0119 przeprowadzkami mi\u0119dzynarodowymi<\/a> kt\u00f3ra ma biura na ca\u0142ym \u015bwiecie i dzia\u0142a od 1930 roku. Od ponad 20 lat \u015bwiadcz\u0105 us\u0142ugi przeprowadzkowe w Chorwacji ze swojej bazy w Zagrzebiu. S\u0105 cz\u0142onkiem IAM z 9-letnim sta\u017cem.<\/p>\n<p>Gosselin oferuje profesjonaln\u0105 us\u0142ug\u0119 przeprowadzkow\u0105, kt\u00f3ra pozwala na przeprowadzanie zar\u00f3wno du\u017cych, jak i ma\u0142ych przesy\u0142ek, w tym przesy\u0142ek dzie\u0142 sztuki, kt\u00f3re wymagaj\u0105 bardziej ostro\u017cnego obchodzenia si\u0119 z nimi, a tak\u017ce us\u0142ug specjalistycznych, takich jak transport zwierz\u0105t domowych i pojazd\u00f3w. Gosselin zapewnia wyszkolony personel, kt\u00f3ry pracuje zgodnie z najwy\u017cszymi standardami ochrony Twoich rzeczy w transporcie i rozpakuje je po przyje\u017adzie.<\/p>\n<p>Strona internetowa: <a href=\"https:\/\/gosselin-moving.com\/en\/southeast-europe\" target=\"_blank\" rel=\"noopener\">https:\/\/gosselin-moving.com\/en\/southeast-europe<\/a><\/p>\n<h2>Inne przydatne przewodniki po Chorwacji<\/h2>\n<ul>\n<li> <a href=\"https:\/\/moverdb.com\/pl\/przeladunek-w-kontenerach\/chorwacja\/\">2024 Stawki frachtu morskiego kontenerowego do iz Chorwacji<\/a><\/li>\n<li> <a href=\"https:\/\/moverdb.com\/pl\/moving-to-croatia\/\">Przeprowadzka do Chorwacji? Koszty \u017cycia i wskaz\u00f3wki dotycz\u0105ce relokacji w 2023 r.<\/a><\/li>\n<li> <a href=\"https:\/\/moverdb.com\/pl\/moving-to-croatia\/living-in-croatia\/\">21 sekret\u00f3w dotycz\u0105cych \u017cycia w Chorwacji, kt\u00f3re warto pozna\u0107 przed przeprowadzk\u0105<\/a><\/li>\n<\/ul>","protected":false},"excerpt":{"rendered":"<p>If you are moving home or business in Croatia, or to or from Croatia, you might want some help with your move. To assist those that are moving we have compiled a list of Croatian removal companies below that are members of the International Association of Movers (IAM) and\/or FIDI Accredited International Mover (FAIM). Gosselin [&hellip;]<\/p>\n","protected":false},"author":4,"featured_media":0,"parent":190,"menu_order":0,"comment_status":"closed","ping_status":"closed","template":"","meta":{"_genesis_hide_title":false,"_genesis_hide_breadcrumbs":false,"_genesis_hide_singular_image":false,"_genesis_hide_footer_widgets":false,"_genesis_custom_body_class":"","_genesis_custom_post_class":"","_genesis_layout":"","footnotes":""},"class_list":{"0":"post-6020","1":"page","2":"type-page","3":"status-publish","5":"entry","6":"has-post-thumbnail"},"_links":{"self":[{"href":"https:\/\/moverdb.com\/pl\/wp-json\/wp\/v2\/pages\/6020","targetHints":{"allow":["GET"]}}],"collection":[{"href":"https:\/\/moverdb.com\/pl\/wp-json\/wp\/v2\/pages"}],"about":[{"href":"https:\/\/moverdb.com\/pl\/wp-json\/wp\/v2\/types\/page"}],"author":[{"embeddable":true,"href":"https:\/\/moverdb.com\/pl\/wp-json\/wp\/v2\/users\/4"}],"replies":[{"embeddable":true,"href":"https:\/\/moverdb.com\/pl\/wp-json\/wp\/v2\/comments?post=6020"}],"version-history":[{"count":2,"href":"https:\/\/moverdb.com\/pl\/wp-json\/wp\/v2\/pages\/6020\/revisions"}],"predecessor-version":[{"id":18351,"href":"https:\/\/moverdb.com\/pl\/wp-json\/wp\/v2\/pages\/6020\/revisions\/18351"}],"up":[{"embeddable":true,"href":"https:\/\/moverdb.com\/pl\/wp-json\/wp\/v2\/pages\/190"}],"wp:attachment":[{"href":"https:\/\/moverdb.com\/pl\/wp-json\/wp\/v2\/media?parent=6020"}],"curies":[{"name":"wp","href":"https:\/\/api.w.org\/{rel}","templated":true}]}}