{"id":6015,"date":"2023-02-01T13:48:20","date_gmt":"2023-02-01T13:48:20","guid":{"rendered":"https:\/\/moverdb.com\/?page_id=6015"},"modified":"2026-01-08T15:29:16","modified_gmt":"2026-01-08T15:29:16","slug":"moving-companies-costa-rica","status":"publish","type":"page","link":"https:\/\/moverdb.com\/pl\/moving-companies\/moving-companies-costa-rica\/","title":{"rendered":"6 Najlepszych firm zajmuj\u0105cych si\u0119 przeprowadzkami mi\u0119dzynarodowymi w Kostaryce"},"content":{"rendered":"<p>Przeprowadzasz si\u0119 do lub z <a href=\"https:\/\/moverdb.com\/pl\/moving-to-costa-rica\/\" data-internallinksmanager029f6b8e52c=\"427\" title=\"Przeprowadzka do Kostaryki? 2026 Koszty \u017cycia i wskaz\u00f3wki dotycz\u0105ce relokacji\">Kostaryka<\/a>lub przeprowadzka w obr\u0119bie Kostaryki? W takim razie mo\u017cesz by\u0107 zainteresowany pomoc\u0105 w przeniesieniu wszystkich swoich rzeczy, poniewa\u017c mo\u017ce to by\u0107 skomplikowane, zw\u0142aszcza je\u015bli przeprowadzasz si\u0119 do innego kraju. Poni\u017cej przygotowali\u015bmy list\u0119 kostaryka\u0144skich <a href=\"https:\/\/moverdb.com\/pl\/international-removals\/\" data-internallinksmanager029f6b8e52c=\"27\" title=\"36 najlepszych firm zajmuj\u0105cych si\u0119 przeprowadzkami mi\u0119dzynarodowymi w Wielkiej Brytanii\">przedsi\u0119biorstwa przeprowadzkowe<\/a> kt\u00f3re s\u0105 cz\u0142onkami <a href=\"https:\/\/moverdb.com\/pl\/iam\/\" data-internallinksmanager029f6b8e52c=\"23\" title=\"Mi\u0119dzynarodowe Stowarzyszenie Przewo\u017anik\u00f3w (IAM) - obja\u015bnienia\">Mi\u0119dzynarodowe Stowarzyszenie Przewo\u017anik\u00f3w<\/a> (IAM) i\/lub <a href=\"https:\/\/moverdb.com\/pl\/fidi-faim\/\" data-internallinksmanager029f6b8e52c=\"16\" title=\"FIDI i FAIM (FIDI Accredited International Mover) - obja\u015bnienia\">FIDI<\/a> Accredited International Mover (FAIM), kt\u00f3ry mo\u017ce Ci pom\u00f3c.<\/p>\n<div id=\"ez-toc-container\" class=\"ez-toc-v2_0_82_2 ez-toc-wrap-left counter-hierarchy ez-toc-counter ez-toc-transparent ez-toc-container-direction\">\n<div class=\"ez-toc-title-container\">\n<p class=\"ez-toc-title\" style=\"cursor:inherit\">Sekcje<\/p>\n<span class=\"ez-toc-title-toggle\"><a href=\"#\" class=\"ez-toc-pull-right ez-toc-btn ez-toc-btn-xs ez-toc-btn-default ez-toc-toggle\" aria-label=\"Prze\u0142\u0105cznik Spisu Tre\u015bci\"><span class=\"ez-toc-js-icon-con\"><span class=\"\"><span class=\"eztoc-hide\" style=\"display:none;\">Toggle<\/span><span class=\"ez-toc-icon-toggle-span\"><svg style=\"fill: #999;color:#999\" xmlns=\"http:\/\/www.w3.org\/2000\/svg\" class=\"list-377408\" width=\"20px\" height=\"20px\" viewbox=\"0 0 24 24\" fill=\"none\"><path d=\"M6 6H4v2h2V6zm14 0H8v2h12V6zM4 11h2v2H4v-2zm16 0H8v2h12v-2zM4 16h2v2H4v-2zm16 0H8v2h12v-2z\" fill=\"currentColor\"><\/path><\/svg><svg style=\"fill: #999;color:#999\" class=\"arrow-unsorted-368013\" xmlns=\"http:\/\/www.w3.org\/2000\/svg\" width=\"10px\" height=\"10px\" viewbox=\"0 0 24 24\" version=\"1.2\" baseprofile=\"tiny\"><path d=\"M18.2 9.3l-6.2-6.3-6.2 6.3c-.2.2-.3.4-.3.7s.1.5.3.7c.2.2.4.3.7.3h11c.3 0 .5-.1.7-.3.2-.2.3-.5.3-.7s-.1-.5-.3-.7zM5.8 14.7l6.2 6.3 6.2-6.3c.2-.2.3-.5.3-.7s-.1-.5-.3-.7c-.2-.2-.4-.3-.7-.3h-11c-.3 0-.5.1-.7.3-.2.2-.3.5-.3.7s.1.5.3.7z\"\/><\/svg><\/span><\/span><\/span><\/a><\/span><\/div>\n<nav><ul class='ez-toc-list ez-toc-list-level-1 eztoc-toggle-hide-by-default' ><li class='ez-toc-page-1 ez-toc-heading-level-2'><a class=\"ez-toc-link ez-toc-heading-1\" href=\"https:\/\/moverdb.com\/pl\/moving-companies\/moving-companies-costa-rica\/#1_Allianz_Moving\" >1. Allianz Moving<\/a><\/li><li class='ez-toc-page-1 ez-toc-heading-level-2'><a class=\"ez-toc-link ez-toc-heading-2\" href=\"https:\/\/moverdb.com\/pl\/moving-companies\/moving-companies-costa-rica\/#2_Gateway_Moving_and_Relocation\" >2. Gateway Moving and Relocation<\/a><\/li><li class='ez-toc-page-1 ez-toc-heading-level-2'><a class=\"ez-toc-link ez-toc-heading-3\" href=\"https:\/\/moverdb.com\/pl\/moving-companies\/moving-companies-costa-rica\/#3_Inter_Moves_SG_Global\" >3. Inter Moves SG Global<\/a><\/li><li class='ez-toc-page-1 ez-toc-heading-level-2'><a class=\"ez-toc-link ez-toc-heading-4\" href=\"https:\/\/moverdb.com\/pl\/moving-companies\/moving-companies-costa-rica\/#4_Mudanzas_Mundiales\" >4. Mudanzas Mundiales<\/a><\/li><li class='ez-toc-page-1 ez-toc-heading-level-2'><a class=\"ez-toc-link ez-toc-heading-5\" href=\"https:\/\/moverdb.com\/pl\/moving-companies\/moving-companies-costa-rica\/#5_Multimodal\" >5. Multimodalna<\/a><\/li><li class='ez-toc-page-1 ez-toc-heading-level-2'><a class=\"ez-toc-link ez-toc-heading-6\" href=\"https:\/\/moverdb.com\/pl\/moving-companies\/moving-companies-costa-rica\/#6_Winmovers\" >6. Winmovers<\/a><\/li><li class='ez-toc-page-1 ez-toc-heading-level-2'><a class=\"ez-toc-link ez-toc-heading-7\" href=\"https:\/\/moverdb.com\/pl\/moving-companies\/moving-companies-costa-rica\/#Other_Useful_Guides_to_Costa_Rica\" >Inne przydatne przewodniki po Kostaryce<\/a><\/li><\/ul><\/nav><\/div>\n<h2><span class=\"ez-toc-section\" id=\"1_Allianz_Moving\"><\/span><strong>1. Allianz Moving<\/strong><span class=\"ez-toc-section-end\"><\/span><\/h2>\n<p><img loading=\"lazy\" decoding=\"async\" class=\"alignnone size-full wp-image-5925\" src=\"https:\/\/moverdb.com\/wp-content\/uploads\/Allianz-Moving-international-moving-company.png\" alt=\"Allianz Moving firma zajmuj\u0105ca si\u0119 przeprowadzkami mi\u0119dzynarodowymi\" width=\"1440\" height=\"684\" data-wp-pid=\"5925\" srcset=\"https:\/\/moverdb.com\/wp-content\/uploads\/Allianz-Moving-international-moving-company.png 1440w, https:\/\/moverdb.com\/wp-content\/uploads\/Allianz-Moving-international-moving-company-300x143.png 300w, https:\/\/moverdb.com\/wp-content\/uploads\/Allianz-Moving-international-moving-company-1024x486.png 1024w, https:\/\/moverdb.com\/wp-content\/uploads\/Allianz-Moving-international-moving-company-18x9.png 18w, https:\/\/moverdb.com\/wp-content\/uploads\/Allianz-Moving-international-moving-company-600x285.png 600w\" sizes=\"auto, (max-width: 1440px) 100vw, 1440px\" \/><\/p>\n<ul>\n<li>Przeprowadzki lokalne i krajowe<\/li>\n<li>Przeprowadzki mi\u0119dzynarodowe<\/li>\n<li>Us\u0142ugi relokacyjne<\/li>\n<li>Przeprowadzki mieszkaniowe<\/li>\n<li>Przeprowadzki biurowe<\/li>\n<li>Us\u0142uga pakowania<\/li>\n<li>Ubezpieczenia<\/li>\n<li>Przeprowadzka zwierz\u0105t<\/li>\n<li><a href=\"https:\/\/moverdb.com\/pl\/car-transport-shipping\/\" data-internallinksmanager029f6b8e52c=\"2\" title=\"2026 Mi\u0119dzynarodowy transport samochodowy i wyceny wysy\u0142ki pojazd\u00f3w\">Spedycja samochod\u00f3w<\/a><\/li>\n<li>Obiekty magazynowe<\/li>\n<\/ul>\n<p>Allianz Moving jest dostawc\u0105 mi\u0119dzynarodowych rozwi\u0105za\u0144 relokacyjnych z ponad 20-letnim do\u015bwiadczeniem w przeprowadzkach lokalnych i globalnych. Przeprowadzki mi\u0119dzynarodowe realizowane s\u0105 przez globaln\u0105 sie\u0107 partner\u00f3w. Jest cz\u0142onkiem IAM z 7-letnim sta\u017cem.<\/p>\n<p>Allianz Moving zapewnia badanie przed przeprowadzk\u0105, aby oceni\u0107 Twoje potrzeby i poda\u0107 wycen\u0119. Zapewni\u0105 Ci us\u0142ug\u0119 pakowania, kt\u00f3ra ochroni Twoje rzeczy i zorganizuj\u0105 transport Twoich rzeczy, w tym odpraw\u0119 celn\u0105. Zapewniaj\u0105 r\u00f3wnie\u017c dodatkowe us\u0142ugi w zakresie przeprowadzek mi\u0119dzynarodowych dla zwierz\u0105t domowych i samochod\u00f3w, jak r\u00f3wnie\u017c kr\u00f3tko- i d\u0142ugoterminowe przechowywanie.<\/p>\n<p>Strona internetowa: <a href=\"http:\/\/www.allianzmoving.com\" target=\"_blank\" rel=\"noopener\">http:\/\/www.allianzmoving.com<\/a><\/p>\n<h2><span class=\"ez-toc-section\" id=\"2_Gateway_Moving_and_Relocation\"><\/span><strong>2. Gateway Moving and Relocation<\/strong><span class=\"ez-toc-section-end\"><\/span><\/h2>\n<p><img loading=\"lazy\" decoding=\"async\" class=\"alignnone size-full wp-image-5949\" src=\"https:\/\/moverdb.com\/wp-content\/uploads\/Gateway-Moving-and-Relocation-international-moving-company.png\" alt=\"Gateway Moving and Relocation firma zajmuj\u0105ca si\u0119 przeprowadzkami mi\u0119dzynarodowymi\" width=\"1440\" height=\"683\" data-wp-pid=\"5949\" srcset=\"https:\/\/moverdb.com\/wp-content\/uploads\/Gateway-Moving-and-Relocation-international-moving-company.png 1440w, https:\/\/moverdb.com\/wp-content\/uploads\/Gateway-Moving-and-Relocation-international-moving-company-300x142.png 300w, https:\/\/moverdb.com\/wp-content\/uploads\/Gateway-Moving-and-Relocation-international-moving-company-1024x486.png 1024w, https:\/\/moverdb.com\/wp-content\/uploads\/Gateway-Moving-and-Relocation-international-moving-company-18x9.png 18w, https:\/\/moverdb.com\/wp-content\/uploads\/Gateway-Moving-and-Relocation-international-moving-company-600x285.png 600w\" sizes=\"auto, (max-width: 1440px) 100vw, 1440px\" \/><\/p>\n<ul>\n<li>Przeprowadzki lokalne i krajowe<\/li>\n<li>Przeprowadzki mi\u0119dzynarodowe<\/li>\n<li>Przeprowadzki mieszkaniowe<\/li>\n<li>Relokacje przemys\u0142owe i biurowe<\/li>\n<li>Pakiety przeprowadzkowe dostosowane do potrzeb<\/li>\n<li>Us\u0142ugi pakowania i kratowania<\/li>\n<li>Wysokiej jako\u015bci wyposa\u017cenie<\/li>\n<li>Maklerstwo celne<\/li>\n<li>Spedycja pojazd\u00f3w<\/li>\n<li>Obiekty magazynowe<\/li>\n<\/ul>\n<p>Gateway Moving and Relocation to rodzinna firma zajmuj\u0105ca si\u0119 przeprowadzkami i relokacjami, kt\u00f3ra ma siedzib\u0119 w <a href=\"https:\/\/moverdb.com\/pl\/moving-to-san-jose\/\" data-internallinksmanager029f6b8e52c=\"64\" title=\"Przeprowadzasz si\u0119 do San Jose? 2026 Koszty utrzymania i wskaz\u00f3wki dotycz\u0105ce przeprowadzki\">San Jose<\/a> z biurem w <a href=\"https:\/\/moverdb.com\/pl\/moving-companies\/moving-companies-nicaragua\/\" data-internallinksmanager029f6b8e52c=\"278\" title=\"Najlepsze firmy zajmuj\u0105ce si\u0119 przeprowadzkami mi\u0119dzynarodowymi w Nikaragui\">Nikaragua<\/a>. Wsp\u00f3\u0142pracuj\u0105 z innymi agentami przeprowadzkowymi na ca\u0142ym \u015bwiecie, aby zapewni\u0107 mi\u0119dzynarodowy serwis. S\u0105 cz\u0142onkiem IAM z 6-letnim sta\u017cem.<\/p>\n<p>Gateway Moving and Relocation oferuje spersonalizowane pakiety przeprowadzek, kt\u00f3re s\u0105 dostosowane do Twoich potrzeb. Zapewniaj\u0105 oni us\u0142ug\u0119 pakowania, kt\u00f3ra chroni Twoje przedmioty podczas transportu, w tym wszystko od drobnych <a href=\"https:\/\/moverdb.com\/pl\/moving-to-china\/\" data-internallinksmanager029f6b8e52c=\"357\" title=\"Przeprowadzka do Chin? Koszty \u017cycia i wskaz\u00f3wki dotycz\u0105ce relokacji w 2023 r.\">chiny<\/a> do instrument\u00f3w muzycznych i wielkogabarytowych mebli. \u015awiadcz\u0105 us\u0142ugi po\u015brednictwa celnego, us\u0142ugi przewozu pojazd\u00f3w oraz us\u0142ugi magazynowania przed lub po przeprowadzce.<\/p>\n<p>Strona internetowa: <a href=\"https:\/\/www.gatewaymovingcr.com\" target=\"_blank\" rel=\"noopener\">https:\/\/www.gatewaymovingcr.com<\/a><\/p>\n<h2><span class=\"ez-toc-section\" id=\"3_Inter_Moves_SG_Global\"><\/span><strong>3. Inter Moves SG Global<\/strong><span class=\"ez-toc-section-end\"><\/span><\/h2>\n<p><img loading=\"lazy\" decoding=\"async\" class=\"alignnone size-full wp-image-5959\" src=\"https:\/\/moverdb.com\/wp-content\/uploads\/Inter-Moves-SG-Global-international-moving-company.png\" alt=\"Inter Moves SG Globalna firma zajmuj\u0105ca si\u0119 przeprowadzkami mi\u0119dzynarodowymi\" width=\"1440\" height=\"684\" data-wp-pid=\"5959\" srcset=\"https:\/\/moverdb.com\/wp-content\/uploads\/Inter-Moves-SG-Global-international-moving-company.png 1440w, https:\/\/moverdb.com\/wp-content\/uploads\/Inter-Moves-SG-Global-international-moving-company-300x143.png 300w, https:\/\/moverdb.com\/wp-content\/uploads\/Inter-Moves-SG-Global-international-moving-company-1024x486.png 1024w, https:\/\/moverdb.com\/wp-content\/uploads\/Inter-Moves-SG-Global-international-moving-company-18x9.png 18w, https:\/\/moverdb.com\/wp-content\/uploads\/Inter-Moves-SG-Global-international-moving-company-600x285.png 600w\" sizes=\"auto, (max-width: 1440px) 100vw, 1440px\" \/><\/p>\n<ul>\n<li>Przeprowadzki lokalne i krajowe<\/li>\n<li>Przeprowadzki mi\u0119dzynarodowe<\/li>\n<li>Przeprowadzki gospodarstw domowych<\/li>\n<li>Przeprowadzki biur<\/li>\n<li>Us\u0142ugi pakowania<\/li>\n<li>Broker celny<\/li>\n<li>Przeprowadzki antyk\u00f3w i dzie\u0142 sztuki<\/li>\n<li>Transport pojazd\u00f3w<\/li>\n<li>Opcje ubezpieczeniowe<\/li>\n<li>Obiekty magazynowe<\/li>\n<\/ul>\n<p>Inter Moves SG Global to firma zajmuj\u0105ca si\u0119 spedycj\u0105 i przeprowadzkami mi\u0119dzynarodowymi, kt\u00f3ra zosta\u0142a za\u0142o\u017cona w 2001 roku. Oferuje us\u0142ugi przeprowadzek lokalnych, krajowych i mi\u0119dzynarodowych zar\u00f3wno dla gospodarstw domowych jak i biur. S\u0105 cz\u0142onkiem IAM z 21-letnim sta\u017cem.<\/p>\n<p>Inter Moves SG Global oferuje profesjonalne us\u0142ugi przeprowadzkowe, kt\u00f3re spakuj\u0105 Twoje rzeczy i zorganizuj\u0105 ich za\u0142adunek do kontener\u00f3w i skrzy\u0144 wraz z transportem do miejsca przeznaczenia, w tym po\u015brednictwo celne. Oferuj\u0105 po\u015brednictwo ubezpieczeniowe, aby znale\u017a\u0107 najlepsze ubezpieczenie dla Twojej przeprowadzki. Zapewniaj\u0105 nawet hotel typu Bed &amp; Breakfast dla tych, kt\u00f3rzy przenosz\u0105 si\u0119 i potrzebuj\u0105 tymczasowego zakwaterowania.<\/p>\n<p>Strona internetowa: <a href=\"http:\/\/www.InterMoves-SGCR.com\" target=\"_blank\" rel=\"noopener\">http:\/\/www.InterMoves-SGCR.com<\/a><\/p>\n<h2><span class=\"ez-toc-section\" id=\"4_Mudanzas_Mundiales\"><\/span><strong>4. Mudanzas Mundiales<\/strong><span class=\"ez-toc-section-end\"><\/span><\/h2>\n<p><img loading=\"lazy\" decoding=\"async\" class=\"alignnone size-full wp-image-5981\" src=\"https:\/\/moverdb.com\/wp-content\/uploads\/Mudanzas-Mundiales-international-moving-company.png\" alt=\"Mudanzas Mundiales - mi\u0119dzynarodowa firma przeprowadzkowa\" width=\"1440\" height=\"680\" data-wp-pid=\"5981\" srcset=\"https:\/\/moverdb.com\/wp-content\/uploads\/Mudanzas-Mundiales-international-moving-company.png 1440w, https:\/\/moverdb.com\/wp-content\/uploads\/Mudanzas-Mundiales-international-moving-company-300x142.png 300w, https:\/\/moverdb.com\/wp-content\/uploads\/Mudanzas-Mundiales-international-moving-company-1024x484.png 1024w, https:\/\/moverdb.com\/wp-content\/uploads\/Mudanzas-Mundiales-international-moving-company-18x9.png 18w, https:\/\/moverdb.com\/wp-content\/uploads\/Mudanzas-Mundiales-international-moving-company-600x283.png 600w\" sizes=\"auto, (max-width: 1440px) 100vw, 1440px\" \/><\/p>\n<ul>\n<li>Przeprowadzki mi\u0119dzynarodowe<\/li>\n<li>Przeprowadzki mieszkaniowe<\/li>\n<li>Przeprowadzki handlowe<\/li>\n<li>Us\u0142ugi relokacyjne<\/li>\n<li>Profesjonalna us\u0142uga pakowania<\/li>\n<li>Transport drog\u0105 l\u0105dow\u0105, morsk\u0105 lub powietrzn\u0105<\/li>\n<li>Broker celny<\/li>\n<li>Transport dzie\u0142 sztuki<\/li>\n<li>Transport zwierz\u0105t<\/li>\n<li>Obiekty magazynowe<\/li>\n<\/ul>\n<p>Mudanzas Mundiales to firma przeprowadzkowa z ponad 60-letnim do\u015bwiadczeniem w zintegrowanej logistyce i handlu mi\u0119dzynarodowym. Posiadaj\u0105 biura w San Jose i Nikaragui. S\u0105 cz\u0142onkiem IAM z 53-letnim sta\u017cem i posiadaj\u0105 akredytacj\u0119 FIDI.<\/p>\n<p>Mudanzas Mundiales oferuje indywidualne podej\u015bcie do przeprowadzek z us\u0142ug\u0105 \"od drzwi do drzwi\", kt\u00f3ra obejmuje us\u0142ug\u0119 pakowania przy u\u017cyciu najwy\u017cszej jako\u015bci materia\u0142\u00f3w, a\u017c do rozpakowania i u\u0142o\u017cenia mebli. Organizuj\u0105 transport l\u0105dowy, morski lub lotniczy z obs\u0142ug\u0105 celn\u0105 i ubezpieczeniem. Ich us\u0142ugi relokacyjne pomog\u0105 Ci w orientacji, znalezieniu domu i szko\u0142y, us\u0142ugach zwi\u0105zanych z przyjazdem oraz szkoleniach j\u0119zykowych i kulturowych.<\/p>\n<p>Strona internetowa: <a href=\"http:\/\/mudanzasmundiales.com\" target=\"_blank\" rel=\"noopener\">http:\/\/mudanzasmundiales.com<\/a><\/p>\n<h2><span class=\"ez-toc-section\" id=\"5_Multimodal\"><\/span><strong>5. Multimodalna<\/strong><span class=\"ez-toc-section-end\"><\/span><\/h2>\n<p><img loading=\"lazy\" decoding=\"async\" class=\"alignnone size-full wp-image-5984\" src=\"https:\/\/moverdb.com\/wp-content\/uploads\/Multimodal-international-moving-company.png\" alt=\"Multimodalna firma zajmuj\u0105ca si\u0119 przeprowadzkami mi\u0119dzynarodowymi\" width=\"1440\" height=\"680\" data-wp-pid=\"5984\" srcset=\"https:\/\/moverdb.com\/wp-content\/uploads\/Multimodal-international-moving-company.png 1440w, https:\/\/moverdb.com\/wp-content\/uploads\/Multimodal-international-moving-company-300x142.png 300w, https:\/\/moverdb.com\/wp-content\/uploads\/Multimodal-international-moving-company-1024x484.png 1024w, https:\/\/moverdb.com\/wp-content\/uploads\/Multimodal-international-moving-company-18x9.png 18w, https:\/\/moverdb.com\/wp-content\/uploads\/Multimodal-international-moving-company-600x283.png 600w\" sizes=\"auto, (max-width: 1440px) 100vw, 1440px\" \/><\/p>\n<ul>\n<li>Przeprowadzki mi\u0119dzynarodowe<\/li>\n<li>Przeprowadzki mieszkaniowe<\/li>\n<li>Przeprowadzki biurowe<\/li>\n<li>Obs\u0142uga i monitorowanie przesy\u0142ek<\/li>\n<li>Transport l\u0105dowy, morski i lotniczy<\/li>\n<li>Maklerstwo celne<\/li>\n<li>Ubezpieczenie \u0142adunk\u00f3w<\/li>\n<li>Transport zwierz\u0105t domowych<\/li>\n<li>Transport pojazd\u00f3w<\/li>\n<li>Obiekty magazynowe<\/li>\n<\/ul>\n<p>Multimodal to specjalistyczny dostawca us\u0142ug w zakresie handlu mi\u0119dzynarodowego i ce\u0142, kt\u00f3ry oferuje us\u0142ugi przeprowadzkowe w Kostaryce i Nikaragui. Zosta\u0142a za\u0142o\u017cona w 1999 roku i oferowa\u0142a g\u0142\u00f3wnie \u0142adunki lotnicze, ale rozszerzy\u0142a swoj\u0105 ofert\u0119 o wszystkie \u015brodki transportu. Jest cz\u0142onkiem IAM z 37-letnim sta\u017cem i wsp\u00f3\u0142pracuje z innymi agencjami, aby \u015bwiadczy\u0107 swoje us\u0142ugi na skal\u0119 mi\u0119dzynarodow\u0105.<\/p>\n<p>Multimodal oferuje bezpieczn\u0105 i niezawodn\u0105 us\u0142ug\u0119 przeprowadzki, kt\u00f3ra b\u0119dzie pozbawiona komplikacji i niepotrzebnych koszt\u00f3w. Zapewniaj\u0105 profesjonalne us\u0142ugi pakowania, aby bezpiecznie przewie\u017a\u0107 Twoje rzeczy, a tak\u017ce zorganizuj\u0105 transport l\u0105dowy, morski lub lotniczy wraz z po\u015brednictwem celnym.<\/p>\n<p>Strona internetowa: <a href=\"http:\/\/www.multimodalcr.com\" target=\"_blank\" rel=\"noopener\">http:\/\/www.multimodalcr.com<\/a><\/p>\n<h2><span class=\"ez-toc-section\" id=\"6_Winmovers\"><\/span><strong>6. Winmovers<\/strong><span class=\"ez-toc-section-end\"><\/span><\/h2>\n<p><img loading=\"lazy\" decoding=\"async\" class=\"alignnone size-full wp-image-6016\" src=\"https:\/\/moverdb.com\/wp-content\/uploads\/Winmovers-international-moving-company.png\" alt=\"Winmovers firma zajmuj\u0105ca si\u0119 przeprowadzkami mi\u0119dzynarodowymi\" width=\"1440\" height=\"678\" data-wp-pid=\"6016\" srcset=\"https:\/\/moverdb.com\/wp-content\/uploads\/Winmovers-international-moving-company.png 1440w, https:\/\/moverdb.com\/wp-content\/uploads\/Winmovers-international-moving-company-300x141.png 300w, https:\/\/moverdb.com\/wp-content\/uploads\/Winmovers-international-moving-company-1024x482.png 1024w, https:\/\/moverdb.com\/wp-content\/uploads\/Winmovers-international-moving-company-18x8.png 18w, https:\/\/moverdb.com\/wp-content\/uploads\/Winmovers-international-moving-company-600x283.png 600w\" sizes=\"auto, (max-width: 1440px) 100vw, 1440px\" \/><\/p>\n<ul>\n<li>Przeprowadzki lokalne i krajowe<\/li>\n<li>Przeprowadzki mi\u0119dzynarodowe<\/li>\n<li>Przeprowadzki gospodarstw domowych<\/li>\n<li>Ruchy biznesowe<\/li>\n<li>Us\u0142uga \"od drzwi do drzwi\".<\/li>\n<li>Profesjonalna us\u0142uga pakowania<\/li>\n<li>Opakowania przemys\u0142owe<\/li>\n<li>Transport l\u0105dowy, lotniczy i morski<\/li>\n<li>Specjalistyczne przedmioty, takie jak pianino i sprz\u0119t komputerowy<\/li>\n<li>Zr\u00f3\u017cnicowana flota samochod\u00f3w ci\u0119\u017carowych<\/li>\n<\/ul>\n<p>Winmovers to mi\u0119dzynarodowy i lokalny dostawca us\u0142ug przeprowadzkowych, kt\u00f3ry zosta\u0142 za\u0142o\u017cony w 2003 roku. S\u0105 cz\u0142onkiem IAM z 19-letnim sta\u017cem i posiadaj\u0105 akredytacj\u0119 FIDI. Posiadaj\u0105 szerok\u0105 i zr\u00f3\u017cnicowan\u0105 flot\u0119 samochod\u00f3w ci\u0119\u017carowych, kt\u00f3re spe\u0142niaj\u0105 r\u00f3\u017cne potrzeby transportowe.<\/p>\n<p>Winmovers oferuje us\u0142ug\u0119 \"od drzwi do drzwi\", kt\u00f3ra obejmuje profesjonaln\u0105 us\u0142ug\u0119 pakowania dostarczan\u0105 przez wyszkolony personel, kt\u00f3ry zabezpieczy Twoje rzeczy za pomoc\u0105 szeregu materia\u0142\u00f3w do pakowania, takich jak pude\u0142ka, pokrowce i koce. Tworz\u0105 r\u00f3wnie\u017c w\u0142asne certyfikowane skrzynie drewniane. Zorganizuj\u0105 wysy\u0142k\u0119 Twoich rzeczy drog\u0105 l\u0105dow\u0105, powietrzn\u0105 lub morsk\u0105.<\/p>\n<p>Strona internetowa: <a href=\"http:\/\/www.winmovers.com\" target=\"_blank\" rel=\"noopener\">http:\/\/www.winmovers.com<\/a><\/p>\n<h2><span class=\"ez-toc-section\" id=\"Other_Useful_Guides_to_Costa_Rica\"><\/span>Inne przydatne przewodniki po Kostaryce<span class=\"ez-toc-section-end\"><\/span><\/h2>\n<ul>\n<li> <a href=\"https:\/\/moverdb.com\/pl\/przeladunek-w-kontenerach\/costa-rica\/\">2024 Stawki wysy\u0142ki kontener\u00f3w morskich do iz Kostaryki<\/a><\/li>\n<li> <a href=\"https:\/\/moverdb.com\/pl\/moving-to-costa-rica\/\">Przeprowadzka do Kostaryki? 2026 Koszty \u017cycia i wskaz\u00f3wki dotycz\u0105ce relokacji<\/a><\/li>\n<li> <a href=\"https:\/\/moverdb.com\/pl\/moving-to-costa-rica\/living-in-costa-rica\/\">21 sekret\u00f3w dotycz\u0105cych \u017cycia w Kostaryce, kt\u00f3re warto pozna\u0107 przed przeprowadzk\u0105<\/a><\/li>\n<\/ul>","protected":false},"excerpt":{"rendered":"<p>Are you moving to or from Costa Rica, or moving within Costa Rica? Then you might be interested in some help moving all of your belongings as it can be complex especially if you are moving countries. Below we have compiled a list of Costa Rican removal companies that are members of the International Association [&hellip;]<\/p>\n","protected":false},"author":4,"featured_media":0,"parent":190,"menu_order":0,"comment_status":"closed","ping_status":"closed","template":"","meta":{"_genesis_hide_title":false,"_genesis_hide_breadcrumbs":false,"_genesis_hide_singular_image":false,"_genesis_hide_footer_widgets":false,"_genesis_custom_body_class":"","_genesis_custom_post_class":"","_genesis_layout":"","footnotes":""},"class_list":{"0":"post-6015","1":"page","2":"type-page","3":"status-publish","5":"entry","6":"has-post-thumbnail"},"_links":{"self":[{"href":"https:\/\/moverdb.com\/pl\/wp-json\/wp\/v2\/pages\/6015","targetHints":{"allow":["GET"]}}],"collection":[{"href":"https:\/\/moverdb.com\/pl\/wp-json\/wp\/v2\/pages"}],"about":[{"href":"https:\/\/moverdb.com\/pl\/wp-json\/wp\/v2\/types\/page"}],"author":[{"embeddable":true,"href":"https:\/\/moverdb.com\/pl\/wp-json\/wp\/v2\/users\/4"}],"replies":[{"embeddable":true,"href":"https:\/\/moverdb.com\/pl\/wp-json\/wp\/v2\/comments?post=6015"}],"version-history":[{"count":2,"href":"https:\/\/moverdb.com\/pl\/wp-json\/wp\/v2\/pages\/6015\/revisions"}],"predecessor-version":[{"id":18296,"href":"https:\/\/moverdb.com\/pl\/wp-json\/wp\/v2\/pages\/6015\/revisions\/18296"}],"up":[{"embeddable":true,"href":"https:\/\/moverdb.com\/pl\/wp-json\/wp\/v2\/pages\/190"}],"wp:attachment":[{"href":"https:\/\/moverdb.com\/pl\/wp-json\/wp\/v2\/media?parent=6015"}],"curies":[{"name":"wp","href":"https:\/\/api.w.org\/{rel}","templated":true}]}}