{"id":5575,"date":"2022-11-24T01:39:45","date_gmt":"2022-11-24T01:39:45","guid":{"rendered":"https:\/\/moverdb.com\/?page_id=5575"},"modified":"2026-01-08T14:38:40","modified_gmt":"2026-01-08T14:38:40","slug":"us-virgin-islands","status":"publish","type":"page","link":"https:\/\/moverdb.com\/pl\/container-shipping\/us-virgin-islands\/","title":{"rendered":"2026 Stawki za fracht morski do i z Wysp Dziewiczych Stan\u00f3w Zjednoczonych"},"content":{"rendered":"<div class=\"wp-block-image\">\n<figure class=\"aligncenter size-full\"><img loading=\"lazy\" decoding=\"async\" width=\"1000\" height=\"667\" src=\"https:\/\/moverdb.com\/wp-content\/uploads\/us-virgin-islands.jpg\" alt=\"Panoramiczny widok na karaibsk\u0105 wysp\u0119 St Thomas, Wyspy Dziewicze Stan\u00f3w Zjednoczonych\" class=\"wp-image-5558\" srcset=\"https:\/\/moverdb.com\/wp-content\/uploads\/us-virgin-islands.jpg 1000w, https:\/\/moverdb.com\/wp-content\/uploads\/us-virgin-islands-300x200.jpg 300w, https:\/\/moverdb.com\/wp-content\/uploads\/us-virgin-islands-18x12.jpg 18w, https:\/\/moverdb.com\/wp-content\/uploads\/us-virgin-islands-600x400.jpg 600w\" sizes=\"auto, (max-width: 1000px) 100vw, 1000px\" \/><\/figure>\n<\/div>\n\n\n<p>Strona<strong> <a href=\"https:\/\/moverdb.com\/pl\/moving-to-the-us-virgin-islands\/\" data-internallinksmanager029f6b8e52c=\"386\" title=\"Przeprowadzka na Wyspy Dziewicze Stan\u00f3w Zjednoczonych? Koszty utrzymania w 2023 r.\">Wyspy Dziewicze Stan\u00f3w Zjednoczonych<\/a><\/strong> s\u0105 idealne dla ka\u017cdego, kto mo\u017ce sobie pozwoli\u0107 na ucieczk\u0119 do ekskluzywnego miejsca i prowadzenie wymarzonego \u017cycia na wyspie.<\/p>\n\n\n\n<p>To male\u0144kie terytorium USA na Karaibach sk\u0142ada si\u0119 z 53 wysp, z kt\u00f3rych 4 s\u0105 g\u0142\u00f3wnie zamieszkane (Saint Croix, Saint Thomas, Saint John i Water island).<\/p>\n\n\n\n<p>Ten malutki raj jest opcj\u0105 premium dla osadnik\u00f3w, kt\u00f3rzy chc\u0105 do\u015bwiadczy\u0107 wy\u017cszego standardu \u017cycia, poniewa\u017c wyspy zapewniaj\u0105 wiele luksusowych opcji zakwaterowania i rozrywki.<\/p>\n\n\n\n<p>Transportowanie tam przedmiot\u00f3w gospodarstwa domowego mo\u017ce by\u0107 jednak nieco k\u0142opotliwe. Podczas gdy wycieczkowicze s\u0105 cz\u0119sto widziani na wyspach <a href=\"https:\/\/moverdb.com\/pl\/top-49-container-ports\/\" data-internallinksmanager029f6b8e52c=\"80\" title=\"49 najwi\u0119kszych i najbardziej ruchliwych port\u00f3w kontenerowych w 2025 r.\">porty<\/a>...to rzadki widok.<\/p>\n\n\n\n<p>W ka\u017cdym razie istnieje kilka opcji, kt\u00f3re wymienili\u015bmy w tabelach poni\u017cej. Zach\u0119camy r\u00f3wnie\u017c do sprawdzenia naszego narz\u0119dzia do wyceny i wype\u0142nienia danych w celu uzyskania indywidualnej wyceny.<\/p>\n\n\n\n<h2 class=\"wp-block-heading\">Koszty wysy\u0142ki kontenera na Wyspy Dziewicze Stan\u00f3w Zjednoczonych (St Croix)<\/h2>\n\n\n<div class=\"wp-block-image\">\n<figure class=\"aligncenter size-large\"><img loading=\"lazy\" decoding=\"async\" width=\"1024\" height=\"539\" src=\"https:\/\/moverdb.com\/wp-content\/uploads\/Shipping-Container-Costs-to-US-Virgin-Islands-1024x539.png\" alt=\"Koszty wysy\u0142ki kontenera na Wyspy Dziewicze Stan\u00f3w Zjednoczonych (St Croix)\" class=\"wp-image-5561\" srcset=\"https:\/\/moverdb.com\/wp-content\/uploads\/Shipping-Container-Costs-to-US-Virgin-Islands-1024x539.png 1024w, https:\/\/moverdb.com\/wp-content\/uploads\/Shipping-Container-Costs-to-US-Virgin-Islands-300x158.png 300w, https:\/\/moverdb.com\/wp-content\/uploads\/Shipping-Container-Costs-to-US-Virgin-Islands-1536x809.png 1536w, https:\/\/moverdb.com\/wp-content\/uploads\/Shipping-Container-Costs-to-US-Virgin-Islands-18x9.png 18w, https:\/\/moverdb.com\/wp-content\/uploads\/Shipping-Container-Costs-to-US-Virgin-Islands-600x316.png 600w, https:\/\/moverdb.com\/wp-content\/uploads\/Shipping-Container-Costs-to-US-Virgin-Islands.png 2000w\" sizes=\"auto, (max-width: 1024px) 100vw, 1024px\" \/><\/figure>\n<\/div>\n\n\n<table id=\"tablepress-231\" class=\"tablepress tablepress-id-231\">\n<thead>\n<tr class=\"row-1\">\n\t<th class=\"column-1\">Kraj docelowy (port\/miasto)<\/th><th class=\"column-2\">20FT<\/th><th class=\"column-3\">40FT<\/th>\n<\/tr>\n<\/thead>\n<tbody class=\"row-striping row-hover\">\n<tr class=\"row-2\">\n\t<td class=\"column-1\"><a href=\"https:\/\/moverdb.com\/pl\/container-shipping\/andorra\/\" data-internallinksmanager029f6b8e52c=\"88\" title=\"2026 Stawki za wysy\u0142k\u0119 kontener\u00f3w frachtem morskim do i z Andory\">Andora (Andorra la Vella)<\/a><\/td><td class=\"column-2\">$1,868<\/td><td class=\"column-3\">$3,171<\/td>\n<\/tr>\n<tr class=\"row-3\">\n\t<td class=\"column-1\"><a href=\"https:\/\/moverdb.com\/pl\/container-shipping\/australia\/\" data-internallinksmanager029f6b8e52c=\"89\" title=\"Stawki transportu kontenerowego do i z Australii w 2026 r.\">Australia (Sydney)<\/a><\/td><td class=\"column-2\">$12.406<\/td><td class=\"column-3\">N\/A<\/td>\n<\/tr>\n<tr class=\"row-4\">\n\t<td class=\"column-1\"><a href=\"https:\/\/moverdb.com\/pl\/container-shipping\/austria\/\" data-internallinksmanager029f6b8e52c=\"95\" title=\"2023 Ceny wysy\u0142ki kontener\u00f3w frachtem morskim do i z Austrii\">Austria (Wiede\u0144)<\/a><\/td><td class=\"column-2\">N\/A<\/td><td class=\"column-3\">$3.739<\/td>\n<\/tr>\n<tr class=\"row-5\">\n\t<td class=\"column-1\"><a href=\"https:\/\/moverdb.com\/pl\/container-shipping\/bahrain\/\" data-internallinksmanager029f6b8e52c=\"96\" title=\"2023 Ceny wysy\u0142ki kontener\u00f3w frachtem morskim do i z Bahrajnu\">Bahrajn (Manama)<\/a><\/td><td class=\"column-2\">N\/A<\/td><td class=\"column-3\">$12,306<\/td>\n<\/tr>\n<tr class=\"row-6\">\n\t<td class=\"column-1\"><a href=\"https:\/\/moverdb.com\/pl\/container-shipping\/belize\/\" data-internallinksmanager029f6b8e52c=\"137\" title=\"2026 Stawki za wysy\u0142k\u0119 kontener\u00f3w frachtem morskim do i z Belize\">Belize (Belize City)<\/a><\/td><td class=\"column-2\">$847<\/td><td class=\"column-3\">$872<\/td>\n<\/tr>\n<tr class=\"row-7\">\n\t<td class=\"column-1\"><a href=\"https:\/\/moverdb.com\/pl\/container-shipping\/brazil\/\" data-internallinksmanager029f6b8e52c=\"98\" title=\"2023 Ceny frachtu morskiego kontener\u00f3w do i z Brazylii\">Brazylia (Santos)<\/a><\/td><td class=\"column-2\">$3.937<\/td><td class=\"column-3\">$4.059<\/td>\n<\/tr>\n<tr class=\"row-8\">\n\t<td class=\"column-1\"><a href=\"https:\/\/moverdb.com\/pl\/container-shipping\/cambodia\/\" data-internallinksmanager029f6b8e52c=\"101\" title=\"2023 Ceny wysy\u0142ki kontener\u00f3w frachtu morskiego do i z Kambod\u017cy\">Kambod\u017ca (Sihanoukville)<\/a><\/td><td class=\"column-2\">$7.007<\/td><td class=\"column-3\">$7,362<\/td>\n<\/tr>\n<tr class=\"row-9\">\n\t<td class=\"column-1\"><a href=\"https:\/\/moverdb.com\/pl\/container-shipping\/canada\/\" data-internallinksmanager029f6b8e52c=\"102\" title=\"2026 Stawki za fracht morski do i z Kanady\">Kanada (Toronto)<\/a><\/td><td class=\"column-2\">$2.024<\/td><td class=\"column-3\">$2.814<\/td>\n<\/tr>\n<tr class=\"row-10\">\n\t<td class=\"column-1\"><a href=\"https:\/\/moverdb.com\/pl\/container-shipping\/china\/\" data-internallinksmanager029f6b8e52c=\"105\" title=\"2026 Stawki za fracht morski w kontenerach do i z Chin\">Chiny (Pekin)<\/a><\/td><td class=\"column-2\">$6,158<\/td><td class=\"column-3\">$6,221<\/td>\n<\/tr>\n<tr class=\"row-11\">\n\t<td class=\"column-1\">Chiny (Szanghaj)<\/td><td class=\"column-2\">$5,110<\/td><td class=\"column-3\">$5,408<\/td>\n<\/tr>\n<tr class=\"row-12\">\n\t<td class=\"column-1\"><a href=\"https:\/\/moverdb.com\/pl\/container-shipping\/colombia\/\" data-internallinksmanager029f6b8e52c=\"106\" title=\"2026 Stawki za fracht morski w transporcie kontenerowym do i z Kolumbii\">Kolumbia (Barranquilla)<\/a><\/td><td class=\"column-2\">$704<\/td><td class=\"column-3\">$1,218<\/td>\n<\/tr>\n<tr class=\"row-13\">\n\t<td class=\"column-1\"><a href=\"https:\/\/moverdb.com\/pl\/container-shipping\/costa-rica\/\" data-internallinksmanager029f6b8e52c=\"138\" title=\"2026 Stawki za wysy\u0142k\u0119 kontener\u00f3w frachtem morskim do i z Kostaryki\">Kostaryka (Limon)<\/a><\/td><td class=\"column-2\">$758<\/td><td class=\"column-3\">$8.660<\/td>\n<\/tr>\n<tr class=\"row-14\">\n\t<td class=\"column-1\"><a href=\"https:\/\/moverdb.com\/pl\/container-shipping\/croatia\/\" data-internallinksmanager029f6b8e52c=\"107\" title=\"2026 Stawki za fracht morski w transporcie kontenerowym do i z Chorwacji\">Chorwacja (Rijeka)<\/a><\/td><td class=\"column-2\">$2.079<\/td><td class=\"column-3\">$2.709<\/td>\n<\/tr>\n<tr class=\"row-15\">\n\t<td class=\"column-1\"><a href=\"https:\/\/moverdb.com\/pl\/container-shipping\/dominican-republic\/\" data-internallinksmanager029f6b8e52c=\"112\" title=\"2026 Stawki za fracht morski do i z Republiki Dominika\u0144skiej\">Republika Dominika\u0144ska (Santo Domingo)<\/a><\/td><td class=\"column-2\">$1.023<\/td><td class=\"column-3\">$1,271<\/td>\n<\/tr>\n<tr class=\"row-16\">\n\t<td class=\"column-1\"><a href=\"https:\/\/moverdb.com\/pl\/container-shipping\/germany\/\" data-internallinksmanager029f6b8e52c=\"118\" title=\"2026 Stawki za fracht morski w kontenerach do i z Niemiec\">Niemcy (Hamburg)<\/a><\/td><td class=\"column-2\">$1.958<\/td><td class=\"column-3\">$2.583<\/td>\n<\/tr>\n<tr class=\"row-17\">\n\t<td class=\"column-1\"><a href=\"https:\/\/moverdb.com\/pl\/container-shipping\/greece\/\" data-internallinksmanager029f6b8e52c=\"120\" title=\"2026 Stawki za fracht morski w transporcie kontenerowym do i z Grecji\">Grecja (Pireus)<\/a><\/td><td class=\"column-2\">$1,771<\/td><td class=\"column-3\">$2.436<\/td>\n<\/tr>\n<tr class=\"row-18\">\n\t<td class=\"column-1\"><a href=\"https:\/\/moverdb.com\/pl\/container-shipping\/guatemala\/\" data-internallinksmanager029f6b8e52c=\"139\" title=\"2026 Stawki za fracht morski w transporcie kontenerowym do i z Gwatemali\">Gwatemala (Guatemala City)<\/a><\/td><td class=\"column-2\">$737<\/td><td class=\"column-3\">$851<\/td>\n<\/tr>\n<tr class=\"row-19\">\n\t<td class=\"column-1\"><a href=\"https:\/\/moverdb.com\/pl\/container-shipping\/guernsey\/\" data-internallinksmanager029f6b8e52c=\"121\" title=\"2026 Stawki za fracht morski w transporcie kontenerowym do i z Guernsey\">Guernsey (St Peter Port)<\/a><\/td><td class=\"column-2\">$2,233<\/td><td class=\"column-3\">$3,182<\/td>\n<\/tr>\n<tr class=\"row-20\">\n\t<td class=\"column-1\"><a href=\"https:\/\/moverdb.com\/pl\/container-shipping\/haiti\/\" data-internallinksmanager029f6b8e52c=\"122\" title=\"2026 Stawki za fracht morski w transporcie kontenerowym do i z Haiti\">Haiti (Port-au-Prince)<\/a><\/td><td class=\"column-2\">$1.023<\/td><td class=\"column-3\">$1,271<\/td>\n<\/tr>\n<tr class=\"row-21\">\n\t<td class=\"column-1\"><a href=\"https:\/\/moverdb.com\/pl\/container-shipping\/hong-kong\/\" data-internallinksmanager029f6b8e52c=\"123\" title=\"2022 Fracht morski w kontenerach do i z Hongkongu\">Hongkong (Hongkong)<\/a><\/td><td class=\"column-2\">$12.708<\/td><td class=\"column-3\">$12.615<\/td>\n<\/tr>\n<tr class=\"row-22\">\n\t<td class=\"column-1\"><a href=\"https:\/\/moverdb.com\/pl\/container-shipping\/india\/\" data-internallinksmanager029f6b8e52c=\"125\" title=\"2026 Stawki za fracht morski w kontenerze do i z Indii\">Indie (Mumbai)<\/a><\/td><td class=\"column-2\">$12,447<\/td><td class=\"column-3\">$11.881<\/td>\n<\/tr>\n<tr class=\"row-23\">\n\t<td class=\"column-1\"><a href=\"https:\/\/moverdb.com\/pl\/container-shipping\/indonesia\/\" data-internallinksmanager029f6b8e52c=\"126\" title=\"2022 Fracht morski w kontenerze - stawki do i z Indonezji\">Indonezja (D\u017cakarta)<\/a><\/td><td class=\"column-2\">$4,433<\/td><td class=\"column-3\">$4,232<\/td>\n<\/tr>\n<tr class=\"row-24\">\n\t<td class=\"column-1\"><a href=\"https:\/\/moverdb.com\/pl\/container-shipping\/ireland\/\" data-internallinksmanager029f6b8e52c=\"127\" title=\"2026 Stawki za fracht morski w kontenerze do i z Irlandii\">Irlandia (Dublin)<\/a><\/td><td class=\"column-2\">$1.705<\/td><td class=\"column-3\">$2,310<\/td>\n<\/tr>\n<tr class=\"row-25\">\n\t<td class=\"column-1\"><a href=\"https:\/\/moverdb.com\/pl\/container-shipping\/isle-of-man\/\" data-internallinksmanager029f6b8e52c=\"128\" title=\"2026 Stawki za fracht morski w kontenerze do i z Wyspy Man\">Wyspa Man (Douglas)<\/a><\/td><td class=\"column-2\">$1.705<\/td><td class=\"column-3\">$2,310<\/td>\n<\/tr>\n<tr class=\"row-26\">\n\t<td class=\"column-1\"><a href=\"https:\/\/moverdb.com\/pl\/container-shipping\/italy\/\" data-internallinksmanager029f6b8e52c=\"130\" title=\"2026 Stawki za fracht morski w kontenerze do i z W\u0142och\">W\u0142ochy (Triest)<\/a><\/td><td class=\"column-2\">$2.079<\/td><td class=\"column-3\">$2.709<\/td>\n<\/tr>\n<tr class=\"row-27\">\n\t<td class=\"column-1\"><a href=\"https:\/\/moverdb.com\/pl\/container-shipping\/jersey\/\" data-internallinksmanager029f6b8e52c=\"132\" title=\"2026 Stawki za fracht morski w transporcie kontenerowym do i z Jersey\">Jersey (St Helier)<\/a><\/td><td class=\"column-2\">$2,233<\/td><td class=\"column-3\">$3,182<\/td>\n<\/tr>\n<tr class=\"row-28\">\n\t<td class=\"column-1\"><a href=\"https:\/\/moverdb.com\/pl\/container-shipping\/jordan\/\" data-internallinksmanager029f6b8e52c=\"133\" title=\"2026 Stawki za fracht morski w transporcie kontenerowym do i z Jordanii\">Jordania (Akaba)<\/a><\/td><td class=\"column-2\">$1.810<\/td><td class=\"column-3\">$2.528<\/td>\n<\/tr>\n<tr class=\"row-29\">\n\t<td class=\"column-1\"><a href=\"https:\/\/moverdb.com\/pl\/container-shipping\/latvia\/\" data-internallinksmanager029f6b8e52c=\"136\" title=\"2026 Stawki za fracht morski w transporcie kontenerowym do i z \u0141otwy\">\u0141otwa (Ryga)<\/a><\/td><td class=\"column-2\">$2,233<\/td><td class=\"column-3\">$3,273<\/td>\n<\/tr>\n<tr class=\"row-30\">\n\t<td class=\"column-1\"><a href=\"https:\/\/moverdb.com\/pl\/container-shipping\/lithuania\/\" data-internallinksmanager029f6b8e52c=\"145\" title=\"2026 Stawki za fracht morski w transporcie kontenerowym do i z Litwy\">Litwa (K\u0142ajpeda)<\/a><\/td><td class=\"column-2\">$2,233<\/td><td class=\"column-3\">$3,273<\/td>\n<\/tr>\n<tr class=\"row-31\">\n\t<td class=\"column-1\"><a href=\"https:\/\/moverdb.com\/pl\/moving-to-luxembourg\/\" data-internallinksmanager029f6b8e52c=\"349\" title=\"Przeprowadzka do Luksemburga? 2026 Koszty \u017cycia i wskaz\u00f3wki dotycz\u0105ce przeprowadzki\">Luksemburg<\/a><\/td><td class=\"column-2\">$1.813<\/td><td class=\"column-3\">$2.616<\/td>\n<\/tr>\n<tr class=\"row-32\">\n\t<td class=\"column-1\">USA (<a href=\"https:\/\/moverdb.com\/pl\/moving-to-los-angeles\/\" data-internallinksmanager029f6b8e52c=\"51\" title=\"Przeprowadzka do Los Angeles? Koszty utrzymania i wskaz\u00f3wki dotycz\u0105ce relokacji w Los Angeles w 2026 roku\">Los Angeles<\/a>)<\/td><td class=\"column-2\">$912<\/td><td class=\"column-3\">$1,309<\/td>\n<\/tr>\n<tr class=\"row-33\">\n\t<td class=\"column-1\"><a href=\"https:\/\/moverdb.com\/pl\/container-shipping\/united-states\/\" data-internallinksmanager029f6b8e52c=\"87\" title=\"2026 Stawki za wysy\u0142k\u0119 kontener\u00f3w frachtem morskim do i z USA\">USA (Nowy Jork)<\/a><\/td><td class=\"column-2\">$1.636<\/td><td class=\"column-3\">$2.038<\/td>\n<\/tr>\n<\/tbody>\n<\/table>\n<!-- #tablepress-231 from cache -->\n\n\n\n<h2 class=\"wp-block-heading\">Koszty wysy\u0142ki kontenera z Wysp Dziewiczych Stan\u00f3w Zjednoczonych (St Croix)<\/h2>\n\n\n<div class=\"wp-block-image\">\n<figure class=\"aligncenter size-large\"><img loading=\"lazy\" decoding=\"async\" width=\"1024\" height=\"539\" src=\"https:\/\/moverdb.com\/wp-content\/uploads\/Shipping-Container-Costs-from-US-Virgin-Islands-1024x539.png\" alt=\"Koszty wysy\u0142ki kontenera z Wysp Dziewiczych Stan\u00f3w Zjednoczonych (St Croix)\" class=\"wp-image-5559\" srcset=\"https:\/\/moverdb.com\/wp-content\/uploads\/Shipping-Container-Costs-from-US-Virgin-Islands-1024x539.png 1024w, https:\/\/moverdb.com\/wp-content\/uploads\/Shipping-Container-Costs-from-US-Virgin-Islands-300x158.png 300w, https:\/\/moverdb.com\/wp-content\/uploads\/Shipping-Container-Costs-from-US-Virgin-Islands-1536x809.png 1536w, https:\/\/moverdb.com\/wp-content\/uploads\/Shipping-Container-Costs-from-US-Virgin-Islands-18x9.png 18w, https:\/\/moverdb.com\/wp-content\/uploads\/Shipping-Container-Costs-from-US-Virgin-Islands-600x316.png 600w, https:\/\/moverdb.com\/wp-content\/uploads\/Shipping-Container-Costs-from-US-Virgin-Islands.png 2000w\" sizes=\"auto, (max-width: 1024px) 100vw, 1024px\" \/><\/figure>\n<\/div>\n\n\n<table id=\"tablepress-232\" class=\"tablepress tablepress-id-232\">\n<thead>\n<tr class=\"row-1\">\n\t<th class=\"column-1\">Kraj docelowy (port\/miasto)<\/th><th class=\"column-2\">20FT<\/th><th class=\"column-3\">40FT<\/th>\n<\/tr>\n<\/thead>\n<tbody class=\"row-striping row-hover\">\n<tr class=\"row-2\">\n\t<td class=\"column-1\">Andora (Andorra la Vella)<\/td><td class=\"column-2\">N\/A<\/td><td class=\"column-3\">$355<\/td>\n<\/tr>\n<tr class=\"row-3\">\n\t<td class=\"column-1\"><a href=\"https:\/\/moverdb.com\/pl\/container-shipping\/antigua-and-barbuda\/\" data-internallinksmanager029f6b8e52c=\"92\" title=\"2026 Stawki za wysy\u0142k\u0119 kontener\u00f3w frachtem morskim do i z Antigui i Barbudy\">Antigua i Barbuda (St John's)<\/a><\/td><td class=\"column-2\">$600<\/td><td class=\"column-3\">$801<\/td>\n<\/tr>\n<tr class=\"row-4\">\n\t<td class=\"column-1\">Australia (Sydney)<\/td><td class=\"column-2\">N\/A<\/td><td class=\"column-3\">$2.845<\/td>\n<\/tr>\n<tr class=\"row-5\">\n\t<td class=\"column-1\">Belize (Belize City)<\/td><td class=\"column-2\">$1.573<\/td><td class=\"column-3\">$2.993<\/td>\n<\/tr>\n<tr class=\"row-6\">\n\t<td class=\"column-1\">Kanada (Toronto)<\/td><td class=\"column-2\">$1.903<\/td><td class=\"column-3\">$2.468<\/td>\n<\/tr>\n<tr class=\"row-7\">\n\t<td class=\"column-1\">Chiny (Szanghaj)<\/td><td class=\"column-2\">$1.012<\/td><td class=\"column-3\">$1,344<\/td>\n<\/tr>\n<tr class=\"row-8\">\n\t<td class=\"column-1\">Kolumbia (Barranquilla)<\/td><td class=\"column-2\">$781<\/td><td class=\"column-3\">$1,155<\/td>\n<\/tr>\n<tr class=\"row-9\">\n\t<td class=\"column-1\">Republika Dominika\u0144ska (Santo Domingo)<\/td><td class=\"column-2\">$891<\/td><td class=\"column-3\">$1,176<\/td>\n<\/tr>\n<tr class=\"row-10\">\n\t<td class=\"column-1\"><a href=\"https:\/\/moverdb.com\/pl\/container-shipping\/estonia\/\" data-internallinksmanager029f6b8e52c=\"114\" title=\"2026 Stawki za fracht morski w transporcie kontenerowym do i z Estonii\">Estonia (Tallinn)<\/a><\/td><td class=\"column-2\">$1,727<\/td><td class=\"column-3\">$2.300<\/td>\n<\/tr>\n<tr class=\"row-11\">\n\t<td class=\"column-1\"><a href=\"https:\/\/moverdb.com\/pl\/container-shipping\/finland\/\" data-internallinksmanager029f6b8e52c=\"115\" title=\"2026 Stawki za fracht morski w transporcie kontenerowym do i z Finlandii\">Finlandia (Helsinki)<\/a><\/td><td class=\"column-2\">$1,727<\/td><td class=\"column-3\">$2.300<\/td>\n<\/tr>\n<tr class=\"row-12\">\n\t<td class=\"column-1\">Haiti (Port-au-Prince)<\/td><td class=\"column-2\">$891<\/td><td class=\"column-3\">$1,176<\/td>\n<\/tr>\n<tr class=\"row-13\">\n\t<td class=\"column-1\">Indie (Mumbai)<\/td><td class=\"column-2\">$1.587<\/td><td class=\"column-3\">$1.910<\/td>\n<\/tr>\n<tr class=\"row-14\">\n\t<td class=\"column-1\">\u0141otwa (Ryga)<\/td><td class=\"column-2\">$1.837<\/td><td class=\"column-3\">$2.582<\/td>\n<\/tr>\n<tr class=\"row-15\">\n\t<td class=\"column-1\">Litwa (K\u0142ajpeda)<\/td><td class=\"column-2\">$1.837<\/td><td class=\"column-3\">$2.582<\/td>\n<\/tr>\n<tr class=\"row-16\">\n\t<td class=\"column-1\">Luksemburg<\/td><td class=\"column-2\">$985<\/td><td class=\"column-3\">$1,313<\/td>\n<\/tr>\n<tr class=\"row-17\">\n\t<td class=\"column-1\">USA (Nowy Jork)<\/td><td class=\"column-2\">$1.297<\/td><td class=\"column-3\">$1,383<\/td>\n<\/tr>\n<\/tbody>\n<\/table>\n<!-- #tablepress-232 from cache -->\n\n\n\n<h3 class=\"wp-block-heading\">Uwagi dotycz\u0105ce danych:<\/h3>\n\n\n\n<ul class=\"wp-block-list\">\n<li>Wszystkie warto\u015bci $ podano w dolarach ameryka\u0144skich (USD);<\/li>\n\n\n\n<li>Stawki s\u0105 aktualne na pocz\u0105tku 2022 r;<\/li>\n\n\n\n<li>Mapy przedstawione w tym artykule zosta\u0142y utworzone przy u\u017cyciu <a href=\"https:\/\/www.mapchart.net\" target=\"_blank\" rel=\"noreferrer noopener\">https:\/\/www.mapchart.net<\/a>. Mapy mo\u017cna dowolnie udost\u0119pnia\u0107, pod warunkiem zamieszczenia odno\u015bnika do strony <a href=\"https:\/\/moverdb.com\/pl\/\" target=\"_blank\" rel=\"noreferrer noopener\">MoverDB<\/a>;<\/li>\n\n\n\n<li>Powy\u017csze stawki s\u0105 jedynie szacunkowe i mog\u0105 ulec zmianie od czasu opublikowania tego artyku\u0142u (kwiecie\u0144 2022). Opieraj\u0105 si\u0119 one na najni\u017cszej szacunkowej stawce z <a href=\"https:\/\/www.searates.com\" target=\"_blank\" rel=\"noreferrer noopener\">https:\/\/www.searates.com<\/a> lub . <a href=\"https:\/\/www.gocomet.com\/freight-shipping-rates-index-calculator\" target=\"_blank\" rel=\"noreferrer noopener\">https:\/\/www.gocomet.com<\/a>;<\/li>\n\n\n\n<li>Aby uzyska\u0107 dok\u0142adniejsze informacje na temat koszt\u00f3w, nale\u017cy skorzysta\u0107 z formularza wyceny znajduj\u0105cego si\u0119 na g\u00f3rze tej strony;<\/li>\n\n\n\n<li>Zapoznaj si\u0119 r\u00f3wnie\u017c z naszym przewodnikiem po <a href=\"https:\/\/moverdb.com\/pl\/przeladunek-w-kontenerach\/\" target=\"_blank\" rel=\"noreferrer noopener\">mi\u0119dzynarodowa \u017cegluga kontenerowa<\/a>.<\/li>\n<\/ul>","protected":false},"excerpt":{"rendered":"<p>The US Virgin Islands are perfect for everyone who can afford to retreat to an exclusive getaway spot and live the dream island life. This tiny US territory in the Caribbean comprises 53 islands of which 4 are mainly inhabited (Saint Croix, Saint Thomas, Saint John, and Water island). This tiny paradise is a premium [&hellip;]<\/p>\n","protected":false},"author":2,"featured_media":5558,"parent":44,"menu_order":0,"comment_status":"closed","ping_status":"closed","template":"","meta":{"_genesis_hide_title":false,"_genesis_hide_breadcrumbs":false,"_genesis_hide_singular_image":false,"_genesis_hide_footer_widgets":false,"_genesis_custom_body_class":"","_genesis_custom_post_class":"","_genesis_layout":"","footnotes":""},"class_list":{"0":"post-5575","1":"page","2":"type-page","3":"status-publish","4":"has-post-thumbnail","6":"entry"},"_links":{"self":[{"href":"https:\/\/moverdb.com\/pl\/wp-json\/wp\/v2\/pages\/5575","targetHints":{"allow":["GET"]}}],"collection":[{"href":"https:\/\/moverdb.com\/pl\/wp-json\/wp\/v2\/pages"}],"about":[{"href":"https:\/\/moverdb.com\/pl\/wp-json\/wp\/v2\/types\/page"}],"author":[{"embeddable":true,"href":"https:\/\/moverdb.com\/pl\/wp-json\/wp\/v2\/users\/2"}],"replies":[{"embeddable":true,"href":"https:\/\/moverdb.com\/pl\/wp-json\/wp\/v2\/comments?post=5575"}],"version-history":[{"count":1,"href":"https:\/\/moverdb.com\/pl\/wp-json\/wp\/v2\/pages\/5575\/revisions"}],"predecessor-version":[{"id":5576,"href":"https:\/\/moverdb.com\/pl\/wp-json\/wp\/v2\/pages\/5575\/revisions\/5576"}],"up":[{"embeddable":true,"href":"https:\/\/moverdb.com\/pl\/wp-json\/wp\/v2\/pages\/44"}],"wp:featuredmedia":[{"embeddable":true,"href":"https:\/\/moverdb.com\/pl\/wp-json\/wp\/v2\/media\/5558"}],"wp:attachment":[{"href":"https:\/\/moverdb.com\/pl\/wp-json\/wp\/v2\/media?parent=5575"}],"curies":[{"name":"wp","href":"https:\/\/api.w.org\/{rel}","templated":true}]}}