{"id":5527,"date":"2023-02-01T13:45:10","date_gmt":"2023-02-01T13:45:10","guid":{"rendered":"https:\/\/moverdb.com\/?page_id=5527"},"modified":"2026-01-08T15:29:15","modified_gmt":"2026-01-08T15:29:15","slug":"chile-moving-companies","status":"publish","type":"page","link":"https:\/\/moverdb.com\/pl\/moving-companies\/chile-moving-companies\/","title":{"rendered":"6 Najlepszych firm zajmuj\u0105cych si\u0119 przeprowadzkami mi\u0119dzynarodowymi w Chile"},"content":{"rendered":"<p>Przeprowadzka mo\u017ce by\u0107 pracowitym i stresuj\u0105cym okresem, szczeg\u00f3lnie w przypadku przeprowadzki na du\u017c\u0105 odleg\u0142o\u015b\u0107 lub do innego kraju. To jest, gdzie <a href=\"https:\/\/moverdb.com\/pl\/moving-companies\/\" data-internallinksmanager029f6b8e52c=\"79\" title=\"25 najlepszych firm przeprowadzek mi\u0119dzynarodowych online\">przedsi\u0119biorstwo przeprowadzkowe<\/a> mo\u017ce pom\u00f3c zmniejszy\u0107 Tw\u00f3j stres, zdejmuj\u0105c z Ciebie cz\u0119\u015b\u0107 obowi\u0105zk\u00f3w. Poni\u017cej przygotowali\u015bmy list\u0119 chilijskich <a href=\"https:\/\/moverdb.com\/pl\/international-removals\/\" data-internallinksmanager029f6b8e52c=\"27\" title=\"36 najlepszych firm zajmuj\u0105cych si\u0119 przeprowadzkami mi\u0119dzynarodowymi w Wielkiej Brytanii\">przedsi\u0119biorstwa przeprowadzkowe<\/a> kt\u00f3re s\u0105 cz\u0142onkami <a href=\"https:\/\/moverdb.com\/pl\/iam\/\" data-internallinksmanager029f6b8e52c=\"23\" title=\"Mi\u0119dzynarodowe Stowarzyszenie Przewo\u017anik\u00f3w (IAM) - obja\u015bnienia\">Mi\u0119dzynarodowe Stowarzyszenie Przewo\u017anik\u00f3w<\/a> (IAM) i\/lub <a href=\"https:\/\/moverdb.com\/pl\/fidi-faim\/\" data-internallinksmanager029f6b8e52c=\"16\" title=\"FIDI i FAIM (FIDI Accredited International Mover) - obja\u015bnienia\">FIDI<\/a> Accredited International Mover (FAIM), kt\u00f3ra mo\u017ce pom\u00f3c w przeprowadzce.<\/p>\n<div id=\"ez-toc-container\" class=\"ez-toc-v2_0_82_2 ez-toc-wrap-left counter-hierarchy ez-toc-counter ez-toc-transparent ez-toc-container-direction\">\n<div class=\"ez-toc-title-container\">\n<p class=\"ez-toc-title\" style=\"cursor:inherit\">Sekcje<\/p>\n<span class=\"ez-toc-title-toggle\"><a href=\"#\" class=\"ez-toc-pull-right ez-toc-btn ez-toc-btn-xs ez-toc-btn-default ez-toc-toggle\" aria-label=\"Prze\u0142\u0105cznik Spisu Tre\u015bci\"><span class=\"ez-toc-js-icon-con\"><span class=\"\"><span class=\"eztoc-hide\" style=\"display:none;\">Toggle<\/span><span class=\"ez-toc-icon-toggle-span\"><svg style=\"fill: #999;color:#999\" xmlns=\"http:\/\/www.w3.org\/2000\/svg\" class=\"list-377408\" width=\"20px\" height=\"20px\" viewbox=\"0 0 24 24\" fill=\"none\"><path d=\"M6 6H4v2h2V6zm14 0H8v2h12V6zM4 11h2v2H4v-2zm16 0H8v2h12v-2zM4 16h2v2H4v-2zm16 0H8v2h12v-2z\" fill=\"currentColor\"><\/path><\/svg><svg style=\"fill: #999;color:#999\" class=\"arrow-unsorted-368013\" xmlns=\"http:\/\/www.w3.org\/2000\/svg\" width=\"10px\" height=\"10px\" viewbox=\"0 0 24 24\" version=\"1.2\" baseprofile=\"tiny\"><path d=\"M18.2 9.3l-6.2-6.3-6.2 6.3c-.2.2-.3.4-.3.7s.1.5.3.7c.2.2.4.3.7.3h11c.3 0 .5-.1.7-.3.2-.2.3-.5.3-.7s-.1-.5-.3-.7zM5.8 14.7l6.2 6.3 6.2-6.3c.2-.2.3-.5.3-.7s-.1-.5-.3-.7c-.2-.2-.4-.3-.7-.3h-11c-.3 0-.5.1-.7.3-.2.2-.3.5-.3.7s.1.5.3.7z\"\/><\/svg><\/span><\/span><\/span><\/a><\/span><\/div>\n<nav><ul class='ez-toc-list ez-toc-list-level-1 eztoc-toggle-hide-by-default' ><li class='ez-toc-page-1 ez-toc-heading-level-2'><a class=\"ez-toc-link ez-toc-heading-1\" href=\"https:\/\/moverdb.com\/pl\/moving-companies\/chile-moving-companies\/#1_Unipack\" >1. Unipack<\/a><\/li><li class='ez-toc-page-1 ez-toc-heading-level-2'><a class=\"ez-toc-link ez-toc-heading-2\" href=\"https:\/\/moverdb.com\/pl\/moving-companies\/chile-moving-companies\/#2_Atlas_International_Movers\" >2. Atlas International Movers<\/a><\/li><li class='ez-toc-page-1 ez-toc-heading-level-2'><a class=\"ez-toc-link ez-toc-heading-3\" href=\"https:\/\/moverdb.com\/pl\/moving-companies\/chile-moving-companies\/#3_Decapack\" >3. Decapack<\/a><\/li><li class='ez-toc-page-1 ez-toc-heading-level-2'><a class=\"ez-toc-link ez-toc-heading-4\" href=\"https:\/\/moverdb.com\/pl\/moving-companies\/chile-moving-companies\/#4_Global_Alliance_International\" >4. Globalny sojusz mi\u0119dzynarodowy<\/a><\/li><li class='ez-toc-page-1 ez-toc-heading-level-2'><a class=\"ez-toc-link ez-toc-heading-5\" href=\"https:\/\/moverdb.com\/pl\/moving-companies\/chile-moving-companies\/#5_REMSSA\" >5. REMSSA<\/a><\/li><li class='ez-toc-page-1 ez-toc-heading-level-2'><a class=\"ez-toc-link ez-toc-heading-6\" href=\"https:\/\/moverdb.com\/pl\/moving-companies\/chile-moving-companies\/#6_Ward_Van_Lines\" >6. Ward Van Lines<\/a><\/li><li class='ez-toc-page-1 ez-toc-heading-level-2'><a class=\"ez-toc-link ez-toc-heading-7\" href=\"https:\/\/moverdb.com\/pl\/moving-companies\/chile-moving-companies\/#Other_Useful_Guides_to_Chile\" >Inne przydatne przewodniki po Chile<\/a><\/li><\/ul><\/nav><\/div>\n<h2><span class=\"ez-toc-section\" id=\"1_Unipack\"><\/span><strong>1. Unipack<\/strong><span class=\"ez-toc-section-end\"><\/span><\/h2>\n<p><img loading=\"lazy\" decoding=\"async\" class=\"alignnone size-full wp-image-5496\" src=\"https:\/\/moverdb.com\/wp-content\/uploads\/Unipack-international-moving-company.png\" alt=\"Firma Unipack zajmuj\u0105ca si\u0119 przeprowadzkami mi\u0119dzynarodowymi\" width=\"1440\" height=\"683\" data-wp-pid=\"5496\" srcset=\"https:\/\/moverdb.com\/wp-content\/uploads\/Unipack-international-moving-company.png 1440w, https:\/\/moverdb.com\/wp-content\/uploads\/Unipack-international-moving-company-300x142.png 300w, https:\/\/moverdb.com\/wp-content\/uploads\/Unipack-international-moving-company-1024x486.png 1024w, https:\/\/moverdb.com\/wp-content\/uploads\/Unipack-international-moving-company-18x9.png 18w, https:\/\/moverdb.com\/wp-content\/uploads\/Unipack-international-moving-company-600x285.png 600w\" sizes=\"auto, (max-width: 1440px) 100vw, 1440px\" \/><\/p>\n<ul>\n<li>Ruchy krajowe<\/li>\n<li>Przeprowadzki mi\u0119dzynarodowe<\/li>\n<li>Przeprowadzki gospodarstw domowych<\/li>\n<li>Kontrola w domu<\/li>\n<li>Us\u0142uga pakowania i rozpakowywania<\/li>\n<li>Demonta\u017c i monta\u017c mebli<\/li>\n<li>Transport l\u0105dowy, morski i lotniczy<\/li>\n<li>Wsparcie dokumentacyjne<\/li>\n<li>Transport zwierz\u0105t<\/li>\n<li>Przechowywanie kr\u00f3tko- i d\u0142ugoterminowe<\/li>\n<\/ul>\n<p>Unipack jest firm\u0105 \u015bwiadcz\u0105c\u0105 us\u0142ugi w zakresie przeprowadzek krajowych i mi\u0119dzynarodowych, kt\u00f3ra zosta\u0142a za\u0142o\u017cona w 1993 roku w Santiago. Posiadaj\u0105 sie\u0107 agent\u00f3w na ca\u0142ym \u015bwiecie, kt\u00f3rzy pomagaj\u0105 im w przeprowadzkach mi\u0119dzynarodowych na 5 kontynentach. S\u0105 cz\u0142onkiem IAM z 29-letnim sta\u017cem i posiadaj\u0105 akredytacj\u0119 FIDI.<\/p>\n<p>Unipack wykorzystuje najnowsze techniki pakowania i transportu, a tak\u017ce materia\u0142y, aby zapewni\u0107 bezpieczne przeprowadzki dla swoich klient\u00f3w. Ich proces rozpoczyna si\u0119 od inspekcji w domu i om\u00f3wienia dokument\u00f3w. Unipack zapakuje, zdemontuje Twoje meble i zorganizuje transport drogowy, lotniczy i morski, a nast\u0119pnie rozpakuje i z\u0142o\u017cy Twoje meble w miejscu przeznaczenia. Wspieraj\u0105 Ci\u0119 przy dokumentacji, w tym przy odprawie celnej.<\/p>\n<p>Strona internetowa: <a href=\"http:\/\/www.unipack.cl\" target=\"_blank\" rel=\"noopener\">http:\/\/www.unipack.cl<\/a><\/p>\n<h2><span class=\"ez-toc-section\" id=\"2_Atlas_International_Movers\"><\/span><strong>2. Atlas International Movers<\/strong><span class=\"ez-toc-section-end\"><\/span><\/h2>\n<p><img loading=\"lazy\" decoding=\"async\" class=\"alignnone size-full wp-image-5415\" src=\"https:\/\/moverdb.com\/wp-content\/uploads\/Atlas-International-Movers-moving-company.png\" alt=\"Atlas International Movers - firma przeprowadzkowa\" width=\"1440\" height=\"682\" data-wp-pid=\"5415\" srcset=\"https:\/\/moverdb.com\/wp-content\/uploads\/Atlas-International-Movers-moving-company.png 1440w, https:\/\/moverdb.com\/wp-content\/uploads\/Atlas-International-Movers-moving-company-300x142.png 300w, https:\/\/moverdb.com\/wp-content\/uploads\/Atlas-International-Movers-moving-company-1024x485.png 1024w, https:\/\/moverdb.com\/wp-content\/uploads\/Atlas-International-Movers-moving-company-18x9.png 18w, https:\/\/moverdb.com\/wp-content\/uploads\/Atlas-International-Movers-moving-company-600x284.png 600w\" sizes=\"auto, (max-width: 1440px) 100vw, 1440px\" \/><\/p>\n<ul>\n<li>Ruchy krajowe<\/li>\n<li>Przeprowadzki mi\u0119dzynarodowe<\/li>\n<li>Przeprowadzki gospodarstw domowych<\/li>\n<li>Przeprowadzki biurowe<\/li>\n<li>Us\u0142uga \"od drzwi do drzwi\".<\/li>\n<li>Wysokiej jako\u015bci us\u0142uga pakowania<\/li>\n<li>Fracht l\u0105dowy, morski i lotniczy<\/li>\n<li>Transport dzie\u0142 sztuki<\/li>\n<li>Transport samochodowy<\/li>\n<li>Magazyny kr\u00f3tko- i d\u0142ugoterminowe<\/li>\n<\/ul>\n<p>Atlas International Movers ma ponad 25-letnie do\u015bwiadczenie w przeprowadzkach dom\u00f3w i biur na ca\u0142ym \u015bwiecie. <a href=\"https:\/\/moverdb.com\/pl\/moving-to-chile\/\" data-internallinksmanager029f6b8e52c=\"426\" title=\"Przeprowadzka do Chile? Koszty \u017cycia i wskaz\u00f3wki dotycz\u0105ce relokacji w 2023 r.\">Chile<\/a> oraz do lub z Chile. Wsp\u00f3\u0142pracuj\u0105 z sieci\u0105 niezawodnych agent\u00f3w przeprowadzkowych na ca\u0142ym \u015bwiecie w celu realizacji mi\u0119dzynarodowych przeprowadzek. S\u0105 cz\u0142onkiem IAM z 16-letnim do\u015bwiadczeniem.<\/p>\n<p>Atlas International Movers zapewnia wizyt\u0119 w domu, aby oceni\u0107 Twoje wymagania i poprowadzi Ci\u0119 przez proces i dokumentacj\u0119. Zapewni wyszkolony personel, kt\u00f3ry zapakuje Twoje rzeczy w wysokim standardzie, aby chroni\u0107 je podczas transportu l\u0105dowego, morskiego lub powietrznego. Pomog\u0105 Ci w dokumentacji celnej dotycz\u0105cej importu i eksportu.<\/p>\n<p>Strona internetowa: <a href=\"http:\/\/www.atlasinternationalchile.cl\" target=\"_blank\" rel=\"noopener\">http:\/\/www.atlasinternationalchile.cl<\/a><\/p>\n<h2><span class=\"ez-toc-section\" id=\"3_Decapack\"><\/span><strong>3. Decapack<\/strong><span class=\"ez-toc-section-end\"><\/span><\/h2>\n<p><img loading=\"lazy\" decoding=\"async\" class=\"alignnone size-full wp-image-5430\" src=\"https:\/\/moverdb.com\/wp-content\/uploads\/Decapack-international-moving-company.png\" alt=\"Decapack - mi\u0119dzynarodowa firma przeprowadzkowa\" width=\"1440\" height=\"680\" data-wp-pid=\"5430\" srcset=\"https:\/\/moverdb.com\/wp-content\/uploads\/Decapack-international-moving-company.png 1440w, https:\/\/moverdb.com\/wp-content\/uploads\/Decapack-international-moving-company-300x142.png 300w, https:\/\/moverdb.com\/wp-content\/uploads\/Decapack-international-moving-company-1024x484.png 1024w, https:\/\/moverdb.com\/wp-content\/uploads\/Decapack-international-moving-company-18x9.png 18w, https:\/\/moverdb.com\/wp-content\/uploads\/Decapack-international-moving-company-600x283.png 600w\" sizes=\"auto, (max-width: 1440px) 100vw, 1440px\" \/><\/p>\n<ul>\n<li>Ruchy krajowe<\/li>\n<li>Przeprowadzki mi\u0119dzynarodowe<\/li>\n<li>Przeprowadzki mieszkaniowe<\/li>\n<li>Przeprowadzki biurowe<\/li>\n<li>Us\u0142uga relokacji<\/li>\n<li>Us\u0142uga \"od drzwi do drzwi\".<\/li>\n<li>Us\u0142uga pakowania<\/li>\n<li>Ubezpieczenia<\/li>\n<li>Specjalistyczny serwis dla dzie\u0142 sztuki<\/li>\n<li>Przechowywanie kr\u00f3tko- i d\u0142ugoterminowe<\/li>\n<\/ul>\n<p>Decapack to firma zajmuj\u0105ca si\u0119 przeprowadzkami mi\u0119dzynarodowymi z siedzib\u0105 w Santiago, kt\u00f3ra zosta\u0142a za\u0142o\u017cona w 1942 roku. S\u0105 obecni w San Antonio i Valparaiso. <a href=\"https:\/\/moverdb.com\/pl\/top-49-container-ports\/\" data-internallinksmanager029f6b8e52c=\"80\" title=\"49 najwi\u0119kszych i najbardziej ruchliwych port\u00f3w kontenerowych w 2025 r.\">porty<\/a> i Santiago International Airport. S\u0105 cz\u0142onkiem IAM z 52-letnim sta\u017cem i posiadaj\u0105 akredytacj\u0119 FIDI.<\/p>\n<p>Decapack zapewnia us\u0142ug\u0119 door-to-door, kt\u00f3ra rozpoczyna si\u0119 od zorganizowania wizyty szacunkowej osobi\u015bcie lub wirtualnie, aby oceni\u0107 Twoje potrzeby. Zapewniaj\u0105 spersonalizowane porady wyznaczonego koordynatora, kt\u00f3ry pomo\u017ce Ci w za\u0142atwieniu formalno\u015bci i dokumentacji. Zapewniaj\u0105 us\u0142ug\u0119 pakowania w celu ochrony Twoich rzeczy oraz ubezpieczenie w celu ochrony przed nieoczekiwanymi zdarzeniami.<\/p>\n<p>Strona internetowa: <a href=\"http:\/\/www.decapack.com\" target=\"_blank\" rel=\"noopener\">http:\/\/www.decapack.com<\/a><\/p>\n<h2><span class=\"ez-toc-section\" id=\"4_Global_Alliance_International\"><\/span><strong>4. Globalny sojusz mi\u0119dzynarodowy<\/strong><span class=\"ez-toc-section-end\"><\/span><\/h2>\n<p><img loading=\"lazy\" decoding=\"async\" class=\"alignnone size-full wp-image-5441\" src=\"https:\/\/moverdb.com\/wp-content\/uploads\/Global-Alliance-International-moving-company.png\" alt=\"Global Alliance Mi\u0119dzynarodowa firma przeprowadzkowa\" width=\"1440\" height=\"677\" data-wp-pid=\"5441\" srcset=\"https:\/\/moverdb.com\/wp-content\/uploads\/Global-Alliance-International-moving-company.png 1440w, https:\/\/moverdb.com\/wp-content\/uploads\/Global-Alliance-International-moving-company-300x141.png 300w, https:\/\/moverdb.com\/wp-content\/uploads\/Global-Alliance-International-moving-company-1024x481.png 1024w, https:\/\/moverdb.com\/wp-content\/uploads\/Global-Alliance-International-moving-company-18x8.png 18w, https:\/\/moverdb.com\/wp-content\/uploads\/Global-Alliance-International-moving-company-600x282.png 600w\" sizes=\"auto, (max-width: 1440px) 100vw, 1440px\" \/><\/p>\n<ul>\n<li>Ruchy krajowe<\/li>\n<li>Przeprowadzki mi\u0119dzynarodowe<\/li>\n<li>Przeprowadzki mieszkaniowe<\/li>\n<li>Przeprowadzki firm<\/li>\n<li>Wysoko wykwalifikowany personel<\/li>\n<li>Kompleksowa us\u0142uga pakowania<\/li>\n<li>Transport l\u0105dowy, morski i lotniczy<\/li>\n<li>Wsparcie celne<\/li>\n<li>Transport zwierz\u0105t<\/li>\n<li>Rozwi\u0105zania w zakresie magazynowania tymczasowego i sta\u0142ego<\/li>\n<\/ul>\n<p>Global Alliance International to chilijska firma przeprowadzkowa, kt\u00f3ra zosta\u0142a za\u0142o\u017cona w 1995 roku i jest fili\u0105 Express Movers Transportes. Wsp\u00f3\u0142pracuje z agentami przeprowadzkowymi w miejscu docelowym w celu realizacji przeprowadzek mi\u0119dzynarodowych. Jest cz\u0142onkiem IAM z 16-letnim sta\u017cem.<\/p>\n<p>Global Alliance International zapewni zesp\u00f3\u0142 pakowaczy, kt\u00f3rzy zdemontuj\u0105 i zapakuj\u0105 wszystkie Twoje rzeczy, u\u017cywaj\u0105c najbardziej odpowiednich materia\u0142\u00f3w do pakowania w celu ich ochrony oraz specjalistycznych pude\u0142ek. Zapewni\u0105 r\u00f3wnie\u017c inwentaryzacj\u0119, oznakowane pud\u0142a i pojemniki do wysy\u0142ki drog\u0105 l\u0105dow\u0105, powietrzn\u0105 lub morsk\u0105 oraz pomoc w dokumentacji celnej. Oferuj\u0105 r\u00f3wnie\u017c rozwi\u0105zania w zakresie tymczasowego i sta\u0142ego przechowywania.<\/p>\n<p>Strona internetowa: <a href=\"http:\/\/www.globalalliancechile.com\" target=\"_blank\" rel=\"noopener\">http:\/\/www.globalalliancechile.com<\/a><\/p>\n<h2><span class=\"ez-toc-section\" id=\"5_REMSSA\"><\/span><strong>5. REMSSA<\/strong><span class=\"ez-toc-section-end\"><\/span><\/h2>\n<p><img loading=\"lazy\" decoding=\"async\" class=\"alignnone size-full wp-image-5482\" src=\"https:\/\/moverdb.com\/wp-content\/uploads\/REMSSA-international-moving-company.png\" alt=\"REMSSA mi\u0119dzynarodowa firma przeprowadzkowa\" width=\"1440\" height=\"683\" data-wp-pid=\"5482\" srcset=\"https:\/\/moverdb.com\/wp-content\/uploads\/REMSSA-international-moving-company.png 1440w, https:\/\/moverdb.com\/wp-content\/uploads\/REMSSA-international-moving-company-300x142.png 300w, https:\/\/moverdb.com\/wp-content\/uploads\/REMSSA-international-moving-company-1024x486.png 1024w, https:\/\/moverdb.com\/wp-content\/uploads\/REMSSA-international-moving-company-18x9.png 18w, https:\/\/moverdb.com\/wp-content\/uploads\/REMSSA-international-moving-company-600x285.png 600w\" sizes=\"auto, (max-width: 1440px) 100vw, 1440px\" \/><\/p>\n<ul>\n<li>Ruchy krajowe<\/li>\n<li>Przeprowadzki mi\u0119dzynarodowe<\/li>\n<li>Przeprowadzki mieszkaniowe<\/li>\n<li>Przeprowadzki biurowe<\/li>\n<li>Relokacja<\/li>\n<li>Us\u0142uga \"od drzwi do drzwi\".<\/li>\n<li>Us\u0142uga pakowania<\/li>\n<li>Transport dzie\u0142 sztuki<\/li>\n<li>Transport zwierz\u0105t<\/li>\n<li>Bezpieczne magazyny<\/li>\n<\/ul>\n<p>REMSSA jest firm\u0105 przeprowadzkow\u0105 z siedzib\u0105 w Santiago, kt\u00f3ra zosta\u0142a za\u0142o\u017cona w 2000 roku z oddzia\u0142ami w ca\u0142ym Chile na lotniskach i w portach. Oferuj\u0105 krajowe i mi\u0119dzynarodowe us\u0142ugi przeprowadzkowe dla gospodarstw domowych i klient\u00f3w korporacyjnych. Jest cz\u0142onkiem IAM z 22-letnim sta\u017cem.<\/p>\n<p>REMSSA oferuje indywidualn\u0105 us\u0142ug\u0119 przeprowadzki, kt\u00f3ra zapewni dostaw\u0119 od drzwi do drzwi. Zapewniaj\u0105 us\u0142ug\u0119 pakowania, za\u0142adunku i rozpakowywania z wykorzystaniem przemys\u0142owych opakowa\u0144 \u0142adunku w celu jego ochrony podczas transportu. \u015awiadcz\u0105 r\u00f3wnie\u017c us\u0142ugi specjalistyczne w zakresie pomocy imigracyjnej, transportu dzie\u0142 sztuki, transportu zwierz\u0105t domowych oraz w razie potrzeby bezpiecznego przechowywania.<\/p>\n<p>Strona internetowa: <a href=\"http:\/\/www.remssa.cl\" target=\"_blank\" rel=\"noopener\">http:\/\/www.remssa.cl<\/a><\/p>\n<h2><span class=\"ez-toc-section\" id=\"6_Ward_Van_Lines\"><\/span><strong>6. Ward Van Lines<\/strong><span class=\"ez-toc-section-end\"><\/span><\/h2>\n<p><img loading=\"lazy\" decoding=\"async\" class=\"alignnone size-full wp-image-5499\" src=\"https:\/\/moverdb.com\/wp-content\/uploads\/Ward-Van-Lines-international-moving-company.png\" alt=\"Ward Van Lines - mi\u0119dzynarodowa firma przeprowadzkowa\" width=\"1440\" height=\"680\" data-wp-pid=\"5499\" srcset=\"https:\/\/moverdb.com\/wp-content\/uploads\/Ward-Van-Lines-international-moving-company.png 1440w, https:\/\/moverdb.com\/wp-content\/uploads\/Ward-Van-Lines-international-moving-company-300x142.png 300w, https:\/\/moverdb.com\/wp-content\/uploads\/Ward-Van-Lines-international-moving-company-1024x484.png 1024w, https:\/\/moverdb.com\/wp-content\/uploads\/Ward-Van-Lines-international-moving-company-18x9.png 18w, https:\/\/moverdb.com\/wp-content\/uploads\/Ward-Van-Lines-international-moving-company-600x283.png 600w\" sizes=\"auto, (max-width: 1440px) 100vw, 1440px\" \/><\/p>\n<ul>\n<li>Ruchy krajowe<\/li>\n<li>Przeprowadzki mi\u0119dzynarodowe<\/li>\n<li>Zindywidualizowana obs\u0142uga<\/li>\n<li>Us\u0142uga pakowania z wykorzystaniem materia\u0142\u00f3w najwy\u017cszej klasy<\/li>\n<li>Demonta\u017c i monta\u017c mebli<\/li>\n<li>Etykietowanie przedmiot\u00f3w w celu sta\u0142ego \u015bledzenia<\/li>\n<li>\u015aled\u017a sw\u00f3j ruch dzi\u0119ki \u015bledzeniu GPS<\/li>\n<li>Dokumentacja eksportowa, w tym odprawa celna<\/li>\n<li>Ubezpieczenia<\/li>\n<li>Bezpieczne magazyny<\/li>\n<\/ul>\n<p>Ward Van Lines to mi\u0119dzynarodowa i krajowa firma przeprowadzkowa, kt\u00f3ra zosta\u0142a za\u0142o\u017cona w 1969 roku. Ich siedziba znajduje si\u0119 w Santiago i maj\u0105 biura w najwa\u017cniejszych portach, w tym w Valparaiso i San Antonio. S\u0105 cz\u0142onkiem IAM z 53-letnim sta\u017cem i posiadaj\u0105 akredytacj\u0119 FIDI.<\/p>\n<p>Ward Van Lines oferuje spersonalizowan\u0105 us\u0142ug\u0119 \"od drzwi do drzwi\", kt\u00f3ra wykorzystuje najwy\u017cszej klasy materia\u0142y do bezpiecznego zapakowania Twoich rzeczy, a do delikatnych przedmiot\u00f3w u\u017cywa drewnianych skrzy\u0144. Ward Van Lines sporz\u0105dza inwentarz i oznacza wszystkie przedmioty unikalnymi kodami kreskowymi w celu identyfikacji rzeczy. Ich ci\u0119\u017car\u00f3wki posiadaj\u0105 system \u015bledzenia GPS, kt\u00f3ry pozwala na \u015bledzenie Twojego mienia 24\/7.<\/p>\n<p>Strona internetowa: <a href=\"http:\/\/www.wardvanlines.com\" target=\"_blank\" rel=\"noopener\">http:\/\/www.wardvanlines.com<\/a><\/p>\n<h2><span class=\"ez-toc-section\" id=\"Other_Useful_Guides_to_Chile\"><\/span>Inne przydatne przewodniki po Chile<span class=\"ez-toc-section-end\"><\/span><\/h2>\n<ul>\n<li> <a href=\"https:\/\/moverdb.com\/pl\/przeladunek-w-kontenerach\/chile\/\">2024 Stawki wysy\u0142ki kontener\u00f3w morskich do iz Chile<\/a><\/li>\n<li> <a href=\"https:\/\/moverdb.com\/pl\/moving-to-chile\/\">Przeprowadzka do Chile? Koszty \u017cycia i wskaz\u00f3wki dotycz\u0105ce relokacji w 2023 r.<\/a><\/li>\n<li> <a href=\"https:\/\/moverdb.com\/pl\/moving-to-chile\/best-places-to-live-chile\/\">12 najlepszych miejsc do \u017cycia w Chile<\/a><\/li>\n<\/ul>","protected":false},"excerpt":{"rendered":"<p>Moving can be a busy and stressful time especially in you are moving long distance or to another country. This is where a moving company can help reduce your stress by taking away some of the workload. Below we have compiled a list of Chilean removal companies that are members of the International Association of [&hellip;]<\/p>\n","protected":false},"author":4,"featured_media":0,"parent":190,"menu_order":0,"comment_status":"closed","ping_status":"closed","template":"","meta":{"_genesis_hide_title":false,"_genesis_hide_breadcrumbs":false,"_genesis_hide_singular_image":false,"_genesis_hide_footer_widgets":false,"_genesis_custom_body_class":"","_genesis_custom_post_class":"","_genesis_layout":"","footnotes":""},"class_list":{"0":"post-5527","1":"page","2":"type-page","3":"status-publish","5":"entry","6":"has-post-thumbnail"},"_links":{"self":[{"href":"https:\/\/moverdb.com\/pl\/wp-json\/wp\/v2\/pages\/5527","targetHints":{"allow":["GET"]}}],"collection":[{"href":"https:\/\/moverdb.com\/pl\/wp-json\/wp\/v2\/pages"}],"about":[{"href":"https:\/\/moverdb.com\/pl\/wp-json\/wp\/v2\/types\/page"}],"author":[{"embeddable":true,"href":"https:\/\/moverdb.com\/pl\/wp-json\/wp\/v2\/users\/4"}],"replies":[{"embeddable":true,"href":"https:\/\/moverdb.com\/pl\/wp-json\/wp\/v2\/comments?post=5527"}],"version-history":[{"count":4,"href":"https:\/\/moverdb.com\/pl\/wp-json\/wp\/v2\/pages\/5527\/revisions"}],"predecessor-version":[{"id":16390,"href":"https:\/\/moverdb.com\/pl\/wp-json\/wp\/v2\/pages\/5527\/revisions\/16390"}],"up":[{"embeddable":true,"href":"https:\/\/moverdb.com\/pl\/wp-json\/wp\/v2\/pages\/190"}],"wp:attachment":[{"href":"https:\/\/moverdb.com\/pl\/wp-json\/wp\/v2\/media?parent=5527"}],"curies":[{"name":"wp","href":"https:\/\/api.w.org\/{rel}","templated":true}]}}