{"id":5520,"date":"2023-02-01T13:56:46","date_gmt":"2023-02-01T13:56:46","guid":{"rendered":"https:\/\/moverdb.com\/?page_id=5520"},"modified":"2026-01-08T15:29:45","modified_gmt":"2026-01-08T15:29:45","slug":"firmy-przeprowadzkowe-z-karaibow-neutralii","status":"publish","type":"page","link":"https:\/\/moverdb.com\/pl\/moving-companies\/caribbean-netherlands-moving-companies\/","title":{"rendered":"Najlepsze mi\u0119dzynarodowe firmy przeprowadzkowe na Karaibach w Holandii"},"content":{"rendered":"<p>Je\u015bli my\u015blisz o przeprowadzce w obr\u0119bie Karaib\u00f3w <a href=\"https:\/\/moverdb.com\/pl\/moving-to-the-netherlands\/\" data-internallinksmanager029f6b8e52c=\"328\" title=\"Przeprowadzka do Holandii? Koszty \u017cycia i wskaz\u00f3wki dotycz\u0105ce relokacji w 2023 r.\">Holandia<\/a>lub do lub z Holandii Karaib\u00f3w, mo\u017cesz potrzebowa\u0107 wsparcia ze strony <a href=\"https:\/\/moverdb.com\/pl\/moving-companies\/\" data-internallinksmanager029f6b8e52c=\"79\" title=\"25 najlepszych firm przeprowadzek mi\u0119dzynarodowych online\">przedsi\u0119biorstwo przeprowadzkowe<\/a> aby zmniejszy\u0107 presj\u0119 zwi\u0105zan\u0105 z przeprowadzk\u0105. Poni\u017cej zestawili\u015bmy list\u0119 karaibskich Holandii <a href=\"https:\/\/moverdb.com\/pl\/international-removals\/\" data-internallinksmanager029f6b8e52c=\"27\" title=\"36 najlepszych firm zajmuj\u0105cych si\u0119 przeprowadzkami mi\u0119dzynarodowymi w Wielkiej Brytanii\">przedsi\u0119biorstwa przeprowadzkowe<\/a> kt\u00f3re s\u0105 cz\u0142onkami <a href=\"https:\/\/moverdb.com\/pl\/iam\/\" data-internallinksmanager029f6b8e52c=\"23\" title=\"Mi\u0119dzynarodowe Stowarzyszenie Przewo\u017anik\u00f3w (IAM) - obja\u015bnienia\">Mi\u0119dzynarodowe Stowarzyszenie Przewo\u017anik\u00f3w<\/a> (IAM) i\/lub <a href=\"https:\/\/moverdb.com\/pl\/fidi-faim\/\" data-internallinksmanager029f6b8e52c=\"16\" title=\"FIDI i FAIM (FIDI Accredited International Mover) - obja\u015bnienia\">FIDI<\/a> Accredited International Mover (FAIM), kt\u00f3ry mo\u017ce Ci pom\u00f3c.<\/p>\n<h2><strong>Meyer Moving<\/strong><\/h2>\n<p><img loading=\"lazy\" decoding=\"async\" class=\"alignnone size-full wp-image-5459\" src=\"https:\/\/moverdb.com\/wp-content\/uploads\/Meyer-Moving-international-moving-company.png\" alt=\"Meyer Moving firma zajmuj\u0105ca si\u0119 przeprowadzkami mi\u0119dzynarodowymi\" width=\"1440\" height=\"682\" data-wp-pid=\"5459\" srcset=\"https:\/\/moverdb.com\/wp-content\/uploads\/Meyer-Moving-international-moving-company.png 1440w, https:\/\/moverdb.com\/wp-content\/uploads\/Meyer-Moving-international-moving-company-300x142.png 300w, https:\/\/moverdb.com\/wp-content\/uploads\/Meyer-Moving-international-moving-company-1024x485.png 1024w, https:\/\/moverdb.com\/wp-content\/uploads\/Meyer-Moving-international-moving-company-18x9.png 18w, https:\/\/moverdb.com\/wp-content\/uploads\/Meyer-Moving-international-moving-company-600x284.png 600w\" sizes=\"auto, (max-width: 1440px) 100vw, 1440px\" \/><\/p>\n<ul>\n<li>Przeprowadzki lokalne<\/li>\n<li>Przeprowadzki mi\u0119dzynarodowe<\/li>\n<li>Przeprowadzki mieszkaniowe<\/li>\n<li>Przeprowadzki firm<\/li>\n<li>Us\u0142uga \"od drzwi do drzwi\".<\/li>\n<li>Us\u0142ugi pakowania i rozpakowywania<\/li>\n<li>Fracht l\u0105dowy, morski i lotniczy<\/li>\n<li>Wsparcie po przeprowadzce<\/li>\n<li>Przeniesienie pojazdu<\/li>\n<li>Obiekty magazynowe<\/li>\n<\/ul>\n<p>Meyer Moving to firma przeprowadzkowa za\u0142o\u017cona w 1959 roku, kt\u00f3ra specjalizuje si\u0119 w przeprowadzkach lokalnych i mi\u0119dzynarodowych dla klient\u00f3w indywidualnych i firm. Posiada 7 oddzia\u0142\u00f3w na Karaibach oraz globaln\u0105 sie\u0107 firm stowarzyszonych i agent\u00f3w partnerskich realizuj\u0105cych przeprowadzki mi\u0119dzynarodowe. Firma jest cz\u0142onkiem IAM z 63-letnim sta\u017cem i posiada akredytacj\u0119 FIDI.<\/p>\n<p>Meyer Moving \u015bwiadczy us\u0142ugi relokacji, przeprowadzki i magazynowania, kt\u00f3re obejmuj\u0105 doradztwo w zakresie przeprowadzki oraz pomoc w przeprowadzce od drzwi do drzwi. Bezpiecznie zapakuj\u0105 Pa\u0144stwa rzeczy, zorganizuj\u0105 transport l\u0105dowy, morski lub lotniczy, us\u0142ug\u0119 rozpakowania i przechowania w razie potrzeby.<\/p>\n<p>Strona internetowa: <a href=\"http:\/\/www.meyermoving.com\/\" target=\"_blank\" rel=\"noopener\">http:\/\/www.meyermoving.com\/<\/a><\/p>","protected":false},"excerpt":{"rendered":"<p>If you are thinking of moving within the Caribbean Netherlands, or to or from the Caribbean Netherlands you may want support from a moving company to reduce the pressure of moving. Below we have compiled a list of Caribbean Netherlands removal companies that are members of the International Association of Movers (IAM) and\/or FIDI Accredited [&hellip;]<\/p>\n","protected":false},"author":4,"featured_media":0,"parent":190,"menu_order":0,"comment_status":"closed","ping_status":"closed","template":"","meta":{"_genesis_hide_title":false,"_genesis_hide_breadcrumbs":false,"_genesis_hide_singular_image":false,"_genesis_hide_footer_widgets":false,"_genesis_custom_body_class":"","_genesis_custom_post_class":"","_genesis_layout":"","footnotes":""},"class_list":{"0":"post-5520","1":"page","2":"type-page","3":"status-publish","5":"entry","6":"has-post-thumbnail"},"_links":{"self":[{"href":"https:\/\/moverdb.com\/pl\/wp-json\/wp\/v2\/pages\/5520","targetHints":{"allow":["GET"]}}],"collection":[{"href":"https:\/\/moverdb.com\/pl\/wp-json\/wp\/v2\/pages"}],"about":[{"href":"https:\/\/moverdb.com\/pl\/wp-json\/wp\/v2\/types\/page"}],"author":[{"embeddable":true,"href":"https:\/\/moverdb.com\/pl\/wp-json\/wp\/v2\/users\/4"}],"replies":[{"embeddable":true,"href":"https:\/\/moverdb.com\/pl\/wp-json\/wp\/v2\/comments?post=5520"}],"version-history":[{"count":4,"href":"https:\/\/moverdb.com\/pl\/wp-json\/wp\/v2\/pages\/5520\/revisions"}],"predecessor-version":[{"id":7597,"href":"https:\/\/moverdb.com\/pl\/wp-json\/wp\/v2\/pages\/5520\/revisions\/7597"}],"up":[{"embeddable":true,"href":"https:\/\/moverdb.com\/pl\/wp-json\/wp\/v2\/pages\/190"}],"wp:attachment":[{"href":"https:\/\/moverdb.com\/pl\/wp-json\/wp\/v2\/media?parent=5520"}],"curies":[{"name":"wp","href":"https:\/\/api.w.org\/{rel}","templated":true}]}}