{"id":5515,"date":"2023-02-01T13:53:52","date_gmt":"2023-02-01T13:53:52","guid":{"rendered":"https:\/\/moverdb.com\/?page_id=5515"},"modified":"2026-01-08T15:29:52","modified_gmt":"2026-01-08T15:29:52","slug":"cameroon-moving-companies","status":"publish","type":"page","link":"https:\/\/moverdb.com\/pl\/moving-companies\/cameroon-moving-companies\/","title":{"rendered":"Najlepsze firmy zajmuj\u0105ce si\u0119 przeprowadzkami mi\u0119dzynarodowymi w Kamerunie"},"content":{"rendered":"<p>Przeprowadzasz si\u0119 do domu lub firmy? Wtedy mo\u017cesz chcie\u0107 pomocy w u\u0142atwieniu przeprowadzki, zw\u0142aszcza je\u015bli przenosisz si\u0119 do innego kraju, wi\u0119c renomowany <a href=\"https:\/\/moverdb.com\/pl\/moving-companies\/\" data-internallinksmanager029f6b8e52c=\"79\" title=\"25 najlepszych firm przeprowadzek mi\u0119dzynarodowych online\">przedsi\u0119biorstwo przeprowadzkowe<\/a> mo\u017ce pom\u00f3c. Poni\u017cej przygotowali\u015bmy list\u0119 Kamerunu <a href=\"https:\/\/moverdb.com\/pl\/international-removals\/\" data-internallinksmanager029f6b8e52c=\"27\" title=\"36 najlepszych firm zajmuj\u0105cych si\u0119 przeprowadzkami mi\u0119dzynarodowymi w Wielkiej Brytanii\">przedsi\u0119biorstwa przeprowadzkowe<\/a> kt\u00f3re s\u0105 cz\u0142onkami <a href=\"https:\/\/moverdb.com\/pl\/iam\/\" data-internallinksmanager029f6b8e52c=\"23\" title=\"Mi\u0119dzynarodowe Stowarzyszenie Przewo\u017anik\u00f3w (IAM) - obja\u015bnienia\">Mi\u0119dzynarodowe Stowarzyszenie Przewo\u017anik\u00f3w<\/a> (IAM), kt\u00f3re mog\u0105 ci pom\u00f3c.<\/p>\n<h2><strong>Move One<\/strong><\/h2>\n<p><img loading=\"lazy\" decoding=\"async\" class=\"alignnone size-full wp-image-5461\" src=\"https:\/\/moverdb.com\/wp-content\/uploads\/Move-One-international-moving-company.png\" alt=\"Mi\u0119dzynarodowa firma przeprowadzkowa Move One\" width=\"1440\" height=\"680\" data-wp-pid=\"5461\" srcset=\"https:\/\/moverdb.com\/wp-content\/uploads\/Move-One-international-moving-company.png 1440w, https:\/\/moverdb.com\/wp-content\/uploads\/Move-One-international-moving-company-300x142.png 300w, https:\/\/moverdb.com\/wp-content\/uploads\/Move-One-international-moving-company-1024x484.png 1024w, https:\/\/moverdb.com\/wp-content\/uploads\/Move-One-international-moving-company-18x9.png 18w, https:\/\/moverdb.com\/wp-content\/uploads\/Move-One-international-moving-company-600x283.png 600w\" sizes=\"auto, (max-width: 1440px) 100vw, 1440px\" \/><\/p>\n<ul>\n<li>Przeprowadzki mi\u0119dzynarodowe<\/li>\n<li>Przeniesienia<\/li>\n<li>Przeprowadzki gospodarstw domowych<\/li>\n<li>Przeprowadzki biur<\/li>\n<li>Profesjonalny personel, kt\u00f3ry b\u0119dzie Ci\u0119 wspiera\u0142<\/li>\n<li>Pomoc w zakresie imigracji<\/li>\n<li>Transport zwierz\u0105t<\/li>\n<li>Pomoc w osiedleniu si\u0119<\/li>\n<li>Wyszukiwanie dom\u00f3w i szk\u00f3\u0142<\/li>\n<li>Rozwi\u0105zania w zakresie przechowywania<\/li>\n<\/ul>\n<p>Move One jest mi\u0119dzynarodow\u0105 firm\u0105 przeprowadzkow\u0105 z oddzia\u0142ami w Europie, Afryce i na Bliskim Wschodzie, w tym w Kamerunie. Dostarczaj\u0105 rozwi\u0105zania w zakresie logistyki, przeprowadzek i globalnej mobilno\u015bci od 1992 roku. Posiadaj\u0105 r\u00f3wnie\u017c mi\u0119dzynarodow\u0105 sie\u0107 firm przeprowadzkowych, kt\u00f3re pomagaj\u0105 klientom na ca\u0142ym \u015bwiecie. Oddzia\u0142 w Kamerunie jest cz\u0142onkiem IAM z 6-letnim sta\u017cem.<\/p>\n<p>Move One zapewnia profesjonaln\u0105 us\u0142ug\u0119 z wysoko wyszkolonym personelem, kt\u00f3ry b\u0119dzie wspiera\u0142 Pa\u0144stwa przeprowadzk\u0119 lub relokacj\u0119. Wspieraj\u0105 oni wszystkie aspekty przeprowadzki, w tym organizacj\u0119 logistyki i wsparcia imigracyjnego jak transport zwierz\u0105t domowych. Ich us\u0142ugi relokacyjne obejmuj\u0105 r\u00f3wnie\u017c pomoc w osiedleniu si\u0119, znalezieniu domu i szko\u0142y.<\/p>\n<p>Strona internetowa: <a href=\"https:\/\/www.moveoneinc.com\/\" target=\"_blank\" rel=\"noopener\">https:\/\/www.moveoneinc.com\/<\/a><\/p>","protected":false},"excerpt":{"rendered":"<p>Are you moving home or your business? Then you may want help in making the move easier especially if you are relocating to another country, so a reputable moving company could help. Below we have compiled a list of Cameroon removal companies that are members of the International Association of Movers (IAM) that could help [&hellip;]<\/p>\n","protected":false},"author":4,"featured_media":0,"parent":190,"menu_order":0,"comment_status":"closed","ping_status":"closed","template":"","meta":{"_genesis_hide_title":false,"_genesis_hide_breadcrumbs":false,"_genesis_hide_singular_image":false,"_genesis_hide_footer_widgets":false,"_genesis_custom_body_class":"","_genesis_custom_post_class":"","_genesis_layout":"","footnotes":""},"class_list":{"0":"post-5515","1":"page","2":"type-page","3":"status-publish","5":"entry","6":"has-post-thumbnail"},"_links":{"self":[{"href":"https:\/\/moverdb.com\/pl\/wp-json\/wp\/v2\/pages\/5515","targetHints":{"allow":["GET"]}}],"collection":[{"href":"https:\/\/moverdb.com\/pl\/wp-json\/wp\/v2\/pages"}],"about":[{"href":"https:\/\/moverdb.com\/pl\/wp-json\/wp\/v2\/types\/page"}],"author":[{"embeddable":true,"href":"https:\/\/moverdb.com\/pl\/wp-json\/wp\/v2\/users\/4"}],"replies":[{"embeddable":true,"href":"https:\/\/moverdb.com\/pl\/wp-json\/wp\/v2\/comments?post=5515"}],"version-history":[{"count":2,"href":"https:\/\/moverdb.com\/pl\/wp-json\/wp\/v2\/pages\/5515\/revisions"}],"predecessor-version":[{"id":5517,"href":"https:\/\/moverdb.com\/pl\/wp-json\/wp\/v2\/pages\/5515\/revisions\/5517"}],"up":[{"embeddable":true,"href":"https:\/\/moverdb.com\/pl\/wp-json\/wp\/v2\/pages\/190"}],"wp:attachment":[{"href":"https:\/\/moverdb.com\/pl\/wp-json\/wp\/v2\/media?parent=5515"}],"curies":[{"name":"wp","href":"https:\/\/api.w.org\/{rel}","templated":true}]}}