{"id":5512,"date":"2023-02-01T13:54:26","date_gmt":"2023-02-01T13:54:26","guid":{"rendered":"https:\/\/moverdb.com\/?page_id=5512"},"modified":"2026-01-08T15:29:51","modified_gmt":"2026-01-08T15:29:51","slug":"burundi-moving-companies","status":"publish","type":"page","link":"https:\/\/moverdb.com\/pl\/moving-companies\/burundi-moving-companies\/","title":{"rendered":"Najlepsze firmy zajmuj\u0105ce si\u0119 przeprowadzkami mi\u0119dzynarodowymi w Burundi"},"content":{"rendered":"<p>Je\u015bli chc\u0105 Pa\u0144stwo przeprowadzi\u0107 si\u0119 do domu lub firmy w Burundi, przenie\u015b\u0107 si\u0119 do lub z Burundi, mog\u0105 by\u0107 Pa\u0144stwo zainteresowani us\u0142ugami <a href=\"https:\/\/moverdb.com\/pl\/moving-companies\/\" data-internallinksmanager029f6b8e52c=\"79\" title=\"25 najlepszych firm przeprowadzek mi\u0119dzynarodowych online\">przedsi\u0119biorstwo przeprowadzkowe<\/a> kt\u00f3rzy mog\u0105 u\u0142atwi\u0107 Ci przeprowadzk\u0119. Poni\u017cej przygotowali\u015bmy list\u0119 Burundi <a href=\"https:\/\/moverdb.com\/pl\/international-removals\/\" data-internallinksmanager029f6b8e52c=\"27\" title=\"36 najlepszych firm zajmuj\u0105cych si\u0119 przeprowadzkami mi\u0119dzynarodowymi w Wielkiej Brytanii\">przedsi\u0119biorstwa przeprowadzkowe<\/a> kt\u00f3re s\u0105 cz\u0142onkami <a href=\"https:\/\/moverdb.com\/pl\/iam\/\" data-internallinksmanager029f6b8e52c=\"23\" title=\"Mi\u0119dzynarodowe Stowarzyszenie Przewo\u017anik\u00f3w (IAM) - obja\u015bnienia\">Mi\u0119dzynarodowe Stowarzyszenie Przewo\u017anik\u00f3w<\/a> (IAM), kt\u00f3re mog\u0105 ci pom\u00f3c.<\/p>\n<h2><strong>Logistyka Wielkich Jezior<\/strong><\/h2>\n<p><img loading=\"lazy\" decoding=\"async\" class=\"alignnone size-full wp-image-5444\" src=\"https:\/\/moverdb.com\/wp-content\/uploads\/Great-Lakes-Logistics-international-moving-company.png\" alt=\"Great Lakes Logistics firma zajmuj\u0105ca si\u0119 przeprowadzkami mi\u0119dzynarodowymi\" width=\"1440\" height=\"679\" data-wp-pid=\"5444\" srcset=\"https:\/\/moverdb.com\/wp-content\/uploads\/Great-Lakes-Logistics-international-moving-company.png 1440w, https:\/\/moverdb.com\/wp-content\/uploads\/Great-Lakes-Logistics-international-moving-company-300x141.png 300w, https:\/\/moverdb.com\/wp-content\/uploads\/Great-Lakes-Logistics-international-moving-company-1024x483.png 1024w, https:\/\/moverdb.com\/wp-content\/uploads\/Great-Lakes-Logistics-international-moving-company-18x8.png 18w, https:\/\/moverdb.com\/wp-content\/uploads\/Great-Lakes-Logistics-international-moving-company-600x283.png 600w\" sizes=\"auto, (max-width: 1440px) 100vw, 1440px\" \/><\/p>\n<ul>\n<li>Ruchy krajowe<\/li>\n<li>Przeprowadzki mi\u0119dzynarodowe<\/li>\n<li>Przeprowadzki mieszkaniowe<\/li>\n<li>Ma\u0142e przeprowadzki komercyjne<\/li>\n<li>Fracht drogowy, kolejowy, morski i lotniczy<\/li>\n<li>Us\u0142ugi pakowania, za\u0142adunku i roz\u0142adunku<\/li>\n<li>Inwentaryzacja online<\/li>\n<li>Odprawa celna<\/li>\n<li>Obejmuje Afryk\u0119 Wschodni\u0105<\/li>\n<li>Obiekty magazynowe<\/li>\n<\/ul>\n<p>Great Lakes Logistics to firma zajmuj\u0105ca si\u0119 rozliczeniami, spedycj\u0105, wysy\u0142k\u0105 i magazynowaniem, kt\u00f3ra zosta\u0142a za\u0142o\u017cona w 2015 roku w Burundi jako oddzia\u0142 du\u017cej firmy United Arab Emir. \u015awiadcz\u0105 us\u0142ugi przeprowadzkowe w Burundi, Rwandzie, <a href=\"https:\/\/moverdb.com\/pl\/moving-companies\/moving-companies-kenya\/\" data-internallinksmanager029f6b8e52c=\"305\" title=\"4 Najlepsze firmy zajmuj\u0105ce si\u0119 przeprowadzkami mi\u0119dzynarodowymi w Kenii\">Kenia<\/a>, Uganda, Tanzania, Po\u0142udniowy Soudan, <a href=\"https:\/\/moverdb.com\/pl\/moving-companies\/moving-companies-mozambique\/\" data-internallinksmanager029f6b8e52c=\"286\" title=\"4 Najlepsze firmy zajmuj\u0105ce si\u0119 przeprowadzkami mi\u0119dzynarodowymi w Mozambiku\">Mozambik<\/a>, <a href=\"https:\/\/moverdb.com\/pl\/moving-companies\/moving-companies-malawi\/\" data-internallinksmanager029f6b8e52c=\"295\" title=\"Najlepsze firmy zajmuj\u0105ce si\u0119 przeprowadzkami mi\u0119dzynarodowymi w Malawi\">Malawi<\/a>, DRK, <a href=\"https:\/\/moverdb.com\/pl\/moving-companies\/botswana-moving-companies\/\" data-internallinksmanager029f6b8e52c=\"167\" title=\"Najlepsze firmy zajmuj\u0105ce si\u0119 przeprowadzkami mi\u0119dzynarodowymi w Botswanie\">Botswana<\/a>, Angola i Zimbabwe. S\u0105 cz\u0142onkiem IAM z 6-letnim sta\u017cem.<\/p>\n<p>Great Lakes Logistics zajmuje si\u0119 przeprowadzkami mieszkaniowymi i ma\u0142ymi komercyjnymi, kt\u00f3re mog\u0105 by\u0107 realizowane za pomoc\u0105 transportu drogowego, kolejowego, morskiego i lotniczego. Oferuj\u0105 wyb\u00f3r us\u0142ug zwi\u0105zanych z przeprowadzk\u0105, w tym za\u0142adunek i roz\u0142adunek, rozmieszczenie rzeczy, us\u0142ugi pakowania i odpraw\u0119 celn\u0105 oraz magazynowanie.<\/p>\n<p>Strona internetowa: <a href=\"https:\/\/www.greatlakeslogistics-bu.bi\" target=\"_blank\" rel=\"noopener\">https:\/\/www.greatlakeslogistics-bu.bi<\/a><\/p>","protected":false},"excerpt":{"rendered":"<p>If you are wanting to move home or business in Burundi, move to or from Burundi, you may be interested in the services of a moving company who could ease the move for you. Below we have compiled a list of Burundi removal companies that are members of the International Association of Movers (IAM) that [&hellip;]<\/p>\n","protected":false},"author":4,"featured_media":0,"parent":190,"menu_order":0,"comment_status":"closed","ping_status":"closed","template":"","meta":{"_genesis_hide_title":false,"_genesis_hide_breadcrumbs":false,"_genesis_hide_singular_image":false,"_genesis_hide_footer_widgets":false,"_genesis_custom_body_class":"","_genesis_custom_post_class":"","_genesis_layout":"","footnotes":""},"class_list":{"0":"post-5512","1":"page","2":"type-page","3":"status-publish","5":"entry","6":"has-post-thumbnail"},"_links":{"self":[{"href":"https:\/\/moverdb.com\/pl\/wp-json\/wp\/v2\/pages\/5512","targetHints":{"allow":["GET"]}}],"collection":[{"href":"https:\/\/moverdb.com\/pl\/wp-json\/wp\/v2\/pages"}],"about":[{"href":"https:\/\/moverdb.com\/pl\/wp-json\/wp\/v2\/types\/page"}],"author":[{"embeddable":true,"href":"https:\/\/moverdb.com\/pl\/wp-json\/wp\/v2\/users\/4"}],"replies":[{"embeddable":true,"href":"https:\/\/moverdb.com\/pl\/wp-json\/wp\/v2\/comments?post=5512"}],"version-history":[{"count":2,"href":"https:\/\/moverdb.com\/pl\/wp-json\/wp\/v2\/pages\/5512\/revisions"}],"predecessor-version":[{"id":5514,"href":"https:\/\/moverdb.com\/pl\/wp-json\/wp\/v2\/pages\/5512\/revisions\/5514"}],"up":[{"embeddable":true,"href":"https:\/\/moverdb.com\/pl\/wp-json\/wp\/v2\/pages\/190"}],"wp:attachment":[{"href":"https:\/\/moverdb.com\/pl\/wp-json\/wp\/v2\/media?parent=5512"}],"curies":[{"name":"wp","href":"https:\/\/api.w.org\/{rel}","templated":true}]}}