{"id":5510,"date":"2023-02-01T12:32:51","date_gmt":"2023-02-01T12:32:51","guid":{"rendered":"https:\/\/moverdb.com\/?page_id=5510"},"modified":"2026-01-08T15:23:39","modified_gmt":"2026-01-08T15:23:39","slug":"bulgaria-moving-companies","status":"publish","type":"page","link":"https:\/\/moverdb.com\/pl\/moving-companies\/bulgaria-moving-companies\/","title":{"rendered":"2 Najlepsze firmy zajmuj\u0105ce si\u0119 przeprowadzkami mi\u0119dzynarodowymi w Bu\u0142garii"},"content":{"rendered":"<p>Je\u015bli przeprowadzasz si\u0119 do domu lub firmy w <a href=\"https:\/\/moverdb.com\/pl\/moving-to-bulgaria\/\" data-internallinksmanager029f6b8e52c=\"322\" title=\"Przeprowadzka do Bu\u0142garii? Koszty \u017cycia i wskaz\u00f3wki dotycz\u0105ce relokacji w 2023 r.\">Bu\u0142garia<\/a>lub przeprowadzki do lub z Bu\u0142garii, w\u00f3wczas warto skorzysta\u0107 z us\u0142ug <a href=\"https:\/\/moverdb.com\/pl\/moving-companies\/\" data-internallinksmanager029f6b8e52c=\"79\" title=\"25 najlepszych firm przeprowadzek mi\u0119dzynarodowych online\">przedsi\u0119biorstwo przeprowadzkowe<\/a> aby zmniejszy\u0107 nak\u0142ad pracy. Poni\u017cej zestawili\u015bmy list\u0119 bu\u0142garskich <a href=\"https:\/\/moverdb.com\/pl\/international-removals\/\" data-internallinksmanager029f6b8e52c=\"27\" title=\"36 najlepszych firm zajmuj\u0105cych si\u0119 przeprowadzkami mi\u0119dzynarodowymi w Wielkiej Brytanii\">przedsi\u0119biorstwa przeprowadzkowe<\/a> kt\u00f3re s\u0105 cz\u0142onkami <a href=\"https:\/\/moverdb.com\/pl\/iam\/\" data-internallinksmanager029f6b8e52c=\"23\" title=\"Mi\u0119dzynarodowe Stowarzyszenie Przewo\u017anik\u00f3w (IAM) - obja\u015bnienia\">Mi\u0119dzynarodowe Stowarzyszenie Przewo\u017anik\u00f3w<\/a> (IAM) i\/lub <a href=\"https:\/\/moverdb.com\/pl\/fidi-faim\/\" data-internallinksmanager029f6b8e52c=\"16\" title=\"FIDI i FAIM (FIDI Accredited International Mover) - obja\u015bnienia\">FIDI<\/a> Accredited International Mover (FAIM), kt\u00f3ra mo\u017ce Ci pom\u00f3c.<\/p>\n<h2><strong>1. Movega<\/strong><\/h2>\n<p><img loading=\"lazy\" decoding=\"async\" class=\"alignnone size-full wp-image-5463\" src=\"https:\/\/moverdb.com\/wp-content\/uploads\/Movega-international-moving-company.png\" alt=\"Firma przeprowadzkowa Movega\" width=\"1440\" height=\"678\" data-wp-pid=\"5463\" srcset=\"https:\/\/moverdb.com\/wp-content\/uploads\/Movega-international-moving-company.png 1440w, https:\/\/moverdb.com\/wp-content\/uploads\/Movega-international-moving-company-300x141.png 300w, https:\/\/moverdb.com\/wp-content\/uploads\/Movega-international-moving-company-1024x482.png 1024w, https:\/\/moverdb.com\/wp-content\/uploads\/Movega-international-moving-company-18x8.png 18w, https:\/\/moverdb.com\/wp-content\/uploads\/Movega-international-moving-company-600x283.png 600w\" sizes=\"auto, (max-width: 1440px) 100vw, 1440px\" \/><\/p>\n<ul>\n<li>Ruchy krajowe<\/li>\n<li>Przeprowadzki europejskie<\/li>\n<li>Przeprowadzki gospodarstw domowych<\/li>\n<li>Przeniesienie biura<\/li>\n<li>Us\u0142ugi w zakresie pe\u0142nego i cz\u0119\u015bciowego obci\u0105\u017cenia<\/li>\n<li>Zni\u017cki za rezerwacj\u0119 kilku pojazd\u00f3w<\/li>\n<li>Pakowanie i rozpakowywanie<\/li>\n<li>Platforma ankietowa online do oceny Twoich wymaga\u0144<\/li>\n<li>Mo\u017cliwo\u015b\u0107 zapewnienia zewn\u0119trznej windy<\/li>\n<li>Rozwi\u0105zania w zakresie przechowywania<\/li>\n<\/ul>\n<p>Movega jest firm\u0105 przeprowadzkow\u0105 z siedzib\u0105 w Warnie, oferuj\u0105c\u0105 us\u0142ugi przeprowadzkowe w Bu\u0142garii i Europie. Wsp\u00f3\u0142pracuje z partnerami w zakresie przeprowadzek, aby \u015bwiadczy\u0107 swoje us\u0142ugi na skal\u0119 mi\u0119dzynarodow\u0105. Firma obs\u0142uguje przeprowadzki domowe i biurowe, jest cz\u0142onkiem IAM z 2-letnim sta\u017cem.<\/p>\n<p>Movega oferuje wyb\u00f3r us\u0142ug przeprowadzkowych, pozwalaj\u0105c na wykorzystanie pe\u0142nego lub cz\u0119\u015bciowego \u0142adunku lub uzyskanie rabat\u00f3w dla wielu pojazd\u00f3w. Pomagaj\u0105 oceni\u0107 wymagania dotycz\u0105ce przeprowadzki za pomoc\u0105 platformy ankietowej online. Oferuj\u0105 us\u0142ugi transportowe, jak r\u00f3wnie\u017c kompletne us\u0142ugi pakowania i rozpakowywania. Posiadaj\u0105 zr\u00f3\u017cnicowan\u0105 flot\u0119, w tym zewn\u0119trzn\u0105 wind\u0119 do przenoszenia du\u017cych mebli przez okna i balkony.<\/p>\n<p>Strona internetowa: <a href=\"http:\/\/movega.co.uk\" target=\"_blank\" rel=\"noopener\">http:\/\/movega.co.uk<\/a><\/p>\n<h2><strong>2. Orbita<\/strong><\/h2>\n<p><img loading=\"lazy\" decoding=\"async\" class=\"alignnone size-full wp-image-5470\" src=\"https:\/\/moverdb.com\/wp-content\/uploads\/Orbit-international-moving-company.png\" alt=\"Firma Orbit - przeprowadzki mi\u0119dzynarodowe\" width=\"1440\" height=\"684\" data-wp-pid=\"5470\" srcset=\"https:\/\/moverdb.com\/wp-content\/uploads\/Orbit-international-moving-company.png 1440w, https:\/\/moverdb.com\/wp-content\/uploads\/Orbit-international-moving-company-300x143.png 300w, https:\/\/moverdb.com\/wp-content\/uploads\/Orbit-international-moving-company-1024x486.png 1024w, https:\/\/moverdb.com\/wp-content\/uploads\/Orbit-international-moving-company-18x9.png 18w, https:\/\/moverdb.com\/wp-content\/uploads\/Orbit-international-moving-company-600x285.png 600w\" sizes=\"auto, (max-width: 1440px) 100vw, 1440px\" \/><\/p>\n<ul>\n<li>Ruchy krajowe<\/li>\n<li>Przeprowadzki mi\u0119dzynarodowe<\/li>\n<li>Przeprowadzki gospodarstw domowych<\/li>\n<li>Logistyka handlowa<\/li>\n<li>Indywidualne podej\u015bcie<\/li>\n<li>Transport l\u0105dowy, morski i lotniczy<\/li>\n<li>Agencja celna<\/li>\n<li>Pakowanie i rozpakowywanie<\/li>\n<li>Transport sztuki<\/li>\n<li>\u015aledzenie i ubezpieczenie transportu<\/li>\n<\/ul>\n<p>Orbit jest firm\u0105 spedycyjn\u0105 i transportow\u0105 z siedzib\u0105 w Sofii, kt\u00f3ra dzia\u0142a od ponad 25 lat, pomagaj\u0105c ludziom w przeprowadzkach w Bu\u0142garii i na \u015bwiecie. Jest cz\u0119\u015bci\u0105 grupy Orphee Beinoglou, kt\u00f3ra posiada oddzia\u0142y w ca\u0142ej Europie i wsp\u00f3\u0142pracuje z innymi partnerami w zakresie przeprowadzek mi\u0119dzynarodowych. S\u0105 cz\u0142onkami IAM z 28-letnim sta\u017cem i posiadaj\u0105 akredytacj\u0119 FIDI.<\/p>\n<p>Orbit zapewnia indywidualn\u0105 obs\u0142ug\u0119 obejmuj\u0105c\u0105 wst\u0119pn\u0105 inspekcj\u0119, planowanie przeprowadzki drog\u0105 l\u0105dow\u0105, morsk\u0105 lub powietrzn\u0105, bezpieczne pakowanie i rozpakowywanie rzeczy oraz organizacj\u0119 odprawy celnej. Zapewniaj\u0105 spok\u00f3j ducha dzi\u0119ki ubezpieczeniu tranzytowemu Twoich rzeczy i mo\u017cliwo\u015bci \u015bledzenia przesy\u0142ki.<\/p>\n<p>Strona internetowa: <a href=\"http:\/\/www.orbit.bg\" target=\"_blank\" rel=\"noopener\">http:\/\/www.orbit.bg<\/a><\/p>\n<h2>Inne przydatne przewodniki po Bu\u0142garii<\/h2>\n<ul>\n<li> <a href=\"https:\/\/moverdb.com\/pl\/moving-to-bulgaria\/\">Przeprowadzka do Bu\u0142garii? Koszty \u017cycia i wskaz\u00f3wki dotycz\u0105ce relokacji w 2023 r.<\/a><\/li>\n<li> <a href=\"https:\/\/moverdb.com\/pl\/moving-to-bulgaria\/best-places-to-live-bulgaria\/\">13 najlepszych miejsc do \u017cycia w Bu\u0142garii<\/a><\/li>\n<\/ul>","protected":false},"excerpt":{"rendered":"<p>If you are moving home or your business in Bulgaria, or moving to or from Bulgaria, then you may want to engage the services of a moving company to reduce the workload. Below we have compiled a list of Bulgarian removal companies that are members of the International Association of Movers (IAM) and\/or FIDI Accredited [&hellip;]<\/p>\n","protected":false},"author":4,"featured_media":0,"parent":190,"menu_order":0,"comment_status":"closed","ping_status":"closed","template":"","meta":{"_genesis_hide_title":false,"_genesis_hide_breadcrumbs":false,"_genesis_hide_singular_image":false,"_genesis_hide_footer_widgets":false,"_genesis_custom_body_class":"","_genesis_custom_post_class":"","_genesis_layout":"","footnotes":""},"class_list":{"0":"post-5510","1":"page","2":"type-page","3":"status-publish","5":"entry","6":"has-post-thumbnail"},"_links":{"self":[{"href":"https:\/\/moverdb.com\/pl\/wp-json\/wp\/v2\/pages\/5510","targetHints":{"allow":["GET"]}}],"collection":[{"href":"https:\/\/moverdb.com\/pl\/wp-json\/wp\/v2\/pages"}],"about":[{"href":"https:\/\/moverdb.com\/pl\/wp-json\/wp\/v2\/types\/page"}],"author":[{"embeddable":true,"href":"https:\/\/moverdb.com\/pl\/wp-json\/wp\/v2\/users\/4"}],"replies":[{"embeddable":true,"href":"https:\/\/moverdb.com\/pl\/wp-json\/wp\/v2\/comments?post=5510"}],"version-history":[{"count":3,"href":"https:\/\/moverdb.com\/pl\/wp-json\/wp\/v2\/pages\/5510\/revisions"}],"predecessor-version":[{"id":16292,"href":"https:\/\/moverdb.com\/pl\/wp-json\/wp\/v2\/pages\/5510\/revisions\/16292"}],"up":[{"embeddable":true,"href":"https:\/\/moverdb.com\/pl\/wp-json\/wp\/v2\/pages\/190"}],"wp:attachment":[{"href":"https:\/\/moverdb.com\/pl\/wp-json\/wp\/v2\/media?parent=5510"}],"curies":[{"name":"wp","href":"https:\/\/api.w.org\/{rel}","templated":true}]}}