{"id":5242,"date":"2022-10-24T11:48:27","date_gmt":"2022-10-24T11:48:27","guid":{"rendered":"https:\/\/moverdb.com\/?page_id=5242"},"modified":"2026-01-08T15:29:48","modified_gmt":"2026-01-08T15:29:48","slug":"botswana","status":"publish","type":"page","link":"https:\/\/moverdb.com\/pl\/moving-companies\/botswana-moving-companies\/","title":{"rendered":"Najlepsze firmy zajmuj\u0105ce si\u0119 przeprowadzkami mi\u0119dzynarodowymi w Botswanie"},"content":{"rendered":"<p>Planujesz przeprowadzk\u0119 w obr\u0119bie Botswany, do lub z Botswany? Niezale\u017cnie od tego, czy przeprowadzasz sw\u00f3j dom czy firm\u0119, skorzystanie z us\u0142ug firmy <a href=\"https:\/\/moverdb.com\/pl\/moving-companies\/\" data-internallinksmanager029f6b8e52c=\"79\" title=\"25 najlepszych firm przeprowadzek mi\u0119dzynarodowych online\">przedsi\u0119biorstwo przeprowadzkowe<\/a> mo\u017ce pom\u00f3c w odci\u0105\u017ceniu. Aby Ci pom\u00f3c, przygotowali\u015bmy list\u0119 Botswany <a href=\"https:\/\/moverdb.com\/pl\/international-removals\/\" data-internallinksmanager029f6b8e52c=\"27\" title=\"36 najlepszych firm zajmuj\u0105cych si\u0119 przeprowadzkami mi\u0119dzynarodowymi w Wielkiej Brytanii\">przedsi\u0119biorstwa przeprowadzkowe<\/a> poni\u017cej, kt\u00f3re s\u0105 cz\u0142onkami <a href=\"https:\/\/moverdb.com\/pl\/iam\/\" data-internallinksmanager029f6b8e52c=\"23\" title=\"Mi\u0119dzynarodowe Stowarzyszenie Przewo\u017anik\u00f3w (IAM) - obja\u015bnienia\">Mi\u0119dzynarodowe Stowarzyszenie Przewo\u017anik\u00f3w<\/a> (IAM) i\/lub <a href=\"https:\/\/moverdb.com\/pl\/fidi-faim\/\" data-internallinksmanager029f6b8e52c=\"16\" title=\"FIDI i FAIM (FIDI Accredited International Mover) - obja\u015bnienia\">FIDI<\/a> Accredited International Mover (FAIM).<\/p>\n<h2><strong>AGS Worldwide Movers<\/strong><\/h2>\n<p><em><img loading=\"lazy\" decoding=\"async\" class=\"alignnone size-full wp-image-5137\" src=\"https:\/\/moverdb.com\/wp-content\/uploads\/AGS-Wroldwide-Movers-international-moving-company.png\" alt=\"AGS Wroldwide Movers firma zajmuj\u0105ca si\u0119 przeprowadzkami mi\u0119dzynarodowymi\" width=\"1440\" height=\"680\" data-wp-pid=\"5137\" srcset=\"https:\/\/moverdb.com\/wp-content\/uploads\/AGS-Wroldwide-Movers-international-moving-company.png 1440w, https:\/\/moverdb.com\/wp-content\/uploads\/AGS-Wroldwide-Movers-international-moving-company-300x142.png 300w, https:\/\/moverdb.com\/wp-content\/uploads\/AGS-Wroldwide-Movers-international-moving-company-1024x484.png 1024w, https:\/\/moverdb.com\/wp-content\/uploads\/AGS-Wroldwide-Movers-international-moving-company-18x9.png 18w, https:\/\/moverdb.com\/wp-content\/uploads\/AGS-Wroldwide-Movers-international-moving-company-600x283.png 600w\" sizes=\"auto, (max-width: 1440px) 100vw, 1440px\" \/><\/em><\/p>\n<ul>\n<li>Przeprowadzki lokalne i krajowe<\/li>\n<li>Przeprowadzki mi\u0119dzynarodowe<\/li>\n<li>Przeprowadzki komercyjne dla biur<\/li>\n<li>Przeprowadzki gospodarstw domowych<\/li>\n<li>Us\u0142uga dostosowana do potrzeb<\/li>\n<li>Zapewnia us\u0142ug\u0119 \"od drzwi do drzwi\".<\/li>\n<li>Wyszkoleni pakowacze dzia\u0142aj\u0105cy wed\u0142ug mi\u0119dzynarodowych standard\u00f3w<\/li>\n<li>U\u017cywaj innowacyjnych materia\u0142\u00f3w do pakowania<\/li>\n<li>Przenoszenie pojazd\u00f3w<\/li>\n<li>Bezpieczne magazyny<\/li>\n<\/ul>\n<p>AGS Worldwide Movers to mi\u0119dzynarodowa firma za\u0142o\u017cona w 1974 roku, posiadaj\u0105ca 146 lokalizacji w 97 krajach, kt\u00f3re obejmuj\u0105 Europ\u0119, Azj\u0119 i Afryk\u0119, w tym Botswan\u0119. Posiada sie\u0107 partnersk\u0105 w obu Amerykach i Oceanii, kt\u00f3ra \u015bwiadczy us\u0142ugi w tych krajach. Oddzia\u0142 w Botswanie ma 41 lat pracy jako cz\u0142onek IAM i jest akredytowany przez FIDI.<\/p>\n<p>AGS Worldwide Movers \u015bwiadczy us\u0142ugi przeprowadzkowe w Botswanie i na ca\u0142ym \u015bwiecie, wykorzystuj\u0105c najnowocze\u015bniejsz\u0105 technologi\u0119 do pomocy przy wycenach, \u015bledzeniu i dostawach. Zatrudniaj\u0105 wyszkolonych pakowaczy, kt\u00f3rzy dzia\u0142aj\u0105 zgodnie z mi\u0119dzynarodowymi standardami i technikami pakowania, a tak\u017ce u\u017cywaj\u0105 wysokiej jako\u015bci materia\u0142\u00f3w do pakowania. Oferuj\u0105 r\u00f3wnie\u017c us\u0142ugi relokacji pojazd\u00f3w i bezpieczne magazyny.<\/p>\n<p>Strona internetowa: <a href=\"https:\/\/www.agsmovers.com\" target=\"_blank\" rel=\"noopener\">https:\/\/www.agsmovers.com<\/a><\/p>","protected":false},"excerpt":{"rendered":"<p>Are you planning a move within Botswana, or to or from Botswana? Whether you are moving your home or your business, engaging the services of a moving company can help lighten the load. To assist you we have compiled a list of Botswana removal companies below that are members of the International Association of Movers [&hellip;]<\/p>\n","protected":false},"author":4,"featured_media":0,"parent":190,"menu_order":0,"comment_status":"closed","ping_status":"closed","template":"","meta":{"_genesis_hide_title":false,"_genesis_hide_breadcrumbs":false,"_genesis_hide_singular_image":false,"_genesis_hide_footer_widgets":false,"_genesis_custom_body_class":"","_genesis_custom_post_class":"","_genesis_layout":"","footnotes":""},"class_list":{"0":"post-5242","1":"page","2":"type-page","3":"status-publish","5":"entry"},"_links":{"self":[{"href":"https:\/\/moverdb.com\/pl\/wp-json\/wp\/v2\/pages\/5242","targetHints":{"allow":["GET"]}}],"collection":[{"href":"https:\/\/moverdb.com\/pl\/wp-json\/wp\/v2\/pages"}],"about":[{"href":"https:\/\/moverdb.com\/pl\/wp-json\/wp\/v2\/types\/page"}],"author":[{"embeddable":true,"href":"https:\/\/moverdb.com\/pl\/wp-json\/wp\/v2\/users\/4"}],"replies":[{"embeddable":true,"href":"https:\/\/moverdb.com\/pl\/wp-json\/wp\/v2\/comments?post=5242"}],"version-history":[{"count":1,"href":"https:\/\/moverdb.com\/pl\/wp-json\/wp\/v2\/pages\/5242\/revisions"}],"predecessor-version":[{"id":5243,"href":"https:\/\/moverdb.com\/pl\/wp-json\/wp\/v2\/pages\/5242\/revisions\/5243"}],"up":[{"embeddable":true,"href":"https:\/\/moverdb.com\/pl\/wp-json\/wp\/v2\/pages\/190"}],"wp:attachment":[{"href":"https:\/\/moverdb.com\/pl\/wp-json\/wp\/v2\/media?parent=5242"}],"curies":[{"name":"wp","href":"https:\/\/api.w.org\/{rel}","templated":true}]}}