{"id":5240,"date":"2022-10-24T11:49:20","date_gmt":"2022-10-24T11:49:20","guid":{"rendered":"https:\/\/moverdb.com\/?page_id=5240"},"modified":"2026-01-08T15:23:38","modified_gmt":"2026-01-08T15:23:38","slug":"bosnia-i-hercegowina","status":"publish","type":"page","link":"https:\/\/moverdb.com\/pl\/moving-companies\/bosnia-and-herzegovina-moving-companies\/","title":{"rendered":"2 Najlepsze firmy przeprowadzkowe w Bo\u015bni i Hercegowinie"},"content":{"rendered":"<p>Przeprowadzka mo\u017ce by\u0107 stresuj\u0105cym momentem, zw\u0142aszcza je\u015bli przenosisz si\u0119 r\u00f3wnie\u017c do innych kraj\u00f3w, to w\u0142a\u015bnie tam firma przeprowadzkowa mo\u017ce pom\u00f3c z\u0142agodzi\u0107 cz\u0119\u015b\u0107 presji. Aby Ci pom\u00f3c, przygotowali\u015bmy list\u0119 Bo\u015bni i Hercegowiny <a href=\"https:\/\/moverdb.com\/pl\/international-removals\/\" data-internallinksmanager029f6b8e52c=\"27\" title=\"36 najlepszych firm zajmuj\u0105cych si\u0119 przeprowadzkami mi\u0119dzynarodowymi w Wielkiej Brytanii\">przedsi\u0119biorstwa przeprowadzkowe<\/a> kt\u00f3re s\u0105 cz\u0142onkami <a href=\"https:\/\/moverdb.com\/pl\/iam\/\" data-internallinksmanager029f6b8e52c=\"23\" title=\"Mi\u0119dzynarodowe Stowarzyszenie Przewo\u017anik\u00f3w (IAM) - obja\u015bnienia\">Mi\u0119dzynarodowe Stowarzyszenie Przewo\u017anik\u00f3w<\/a> (IAM), kt\u00f3ry m\u00f3g\u0142by Ci pom\u00f3c.<\/p>\n<h2><strong>1. AGS Worldwide Movers<\/strong><\/h2>\n<p><em><img loading=\"lazy\" decoding=\"async\" class=\"alignnone size-full wp-image-5137\" src=\"https:\/\/moverdb.com\/wp-content\/uploads\/AGS-Wroldwide-Movers-international-moving-company.png\" alt=\"AGS Wroldwide Movers firma zajmuj\u0105ca si\u0119 przeprowadzkami mi\u0119dzynarodowymi\" width=\"1440\" height=\"680\" data-wp-pid=\"5137\" srcset=\"https:\/\/moverdb.com\/wp-content\/uploads\/AGS-Wroldwide-Movers-international-moving-company.png 1440w, https:\/\/moverdb.com\/wp-content\/uploads\/AGS-Wroldwide-Movers-international-moving-company-300x142.png 300w, https:\/\/moverdb.com\/wp-content\/uploads\/AGS-Wroldwide-Movers-international-moving-company-1024x484.png 1024w, https:\/\/moverdb.com\/wp-content\/uploads\/AGS-Wroldwide-Movers-international-moving-company-18x9.png 18w, https:\/\/moverdb.com\/wp-content\/uploads\/AGS-Wroldwide-Movers-international-moving-company-600x283.png 600w\" sizes=\"auto, (max-width: 1440px) 100vw, 1440px\" \/><\/em><\/p>\n<ul>\n<li>Ruchy krajowe<\/li>\n<li>Przeprowadzki mi\u0119dzynarodowe<\/li>\n<li>Przeprowadzki mieszkaniowe<\/li>\n<li>Przeprowadzki biurowe<\/li>\n<li>Przeprowadzki od drzwi do drzwi<\/li>\n<li>Przeszkolony personel do pakowania i transportu Twoich rzeczy<\/li>\n<li>Innowacyjne materia\u0142y i metody pakowania<\/li>\n<li>Opakowanie przyjazne dla \u015brodowiska<\/li>\n<li>Przeniesienie pojazdu<\/li>\n<li>Bezpieczne przechowywanie<\/li>\n<\/ul>\n<p>Firma AGS Worldwide Movers powsta\u0142a w 1974 roku i rozwin\u0119\u0142a si\u0119 w mi\u0119dzynarodow\u0105 firm\u0119 przeprowadzkow\u0105, kt\u00f3ra obejmuje Europ\u0119, Azj\u0119 i Afryk\u0119 oraz partner\u00f3w w obu Amerykach i Oceanii. Posiada 146 lokalizacji w 97 krajach. S\u0105 cz\u0142onkami IAM z 25-letnim sta\u017cem.<\/p>\n<p>AGS Worldwide Movers wykorzystuje najnowocze\u015bniejsze i inteligentne rozwi\u0105zania, aby zapewni\u0107 wycen\u0119, \u015bledzenie i dostaw\u0119 bardziej efektywnie. Zapewniaj\u0105 wyszkolony personel, kt\u00f3ry bezpiecznie zapakuje Twoje rzeczy, aby zapobiec ich uszkodzeniu, u\u017cywaj\u0105c innowacyjnych materia\u0142\u00f3w i technik pakowania. Zapewniaj\u0105 r\u00f3wnie\u017c rozwi\u0105zania transportowe dla pojazd\u00f3w i bezpieczne przechowywanie w razie potrzeby.<\/p>\n<p>Strona internetowa: <a href=\"http:\/\/www.agsmovers.com\" target=\"_blank\" rel=\"noopener\">http:\/\/www.agsmovers.com<\/a><\/p>\n<h2><strong>2. Intermove<\/strong><\/h2>\n<p><em><img loading=\"lazy\" decoding=\"async\" class=\"alignnone size-full wp-image-5176\" src=\"https:\/\/moverdb.com\/wp-content\/uploads\/Intermove-international-moving-company.png\" alt=\"Firma Intermove zajmuj\u0105ca si\u0119 przeprowadzkami mi\u0119dzynarodowymi\" width=\"1440\" height=\"680\" data-wp-pid=\"5176\" srcset=\"https:\/\/moverdb.com\/wp-content\/uploads\/Intermove-international-moving-company.png 1440w, https:\/\/moverdb.com\/wp-content\/uploads\/Intermove-international-moving-company-300x142.png 300w, https:\/\/moverdb.com\/wp-content\/uploads\/Intermove-international-moving-company-1024x484.png 1024w, https:\/\/moverdb.com\/wp-content\/uploads\/Intermove-international-moving-company-18x9.png 18w, https:\/\/moverdb.com\/wp-content\/uploads\/Intermove-international-moving-company-600x283.png 600w\" sizes=\"auto, (max-width: 1440px) 100vw, 1440px\" \/><\/em><\/p>\n<ul>\n<li>Przeprowadzki lokalne i krajowe<\/li>\n<li>Przeprowadzki mi\u0119dzynarodowe<\/li>\n<li>Przeprowadzki gospodarstw domowych<\/li>\n<li>Przeniesienia dzia\u0142alno\u015bci gospodarczej<\/li>\n<li>Wysoko wykwalifikowani pakowacze<\/li>\n<li>Us\u0142ugi pakowania i rozpakowywania<\/li>\n<li>Logistyka wysy\u0142kowa<\/li>\n<li>Odprawa celna<\/li>\n<li>Ubezpieczenia<\/li>\n<li>Obiekty magazynowe<\/li>\n<\/ul>\n<p>Intermove to firma przeprowadzkowa, kt\u00f3ra powsta\u0142a w 1996 roku, aby pom\u00f3c rodzinom i firmom w relokacji. \u015awiadcz\u0105 swoje us\u0142ugi w Bo\u015bni i Hercegowinie, jak r\u00f3wnie\u017c dla tych, kt\u00f3rzy chc\u0105 si\u0119 przenie\u015b\u0107 do lub z tego kraju. S\u0105 cz\u0142onkami IAM z 26-letnim sta\u017cem pracy.<\/p>\n<p>Intermove zapewnia wysoko wykwalifikowanych pakowaczy, kt\u00f3rzy zostali przeszkoleni w zakresie metod pakowania mi\u0119dzynarodowego i u\u017cyj\u0105 wysokiej jako\u015bci materia\u0142\u00f3w, aby chroni\u0107 twoje rzeczy. Zapakuj\u0105 oni Twoje rzeczy i zorganizuj\u0105 ich transport, \u0142\u0105cznie z odpraw\u0105 celn\u0105 i rozpakowaniem. Zapewniaj\u0105 ubezpieczenie, poszukiwanie domu, orientacj\u0119 w terenie oraz mo\u017cliwo\u015b\u0107 elastycznego rozwi\u0105zania w zakresie przechowywania.<\/p>\n<p>Strona internetowa: <a href=\"http:\/\/www.intermovebosnia.com\" target=\"_blank\" rel=\"noopener\">http:\/\/www.intermovebosnia.com<\/a><\/p>","protected":false},"excerpt":{"rendered":"<p>Moving can be a stressful time especially if you are moving countries as well, that is where a moving or relocation company can help relieve some of the pressure. To help you we have compiled a list of Bosnia and Herzegovina removal companies that are members of the International Association of Movers (IAM) who could [&hellip;]<\/p>\n","protected":false},"author":4,"featured_media":0,"parent":190,"menu_order":0,"comment_status":"closed","ping_status":"closed","template":"","meta":{"_genesis_hide_title":false,"_genesis_hide_breadcrumbs":false,"_genesis_hide_singular_image":false,"_genesis_hide_footer_widgets":false,"_genesis_custom_body_class":"","_genesis_custom_post_class":"","_genesis_layout":"","footnotes":""},"class_list":{"0":"post-5240","1":"page","2":"type-page","3":"status-publish","5":"entry","6":"has-post-thumbnail"},"_links":{"self":[{"href":"https:\/\/moverdb.com\/pl\/wp-json\/wp\/v2\/pages\/5240","targetHints":{"allow":["GET"]}}],"collection":[{"href":"https:\/\/moverdb.com\/pl\/wp-json\/wp\/v2\/pages"}],"about":[{"href":"https:\/\/moverdb.com\/pl\/wp-json\/wp\/v2\/types\/page"}],"author":[{"embeddable":true,"href":"https:\/\/moverdb.com\/pl\/wp-json\/wp\/v2\/users\/4"}],"replies":[{"embeddable":true,"href":"https:\/\/moverdb.com\/pl\/wp-json\/wp\/v2\/comments?post=5240"}],"version-history":[{"count":1,"href":"https:\/\/moverdb.com\/pl\/wp-json\/wp\/v2\/pages\/5240\/revisions"}],"predecessor-version":[{"id":5241,"href":"https:\/\/moverdb.com\/pl\/wp-json\/wp\/v2\/pages\/5240\/revisions\/5241"}],"up":[{"embeddable":true,"href":"https:\/\/moverdb.com\/pl\/wp-json\/wp\/v2\/pages\/190"}],"wp:attachment":[{"href":"https:\/\/moverdb.com\/pl\/wp-json\/wp\/v2\/media?parent=5240"}],"curies":[{"name":"wp","href":"https:\/\/api.w.org\/{rel}","templated":true}]}}