{"id":5237,"date":"2022-10-24T11:50:03","date_gmt":"2022-10-24T11:50:03","guid":{"rendered":"https:\/\/moverdb.com\/?page_id=5237"},"modified":"2026-01-08T15:24:38","modified_gmt":"2026-01-08T15:24:38","slug":"boliwia","status":"publish","type":"page","link":"https:\/\/moverdb.com\/pl\/moving-companies\/bolivia-moving-companies\/","title":{"rendered":"4 Najlepsze firmy zajmuj\u0105ce si\u0119 przeprowadzkami mi\u0119dzynarodowymi w Boliwii"},"content":{"rendered":"<p>Je\u015bli chcesz przenie\u015b\u0107 dom lub firm\u0119 w Boliwii, lub do lub z Boliwii, to mo\u017ce chcesz troch\u0119 wsparcia, aby zmniejszy\u0107 stres i prac\u0119 potrzebn\u0105 do przeniesienia. Poni\u017cej przygotowali\u015bmy list\u0119 boliwijskich <a href=\"https:\/\/moverdb.com\/pl\/international-removals\/\" data-internallinksmanager029f6b8e52c=\"27\" title=\"36 najlepszych firm zajmuj\u0105cych si\u0119 przeprowadzkami mi\u0119dzynarodowymi w Wielkiej Brytanii\">przedsi\u0119biorstwa przeprowadzkowe<\/a> kt\u00f3re s\u0105 cz\u0142onkami <a href=\"https:\/\/moverdb.com\/pl\/iam\/\" data-internallinksmanager029f6b8e52c=\"23\" title=\"Mi\u0119dzynarodowe Stowarzyszenie Przewo\u017anik\u00f3w (IAM) - obja\u015bnienia\">Mi\u0119dzynarodowe Stowarzyszenie Przewo\u017anik\u00f3w<\/a> (IAM) i\/lub <a href=\"https:\/\/moverdb.com\/pl\/fidi-faim\/\" data-internallinksmanager029f6b8e52c=\"16\" title=\"FIDI i FAIM (FIDI Accredited International Mover) - obja\u015bnienia\">FIDI<\/a> Accredited International Mover (FAIM), kt\u00f3ra mo\u017ce Ci pom\u00f3c.<\/p>\n<div id=\"ez-toc-container\" class=\"ez-toc-v2_0_83 ez-toc-wrap-left counter-hierarchy ez-toc-counter ez-toc-transparent ez-toc-container-direction\">\n<div class=\"ez-toc-title-container\">\n<p class=\"ez-toc-title\" style=\"cursor:inherit\">Sekcje<\/p>\n<span class=\"ez-toc-title-toggle\"><a href=\"#\" class=\"ez-toc-pull-right ez-toc-btn ez-toc-btn-xs ez-toc-btn-default ez-toc-toggle\" aria-label=\"Prze\u0142\u0105cznik Spisu Tre\u015bci\"><span class=\"ez-toc-js-icon-con\"><span class=\"\"><span class=\"eztoc-hide\" style=\"display:none;\">Toggle<\/span><span class=\"ez-toc-icon-toggle-span\"><svg style=\"fill: #999;color:#999\" xmlns=\"http:\/\/www.w3.org\/2000\/svg\" class=\"list-377408\" width=\"20px\" height=\"20px\" viewbox=\"0 0 24 24\" fill=\"none\"><path d=\"M6 6H4v2h2V6zm14 0H8v2h12V6zM4 11h2v2H4v-2zm16 0H8v2h12v-2zM4 16h2v2H4v-2zm16 0H8v2h12v-2z\" fill=\"currentColor\"><\/path><\/svg><svg style=\"fill: #999;color:#999\" class=\"arrow-unsorted-368013\" xmlns=\"http:\/\/www.w3.org\/2000\/svg\" width=\"10px\" height=\"10px\" viewbox=\"0 0 24 24\" version=\"1.2\" baseprofile=\"tiny\"><path d=\"M18.2 9.3l-6.2-6.3-6.2 6.3c-.2.2-.3.4-.3.7s.1.5.3.7c.2.2.4.3.7.3h11c.3 0 .5-.1.7-.3.2-.2.3-.5.3-.7s-.1-.5-.3-.7zM5.8 14.7l6.2 6.3 6.2-6.3c.2-.2.3-.5.3-.7s-.1-.5-.3-.7c-.2-.2-.4-.3-.7-.3h-11c-.3 0-.5.1-.7.3-.2.2-.3.5-.3.7s.1.5.3.7z\"\/><\/svg><\/span><\/span><\/span><\/a><\/span><\/div>\n<nav><ul class='ez-toc-list ez-toc-list-level-1 eztoc-toggle-hide-by-default' ><li class='ez-toc-page-1 ez-toc-heading-level-2'><a class=\"ez-toc-link ez-toc-heading-1\" href=\"https:\/\/moverdb.com\/pl\/moving-companies\/bolivia-moving-companies\/#1_Bolivian_Movers\" >1. Boliwijskie firmy przeprowadzkowe<\/a><\/li><li class='ez-toc-page-1 ez-toc-heading-level-2'><a class=\"ez-toc-link ez-toc-heading-2\" href=\"https:\/\/moverdb.com\/pl\/moving-companies\/bolivia-moving-companies\/#2_Express_Cargo_Services\" >2. Us\u0142ugi w zakresie \u0142adunk\u00f3w ekspresowych<\/a><\/li><li class='ez-toc-page-1 ez-toc-heading-level-2'><a class=\"ez-toc-link ez-toc-heading-3\" href=\"https:\/\/moverdb.com\/pl\/moving-companies\/bolivia-moving-companies\/#3_Total_Bolivian_Moving\" >3. Og\u00f3\u0142em Boliwijski Ruch<\/a><\/li><li class='ez-toc-page-1 ez-toc-heading-level-2'><a class=\"ez-toc-link ez-toc-heading-4\" href=\"https:\/\/moverdb.com\/pl\/moving-companies\/bolivia-moving-companies\/#4_Inbolpack\" >4. Inbolpack<\/a><\/li><\/ul><\/nav><\/div>\n<h2><span class=\"ez-toc-section\" id=\"1_Bolivian_Movers\"><\/span><strong>1. Boliwijskie firmy przeprowadzkowe<\/strong><span class=\"ez-toc-section-end\"><\/span><\/h2>\n<p><em><img loading=\"lazy\" decoding=\"async\" class=\"alignnone size-full wp-image-5150\" src=\"https:\/\/moverdb.com\/wp-content\/uploads\/Bolivian-Movers-international-moving-company.png\" alt=\"Bolivian Movers firma zajmuj\u0105ca si\u0119 przeprowadzkami mi\u0119dzynarodowymi\" width=\"1440\" height=\"671\" data-wp-pid=\"5150\" srcset=\"https:\/\/moverdb.com\/wp-content\/uploads\/Bolivian-Movers-international-moving-company.png 1440w, https:\/\/moverdb.com\/wp-content\/uploads\/Bolivian-Movers-international-moving-company-300x140.png 300w, https:\/\/moverdb.com\/wp-content\/uploads\/Bolivian-Movers-international-moving-company-1024x477.png 1024w, https:\/\/moverdb.com\/wp-content\/uploads\/Bolivian-Movers-international-moving-company-18x8.png 18w, https:\/\/moverdb.com\/wp-content\/uploads\/Bolivian-Movers-international-moving-company-600x280.png 600w\" sizes=\"auto, (max-width: 1440px) 100vw, 1440px\" \/><\/em><\/p>\n<ul>\n<li>Ruchy krajowe<\/li>\n<li>Przeprowadzki mi\u0119dzynarodowe<\/li>\n<li>Ruchy domowe<\/li>\n<li>Przeprowadzki biurowe<\/li>\n<li>Jeden punkt kontaktowy podczas przeprowadzki<\/li>\n<li>Nowoczesna flota i wyposa\u017cenie<\/li>\n<li>Profesjonalne opakowanie z wysokiej jako\u015bci materia\u0142\u00f3w<\/li>\n<li>Transport sztuki<\/li>\n<li>Przenoszenie zwierz\u0105t domowych<\/li>\n<li>Bezpieczne magazyny<\/li>\n<\/ul>\n<p>Firma Bolivian Movers zosta\u0142a za\u0142o\u017cona w 1974 roku, aby \u015bwiadczy\u0107 us\u0142ugi przeprowadzkowe w Boliwii i dalej. S\u0105 cz\u0142onkami IAM z 48-letnim sta\u017cem. Nale\u017c\u0105 do mi\u0119dzynarodowej sieci firm przeprowadzkowych, co pozwala im na wsparcie Twojej przeprowadzki w dowolnym miejscu na \u015bwiecie. Posiadaj\u0105 nowoczesn\u0105 flot\u0119 pojazd\u00f3w i sprz\u0119tu oraz daj\u0105 Ci kontakt do nadzorowania Twojej przeprowadzki.<\/p>\n<p>Bolivian Movers zapewnia profesjonaln\u0105 us\u0142ug\u0119 pakowania, kt\u00f3ra wykorzystuje wysokiej jako\u015bci materia\u0142y i fachowych pakowaczy z akredytowanymi technikami pakowania. Oferuj\u0105 r\u00f3wnie\u017c us\u0142ugi relokacji zwierz\u0105t domowych i doradzaj\u0105 w zakresie obowi\u0105zuj\u0105cych przepis\u00f3w. Oferuj\u0105 r\u00f3wnie\u017c bezpieczne miejsca do przechowywania.<\/p>\n<p>Strona internetowa: <a href=\"http:\/\/www.bolivianmovers.com\" target=\"_blank\" rel=\"noopener\">http:\/\/www.bolivianmovers.com<\/a><\/p>\n<h2><span class=\"ez-toc-section\" id=\"2_Express_Cargo_Services\"><\/span><strong>2. Us\u0142ugi w zakresie \u0142adunk\u00f3w ekspresowych<\/strong><span class=\"ez-toc-section-end\"><\/span><\/h2>\n<p><em><img loading=\"lazy\" decoding=\"async\" class=\"alignnone size-full wp-image-5166\" src=\"https:\/\/moverdb.com\/wp-content\/uploads\/Express-Cargo-Services-international-moving-company.png\" alt=\"Express Cargo Services firma zajmuj\u0105ca si\u0119 przeprowadzkami mi\u0119dzynarodowymi\" width=\"1440\" height=\"680\" data-wp-pid=\"5166\" srcset=\"https:\/\/moverdb.com\/wp-content\/uploads\/Express-Cargo-Services-international-moving-company.png 1440w, https:\/\/moverdb.com\/wp-content\/uploads\/Express-Cargo-Services-international-moving-company-300x142.png 300w, https:\/\/moverdb.com\/wp-content\/uploads\/Express-Cargo-Services-international-moving-company-1024x484.png 1024w, https:\/\/moverdb.com\/wp-content\/uploads\/Express-Cargo-Services-international-moving-company-18x9.png 18w, https:\/\/moverdb.com\/wp-content\/uploads\/Express-Cargo-Services-international-moving-company-600x283.png 600w\" sizes=\"auto, (max-width: 1440px) 100vw, 1440px\" \/><\/em><\/p>\n<ul>\n<li>Ruchy krajowe<\/li>\n<li>Przeprowadzki mi\u0119dzynarodowe<\/li>\n<li>Przeprowadzki mieszkaniowe<\/li>\n<li>Flota samochod\u00f3w dostawczych i ci\u0119\u017carowych<\/li>\n<li>Transport drogowy, morski i lotniczy<\/li>\n<li>Us\u0142ugi pakowania<\/li>\n<li>Procedury celne w wywozie i przywozie<\/li>\n<li>Transport dzie\u0142 sztuki<\/li>\n<li>Przenoszenie zwierz\u0105t domowych<\/li>\n<li>Bezpieczne przechowywanie<\/li>\n<\/ul>\n<p>Firma Express Cargo Services zosta\u0142a za\u0142o\u017cona w 1989 roku jako firma przeprowadzkowa w Boliwii. \u015awiadcz\u0105 oni szereg us\u0142ug przeprowadzkowych dla klient\u00f3w indywidualnych, kt\u00f3rzy chc\u0105 si\u0119 przeprowadzi\u0107 w obr\u0119bie lub do Boliwii lub gdziekolwiek indziej na \u015bwiecie. S\u0105 cz\u0142onkami IAM z 33-letnim sta\u017cem.<\/p>\n<p>Express Cargo Services oferuje us\u0142ug\u0119 door-to-door do i z ka\u017cdego kraju na \u015bwiecie. Dysponuj\u0105 w\u0142asn\u0105 flot\u0105 samochod\u00f3w dostawczych i ci\u0119\u017carowych, aby u\u0142atwi\u0107 przeprowadzki w Boliwii, a tak\u017ce wsp\u00f3\u0142pracuj\u0105 z partnerami i agentami spedycyjnymi na ca\u0142ym \u015bwiecie, korzystaj\u0105c z transportu drogowego, morskiego i lotniczego. Zapewniaj\u0105 us\u0142ugi pakowania, obs\u0142ug\u0119 celn\u0105, transport dzie\u0142 sztuki, relokacj\u0119 zwierz\u0105t domowych i bezpieczne przechowywanie.<\/p>\n<p>Strona internetowa: <a href=\"http:\/\/www.expresscargobolivia.com\" target=\"_blank\" rel=\"noopener\">http:\/\/www.expresscargobolivia.com<\/a><\/p>\n<h2><span class=\"ez-toc-section\" id=\"3_Total_Bolivian_Moving\"><\/span><strong>3. Og\u00f3\u0142em Boliwijski Ruch<\/strong><span class=\"ez-toc-section-end\"><\/span><\/h2>\n<p><em><img loading=\"lazy\" decoding=\"async\" class=\"alignnone size-full wp-image-5210\" src=\"https:\/\/moverdb.com\/wp-content\/uploads\/Total-Bolivian-Moving-international-moving-company.png\" alt=\"Total Bolivian Moving mi\u0119dzynarodowa firma przeprowadzkowa\" width=\"1440\" height=\"636\" data-wp-pid=\"5210\" srcset=\"https:\/\/moverdb.com\/wp-content\/uploads\/Total-Bolivian-Moving-international-moving-company.png 1440w, https:\/\/moverdb.com\/wp-content\/uploads\/Total-Bolivian-Moving-international-moving-company-300x133.png 300w, https:\/\/moverdb.com\/wp-content\/uploads\/Total-Bolivian-Moving-international-moving-company-1024x452.png 1024w, https:\/\/moverdb.com\/wp-content\/uploads\/Total-Bolivian-Moving-international-moving-company-18x8.png 18w, https:\/\/moverdb.com\/wp-content\/uploads\/Total-Bolivian-Moving-international-moving-company-600x265.png 600w\" sizes=\"auto, (max-width: 1440px) 100vw, 1440px\" \/><\/em><\/p>\n<ul>\n<li>Ruchy krajowe<\/li>\n<li>Przeprowadzki mi\u0119dzynarodowe<\/li>\n<li>Przeprowadzki mieszkaniowe i handlowe<\/li>\n<li>Organizacja i planowanie przeprowadzki<\/li>\n<li>Wyszkolony i do\u015bwiadczony personel<\/li>\n<li>Us\u0142uga pakowania przy u\u017cyciu wysokiej jako\u015bci materia\u0142\u00f3w<\/li>\n<li>Ubezpieczenia<\/li>\n<li>Transport dzie\u0142 sztuki<\/li>\n<li>Transport pojazd\u00f3w<\/li>\n<li>Bezpieczne przechowywanie<\/li>\n<\/ul>\n<p>Total Bolivian Moving to firma przeprowadzkowa z siedzib\u0105 w La Paz, kt\u00f3ra \u015bwiadczy us\u0142ugi przeprowadzkowe w Boliwii oraz do i z Boliwii. Swoje us\u0142ugi \u015bwiadczy zar\u00f3wno klientom indywidualnym, jak i komercyjnym, w tym organizacjom i firmom. Specjalizuje si\u0119 w transporcie dzie\u0142 sztuki. Firma jest cz\u0142onkiem IAM z 7-letnim sta\u017cem.<\/p>\n<p>Total Bolivian Moving pomo\u017ce Ci zorganizowa\u0107 przeprowadzk\u0119 i pomo\u017ce w planowaniu. Zapewniaj\u0105 wyszkolony i do\u015bwiadczony personel, kt\u00f3ry bezpiecznie zapakuje Twoje rzeczy, aby zapobiec uszkodzeniom, u\u017cywaj\u0105c wysokiej jako\u015bci materia\u0142\u00f3w do pakowania. W razie potrzeby zapewniaj\u0105 ubezpieczenie i mo\u017cliwo\u015b\u0107 przechowywania rzeczy.<\/p>\n<p>Strona internetowa: <a href=\"http:\/\/www.tobolmoving.com\" target=\"_blank\" rel=\"noopener\">http:\/\/www.tobolmoving.com<\/a><\/p>\n<h2><span class=\"ez-toc-section\" id=\"4_Inbolpack\"><\/span><strong>4. Inbolpack<\/strong><span class=\"ez-toc-section-end\"><\/span><\/h2>\n<p>&nbsp;<img loading=\"lazy\" decoding=\"async\" class=\"alignnone size-full wp-image-5238\" src=\"https:\/\/moverdb.com\/wp-content\/uploads\/Inbolpack-international-moving-company.png\" alt=\"\" width=\"1440\" height=\"682\" data-wp-pid=\"5238\" srcset=\"https:\/\/moverdb.com\/wp-content\/uploads\/Inbolpack-international-moving-company.png 1440w, https:\/\/moverdb.com\/wp-content\/uploads\/Inbolpack-international-moving-company-300x142.png 300w, https:\/\/moverdb.com\/wp-content\/uploads\/Inbolpack-international-moving-company-1024x485.png 1024w, https:\/\/moverdb.com\/wp-content\/uploads\/Inbolpack-international-moving-company-18x9.png 18w, https:\/\/moverdb.com\/wp-content\/uploads\/Inbolpack-international-moving-company-600x284.png 600w\" sizes=\"auto, (max-width: 1440px) 100vw, 1440px\" \/><\/p>\n<ul>\n<li>Przeprowadzki lokalne i krajowe<\/li>\n<li>Przeprowadzki mi\u0119dzynarodowe<\/li>\n<li>Przeprowadzki gospodarstw domowych<\/li>\n<li>Przeprowadzki komercyjne<\/li>\n<li>Projekty specjalne transport<\/li>\n<li>Us\u0142uga \"od drzwi do drzwi\".<\/li>\n<li>Profesjonalne firmy pakuj\u0105ce<\/li>\n<li>Wysokiej jako\u015bci materia\u0142y do pakowania<\/li>\n<li>W\u0142asna flota zr\u00f3\u017cnicowanych pojazd\u00f3w<\/li>\n<li>Rozwi\u0105zania w zakresie przechowywania<\/li>\n<\/ul>\n<p>Inbolpack zosta\u0142 za\u0142o\u017cony w 1978 roku jako firma przeprowadzkowa obs\u0142uguj\u0105ca Boliwi\u0119 i mi\u0119dzynarodow\u0105 ze wzgl\u0119du na obecno\u015b\u0107 zagranicznego personelu w tym kraju. Firma pomaga osobom i firmom w przeprowadzkach na terenie, do i z Boliwii. Firma jest cz\u0142onkiem IAM z 44-letnim sta\u017cem i posiada akredytacj\u0119 FIDI.<\/p>\n<p>Inbolpack oferuje us\u0142ug\u0119 przeprowadzek od drzwi do drzwi, kt\u00f3ra zapewnia profesjonaln\u0105 us\u0142ug\u0119 pakowania z wyszkolonym personelem, kt\u00f3ry spe\u0142nia mi\u0119dzynarodowe standardy i u\u017cywa wysokiej jako\u015bci materia\u0142\u00f3w do pakowania. Posiadaj\u0105 r\u00f3wnie\u017c flot\u0119 w\u0142asnych pojazd\u00f3w, kt\u00f3ra obejmuje ci\u0119\u017car\u00f3wki i d\u017awigi. Zapewniaj\u0105 r\u00f3wnie\u017c pomieszczenia do przechowywania \u0142adunk\u00f3w lokalnie i mi\u0119dzynarodowo.<\/p>\n<p>Strona internetowa: <a href=\"http:\/\/www.inbolpack.net\" target=\"_blank\" rel=\"noopener\">http:\/\/www.inbolpack.net<\/a><\/p>","protected":false},"excerpt":{"rendered":"<p>If you are wanting to move home or business in Bolivia, or to or from Bolivia then you might want some support to reduce the stress and work needed for the move. Below we have compiled a list of Bolivian removal companies that are members of the International Association of Movers (IAM) and\/or FIDI Accredited [&hellip;]<\/p>\n","protected":false},"author":4,"featured_media":0,"parent":190,"menu_order":0,"comment_status":"closed","ping_status":"closed","template":"","meta":{"_genesis_hide_title":false,"_genesis_hide_breadcrumbs":false,"_genesis_hide_singular_image":false,"_genesis_hide_footer_widgets":false,"_genesis_custom_body_class":"","_genesis_custom_post_class":"","_genesis_layout":"","footnotes":""},"class_list":{"0":"post-5237","1":"page","2":"type-page","3":"status-publish","5":"entry","6":"has-post-thumbnail"},"_links":{"self":[{"href":"https:\/\/moverdb.com\/pl\/wp-json\/wp\/v2\/pages\/5237","targetHints":{"allow":["GET"]}}],"collection":[{"href":"https:\/\/moverdb.com\/pl\/wp-json\/wp\/v2\/pages"}],"about":[{"href":"https:\/\/moverdb.com\/pl\/wp-json\/wp\/v2\/types\/page"}],"author":[{"embeddable":true,"href":"https:\/\/moverdb.com\/pl\/wp-json\/wp\/v2\/users\/4"}],"replies":[{"embeddable":true,"href":"https:\/\/moverdb.com\/pl\/wp-json\/wp\/v2\/comments?post=5237"}],"version-history":[{"count":1,"href":"https:\/\/moverdb.com\/pl\/wp-json\/wp\/v2\/pages\/5237\/revisions"}],"predecessor-version":[{"id":5239,"href":"https:\/\/moverdb.com\/pl\/wp-json\/wp\/v2\/pages\/5237\/revisions\/5239"}],"up":[{"embeddable":true,"href":"https:\/\/moverdb.com\/pl\/wp-json\/wp\/v2\/pages\/190"}],"wp:attachment":[{"href":"https:\/\/moverdb.com\/pl\/wp-json\/wp\/v2\/media?parent=5237"}],"curies":[{"name":"wp","href":"https:\/\/api.w.org\/{rel}","templated":true}]}}