{"id":5231,"date":"2022-10-24T11:51:35","date_gmt":"2022-10-24T11:51:35","guid":{"rendered":"https:\/\/moverdb.com\/?page_id=5231"},"modified":"2026-01-08T15:29:47","modified_gmt":"2026-01-08T15:29:47","slug":"barbados-2","status":"publish","type":"page","link":"https:\/\/moverdb.com\/pl\/moving-companies\/barbados-moving-companies\/","title":{"rendered":"Najlepsze firmy zajmuj\u0105ce si\u0119 przeprowadzkami mi\u0119dzynarodowymi na Barbadosie"},"content":{"rendered":"<p>My\u015blisz o przeprowadzce do lub z <a href=\"https:\/\/moverdb.com\/pl\/moving-to-barbados\/\" data-internallinksmanager029f6b8e52c=\"344\" title=\"Przeprowadzka na Barbados? Koszty \u017cycia i wskaz\u00f3wki dotycz\u0105ce relokacji w 2023 r.\">Barbados<\/a>lub w obr\u0119bie Barbadosu? W takim razie my\u015bl o pakowaniu domu lub firmy i organizowaniu wysy\u0142ki mo\u017ce powodowa\u0107 stres, ale firma przeprowadzkowa mo\u017ce pom\u00f3c. Poni\u017cej znajduj\u0105 si\u0119 <a href=\"https:\/\/moverdb.com\/pl\/international-removals\/\" data-internallinksmanager029f6b8e52c=\"27\" title=\"36 najlepszych firm zajmuj\u0105cych si\u0119 przeprowadzkami mi\u0119dzynarodowymi w Wielkiej Brytanii\">przedsi\u0119biorstwa przeprowadzkowe<\/a> kt\u00f3re s\u0105 cz\u0142onkami <a href=\"https:\/\/moverdb.com\/pl\/iam\/\" data-internallinksmanager029f6b8e52c=\"23\" title=\"Mi\u0119dzynarodowe Stowarzyszenie Przewo\u017anik\u00f3w (IAM) - obja\u015bnienia\">Mi\u0119dzynarodowe Stowarzyszenie Przewo\u017anik\u00f3w<\/a> (IAM) i\/lub <a href=\"https:\/\/moverdb.com\/pl\/fidi-faim\/\" data-internallinksmanager029f6b8e52c=\"16\" title=\"FIDI i FAIM (FIDI Accredited International Mover) - obja\u015bnienia\">FIDI<\/a> Accredited International Mover (FAIM) na Barbadosie.<\/p>\n<h2><strong>1. Michael Greaves Associates<\/strong><\/h2>\n<p><em><img loading=\"lazy\" decoding=\"async\" class=\"alignnone size-full wp-image-5186\" src=\"https:\/\/moverdb.com\/wp-content\/uploads\/Michael-Greaves-Associates-international-moving-company.png\" alt=\"Michael Greaves Associates - mi\u0119dzynarodowa firma przeprowadzkowa\" width=\"1440\" height=\"681\" data-wp-pid=\"5186\" srcset=\"https:\/\/moverdb.com\/wp-content\/uploads\/Michael-Greaves-Associates-international-moving-company.png 1440w, https:\/\/moverdb.com\/wp-content\/uploads\/Michael-Greaves-Associates-international-moving-company-300x142.png 300w, https:\/\/moverdb.com\/wp-content\/uploads\/Michael-Greaves-Associates-international-moving-company-1024x484.png 1024w, https:\/\/moverdb.com\/wp-content\/uploads\/Michael-Greaves-Associates-international-moving-company-18x9.png 18w, https:\/\/moverdb.com\/wp-content\/uploads\/Michael-Greaves-Associates-international-moving-company-600x284.png 600w\" sizes=\"auto, (max-width: 1440px) 100vw, 1440px\" \/><\/em><\/p>\n<ul>\n<li>Przeniesienia krajowe<\/li>\n<li>Przeniesienia mi\u0119dzynarodowe<\/li>\n<li>Przeprowadzki komercyjne i mieszkaniowe<\/li>\n<li>Us\u0142uga dostosowana do potrzeb<\/li>\n<li>Do\u015bwiadczeni specjali\u015bci<\/li>\n<li>Po\u015brednictwo i odprawa celna<\/li>\n<li>Ubezpieczenie \u0142adunk\u00f3w<\/li>\n<li>Obs\u0142uga zwierz\u0105t domowych<\/li>\n<li>Transport pojazd\u00f3w i \u0142odzi<\/li>\n<li>Obiekty magazynowe<\/li>\n<\/ul>\n<p>Michael Greaves Associates to relokacja, przeprowadzka, spedycja i us\u0142ugi brokerskie z siedzib\u0105 na Barbadosie za\u0142o\u017cona w 1981 roku. S\u0105 cz\u0142onkami IAM z 41-letnim sta\u017cem. \u015awiadcz\u0105 us\u0142ugi relokacyjne w obr\u0119bie Barbadosu i na skal\u0119 mi\u0119dzynarodow\u0105.<\/p>\n<p>Michael Greaves Associates oferuje dostosowane do potrzeb us\u0142ugi relokacyjne, kt\u00f3re pomagaj\u0105 na ka\u017cdym etapie przeprowadzki, od planowania do osiedlenia si\u0119 w nowym domu. Dokonaj\u0105 oni ogl\u0119dzin Twojego domu lub biura, przedstawi\u0105 wycen\u0119 i odnotuj\u0105 wszelkie specjalne wymagania. Spakuj\u0105 Twoje rzeczy u\u017cywaj\u0105c zatwierdzonych technik i materia\u0142\u00f3w. Zapewniaj\u0105 r\u00f3wnie\u017c ubezpieczenie \u0142adunku oraz po\u015brednictwo i odpraw\u0119 celn\u0105, jak r\u00f3wnie\u017c specjalistyczne us\u0142ugi w zakresie transportu zwierz\u0105t domowych, pojazd\u00f3w i \u0142odzi.<\/p>\n<p>Strona internetowa: <a href=\"http:\/\/www.mgassociates.net\" target=\"_blank\" rel=\"noopener\">http:\/\/www.mgassociates.net<\/a><\/p>\n<h2>Inne przydatne przewodniki po Barbadosie<\/h2>\n<ul>\n<li> <a href=\"https:\/\/moverdb.com\/pl\/przeladunek-w-kontenerach\/barbados\/\">2024 Stawki frachtu morskiego kontenerowego do iz Barbadosu<\/a><\/li>\n<li> <a href=\"https:\/\/moverdb.com\/pl\/moving-to-barbados\/\">Przeprowadzka na Barbados? Koszty \u017cycia i wskaz\u00f3wki dotycz\u0105ce relokacji w 2023 r.<\/a><\/li>\n<li> <a href=\"https:\/\/moverdb.com\/pl\/moving-to-barbados\/living-in-barbados\/\">21 sekret\u00f3w dotycz\u0105cych \u017cycia na Barbadosie, kt\u00f3re warto pozna\u0107 przed przeprowadzk\u0105<\/a><\/li>\n<\/ul>","protected":false},"excerpt":{"rendered":"<p>Are you thinking of moving to or from Barbados, or within Barbados? Then the thought of packing up your home or business and organising the shipping might be causing some stress, but a removal company could help. Below are the removal companies that are members of the International Association of Movers (IAM) and\/or FIDI Accredited [&hellip;]<\/p>\n","protected":false},"author":4,"featured_media":0,"parent":190,"menu_order":0,"comment_status":"closed","ping_status":"closed","template":"","meta":{"_genesis_hide_title":false,"_genesis_hide_breadcrumbs":false,"_genesis_hide_singular_image":false,"_genesis_hide_footer_widgets":false,"_genesis_custom_body_class":"","_genesis_custom_post_class":"","_genesis_layout":"","footnotes":""},"class_list":{"0":"post-5231","1":"page","2":"type-page","3":"status-publish","5":"entry","6":"has-post-thumbnail"},"_links":{"self":[{"href":"https:\/\/moverdb.com\/pl\/wp-json\/wp\/v2\/pages\/5231","targetHints":{"allow":["GET"]}}],"collection":[{"href":"https:\/\/moverdb.com\/pl\/wp-json\/wp\/v2\/pages"}],"about":[{"href":"https:\/\/moverdb.com\/pl\/wp-json\/wp\/v2\/types\/page"}],"author":[{"embeddable":true,"href":"https:\/\/moverdb.com\/pl\/wp-json\/wp\/v2\/users\/4"}],"replies":[{"embeddable":true,"href":"https:\/\/moverdb.com\/pl\/wp-json\/wp\/v2\/comments?post=5231"}],"version-history":[{"count":2,"href":"https:\/\/moverdb.com\/pl\/wp-json\/wp\/v2\/pages\/5231\/revisions"}],"predecessor-version":[{"id":18281,"href":"https:\/\/moverdb.com\/pl\/wp-json\/wp\/v2\/pages\/5231\/revisions\/18281"}],"up":[{"embeddable":true,"href":"https:\/\/moverdb.com\/pl\/wp-json\/wp\/v2\/pages\/190"}],"wp:attachment":[{"href":"https:\/\/moverdb.com\/pl\/wp-json\/wp\/v2\/media?parent=5231"}],"curies":[{"name":"wp","href":"https:\/\/api.w.org\/{rel}","templated":true}]}}