{"id":5228,"date":"2022-10-24T11:52:12","date_gmt":"2022-10-24T11:52:12","guid":{"rendered":"https:\/\/moverdb.com\/?page_id=5228"},"modified":"2026-01-08T15:25:04","modified_gmt":"2026-01-08T15:25:04","slug":"bangladesz-2","status":"publish","type":"page","link":"https:\/\/moverdb.com\/pl\/moving-companies\/bangladesh-moving-companies\/","title":{"rendered":"5 Najlepszych firm zajmuj\u0105cych si\u0119 przeprowadzkami mi\u0119dzynarodowymi w Bangladeszu"},"content":{"rendered":"<p>Je\u015bli przeprowadzasz si\u0119 do domu w <a href=\"https:\/\/moverdb.com\/pl\/moving-to-bangladesh\/\" data-internallinksmanager029f6b8e52c=\"419\" title=\"Przeprowadzka do Bangladeszu? Koszty \u017cycia i wskaz\u00f3wki dotycz\u0105ce relokacji w 2023 r.\">Bangladesz<\/a> lub zamierzasz przeprowadzi\u0107 si\u0119 do lub z Bangladeszu, mo\u017cesz skorzysta\u0107 z us\u0142ugi <a href=\"https:\/\/moverdb.com\/pl\/international-removals\/\" data-internallinksmanager029f6b8e52c=\"27\" title=\"36 najlepszych firm zajmuj\u0105cych si\u0119 przeprowadzkami mi\u0119dzynarodowymi w Wielkiej Brytanii\">przedsi\u0119biorstwo przeprowadzkowe<\/a> aby u\u0142atwi\u0107 proces przeprowadzki. Przeprowadzka to stresuj\u0105cy czas, wi\u0119c poni\u017cej zebrali\u015bmy list\u0119 firm, kt\u00f3re s\u0105 cz\u0142onkami <a href=\"https:\/\/moverdb.com\/pl\/iam\/\" data-internallinksmanager029f6b8e52c=\"23\" title=\"Mi\u0119dzynarodowe Stowarzyszenie Przewo\u017anik\u00f3w (IAM) - obja\u015bnienia\">Mi\u0119dzynarodowe Stowarzyszenie Przewo\u017anik\u00f3w<\/a> (IAM) i\/lub <a href=\"https:\/\/moverdb.com\/pl\/fidi-faim\/\" data-internallinksmanager029f6b8e52c=\"16\" title=\"FIDI i FAIM (FIDI Accredited International Mover) - obja\u015bnienia\">FIDI<\/a> Accredited International Mover (FAIM), kt\u00f3re mog\u0105 Pa\u0144stwu pom\u00f3c.<\/p>\n<div id=\"ez-toc-container\" class=\"ez-toc-v2_0_82_2 ez-toc-wrap-left counter-hierarchy ez-toc-counter ez-toc-transparent ez-toc-container-direction\">\n<div class=\"ez-toc-title-container\">\n<p class=\"ez-toc-title\" style=\"cursor:inherit\">Sekcje<\/p>\n<span class=\"ez-toc-title-toggle\"><a href=\"#\" class=\"ez-toc-pull-right ez-toc-btn ez-toc-btn-xs ez-toc-btn-default ez-toc-toggle\" aria-label=\"Prze\u0142\u0105cznik Spisu Tre\u015bci\"><span class=\"ez-toc-js-icon-con\"><span class=\"\"><span class=\"eztoc-hide\" style=\"display:none;\">Toggle<\/span><span class=\"ez-toc-icon-toggle-span\"><svg style=\"fill: #999;color:#999\" xmlns=\"http:\/\/www.w3.org\/2000\/svg\" class=\"list-377408\" width=\"20px\" height=\"20px\" viewbox=\"0 0 24 24\" fill=\"none\"><path d=\"M6 6H4v2h2V6zm14 0H8v2h12V6zM4 11h2v2H4v-2zm16 0H8v2h12v-2zM4 16h2v2H4v-2zm16 0H8v2h12v-2z\" fill=\"currentColor\"><\/path><\/svg><svg style=\"fill: #999;color:#999\" class=\"arrow-unsorted-368013\" xmlns=\"http:\/\/www.w3.org\/2000\/svg\" width=\"10px\" height=\"10px\" viewbox=\"0 0 24 24\" version=\"1.2\" baseprofile=\"tiny\"><path d=\"M18.2 9.3l-6.2-6.3-6.2 6.3c-.2.2-.3.4-.3.7s.1.5.3.7c.2.2.4.3.7.3h11c.3 0 .5-.1.7-.3.2-.2.3-.5.3-.7s-.1-.5-.3-.7zM5.8 14.7l6.2 6.3 6.2-6.3c.2-.2.3-.5.3-.7s-.1-.5-.3-.7c-.2-.2-.4-.3-.7-.3h-11c-.3 0-.5.1-.7.3-.2.2-.3.5-.3.7s.1.5.3.7z\"\/><\/svg><\/span><\/span><\/span><\/a><\/span><\/div>\n<nav><ul class='ez-toc-list ez-toc-list-level-1 eztoc-toggle-hide-by-default' ><li class='ez-toc-page-1 ez-toc-heading-level-2'><a class=\"ez-toc-link ez-toc-heading-1\" href=\"https:\/\/moverdb.com\/pl\/moving-companies\/bangladesh-moving-companies\/#1_A_I_Freight_Services\" >1. A I Freight Services<\/a><\/li><li class='ez-toc-page-1 ez-toc-heading-level-2'><a class=\"ez-toc-link ez-toc-heading-2\" href=\"https:\/\/moverdb.com\/pl\/moving-companies\/bangladesh-moving-companies\/#2_Alpha_Logistics\" >2. Alfa Logistyka<\/a><\/li><li class='ez-toc-page-1 ez-toc-heading-level-2'><a class=\"ez-toc-link ez-toc-heading-3\" href=\"https:\/\/moverdb.com\/pl\/moving-companies\/bangladesh-moving-companies\/#3_Apolloline_Shipping_Service\" >3. Apolloline Shipping Service<\/a><\/li><li class='ez-toc-page-1 ez-toc-heading-level-2'><a class=\"ez-toc-link ez-toc-heading-4\" href=\"https:\/\/moverdb.com\/pl\/moving-companies\/bangladesh-moving-companies\/#4_Carry_Link_Packers_Shippers\" >4. Carry Link Packers &amp; Shippers<\/a><\/li><li class='ez-toc-page-1 ez-toc-heading-level-2'><a class=\"ez-toc-link ez-toc-heading-5\" href=\"https:\/\/moverdb.com\/pl\/moving-companies\/bangladesh-moving-companies\/#5_Homebound\" >5. Homebound<\/a><\/li><\/ul><\/nav><\/div>\n<h2><span class=\"ez-toc-section\" id=\"1_A_I_Freight_Services\"><\/span><strong>1. A I Freight Services<\/strong><span class=\"ez-toc-section-end\"><\/span><\/h2>\n<p><em><img loading=\"lazy\" decoding=\"async\" class=\"alignnone size-full wp-image-5135\" src=\"https:\/\/moverdb.com\/wp-content\/uploads\/A-I-Freight-Services-international-moving-company.png\" alt=\"A I Freight Services firma zajmuj\u0105ca si\u0119 przeprowadzkami mi\u0119dzynarodowymi\" width=\"1440\" height=\"685\" data-wp-pid=\"5135\" srcset=\"https:\/\/moverdb.com\/wp-content\/uploads\/A-I-Freight-Services-international-moving-company.png 1440w, https:\/\/moverdb.com\/wp-content\/uploads\/A-I-Freight-Services-international-moving-company-300x143.png 300w, https:\/\/moverdb.com\/wp-content\/uploads\/A-I-Freight-Services-international-moving-company-1024x487.png 1024w, https:\/\/moverdb.com\/wp-content\/uploads\/A-I-Freight-Services-international-moving-company-18x9.png 18w, https:\/\/moverdb.com\/wp-content\/uploads\/A-I-Freight-Services-international-moving-company-600x285.png 600w\" sizes=\"auto, (max-width: 1440px) 100vw, 1440px\" \/><\/em><\/p>\n<ul>\n<li>Logistyka krajowa<\/li>\n<li>Logistyka mi\u0119dzynarodowa<\/li>\n<li>Us\u0142uga \"od drzwi do drzwi\" i przeprowadzki domowe<\/li>\n<li>Post\u0119powanie z rzeczami osobistymi<\/li>\n<li>Przeprowadzki firm i logistyka<\/li>\n<li>Fracht drogowy, morski i lotniczy<\/li>\n<li>Maklerstwo celne<\/li>\n<li>Obs\u0142uga towar\u00f3w delikatnych i niebezpiecznych<\/li>\n<li>Transport zwierz\u0105t<\/li>\n<li>Rozwi\u0105zania w zakresie przechowywania<\/li>\n<\/ul>\n<p>A I Freight Services twierdzi, \u017ce jest jedn\u0105 z wiod\u0105cych firm logistycznych w Bangladeszu, kt\u00f3ra zapewnia spedycj\u0119, transport \u015br\u00f3dl\u0105dowy i po\u015brednictwo celne. S\u0105 cz\u0142onkiem IAM z 23-letnim sta\u017cem. Obs\u0142uguj\u0105 firmy w zakresie logistyki i dystrybucji oraz przeprowadzek, oferuj\u0105 r\u00f3wnie\u017c us\u0142ugi przeprowadzek domowych.<\/p>\n<p>A I Freight Services oferuje us\u0142ug\u0119 przeprowadzek domowych \"od drzwi do drzwi\", kt\u00f3ra mo\u017ce przenie\u015b\u0107 Ci\u0119 w kraju i za granic\u0105 przy u\u017cyciu transportu drogowego, morskiego i lotniczego. Mog\u0105 r\u00f3wnie\u017c pom\u00f3c w odprawie celnej i po\u015brednictwie. Mog\u0105 zapewni\u0107 specjalistyczne us\u0142ugi logistyczne, w tym przeprowadzki zwierz\u0105t domowych oraz towar\u00f3w delikatnych i niebezpiecznych. Oferuje r\u00f3wnie\u017c rozwi\u0105zania w zakresie magazynowania.<\/p>\n<p>Strona internetowa: <a href=\"http:\/\/www.aifs-bd.com\" target=\"_blank\" rel=\"noopener\">http:\/\/www.aifs-bd.com<\/a><\/p>\n<h2><span class=\"ez-toc-section\" id=\"2_Alpha_Logistics\"><\/span><strong>2. Alfa Logistyka<\/strong><span class=\"ez-toc-section-end\"><\/span><\/h2>\n<p><em><img loading=\"lazy\" decoding=\"async\" class=\"alignnone size-full wp-image-5143\" src=\"https:\/\/moverdb.com\/wp-content\/uploads\/Alpha-Logistics-international-moving-company.png\" alt=\"Alpha Logistics firma zajmuj\u0105ca si\u0119 przeprowadzkami mi\u0119dzynarodowymi\" width=\"1440\" height=\"677\" data-wp-pid=\"5143\" srcset=\"https:\/\/moverdb.com\/wp-content\/uploads\/Alpha-Logistics-international-moving-company.png 1440w, https:\/\/moverdb.com\/wp-content\/uploads\/Alpha-Logistics-international-moving-company-300x141.png 300w, https:\/\/moverdb.com\/wp-content\/uploads\/Alpha-Logistics-international-moving-company-1024x481.png 1024w, https:\/\/moverdb.com\/wp-content\/uploads\/Alpha-Logistics-international-moving-company-18x8.png 18w, https:\/\/moverdb.com\/wp-content\/uploads\/Alpha-Logistics-international-moving-company-600x282.png 600w\" sizes=\"auto, (max-width: 1440px) 100vw, 1440px\" \/><\/em><\/p>\n<ul>\n<li>Przesy\u0142ki krajowe<\/li>\n<li>Przesy\u0142ki mi\u0119dzynarodowe<\/li>\n<li>Elastyczna us\u0142uga<\/li>\n<li>Dostarcza szerok\u0105 gam\u0119 towar\u00f3w<\/li>\n<li>Us\u0142uga \"od drzwi do drzwi\".<\/li>\n<li>Us\u0142uga od drzwi do lotniska lub doku<\/li>\n<li>Transport drogowy, morski i lotniczy<\/li>\n<li>Odprawa celna<\/li>\n<li>Zg\u0142oszenia i dowody przybycia<\/li>\n<li>Magazyny kr\u00f3tko- i d\u0142ugoterminowe<\/li>\n<\/ul>\n<p>Alpha Logistics zosta\u0142a za\u0142o\u017cona w 1999 roku i twierdzi, \u017ce jest jednym z najlepszych dostawc\u00f3w us\u0142ug spedycyjnych i logistycznych w Bangladeszu. Jest cz\u0142onkiem IAM jako firma przeprowadzkowa i <a href=\"https:\/\/moverdb.com\/pl\/relocation-agents\/\" data-internallinksmanager029f6b8e52c=\"1\" title=\"7 powod\u00f3w, dla kt\u00f3rych warto skorzysta\u0107 z us\u0142ug agenta ds. przeprowadzek?\">agent ds. przeprowadzek<\/a>. Posiadaj\u0105 sie\u0107 globalnych agent\u00f3w, kt\u00f3rzy umo\u017cliwiaj\u0105 im \u015bwiadczenie us\u0142ug na skal\u0119 mi\u0119dzynarodow\u0105.<\/p>\n<p>Alpha Logistics oferuje wy\u0142\u0105cznie us\u0142ugi spedycyjne, w kt\u00f3rych zapewniaj\u0105 us\u0142ug\u0119 od drzwi do drzwi, us\u0142ug\u0119 od drzwi do lotniska\/doku lub us\u0142ug\u0119 od lotniska\/doku do drzwi, kt\u00f3ra obejmuje odpraw\u0119 celn\u0105 dla Twojej przesy\u0142ki. Oferuj\u0105 r\u00f3wnie\u017c szereg ci\u0119\u017car\u00f3wek i samochod\u00f3w dostawczych do przenoszenia Twoich towar\u00f3w w Bangladeszu. Oferuj\u0105 kr\u00f3tko- i d\u0142ugoterminowe przechowywanie w swoich magazynach.<\/p>\n<p>Strona internetowa: <a href=\"http:\/\/www.alphagroupbd.com\" target=\"_blank\" rel=\"noopener\">http:\/\/www.alphagroupbd.com<\/a><\/p>\n<h2><span class=\"ez-toc-section\" id=\"3_Apolloline_Shipping_Service\"><\/span><strong>3. Apolloline Shipping Service<\/strong><span class=\"ez-toc-section-end\"><\/span><\/h2>\n<p><img loading=\"lazy\" decoding=\"async\" class=\"alignnone size-full wp-image-5229\" src=\"https:\/\/moverdb.com\/wp-content\/uploads\/Apolloline-international-moving-company.png\" alt=\"Mi\u0119dzynarodowa firma przeprowadzkowa Apolloline\" width=\"1440\" height=\"682\" data-wp-pid=\"5229\" srcset=\"https:\/\/moverdb.com\/wp-content\/uploads\/Apolloline-international-moving-company.png 1440w, https:\/\/moverdb.com\/wp-content\/uploads\/Apolloline-international-moving-company-300x142.png 300w, https:\/\/moverdb.com\/wp-content\/uploads\/Apolloline-international-moving-company-1024x485.png 1024w, https:\/\/moverdb.com\/wp-content\/uploads\/Apolloline-international-moving-company-18x9.png 18w, https:\/\/moverdb.com\/wp-content\/uploads\/Apolloline-international-moving-company-600x284.png 600w\" sizes=\"auto, (max-width: 1440px) 100vw, 1440px\" \/><\/p>\n<ul>\n<li>Przeprowadzki krajowe<\/li>\n<li>Przeprowadzki mi\u0119dzynarodowe<\/li>\n<li>Przeprowadzki biurowe i domowe<\/li>\n<li>Transport drogowy, morski i lotniczy<\/li>\n<li>Profesjonalny zesp\u00f3\u0142 pakowaczy<\/li>\n<li>Wysokiej jako\u015bci materia\u0142y do pakowania<\/li>\n<li>Antyki i sztuki pi\u0119kne<\/li>\n<li>Odprawa celna<\/li>\n<li><a href=\"https:\/\/moverdb.com\/pl\/car-transport-shipping\/\" data-internallinksmanager029f6b8e52c=\"2\" title=\"2026 Mi\u0119dzynarodowy transport samochodowy i wyceny wysy\u0142ki pojazd\u00f3w\">Spedycja pojazd\u00f3w<\/a><\/li>\n<li>Rozwi\u0105zania w zakresie przechowywania<\/li>\n<\/ul>\n<p>Apolloline Shipping Service jest firm\u0105 zajmuj\u0105c\u0105 si\u0119 spedycj\u0105 mi\u0119dzynarodow\u0105 i <a href=\"https:\/\/moverdb.com\/pl\/moving-companies\/\" data-internallinksmanager029f6b8e52c=\"79\" title=\"25 najlepszych firm przeprowadzek mi\u0119dzynarodowych online\">przedsi\u0119biorstwo przeprowadzkowe<\/a> z siedzib\u0105 w Dhaka z oddzia\u0142em w Chottogram. Twierdzi, \u017ce jest wiod\u0105cym dostawc\u0105 w Bangladeszu i jest cz\u0142onkiem IAM z 10-letnim sta\u017cem. Zajmuj\u0105 si\u0119 przeprowadzkami biurowymi i domowymi w Bangladeszu i na ca\u0142ym \u015bwiecie.<\/p>\n<p>Apolloline Shipping Service oferuje us\u0142ugi przeprowadzkowe, kt\u00f3re obejmuj\u0105 profesjonalny zesp\u00f3\u0142 pakowaczy, kt\u00f3rzy u\u017cywaj\u0105 najlepszych technik pakowania i przenoszenia oraz wysokiej jako\u015bci materia\u0142\u00f3w do pakowania, aby chroni\u0107 Twoje rzeczy. Zapewniaj\u0105 opcje transportu, w tym fracht drogowy, morski i lotniczy oraz zarz\u0105dzaj\u0105 odpraw\u0105 celn\u0105. Oferuj\u0105 r\u00f3wnie\u017c po\u015brednie obiekty magazynowe.<\/p>\n<p>Strona internetowa: <a href=\"http:\/\/www.apolloline.com\" target=\"_blank\" rel=\"noopener\">http:\/\/www.apolloline. com<\/a><\/p>\n<h2><span class=\"ez-toc-section\" id=\"4_Carry_Link_Packers_Shippers\"><\/span><strong>4. Carry Link Packers &amp; Shippers<\/strong><span class=\"ez-toc-section-end\"><\/span><\/h2>\n<p><em><img loading=\"lazy\" decoding=\"async\" class=\"alignnone size-full wp-image-5153\" src=\"https:\/\/moverdb.com\/wp-content\/uploads\/Carry-Link-Packers-and-Shippers-international-moving-company.png\" alt=\"Carry Link Packers and Shippers firma zajmuj\u0105ca si\u0119 przeprowadzkami mi\u0119dzynarodowymi\" width=\"1440\" height=\"677\" data-wp-pid=\"5153\" srcset=\"https:\/\/moverdb.com\/wp-content\/uploads\/Carry-Link-Packers-and-Shippers-international-moving-company.png 1440w, https:\/\/moverdb.com\/wp-content\/uploads\/Carry-Link-Packers-and-Shippers-international-moving-company-300x141.png 300w, https:\/\/moverdb.com\/wp-content\/uploads\/Carry-Link-Packers-and-Shippers-international-moving-company-1024x481.png 1024w, https:\/\/moverdb.com\/wp-content\/uploads\/Carry-Link-Packers-and-Shippers-international-moving-company-18x8.png 18w, https:\/\/moverdb.com\/wp-content\/uploads\/Carry-Link-Packers-and-Shippers-international-moving-company-600x282.png 600w\" sizes=\"auto, (max-width: 1440px) 100vw, 1440px\" \/><\/em><\/p>\n<ul>\n<li>\u017begluga krajowa<\/li>\n<li><a href=\"https:\/\/moverdb.com\/pl\/container-shipping\/\" data-internallinksmanager029f6b8e52c=\"3\" title=\"Wykres stawek mi\u0119dzynarodowego transportu kontenerowego: Kwiecie\u0144 2026 r.\">Wysy\u0142ka mi\u0119dzynarodowa<\/a><\/li>\n<li>Przeprowadzki gospodarstw domowych<\/li>\n<li>Us\u0142ugi cargo dla przedsi\u0119biorstw<\/li>\n<li>Us\u0142ugi \"od drzwi do drzwi<\/li>\n<li>Transport l\u0105dowy, lotniczy i morski<\/li>\n<li>Odprawa celna<\/li>\n<li>Ubezpieczenia<\/li>\n<li>Obiekty magazynowe<\/li>\n<li>Sie\u0107 agent\u00f3w stowarzyszonych na ca\u0142ym \u015bwiecie<\/li>\n<\/ul>\n<p>Carry Link Packers &amp; Shippers jest agencj\u0105 przeprowadzkow\u0105 i spedycyjn\u0105, kt\u00f3ra powsta\u0142a w 1999 roku, maj\u0105 siedzib\u0119 w Dhaka, Bangladeszu i s\u0105 cz\u0142onkami IAM z 20-letnim sta\u017cem. \u015awiadcz\u0105 us\u0142ugi spedycyjne, us\u0142ugi odprawy celnej i wsparcie w zakresie pakowania. Obs\u0142uguj\u0105 firmy z potrzebami transportowymi oraz gospodarstwa domowe z wymaganiami dotycz\u0105cymi przeprowadzek.<\/p>\n<p>Carry Link Packers &amp; Shippers oferuje us\u0142ugi od drzwi do drzwi i us\u0142ugi pakowania dla gospodarstw domowych, aby pom\u00f3c im w przeprowadzce do domu w kraju i za granic\u0105. Oferuj\u0105 us\u0142ugi przeprowadzkowe drog\u0105 l\u0105dow\u0105, morsk\u0105 i powietrzn\u0105, kt\u00f3re obejmuj\u0105 ubezpieczenie i odpraw\u0119 celn\u0105. Swoje us\u0142ugi mi\u0119dzynarodowe \u015bwiadcz\u0105 poprzez sie\u0107 powi\u0105zanych agent\u00f3w na ca\u0142ym \u015bwiecie.<\/p>\n<p>Strona internetowa: <a href=\"http:\/\/www.carrylink.org\" target=\"_blank\" rel=\"noopener\">http:\/\/www.carrylink.org<\/a><\/p>\n<h2><span class=\"ez-toc-section\" id=\"5_Homebound\"><\/span><strong>5. Homebound<\/strong><span class=\"ez-toc-section-end\"><\/span><\/h2>\n<p><em><img loading=\"lazy\" decoding=\"async\" class=\"alignnone size-full wp-image-5174\" src=\"https:\/\/moverdb.com\/wp-content\/uploads\/Homebound-international-moving-company.png\" alt=\"Firma zajmuj\u0105ca si\u0119 przeprowadzkami mi\u0119dzynarodowymi w domu\" width=\"1440\" height=\"678\" data-wp-pid=\"5174\" srcset=\"https:\/\/moverdb.com\/wp-content\/uploads\/Homebound-international-moving-company.png 1440w, https:\/\/moverdb.com\/wp-content\/uploads\/Homebound-international-moving-company-300x141.png 300w, https:\/\/moverdb.com\/wp-content\/uploads\/Homebound-international-moving-company-1024x482.png 1024w, https:\/\/moverdb.com\/wp-content\/uploads\/Homebound-international-moving-company-18x8.png 18w, https:\/\/moverdb.com\/wp-content\/uploads\/Homebound-international-moving-company-600x283.png 600w\" sizes=\"auto, (max-width: 1440px) 100vw, 1440px\" \/><\/em><\/p>\n<ul>\n<li>Przeniesienia krajowe<\/li>\n<li>Przeniesienia mi\u0119dzynarodowe<\/li>\n<li>Przeprowadzki biurowe<\/li>\n<li>Przeniesienia budynk\u00f3w mieszkalnych<\/li>\n<li>Transport drogowy, morski i lotniczy<\/li>\n<li>Po\u015brednictwo i odprawa celna<\/li>\n<li>Us\u0142uga pakowania z wykorzystaniem materia\u0142\u00f3w \u015bwiatowej klasy<\/li>\n<li>Ubezpieczenie tranzytowe<\/li>\n<li>Przenoszenie zwierz\u0105t domowych<\/li>\n<li>Magazyny kr\u00f3tko- i d\u0142ugoterminowe<\/li>\n<\/ul>\n<p>Homebound to firma przeprowadzkowa, kt\u00f3ra powsta\u0142a w 1972 roku, s\u0105 cz\u0142onkami IAM i s\u0105 akredytowani przez FIDI. Twierdz\u0105, \u017ce s\u0105 jednym z wiod\u0105cych dostawc\u00f3w us\u0142ug logistycznych w zakresie transportu mi\u0119dzynarodowego w Bangladeszu.  Zajmuj\u0105 si\u0119 przeprowadzkami biurowymi i mieszkalnymi, a tak\u017ce oferuj\u0105 przeprowadzki zwierz\u0105t domowych i przechowywanie obiekt\u00f3w.<\/p>\n<p>Homebound oferuje us\u0142ug\u0119 relokacji z konsultantem, kt\u00f3ry przeprowadzi badanie, dostarczy wycen\u0119, skoordynuje Twoj\u0105 przeprowadzk\u0119 i b\u0119dzie Ci\u0119 wspiera\u0142 na ka\u017cdym kroku. Ich us\u0142ugi pakowania numeruj\u0105 i spisuj\u0105 Twoje przedmioty, jednocze\u015bnie pakuj\u0105c je bezpiecznie w \u015bwiatowej klasy materia\u0142y do pakowania. Oferuj\u0105 r\u00f3wnie\u017c pomoc w znalezieniu mieszkania.<\/p>\n<p>Strona internetowa: <a href=\"http:\/\/www.homeboundbd.com\" target=\"_blank\" rel=\"noopener\">http:\/\/www.homeboundbd.com<\/a> &nbsp;<\/p>","protected":false},"excerpt":{"rendered":"<p>If you are moving home in Bangladesh or about to move to or from Bangladesh, you may want to use a removal company to help ease the moving process. Moving is a stressful time so below we have gathered a list of companies who are members of the International Association of Movers (IAM) and\/or FIDI [&hellip;]<\/p>\n","protected":false},"author":4,"featured_media":0,"parent":190,"menu_order":0,"comment_status":"closed","ping_status":"closed","template":"","meta":{"_genesis_hide_title":false,"_genesis_hide_breadcrumbs":false,"_genesis_hide_singular_image":false,"_genesis_hide_footer_widgets":false,"_genesis_custom_body_class":"","_genesis_custom_post_class":"","_genesis_layout":"","footnotes":""},"class_list":{"0":"post-5228","1":"page","2":"type-page","3":"status-publish","5":"entry","6":"has-post-thumbnail"},"_links":{"self":[{"href":"https:\/\/moverdb.com\/pl\/wp-json\/wp\/v2\/pages\/5228","targetHints":{"allow":["GET"]}}],"collection":[{"href":"https:\/\/moverdb.com\/pl\/wp-json\/wp\/v2\/pages"}],"about":[{"href":"https:\/\/moverdb.com\/pl\/wp-json\/wp\/v2\/types\/page"}],"author":[{"embeddable":true,"href":"https:\/\/moverdb.com\/pl\/wp-json\/wp\/v2\/users\/4"}],"replies":[{"embeddable":true,"href":"https:\/\/moverdb.com\/pl\/wp-json\/wp\/v2\/comments?post=5228"}],"version-history":[{"count":1,"href":"https:\/\/moverdb.com\/pl\/wp-json\/wp\/v2\/pages\/5228\/revisions"}],"predecessor-version":[{"id":5230,"href":"https:\/\/moverdb.com\/pl\/wp-json\/wp\/v2\/pages\/5228\/revisions\/5230"}],"up":[{"embeddable":true,"href":"https:\/\/moverdb.com\/pl\/wp-json\/wp\/v2\/pages\/190"}],"wp:attachment":[{"href":"https:\/\/moverdb.com\/pl\/wp-json\/wp\/v2\/media?parent=5228"}],"curies":[{"name":"wp","href":"https:\/\/api.w.org\/{rel}","templated":true}]}}