{"id":5224,"date":"2022-10-24T11:53:37","date_gmt":"2022-10-24T11:53:37","guid":{"rendered":"https:\/\/moverdb.com\/?page_id=5224"},"modified":"2026-01-08T15:25:03","modified_gmt":"2026-01-08T15:25:03","slug":"azerbejdzan","status":"publish","type":"page","link":"https:\/\/moverdb.com\/pl\/moving-companies\/azerbaijan-moving-companies\/","title":{"rendered":"5 Najlepszych firm zajmuj\u0105cych si\u0119 przeprowadzkami mi\u0119dzynarodowymi w Azerbejd\u017canie"},"content":{"rendered":"<p>Przeprowadzka mo\u017ce by\u0107 stresuj\u0105ca, wi\u0119c uzyskanie kogo\u015b do pomocy w przeprowadzce mo\u017ce pom\u00f3c uwolni\u0107 si\u0119 od presji. Niezale\u017cnie od tego, czy przeprowadzasz si\u0119 w obr\u0119bie Azerbejd\u017canu, czy te\u017c przemieszczasz si\u0119 do lub z Azerbejd\u017canu, istniej\u0105 firmy, kt\u00f3re mog\u0105 pom\u00f3c. Zebrali\u015bmy list\u0119 <a href=\"https:\/\/moverdb.com\/pl\/international-removals\/\" data-internallinksmanager029f6b8e52c=\"27\" title=\"36 najlepszych firm zajmuj\u0105cych si\u0119 przeprowadzkami mi\u0119dzynarodowymi w Wielkiej Brytanii\">przedsi\u0119biorstwa przeprowadzkowe<\/a> poni\u017cej, kt\u00f3re s\u0105 cz\u0142onkami <a href=\"https:\/\/moverdb.com\/pl\/iam\/\" data-internallinksmanager029f6b8e52c=\"23\" title=\"Mi\u0119dzynarodowe Stowarzyszenie Przewo\u017anik\u00f3w (IAM) - obja\u015bnienia\">Mi\u0119dzynarodowe Stowarzyszenie Przewo\u017anik\u00f3w<\/a> (IAM) i\/lub <a href=\"https:\/\/moverdb.com\/pl\/fidi-faim\/\" data-internallinksmanager029f6b8e52c=\"16\" title=\"FIDI i FAIM (FIDI Accredited International Mover) - obja\u015bnienia\">FIDI<\/a> Accredited International Mover (FAIM), kt\u00f3ra mo\u017ce Ci pom\u00f3c.<\/p>\n<div id=\"ez-toc-container\" class=\"ez-toc-v2_0_82_2 ez-toc-wrap-left counter-hierarchy ez-toc-counter ez-toc-transparent ez-toc-container-direction\">\n<div class=\"ez-toc-title-container\">\n<p class=\"ez-toc-title\" style=\"cursor:inherit\">Sekcje<\/p>\n<span class=\"ez-toc-title-toggle\"><a href=\"#\" class=\"ez-toc-pull-right ez-toc-btn ez-toc-btn-xs ez-toc-btn-default ez-toc-toggle\" aria-label=\"Prze\u0142\u0105cznik Spisu Tre\u015bci\"><span class=\"ez-toc-js-icon-con\"><span class=\"\"><span class=\"eztoc-hide\" style=\"display:none;\">Toggle<\/span><span class=\"ez-toc-icon-toggle-span\"><svg style=\"fill: #999;color:#999\" xmlns=\"http:\/\/www.w3.org\/2000\/svg\" class=\"list-377408\" width=\"20px\" height=\"20px\" viewbox=\"0 0 24 24\" fill=\"none\"><path d=\"M6 6H4v2h2V6zm14 0H8v2h12V6zM4 11h2v2H4v-2zm16 0H8v2h12v-2zM4 16h2v2H4v-2zm16 0H8v2h12v-2z\" fill=\"currentColor\"><\/path><\/svg><svg style=\"fill: #999;color:#999\" class=\"arrow-unsorted-368013\" xmlns=\"http:\/\/www.w3.org\/2000\/svg\" width=\"10px\" height=\"10px\" viewbox=\"0 0 24 24\" version=\"1.2\" baseprofile=\"tiny\"><path d=\"M18.2 9.3l-6.2-6.3-6.2 6.3c-.2.2-.3.4-.3.7s.1.5.3.7c.2.2.4.3.7.3h11c.3 0 .5-.1.7-.3.2-.2.3-.5.3-.7s-.1-.5-.3-.7zM5.8 14.7l6.2 6.3 6.2-6.3c.2-.2.3-.5.3-.7s-.1-.5-.3-.7c-.2-.2-.4-.3-.7-.3h-11c-.3 0-.5.1-.7.3-.2.2-.3.5-.3.7s.1.5.3.7z\"\/><\/svg><\/span><\/span><\/span><\/a><\/span><\/div>\n<nav><ul class='ez-toc-list ez-toc-list-level-1 eztoc-toggle-hide-by-default' ><li class='ez-toc-page-1 ez-toc-heading-level-2'><a class=\"ez-toc-link ez-toc-heading-1\" href=\"https:\/\/moverdb.com\/pl\/moving-companies\/azerbaijan-moving-companies\/#1_ACE_Forwarding\" >1. ACE Forwarding<\/a><\/li><li class='ez-toc-page-1 ez-toc-heading-level-2'><a class=\"ez-toc-link ez-toc-heading-2\" href=\"https:\/\/moverdb.com\/pl\/moving-companies\/azerbaijan-moving-companies\/#2_Allright_Moving_Storage\" >2. Allright Moving &amp; Storage<\/a><\/li><li class='ez-toc-page-1 ez-toc-heading-level-2'><a class=\"ez-toc-link ez-toc-heading-3\" href=\"https:\/\/moverdb.com\/pl\/moving-companies\/azerbaijan-moving-companies\/#3_Buddy-Mover\" >3. Buddy-Mover<\/a><\/li><li class='ez-toc-page-1 ez-toc-heading-level-2'><a class=\"ez-toc-link ez-toc-heading-4\" href=\"https:\/\/moverdb.com\/pl\/moving-companies\/azerbaijan-moving-companies\/#4_Gosselin\" >4. Gosselin<\/a><\/li><li class='ez-toc-page-1 ez-toc-heading-level-2'><a class=\"ez-toc-link ez-toc-heading-5\" href=\"https:\/\/moverdb.com\/pl\/moving-companies\/azerbaijan-moving-companies\/#5_Interdean_International_Relocations\" >5. Mi\u0119dzynarodowe przemieszczenia Interdean<\/a><\/li><\/ul><\/nav><\/div>\n<h2><span class=\"ez-toc-section\" id=\"1_ACE_Forwarding\"><\/span><strong>1. ACE Forwarding<\/strong><span class=\"ez-toc-section-end\"><\/span><\/h2>\n<p><em><img loading=\"lazy\" decoding=\"async\" class=\"alignnone size-full wp-image-5136\" src=\"https:\/\/moverdb.com\/wp-content\/uploads\/ACE-Forwarding-international-moving-company.png\" alt=\"ACE Forwarding firma zajmuj\u0105ca si\u0119 przeprowadzkami mi\u0119dzynarodowymi\" width=\"1440\" height=\"685\" data-wp-pid=\"5136\" srcset=\"https:\/\/moverdb.com\/wp-content\/uploads\/ACE-Forwarding-international-moving-company.png 1440w, https:\/\/moverdb.com\/wp-content\/uploads\/ACE-Forwarding-international-moving-company-300x143.png 300w, https:\/\/moverdb.com\/wp-content\/uploads\/ACE-Forwarding-international-moving-company-1024x487.png 1024w, https:\/\/moverdb.com\/wp-content\/uploads\/ACE-Forwarding-international-moving-company-18x9.png 18w, https:\/\/moverdb.com\/wp-content\/uploads\/ACE-Forwarding-international-moving-company-600x285.png 600w\" sizes=\"auto, (max-width: 1440px) 100vw, 1440px\" \/><\/em><\/p>\n<ul>\n<li>Przeprowadzki mi\u0119dzynarodowe<\/li>\n<li>Us\u0142ugi relokacyjne<\/li>\n<li>Przeprowadzki gospodarstw domowych i firm<\/li>\n<li>Transport lotniczy, morski, kolejowy i drogowy<\/li>\n<li>Transport breakbulk, drobnicowy i kontenerowy<\/li>\n<li>Transport dzie\u0142 sztuki<\/li>\n<li>Maklerstwo celne<\/li>\n<li>Transport pojazd\u00f3w i \u0142odzi<\/li>\n<li>Transport zwierz\u0105t<\/li>\n<li>Rozwi\u0105zania w zakresie magazynowania d\u0142ugo- i kr\u00f3tkoterminowego<\/li>\n<\/ul>\n<p>ACE Forwarding jest multimodaln\u0105 firm\u0105 logistyczn\u0105 i spedycyjn\u0105, kt\u00f3ra zosta\u0142a za\u0142o\u017cona w 1996 roku w Azerbejd\u017canie, a tak\u017ce posiada biura w <a href=\"https:\/\/moverdb.com\/pl\/firmy-przeprowadzkowe\/moving-companies-georgia\/\">Georgia<\/a>. S\u0105 cz\u0142onkiem IAM z 25-letnim sta\u017cem. Oferuj\u0105 us\u0142ugi przeprowadzkowe do Azerbejd\u017canu, przeprowadzki mi\u0119dzynarodowe oraz us\u0142ugi relokacyjne dla gospodarstw domowych i firm.<\/p>\n<p>Firma ACE Forwarding oferuje przegl\u0105d przed przeprowadzk\u0105 oraz wyceny dostosowane do Pa\u0144stwa potrzeb. Zapewniaj\u0105 us\u0142ugi pakowania przy u\u017cyciu materia\u0142\u00f3w specjalnie zaprojektowanych dla zawarto\u015bci i profesjonalnych technik pakowania, jak r\u00f3wnie\u017c demonta\u017cu i monta\u017cu mebli. Mog\u0105 r\u00f3wnie\u017c pom\u00f3c w po\u015brednictwie celnym, transporcie zwierz\u0105t domowych i pojazd\u00f3w, ubezpieczeniu i przechowywaniu na zasadzie kr\u00f3tko- lub d\u0142ugoterminowej.<\/p>\n<p>Strona internetowa: <a href=\"http:\/\/www.acecaspian.com\" target=\"_blank\" rel=\"noopener\">http:\/\/www.acecaspian.com<\/a><\/p>\n<h2><span class=\"ez-toc-section\" id=\"2_Allright_Moving_Storage\"><\/span><strong>2. Allright Moving &amp; Storage<\/strong><span class=\"ez-toc-section-end\"><\/span><\/h2>\n<p><em><img loading=\"lazy\" decoding=\"async\" class=\"alignnone size-full wp-image-5141\" src=\"https:\/\/moverdb.com\/wp-content\/uploads\/Allright-Moving-and-Storage-international-moving-company.png\" alt=\"Allright Moving and Storage firma zajmuj\u0105ca si\u0119 przeprowadzkami mi\u0119dzynarodowymi\" width=\"1440\" height=\"677\" data-wp-pid=\"5141\" srcset=\"https:\/\/moverdb.com\/wp-content\/uploads\/Allright-Moving-and-Storage-international-moving-company.png 1440w, https:\/\/moverdb.com\/wp-content\/uploads\/Allright-Moving-and-Storage-international-moving-company-300x141.png 300w, https:\/\/moverdb.com\/wp-content\/uploads\/Allright-Moving-and-Storage-international-moving-company-1024x481.png 1024w, https:\/\/moverdb.com\/wp-content\/uploads\/Allright-Moving-and-Storage-international-moving-company-18x8.png 18w, https:\/\/moverdb.com\/wp-content\/uploads\/Allright-Moving-and-Storage-international-moving-company-600x282.png 600w\" sizes=\"auto, (max-width: 1440px) 100vw, 1440px\" \/><\/em><\/p>\n<ul>\n<li>Przeprowadzki lokalne i krajowe<\/li>\n<li>Przeprowadzki mi\u0119dzynarodowe<\/li>\n<li>Przeprowadzki mieszkaniowe<\/li>\n<li>Przeprowadzki biur i firm<\/li>\n<li>Profesjonalny i uprzejmy personel<\/li>\n<li>Demonta\u017c i monta\u017c mebli<\/li>\n<li>Ubezpieczenie tranzytowe<\/li>\n<li>Odprawa celna<\/li>\n<li><a href=\"https:\/\/moverdb.com\/pl\/car-transport-shipping\/\" data-internallinksmanager029f6b8e52c=\"2\" title=\"2026 Mi\u0119dzynarodowy transport samochodowy i wyceny wysy\u0142ki pojazd\u00f3w\">Spedycja samochod\u00f3w<\/a><\/li>\n<li>Rozwi\u0105zania w zakresie przechowywania<\/li>\n<\/ul>\n<p>Allright Moving &amp; Storage twierdzi, \u017ce jest jedn\u0105 z wiod\u0105cych firm spedycyjnych i relokacyjnych w Azerbejd\u017canie. Oferuj\u0105 us\u0142ugi przeprowadzek domowych i korporacyjnych w, z lub do Azerbejd\u017canu. S\u0105 cz\u0142onkiem IAM z 7-letnim sta\u017cem. Posiadaj\u0105 sie\u0107 mi\u0119dzynarodowych podwykonawc\u00f3w i partner\u00f3w, kt\u00f3rzy pomagaj\u0105 im w przeprowadzkach mi\u0119dzynarodowych.<\/p>\n<p>Allright Moving &amp; Storage zapewnia do\u015bwiadczonych inspektor\u00f3w, kt\u00f3rzy oceni\u0105 Twoje potrzeby i udziel\u0105 porad. Spakuj\u0105 Twoje rzeczy, zdemontuj\u0105 i z\u0142o\u017c\u0105 meble, a tak\u017ce zapewni\u0105 ubezpieczenie tranzytowe i odpraw\u0119 celn\u0105. Mog\u0105 r\u00f3wnie\u017c zaoferowa\u0107 us\u0142ugi spedycji samochod\u00f3w. Oferuj\u0105 kr\u00f3tko- i d\u0142ugoterminowe, w pe\u0142ni bezpieczne i kontrolowane klimatycznie magazyny.<\/p>\n<p>Strona internetowa: <a href=\"http:\/\/www.allrightmoving.com\" target=\"_blank\" rel=\"noopener\">http:\/\/www.allrightmoving.com<\/a><\/p>\n<h2><span class=\"ez-toc-section\" id=\"3_Buddy-Mover\"><\/span><strong>3. Buddy-Mover<\/strong><span class=\"ez-toc-section-end\"><\/span><\/h2>\n<p><em><img loading=\"lazy\" decoding=\"async\" class=\"alignnone size-full wp-image-5151\" src=\"https:\/\/moverdb.com\/wp-content\/uploads\/Buddy-Mover-international-moving-company.png\" alt=\"Buddy Mover - mi\u0119dzynarodowa firma przeprowadzkowa\" width=\"1440\" height=\"680\" data-wp-pid=\"5151\" srcset=\"https:\/\/moverdb.com\/wp-content\/uploads\/Buddy-Mover-international-moving-company.png 1440w, https:\/\/moverdb.com\/wp-content\/uploads\/Buddy-Mover-international-moving-company-300x142.png 300w, https:\/\/moverdb.com\/wp-content\/uploads\/Buddy-Mover-international-moving-company-1024x484.png 1024w, https:\/\/moverdb.com\/wp-content\/uploads\/Buddy-Mover-international-moving-company-18x9.png 18w, https:\/\/moverdb.com\/wp-content\/uploads\/Buddy-Mover-international-moving-company-600x283.png 600w\" sizes=\"auto, (max-width: 1440px) 100vw, 1440px\" \/><\/em><\/p>\n<ul>\n<li>Przeprowadzki lokalne i krajowe<\/li>\n<li>Przeprowadzki mi\u0119dzynarodowe<\/li>\n<li>Przeprowadzki mieszkaniowe<\/li>\n<li>Ruchy biznesowe<\/li>\n<li>Profesjonalny i wykwalifikowany personel<\/li>\n<li>Wysoki standard pakowania<\/li>\n<li>Inwentaryzacje, aby \u015bledzi\u0107 swoje rzeczy<\/li>\n<li>Fracht drogowy, lotniczy i morski<\/li>\n<li>Ubezpieczenie tranzytowe<\/li>\n<li>Przechowywanie kr\u00f3tko- i d\u0142ugoterminowe<\/li>\n<\/ul>\n<p>Buddy-Mover to firma przeprowadzkowa, kt\u00f3ra ma siedzib\u0119 w Baku, Azerbejd\u017canie, kt\u00f3ra jest cz\u0142onkiem IAM z 4-letnim sta\u017cem. Zapewniaj\u0105 lokalne, krajowe i mi\u0119dzynarodowe us\u0142ugi przeprowadzkowe, kt\u00f3re zaspokajaj\u0105 zar\u00f3wno klient\u00f3w mieszkalnych, jak i biznesowych. Zatrudniaj\u0105 profesjonalny personel, kt\u00f3ry jest wysoce wyszkolony w technikach przenoszenia i pakowania.<\/p>\n<p>Buddy-Mover zapewnia badanie twarz\u0105 w twarz przed przeprowadzk\u0105, aby oceni\u0107 Twoje potrzeby i wymagania celne oraz opcje wysy\u0142ki. Ich personel przeprowadzkowy bezpiecznie zapakuje Twoje rzeczy, stworzy inwentarz i zorganizuje transport drogowy, lotniczy lub morski. Oferuj\u0105 r\u00f3wnie\u017c kr\u00f3tko- i d\u0142ugoterminowe opcje bezpiecznego przechowywania w ich sklepionym magazynie.<\/p>\n<p>Strona internetowa: <a href=\"http:\/\/www.buddy-mover.com\" target=\"_blank\" rel=\"noopener\">http:\/\/www.buddy-mover.com<\/a><\/p>\n<h2><span class=\"ez-toc-section\" id=\"4_Gosselin\"><\/span><strong>4. Gosselin<\/strong><span class=\"ez-toc-section-end\"><\/span><\/h2>\n<p><em><img loading=\"lazy\" decoding=\"async\" class=\"alignnone size-full wp-image-5170\" src=\"https:\/\/moverdb.com\/wp-content\/uploads\/Gosselin-Azerbaijan-international-moving-company.png\" alt=\"Firma przeprowadzkowa Gosselin Azerbejd\u017can\" width=\"1440\" height=\"681\" data-wp-pid=\"5170\" srcset=\"https:\/\/moverdb.com\/wp-content\/uploads\/Gosselin-Azerbaijan-international-moving-company.png 1440w, https:\/\/moverdb.com\/wp-content\/uploads\/Gosselin-Azerbaijan-international-moving-company-300x142.png 300w, https:\/\/moverdb.com\/wp-content\/uploads\/Gosselin-Azerbaijan-international-moving-company-1024x484.png 1024w, https:\/\/moverdb.com\/wp-content\/uploads\/Gosselin-Azerbaijan-international-moving-company-18x9.png 18w, https:\/\/moverdb.com\/wp-content\/uploads\/Gosselin-Azerbaijan-international-moving-company-600x284.png 600w\" sizes=\"auto, (max-width: 1440px) 100vw, 1440px\" \/><\/em><\/p>\n<ul>\n<li>Przeprowadzki mi\u0119dzynarodowe<\/li>\n<li>Przeprowadzki domowe<\/li>\n<li>Ruch biurowy<\/li>\n<li>Pakowanie, transport i rozpakowanie<\/li>\n<li>Sztuki pi\u0119kne ruchome<\/li>\n<li>Przeprowadzka zwierz\u0105t<\/li>\n<li>Spedycja samochod\u00f3w<\/li>\n<li>Rozwi\u0105zania w zakresie przechowywania<\/li>\n<li>Nadbaga\u017c<\/li>\n<li>Us\u0142ugi w zakresie wystaw objazdowych<\/li>\n<\/ul>\n<p>Gosselin to firma przeprowadzkowa b\u0119d\u0105ca cz\u0119\u015bci\u0105 Grupy Gosselin, kt\u00f3ra zosta\u0142a za\u0142o\u017cona w 1930 roku w <a href=\"https:\/\/moverdb.com\/pl\/moving-to-belgium\/\" data-internallinksmanager029f6b8e52c=\"323\" title=\"Przeprowadzka do Belgii? Koszty \u017cycia i wskaz\u00f3wki dotycz\u0105ce przeprowadzki w 2023 r.\">Belgia<\/a> i dzia\u0142a w Azerbejd\u017canie od ponad 20 lat. Obs\u0142uguj\u0105 dyplomat\u00f3w, pracownik\u00f3w korporacji i prywatne gospodarstwa domowe przewo\u017c\u0105ce na skal\u0119 mi\u0119dzynarodow\u0105. S\u0105 cz\u0142onkami IAM z 23-letnim sta\u017cem.<\/p>\n<p>Gosselin oferuje us\u0142ugi dostosowane do potrzeb Twojej rodziny lub firmy z profesjonaln\u0105 us\u0142ug\u0105 pakowania, najwy\u017cszej klasy materia\u0142ami do pakowania i us\u0142ug\u0105 rozpakowywania. Zapewniaj\u0105 ubezpieczenie, przenoszenie sztuk pi\u0119knych, transport samochod\u00f3w i przenoszenie zwierz\u0105t domowych, kt\u00f3re posiada certyfikat Ipata. Mog\u0105 r\u00f3wnie\u017c zapewni\u0107 rozwi\u0105zania w zakresie przechowywania i us\u0142ugi spedycyjne, w tym nadbaga\u017c i wystawy objazdowe.<\/p>\n<p>Strona internetowa: <a href=\"https:\/\/gosselin-moving.com\/azerbaijan\" target=\"_blank\" rel=\"noopener\">https:\/\/gosselin-moving.com\/azerbaijan<\/a><\/p>\n<h2><span class=\"ez-toc-section\" id=\"5_Interdean_International_Relocations\"><\/span><strong>5. Mi\u0119dzynarodowe przemieszczenia Interdean<\/strong><span class=\"ez-toc-section-end\"><\/span><\/h2>\n<p><em><img loading=\"lazy\" decoding=\"async\" class=\"alignnone size-full wp-image-5175\" src=\"https:\/\/moverdb.com\/wp-content\/uploads\/Interdean-International-Relocations-international-moving-company.png\" alt=\"Interdean International Relocations firma zajmuj\u0105ca si\u0119 przeprowadzkami mi\u0119dzynarodowymi\" width=\"1440\" height=\"683\" data-wp-pid=\"5175\" srcset=\"https:\/\/moverdb.com\/wp-content\/uploads\/Interdean-International-Relocations-international-moving-company.png 1440w, https:\/\/moverdb.com\/wp-content\/uploads\/Interdean-International-Relocations-international-moving-company-300x142.png 300w, https:\/\/moverdb.com\/wp-content\/uploads\/Interdean-International-Relocations-international-moving-company-1024x486.png 1024w, https:\/\/moverdb.com\/wp-content\/uploads\/Interdean-International-Relocations-international-moving-company-18x9.png 18w, https:\/\/moverdb.com\/wp-content\/uploads\/Interdean-International-Relocations-international-moving-company-600x285.png 600w\" sizes=\"auto, (max-width: 1440px) 100vw, 1440px\" \/><\/em><\/p>\n<ul>\n<li>Przeprowadzki mi\u0119dzynarodowe<\/li>\n<li>Ruchy domowe<\/li>\n<li>Przeprowadzki firm<\/li>\n<li>Us\u0142uga relokacji<\/li>\n<li>Przygotowanie, spakowanie i rozpakowanie Twoich rzeczy<\/li>\n<li>Opcje transportu drogowego, morskiego i lotniczego<\/li>\n<li>Ubezpieczenie tranzytowe<\/li>\n<li>Wsparcie przy odprawie celnej<\/li>\n<li>Przechowywanie kr\u00f3tko- i d\u0142ugoterminowe<\/li>\n<li>Pomoc w znalezieniu domu lub wynajmu kr\u00f3tkoterminowego<\/li>\n<\/ul>\n<p>Interdean International Relocations to mi\u0119dzynarodowa firma zarz\u0105dzaj\u0105ca przeprowadzkami, kt\u00f3ra ma siedzib\u0119 w Baku, w Azerbejd\u017canie. Firma jest cz\u0142onkiem IAM i posiada 24-letni sta\u017c pracy oraz akredytacj\u0119 FIDI.<\/p>\n<p>Interdean International Relocations zapewnia specjalistyczne pud\u0142a zaprojektowane dla zawarto\u015bci, aby jak najlepiej j\u0105 chroni\u0107, oraz dostosowane do potrzeb skrzynie dla cennych lub delikatnych przedmiot\u00f3w. Dokonaj\u0105 oni pe\u0142nej inwentaryzacji Pa\u0144stwa mienia, rozpakuj\u0105 je i usun\u0105 wszystkie materia\u0142y opakowaniowe. Oferuj\u0105 transport drogowy, lotniczy i morski oraz pomagaj\u0105 w odprawie celnej. Oferuj\u0105 r\u00f3wnie\u017c r\u00f3\u017cne rozwi\u0105zania w zakresie magazynowania, od ma\u0142ych do du\u017cych ilo\u015bci, od kr\u00f3tkoterminowych do d\u0142ugoterminowych.<\/p>\n<p>Strona internetowa: <a href=\"http:\/\/www.interdean.com.az\" target=\"_blank\" rel=\"noopener\">http:\/\/www.interdean.com.az<\/a><\/p>","protected":false},"excerpt":{"rendered":"<p>Moving home can be stressful so getting someone to assist you in your move can help release the pressure. Whether you are moving within Azerbaijan, or moving to or from Azerbaijan, there are companies that can assist. We have compiled a list of removal companies below that are members of the International Association of Movers [&hellip;]<\/p>\n","protected":false},"author":4,"featured_media":0,"parent":190,"menu_order":0,"comment_status":"closed","ping_status":"closed","template":"","meta":{"_genesis_hide_title":false,"_genesis_hide_breadcrumbs":false,"_genesis_hide_singular_image":false,"_genesis_hide_footer_widgets":false,"_genesis_custom_body_class":"","_genesis_custom_post_class":"","_genesis_layout":"","footnotes":""},"class_list":{"0":"post-5224","1":"page","2":"type-page","3":"status-publish","5":"entry","6":"has-post-thumbnail"},"_links":{"self":[{"href":"https:\/\/moverdb.com\/pl\/wp-json\/wp\/v2\/pages\/5224","targetHints":{"allow":["GET"]}}],"collection":[{"href":"https:\/\/moverdb.com\/pl\/wp-json\/wp\/v2\/pages"}],"about":[{"href":"https:\/\/moverdb.com\/pl\/wp-json\/wp\/v2\/types\/page"}],"author":[{"embeddable":true,"href":"https:\/\/moverdb.com\/pl\/wp-json\/wp\/v2\/users\/4"}],"replies":[{"embeddable":true,"href":"https:\/\/moverdb.com\/pl\/wp-json\/wp\/v2\/comments?post=5224"}],"version-history":[{"count":2,"href":"https:\/\/moverdb.com\/pl\/wp-json\/wp\/v2\/pages\/5224\/revisions"}],"predecessor-version":[{"id":7595,"href":"https:\/\/moverdb.com\/pl\/wp-json\/wp\/v2\/pages\/5224\/revisions\/7595"}],"up":[{"embeddable":true,"href":"https:\/\/moverdb.com\/pl\/wp-json\/wp\/v2\/pages\/190"}],"wp:attachment":[{"href":"https:\/\/moverdb.com\/pl\/wp-json\/wp\/v2\/media?parent=5224"}],"curies":[{"name":"wp","href":"https:\/\/api.w.org\/{rel}","templated":true}]}}