{"id":4641,"date":"2022-09-20T19:45:42","date_gmt":"2022-09-20T19:45:42","guid":{"rendered":"https:\/\/moverdb.com\/?page_id=4641"},"modified":"2026-01-08T15:24:10","modified_gmt":"2026-01-08T15:24:10","slug":"algieria","status":"publish","type":"page","link":"https:\/\/moverdb.com\/pl\/moving-companies\/algeria\/","title":{"rendered":"3 Najlepsze firmy zajmuj\u0105ce si\u0119 przeprowadzkami mi\u0119dzynarodowymi w Algierii"},"content":{"rendered":"<p>Je\u015bli przeprowadzasz si\u0119 w Algierii lub chcesz si\u0119 przeprowadzi\u0107 do lub z Algierii, mo\u017cesz potrzebowa\u0107 <a href=\"https:\/\/moverdb.com\/pl\/moving-companies\/\" data-internallinksmanager029f6b8e52c=\"79\" title=\"25 najlepszych firm przeprowadzek mi\u0119dzynarodowych online\">przedsi\u0119biorstwo przeprowadzkowe<\/a> aby ci pom\u00f3c. Poni\u017cej znajduje si\u0119 lista tych, kt\u00f3rzy s\u0105 cz\u0142onkami <a href=\"https:\/\/moverdb.com\/pl\/iam\/\" data-internallinksmanager029f6b8e52c=\"23\" title=\"Mi\u0119dzynarodowe Stowarzyszenie Przewo\u017anik\u00f3w (IAM) - obja\u015bnienia\">Mi\u0119dzynarodowe Stowarzyszenie Przewo\u017anik\u00f3w<\/a> (IAM) i\/lub <a href=\"https:\/\/moverdb.com\/pl\/fidi-faim\/\" data-internallinksmanager029f6b8e52c=\"16\" title=\"FIDI i FAIM (FIDI Accredited International Mover) - obja\u015bnienia\">FIDI<\/a> Accredited International Mover (FAIM), kt\u00f3ra, mam nadziej\u0119, pomo\u017ce Ci.<\/p>\n<h2><strong>1. Intermovers Aim<\/strong><\/h2>\n<p><em><img loading=\"lazy\" decoding=\"async\" class=\"alignnone wp-image-4642 size-full\" src=\"https:\/\/moverdb.com\/wp-content\/uploads\/Aim-Intermovers-international-moving-company.png\" alt=\"Aim Intermovers firma zajmuj\u0105ca si\u0119 przeprowadzkami mi\u0119dzynarodowymi\" width=\"1440\" height=\"677\" data-wp-pid=\"4642\" srcset=\"https:\/\/moverdb.com\/wp-content\/uploads\/Aim-Intermovers-international-moving-company.png 1440w, https:\/\/moverdb.com\/wp-content\/uploads\/Aim-Intermovers-international-moving-company-300x141.png 300w, https:\/\/moverdb.com\/wp-content\/uploads\/Aim-Intermovers-international-moving-company-1024x481.png 1024w, https:\/\/moverdb.com\/wp-content\/uploads\/Aim-Intermovers-international-moving-company-18x8.png 18w, https:\/\/moverdb.com\/wp-content\/uploads\/Aim-Intermovers-international-moving-company-600x282.png 600w\" sizes=\"auto, (max-width: 1440px) 100vw, 1440px\" \/><\/em><\/p>\n<ul>\n<li>Zapewnia przeprowadzki krajowe w 48 wilajach Algierii oraz przeprowadzki mi\u0119dzynarodowe.<\/li>\n<li>Przeprowadzki biurowe<\/li>\n<li>Us\u0142uga archiwizacji<\/li>\n<li>Oferuje drogowy, morski i lotniczy transport rzeczy<\/li>\n<li>Profesjonalna ekipa przeprowadzek<\/li>\n<li>Dostarcza materia\u0142y do pakowania i kartony<\/li>\n<li>Zapewnia demonta\u017c i pakowanie mebli, a nast\u0119pnie ponowny monta\u017c<\/li>\n<li>B\u0119dzie z wyczuciem obchodzi\u0107 si\u0119 z towarami takimi jak dzie\u0142a sztuki<\/li>\n<li>Produkuj\u0105 r\u00f3wnie\u017c drewniane skrzynie i <a href=\"https:\/\/moverdb.com\/pl\/iata\/\" data-internallinksmanager029f6b8e52c=\"22\" title=\"Zrzeszenie Mi\u0119dzynarodowego Transportu Lotniczego (IATA) - obja\u015bnienia\">IATA<\/a> kartony<\/li>\n<li>Wizyta techniczna jest oferowana bez zobowi\u0105za\u0144<\/li>\n<\/ul>\n<p>Aim Intermovers jest algiersk\u0105 firm\u0105 przeprowadzkow\u0105, kt\u00f3ra oferuje us\u0142ugi na terenie ca\u0142ego kraju w 48 wilajach Algierii oraz przeprowadzki mi\u0119dzynarodowe. Zapewniaj\u0105 dzia\u0142 tranzytowy, kt\u00f3ry zarz\u0105dza wszystkimi ustaleniami dotycz\u0105cymi przeprowadzki, w tym wszelkimi wymogami dotycz\u0105cymi importu i eksportu. Firma jest cz\u0142onkiem IAM od 9 lat.<\/p>\n<p>Do klient\u00f3w Aim Intermovers nale\u017cy \u015bwiadczenie us\u0142ug przeprowadzkowych dla firm krajowych i mi\u0119dzynarodowych, firm zagranicznych, firm naftowych i ambasad. Oferuj\u0105 bezp\u0142atn\u0105 wycen\u0119 wraz z niezobowi\u0105zuj\u0105c\u0105 wizyt\u0105 techniczn\u0105. Zapewniaj\u0105 kompleksow\u0105 obs\u0142ug\u0119, kt\u00f3ra obejmuje dostarczenie materia\u0142\u00f3w opakowaniowych i kontener\u00f3w, a tak\u017ce us\u0142ugi pakowania i demonta\u017cu oraz ponownego monta\u017cu.<\/p>\n<p>Strona internetowa: <a href=\"http:\/\/www.aimintermovers.dz\" target=\"_blank\" rel=\"noopener\">http:\/\/www.aimintermovers.dz<\/a><\/p>\n<h2><strong>2. Algieria Spakuj i przenie\u015b<\/strong><\/h2>\n<p><em><img loading=\"lazy\" decoding=\"async\" class=\"alignnone size-full wp-image-4643\" src=\"https:\/\/moverdb.com\/wp-content\/uploads\/Algeria-Pack-and-Move-international-moving-company.png\" alt=\"Algieria Pack and Move firma zajmuj\u0105ca si\u0119 przeprowadzkami mi\u0119dzynarodowymi\" width=\"1440\" height=\"629\" data-wp-pid=\"4643\" srcset=\"https:\/\/moverdb.com\/wp-content\/uploads\/Algeria-Pack-and-Move-international-moving-company.png 1440w, https:\/\/moverdb.com\/wp-content\/uploads\/Algeria-Pack-and-Move-international-moving-company-300x131.png 300w, https:\/\/moverdb.com\/wp-content\/uploads\/Algeria-Pack-and-Move-international-moving-company-1024x447.png 1024w, https:\/\/moverdb.com\/wp-content\/uploads\/Algeria-Pack-and-Move-international-moving-company-18x8.png 18w, https:\/\/moverdb.com\/wp-content\/uploads\/Algeria-Pack-and-Move-international-moving-company-600x262.png 600w\" sizes=\"auto, (max-width: 1440px) 100vw, 1440px\" \/><\/em><\/p>\n<ul>\n<li>Ruchy krajowe na terenie Algierii<\/li>\n<li>Przeprowadzki mi\u0119dzynarodowe do i z Algierii<\/li>\n<li>Obs\u0142uguje przedsi\u0119biorstwa i w\u0142a\u015bcicieli dom\u00f3w<\/li>\n<li>Oferuje warstwowe pakiety us\u0142ug przeprowadzkowych<\/li>\n<li>Usuwanie, transport i dostawa<\/li>\n<li>Pakowanie i rozpakowywanie mebli<\/li>\n<li>Pakowanie i rozpakowywanie wszystkich efekt\u00f3w<\/li>\n<li>Demonta\u017c i ponowny monta\u017c mebli<\/li>\n<li>Zarz\u0105dzanie ca\u0142ym eksportem i importem<\/li>\n<li>S\u0105 cz\u0119\u015bci\u0105 mi\u0119dzynarodowej sieci firm przeprowadzkowych<\/li>\n<\/ul>\n<p>Firma Algeria Pack and Move znana r\u00f3wnie\u017c jako APM obs\u0142uguje firmy i w\u0142a\u015bcicieli dom\u00f3w, kt\u00f3rzy s\u0105 Algierczykami, ekspatriantami lub dyplomatami. Firma zosta\u0142a za\u0142o\u017cona w 2005 roku i jest cz\u0142onkiem IAM od 15 lat. Oferuje przeprowadzki mi\u0119dzynarodowe we wsp\u00f3\u0142pracy z sieci\u0105 partner\u00f3w na 7 kontynentach i zapewnia wsparcie administracyjne w zarz\u0105dzaniu przeprowadzk\u0105, w tym spedycj\u0119, obs\u0142ug\u0119 celn\u0105, <a href=\"https:\/\/moverdb.com\/pl\/top-49-container-ports\/\" data-internallinksmanager029f6b8e52c=\"80\" title=\"49 najwi\u0119kszych i najbardziej ruchliwych port\u00f3w kontenerowych w 2025 r.\">port<\/a> i formalno\u015bci na lotnisku.<\/p>\n<p>APM oferuje trzy poziomy us\u0142ug przeprowadzkowych - poziom 1 to przeprowadzka i transport, poziom 2 obejmuje r\u00f3wnie\u017c pakowanie i rozpakowywanie mebli, a poziom 3 dodatkowo pakowanie i rozpakowywanie wszystkich efekt\u00f3w. W razie potrzeby udost\u0119pniaj\u0105 r\u00f3wnie\u017c pomieszczenia magazynowe.<\/p>\n<p>Strona internetowa: <a href=\"http:\/\/www.algeriapm.com\" target=\"_blank\" rel=\"noopener\">http:\/\/www.algeriapm.com<\/a><\/p>\n<h2><strong>3. One Champion Removals<\/strong><\/h2>\n<p><em><img loading=\"lazy\" decoding=\"async\" class=\"alignnone size-full wp-image-4644\" src=\"https:\/\/moverdb.com\/wp-content\/uploads\/One-Champion-Removals-international-moving-company.png\" alt=\"One Champion Removals firma zajmuj\u0105ca si\u0119 przeprowadzkami mi\u0119dzynarodowymi\" width=\"1440\" height=\"683\" data-wp-pid=\"4644\" srcset=\"https:\/\/moverdb.com\/wp-content\/uploads\/One-Champion-Removals-international-moving-company.png 1440w, https:\/\/moverdb.com\/wp-content\/uploads\/One-Champion-Removals-international-moving-company-300x142.png 300w, https:\/\/moverdb.com\/wp-content\/uploads\/One-Champion-Removals-international-moving-company-1024x486.png 1024w, https:\/\/moverdb.com\/wp-content\/uploads\/One-Champion-Removals-international-moving-company-18x9.png 18w, https:\/\/moverdb.com\/wp-content\/uploads\/One-Champion-Removals-international-moving-company-600x285.png 600w\" sizes=\"auto, (max-width: 1440px) 100vw, 1440px\" \/><\/em><\/p>\n<ul>\n<li>Us\u0142ugi w zakresie przeprowadzek lokalnych i krajowych<\/li>\n<li>Us\u0142ugi mi\u0119dzynarodowe<\/li>\n<li>Transport drogowy, morski i lotniczy<\/li>\n<li>Pakowanie i rozpakowywanie<\/li>\n<li>Demonta\u017c i ponowny monta\u017c mebli<\/li>\n<li>Nadz\u00f3r nad s\u0142u\u017cb\u0105 celn\u0105<\/li>\n<li>W pe\u0142ni ubezpieczony, bezpieczny i pewny serwis<\/li>\n<li>Brak ukrytych koszt\u00f3w<\/li>\n<li>Oferuje zaplecze magazynowe<\/li>\n<li>Oferuje r\u00f3wnie\u017c us\u0142ug\u0119 relokacji w celu pomocy w znalezieniu nieruchomo\u015bci<\/li>\n<\/ul>\n<p>One Champion Removals jest firm\u0105 z siedzib\u0105 w Algierii. <a href=\"https:\/\/moverdb.com\/pl\/international-removals\/\" data-internallinksmanager029f6b8e52c=\"27\" title=\"36 najlepszych firm zajmuj\u0105cych si\u0119 przeprowadzkami mi\u0119dzynarodowymi w Wielkiej Brytanii\">przedsi\u0119biorstwo przeprowadzkowe<\/a> kt\u00f3ra jest cz\u0142onkiem IAM od 3 lat. Zapewniaj\u0105 oni kompetentny i do\u015bwiadczony zesp\u00f3\u0142, kt\u00f3ry mo\u017ce pom\u00f3c w przeprowadzce lokalnej, krajowej i mi\u0119dzynarodowej.<\/p>\n<p>One Champion Removals \u015bwiadczy us\u0142ugi przeprowadzkowe, kt\u00f3re mog\u0105 by\u0107 realizowane drog\u0105 l\u0105dow\u0105, morsk\u0105 i powietrzn\u0105, a ich zesp\u00f3\u0142 zajmie si\u0119 wszystkimi formalno\u015bciami, takimi jak wymogi celne. Zapewniaj\u0105 w pe\u0142ni ubezpieczon\u0105 us\u0142ug\u0119, kt\u00f3ra jest bezpieczna i pewna. Zapewniaj\u0105 r\u00f3wnie\u017c bezpieczne przechowywanie Twoich rzeczy i us\u0142ug\u0119 relokacji, aby pom\u00f3c w znalezieniu odpowiedniej nieruchomo\u015bci.<\/p>\n<p>Strona internetowa: <a href=\"http:\/\/www.championinternationalmoving.com\" target=\"_blank\" rel=\"noopener\">http:\/\/www.championinternationalmoving.com<\/a><\/p>","protected":false},"excerpt":{"rendered":"<p>If you are moving in Algeria, or are wanting to move to or from Algeria, you may need a moving company to assist you. Below is a list of those that are members of the International Association of Movers (IAM) and\/or FIDI Accredited International Mover (FAIM) which will hopefully help you. 1. Aim Intermovers Provides [&hellip;]<\/p>\n","protected":false},"author":4,"featured_media":0,"parent":190,"menu_order":0,"comment_status":"closed","ping_status":"closed","template":"","meta":{"_genesis_hide_title":false,"_genesis_hide_breadcrumbs":false,"_genesis_hide_singular_image":false,"_genesis_hide_footer_widgets":false,"_genesis_custom_body_class":"","_genesis_custom_post_class":"","_genesis_layout":"","footnotes":""},"class_list":{"0":"post-4641","1":"page","2":"type-page","3":"status-publish","5":"entry","6":"has-post-thumbnail"},"_links":{"self":[{"href":"https:\/\/moverdb.com\/pl\/wp-json\/wp\/v2\/pages\/4641","targetHints":{"allow":["GET"]}}],"collection":[{"href":"https:\/\/moverdb.com\/pl\/wp-json\/wp\/v2\/pages"}],"about":[{"href":"https:\/\/moverdb.com\/pl\/wp-json\/wp\/v2\/types\/page"}],"author":[{"embeddable":true,"href":"https:\/\/moverdb.com\/pl\/wp-json\/wp\/v2\/users\/4"}],"replies":[{"embeddable":true,"href":"https:\/\/moverdb.com\/pl\/wp-json\/wp\/v2\/comments?post=4641"}],"version-history":[{"count":3,"href":"https:\/\/moverdb.com\/pl\/wp-json\/wp\/v2\/pages\/4641\/revisions"}],"predecessor-version":[{"id":4653,"href":"https:\/\/moverdb.com\/pl\/wp-json\/wp\/v2\/pages\/4641\/revisions\/4653"}],"up":[{"embeddable":true,"href":"https:\/\/moverdb.com\/pl\/wp-json\/wp\/v2\/pages\/190"}],"wp:attachment":[{"href":"https:\/\/moverdb.com\/pl\/wp-json\/wp\/v2\/media?parent=4641"}],"curies":[{"name":"wp","href":"https:\/\/api.w.org\/{rel}","templated":true}]}}