{"id":4638,"date":"2022-09-17T00:29:40","date_gmt":"2022-09-17T00:29:40","guid":{"rendered":"https:\/\/moverdb.com\/?page_id=4638"},"modified":"2026-01-08T14:38:36","modified_gmt":"2026-01-08T14:38:36","slug":"malediwy","status":"publish","type":"page","link":"https:\/\/moverdb.com\/pl\/container-shipping\/maldives\/","title":{"rendered":"2026 Stawki za fracht morski w transporcie kontenerowym do i z Malediw\u00f3w"},"content":{"rendered":"<div class=\"wp-block-image\">\n<figure class=\"aligncenter size-full\"><img loading=\"lazy\" decoding=\"async\" width=\"1000\" height=\"667\" src=\"https:\/\/moverdb.com\/wp-content\/uploads\/maldives.jpg\" alt=\"Pi\u0119kna pla\u017ca na Malediwach\" class=\"wp-image-4586\" srcset=\"https:\/\/moverdb.com\/wp-content\/uploads\/maldives.jpg 1000w, https:\/\/moverdb.com\/wp-content\/uploads\/maldives-300x200.jpg 300w, https:\/\/moverdb.com\/wp-content\/uploads\/maldives-18x12.jpg 18w, https:\/\/moverdb.com\/wp-content\/uploads\/maldives-600x400.jpg 600w\" sizes=\"auto, (max-width: 1000px) 100vw, 1000px\" \/><\/figure>\n<\/div>\n\n\n<p>Kiedykolwiek wspomina si\u0119 o raju na ziemi, <strong>the <a href=\"https:\/\/moverdb.com\/pl\/moving-to-the-maldives\/\" data-internallinksmanager029f6b8e52c=\"387\" title=\"Przeprowadzka na Malediwy? Koszty \u017cycia i wskaz\u00f3wki dotycz\u0105ce relokacji w 2023 r.\">Malediwy<\/a><\/strong> automatycznie wprowadzi\u0107 zdanie. Ta po\u0142udniowoazjatycka wyspa jest prawdopodobnie najpopularniejszym miejscem letnich wakacji, znanym z krystalicznie czystej wody i pi\u0119knych bia\u0142ych pla\u017c.<\/p>\n\n\n\n<p>Poza naturalnym splendorem, Malediwy s\u0105 dobr\u0105 opcj\u0105 dla ka\u017cdego ekspata, kt\u00f3ry ceni sobie przyjazn\u0105 spo\u0142eczno\u015b\u0107, niskie koszty \u017cycia i mn\u00f3stwo okazji do zabawy. Malediwy sk\u0142adaj\u0105 si\u0119 z setek wysp, wi\u0119c zawsze jest co\u015b nowego do zobaczenia i do\u015bwiadczenia.<\/p>\n\n\n\n<p>Je\u015bli wi\u0119c Malediwy s\u0105 na Waszej li\u015bcie miejsc, kt\u00f3re mo\u017cna nazwa\u0107 domem, mo\u017cemy pom\u00f3c udzielaj\u0105c porad na temat <a href=\"https:\/\/moverdb.com\/pl\/moving-costs\/\" data-internallinksmanager029f6b8e52c=\"25\" title=\"Koszty przeprowadzki mi\u0119dzynarodowej: 9 rzeczy, kt\u00f3rych nie mo\u017cna zignorowa\u0107\">koszty przeprowadzki<\/a> do i z kraju.<\/p>\n\n\n\n<p>Poni\u017cej mo\u017cesz odkry\u0107 najni\u017csze Malediwy <a href=\"https:\/\/moverdb.com\/pl\/container-shipping\/\" data-internallinksmanager029f6b8e52c=\"3\" title=\"Wykres stawek mi\u0119dzynarodowego transportu kontenerowego: Kwiecie\u0144 2026 r.\">stawki za przew\u00f3z kontener\u00f3w<\/a> dla kontener\u00f3w morskich 20' i 40'. Mo\u017cesz z nich skorzysta\u0107, aby uzyska\u0107 szacunkowe dane na temat tego, ile mo\u017ce Ci\u0119 kosztowa\u0107 transport Twoich rzeczy do lub z kraju.<\/p>\n\n\n\n<p>Mo\u017cesz r\u00f3wnie\u017c skorzysta\u0107 z formularza wyceny znajduj\u0105cego si\u0119 powy\u017cej, aby uzyska\u0107 dok\u0142adniejsz\u0105 cen\u0119.<\/p>\n\n\n\n<h2 class=\"wp-block-heading\">Koszty wysy\u0142ki kontenera na Malediwy (Mal\u00e9)<\/h2>\n\n\n<div class=\"wp-block-image\">\n<figure class=\"aligncenter size-large\"><img loading=\"lazy\" decoding=\"async\" width=\"1024\" height=\"539\" src=\"https:\/\/moverdb.com\/wp-content\/uploads\/Shipping-Container-Costs-to-Maldives-1024x539.png\" alt=\"Koszty wysy\u0142ki kontenera na Malediwy\" class=\"wp-image-4595\" srcset=\"https:\/\/moverdb.com\/wp-content\/uploads\/Shipping-Container-Costs-to-Maldives-1024x539.png 1024w, https:\/\/moverdb.com\/wp-content\/uploads\/Shipping-Container-Costs-to-Maldives-300x158.png 300w, https:\/\/moverdb.com\/wp-content\/uploads\/Shipping-Container-Costs-to-Maldives-1536x809.png 1536w, https:\/\/moverdb.com\/wp-content\/uploads\/Shipping-Container-Costs-to-Maldives-18x9.png 18w, https:\/\/moverdb.com\/wp-content\/uploads\/Shipping-Container-Costs-to-Maldives-600x316.png 600w, https:\/\/moverdb.com\/wp-content\/uploads\/Shipping-Container-Costs-to-Maldives.png 2000w\" sizes=\"auto, (max-width: 1024px) 100vw, 1024px\" \/><\/figure>\n<\/div>\n\n\n<table id=\"tablepress-167\" class=\"tablepress tablepress-id-167\">\n<thead>\n<tr class=\"row-1\">\n\t<th class=\"column-1\">Kraj docelowy (<a href=\"https:\/\/moverdb.com\/pl\/top-49-container-ports\/\" data-internallinksmanager029f6b8e52c=\"80\" title=\"49 najwi\u0119kszych i najbardziej ruchliwych port\u00f3w kontenerowych w 2025 r.\">Port<\/a>\/miasto).<\/th><th class=\"column-2\">20FT<\/th><th class=\"column-3\">40FT<\/th>\n<\/tr>\n<\/thead>\n<tbody class=\"row-striping row-hover\">\n<tr class=\"row-2\">\n\t<td class=\"column-1\"><a href=\"https:\/\/moverdb.com\/pl\/container-shipping\/andorra\/\" data-internallinksmanager029f6b8e52c=\"88\" title=\"2026 Stawki za wysy\u0142k\u0119 kontener\u00f3w frachtem morskim do i z Andory\">Andora (Andorra la Vella)<\/a><\/td><td class=\"column-2\">$4,396<\/td><td class=\"column-3\">$8.053<\/td>\n<\/tr>\n<tr class=\"row-3\">\n\t<td class=\"column-1\"><a href=\"https:\/\/moverdb.com\/pl\/container-shipping\/antigua-and-barbuda\/\" data-internallinksmanager029f6b8e52c=\"92\" title=\"2026 Stawki za wysy\u0142k\u0119 kontener\u00f3w frachtem morskim do i z Antigui i Barbudy\">Antigua i Barbuda (St John's)<\/a><\/td><td class=\"column-2\">$1.825<\/td><td class=\"column-3\">N\/A<\/td>\n<\/tr>\n<tr class=\"row-4\">\n\t<td class=\"column-1\"><a href=\"https:\/\/moverdb.com\/pl\/container-shipping\/argentina\/\" data-internallinksmanager029f6b8e52c=\"91\" title=\"2026 Stawki za wysy\u0142k\u0119 kontener\u00f3w frachtem morskim do i z Argentyny\">Argentyna (Buenos Aires)<\/a><\/td><td class=\"column-2\">$2.845<\/td><td class=\"column-3\">N\/A<\/td>\n<\/tr>\n<tr class=\"row-5\">\n\t<td class=\"column-1\"><a href=\"https:\/\/moverdb.com\/pl\/container-shipping\/aruba\/\" data-internallinksmanager029f6b8e52c=\"90\" title=\"2026 Stawki za wysy\u0142k\u0119 kontener\u00f3w frachtem morskim na Arub\u0119 i z powrotem\">Aruba (Oranjestad)<\/a><\/td><td class=\"column-2\">$2.845<\/td><td class=\"column-3\">N\/A<\/td>\n<\/tr>\n<tr class=\"row-6\">\n\t<td class=\"column-1\"><a href=\"https:\/\/moverdb.com\/pl\/container-shipping\/australia\/\" data-internallinksmanager029f6b8e52c=\"89\" title=\"Stawki transportu kontenerowego do i z Australii w 2026 r.\">Australia (Sydney)<\/a><\/td><td class=\"column-2\">$1.561<\/td><td class=\"column-3\">$2.083<\/td>\n<\/tr>\n<tr class=\"row-7\">\n\t<td class=\"column-1\"><a href=\"https:\/\/moverdb.com\/pl\/container-shipping\/austria\/\" data-internallinksmanager029f6b8e52c=\"95\" title=\"2023 Ceny wysy\u0142ki kontener\u00f3w frachtem morskim do i z Austrii\">Austria (Wiede\u0144)<\/a><\/td><td class=\"column-2\">$4,641<\/td><td class=\"column-3\">N\/A<\/td>\n<\/tr>\n<tr class=\"row-8\">\n\t<td class=\"column-1\"><a href=\"https:\/\/moverdb.com\/pl\/container-shipping\/bangladesh\/\" data-internallinksmanager029f6b8e52c=\"97\" title=\"2026 Stawki za wysy\u0142k\u0119 kontener\u00f3w frachtu morskiego do i z Bangladeszu\">Bangladesz (Chittagong)<\/a><\/td><td class=\"column-2\">$110<\/td><td class=\"column-3\">N\/A<\/td>\n<\/tr>\n<tr class=\"row-9\">\n\t<td class=\"column-1\"><a href=\"https:\/\/moverdb.com\/pl\/container-shipping\/belgium\/\" data-internallinksmanager029f6b8e52c=\"86\" title=\"2023 Ceny wysy\u0142ki kontener\u00f3w frachtem morskim do i z Belgii\">Belgia (Antwerpia)<\/a><\/td><td class=\"column-2\">$2.947<\/td><td class=\"column-3\">$3.980<\/td>\n<\/tr>\n<tr class=\"row-10\">\n\t<td class=\"column-1\"><a href=\"https:\/\/moverdb.com\/pl\/container-shipping\/brazil\/\" data-internallinksmanager029f6b8e52c=\"98\" title=\"2023 Ceny frachtu morskiego kontener\u00f3w do i z Brazylii\">Brazylia (Santos)<\/a><\/td><td class=\"column-2\">$3.267<\/td><td class=\"column-3\">$4,305<\/td>\n<\/tr>\n<tr class=\"row-11\">\n\t<td class=\"column-1\"><a href=\"https:\/\/moverdb.com\/pl\/container-shipping\/china\/\" data-internallinksmanager029f6b8e52c=\"105\" title=\"2026 Stawki za fracht morski w kontenerach do i z Chin\">Chiny (Pekin)<\/a><\/td><td class=\"column-2\">$2,640<\/td><td class=\"column-3\">$4,624<\/td>\n<\/tr>\n<tr class=\"row-12\">\n\t<td class=\"column-1\">Chiny (Szanghaj)<\/td><td class=\"column-2\">$2.237<\/td><td class=\"column-3\">$3,416<\/td>\n<\/tr>\n<tr class=\"row-13\">\n\t<td class=\"column-1\"><a href=\"https:\/\/moverdb.com\/pl\/container-shipping\/croatia\/\" data-internallinksmanager029f6b8e52c=\"107\" title=\"2026 Stawki za fracht morski w transporcie kontenerowym do i z Chorwacji\">Chorwacja (Rijeka)<\/a><\/td><td class=\"column-2\">$2.673<\/td><td class=\"column-3\">$3.574<\/td>\n<\/tr>\n<tr class=\"row-14\">\n\t<td class=\"column-1\"><a href=\"https:\/\/moverdb.com\/pl\/container-shipping\/egypt\/\" data-internallinksmanager029f6b8e52c=\"113\" title=\"2026 Stawki za fracht morski do i z Egiptu\">Egipt (Aleksandria)<\/a><\/td><td class=\"column-2\">$1.914<\/td><td class=\"column-3\">$3.371<\/td>\n<\/tr>\n<tr class=\"row-15\">\n\t<td class=\"column-1\"><a href=\"https:\/\/moverdb.com\/pl\/container-shipping\/estonia\/\" data-internallinksmanager029f6b8e52c=\"114\" title=\"2026 Stawki za fracht morski w transporcie kontenerowym do i z Estonii\">Estonia (Tallinn)<\/a><\/td><td class=\"column-2\">$2,728<\/td><td class=\"column-3\">$4,767<\/td>\n<\/tr>\n<tr class=\"row-16\">\n\t<td class=\"column-1\"><a href=\"https:\/\/moverdb.com\/pl\/container-shipping\/finland\/\" data-internallinksmanager029f6b8e52c=\"115\" title=\"2026 Stawki za fracht morski w transporcie kontenerowym do i z Finlandii\">Finlandia (Helsinki)<\/a><\/td><td class=\"column-2\">$2,728<\/td><td class=\"column-3\">$4,767<\/td>\n<\/tr>\n<tr class=\"row-17\">\n\t<td class=\"column-1\"><a href=\"https:\/\/moverdb.com\/pl\/container-shipping\/germany\/\" data-internallinksmanager029f6b8e52c=\"118\" title=\"2026 Stawki za fracht morski w kontenerach do i z Niemiec\">Niemcy (Hamburg)<\/a><\/td><td class=\"column-2\">$1.958<\/td><td class=\"column-3\">$4.022<\/td>\n<\/tr>\n<tr class=\"row-18\">\n\t<td class=\"column-1\"><a href=\"https:\/\/moverdb.com\/pl\/container-shipping\/greece\/\" data-internallinksmanager029f6b8e52c=\"120\" title=\"2026 Stawki za fracht morski w transporcie kontenerowym do i z Grecji\">Grecja (Pireus)<\/a><\/td><td class=\"column-2\">$2,332<\/td><td class=\"column-3\">$3.633<\/td>\n<\/tr>\n<tr class=\"row-19\">\n\t<td class=\"column-1\"><a href=\"https:\/\/moverdb.com\/pl\/container-shipping\/guernsey\/\" data-internallinksmanager029f6b8e52c=\"121\" title=\"2026 Stawki za fracht morski w transporcie kontenerowym do i z Guernsey\">Guernsey (St Peter Port)<\/a><\/td><td class=\"column-2\">$1,628<\/td><td class=\"column-3\">$3.812<\/td>\n<\/tr>\n<tr class=\"row-20\">\n\t<td class=\"column-1\"><a href=\"https:\/\/moverdb.com\/pl\/container-shipping\/haiti\/\" data-internallinksmanager029f6b8e52c=\"122\" title=\"2026 Stawki za fracht morski w transporcie kontenerowym do i z Haiti\">Haiti (Port-au-Prince)<\/a><\/td><td class=\"column-2\">$2,347<\/td><td class=\"column-3\">$3.889<\/td>\n<\/tr>\n<tr class=\"row-21\">\n\t<td class=\"column-1\"><a href=\"https:\/\/moverdb.com\/pl\/container-shipping\/india\/\" data-internallinksmanager029f6b8e52c=\"125\" title=\"2026 Stawki za fracht morski w kontenerze do i z Indii\">Indie (Mumbai)<\/a><\/td><td class=\"column-2\">$2,145<\/td><td class=\"column-3\">$3.990<\/td>\n<\/tr>\n<tr class=\"row-22\">\n\t<td class=\"column-1\"><a href=\"https:\/\/moverdb.com\/pl\/container-shipping\/indonesia\/\" data-internallinksmanager029f6b8e52c=\"126\" title=\"2022 Fracht morski w kontenerze - stawki do i z Indonezji\">Indonezja (D\u017cakarta)<\/a><\/td><td class=\"column-2\">$2.860<\/td><td class=\"column-3\">$5,040<\/td>\n<\/tr>\n<tr class=\"row-23\">\n\t<td class=\"column-1\"><a href=\"https:\/\/moverdb.com\/pl\/container-shipping\/italy\/\" data-internallinksmanager029f6b8e52c=\"130\" title=\"2026 Stawki za fracht morski w kontenerze do i z W\u0142och\">W\u0142ochy (Triest)<\/a><\/td><td class=\"column-2\">$2.673<\/td><td class=\"column-3\">$3.574<\/td>\n<\/tr>\n<tr class=\"row-24\">\n\t<td class=\"column-1\"><a href=\"https:\/\/moverdb.com\/pl\/container-shipping\/japan\/\" data-internallinksmanager029f6b8e52c=\"131\" title=\"2022 Fracht morski w kontenerze - stawki do i z Japonii\">Japonia (Tokio)<\/a><\/td><td class=\"column-2\">$2.805<\/td><td class=\"column-3\">$4,778<\/td>\n<\/tr>\n<tr class=\"row-25\">\n\t<td class=\"column-1\"><a href=\"https:\/\/moverdb.com\/pl\/container-shipping\/jersey\/\" data-internallinksmanager029f6b8e52c=\"132\" title=\"2026 Stawki za fracht morski w transporcie kontenerowym do i z Jersey\">Jersey (St Helier)<\/a><\/td><td class=\"column-2\">$1,628<\/td><td class=\"column-3\">$3.812<\/td>\n<\/tr>\n<tr class=\"row-26\">\n\t<td class=\"column-1\"><a href=\"https:\/\/moverdb.com\/pl\/container-shipping\/kenya\/\" data-internallinksmanager029f6b8e52c=\"134\" title=\"2026 Stawki za fracht morski w kontenerze do i z Kenii\">Kenia (Mombasa)<\/a><\/td><td class=\"column-2\">$1,532<\/td><td class=\"column-3\">$2.722<\/td>\n<\/tr>\n<tr class=\"row-27\">\n\t<td class=\"column-1\"><a href=\"https:\/\/moverdb.com\/pl\/container-shipping\/kuwait\/\" data-internallinksmanager029f6b8e52c=\"135\" title=\"2026 Stawki za fracht morski w kontenerze do i z Kuwejtu\">Kuwejt (Shuwaikh)<\/a><\/td><td class=\"column-2\">$1.500<\/td><td class=\"column-3\">$2.400<\/td>\n<\/tr>\n<tr class=\"row-28\">\n\t<td class=\"column-1\"><a href=\"https:\/\/moverdb.com\/pl\/container-shipping\/latvia\/\" data-internallinksmanager029f6b8e52c=\"136\" title=\"2026 Stawki za fracht morski w transporcie kontenerowym do i z \u0141otwy\">\u0141otwa (Ryga)<\/a><\/td><td class=\"column-2\">$2,728<\/td><td class=\"column-3\">$4,904<\/td>\n<\/tr>\n<tr class=\"row-29\">\n\t<td class=\"column-1\"><a href=\"https:\/\/moverdb.com\/pl\/container-shipping\/liechtenstein\/\" data-internallinksmanager029f6b8e52c=\"144\" title=\"2026 Stawki za fracht morski w transporcie kontenerowym do i z Liechtensteinu\">Liechtenstein (Vaduz)<\/a><\/td><td class=\"column-2\">$2.673<\/td><td class=\"column-3\">$4.029<\/td>\n<\/tr>\n<tr class=\"row-30\">\n\t<td class=\"column-1\"><a href=\"https:\/\/moverdb.com\/pl\/container-shipping\/lithuania\/\" data-internallinksmanager029f6b8e52c=\"145\" title=\"2026 Stawki za fracht morski w transporcie kontenerowym do i z Litwy\">Litwa (K\u0142ajpeda)<\/a><\/td><td class=\"column-2\">$2.552<\/td><td class=\"column-3\">$4,904<\/td>\n<\/tr>\n<tr class=\"row-31\">\n\t<td class=\"column-1\"><a href=\"https:\/\/moverdb.com\/pl\/moving-to-luxembourg\/\" data-internallinksmanager029f6b8e52c=\"349\" title=\"Przeprowadzka do Luksemburga? 2026 Koszty \u017cycia i wskaz\u00f3wki dotycz\u0105ce przeprowadzki\">Luksemburg<\/a><\/td><td class=\"column-2\">$2.081<\/td><td class=\"column-3\">$3 609<\/td>\n<\/tr>\n<tr class=\"row-32\">\n\t<td class=\"column-1\"><a href=\"https:\/\/moverdb.com\/pl\/container-shipping\/malaysia\/\" data-internallinksmanager029f6b8e52c=\"148\" title=\"2022 Fracht morski w kontenerze - stawki do i z Malezji\">Malezja (Port Kelang)<\/a><\/td><td class=\"column-2\">$3.658<\/td><td class=\"column-3\">$7,182<\/td>\n<\/tr>\n<tr class=\"row-33\">\n\t<td class=\"column-1\"><a href=\"https:\/\/moverdb.com\/pl\/container-shipping\/pakistan\/\" data-internallinksmanager029f6b8e52c=\"155\" title=\"2022 Fracht morski w kontenerze Rates To &amp; From Pakistan\">Pakistan (Karaczi)<\/a><\/td><td class=\"column-2\">$2,420<\/td><td class=\"column-3\">$4,320<\/td>\n<\/tr>\n<tr class=\"row-34\">\n\t<td class=\"column-1\"><a href=\"https:\/\/moverdb.com\/pl\/container-shipping\/thailand\/\" data-internallinksmanager029f6b8e52c=\"189\" title=\"2026 Stawki za fracht morski w kontenerze do i z Tajlandii\">Tajlandia (Laem Chabang)<\/a><\/td><td class=\"column-2\">$3,415<\/td><td class=\"column-3\">$6,435<\/td>\n<\/tr>\n<tr class=\"row-35\">\n\t<td class=\"column-1\"><a href=\"https:\/\/moverdb.com\/pl\/container-shipping\/united-arab-emirates\/\" data-internallinksmanager029f6b8e52c=\"188\" title=\"Stawki transportu kontenerowego do i ze Zjednoczonych Emirat\u00f3w Arabskich w 2026 r.\">ZEA (Jebel Ali)<\/a><\/td><td class=\"column-2\">$1.870<\/td><td class=\"column-3\">$2.077<\/td>\n<\/tr>\n<tr class=\"row-36\">\n\t<td class=\"column-1\"><a href=\"https:\/\/moverdb.com\/pl\/moving-to-the-united-states\/\" data-internallinksmanager029f6b8e52c=\"94\" title=\"Przeprowadzasz si\u0119 do Stan\u00f3w Zjednoczonych? 2026 Koszty \u017cycia i wskaz\u00f3wki dotycz\u0105ce przeprowadzki\">USA<\/a> (<a href=\"https:\/\/moverdb.com\/pl\/moving-to-los-angeles\/\" data-internallinksmanager029f6b8e52c=\"51\" title=\"Przeprowadzka do Los Angeles? Koszty utrzymania i wskaz\u00f3wki dotycz\u0105ce relokacji w Los Angeles w 2026 roku\">Los Angeles<\/a>)<\/td><td class=\"column-2\">$2,730<\/td><td class=\"column-3\">$3.666<\/td>\n<\/tr>\n<tr class=\"row-37\">\n\t<td class=\"column-1\"><a href=\"https:\/\/moverdb.com\/pl\/container-shipping\/united-states\/\" data-internallinksmanager029f6b8e52c=\"87\" title=\"2026 Stawki za wysy\u0142k\u0119 kontener\u00f3w frachtem morskim do i z USA\">USA (Nowy Jork)<\/a><\/td><td class=\"column-2\">$3.557<\/td><td class=\"column-3\">$4,680<\/td>\n<\/tr>\n<\/tbody>\n<\/table>\n<!-- #tablepress-167 from cache -->\n\n\n\n<h2 class=\"wp-block-heading\">Koszty kontener\u00f3w transportowych z Malediw\u00f3w (Mal\u00e9)<\/h2>\n\n\n<div class=\"wp-block-image\">\n<figure class=\"aligncenter size-large\"><img loading=\"lazy\" decoding=\"async\" width=\"1024\" height=\"539\" src=\"https:\/\/moverdb.com\/wp-content\/uploads\/Shipping-Container-Costs-from-Maldives-1024x539.png\" alt=\"Koszty kontener\u00f3w transportowych z Malediw\u00f3w\" class=\"wp-image-4591\" srcset=\"https:\/\/moverdb.com\/wp-content\/uploads\/Shipping-Container-Costs-from-Maldives-1024x539.png 1024w, https:\/\/moverdb.com\/wp-content\/uploads\/Shipping-Container-Costs-from-Maldives-300x158.png 300w, https:\/\/moverdb.com\/wp-content\/uploads\/Shipping-Container-Costs-from-Maldives-1536x809.png 1536w, https:\/\/moverdb.com\/wp-content\/uploads\/Shipping-Container-Costs-from-Maldives-18x9.png 18w, https:\/\/moverdb.com\/wp-content\/uploads\/Shipping-Container-Costs-from-Maldives-600x316.png 600w, https:\/\/moverdb.com\/wp-content\/uploads\/Shipping-Container-Costs-from-Maldives.png 2000w\" sizes=\"auto, (max-width: 1024px) 100vw, 1024px\" \/><\/figure>\n<\/div>\n\n\n<table id=\"tablepress-160\" class=\"tablepress tablepress-id-160\">\n<thead>\n<tr class=\"row-1\">\n\t<th class=\"column-1\">Kraj docelowy (port\/miasto)<\/th><th class=\"column-2\">20FT<\/th><th class=\"column-3\">40FT<\/th>\n<\/tr>\n<\/thead>\n<tbody class=\"row-striping row-hover\">\n<tr class=\"row-2\">\n\t<td class=\"column-1\">Andora (Andorra la Vella)<\/td><td class=\"column-2\">$9.863<\/td><td class=\"column-3\">$13.934<\/td>\n<\/tr>\n<tr class=\"row-3\">\n\t<td class=\"column-1\">Antigua i Barbuda (St John's)<\/td><td class=\"column-2\">$10,171<\/td><td class=\"column-3\">N\/A<\/td>\n<\/tr>\n<tr class=\"row-4\">\n\t<td class=\"column-1\">Argentyna (Buenos Aires)<\/td><td class=\"column-2\">N\/A<\/td><td class=\"column-3\">$12.406<\/td>\n<\/tr>\n<tr class=\"row-5\">\n\t<td class=\"column-1\">Aruba (Oranjestad)<\/td><td class=\"column-2\">N\/A<\/td><td class=\"column-3\">$12.406<\/td>\n<\/tr>\n<tr class=\"row-6\">\n\t<td class=\"column-1\">Australia (Sydney)<\/td><td class=\"column-2\">$1.561<\/td><td class=\"column-3\">$2.083<\/td>\n<\/tr>\n<tr class=\"row-7\">\n\t<td class=\"column-1\">Austria (Wiede\u0144)<\/td><td class=\"column-2\">N\/A<\/td><td class=\"column-3\">$9,192<\/td>\n<\/tr>\n<tr class=\"row-8\">\n\t<td class=\"column-1\"><a href=\"https:\/\/moverdb.com\/pl\/moving-to-canada\/\" data-internallinksmanager029f6b8e52c=\"265\" title=\"Przeprowadzka do Kanady? 2026 Koszty utrzymania i wskaz\u00f3wki dotycz\u0105ce przeprowadzki\">Kanada<\/a> (<a href=\"https:\/\/moverdb.com\/pl\/moving-to-canada\/moving-to-vancouver\/\" data-internallinksmanager029f6b8e52c=\"438\" title=\"Przeprowadzka do Vancouver? Koszty \u017cycia i wskaz\u00f3wki dotycz\u0105ce przeprowadzki w 2023 roku\">Vancouver<\/a>)<\/td><td class=\"column-2\">$9.950<\/td><td class=\"column-3\">$13.090<\/td>\n<\/tr>\n<tr class=\"row-9\">\n\t<td class=\"column-1\">Chorwacja (Rijeka)<\/td><td class=\"column-2\">$2.778<\/td><td class=\"column-3\">$3.439<\/td>\n<\/tr>\n<tr class=\"row-10\">\n\t<td class=\"column-1\">Indie (Mumbai)<\/td><td class=\"column-2\">$968<\/td><td class=\"column-3\">$1,533<\/td>\n<\/tr>\n<tr class=\"row-11\">\n\t<td class=\"column-1\">W\u0142ochy (Triest)<\/td><td class=\"column-2\">$2.778<\/td><td class=\"column-3\">$3.439<\/td>\n<\/tr>\n<\/tbody>\n<\/table>\n<!-- #tablepress-160 from cache -->\n\n\n\n<h3 class=\"wp-block-heading\">Uwagi dotycz\u0105ce danych:<\/h3>\n\n\n\n<ul class=\"wp-block-list\"><li>Wszystkie warto\u015bci $ podano w dolarach ameryka\u0144skich (USD);<\/li><li>Stawki s\u0105 aktualne na pocz\u0105tku 2022 r;<\/li><li>Mapy przedstawione w tym artykule zosta\u0142y utworzone przy u\u017cyciu <a href=\"https:\/\/www.mapchart.net\" target=\"_blank\" rel=\"noreferrer noopener\">https:\/\/www.mapchart.net<\/a>. Mapy mo\u017cna dowolnie udost\u0119pnia\u0107, pod warunkiem zamieszczenia odno\u015bnika do strony <a href=\"https:\/\/moverdb.com\/pl\/\" target=\"_blank\" rel=\"noreferrer noopener\">MoverDB<\/a>;<\/li><li>Powy\u017csze stawki s\u0105 jedynie szacunkowe i mog\u0105 ulec zmianie od czasu opublikowania tego artyku\u0142u (kwiecie\u0144 2022). Opieraj\u0105 si\u0119 one na najni\u017cszej szacunkowej stawce z <a href=\"https:\/\/www.searates.com\" target=\"_blank\" rel=\"noreferrer noopener\">https:\/\/www.searates.com<\/a> lub . <a href=\"https:\/\/www.gocomet.com\/freight-shipping-rates-index-calculator\" target=\"_blank\" rel=\"noreferrer noopener\">https:\/\/www.gocomet.com<\/a>;<\/li><li>Aby uzyska\u0107 dok\u0142adniejsze informacje na temat koszt\u00f3w, nale\u017cy skorzysta\u0107 z formularza wyceny znajduj\u0105cego si\u0119 na g\u00f3rze tej strony;<\/li><li>Zapoznaj si\u0119 r\u00f3wnie\u017c z naszym przewodnikiem po <a href=\"https:\/\/moverdb.com\/pl\/przeladunek-w-kontenerach\/\" target=\"_blank\" rel=\"noreferrer noopener\">mi\u0119dzynarodowa \u017cegluga kontenerowa<\/a>.<\/li><\/ul>","protected":false},"excerpt":{"rendered":"<p>Whenever paradise on Earth is mentioned, the Maldives automatically enter the sentence. This South Asian island is probably the most popular summer vacation spot, known for its crystal clear waters and beautiful white beaches. Aside from the natural splendor, the Maldives are a decent option for every expat who values a friendly community, a low [&hellip;]<\/p>\n","protected":false},"author":2,"featured_media":4586,"parent":44,"menu_order":0,"comment_status":"closed","ping_status":"closed","template":"","meta":{"_genesis_hide_title":false,"_genesis_hide_breadcrumbs":false,"_genesis_hide_singular_image":false,"_genesis_hide_footer_widgets":false,"_genesis_custom_body_class":"","_genesis_custom_post_class":"","_genesis_layout":"","footnotes":""},"class_list":{"0":"post-4638","1":"page","2":"type-page","3":"status-publish","4":"has-post-thumbnail","6":"entry"},"_links":{"self":[{"href":"https:\/\/moverdb.com\/pl\/wp-json\/wp\/v2\/pages\/4638","targetHints":{"allow":["GET"]}}],"collection":[{"href":"https:\/\/moverdb.com\/pl\/wp-json\/wp\/v2\/pages"}],"about":[{"href":"https:\/\/moverdb.com\/pl\/wp-json\/wp\/v2\/types\/page"}],"author":[{"embeddable":true,"href":"https:\/\/moverdb.com\/pl\/wp-json\/wp\/v2\/users\/2"}],"replies":[{"embeddable":true,"href":"https:\/\/moverdb.com\/pl\/wp-json\/wp\/v2\/comments?post=4638"}],"version-history":[{"count":1,"href":"https:\/\/moverdb.com\/pl\/wp-json\/wp\/v2\/pages\/4638\/revisions"}],"predecessor-version":[{"id":4639,"href":"https:\/\/moverdb.com\/pl\/wp-json\/wp\/v2\/pages\/4638\/revisions\/4639"}],"up":[{"embeddable":true,"href":"https:\/\/moverdb.com\/pl\/wp-json\/wp\/v2\/pages\/44"}],"wp:featuredmedia":[{"embeddable":true,"href":"https:\/\/moverdb.com\/pl\/wp-json\/wp\/v2\/media\/4586"}],"wp:attachment":[{"href":"https:\/\/moverdb.com\/pl\/wp-json\/wp\/v2\/media?parent=4638"}],"curies":[{"name":"wp","href":"https:\/\/api.w.org\/{rel}","templated":true}]}}