{"id":453,"date":"2016-07-03T20:16:06","date_gmt":"2016-07-03T20:16:06","guid":{"rendered":"http:\/\/moverdb.com\/?page_id=453"},"modified":"2026-01-08T15:20:54","modified_gmt":"2026-01-08T15:20:54","slug":"miedzynarodowa-izba-przeladunkowa","status":"publish","type":"page","link":"https:\/\/moverdb.com\/pl\/international-chamber-shipping\/","title":{"rendered":"Wyja\u015bnienie dzia\u0142ania Mi\u0119dzynarodowej Izby \u017beglugi (ICS)"},"content":{"rendered":"<p>Mi\u0119dzynarodowa Izba \u017beglugi (ICS) jest stowarzyszeniem handlowym, kt\u00f3re reprezentuje w\u0142a\u015bcicieli i operator\u00f3w statk\u00f3w za po\u015brednictwem krajowych stowarzysze\u0144 armator\u00f3w. <\/p>\n<p>Jego celem jest promowanie interes\u00f3w cz\u0142onk\u00f3w we wszystkich kwestiach zwi\u0105zanych z eksploatacj\u0105 statk\u00f3w oraz polityk\u0105 \u017ceglugow\u0105.<\/p>\n<p><strong>Najwa\u017cniejsze fakty o Mi\u0119dzynarodowej Izbie \u017beglugi:<\/strong><\/p>\n<ul>\n<li>  Cz\u0142onek MKS <a href=\"https:\/\/moverdb.com\/pl\/firmy-spedycyjne\/\">przedsi\u0119biorstwa \u017ceglugowe<\/a> obs\u0142uguje ponad 80% \u015bwiatowego tona\u017cu handlowego.<\/li>\n<li>  Cz\u0142onkami ICS s\u0105 krajowe stowarzyszenia armator\u00f3w z Azji, Europy i obu Ameryk.<\/li>\n<li>  ICS zosta\u0142a za\u0142o\u017cona w 1921 r.<\/li>\n<li>  ICS ma 36 cz\u0142onk\u00f3w i 11 cz\u0142onk\u00f3w stowarzyszonych.<\/li>\n<li>  ICS ma siedzib\u0119 w <a href=\"https:\/\/moverdb.com\/pl\/moving-to-london\/\">Londyn<\/a>.<\/li>\n<li>  System ICS jest wyj\u0105tkowy, poniewa\u017c w przeciwie\u0144stwie do innych <a href=\"https:\/\/moverdb.com\/pl\/container-shipping\/\" data-internallinksmanager029f6b8e52c=\"3\" title=\"Wykres stawek mi\u0119dzynarodowego transportu kontenerowego: Maj 2026\">wysy\u0142ka mi\u0119dzynarodowa<\/a> Stowarzyszenia bran\u017cowe reprezentuj\u0105 globalne interesy wszystkich bran\u017c w tej bran\u017cy, od operator\u00f3w statk\u00f3w pasa\u017cerskich po operator\u00f3w tankowc\u00f3w.<\/li>\n<li>  ICS jest organem doradczym przy <a href=\"https:\/\/moverdb.com\/pl\/international-maritime-organisation\/\" data-internallinksmanager029f6b8e52c=\"24\" title=\"Mi\u0119dzynarodowa Organizacja Morska (IMO) - obja\u015bnienia\">Mi\u0119dzynarodowa Organizacja Morska<\/a>Agencja Narod\u00f3w Zjednoczonych odpowiedzialna za bezpiecze\u0144stwo \u017cycia na morzu i ochron\u0119 \u015brodowiska morskiego.<\/li>\n<li>  ICS zajmuje si\u0119 kwestiami regulacyjnymi, operacyjnymi i prawnymi zwi\u0105zanymi z przemys\u0142em \u017ceglugowym.<\/li>\n<\/ul>\n<p><strong>Profil ICS:<\/strong><\/p>\n<p>ICS zapewnia swoim cz\u0142onkom reprezentacj\u0119 w r\u00f3\u017cnych mi\u0119dzyrz\u0105dowych organach regulacyjnych, kt\u00f3re maj\u0105 wp\u0142yw na \u017ceglug\u0119, w tym w Mi\u0119dzynarodowej Organizacji Morskiej. <\/p>\n<p>Jest r\u00f3wnie\u017c \u017ar\u00f3d\u0142em informacji dla cz\u0142onk\u00f3w, a tak\u017ce opracowa\u0142 wytyczne i najlepsze praktyki dla podmiot\u00f3w dzia\u0142aj\u0105cych w bran\u017cy - zasoby te s\u0105 oferowane bezp\u0142atnie armatorom dzia\u0142aj\u0105cym w bran\u017cy, a tak\u017ce cz\u0142onkom. <\/p>\n<p>Jej misj\u0105 jest d\u0105\u017cenie do stworzenia globalnego przemys\u0142u \u017ceglugowego, kt\u00f3ry dzia\u0142a zgodnie z wysokimi standardami, stawia na pierwszym miejscu bezpieczne operacje \u017ceglugowe oraz ochron\u0119 \u015brodowiska. <\/p>\n<p>Chocia\u017c zasadniczo zosta\u0142a utworzona w celu promowania bran\u017cy operator\u00f3w \u017ceglugi, to jednym z jej cel\u00f3w jest r\u00f3wnie\u017c wsp\u00f3\u0142praca z innymi organizacjami, zar\u00f3wno rz\u0105dowymi, jak i pozarz\u0105dowymi, aby pom\u00f3c w uczynieniu \u017ceglugi bardziej efektywn\u0105 i bezpieczn\u0105.<\/p>\n<p><strong>Przedsi\u0119biorstwa \u017ceglugowe b\u0119d\u0105ce cz\u0142onkami (wed\u0142ug wielko\u015bci):<\/strong><\/p>\n<ul>\n<li> <a href=\"https:\/\/moverdb.com\/pl\/maersk\/\">Maersk Line<\/a><\/li>\n<li> <a href=\"https:\/\/moverdb.com\/pl\/mediterranean-shipping-company\/\">\u017begluga \u015br\u00f3dziemnomorska (MSC)<\/a><\/li>\n<\/ul>\n<p><strong>Kryteria cz\u0142onkostwa:<\/strong><\/p>\n<p>Cz\u0142onkami ICS s\u0105 <a href=\"https:\/\/moverdb.com\/pl\/spedytor\/\">armatorzy i operatorzy statk\u00f3w<\/a> z ca\u0142ego \u015bwiata, kt\u00f3rzy s\u0105 reprezentowani przez krajowe stowarzyszenia armator\u00f3w. To w\u0142a\u015bnie stowarzyszenia s\u0105 odpowiedzialne za cz\u0142onkostwo, wi\u0119c indywidualni w\u0142a\u015bciciele i operatorzy nie mog\u0105 si\u0119 o nie ubiega\u0107. <\/p>\n<p>Z tego powodu na stronie internetowej nie s\u0105 wymienione \u017cadne kryteria cz\u0142onkostwa.<\/p>\n<p><strong>Opinie o Mi\u0119dzynarodowej Izbie \u017beglugi:<\/strong><\/p>\n<p>ICS jest cytowana w wielu publikacjach bran\u017cowych, komentuj\u0105cych aktualne problemy, takie jak redukcja emisji CO2. Jest wymieniany na stronach internetowych swoich cz\u0142onk\u00f3w, takich jak np. <a href=\"https:\/\/www.ukchamberofshipping.com\/about-us\/our-partners\/international-chamber-shipping\/\" target=\"_blank\" rel=\"noopener\">Brytyjska Izba \u017beglugi<\/a>. <\/p>\n<p>Dokumenty dost\u0119pne w Internecie pokazuj\u0105, \u017ce ICS wypowiada si\u0119 na tematy globalne, takie jak konwencje podatkowe, a tak\u017ce <a href=\"http:\/\/www.allaboutshipping.co.uk\/category\/associations\/international-chamber-of-shipping\/\" target=\"_blank\" rel=\"noopener\">relacja z wydarze\u0144<\/a> np. <a href=\"http:\/\/www.imo.org\/en\/MediaCentre\/SecretaryGeneral\/SpeechesByTheSecretaryGeneral\/Pages\/ICS2012.aspx\" target=\"_blank\" rel=\"noopener\">Konferencja Mi\u0119dzynarodowej Izby \u017beglugi<\/a> w kt\u00f3rym Koji Sekimizu, Sekretarz Generalny Mi\u0119dzynarodowej Organizacji Morskiej, opisa\u0142 ICS jako <em>\"jedna z kilku organizacji pozarz\u0105dowych, kt\u00f3re reprezentuj\u0105 bran\u017c\u0119 \u017ceglugow\u0105 w IMO i ma jeden z najd\u0142u\u017cszych rodowod\u00f3w\".<\/em> <\/p>\n<p>Inne \u017ar\u00f3d\u0142a internetowe okre\u015blaj\u0105 ICS jako \"najbardziej uznane \u015bwiatowe stowarzyszenie armator\u00f3w\". O wiarygodno\u015bci ICS \u015bwiadcz\u0105 publikacje, w kt\u00f3rych pojawia si\u0119 jego nazwa, powi\u0105zania z innymi organizacjami oraz rodzaj spraw, w kt\u00f3rych jest proszony o komentarz.<\/p>\n<blockquote><p>Mi\u0119dzynarodowa Izba \u017beglugi (ICS) jest g\u0142\u00f3wnym mi\u0119dzynarodowym stowarzyszeniem handlowym armator\u00f3w i operator\u00f3w statk\u00f3w handlowych, reprezentuj\u0105cym wszystkie sektory i bran\u017ce (w tym mi\u0119dzy innymi zbiornikowce, masowce suche, kontenerowce, statki drobnicowe i specjalistyczne oraz statki pasa\u017cerskie) wobec r\u00f3\u017cnych organ\u00f3w mi\u0119dzyrz\u0105dowych maj\u0105cych wp\u0142yw na \u017ceglug\u0119. Cz\u0142onkami ICS s\u0105 krajowe stowarzyszenia armator\u00f3w z 35 kraj\u00f3w, reprezentuj\u0105ce ponad 80% \u015bwiatowej floty handlowej.<\/p><\/blockquote>\n<p><a href=\"http:\/\/www.oecd.org\/tax\/treaties\/ics-comments-discussion-draft-mtc-international-traffic.pdf\" target=\"_blank\" rel=\"noopener\">OECD<\/a><\/p>\n<p><strong>Strona internetowa:<\/strong> <a href=\"http:\/\/www.ics-shipping.org\/\" target=\"_blank\" rel=\"noopener\">http:\/\/www.ics-shipping.org\/<\/a><\/p>\n<p><strong>Wi\u0119cej informacji na temat wysy\u0142ki mo\u017cna znale\u017a\u0107 na stronie:<\/strong> <a href=\"https:\/\/moverdb.com\/pl\/przeladunek-w-kontenerach\/\">2018 Stawki i koszty mi\u0119dzynarodowej \u017ceglugi kontenerowej<\/a> oraz <a href=\"https:\/\/moverdb.com\/pl\/spedytor\/\">Spedytor i NVOCC Mi\u0119dzynarodowy Przewodnik po Kosztach i Firmach<\/a><\/p>","protected":false},"excerpt":{"rendered":"<p>The International Chamber of Shipping (ICS) is a trade association that represents ship owners and ship operators via national shipowners associations. Its aim is to promote the interests of its members throughout all issues of ship operation and also shipping policy. Key facts about the International Chamber of Shipping: ICS member shipping companies operate over [&hellip;]<\/p>\n","protected":false},"author":1,"featured_media":0,"parent":0,"menu_order":0,"comment_status":"closed","ping_status":"closed","template":"","meta":{"_genesis_hide_title":false,"_genesis_hide_breadcrumbs":false,"_genesis_hide_singular_image":false,"_genesis_hide_footer_widgets":false,"_genesis_custom_body_class":"","_genesis_custom_post_class":"","_genesis_layout":"","footnotes":""},"class_list":{"0":"post-453","1":"page","2":"type-page","3":"status-publish","5":"entry"},"_links":{"self":[{"href":"https:\/\/moverdb.com\/pl\/wp-json\/wp\/v2\/pages\/453","targetHints":{"allow":["GET"]}}],"collection":[{"href":"https:\/\/moverdb.com\/pl\/wp-json\/wp\/v2\/pages"}],"about":[{"href":"https:\/\/moverdb.com\/pl\/wp-json\/wp\/v2\/types\/page"}],"author":[{"embeddable":true,"href":"https:\/\/moverdb.com\/pl\/wp-json\/wp\/v2\/users\/1"}],"replies":[{"embeddable":true,"href":"https:\/\/moverdb.com\/pl\/wp-json\/wp\/v2\/comments?post=453"}],"version-history":[{"count":10,"href":"https:\/\/moverdb.com\/pl\/wp-json\/wp\/v2\/pages\/453\/revisions"}],"predecessor-version":[{"id":6245,"href":"https:\/\/moverdb.com\/pl\/wp-json\/wp\/v2\/pages\/453\/revisions\/6245"}],"wp:attachment":[{"href":"https:\/\/moverdb.com\/pl\/wp-json\/wp\/v2\/media?parent=453"}],"curies":[{"name":"wp","href":"https:\/\/api.w.org\/{rel}","templated":true}]}}