{"id":452,"date":"2016-07-03T20:39:16","date_gmt":"2016-07-03T20:39:16","guid":{"rendered":"http:\/\/moverdb.com\/?page_id=452"},"modified":"2026-01-08T15:30:42","modified_gmt":"2026-01-08T15:30:42","slug":"swiatowa-rada-ds-przeladunku","status":"publish","type":"page","link":"https:\/\/moverdb.com\/pl\/world-shipping-council\/","title":{"rendered":"\u015awiatowa Rada \u017beglugi (WSC) - obja\u015bnienia"},"content":{"rendered":"<p>\u015awiatowa Rada \u017beglugi (WSC) jest rzecznikiem bran\u017cy \u017ceglugi liniowej. Pocz\u0105tkowo by\u0142a to grupa lobbystyczna zrzeszaj\u0105ca najwi\u0119ksze firmy \u017ceglugi liniowej, a obecnie jest doradc\u0105 przemys\u0142u i rz\u0105d\u00f3w w sprawach tak r\u00f3\u017cnorodnych, jak bezpiecze\u0144stwo i ochrona \u015brodowiska.<\/p>\n<p><strong>Najwa\u017cniejsze fakty o M\u015a<\/strong><\/p>\n<ul>\n<li>  WSC liczy 26 cz\u0142onk\u00f3w.<\/li>\n<li>  Cz\u0142onkowie WSC eksploatuj\u0105 oko\u0142o 90 procent \u015bwiatowych zdolno\u015bci przewozowych statk\u00f3w liniowych.<\/li>\n<li>  Us\u0142ugi te transportuj\u0105 oko\u0142o 60 procent warto\u015bci \u015bwiatowego handlu morskiego, a ponad <a href=\"https:\/\/moverdb.com\/pl\/moving-to-the-united-states\/\" data-internallinksmanager029f6b8e52c=\"94\" title=\"Przeprowadzasz si\u0119 do Stan\u00f3w Zjednoczonych? 2026 Koszty \u017cycia i wskaz\u00f3wki dotycz\u0105ce przeprowadzki\">USA<\/a>$ 4 bilion\u00f3w warto\u015bci towar\u00f3w rocznie.<\/li>\n<li>  WSC jest \u015bwiatowym przedstawicielem bran\u017cy \u017ceglugi liniowej.<\/li>\n<li>  WSC zosta\u0142o utworzone w 2000 r. przez dyrektor\u00f3w generalnych najwa\u017cniejszych du\u017cych linii \u017ceglugowych. <a href=\"https:\/\/moverdb.com\/pl\/firmy-spedycyjne\/\">przedsi\u0119biorstwa \u017ceglugowe<\/a>.<\/li>\n<li>  W 2009 r. M\u015a uzyska\u0142o status konsultacyjny w <a href=\"https:\/\/moverdb.com\/pl\/international-maritime-organisation\/\" data-internallinksmanager029f6b8e52c=\"24\" title=\"Mi\u0119dzynarodowa Organizacja Morska (IMO) - obja\u015bnienia\">Mi\u0119dzynarodowa Organizacja Morska<\/a>.<\/li>\n<li>  M\u015a ma siedzib\u0119 w <a href=\"https:\/\/moverdb.com\/pl\/przeprowadzka-do-waszyngtonu-dc\/\">Waszyngton, DC<\/a>.<\/li>\n<li>  Cz\u0142onkowie WSC pochodz\u0105 z ca\u0142ego \u015bwiata, od <a href=\"https:\/\/moverdb.com\/pl\/moving-to-china\/\" data-internallinksmanager029f6b8e52c=\"357\" title=\"Przeprowadzka do Chin? Koszty \u017cycia i wskaz\u00f3wki dotycz\u0105ce relokacji w 2023 r.\">Chiny<\/a> do Ameryki.<\/li>\n<\/ul>\n<p><strong>Profil \u015awiatowej Rady \u017beglugi:<\/strong><\/p>\n<p>WSC jest organizacj\u0105 bran\u017cow\u0105, kt\u00f3ra zosta\u0142a utworzona w 2000 r. przez lider\u00f3w sektora \u017ceglugi liniowej. Odegra\u0142a ona zasadnicz\u0105 rol\u0119 w kluczowych momentach dla bran\u017cy \u017ceglugi liniowej, takich jak wsp\u00f3\u0142praca z rz\u0105dami i organizacjami na ca\u0142ym \u015bwiecie w celu opracowania przepis\u00f3w, regulacji i program\u00f3w maj\u0105cych na celu lepsze zabezpieczenie mi\u0119dzynarodowego handlu morskiego w nast\u0119pstwie atak\u00f3w terrorystycznych z 2001 roku. <\/p>\n<p>G\u0142\u00f3wnym celem M\u015a jest praca nad kwestiami handlu, bezpiecze\u0144stwa i ce\u0142, kt\u00f3re maj\u0105 wp\u0142yw na sam\u0105 bran\u017c\u0119, jak r\u00f3wnie\u017c na ca\u0142y \u015bwiat. W ostatnich latach zacz\u0119to r\u00f3wnie\u017c koncentrowa\u0107 si\u0119 na kwestiach ochrony \u015brodowiska. <\/p>\n<p>WSC jest postrzegana jako szanowany doradca zar\u00f3wno przemys\u0142u, jak i rz\u0105d\u00f3w - na przyk\u0142ad uzyska\u0142a status doradczy przy Mi\u0119dzynarodowej Organizacji Morskiej. Bierze r\u00f3wnie\u017c czynny udzia\u0142 w debatach politycznych, gdy polityka ta ma wp\u0142yw na bran\u017c\u0119 \u017ceglugi liniowej.<\/p>\n<p><strong>Firmy cz\u0142onkowskie wed\u0142ug wielko\u015bci:<\/strong><\/p>\n<ul>\n<li> <a href=\"https:\/\/moverdb.com\/pl\/cma-cgm\/\">Grupa CMA CGM<\/a><\/li>\n<li> <a href=\"https:\/\/moverdb.com\/pl\/hapag-lloyd\/\">Hapag-Lloyd<\/a><\/li>\n<li> <a href=\"https:\/\/moverdb.com\/pl\/evergreen-marine\/\">Evergreen Marine<\/a><\/li>\n<li> <a href=\"https:\/\/moverdb.com\/pl\/hamburg-sud\/\">Hamburg S\u00fcd<\/a><\/li>\n<\/ul>\n<p><strong>Kryteria cz\u0142onkostwa:<\/strong><\/p>\n<p>Na stronie internetowej nie podano kryteri\u00f3w cz\u0142onkostwa. WSC opisuje swoich cz\u0142onk\u00f3w jako <em>\"Zainwestowali w statki setki miliard\u00f3w dolar\u00f3w, <a href=\"https:\/\/moverdb.com\/pl\/top-49-container-ports\/\" data-internallinksmanager029f6b8e52c=\"80\" title=\"49 najwi\u0119kszych i najbardziej ruchliwych port\u00f3w kontenerowych w 2025 r.\">port<\/a> terminali, firm transportowych, magazyn\u00f3w i technologii, aby zapewni\u0107 szeroki wachlarz mo\u017cliwo\u015bci bezpiecznego, niezawodnego i ekonomicznego mi\u0119dzynarodowego transportu towar\u00f3w.\"<\/em> <\/p>\n<p>Wynika z tego jasno, \u017ce cz\u0142onkostwo nie jest otwarte dla ka\u017cdej firmy. W\u015br\u00f3d reprezentatywnych cz\u0142onk\u00f3w s\u0105 Hyundai Merchant Marine Company i United Arab <a href=\"https:\/\/moverdb.com\/pl\/shipping-companies\/\" data-internallinksmanager029f6b8e52c=\"4\" title=\"10 najlepszych firm zajmuj\u0105cych si\u0119 mi\u0119dzynarodow\u0105 \u017ceglug\u0105 kontenerow\u0105\">Firma spedycyjna<\/a>.<\/p>\n<p>Podany jest kontaktowy adres e-mail, kt\u00f3ry mo\u017cna wykorzysta\u0107 dla os\u00f3b chc\u0105cych zapyta\u0107 o cz\u0142onkostwo: info@worldshipping.org.<\/p>\n<p><strong>Opinie o M\u015a:<\/strong><\/p>\n<p>M\u015a to <a href=\"http:\/\/www.iims.org.uk\/world-shipping-council-advises-prepare-container-weight-verification\/\" target=\"_blank\" rel=\"noopener\">cytowane w wiadomo\u015bciach<\/a> jako \u017ar\u00f3d\u0142o informacji o zmianach w przepisach i ustawodawstwie i jest bez w\u0105tpienia szanowan\u0105 organizacj\u0105, kt\u00f3ra stanowi kana\u0142 komunikacji mi\u0119dzy ustawodawcami a przemys\u0142em. <\/p>\n<p>Jej praca polega\u0142a r\u00f3wnie\u017c na pomocy w radzeniu sobie z zamieszaniem zwi\u0105zanym z nadchodz\u0105cymi zmianami prawnymi oraz na u\u0142atwianiu przej\u015bcia od prawa pisanego do rzeczywisto\u015bci. <\/p>\n<p>Chocia\u017c lista cz\u0142onk\u00f3w znajduje si\u0119 na stronie M\u015a, szybkie sprawdzenie kilku stron firmowych ujawnia, \u017ce nie umieszczaj\u0105 one w widocznym miejscu informacji o przynale\u017cno\u015bci do M\u015a. <\/p>\n<p>Wynika to najprawdopodobniej z faktu, \u017ce WSC nie jest akredytacj\u0105 w\u0142a\u015bciw\u0105 dla komercyjnej strony internetowej, lecz organem bran\u017cowym, w kt\u00f3rym przedsi\u0119biorstwa te pe\u0142ni\u0105 rol\u0119 konsultacyjn\u0105 i doradcz\u0105.<\/p>\n<p><strong>Strona internetowa:<\/strong> <a href=\"http:\/\/www.worldshipping.org\/\" target=\"_blank\" rel=\"noopener\">http:\/\/www.worldshipping.org\/<\/a><\/p>\n<p><strong>Wi\u0119cej informacji na temat wysy\u0142ki mo\u017cna znale\u017a\u0107 na stronie:<\/strong> <a href=\"https:\/\/moverdb.com\/pl\/przeladunek-w-kontenerach\/\">2018 Stawki i koszty mi\u0119dzynarodowej \u017ceglugi kontenerowej<\/a> oraz <a href=\"https:\/\/moverdb.com\/pl\/spedytor\/\">Spedytor i NVOCC Mi\u0119dzynarodowy Przewodnik po Kosztach i Firmach<\/a><\/p>","protected":false},"excerpt":{"rendered":"<p>The World Shipping Council (WSC) provides a voice for the liner shipping industry. It was initially established as a lobbying group for the biggest liner shipping businesses and has become an advisor to industry and government on topics as varied as security and environmental issues. Key facts about the WSC The WSC has 26 members. [&hellip;]<\/p>\n","protected":false},"author":1,"featured_media":0,"parent":0,"menu_order":0,"comment_status":"closed","ping_status":"closed","template":"","meta":{"_genesis_hide_title":false,"_genesis_hide_breadcrumbs":false,"_genesis_hide_singular_image":false,"_genesis_hide_footer_widgets":false,"_genesis_custom_body_class":"","_genesis_custom_post_class":"","_genesis_layout":"","footnotes":""},"class_list":{"0":"post-452","1":"page","2":"type-page","3":"status-publish","5":"entry"},"_links":{"self":[{"href":"https:\/\/moverdb.com\/pl\/wp-json\/wp\/v2\/pages\/452","targetHints":{"allow":["GET"]}}],"collection":[{"href":"https:\/\/moverdb.com\/pl\/wp-json\/wp\/v2\/pages"}],"about":[{"href":"https:\/\/moverdb.com\/pl\/wp-json\/wp\/v2\/types\/page"}],"author":[{"embeddable":true,"href":"https:\/\/moverdb.com\/pl\/wp-json\/wp\/v2\/users\/1"}],"replies":[{"embeddable":true,"href":"https:\/\/moverdb.com\/pl\/wp-json\/wp\/v2\/comments?post=452"}],"version-history":[{"count":12,"href":"https:\/\/moverdb.com\/pl\/wp-json\/wp\/v2\/pages\/452\/revisions"}],"predecessor-version":[{"id":6254,"href":"https:\/\/moverdb.com\/pl\/wp-json\/wp\/v2\/pages\/452\/revisions\/6254"}],"wp:attachment":[{"href":"https:\/\/moverdb.com\/pl\/wp-json\/wp\/v2\/media?parent=452"}],"curies":[{"name":"wp","href":"https:\/\/api.w.org\/{rel}","templated":true}]}}