{"id":451,"date":"2016-07-04T14:16:48","date_gmt":"2016-07-04T14:16:48","guid":{"rendered":"http:\/\/moverdb.com\/?page_id=451"},"modified":"2026-01-08T14:39:55","modified_gmt":"2026-01-08T14:39:55","slug":"miedzynarodowa-organizacja-morska","status":"publish","type":"page","link":"https:\/\/moverdb.com\/pl\/international-maritime-organisation\/","title":{"rendered":"Mi\u0119dzynarodowa Organizacja Morska (IMO) - obja\u015bnienia"},"content":{"rendered":"<p>Mi\u0119dzynarodowa Organizacja Morska (IMO) jest agend\u0105 ONZ z siedzib\u0105 w <a href=\"https:\/\/moverdb.com\/pl\/moving-to-the-uk\/\" data-internallinksmanager029f6b8e52c=\"93\" title=\"Przeprowadzasz si\u0119 do Wielkiej Brytanii? 2026 Koszty \u017cycia i wskaz\u00f3wki dotycz\u0105ce przeprowadzki\">UK<\/a>, kt\u00f3ra jest odpowiedzialna za regulacj\u0119 \u017ceglugi. Okre\u015bla si\u0119 jako \u015bwiatowy organ wyznaczaj\u0105cy standardy w zakresie bezpiecze\u0144stwa, ochrony i ekologiczno\u015bci \u017ceglugi. <a href=\"https:\/\/moverdb.com\/pl\/przeladunek-w-kontenerach\/\">wysy\u0142ka mi\u0119dzynarodowa<\/a>.<\/p>\n<p><strong>Najwa\u017cniejsze fakty na temat Mi\u0119dzynarodowej Organizacji Morskiej<\/strong><\/p>\n<ul>\n<li>  IMO ma 171 pa\u0144stw cz\u0142onkowskich i trzech cz\u0142onk\u00f3w stowarzyszonych.<\/li>\n<li>  IMO jest agend\u0105 ONZ utworzon\u0105 w 1948 r., kt\u00f3ra rozpocz\u0119\u0142a dzia\u0142alno\u015b\u0107 dekad\u0119 p\u00f3\u017aniej.<\/li>\n<li>  Wi\u0119kszo\u015b\u0107 pa\u0144stw cz\u0142onkowskich, kt\u00f3re nie s\u0105 cz\u0142onkami IMO, to kraje \u015br\u00f3dl\u0105dowe, kt\u00f3re nie s\u0105 zainteresowane \u017ceglug\u0105 ani w ni\u0105 zaanga\u017cowane.<\/li>\n<li>  Trzema cz\u0142onkami stowarzyszenia IMO s\u0105 Wyspy Owcze, <a href=\"https:\/\/moverdb.com\/pl\/moving-to-hong-kong\/\" data-internallinksmanager029f6b8e52c=\"350\" title=\"Przeprowadzka do Hongkongu? Koszty \u017cycia i wskaz\u00f3wki dotycz\u0105ce przeprowadzki w 2023 r.\">Hongkong<\/a> i Makau.<\/li>\n<li>  Mi\u0119dzynarodowa konwencja o bezpiecze\u0144stwie \u017cycia na morzu jest jednym z najbardziej znanych instrument\u00f3w prawnych IMO.<\/li>\n<li>  <a href=\"https:\/\/moverdb.com\/pl\/container-shipping\/\" data-internallinksmanager029f6b8e52c=\"3\" title=\"Wykres stawek mi\u0119dzynarodowego transportu kontenerowego: Kwiecie\u0144 2026 r.\">Wysy\u0142ka mi\u0119dzynarodowa<\/a> transportuje ponad 80% globalnego handlu do ludzi i spo\u0142eczno\u015bci na ca\u0142ym \u015bwiecie.<\/li>\n<li>  Kompetencje IMO obejmuj\u0105 wszystkie aspekty \u017ceglugi mi\u0119dzynarodowej, w tym projektowanie, budow\u0119, wyposa\u017cenie, za\u0142og\u0119, eksploatacj\u0119 i usuwanie statk\u00f3w.<\/li>\n<li>  Pozarz\u0105dowe organizacje mi\u0119dzynarodowe, kt\u00f3re s\u0105 w stanie wnie\u015b\u0107 istotny wk\u0142ad w prace IMO, mog\u0105 uzyska\u0107 status konsultacyjny od Rady za zgod\u0105 Zgromadzenia.<\/li>\n<\/ul>\n<p><strong>Profil IMO<\/strong><\/p>\n<p>IMO jest globaln\u0105 agencj\u0105 podlegaj\u0105c\u0105 ONZ. Sk\u0142ada si\u0119 ze Zgromadzenia, Rady i pi\u0119ciu g\u0142\u00f3wnych Komitet\u00f3w: <\/p>\n<ol>\n<li> Komitet ds. Bezpiecze\u0144stwa na Morzu<\/li>\n<li> Komitet Ochrony \u015arodowiska Morskiego<\/li>\n<li> Komitet Prawny<\/li>\n<li> Komitet Wsp\u00f3\u0142pracy Technicznej<\/li>\n<li> Komitet U\u0142atwiaj\u0105cy<\/li>\n<\/ol>\n<p>IMO jest odpowiedzialna za liczne instrumenty prawne, kt\u00f3rych celem jest poprawa bezpiecze\u0144stwa na morzu, usprawnienie handlu mi\u0119dzy pa\u0144stwami \u017cegluj\u0105cymi oraz ochrona \u015brodowiska morskiego. <\/p>\n<p>IMO nie tylko przygl\u0105da si\u0119 sektorowi \u017ceglugi w jego obecnym kszta\u0142cie, ale tak\u017ce zajmuje si\u0119 zapewnieniem jego przysz\u0142o\u015bci jako bezpiecznego, przyjaznego dla \u015brodowiska i energooszcz\u0119dnego. <\/p>\n<p>IMO nie zajmuje si\u0119 zbyt wieloma sprawami, w tym czynnikiem ludzkim w \u017cegludze, bezpiecze\u0144stwem morskim i wsp\u00f3\u0142prac\u0105 techniczn\u0105, kt\u00f3rej celem jest pomoc rz\u0105dom nieposiadaj\u0105cym wiedzy technicznej i zasob\u00f3w niezb\u0119dnych do skutecznego prowadzenia \u017ceglugi.<\/p>\n<p><strong>Kryteria cz\u0142onkostwa <\/strong><\/p>\n<p>Cz\u0142onkostwo w IMO odbywa si\u0119 na podstawie pa\u0144stw. Aby zosta\u0107 cz\u0142onkiem IMO, pa\u0144stwo ratyfikuje wielostronny traktat znany jako Konwencja o Mi\u0119dzynarodowej Organizacji Morskiej.<\/p>\n<p><strong>Opinie o IMO:<\/strong><\/p>\n<p>IMO jest organizacj\u0105 o zasi\u0119gu globalnym. <a href=\"http:\/\/www.unsceb.org\/content\/imo\" target=\"_blank\" rel=\"noopener\">renomowana organizacja<\/a> o uznanym statusie. Jest ona bardzo widoczna i stanowi pot\u0119\u017cn\u0105 si\u0142\u0119 w przemy\u015ble \u017ceglugowym. W Internecie informacje o IMO koncentruj\u0105 si\u0119 na jej roli we wspieraniu wsp\u00f3\u0142pracy mi\u0119dzyrz\u0105dowej, a tak\u017ce na zwo\u0142ywaniu mi\u0119dzynarodowych konferencji po\u015bwi\u0119conych sprawom \u017ceglugi oraz opracowywaniu mi\u0119dzynarodowych konwencji i porozumie\u0144 w tej dziedzinie. <\/p>\n<p>W tych miejscach, gdzie si\u0119 o niej wspomina, podkre\u015bla si\u0119 r\u00f3wnie\u017c jej rol\u0119 w zapewnieniu bezpiecze\u0144stwa. Poniewa\u017c cz\u0142onkostwo w IMO zale\u017cy od pa\u0144stwa, nie jest ona wymieniana na stronach internetowych poszczeg\u00f3lnych przedsi\u0119biorstw, ale cz\u0119sto pojawia si\u0119 w <a href=\"http:\/\/www.britannica.com\/topic\/International-Maritime-Organization\" target=\"_blank\" rel=\"noopener\">encyklopedie internetowe<\/a> oraz strony internetowe opisuj\u0105ce struktur\u0119 ONZ.<\/p>\n<p><strong>Strona internetowa:<\/strong> <a href=\"http:\/\/www.imo.org\/en\/Pages\/Default.aspx\" target=\"_blank\" rel=\"noopener\">http:\/\/www.imo.org\/<\/a><\/p>\n<p><strong>Wi\u0119cej informacji na temat wysy\u0142ki mo\u017cna znale\u017a\u0107 na stronie:<\/strong> <a href=\"https:\/\/moverdb.com\/pl\/przeladunek-w-kontenerach\/\">2018 Stawki i koszty mi\u0119dzynarodowej \u017ceglugi kontenerowej<\/a> oraz <a href=\"https:\/\/moverdb.com\/pl\/spedytor\/\">Spedytor i NVOCC Mi\u0119dzynarodowy Przewodnik po Kosztach i Firmach<\/a><\/p>","protected":false},"excerpt":{"rendered":"<p>The International Maritime Organisation (IMO) is a UN agency, based in the UK, which is responsible for regulating shipping. It describes itself as the global standard-setting authority for the safety, security and environmental performance of international shipping. Key facts about the International Maritime Organisation The IMO has 171 Member States and three Associate Members. The [&hellip;]<\/p>\n","protected":false},"author":1,"featured_media":0,"parent":0,"menu_order":0,"comment_status":"closed","ping_status":"closed","template":"","meta":{"_genesis_hide_title":false,"_genesis_hide_breadcrumbs":false,"_genesis_hide_singular_image":false,"_genesis_hide_footer_widgets":false,"_genesis_custom_body_class":"","_genesis_custom_post_class":"","_genesis_layout":"","footnotes":""},"class_list":{"0":"post-451","1":"page","2":"type-page","3":"status-publish","5":"entry"},"_links":{"self":[{"href":"https:\/\/moverdb.com\/pl\/wp-json\/wp\/v2\/pages\/451","targetHints":{"allow":["GET"]}}],"collection":[{"href":"https:\/\/moverdb.com\/pl\/wp-json\/wp\/v2\/pages"}],"about":[{"href":"https:\/\/moverdb.com\/pl\/wp-json\/wp\/v2\/types\/page"}],"author":[{"embeddable":true,"href":"https:\/\/moverdb.com\/pl\/wp-json\/wp\/v2\/users\/1"}],"replies":[{"embeddable":true,"href":"https:\/\/moverdb.com\/pl\/wp-json\/wp\/v2\/comments?post=451"}],"version-history":[{"count":6,"href":"https:\/\/moverdb.com\/pl\/wp-json\/wp\/v2\/pages\/451\/revisions"}],"predecessor-version":[{"id":13163,"href":"https:\/\/moverdb.com\/pl\/wp-json\/wp\/v2\/pages\/451\/revisions\/13163"}],"wp:attachment":[{"href":"https:\/\/moverdb.com\/pl\/wp-json\/wp\/v2\/media?parent=451"}],"curies":[{"name":"wp","href":"https:\/\/api.w.org\/{rel}","templated":true}]}}