{"id":450,"date":"2016-06-21T21:08:23","date_gmt":"2016-06-21T21:08:23","guid":{"rendered":"http:\/\/moverdb.com\/?page_id=450"},"modified":"2026-01-08T15:20:26","modified_gmt":"2026-01-08T15:20:26","slug":"ngrs","status":"publish","type":"page","link":"https:\/\/moverdb.com\/pl\/ngrs\/","title":{"rendered":"Krajowy Zwi\u0105zek Przedsi\u0119biorc\u00f3w Przeprowadzkowych i Magazynowych (NGRS) - wyja\u015bnienie"},"content":{"rendered":"<p>National Guild of Removers and Storers (NGRS) zosta\u0142a za\u0142o\u017cona w celu zapewnienia pewnych regulacji dla bran\u017cy przeprowadzek i magazynowania w <a href=\"https:\/\/moverdb.com\/pl\/moving-to-the-uk\/\" data-internallinksmanager029f6b8e52c=\"93\" title=\"Przeprowadzasz si\u0119 do Wielkiej Brytanii? 2026 Koszty \u017cycia i wskaz\u00f3wki dotycz\u0105ce przeprowadzki\">UK<\/a>. <\/p>\n<p>Ma Kodeks post\u0119powania i jest cz\u0119\u015bci\u0105 <a href=\"https:\/\/moverdb.com\/pl\/rios\/\">System Rzecznika Praw Obywatelskich w Bran\u017cy Przeprowadzkowej (Removals Industry Ombudsman Scheme)<\/a>, kt\u00f3ra umo\u017cliwia konsumentom sk\u0142adanie skarg dotycz\u0105cych z\u0142ych do\u015bwiadcze\u0144.<\/p>\n<p><strong>Najwa\u017cniejsze fakty dotycz\u0105ce NGRS:<\/strong><\/p>\n<ul>\n<li>  Gildia <em>Coroczny Certyfikat Doskona\u0142o\u015bci<\/em> jest przyznawana tym cz\u0142onkom, kt\u00f3rzy stale uzyskuj\u0105 doskona\u0142e oceny w swoich kwestionariuszach.<\/li>\n<li>  Stowarzyszenie NGRS uruchomi\u0142o program, kt\u00f3ry umo\u017cliwia jego cz\u0142onkom oferowanie klientom nieoprocentowanych kredyt\u00f3w jako sposobu zap\u0142aty za przeprowadzk\u0119.<\/li>\n<li>  W swoich dw\u00f3ch ostatnich badaniach dotycz\u0105cych stowarzysze\u0144 bran\u017cowych (1996 i 2003) magazyn Which? Magazine uzna\u0142 National Guild Of Removers &amp; Storers za jedno z najlepszych stowarzysze\u0144 bran\u017cowych w Wielkiej Brytanii pod wzgl\u0119dem ochrony konsument\u00f3w.<\/li>\n<li>  NGRS s\u0142u\u017cy cz\u0142onkom wy\u0142\u0105cznie w Wielkiej Brytanii.<\/li>\n<li>  Monitorowanie wynik\u00f3w pracy cz\u0142onk\u00f3w stowarzyszenia odbywa si\u0119 za pomoc\u0105 kart kwestionariusza wr\u0119czanych klientowi w dniu przeprowadzki. Karty te trafiaj\u0105 bezpo\u015brednio do NGRS, a nie do firmy przeprowadzkowej, i maj\u0105 na celu sta\u0142e i niezale\u017cne monitorowanie poziomu us\u0142ug \u015bwiadczonych przez cz\u0142onk\u00f3w. Wed\u0142ug najnowszych danych (do ko\u0144ca kwietnia 2016 r.), spo\u015br\u00f3d otrzymanych kart, ponad 98% pochodzi\u0142o od zadowolonych klient\u00f3w.<\/li>\n<li>  Cz\u0142onkowie musz\u0105 zapisa\u0107 si\u0119 do <a href=\"https:\/\/moverdb.com\/pl\/rios\/\" data-internallinksmanager029f6b8e52c=\"75\" title=\"System Rzecznika Praw Obywatelskich Bran\u017cy Przeprowadzkowej (RIOS) - obja\u015bnienia\">System Rzecznika Praw Obywatelskich w Bran\u017cy Przeprowadzkowej (Removals Industry Ombudsman Scheme)<\/a> - wszelkie decyzje, kt\u00f3re mog\u0105 z tego wynikn\u0105\u0107, s\u0105 dla nich wi\u0105\u017c\u0105ce.<\/li>\n<\/ul>\n<p><strong>Profil Krajowego Cechu Przedsi\u0119biorc\u00f3w Przeprowadzkowych i Magazynowych:<\/strong><\/p>\n<p>Ochrona konsument\u00f3w jest g\u0142\u00f3wnym celem NGRS - Gildia d\u0105\u017cy do podniesienia standard\u00f3w jako\u015bci w bran\u017cy, ochrony mienia w transporcie oraz poprawy do\u015bwiadcze\u0144 klient\u00f3w. Cz\u0142onkowie musz\u0105 spe\u0142ni\u0107 nast\u0119puj\u0105ce warunki:<\/p>\n<ul>\n<li> Obowi\u0105zkowe cz\u0142onkostwo w Systemie Rzecznika Praw Obywatelskich Przemys\u0142u Przeprowadzkowego<\/li>\n<li> Obowi\u0105zkowy program inspekcji zatwierdzony przez Rzecznika Praw Obywatelskich (Ombudsman Scheme Approved Inspection Programme)<\/li>\n<li> Zatwierdzony Kodeks Post\u0119powania Systemu Ombudsman\u00f3w<\/li>\n<li> Zatwierdzony Program Monitorowania Jako\u015bci Systemu Rzecznika Praw Obywatelskich<\/li>\n<li> Zatwierdzona procedura sk\u0142adania skarg w ramach Systemu Rzecznika Praw Obywatelskich (Ombudsman Scheme Approved Complaints Procedure)<\/li>\n<\/ul>\n<p>Wszystkie te dzia\u0142ania maj\u0105 na celu ustanowienie standard\u00f3w, monitorowanie os\u00f3b pracuj\u0105cych w bran\u017cy oraz zapewnienie klientom niezale\u017cnego procesu sk\u0142adania skarg, je\u015bli zajdzie taka potrzeba. <\/p>\n<p>Kodeks post\u0119powania zawiera szereg postanowie\u0144, w tym zapewnienie dost\u0119pu do inspekcji raz w roku, przedstawienie pisemnych kosztorys\u00f3w, szybkie rozpatrywanie skarg oraz przedstawienie dowodu posiadania odpowiedniego ubezpieczenia.<\/p>\n<p><strong>Kryteria cz\u0142onkostwa:<\/strong><\/p>\n<p>Na stronie internetowej nie podano kryteri\u00f3w cz\u0142onkostwa. Znajduj\u0105 si\u0119 tam natomiast dane kontaktowe: Telefon: 01494 350 143 Email: info@ngrs.co.uk.<\/p>\n<p><strong>Przyk\u0142adowe firmy cz\u0142onkowskie<\/strong><\/p>\n<ul>\n<li> <a href=\"https:\/\/moverdb.com\/pl\/movecorp\/\">Movecorp<\/a><\/li>\n<\/ul>\n<p><strong>Opinie o NGRS:<\/strong><\/p>\n<p>NGRS pojawia si\u0119 na kilku <a href=\"https:\/\/moverdb.com\/pl\/przeprowadzki-miedzynarodowe\/\">Przeprowadzki w Wielkiej Brytanii<\/a>gdzie jest ona wymieniana w kontek\u015bcie promowania jako\u015bci i us\u0142ug oraz zapewnienia klientom spokoju ducha. <\/p>\n<p>Podkre\u015bla si\u0119, \u017ce NGRS regularnie kontroluje swoich cz\u0142onk\u00f3w, a obowi\u0105zkowe uczestnictwo w Systemie Rzecznika ds. Usuwania Skutk\u00f3w Nieszcz\u0119\u015bliwych Wypadk\u00f3w jest czym\u015b, co zapewnia dodatkow\u0105 warstw\u0119 ochrony klienta.<\/p>\n<p>Wydaje si\u0119, \u017ce istniej\u0105 pewne problemy pomi\u0119dzy Jane Finch (dyrektor zarz\u0105dzaj\u0105cy Stowarzyszenia Profesjonalnych Przewo\u017anik\u00f3w) a NGRS w zwi\u0105zku z zarzutami, jakie Finch wysun\u0119\u0142a wobec NGRS, \u017ce jest on w sporze z du\u017c\u0105 liczb\u0105 swoich cz\u0142onk\u00f3w. NGRS ma <a href=\"http:\/\/www.tradestorage.co.uk\/setrecord.htm\" target=\"_blank\" rel=\"noopener\">opisa\u0142 to jako<\/a> <em>\"propaganda antygildyjna\". <\/em><\/p>\n<p>S\u0105 jednak pewne <a href=\"http:\/\/www.swindonadvertiser.co.uk\/news\/11601604.Luckes_Removals_firm_must__cough_up___50_000_for_website_error\/\" target=\"_blank\" rel=\"noopener\">doniesienia prasowe<\/a> kt\u00f3re wydaj\u0105 si\u0119 pokazywa\u0107 przewo\u017anik\u00f3w w konflikcie z Gildi\u0105, na przyk\u0142ad za posiadanie logo NGRS na swojej stronie internetowej po wyst\u0105pieniu ze stowarzyszenia bran\u017cowego.<\/p>\n<p>Skarga do <a href=\"https:\/\/www.ipso.co.uk\/rulings-and-resolution-statements\/\" target=\"_blank\" rel=\"noopener\">Niezale\u017cna Organizacja Standard\u00f3w Prasowych<\/a> NGRS przeciwko Daily Mirror, ale nie zosta\u0142a ona uwzgl\u0119dniona. <\/p>\n<blockquote><p>National Guild of Removers and Storers jest zaanga\u017cowany w promowanie jako\u015bci i us\u0142ug w ca\u0142kowicie nieuregulowanym sektorze przemys\u0142u, co obejmuje niezale\u017cn\u0105 kontrol\u0119 swoich Cz\u0142onk\u00f3w, cz\u0142onkostwo w The Removals Industry Ombudsman Scheme, Kodeks Praktyk, kt\u00f3ry odnosi si\u0119 do sposobu post\u0119powania Cz\u0142onk\u00f3w z klientami oraz ci\u0105g\u0142e monitorowanie wynik\u00f3w Cz\u0142onk\u00f3w.<\/p><\/blockquote>\n<p>- <a href=\"http:\/\/www.minimoves.co.uk\/\" target=\"_blank\" rel=\"noopener\">MiniMoves<\/a><\/p>\n<p><strong>Strona internetowa:<\/strong> <a href=\"http:\/\/www.ngrs.co.uk\/\" target=\"_blank\" rel=\"noopener\">http:\/\/www.ngrs.co.uk\/<\/a><\/p>","protected":false},"excerpt":{"rendered":"<p>The National Guild of Removers and Storers (NGRS) has been established to provide some regulation for the moving and storage industry in the UK. It has a Code of Practice and is part of the Removals Industry Ombudsman Scheme, which allows consumers to make complaints about poor experiences. Key facts about NGRS: The Guild&#8217;s &#8216;Annual [&hellip;]<\/p>\n","protected":false},"author":1,"featured_media":0,"parent":0,"menu_order":0,"comment_status":"closed","ping_status":"closed","template":"","meta":{"_genesis_hide_title":false,"_genesis_hide_breadcrumbs":false,"_genesis_hide_singular_image":false,"_genesis_hide_footer_widgets":false,"_genesis_custom_body_class":"","_genesis_custom_post_class":"","_genesis_layout":"","footnotes":""},"class_list":{"0":"post-450","1":"page","2":"type-page","3":"status-publish","5":"entry"},"_links":{"self":[{"href":"https:\/\/moverdb.com\/pl\/wp-json\/wp\/v2\/pages\/450","targetHints":{"allow":["GET"]}}],"collection":[{"href":"https:\/\/moverdb.com\/pl\/wp-json\/wp\/v2\/pages"}],"about":[{"href":"https:\/\/moverdb.com\/pl\/wp-json\/wp\/v2\/types\/page"}],"author":[{"embeddable":true,"href":"https:\/\/moverdb.com\/pl\/wp-json\/wp\/v2\/users\/1"}],"replies":[{"embeddable":true,"href":"https:\/\/moverdb.com\/pl\/wp-json\/wp\/v2\/comments?post=450"}],"version-history":[{"count":9,"href":"https:\/\/moverdb.com\/pl\/wp-json\/wp\/v2\/pages\/450\/revisions"}],"predecessor-version":[{"id":6224,"href":"https:\/\/moverdb.com\/pl\/wp-json\/wp\/v2\/pages\/450\/revisions\/6224"}],"wp:attachment":[{"href":"https:\/\/moverdb.com\/pl\/wp-json\/wp\/v2\/media?parent=450"}],"curies":[{"name":"wp","href":"https:\/\/api.w.org\/{rel}","templated":true}]}}