{"id":449,"date":"2016-07-04T14:35:22","date_gmt":"2016-07-04T14:35:22","guid":{"rendered":"http:\/\/moverdb.com\/?page_id=449"},"modified":"2026-01-08T14:48:17","modified_gmt":"2026-01-08T14:48:17","slug":"eurovan-movers","status":"publish","type":"page","link":"https:\/\/moverdb.com\/pl\/eurovan-movers\/","title":{"rendered":"Wyja\u015bnienie dzia\u0142ania sieci przeprowadzek mi\u0119dzynarodowych Eurovan (EM)"},"content":{"rendered":"<p>Eurovan International Movers Network (EM) jest sieci\u0105 niezale\u017cnych lokalnych firm przeprowadzkowych z siedzib\u0105 w <a href=\"https:\/\/moverdb.com\/pl\/moving-to-germany\/\" data-internallinksmanager029f6b8e52c=\"321\" title=\"Przeprowadzka do Niemiec? Koszty \u017cycia i wskaz\u00f3wki dotycz\u0105ce przeprowadzki w 2023 r.\">Niemcy<\/a>. Sie\u0107 zosta\u0142a zaprojektowana w odpowiedzi na potrzeb\u0119 zapewnienia sp\u00f3jnego poziomu us\u0142ug dla ruch\u00f3w mi\u0119dzynarodowych, kt\u00f3re mog\u0105 przebiega\u0107 przez kilka kraj\u00f3w.<\/p>\n<p><strong>Najwa\u017cniejsze fakty o sieci Eurovan International Movers Network:<\/strong><\/p>\n<ul>\n<li>  Je\u017celi przeprowadzka odbywa si\u0119 w ca\u0142o\u015bci na terenie Europy, centrala EM monitoruje, koordynuje i kontroluje wszystkie przeprowadzki mi\u0119dzy jednym krajem a drugim.<\/li>\n<li>  EM oferuje szereg us\u0142ug w ramach swojej sieci, w tym koordynacj\u0119 i operacje, magazynowanie i przechowywanie, pakowanie i rozpakowywanie oraz us\u0142ugi w miejscu pochodzenia i przeznaczenia.<\/li>\n<li>  EM ma siedmiu partner\u00f3w na ca\u0142ym \u015bwiecie, obejmuj\u0105cych Afryk\u0119, Azj\u0119, Ameryk\u0119 P\u00f3\u0142nocn\u0105 i Po\u0142udniow\u0105.<\/li>\n<li>  EM ma oko\u0142o 35 partner\u00f3w europejskich, w tym o\u015bmiu w <a href=\"https:\/\/moverdb.com\/pl\/przeprowadzki-miedzynarodowe\/\">UK<\/a>.<\/li>\n<li>  W przypadku gdy centrala EM monitoruje przeprowadzk\u0119, umo\u017cliwia to EM ograniczenie pustych przebieg\u00f3w i znalezienie sposob\u00f3w na uzyskanie oszcz\u0119dno\u015bci pieni\u0119\u017cnych.<\/li>\n<li>  Zasi\u0119g EM jest globalny.<\/li>\n<\/ul>\n<p><strong>Profil firmy Eurovan Movers:<\/strong><\/p>\n<p>EM jest organizacj\u0105, kt\u00f3ra dzia\u0142a raczej na zasadzie \"partner\u00f3w\" ni\u017c cz\u0142onk\u00f3w. Mimo \u017ce nie podano kryteri\u00f3w cz\u0142onkostwa, jasne jest, \u017ce proces ubiegania si\u0119 o status partnera jest do\u015b\u0107 z\u0142o\u017cony i wymaga dobrego dopasowania mi\u0119dzy EM a potencjalnym partnerem, a tak\u017ce umiej\u0119tno\u015bci wnoszenia \u015bwie\u017cych pomys\u0142\u00f3w. <\/p>\n<p>W wi\u0119kszo\u015bci miejsc zar\u00f3wno w kategorii partner\u00f3w europejskich, jak i \u015bwiatowych, wymieniono tylko jedn\u0105 firm\u0119 - poza Niemcami, gdzie <a href=\"https:\/\/moverdb.com\/pl\/moving-to-the-uk\/\" data-internallinksmanager029f6b8e52c=\"93\" title=\"Przeprowadzasz si\u0119 do Wielkiej Brytanii? 2026 Koszty \u017cycia i wskaz\u00f3wki dotycz\u0105ce przeprowadzki\">UK<\/a>, <a href=\"https:\/\/moverdb.com\/pl\/moving-to-switzerland\/\" data-internallinksmanager029f6b8e52c=\"327\" title=\"Przeprowadzka do Szwajcarii? Koszty \u017cycia i wskaz\u00f3wki dotycz\u0105ce relokacji w 2023 r.\">Szwajcaria<\/a> oraz <a href=\"https:\/\/moverdb.com\/pl\/moving-to-italy\/\" data-internallinksmanager029f6b8e52c=\"346\" title=\"Przeprowadzka do W\u0142och? Koszty \u017cycia i wskaz\u00f3wki dotycz\u0105ce relokacji w 2023 r.\">W\u0142ochy<\/a>, kt\u00f3re maj\u0105 4+. <\/p>\n<p>Ide\u0105 EM jest oferowanie klientom bardziej sp\u00f3jnego podej\u015bcia do przeprowadzki mi\u0119dzynarodowej poprzez \u0142\u0105czenie niezale\u017cnych lokalnych firm przeprowadzkowych. EM samodzielnie koordynuje proces, je\u015bli przeprowadzka odbywa si\u0119 na terenie UE. <\/p>\n<p>EM wyr\u00f3\u017cnia si\u0119 tym, \u017ce ma scentralizowane dow\u00f3dztwo, ale wsp\u00f3\u0142pracuje z lokalnymi przewo\u017anikami, dzi\u0119ki czemu zachowuje lokaln\u0105 wiedz\u0119 i kontakty, a tak\u017ce jest w stanie zaoferowa\u0107 centralne sterowanie.<\/p>\n<p><strong>Kryteria cz\u0142onkostwa:<\/strong><\/p>\n<p>Na stronie internetowej nie podano \u017cadnych kryteri\u00f3w cz\u0142onkostwa - zamiast tego na stronie widnieje nast\u0119puj\u0105ca informacja:<\/p>\n<blockquote><p>Z pewno\u015bci\u0105, aby zosta\u0107 partnerem, trzeba czego\u015b wi\u0119cej ni\u017c przeprowadzenie jednej lub dw\u00f3ch domowych przeprowadzek.<\/p>\n<p>Je\u015bli uwa\u017casz, \u017ce mo\u017cesz skorzysta\u0107 z synergii, jak\u0105 mo\u017ce zapewni\u0107 sie\u0107 wsp\u00f3\u0142pracy, i je\u015bli uwa\u017casz, \u017ce niekt\u00f3re z Twoich \u015bwie\u017cych i niekonwencjonalnych pomys\u0142\u00f3w powinny zosta\u0107 po\u0142\u0105czone z do\u015bwiadczeniem ponad 30 lat przeprowadzek, to w\u0142a\u015bnie znalaz\u0142e\u015b w\u0142a\u015bciwe \u017ar\u00f3d\u0142o. <\/p>\n<p>Aby dowiedzie\u0107 si\u0119 wi\u0119cej o kluczowych technologiach i innych korzy\u015bciach, do kt\u00f3rych maj\u0105 dost\u0119p wszyscy partnerzy Eurovan, prosimy o kontakt z Tobia Crisostomo. Z przyjemno\u015bci\u0105 odpowie on na wszelkie pytania dotycz\u0105ce korzy\u015bci p\u0142yn\u0105cych z zostania partnerem Eurovan i pomo\u017ce Pa\u0144stwu wej\u015b\u0107 na drog\u0119 do wi\u0119kszej widoczno\u015bci i elastyczno\u015bci w bran\u017cy transportowej.<\/p><\/blockquote>\n<p>EUROVAN - sie\u0107 mi\u0119dzynarodowych firm przeprowadzkowych<br \/>\nTobia Crisostomo<br \/>\nNeckarauer Stra\u00dfe 35\/41<br \/>\nD-68199 Mannheim, Niemcy<br \/>\nTel: +49(0)621-3 97 40 93<br \/>\nFaks: +49(0)621-3 97 40 94<br \/>\nE-mail: crisostomo@eurovan.com<\/p>\n<p><strong>Przyk\u0142adowe firmy cz\u0142onkowskie<\/strong><\/p>\n<ul>\n<li> <a href=\"https:\/\/moverdb.com\/pl\/movecorp\/\">Movecorp<\/a><\/li>\n<\/ul>\n<p><strong>Opinie o sieci Eurovan International Movers Network<\/strong><\/p>\n<p>Eurovan Movers nie pojawia si\u0119 zbyt cz\u0119sto w Internecie - co nie jest zaskakuj\u0105ce, bior\u0105c pod uwag\u0119 ograniczon\u0105 liczb\u0119 jego \"partner\u00f3w\" - ale jest tam <a href=\"http:\/\/www.centralmoves.co.uk\/removal-solutions\/uk-removals\/\" target=\"_blank\" rel=\"noopener\">s\u0105 par\u0105<\/a> przedsi\u0119biorstw, kt\u00f3re <a href=\"http:\/\/pegasusmoving.fi\/cr3ativsponsor\/eurovan-the-european-movers-network\" target=\"_blank\" rel=\"noopener\">wspomnie\u0107 o tym<\/a>. <\/p>\n<p>Istniej\u0105 <a href=\"http:\/\/www.complaintsboard.com\/complaints\/eurovan-movers-c292449.html\" target=\"_blank\" rel=\"noopener\">wiele<\/a> <a href=\"http:\/\/panamainternationalmovers.blogspot.co.uk\" target=\"_blank\" rel=\"noopener\">z\u0142e recenzje<\/a> dla <a href=\"https:\/\/moverdb.com\/pl\/moving-to-panama\/\" data-internallinksmanager029f6b8e52c=\"432\" title=\"Przeprowadzka do Panamy? Koszty \u017cycia i wskaz\u00f3wki dotycz\u0105ce relokacji w 2023 r.\">Panama<\/a> partner grupy - odpowiedzialny za negatywne do\u015bwiadczenie, skradzione przedmioty i uszkodzone przedmioty. <\/p>\n<p>Na stronie internetowej firmy Eurovan Movers nie ma obecnie wymienionego partnera z Panamy, wi\u0119c mo\u017cliwe, \u017ce sp\u00f3\u0142ka zosta\u0142a rozwi\u0105zana po z\u0142o\u017ceniu skarg. <a href=\"https:\/\/moverdb.com\/pl\/organizacje-stowarzyszenia\/\">Eurovan jest wymieniony jako jeden z<\/a> z \"najwa\u017cniejszych mi\u0119dzynarodowych organizacji, stowarzysze\u0144, system\u00f3w, cech\u00f3w, rad itp. zajmuj\u0105cych si\u0119 przeprowadzkami i spedycj\u0105\", obok takich organizacji jak <a href=\"https:\/\/moverdb.com\/pl\/british-association-of-removers\/\" data-internallinksmanager029f6b8e52c=\"9\" title=\"Brytyjskie Stowarzyszenie Przeprowadzek (BAR) - obja\u015bnienia\">Brytyjskie Stowarzyszenie Przeprowadzek<\/a>.<\/p>\n<p><strong>Strona internetowa:<\/strong> <a href=\"http:\/\/www.eurovan.com\/\" target=\"_blank\" rel=\"noopener\">http:\/\/www.eurovan.com\/<\/a><\/p>","protected":false},"excerpt":{"rendered":"<p>Eurovan International Movers Network (EM) is a network of independent local movers based in Germany. The network is designed to respond to the need to be able to provide consistent levels of service for international moves that may cross several countries. Key facts about Eurovan International Movers Network: Where a move is taking place entirely [&hellip;]<\/p>\n","protected":false},"author":1,"featured_media":0,"parent":0,"menu_order":0,"comment_status":"closed","ping_status":"closed","template":"","meta":{"_genesis_hide_title":false,"_genesis_hide_breadcrumbs":false,"_genesis_hide_singular_image":false,"_genesis_hide_footer_widgets":false,"_genesis_custom_body_class":"","_genesis_custom_post_class":"","_genesis_layout":"","footnotes":""},"class_list":{"0":"post-449","1":"page","2":"type-page","3":"status-publish","5":"entry"},"_links":{"self":[{"href":"https:\/\/moverdb.com\/pl\/wp-json\/wp\/v2\/pages\/449","targetHints":{"allow":["GET"]}}],"collection":[{"href":"https:\/\/moverdb.com\/pl\/wp-json\/wp\/v2\/pages"}],"about":[{"href":"https:\/\/moverdb.com\/pl\/wp-json\/wp\/v2\/types\/page"}],"author":[{"embeddable":true,"href":"https:\/\/moverdb.com\/pl\/wp-json\/wp\/v2\/users\/1"}],"replies":[{"embeddable":true,"href":"https:\/\/moverdb.com\/pl\/wp-json\/wp\/v2\/comments?post=449"}],"version-history":[{"count":7,"href":"https:\/\/moverdb.com\/pl\/wp-json\/wp\/v2\/pages\/449\/revisions"}],"predecessor-version":[{"id":6205,"href":"https:\/\/moverdb.com\/pl\/wp-json\/wp\/v2\/pages\/449\/revisions\/6205"}],"wp:attachment":[{"href":"https:\/\/moverdb.com\/pl\/wp-json\/wp\/v2\/media?parent=449"}],"curies":[{"name":"wp","href":"https:\/\/api.w.org\/{rel}","templated":true}]}}