{"id":448,"date":"2016-07-04T14:52:09","date_gmt":"2016-07-04T14:52:09","guid":{"rendered":"http:\/\/moverdb.com\/?page_id=448"},"modified":"2026-01-08T13:18:20","modified_gmt":"2026-01-08T13:18:20","slug":"stowarzyszenie-transportu-towarowego","status":"publish","type":"page","link":"https:\/\/moverdb.com\/pl\/freight-transport-association\/","title":{"rendered":"Stowarzyszenie Transportu Towarowego (FTA) - obja\u015bnienia"},"content":{"rendered":"<p>Stowarzyszenie Transportu Towarowego (FTA) zosta\u0142o za\u0142o\u017cone w celu reprezentowania interes\u00f3w <a href=\"https:\/\/moverdb.com\/pl\/firmy-spedycyjne\/\">firmy logistyczne<\/a>Niezale\u017cnie od tego, czy towary przewo\u017cone s\u0105 drog\u0105 morsk\u0105, powietrzn\u0105, l\u0105dow\u0105 czy kolejow\u0105. Uczestniczy\u0142a w g\u0142o\u015bnych kampaniach dotycz\u0105cych takich kwestii, jak op\u0142ata paliwowa i wydawanie licencji.<\/p>\n<p><strong>Najwa\u017cniejsze fakty dotycz\u0105ce umowy o wolnym handlu:<\/strong><\/p>\n<ul>\n<li>  Korzenie FTA si\u0119gaj\u0105 1889 roku.<\/li>\n<li>  Cz\u0142onkowie FTA obs\u0142uguj\u0105 ponad 200 000 ci\u0119\u017car\u00f3wek - prawie po\u0142ow\u0119. <a href=\"https:\/\/moverdb.com\/pl\/moving-to-the-uk\/\" data-internallinksmanager029f6b8e52c=\"93\" title=\"Przeprowadzasz si\u0119 do Wielkiej Brytanii? 2026 Koszty \u017cycia i wskaz\u00f3wki dotycz\u0105ce przeprowadzki\">UK<\/a> flota.<\/li>\n<li>  Cz\u0142onkowie dostarczaj\u0105 ponad 90% \u0142adunk\u00f3w transportowanych kolej\u0105.<\/li>\n<li>  Cz\u0142onkowie FTA odpowiadaj\u0105 za 70% brytyjskiego widocznego eksportu drog\u0105 morsk\u0105 i powietrzn\u0105.<\/li>\n<li>  FTA ma ponad 15 000 cz\u0142onk\u00f3w i jest najwi\u0119kszym stowarzyszeniem handlu towarami w Wielkiej Brytanii.<\/li>\n<li>  Ka\u017cdego roku 360 pracownik\u00f3w FTA rozpatruje ponad 50 000 zapyta\u0144 od cz\u0142onk\u00f3w.<\/li>\n<li>  Cz\u0142onkami FTA s\u0105 wy\u0142\u0105cznie <a href=\"https:\/\/moverdb.com\/pl\/przeprowadzki-miedzynarodowe\/\">Firmy brytyjskie<\/a>.<\/li>\n<\/ul>\n<p><strong>Profil Stowarzyszenia Transportu Towarowego:<\/strong><\/p>\n<p>FTA definiuje swoj\u0105 misj\u0119 jako \"bezpieczn\u0105, zr\u00f3wnowa\u017con\u0105 i wydajn\u0105 logistyk\u0119\". Pe\u0142ni szereg r\u00f3\u017cnych funkcji, w tym reprezentuje cz\u0142onk\u00f3w na szczeblu lokalnym, krajowym i europejskim oraz prowadzi kampanie maj\u0105ce na celu podnoszenie \u015bwiadomo\u015bci na temat bran\u017cy logistycznej. <\/p>\n<p>FTA dba r\u00f3wnie\u017c o to, by cz\u0142onkowie byli na bie\u017c\u0105co z najnowszymi wymogami zgodno\u015bci z przepisami obowi\u0105zuj\u0105cymi w ich firmach oraz zapewnia szeroki wyb\u00f3r program\u00f3w szkoleniowych, kt\u00f3re maj\u0105 pom\u00f3c w podnoszeniu standard\u00f3w i poprawie warunk\u00f3w pracy. <\/p>\n<p>Ponadto FTA jest \u017ar\u00f3d\u0142em informacji o sektorze, kt\u00f3ry reprezentuje, opracowuj\u0105c raporty na takie tematy, jak funkcjonowanie bran\u017cy logistycznej i wyzwania, przed jakimi stoi. <\/p>\n<p>Korzy\u015bci wynikaj\u0105ce z cz\u0142onkostwa to m.in. instrukcje i przewodniki dotycz\u0105ce zgodno\u015bci, us\u0142uga odzyskiwania pojazd\u00f3w na zasadzie pay as you go oraz internetowy katalog dostawc\u00f3w.<\/p>\n<p>Kategorie cz\u0142onkostwa obejmuj\u0105:<\/p>\n<ul>\n<li> Cz\u0142onkostwo operatora pojazdu<\/li>\n<li> Cz\u0142onkostwo operatora spoza sektora motoryzacyjnego<\/li>\n<li> Cz\u0142onkostwo pasa\u017cera<\/li>\n<li> Cz\u0142onkostwo w\u0142adz lokalnych<\/li>\n<li> Cz\u0142onkostwo we w\u0142adzach statutowych<\/li>\n<li> Cz\u0142onkostwo w oddziale<\/li>\n<\/ul>\n<p><strong>Kryteria cz\u0142onkostwa:<\/strong><\/p>\n<p>FTA oferuje r\u00f3\u017cne rodzaje cz\u0142onkostwa wymienione poni\u017cej. Nie ma kryteri\u00f3w okre\u015blaj\u0105cych, kto mo\u017ce zosta\u0107 cz\u0142onkiem, ale firmy musz\u0105 mie\u015bci\u0107 si\u0119 w definicji jednego z poni\u017cszych rodzaj\u00f3w dzia\u0142alno\u015bci i zgadza\u0107 si\u0119 na warunki Statutu Stowarzyszenia Transportu Towarowego (Freight Transport Association Ltd.). <\/p>\n<p>W przypadku ka\u017cdej kategorii cz\u0142onkostwa wymagane s\u0105 pewne dodatkowe informacje uzupe\u0142niaj\u0105ce wniosek, jak wskazano poni\u017cej.<\/p>\n<ul>\n<li> Cz\u0142onkostwo operatora pojazdu - liczba obs\u0142ugiwanych pojazd\u00f3w i charakter dzia\u0142alno\u015bci.<\/li>\n<li> Cz\u0142onkostwo w stowarzyszeniu operator\u00f3w innych ni\u017c operatorzy pojazd\u00f3w - charakter dzia\u0142alno\u015bci.<\/li>\n<li> Cz\u0142onkostwo pasa\u017cerskie - roczny obr\u00f3t, charakter dzia\u0142alno\u015bci, liczba obs\u0142ugiwanych pojazd\u00f3w.<\/li>\n<li> Przynale\u017cno\u015b\u0107 do w\u0142adz lokalnych - liczba obs\u0142ugiwanych pojazd\u00f3w i liczba mieszka\u0144c\u00f3w regionu obs\u0142ugiwanego przez w\u0142adze lokalne.<\/li>\n<li> Cz\u0142onkostwo w organie statutowym - liczba obs\u0142ugiwanych pojazd\u00f3w i liczba mieszka\u0144c\u00f3w obs\u0142ugiwanego regionu.<\/li>\n<li> Przynale\u017cno\u015b\u0107 do oddzia\u0142u - liczba obs\u0142ugiwanych pojazd\u00f3w, charakter dzia\u0142alno\u015bci.<\/li>\n<\/ul>\n<p><strong>Przyk\u0142adowe firmy cz\u0142onkowskie<\/strong><\/p>\n<ul>\n<li> <a href=\"https:\/\/moverdb.com\/pl\/stowarzyszenie-sympatykow-brzegu\/\">Stowarzyszenie Portier\u00f3w Brzegowych<\/a><\/li>\n<li> <a href=\"https:\/\/moverdb.com\/pl\/movecorp\/\">Movecorp<\/a><\/li>\n<\/ul>\n<p><strong>Opinie na temat umowy o wolnym handlu:<\/strong><\/p>\n<p>FTA cieszy si\u0119 poparciem wielkich firm bran\u017cowych, takich jak PWC, kt\u00f3ra umieszcza swoj\u0105 nazw\u0119 na corocznych targach. <a href=\"http:\/\/www.pwc.co.uk\/industries\/transport-logistics\/fta-logistics-report-2014.html\" target=\"_blank\" rel=\"noopener\">Raport Stowarzyszenia na rzecz Logistyki Transportu Towarowego<\/a> i opisuje FTA jako \"jedno z najwi\u0119kszych stowarzysze\u0144 handlowych w Wielkiej Brytanii\".<\/p>\n<p>FTA jest wymieniana jako partner do <a href=\"http:\/\/www.csrf.ac.uk\/partner\/freight-transport-association\/\" target=\"_blank\" rel=\"noopener\">Centrum Zr\u00f3wnowa\u017conego Transportu Drogowego Towar\u00f3w<\/a> i wsp\u00f3\u0142pracy w zakresie powi\u0105zanych ze sob\u0105 zagadnie\u0144, takich jak opracowanie cz\u0119\u015bciowego <a href=\"http:\/\/www.osapartnershipgroup.co.uk\/campaign2-fta.html\" target=\"_blank\" rel=\"noopener\">Certyfikat Kompetencji Zawodowych<\/a> z Grup\u0105 Obstrukcyjnego Bezdechu Sennego. FTA jest wymieniona na stronie <a href=\"http:\/\/www.lombard.co.uk\/our-expertise\/commercial-transportation\/industry-associations\/fta\" target=\"_blank\" rel=\"noopener\">strony internetowe wielu<\/a> i jest cz\u0119sto cytowana w przypadku zagadnie\u0144 zwi\u0105zanych z bran\u017c\u0105 logistyczn\u0105.<\/p>\n<p><strong>Strona internetowa:<\/strong> <a href=\"http:\/\/www.fta.co.uk\/\" target=\"_blank\" rel=\"noopener\">http:\/\/www.fta.co.uk\/<\/a><\/p>\n<p><strong>Wi\u0119cej informacji na temat wysy\u0142ki mo\u017cna znale\u017a\u0107 na stronie:<\/strong> <a href=\"https:\/\/moverdb.com\/pl\/przeladunek-w-kontenerach\/\">2018 Stawki i koszty mi\u0119dzynarodowej \u017ceglugi kontenerowej<\/a> oraz <a href=\"https:\/\/moverdb.com\/pl\/spedytor\/\">Spedytor i NVOCC Mi\u0119dzynarodowy Przewodnik po Kosztach i Firmach<\/a><\/p>","protected":false},"excerpt":{"rendered":"<p>The Freight Transport Association (FTA) was set up to represent the interests of logistics companies, whether they are moving goods by sea, air, road or rail. It has been involved in high profile campaigns on issues such as fuel duty and licensing. Key facts about the FTA: The FTA can trace its roots back to [&hellip;]<\/p>\n","protected":false},"author":1,"featured_media":0,"parent":0,"menu_order":0,"comment_status":"closed","ping_status":"closed","template":"","meta":{"_genesis_hide_title":false,"_genesis_hide_breadcrumbs":false,"_genesis_hide_singular_image":false,"_genesis_hide_footer_widgets":false,"_genesis_custom_body_class":"","_genesis_custom_post_class":"","_genesis_layout":"","footnotes":""},"class_list":{"0":"post-448","1":"page","2":"type-page","3":"status-publish","5":"entry"},"_links":{"self":[{"href":"https:\/\/moverdb.com\/pl\/wp-json\/wp\/v2\/pages\/448","targetHints":{"allow":["GET"]}}],"collection":[{"href":"https:\/\/moverdb.com\/pl\/wp-json\/wp\/v2\/pages"}],"about":[{"href":"https:\/\/moverdb.com\/pl\/wp-json\/wp\/v2\/types\/page"}],"author":[{"embeddable":true,"href":"https:\/\/moverdb.com\/pl\/wp-json\/wp\/v2\/users\/1"}],"replies":[{"embeddable":true,"href":"https:\/\/moverdb.com\/pl\/wp-json\/wp\/v2\/comments?post=448"}],"version-history":[{"count":11,"href":"https:\/\/moverdb.com\/pl\/wp-json\/wp\/v2\/pages\/448\/revisions"}],"predecessor-version":[{"id":6213,"href":"https:\/\/moverdb.com\/pl\/wp-json\/wp\/v2\/pages\/448\/revisions\/6213"}],"wp:attachment":[{"href":"https:\/\/moverdb.com\/pl\/wp-json\/wp\/v2\/media?parent=448"}],"curies":[{"name":"wp","href":"https:\/\/api.w.org\/{rel}","templated":true}]}}