{"id":447,"date":"2016-07-05T14:22:52","date_gmt":"2016-07-05T14:22:52","guid":{"rendered":"http:\/\/moverdb.com\/?page_id=447"},"modified":"2026-01-08T14:48:21","modified_gmt":"2026-01-08T14:48:21","slug":"fedemac","status":"publish","type":"page","link":"https:\/\/moverdb.com\/pl\/fedemac\/","title":{"rendered":"Federacja Europejskiego Stowarzyszenia Przewo\u017anik\u00f3w (FEDEMAC) - wyja\u015bnienie"},"content":{"rendered":"<p>Federacja Europejskiego Stowarzyszenia Przewo\u017anik\u00f3w (FEDEMAC) jest organizacj\u0105 europejsk\u0105, kt\u00f3ra zosta\u0142a powo\u0142ana w celu promowania bran\u017cy przeprowadzkowej na poziomie europejskim. Jej cz\u0142onkami s\u0105 przede wszystkim krajowe stowarzyszenia przeprowadzkowe.<\/p>\n<p><strong>Najwa\u017cniejsze fakty o FEDEMAC<\/strong><\/p>\n<ul>\n<li>  Cz\u0142onkami FEDEMAC s\u0105 Krajowe Stowarzyszenia Przeprowadzkowe z siedzib\u0105 w Europie.<\/li>\n<li>  FEDEMAC reprezentuje interesy oko\u0142o 3 000 profesjonalist\u00f3w. <a href=\"https:\/\/moverdb.com\/pl\/moving-companies\/\" data-internallinksmanager029f6b8e52c=\"79\" title=\"25 najlepszych firm przeprowadzek mi\u0119dzynarodowych online\">firmy przeprowadzkowe<\/a>.<\/li>\n<li>  Cz\u0142onkowie znajduj\u0105 si\u0119 w 26 krajach europejskich, z kt\u00f3rych 24 to pa\u0144stwa cz\u0142onkowskie UE. <a href=\"https:\/\/moverdb.com\/pl\/moving-to-switzerland\/\" data-internallinksmanager029f6b8e52c=\"327\" title=\"Przeprowadzka do Szwajcarii? Koszty \u017cycia i wskaz\u00f3wki dotycz\u0105ce relokacji w 2023 r.\">Szwajcaria<\/a> oraz <a href=\"https:\/\/moverdb.com\/pl\/moving-to-norway\/\" data-internallinksmanager029f6b8e52c=\"325\" title=\"Przeprowadzka do Norwegii? Koszty utrzymania i porady dotycz\u0105ce przeprowadzki w 2023 r.\">Norwegia<\/a> s\u0105 r\u00f3wnie\u017c reprezentowane przez FEDEMAC.<\/li>\n<li>  FEDEMAC jest zarz\u0105dzany przez walne zgromadzenie, kt\u00f3re zbiera si\u0119 raz w roku i sk\u0142ada si\u0119 z przedstawicieli cz\u0142onk\u00f3w FEDEMAC (stowarzysze\u0144 cz\u0142onkowskich i bezpo\u015brednio powi\u0105zanych firm cz\u0142onkowskich).<\/li>\n<li>  Znaczna cz\u0119\u015b\u0107 pracy FEDEMAC polega na promowaniu interes\u00f3w cz\u0142onk\u00f3w w Parlamencie Europejskim i Komisji Europejskiej.<\/li>\n<\/ul>\n<p><strong>Profil Federacji Europejskiego Stowarzyszenia Przewo\u017anik\u00f3w:<\/strong><\/p>\n<p>Celem FEDEMAC jest reprezentowanie bran\u017cy ruchomej w Europie, jej problem\u00f3w, potrzeb i cel\u00f3w. Zosta\u0142a ona r\u00f3wnie\u017c stworzona, aby pom\u00f3c w koordynowaniu dzia\u0142a\u0144 jej cz\u0142onk\u00f3w w celu uzyskania maksymalnego wp\u0142ywu w Europie. <\/p>\n<p>Du\u017ca cz\u0119\u015b\u0107 pracy polega na przedstawianiu interes\u00f3w cz\u0142onk\u00f3w w Parlamencie Europejskim i Komisji Europejskiej, a tak\u017ce na wsp\u00f3\u0142pracy z krajowymi stowarzyszeniami przewo\u017anik\u00f3w i innymi organizacjami bran\u017cowymi. <\/p>\n<p>Cz\u0142onkami FEDEMAC s\u0105 g\u0142\u00f3wnie krajowe stowarzyszenia przeprowadzkowe (np. <a href=\"https:\/\/moverdb.com\/pl\/przeprowadzki-miedzynarodowe\/\" target=\"_blank\" rel=\"noopener\">w Wielkiej Brytanii<\/a>cz\u0142onkiem jest <a href=\"https:\/\/moverdb.com\/pl\/british-association-of-removers\/\" target=\"_blank\" rel=\"noopener\">Brytyjskie Stowarzyszenie Przeprowadzek<\/a>), jednak pojedyncze wykwalifikowane firmy przeprowadzkowe mog\u0105 r\u00f3wnie\u017c zosta\u0107 bezpo\u015brednimi partnerami FEDEMAC w przypadku, gdy nie istnieje stowarzyszenie lub istnieje stowarzyszenie, ale nie jest zainteresowane cz\u0142onkostwem w FEDEMAC. <\/p>\n<p>Cz\u0119\u015bci\u0105 roli FEDEMAC jest dostarczanie cz\u0142onkom aktualnych informacji na temat polityki europejskiej. W tym celu FEDEMAC oferuje szereg zasob\u00f3w na swojej stronie internetowej, a tak\u017ce liczne publikacje dla cz\u0142onk\u00f3w, katalog i doroczn\u0105 konferencj\u0119.<\/p>\n<p><strong>Kryteria cz\u0142onkostwa:<\/strong><\/p>\n<p>Cz\u0142onkostwo odbywa si\u0119 za po\u015brednictwem krajowego stowarzyszenia - osoby w <a href=\"https:\/\/moverdb.com\/pl\/moving-to-the-uk\/\" data-internallinksmanager029f6b8e52c=\"93\" title=\"Przeprowadzasz si\u0119 do Wielkiej Brytanii? 2026 Koszty \u017cycia i wskaz\u00f3wki dotycz\u0105ce przeprowadzki\">UK<\/a> kt\u00f3rzy chc\u0105 by\u0107 cz\u0119\u015bci\u0105 FEDEMAC, musieliby do\u0142\u0105czy\u0107 do Brytyjskiego Stowarzyszenia Przeprowadzek.<br \/>\nW wi\u0119kszo\u015bci kraj\u00f3w cz\u0142onkostwo odbywa si\u0119 za po\u015brednictwem krajowego stowarzyszenia przeprowadzkowego.<\/p>\n<p><strong>Przyk\u0142adowe firmy cz\u0142onkowskie<\/strong><\/p>\n<ul>\n<li> <a href=\"https:\/\/moverdb.com\/pl\/matthew-james\/\">Matthew James Globalne Relokacje<\/a><\/li>\n<li> <a href=\"https:\/\/moverdb.com\/pl\/movecorp\/\">Movecorp<\/a><\/li>\n<li> <a href=\"https:\/\/moverdb.com\/pl\/pearson\/\">Pearson Home Moving<\/a><\/li>\n<li> <a href=\"https:\/\/moverdb.com\/pl\/simpsons-removals\/\">Simpsons Przeprowadzki i magazynowanie<\/a><\/li>\n<li> <a href=\"https:\/\/moverdb.com\/pl\/abels-removals\/\">Abels Moving Services<\/a><\/li>\n<li> <a href=\"https:\/\/moverdb.com\/pl\/orzel-relokacje\/\">Przeprowadzki Or\u0142\u00f3w<\/a><\/li>\n<li> <a href=\"https:\/\/moverdb.com\/pl\/btr-international\/\">BTR International<\/a><\/li>\n<li> <a href=\"https:\/\/moverdb.com\/pl\/fn-removals\/\">F&amp;N Przeprowadzki na ca\u0142ym \u015bwiecie<\/a><\/li>\n<li> <a href=\"https:\/\/moverdb.com\/pl\/bolliger\/\">Bolliger<\/a><\/li>\n<li> <a href=\"https:\/\/moverdb.com\/pl\/gil-stauffer\/\">Gil Stauffer<\/a><\/li>\n<li> <a href=\"https:\/\/moverdb.com\/pl\/teletrans\/\">Teletrans<\/a><\/li>\n<\/ul>\n<p><strong>Opinie o FEDEMAC<\/strong><\/p>\n<p>FEDEMAC jest oczywi\u015bcie bardzo wysoko ceniony przez tych, kt\u00f3rzy <a href=\"http:\/\/www.abels.co.uk\/articles\/fedemac-federation-of-european-movers-associations-what-does-this-mean\/\" target=\"_blank\" rel=\"noopener\">kt\u00f3rzy o tym wspominaj\u0105<\/a> i jest postrzegane jako organizacja odgrywaj\u0105ca wa\u017cn\u0105 rol\u0119 w reprezentowaniu interes\u00f3w europejskich firm przeprowadzkowych. Niekt\u00f3rzy przewo\u017anicy informuj\u0105, \u017ce s\u0105 cz\u0142onkami indywidualnymi, a nie cz\u0142onkami Brytyjskiego Stowarzyszenia Przewo\u017anik\u00f3w. Inni podaj\u0105, \u017ce s\u0105 akredytowani przez FEDEMAC, czego ta organizacja nie robi.<\/p>\n<p><strong>Strona internetowa:<\/strong> <a href=\"https:\/\/www.fedemac.eu\" target=\"_blank\" rel=\"noopener\">https:\/\/www.fedemac.eu<\/a><\/p>","protected":false},"excerpt":{"rendered":"<p>The Federation of European Movers Association (FEDEMAC) is a European body that has been established to promote the moving industry on a European level. Its membership is predominantly made up of national moving associations. Key facts about FEDEMAC FEDEMAC membership is made up of National Moving Associations located in Europe. FEDEMAC represents the interests of [&hellip;]<\/p>\n","protected":false},"author":1,"featured_media":0,"parent":0,"menu_order":0,"comment_status":"closed","ping_status":"closed","template":"","meta":{"_genesis_hide_title":false,"_genesis_hide_breadcrumbs":false,"_genesis_hide_singular_image":false,"_genesis_hide_footer_widgets":false,"_genesis_custom_body_class":"","_genesis_custom_post_class":"","_genesis_layout":"","footnotes":""},"class_list":{"0":"post-447","1":"page","2":"type-page","3":"status-publish","5":"entry"},"_links":{"self":[{"href":"https:\/\/moverdb.com\/pl\/wp-json\/wp\/v2\/pages\/447","targetHints":{"allow":["GET"]}}],"collection":[{"href":"https:\/\/moverdb.com\/pl\/wp-json\/wp\/v2\/pages"}],"about":[{"href":"https:\/\/moverdb.com\/pl\/wp-json\/wp\/v2\/types\/page"}],"author":[{"embeddable":true,"href":"https:\/\/moverdb.com\/pl\/wp-json\/wp\/v2\/users\/1"}],"replies":[{"embeddable":true,"href":"https:\/\/moverdb.com\/pl\/wp-json\/wp\/v2\/comments?post=447"}],"version-history":[{"count":21,"href":"https:\/\/moverdb.com\/pl\/wp-json\/wp\/v2\/pages\/447\/revisions"}],"predecessor-version":[{"id":6209,"href":"https:\/\/moverdb.com\/pl\/wp-json\/wp\/v2\/pages\/447\/revisions\/6209"}],"wp:attachment":[{"href":"https:\/\/moverdb.com\/pl\/wp-json\/wp\/v2\/media?parent=447"}],"curies":[{"name":"wp","href":"https:\/\/api.w.org\/{rel}","templated":true}]}}